{"id":19235,"date":"2024-07-16T15:04:56","date_gmt":"2024-07-16T15:04:56","guid":{"rendered":"http:\/\/maldives-paradise.com\/?page_id=19235"},"modified":"2025-10-10T14:18:05","modified_gmt":"2025-10-10T14:18:05","slug":"los-12-resorts-con-el-mejor-arrecife-en-maldivas","status":"publish","type":"page","link":"http:\/\/maldives-paradise.com\/es\/los-12-resorts-con-el-mejor-arrecife-en-maldivas\/","title":{"rendered":"12 complejos tur\u00edsticos con el mejor arrecife en Maldivas"},"content":{"rendered":"<div class=\"wpb-content-wrapper\"><div class=\"vc_row wpb_row vc_row-fluid\"><div class=\"wpb_column vc_column_container vc_col-sm-12\"><div class=\"vc_column-inner\"><div class=\"wpb_wrapper\">\n\t<div class=\"wpb_text_column wpb_content_element\" >\n\t\t<div class=\"wpb_wrapper\">\n\t\t\t<h4>Explorando los mejores arrecifes dom\u00e9sticos de las Maldivas: los mejores complejos tur\u00edsticos para entusiastas del mar<\/h4>\n<p>Entre la gran cantidad de complejos tur\u00edsticos de lujo en las Maldivas, varios se destacan por sus excepcionales arrecifes, que ofrecen a los hu\u00e9spedes la oportunidad de hacer snorkel y bucear directamente desde la orilla. Aqu\u00ed, exploramos los complejos tur\u00edsticos con los mejores arrecifes de las Maldivas, brindando a los entusiastas del mar una experiencia submarina inolvidable. Aqu\u00ed est\u00e1n los mejores resorts con el Best House Reef de Maldivas.<\/p>\n\n\t\t<\/div>\n\t<\/div>\n<\/div><\/div><\/div><\/div><div class=\"vc_row wpb_row vc_row-fluid\"><div class=\"wpb_column vc_column_container vc_col-sm-3\"><div class=\"vc_column-inner\"><div class=\"wpb_wrapper\">\n\t<div  class=\"wpb_single_image wpb_content_element vc_align_left wpb_content_element\">\n\t\t\n\t\t<figure class=\"wpb_wrapper vc_figure\">\n\t\t\t<div class=\"vc_single_image-wrapper   vc_box_border_grey\"><img loading=\"lazy\" decoding=\"async\" width=\"150\" height=\"150\" src=\"https:\/\/maldives-paradise.com\/wp-content\/uploads\/2024\/07\/Anantara-Kihavah-Maldives-Villas-coral-reef-150x150.jpg\" class=\"vc_single_image-img attachment-thumbnail\" alt=\"Anantara Kihavah Maldivas Villas\" title=\"Villas con arrecife de coral en Anantara Kihavah Maldives\" \/><\/div>\n\t\t<\/figure>\n\t<\/div>\n<\/div><\/div><\/div><div class=\"wpb_column vc_column_container vc_col-sm-9\"><div class=\"vc_column-inner\"><div class=\"wpb_wrapper\">\n\t<div class=\"wpb_text_column wpb_content_element\" >\n\t\t<div class=\"wpb_wrapper\">\n\t\t\t<h4><a href=\"https:\/\/lamp.glopss.com\/SHUs\" target=\"_blank\" rel=\"nofollow noopener\">Anantara Kihavah Maldivas Villas<\/a><\/h4>\n<p>Anantara Kihavah Maldives Villas cuenta con un impresionante arrecife repleto de coloridos corales y diversas especies marinas. Ubicado en la Reserva de la Biosfera de la UNESCO del Atol\u00f3n Baa, los hu\u00e9spedes pueden esperar encuentros con mantarrayas, tortugas y una gran cantidad de peces tropicales. El restaurante submarino del resort, SEA, ofrece una experiencia gastron\u00f3mica \u00fanica rodeada de la vibrante vida marina del arrecife de la casa.<\/p>\n\n\t\t<\/div>\n\t<\/div>\n<\/div><\/div><\/div><\/div><div class=\"vc_row wpb_row vc_row-fluid\"><div class=\"wpb_column vc_column_container vc_col-sm-3\"><div class=\"vc_column-inner\"><div class=\"wpb_wrapper\">\n\t<div  class=\"wpb_single_image wpb_content_element vc_align_left wpb_content_element\">\n\t\t\n\t\t<figure class=\"wpb_wrapper vc_figure\">\n\t\t\t<div class=\"vc_single_image-wrapper   vc_box_border_grey\"><img loading=\"lazy\" decoding=\"async\" width=\"150\" height=\"150\" src=\"https:\/\/maldives-paradise.com\/wp-content\/uploads\/2024\/07\/como-cocoa-island-house-reef-150x150.jpg\" class=\"vc_single_image-img attachment-thumbnail\" alt=\"COMO Arrecife de la Isla del Cacao\" title=\"casa-arrecife-en-la-isla-de-como-cacao\" \/><\/div>\n\t\t<\/figure>\n\t<\/div>\n<\/div><\/div><\/div><div class=\"wpb_column vc_column_container vc_col-sm-9\"><div class=\"vc_column-inner\"><div class=\"wpb_wrapper\">\n\t<div class=\"wpb_text_column wpb_content_element\" >\n\t\t<div class=\"wpb_wrapper\">\n\t\t\t<h4><a href=\"https:\/\/lamp.glopss.com\/SHU8\" target=\"_blank\" rel=\"nofollow noopener\">COMO Isla del Cacao<\/a><\/h4>\n<p>COMO Cocoa Island, ubicada en el atol\u00f3n sur de Mal\u00e9, cuenta con un extraordinario arrecife al que se puede acceder f\u00e1cilmente desde las villas sobre el agua del complejo. El arrecife alberga una gran variedad de vida marina, incluidos tiburones de arrecife, rayas y una gran variedad de peces de colores. Se encuentran disponibles excursiones de snorkel y buceo, lo que permite a los hu\u00e9spedes explorar el rico mundo submarino a la vuelta de la esquina.<\/p>\n\n\t\t<\/div>\n\t<\/div>\n<\/div><\/div><\/div><\/div><div class=\"vc_row wpb_row vc_row-fluid\"><div class=\"wpb_column vc_column_container vc_col-sm-3\"><div class=\"vc_column-inner\"><div class=\"wpb_wrapper\">\n\t<div  class=\"wpb_single_image wpb_content_element vc_align_left wpb_content_element\">\n\t\t\n\t\t<figure class=\"wpb_wrapper vc_figure\">\n\t\t\t<div class=\"vc_single_image-wrapper   vc_box_border_grey\"><img loading=\"lazy\" decoding=\"async\" width=\"150\" height=\"150\" src=\"https:\/\/maldives-paradise.com\/wp-content\/uploads\/2024\/07\/hideaway-beach-coral-reef-150x150.jpg\" class=\"vc_single_image-img attachment-thumbnail\" alt=\"Hideaway Beach Resort &amp; Spa casa arrecife\" title=\"Playa escondida en un arrecife de coral\" \/><\/div>\n\t\t<\/figure>\n\t<\/div>\n<\/div><\/div><\/div><div class=\"wpb_column vc_column_container vc_col-sm-9\"><div class=\"vc_column-inner\"><div class=\"wpb_wrapper\">\n\t<div class=\"wpb_text_column wpb_content_element\" >\n\t\t<div class=\"wpb_wrapper\">\n\t\t\t<h4><a href=\"https:\/\/lamp.glopss.com\/aff_c?offer_id=1384&amp;aff_id=1834\" target=\"_blank\" rel=\"nofollow noopener\">Hideaway Beach Resort &amp; Spa<\/a><\/h4>\n<p>Hideaway Beach Resort &amp; Spa, situado en el atol\u00f3n Haa Alifu, ofrece una experiencia excepcional en el arrecife. El arrecife de coral rodea la isla y proporciona f\u00e1cil acceso a los entusiastas del snorkel. Los buceadores pueden explorar el cercano &quot;Pa\u00eds de las maravillas submarinas del atol\u00f3n Haa Alifu&quot;, famoso por sus pr\u00edstinas formaciones de coral y diversas especies marinas, incluidas barracudas, peces le\u00f3n y morenas.<\/p>\n\n\t\t<\/div>\n\t<\/div>\n<\/div><\/div><\/div><\/div><div class=\"vc_row wpb_row vc_row-fluid\"><div class=\"wpb_column vc_column_container vc_col-sm-3\"><div class=\"vc_column-inner\"><div class=\"wpb_wrapper\">\n\t<div  class=\"wpb_single_image wpb_content_element vc_align_left wpb_content_element\">\n\t\t\n\t\t<figure class=\"wpb_wrapper vc_figure\">\n\t\t\t<div class=\"vc_single_image-wrapper   vc_box_border_grey\"><img loading=\"lazy\" decoding=\"async\" width=\"150\" height=\"150\" src=\"https:\/\/maldives-paradise.com\/wp-content\/uploads\/2024\/07\/baros-coral-reef-150x150.jpg\" class=\"vc_single_image-img attachment-thumbnail\" alt=\"Arrecife de la casa de Baros Maldives\" title=\"arrecife de coral de baros\" \/><\/div>\n\t\t<\/figure>\n\t<\/div>\n<\/div><\/div><\/div><div class=\"wpb_column vc_column_container vc_col-sm-9\"><div class=\"vc_column-inner\"><div class=\"wpb_wrapper\">\n\t<div class=\"wpb_text_column wpb_content_element\" >\n\t\t<div class=\"wpb_wrapper\">\n\t\t\t<h4><a href=\"https:\/\/lamp.glopss.com\/SHUm\" target=\"_blank\" rel=\"nofollow noopener\">Baros Maldivas<\/a><\/h4>\n<p>Baros Maldives, un lujoso resort boutique, es famoso por su vibrante arrecife ubicado a solo unos metros de la costa. El arrecife es un para\u00edso para los buceadores y buceadores, ya que cuenta con impresionantes jardines de coral y una gran cantidad de vida marina, incluidas tortugas, tiburones de arrecife y una gran variedad de peces tropicales. El resort ofrece tours guiados de snorkel e inmersiones nocturnas para una experiencia submarina \u00fanica.<\/p>\n\n\t\t<\/div>\n\t<\/div>\n<\/div><\/div><\/div><\/div><div class=\"vc_row wpb_row vc_row-fluid\"><div class=\"wpb_column vc_column_container vc_col-sm-3\"><div class=\"vc_column-inner\"><div class=\"wpb_wrapper\">\n\t<div  class=\"wpb_single_image wpb_content_element vc_align_left wpb_content_element\">\n\t\t\n\t\t<figure class=\"wpb_wrapper vc_figure\">\n\t\t\t<div class=\"vc_single_image-wrapper   vc_box_border_grey\"><img loading=\"lazy\" decoding=\"async\" width=\"150\" height=\"150\" src=\"https:\/\/maldives-paradise.com\/wp-content\/uploads\/2024\/07\/oblu-nature-helengeli-coral-reef-150x150.jpg\" class=\"vc_single_image-img attachment-thumbnail\" alt=\"Arrecife de la casa Oblu Nature Helengeli\" title=\"oblu-naturaleza-helengeli-arrecife-de-coral\" \/><\/div>\n\t\t<\/figure>\n\t<\/div>\n<\/div><\/div><\/div><div class=\"wpb_column vc_column_container vc_col-sm-9\"><div class=\"vc_column-inner\"><div class=\"wpb_wrapper\">\n\t<div class=\"wpb_text_column wpb_content_element\" >\n\t\t<div class=\"wpb_wrapper\">\n\t\t\t<h4><a href=\"https:\/\/trip.tpo.lv\/WIqOrYJZ\" target=\"_blank\" rel=\"nofollow noopener\">Oblu Naturaleza Helengeli<\/a><\/h4>\n<p>Oblu Nature Helengeli, ubicada en el atol\u00f3n norte de Mal\u00e9, es famosa por su rico arrecife que atrae tanto a buceadores como a practicantes de snorkel. El arrecife alberga una variedad de especies marinas, incluidos tiburones nodriza, jureles gigantes y rayas. El centro de buceo certificado PADI del complejo ofrece una variedad de cursos y excursiones para explorar el vibrante mundo submarino.<\/p>\n\n\t\t<\/div>\n\t<\/div>\n<\/div><\/div><\/div><\/div><div class=\"vc_row wpb_row vc_row-fluid\"><div class=\"wpb_column vc_column_container vc_col-sm-3\"><div class=\"vc_column-inner\"><div class=\"wpb_wrapper\">\n\t<div  class=\"wpb_single_image wpb_content_element vc_align_left wpb_content_element\">\n\t\t\n\t\t<figure class=\"wpb_wrapper vc_figure\">\n\t\t\t<div class=\"vc_single_image-wrapper   vc_box_border_grey\"><img loading=\"lazy\" decoding=\"async\" width=\"150\" height=\"150\" src=\"https:\/\/maldives-paradise.com\/wp-content\/uploads\/2024\/07\/hurawalhi-diving-prodivers-coral-reef-150x150.jpg\" class=\"vc_single_image-img attachment-thumbnail\" alt=\"Arrecife de la casa del Hurawalhi Island Resort\" title=\"hurawalhi-buceo-proveedores-arrecife-de-coral\" \/><\/div>\n\t\t<\/figure>\n\t<\/div>\n<\/div><\/div><\/div><div class=\"wpb_column vc_column_container vc_col-sm-9\"><div class=\"vc_column-inner\"><div class=\"wpb_wrapper\">\n\t<div class=\"wpb_text_column wpb_content_element\" >\n\t\t<div class=\"wpb_wrapper\">\n\t\t\t<h4><a href=\"https:\/\/hotellook.tp.st\/6FluoLuO\" target=\"_blank\" rel=\"nofollow noopener\">Isla Hurawalhi Resort<\/a><\/h4>\n<p>Hurawalhi Island Resort, situado en el atol\u00f3n Lhaviyani, ofrece un impresionante arrecife al que se puede acceder f\u00e1cilmente para practicar snorkel. El arrecife alberga una gran variedad de vida marina, incluidas mantarrayas, tiburones y coloridos corales. El restaurante 5.8 Undersea del complejo ofrece una experiencia gastron\u00f3mica \u00fanica rodeado de las maravillas marinas del arrecife local.<\/p>\n\n\t\t<\/div>\n\t<\/div>\n<\/div><\/div><\/div><\/div><div class=\"vc_row wpb_row vc_row-fluid\"><div class=\"wpb_column vc_column_container vc_col-sm-3\"><div class=\"vc_column-inner\"><div class=\"wpb_wrapper\">\n\t<div  class=\"wpb_single_image wpb_content_element vc_align_left wpb_content_element\">\n\t\t\n\t\t<figure class=\"wpb_wrapper vc_figure\">\n\t\t\t<div class=\"vc_single_image-wrapper   vc_box_border_grey\"><img loading=\"lazy\" decoding=\"async\" width=\"150\" height=\"150\" src=\"https:\/\/maldives-paradise.com\/wp-content\/uploads\/2024\/07\/kandolhu-maldives-coral-reef-150x150.jpg\" class=\"vc_single_image-img attachment-thumbnail\" alt=\"Arrecife casero de Kandolhu Maldivas\" title=\"Kandolhu, Maldivas, arrecife de coral\" \/><\/div>\n\t\t<\/figure>\n\t<\/div>\n<\/div><\/div><\/div><div class=\"wpb_column vc_column_container vc_col-sm-9\"><div class=\"vc_column-inner\"><div class=\"wpb_wrapper\">\n\t<div class=\"wpb_text_column wpb_content_element\" >\n\t\t<div class=\"wpb_wrapper\">\n\t\t\t<h4><a href=\"https:\/\/lamp.glopss.com\/SHUW\" target=\"_blank\" rel=\"nofollow noopener\">Kandolhu Maldivas<\/a><\/h4>\n<p>Kandolhu Maldives, ubicado en el atol\u00f3n Ari Norte, es un complejo peque\u00f1o pero impresionante con un arrecife excepcional. El arrecife est\u00e1 a solo un corto trayecto nadando desde la costa, lo que ofrece a los hu\u00e9spedes la oportunidad de explorar vibrantes jardines de coral y encontrar vida marina como tortugas, tiburones de arrecife y peces an\u00e9mona. El complejo tambi\u00e9n ofrece visitas guiadas de snorkel y excursiones de buceo.<\/p>\n\n\t\t<\/div>\n\t<\/div>\n<\/div><\/div><\/div><\/div><div class=\"vc_row wpb_row vc_row-fluid\"><div class=\"wpb_column vc_column_container vc_col-sm-3\"><div class=\"vc_column-inner\"><div class=\"wpb_wrapper\">\n\t<div  class=\"wpb_single_image wpb_content_element vc_align_left wpb_content_element\">\n\t\t\n\t\t<figure class=\"wpb_wrapper vc_figure\">\n\t\t\t<div class=\"vc_single_image-wrapper   vc_box_border_grey\"><img loading=\"lazy\" decoding=\"async\" width=\"150\" height=\"150\" src=\"https:\/\/maldives-paradise.com\/wp-content\/uploads\/2024\/07\/vakkaru-maldives-coral-reefs-150x150.jpg\" class=\"vc_single_image-img attachment-thumbnail\" alt=\"Arrecife de coral de Vakkaru Maldivas\" title=\"arrecifes de coral de vakkaru-maldivas\" \/><\/div>\n\t\t<\/figure>\n\t<\/div>\n<\/div><\/div><\/div><div class=\"wpb_column vc_column_container vc_col-sm-9\"><div class=\"vc_column-inner\"><div class=\"wpb_wrapper\">\n\t<div class=\"wpb_text_column wpb_content_element\" >\n\t\t<div class=\"wpb_wrapper\">\n\t\t\t<h4><a href=\"https:\/\/lamp.glopss.com\/SHVx\" target=\"_blank\" rel=\"nofollow noopener\">Vakkaru Maldivas<\/a><\/h4>\n<p>Vakkaru Maldives, situada en el atol\u00f3n de Baa, cuenta con un hermoso arrecife que es perfecto para practicar snorkel y buceo. El arrecife alberga una variedad de especies marinas, incluidas rayas \u00e1guila, tortugas y una gran variedad de peces de colores. El complejo ofrece visitas guiadas de snorkel y excursiones de buceo para explorar las maravillas submarinas del atol\u00f3n Baa.<\/p>\n\n\t\t<\/div>\n\t<\/div>\n<\/div><\/div><\/div><\/div><div class=\"vc_row wpb_row vc_row-fluid\"><div class=\"wpb_column vc_column_container vc_col-sm-3\"><div class=\"vc_column-inner\"><div class=\"wpb_wrapper\">\n\t<div  class=\"wpb_single_image wpb_content_element vc_align_left wpb_content_element\">\n\t\t\n\t\t<figure class=\"wpb_wrapper vc_figure\">\n\t\t\t<div class=\"vc_single_image-wrapper   vc_box_border_grey\"><img loading=\"lazy\" decoding=\"async\" width=\"150\" height=\"150\" src=\"https:\/\/maldives-paradise.com\/wp-content\/uploads\/2024\/07\/Kuredu-house-reef-2-150x150.jpg\" class=\"vc_single_image-img attachment-thumbnail\" alt=\"Arrecife de la casa Kuredu Island Resort &amp; Spa\" title=\"Casa Kuredu en el arrecife 2\" \/><\/div>\n\t\t<\/figure>\n\t<\/div>\n<\/div><\/div><\/div><div class=\"wpb_column vc_column_container vc_col-sm-9\"><div class=\"vc_column-inner\"><div class=\"wpb_wrapper\">\n\t<div class=\"wpb_text_column wpb_content_element\" >\n\t\t<div class=\"wpb_wrapper\">\n\t\t\t<h4><a href=\"https:\/\/lamp.glopss.com\/SHUf\" target=\"_blank\" rel=\"nofollow noopener\">Kuredu Island Resort &amp; Spa<\/a><\/h4>\n<p>Kuredu Island Resort &amp; Spa, ubicado en el atol\u00f3n Lhaviyani, ofrece una fant\u00e1stica experiencia en el arrecife para los hu\u00e9spedes. El arrecife alberga una gran variedad de vida marina, incluidas tortugas, rayas y tiburones de arrecife. El centro de buceo del complejo ofrece una variedad de cursos y excursiones que permiten a los hu\u00e9spedes explorar la belleza submarina del atol\u00f3n.<\/p>\n\n\t\t<\/div>\n\t<\/div>\n<\/div><\/div><\/div><\/div><div class=\"vc_row wpb_row vc_row-fluid\"><div class=\"wpb_column vc_column_container vc_col-sm-3\"><div class=\"vc_column-inner\"><div class=\"wpb_wrapper\">\n\t<div  class=\"wpb_single_image wpb_content_element vc_align_left wpb_content_element\">\n\t\t\n\t\t<figure class=\"wpb_wrapper vc_figure\">\n\t\t\t<div class=\"vc_single_image-wrapper   vc_box_border_grey\"><img loading=\"lazy\" decoding=\"async\" width=\"150\" height=\"150\" src=\"https:\/\/maldives-paradise.com\/wp-content\/uploads\/2024\/07\/centara-grand-maldives-coral-reef-150x150.jpeg\" class=\"vc_single_image-img attachment-thumbnail\" alt=\"Arrecife de la casa Centara Grand Island Resort and Spa\" title=\"Centara-Grand-Maldivas-Arrecife-de-Coral\" \/><\/div>\n\t\t<\/figure>\n\t<\/div>\n<\/div><\/div><\/div><div class=\"wpb_column vc_column_container vc_col-sm-9\"><div class=\"vc_column-inner\"><div class=\"wpb_wrapper\">\n\t<div class=\"wpb_text_column wpb_content_element\" >\n\t\t<div class=\"wpb_wrapper\">\n\t\t\t<h4><a href=\"https:\/\/lamp.glopss.com\/aff_c?offer_id=1442&amp;aff_id=1834&amp;url=https%3A%2F%2Fwww.centarahotelsresorts.com%2Fcentaragrand%2Fcirm\" target=\"_blank\" rel=\"nofollow noopener\">Centara Grand Island Resort y Spa<\/a><\/h4>\n<p>Centara Grand Island Resort and Spa, situado en el atol\u00f3n South Ari, cuenta con un impresionante arrecife que es ideal para practicar snorkel y buceo. El arrecife est\u00e1 repleto de vida marina, incluidos tiburones ballena, mantarrayas y coloridos corales. El complejo ofrece visitas guiadas de snorkel y excursiones de buceo para explorar la rica biodiversidad marina del atol\u00f3n South Ari.<\/p>\n\n\t\t<\/div>\n\t<\/div>\n<\/div><\/div><\/div><\/div><div class=\"vc_row wpb_row vc_row-fluid\"><div class=\"wpb_column vc_column_container vc_col-sm-3\"><div class=\"vc_column-inner\"><div class=\"wpb_wrapper\">\n\t<div  class=\"wpb_single_image wpb_content_element vc_align_left wpb_content_element\">\n\t\t\n\t\t<figure class=\"wpb_wrapper vc_figure\">\n\t\t\t<div class=\"vc_single_image-wrapper   vc_box_border_grey\"><img loading=\"lazy\" decoding=\"async\" width=\"150\" height=\"150\" src=\"https:\/\/maldives-paradise.com\/wp-content\/uploads\/2024\/07\/mirihi-project-hope-coral-reef-150x150.jpg\" class=\"vc_single_image-img attachment-thumbnail\" alt=\"Arrecife de la casa de Mirihi Island Resort\" title=\"Proyecto Mirihi: Esperanza, arrecife de coral\" \/><\/div>\n\t\t<\/figure>\n\t<\/div>\n<\/div><\/div><\/div><div class=\"wpb_column vc_column_container vc_col-sm-9\"><div class=\"vc_column-inner\"><div class=\"wpb_wrapper\">\n\t<div class=\"wpb_text_column wpb_content_element\" >\n\t\t<div class=\"wpb_wrapper\">\n\t\t\t<h4><a href=\"https:\/\/trip.tpo.lv\/eo4xHL7L\" target=\"_blank\" rel=\"nofollow noopener\">Complejo tur\u00edstico en la isla Mirihi<\/a><\/h4>\n<p>Mirihi Island Resort, ubicado en el atol\u00f3n South Ari, es famoso por su pr\u00edstino arrecife que es perfecto para practicar snorkel. El arrecife alberga una variedad de especies marinas, incluidas tortugas, tiburones de arrecife y una gran variedad de peces de colores. El complejo ofrece visitas guiadas de snorkel y excursiones de buceo para explorar las maravillas submarinas del atol\u00f3n.<\/p>\n\n\t\t<\/div>\n\t<\/div>\n<\/div><\/div><\/div><\/div><div class=\"vc_row wpb_row vc_row-fluid\"><div class=\"wpb_column vc_column_container vc_col-sm-3\"><div class=\"vc_column-inner\"><div class=\"wpb_wrapper\">\n\t<div  class=\"wpb_single_image wpb_content_element vc_align_left wpb_content_element\">\n\t\t\n\t\t<figure class=\"wpb_wrapper vc_figure\">\n\t\t\t<div class=\"vc_single_image-wrapper   vc_box_border_grey\"><img loading=\"lazy\" decoding=\"async\" width=\"150\" height=\"150\" src=\"https:\/\/maldives-paradise.com\/wp-content\/uploads\/2024\/07\/Park-hyatt-hadahaa-house-reef-150x150.jpg\" class=\"vc_single_image-img attachment-thumbnail\" alt=\"Park Hyatt Maldives Casa Arrecife Hadahaa\" title=\"Casa-parque-hyatt-hadahaa-reef\" \/><\/div>\n\t\t<\/figure>\n\t<\/div>\n<\/div><\/div><\/div><div class=\"wpb_column vc_column_container vc_col-sm-9\"><div class=\"vc_column-inner\"><div class=\"wpb_wrapper\">\n\t<div class=\"wpb_text_column wpb_content_element\" >\n\t\t<div class=\"wpb_wrapper\">\n\t\t\t<h4><a href=\"https:\/\/trip.tpo.lv\/VgLltNfb\" target=\"_blank\" rel=\"nofollow noopener\">Park Hyatt Maldives Hadahaa<\/a><\/h4>\n<p>Park Hyatt Maldives Hadahaa, situado en el atol\u00f3n Huvadhoo, cuenta con un arrecife excepcional que es ideal para practicar snorkel y buceo. El arrecife alberga una gran variedad de vida marina, incluidas tortugas, tiburones de arrecife y coloridos corales. El complejo ofrece visitas guiadas de snorkel y excursiones de buceo para explorar la belleza submarina del atol\u00f3n.<\/p>\n\n\t\t<\/div>\n\t<\/div>\n<\/div><\/div><\/div><\/div><div class=\"vc_row wpb_row vc_row-fluid\"><div class=\"wpb_column vc_column_container vc_col-sm-12\"><div class=\"vc_column-inner\"><div class=\"wpb_wrapper\">\n\t<div class=\"wpb_text_column wpb_content_element\" >\n\t\t<div class=\"wpb_wrapper\">\n\t\t\t<p><strong>Conclusi\u00f3n<\/strong><\/p>\n<p>Las Maldivas son un para\u00edso para los entusiastas del mar y ofrecen algunos de los mejores arrecifes dom\u00e9sticos del mundo. Cada uno de estos complejos brinda a los hu\u00e9spedes oportunidades \u00fanicas para explorar vibrantes jardines de coral, encontrar diversas especies marinas y disfrutar de la belleza natural del mundo submarino. Ya sea que sea un \u00e1vido buceador o un buceador ocasional, estos complejos tur\u00edsticos con los mejores arrecifes ofrecen experiencias inolvidables que muestran la impresionante biodiversidad marina de las Maldivas.<\/p>\n\n\t\t<\/div>\n\t<\/div>\n<\/div><\/div><\/div><\/div><div class=\"vc_row wpb_row vc_row-fluid\"><div class=\"wpb_column vc_column_container vc_col-sm-12\"><div class=\"vc_column-inner\"><div class=\"wpb_wrapper\">\n\t<div class=\"wpb_text_column wpb_content_element\" >\n\t\t<div class=\"wpb_wrapper\">\n\t\t\t<p><a title=\"Los mejores complejos tur\u00edsticos de buceo en las Maldivas\" href=\"https:\/\/maldives-paradise.com\/es\/los-12-mejores-resorts-de-buceo-en-las-maldivas\/\">Los mejores resorts de buceo en las Maldivas<\/a><\/p>\n<p><a href=\"https:\/\/maldives-paradise.com\/es\/categoria\/consejos-2\/buceo-y-snorkel\/\">Buceo y snorkel en las Maldivas<\/a><\/p>\n\n\t\t<\/div>\n\t<\/div>\n<\/div><\/div><\/div><\/div>\n<\/div>","protected":false},"excerpt":{"rendered":"<div class=\"mh-excerpt\"><\/div>","protected":false},"author":1,"featured_media":19238,"parent":0,"menu_order":0,"comment_status":"closed","ping_status":"closed","template":"","meta":{"footnotes":""},"class_list":["post-19235","page","type-page","status-publish","has-post-thumbnail"],"aioseo_notices":[],"_links":{"self":[{"href":"http:\/\/maldives-paradise.com\/es\/wp-json\/wp\/v2\/pages\/19235","targetHints":{"allow":["GET"]}}],"collection":[{"href":"http:\/\/maldives-paradise.com\/es\/wp-json\/wp\/v2\/pages"}],"about":[{"href":"http:\/\/maldives-paradise.com\/es\/wp-json\/wp\/v2\/types\/page"}],"author":[{"embeddable":true,"href":"http:\/\/maldives-paradise.com\/es\/wp-json\/wp\/v2\/users\/1"}],"replies":[{"embeddable":true,"href":"http:\/\/maldives-paradise.com\/es\/wp-json\/wp\/v2\/comments?post=19235"}],"version-history":[{"count":6,"href":"http:\/\/maldives-paradise.com\/es\/wp-json\/wp\/v2\/pages\/19235\/revisions"}],"predecessor-version":[{"id":43476,"href":"http:\/\/maldives-paradise.com\/es\/wp-json\/wp\/v2\/pages\/19235\/revisions\/43476"}],"wp:featuredmedia":[{"embeddable":true,"href":"http:\/\/maldives-paradise.com\/es\/wp-json\/wp\/v2\/media\/19238"}],"wp:attachment":[{"href":"http:\/\/maldives-paradise.com\/es\/wp-json\/wp\/v2\/media?parent=19235"}],"curies":[{"name":"gracias","href":"https:\/\/api.w.org\/{rel}","templated":true}]}}