{"id":16730,"date":"2024-06-05T13:39:26","date_gmt":"2024-06-05T13:39:26","guid":{"rendered":"http:\/\/maldives-paradise.com\/?page_id=16730"},"modified":"2025-02-22T18:12:03","modified_gmt":"2025-02-22T18:12:03","slug":"los-mejores-resorts-de-lujo-en-el-atolon-sur-de-male","status":"publish","type":"page","link":"http:\/\/maldives-paradise.com\/es\/los-mejores-resorts-de-lujo-en-el-atolon-sur-de-male\/","title":{"rendered":"Los mejores complejos tur\u00edsticos de lujo en el atol\u00f3n sur de Mal\u00e9"},"content":{"rendered":"<div class=\"wpb-content-wrapper\"><div class=\"vc_row wpb_row vc_row-fluid\"><div class=\"wpb_column vc_column_container vc_col-sm-12\"><div class=\"vc_column-inner\"><div class=\"wpb_wrapper\">\n\t<div class=\"wpb_text_column wpb_content_element\" >\n\t\t<div class=\"wpb_wrapper\">\n\t\t\t<p>Las Maldivas, un para\u00edso tropical conocido por sus impresionantes bungalows sobre el agua, sus playas v\u00edrgenes y su vibrante vida marina, son uno de los principales destinos para los viajeros de lujo. <strong>Atol\u00f3n sur de Mal\u00e9<\/strong>, en particular, ofrece una variedad de resorts de alta gama que atienden a quienes buscan lo \u00faltimo en relajaci\u00f3n y lujo. Aqu\u00ed, exploramos los mejores resorts de lujo en el atol\u00f3n sur de Mal\u00e9, cada uno de ellos conocido por sus caracter\u00edsticas \u00fanicas y su servicio excepcional.<\/p>\n\n\t\t<\/div>\n\t<\/div>\n<\/div><\/div><\/div><\/div><div class=\"vc_row wpb_row vc_row-fluid\"><div class=\"wpb_column vc_column_container vc_col-sm-12\"><div class=\"vc_column-inner\"><div class=\"wpb_wrapper\">\n\t<div  class=\"wpb_single_image wpb_content_element vc_align_left wpb_content_element\">\n\t\t<h2 class=\"wpb_heading wpb_singleimage_heading\">Anantara Veli Maldivas Resort<\/h2>\n\t\t<figure class=\"wpb_wrapper vc_figure\">\n\t\t\t<div class=\"vc_single_image-wrapper   vc_box_border_grey\"><img loading=\"lazy\" decoding=\"async\" width=\"780\" height=\"520\" src=\"https:\/\/maldives-paradise.com\/wp-content\/uploads\/2024\/06\/anatara-veli3.jpg\" class=\"vc_single_image-img attachment-large\" alt=\"Anantara Veli Maldivas Resort\" title=\"anatara-veli3\" srcset=\"https:\/\/maldives-paradise.com\/wp-content\/uploads\/2024\/06\/anatara-veli3.jpg 780w, https:\/\/maldives-paradise.com\/wp-content\/uploads\/2024\/06\/anatara-veli3-300x200.jpg 300w, https:\/\/maldives-paradise.com\/wp-content\/uploads\/2024\/06\/anatara-veli3-768x512.jpg 768w, https:\/\/maldives-paradise.com\/wp-content\/uploads\/2024\/06\/anatara-veli3-18x12.jpg 18w, https:\/\/maldives-paradise.com\/wp-content\/uploads\/2024\/06\/anatara-veli3-500x333.jpg 500w\" sizes=\"auto, (max-width: 780px) 100vw, 780px\" \/><\/div>\n\t\t<\/figure>\n\t<\/div>\n<\/div><\/div><\/div><\/div><div class=\"vc_row wpb_row vc_row-fluid\"><div class=\"wpb_column vc_column_container vc_col-sm-12\"><div class=\"vc_column-inner\"><div class=\"wpb_wrapper\">\n\t<div class=\"wpb_text_column wpb_content_element\" >\n\t\t<div class=\"wpb_wrapper\">\n\t\t\t<h4><a href=\"http:\/\/maldives-paradise.com\/es\/anantara-veli-resort-y-spa\/\">Anantara Veli Maldivas Resort<\/a><\/h4>\n<p>Anantara Veli Maldives Resort es un santuario solo para adultos que promete tranquilidad y romance. El complejo cuenta con 67 bungalows sobre el agua y el oc\u00e9ano, cada uno de ellos elegantemente dise\u00f1ado con comodidades modernas y toques tradicionales. Los hu\u00e9spedes pueden disfrutar de una excelente cena en el restaurante tailand\u00e9s Baan Huraa o disfrutar de la cocina fusi\u00f3n en Origami. The Balance Wellness by Anantara ofrece una variedad de tratamientos y programas de bienestar, lo que lo convierte en un retiro perfecto para parejas.<\/p>\n\n\t\t<\/div>\n\t<\/div>\n<\/div><\/div><\/div><\/div><div class=\"vc_row wpb_row vc_row-fluid\"><div class=\"wpb_column vc_column_container vc_col-sm-12\"><div class=\"vc_column-inner\"><div class=\"wpb_wrapper\">\n\t<div  class=\"wpb_single_image wpb_content_element vc_align_left wpb_content_element\">\n\t\t<h2 class=\"wpb_heading wpb_singleimage_heading\">Isla Privada Naladhu Maldivas<\/h2>\n\t\t<figure class=\"wpb_wrapper vc_figure\">\n\t\t\t<div class=\"vc_single_image-wrapper   vc_box_border_grey\"><img loading=\"lazy\" decoding=\"async\" width=\"780\" height=\"393\" src=\"https:\/\/maldives-paradise.com\/wp-content\/uploads\/2024\/06\/naladhu-private-island-maldives-14.jpg\" class=\"vc_single_image-img attachment-large\" alt=\"Isla Privada Naladhu Maldivas\" title=\"naladhu-isla-privada-maldivas-14\" srcset=\"https:\/\/maldives-paradise.com\/wp-content\/uploads\/2024\/06\/naladhu-private-island-maldives-14.jpg 780w, https:\/\/maldives-paradise.com\/wp-content\/uploads\/2024\/06\/naladhu-private-island-maldives-14-300x151.jpg 300w, https:\/\/maldives-paradise.com\/wp-content\/uploads\/2024\/06\/naladhu-private-island-maldives-14-768x387.jpg 768w, https:\/\/maldives-paradise.com\/wp-content\/uploads\/2024\/06\/naladhu-private-island-maldives-14-18x9.jpg 18w, https:\/\/maldives-paradise.com\/wp-content\/uploads\/2024\/06\/naladhu-private-island-maldives-14-500x252.jpg 500w\" sizes=\"auto, (max-width: 780px) 100vw, 780px\" \/><\/div>\n\t\t<\/figure>\n\t<\/div>\n<\/div><\/div><\/div><\/div><div class=\"vc_row wpb_row vc_row-fluid\"><div class=\"wpb_column vc_column_container vc_col-sm-12\"><div class=\"vc_column-inner\"><div class=\"wpb_wrapper\">\n\t<div class=\"wpb_text_column wpb_content_element\" >\n\t\t<div class=\"wpb_wrapper\">\n\t\t\t<h4><a href=\"http:\/\/maldives-paradise.com\/es\/isla-privada-naladhu\/\">Isla Privada Naladhu Maldivas<\/a><\/h4>\n<p>Naladhu Private Island Maldives ofrece una escapada exclusiva e \u00edntima con solo 20 casas, cada una con piscina privada y acceso directo a la playa. El complejo se enorgullece de su servicio personalizado y cada casa tiene un mayordomo dedicado. El restaurante Living Room ofrece experiencias gastron\u00f3micas gourmet, mientras que el spa ofrece tratamientos personalizados. El aislamiento de la isla y sus lujosas comodidades la hacen ideal para una escapada rom\u00e1ntica en el atol\u00f3n sur de Mal\u00e9.<\/p>\n\n\t\t<\/div>\n\t<\/div>\n<\/div><\/div><\/div><\/div><div class=\"vc_row wpb_row vc_row-fluid\"><div class=\"wpb_column vc_column_container vc_col-sm-12\"><div class=\"vc_column-inner\"><div class=\"wpb_wrapper\">\n\t<div  class=\"wpb_single_image wpb_content_element vc_align_left wpb_content_element\">\n\t\t<h2 class=\"wpb_heading wpb_singleimage_heading\">Velassaru Maldivas<\/h2>\n\t\t<figure class=\"wpb_wrapper vc_figure\">\n\t\t\t<div class=\"vc_single_image-wrapper   vc_box_border_grey\"><img loading=\"lazy\" decoding=\"async\" width=\"780\" height=\"519\" src=\"https:\/\/maldives-paradise.com\/wp-content\/uploads\/2024\/06\/velassaru-maldives_3.jpg\" class=\"vc_single_image-img attachment-large\" alt=\"Velassaru Maldivas\" title=\"velassaru-maldivas_3\" srcset=\"https:\/\/maldives-paradise.com\/wp-content\/uploads\/2024\/06\/velassaru-maldives_3.jpg 780w, https:\/\/maldives-paradise.com\/wp-content\/uploads\/2024\/06\/velassaru-maldives_3-300x200.jpg 300w, https:\/\/maldives-paradise.com\/wp-content\/uploads\/2024\/06\/velassaru-maldives_3-768x511.jpg 768w, https:\/\/maldives-paradise.com\/wp-content\/uploads\/2024\/06\/velassaru-maldives_3-18x12.jpg 18w, https:\/\/maldives-paradise.com\/wp-content\/uploads\/2024\/06\/velassaru-maldives_3-500x333.jpg 500w\" sizes=\"auto, (max-width: 780px) 100vw, 780px\" \/><\/div>\n\t\t<\/figure>\n\t<\/div>\n<\/div><\/div><\/div><\/div><div class=\"vc_row wpb_row vc_row-fluid\"><div class=\"wpb_column vc_column_container vc_col-sm-12\"><div class=\"vc_column-inner\"><div class=\"wpb_wrapper\">\n\t<div class=\"wpb_text_column wpb_content_element\" >\n\t\t<div class=\"wpb_wrapper\">\n\t\t\t<h4><a href=\"http:\/\/maldives-paradise.com\/es\/velassaru-maldivas\/\">Velassaru Maldivas<\/a><\/h4>\n<p>Velassaru Maldives combina el estilo contempor\u00e1neo con la belleza natural y ofrece 129 villas y bungalows frente a la playa y sobre el agua. Los cinco restaurantes del complejo, incluidos Sand y Teppanyaki, ofrecen diversas delicias culinarias. El spa sobre el agua de Velassaru ofrece una variedad de tratamientos con impresionantes vistas al mar. La piscina infinita y el vibrante arrecife de la casa se suman al atractivo del complejo, convirti\u00e9ndolo en uno de los favoritos entre los viajeros de lujo.<\/p>\n\n\t\t<\/div>\n\t<\/div>\n<\/div><\/div><\/div><\/div><div class=\"vc_row wpb_row vc_row-fluid\"><div class=\"wpb_column vc_column_container vc_col-sm-12\"><div class=\"vc_column-inner\"><div class=\"wpb_wrapper\">\n\t<div  class=\"wpb_single_image wpb_content_element vc_align_left wpb_content_element\">\n\t\t<h2 class=\"wpb_heading wpb_singleimage_heading\">Adaaran Prestige Vadoo<\/h2>\n\t\t<figure class=\"wpb_wrapper vc_figure\">\n\t\t\t<div class=\"vc_single_image-wrapper   vc_box_border_grey\"><img loading=\"lazy\" decoding=\"async\" width=\"780\" height=\"517\" src=\"https:\/\/maldives-paradise.com\/wp-content\/uploads\/2024\/06\/adaaran-prestige-vadoo_3.jpg\" class=\"vc_single_image-img attachment-large\" alt=\"Adaaran Prestige Vadoo\" title=\"Adaaran Prestige Vadoo\" srcset=\"https:\/\/maldives-paradise.com\/wp-content\/uploads\/2024\/06\/adaaran-prestige-vadoo_3.jpg 780w, https:\/\/maldives-paradise.com\/wp-content\/uploads\/2024\/06\/adaaran-prestige-vadoo_3-300x199.jpg 300w, https:\/\/maldives-paradise.com\/wp-content\/uploads\/2024\/06\/adaaran-prestige-vadoo_3-768x509.jpg 768w, https:\/\/maldives-paradise.com\/wp-content\/uploads\/2024\/06\/adaaran-prestige-vadoo_3-18x12.jpg 18w, https:\/\/maldives-paradise.com\/wp-content\/uploads\/2024\/06\/adaaran-prestige-vadoo_3-500x331.jpg 500w\" sizes=\"auto, (max-width: 780px) 100vw, 780px\" \/><\/div>\n\t\t<\/figure>\n\t<\/div>\n<\/div><\/div><\/div><\/div><div class=\"vc_row wpb_row vc_row-fluid\"><div class=\"wpb_column vc_column_container vc_col-sm-12\"><div class=\"vc_column-inner\"><div class=\"wpb_wrapper\">\n\t<div class=\"wpb_text_column wpb_content_element\" >\n\t\t<div class=\"wpb_wrapper\">\n\t\t\t<h4><a href=\"http:\/\/maldives-paradise.com\/es\/prestigio-adaaran-vadoo\/\">Adaaran Prestige Vadoo<\/a><\/h4>\n<p>Adaaran Prestige Vadoo es famoso por sus villas sobre el agua, cada una equipada con una piscina privada y acceso directo al mar. Los dos restaurantes del complejo, Farivalhu y Kithajima, sirven exquisita cocina internacional y japonesa. El Mandara Spa ofrece una gama de tratamientos relajantes. Centr\u00e1ndose en la privacidad y el lujo, Adaaran Prestige Vadoo es perfecto para quienes buscan un retiro apartado en el atol\u00f3n sur de Mal\u00e9.<\/p>\n\n\t\t<\/div>\n\t<\/div>\n<\/div><\/div><\/div><\/div><div class=\"vc_row wpb_row vc_row-fluid\"><div class=\"wpb_column vc_column_container vc_col-sm-12\"><div class=\"vc_column-inner\"><div class=\"wpb_wrapper\">\n\t<div  class=\"wpb_single_image wpb_content_element vc_align_left wpb_content_element\">\n\t\t<h2 class=\"wpb_heading wpb_singleimage_heading\">OZEN Vida Maadhoo<\/h2>\n\t\t<figure class=\"wpb_wrapper vc_figure\">\n\t\t\t<div class=\"vc_single_image-wrapper   vc_box_border_grey\"><img loading=\"lazy\" decoding=\"async\" width=\"780\" height=\"519\" src=\"https:\/\/maldives-paradise.com\/wp-content\/uploads\/2024\/06\/OZEN-LIFE-MAADHOO3.jpg\" class=\"vc_single_image-img attachment-large\" alt=\"OZEN Vida Maadhoo\" title=\"OZEN-LIFE-MAADHOO3\" srcset=\"https:\/\/maldives-paradise.com\/wp-content\/uploads\/2024\/06\/OZEN-LIFE-MAADHOO3.jpg 780w, https:\/\/maldives-paradise.com\/wp-content\/uploads\/2024\/06\/OZEN-LIFE-MAADHOO3-300x200.jpg 300w, https:\/\/maldives-paradise.com\/wp-content\/uploads\/2024\/06\/OZEN-LIFE-MAADHOO3-768x511.jpg 768w, https:\/\/maldives-paradise.com\/wp-content\/uploads\/2024\/06\/OZEN-LIFE-MAADHOO3-18x12.jpg 18w, https:\/\/maldives-paradise.com\/wp-content\/uploads\/2024\/06\/OZEN-LIFE-MAADHOO3-500x333.jpg 500w\" sizes=\"auto, (max-width: 780px) 100vw, 780px\" \/><\/div>\n\t\t<\/figure>\n\t<\/div>\n<\/div><\/div><\/div><\/div><div class=\"vc_row wpb_row vc_row-fluid\"><div class=\"wpb_column vc_column_container vc_col-sm-12\"><div class=\"vc_column-inner\"><div class=\"wpb_wrapper\">\n\t<div class=\"wpb_text_column wpb_content_element\" >\n\t\t<div class=\"wpb_wrapper\">\n\t\t\t<h4><a href=\"http:\/\/maldives-paradise.com\/es\/vida-ozen-maadhoo\/\">OZEN Vida Maadhoo<\/a><\/h4>\n<p>OZEN by Atmosphere at Maadhoo es un resort de lujo todo incluido que ofrece una experiencia sin complicaciones con su Plan INDULGENCE\u2122. Las villas del complejo, tanto sobre el agua como frente a la playa, est\u00e1n dise\u00f1adas con elegancia moderna. Las opciones gastron\u00f3micas incluyen M6m, un restaurante submarino, y The Palms, que ofrece cocina global. El ELENA Spa and Wellness Complex ofrece tratamientos hol\u00edsticos que garantizan que los hu\u00e9spedes salgan rejuvenecidos.<\/p>\n\n\t\t<\/div>\n\t<\/div>\n<\/div><\/div><\/div><\/div><div class=\"vc_row wpb_row vc_row-fluid\"><div class=\"wpb_column vc_column_container vc_col-sm-12\"><div class=\"vc_column-inner\"><div class=\"wpb_wrapper\">\n\t<div  class=\"wpb_single_image wpb_content_element vc_align_left wpb_content_element\">\n\t\t<h2 class=\"wpb_heading wpb_singleimage_heading\">COMO Isla del Cacao<\/h2>\n\t\t<figure class=\"wpb_wrapper vc_figure\">\n\t\t\t<div class=\"vc_single_image-wrapper   vc_box_border_grey\"><img loading=\"lazy\" decoding=\"async\" width=\"780\" height=\"438\" src=\"https:\/\/maldives-paradise.com\/wp-content\/uploads\/2024\/06\/como-cocoa-island3.jpg\" class=\"vc_single_image-img attachment-large\" alt=\"COMO Isla del Cacao\" title=\"como-isla-del-cacao3\" srcset=\"https:\/\/maldives-paradise.com\/wp-content\/uploads\/2024\/06\/como-cocoa-island3.jpg 780w, https:\/\/maldives-paradise.com\/wp-content\/uploads\/2024\/06\/como-cocoa-island3-300x168.jpg 300w, https:\/\/maldives-paradise.com\/wp-content\/uploads\/2024\/06\/como-cocoa-island3-768x431.jpg 768w, https:\/\/maldives-paradise.com\/wp-content\/uploads\/2024\/06\/como-cocoa-island3-18x10.jpg 18w, https:\/\/maldives-paradise.com\/wp-content\/uploads\/2024\/06\/como-cocoa-island3-678x381.jpg 678w, https:\/\/maldives-paradise.com\/wp-content\/uploads\/2024\/06\/como-cocoa-island3-500x281.jpg 500w\" sizes=\"auto, (max-width: 780px) 100vw, 780px\" \/><\/div>\n\t\t<\/figure>\n\t<\/div>\n<\/div><\/div><\/div><\/div><div class=\"vc_row wpb_row vc_row-fluid\"><div class=\"wpb_column vc_column_container vc_col-sm-12\"><div class=\"vc_column-inner\"><div class=\"wpb_wrapper\">\n\t<div class=\"wpb_text_column wpb_content_element\" >\n\t\t<div class=\"wpb_wrapper\">\n\t\t\t<h4><a href=\"http:\/\/maldives-paradise.com\/es\/como-isla-del-cacao\/\">COMO Isla del Cacao<\/a><\/h4>\n<p>COMO Cocoa Island se destaca por sus suites sobre el agua inspiradas en dhoni, que reflejan los barcos tradicionales de Maldivas. Las 33 villas sobre el agua del complejo ofrecen una est\u00e9tica \u00fanica y acceso directo a la laguna en el atol\u00f3n sur de Mal\u00e9. El retiro COMO Shambhala se centra en el bienestar hol\u00edstico con yoga, meditaci\u00f3n y tratamientos de spa. Ufaa, el restaurante del complejo, sirve cocina nutritiva con influencia del sur de la India, lo que lo convierte en un para\u00edso para los viajeros preocupados por su salud.<\/p>\n\n\t\t<\/div>\n\t<\/div>\n<\/div><\/div><\/div><\/div><div class=\"vc_row wpb_row vc_row-fluid\"><div class=\"wpb_column vc_column_container vc_col-sm-12\"><div class=\"vc_column-inner\"><div class=\"wpb_wrapper\">\n\t<div  class=\"wpb_single_image wpb_content_element vc_align_left wpb_content_element\">\n\t\t<h2 class=\"wpb_heading wpb_singleimage_heading\">Taj Ex\u00f3tica Resort &amp; Spa<\/h2>\n\t\t<figure class=\"wpb_wrapper vc_figure\">\n\t\t\t<div class=\"vc_single_image-wrapper   vc_box_border_grey\"><img loading=\"lazy\" decoding=\"async\" width=\"780\" height=\"438\" src=\"https:\/\/maldives-paradise.com\/wp-content\/uploads\/2024\/06\/taj-exotica-one-bedroom-beach-suite-with-pool.jpg\" class=\"vc_single_image-img attachment-large\" alt=\"Taj Ex\u00f3tica Resort &amp; Spa\" title=\"taj-exotica-suite-de-playa-de-un-dormitorio-con-piscina\" srcset=\"https:\/\/maldives-paradise.com\/wp-content\/uploads\/2024\/06\/taj-exotica-one-bedroom-beach-suite-with-pool.jpg 780w, https:\/\/maldives-paradise.com\/wp-content\/uploads\/2024\/06\/taj-exotica-one-bedroom-beach-suite-with-pool-300x168.jpg 300w, https:\/\/maldives-paradise.com\/wp-content\/uploads\/2024\/06\/taj-exotica-one-bedroom-beach-suite-with-pool-768x431.jpg 768w, https:\/\/maldives-paradise.com\/wp-content\/uploads\/2024\/06\/taj-exotica-one-bedroom-beach-suite-with-pool-18x10.jpg 18w, https:\/\/maldives-paradise.com\/wp-content\/uploads\/2024\/06\/taj-exotica-one-bedroom-beach-suite-with-pool-678x381.jpg 678w, https:\/\/maldives-paradise.com\/wp-content\/uploads\/2024\/06\/taj-exotica-one-bedroom-beach-suite-with-pool-500x281.jpg 500w\" sizes=\"auto, (max-width: 780px) 100vw, 780px\" \/><\/div>\n\t\t<\/figure>\n\t<\/div>\n<\/div><\/div><\/div><\/div><div class=\"vc_row wpb_row vc_row-fluid\"><div class=\"wpb_column vc_column_container vc_col-sm-12\"><div class=\"vc_column-inner\"><div class=\"wpb_wrapper\">\n\t<div class=\"wpb_text_column wpb_content_element\" >\n\t\t<div class=\"wpb_wrapper\">\n\t\t\t<h4><a href=\"http:\/\/maldives-paradise.com\/es\/taj-exotica-resort-y-spa-maldivas\/\">Taj Ex\u00f3tica Resort &amp; Spa<\/a><\/h4>\n<p>Taj Exotica Resort &amp; Spa es un refugio de lujo ubicado en la isla Emboodhu Finolhu, tambi\u00e9n conocida como la Isla de los Tres Cocos. Las 64 villas del complejo, incluida la opulenta Villa Presidencial, ofrecen impresionantes vistas y una privacidad excepcional. El Jiva Grande Spa ofrece terapias de bienestar de inspiraci\u00f3n india, mientras que el restaurante Deep End es famoso por su comida gourmet. La piscina infinita del complejo es un lugar perfecto para relajarse.<\/p>\n\n\t\t<\/div>\n\t<\/div>\n<\/div><\/div><\/div><\/div><div class=\"vc_row wpb_row vc_row-fluid\"><div class=\"wpb_column vc_column_container vc_col-sm-12\"><div class=\"vc_column-inner\"><div class=\"wpb_wrapper\">\n\t<div  class=\"wpb_single_image wpb_content_element vc_align_left wpb_content_element\">\n\t\t<h2 class=\"wpb_heading wpb_singleimage_heading\">Sun Siyam Olhuveli Beach &amp; Spa Maldivas<\/h2>\n\t\t<figure class=\"wpb_wrapper vc_figure\">\n\t\t\t<div class=\"vc_single_image-wrapper   vc_box_border_grey\"><img loading=\"lazy\" decoding=\"async\" width=\"780\" height=\"503\" src=\"https:\/\/maldives-paradise.com\/wp-content\/uploads\/2024\/06\/sun-siyam-olhuveli3.jpg\" class=\"vc_single_image-img attachment-large\" alt=\"Sun Siyam Olhuveli Beach &amp; Spa Maldivas\" title=\"sol-siyam-olhuveli3\" srcset=\"https:\/\/maldives-paradise.com\/wp-content\/uploads\/2024\/06\/sun-siyam-olhuveli3.jpg 780w, https:\/\/maldives-paradise.com\/wp-content\/uploads\/2024\/06\/sun-siyam-olhuveli3-300x193.jpg 300w, https:\/\/maldives-paradise.com\/wp-content\/uploads\/2024\/06\/sun-siyam-olhuveli3-768x495.jpg 768w, https:\/\/maldives-paradise.com\/wp-content\/uploads\/2024\/06\/sun-siyam-olhuveli3-18x12.jpg 18w, https:\/\/maldives-paradise.com\/wp-content\/uploads\/2024\/06\/sun-siyam-olhuveli3-500x322.jpg 500w\" sizes=\"auto, (max-width: 780px) 100vw, 780px\" \/><\/div>\n\t\t<\/figure>\n\t<\/div>\n<\/div><\/div><\/div><\/div><div class=\"vc_row wpb_row vc_row-fluid\"><div class=\"wpb_column vc_column_container vc_col-sm-12\"><div class=\"vc_column-inner\"><div class=\"wpb_wrapper\">\n\t<div class=\"wpb_text_column wpb_content_element\" >\n\t\t<div class=\"wpb_wrapper\">\n\t\t\t<h4><a href=\"http:\/\/maldives-paradise.com\/es\/sun-siyam-olhuveli\/\">Sun Siyam Olhuveli Beach &amp; Spa Maldivas<\/a><\/h4>\n<p>Olhuveli Beach &amp; Spa Maldives ofrece una combinaci\u00f3n de lujo y belleza natural con sus 164 villas. Los cinco restaurantes y tres bares del complejo ofrecen una variedad de experiencias gastron\u00f3micas, desde comidas estilo buffet hasta cenas elegantes. El Sun Spa by Esthederm ofrece tratamientos que combinan terapias tradicionales con t\u00e9cnicas modernas. Las amplias instalaciones y actividades del complejo lo hacen ideal tanto para familias como para parejas.<\/p>\n\n\t\t<\/div>\n\t<\/div>\n<\/div><\/div><\/div><\/div><div class=\"vc_row wpb_row vc_row-fluid\"><div class=\"wpb_column vc_column_container vc_col-sm-12\"><div class=\"vc_column-inner\"><div class=\"wpb_wrapper\">\n\t<div  class=\"wpb_single_image wpb_content_element vc_align_left wpb_content_element\">\n\t\t<h2 class=\"wpb_heading wpb_singleimage_heading\">SAii Lagoon Maldivas, Colecci\u00f3n Curio de Hilton<\/h2>\n\t\t<figure class=\"wpb_wrapper vc_figure\">\n\t\t\t<div class=\"vc_single_image-wrapper   vc_box_border_grey\"><img loading=\"lazy\" decoding=\"async\" width=\"780\" height=\"393\" src=\"https:\/\/maldives-paradise.com\/wp-content\/uploads\/2024\/06\/saii-lagoon-maldives-curio-collection-hilton-over-water-villa-7.jpg\" class=\"vc_single_image-img attachment-large\" alt=\"SAii Lagoon Maldivas, Colecci\u00f3n Curio de Hilton\" title=\"saii-lagoon-maldives-colecci\u00f3n-de-curiosidades-hilton-over-water-villa-7\" srcset=\"https:\/\/maldives-paradise.com\/wp-content\/uploads\/2024\/06\/saii-lagoon-maldives-curio-collection-hilton-over-water-villa-7.jpg 780w, https:\/\/maldives-paradise.com\/wp-content\/uploads\/2024\/06\/saii-lagoon-maldives-curio-collection-hilton-over-water-villa-7-300x151.jpg 300w, https:\/\/maldives-paradise.com\/wp-content\/uploads\/2024\/06\/saii-lagoon-maldives-curio-collection-hilton-over-water-villa-7-768x387.jpg 768w, https:\/\/maldives-paradise.com\/wp-content\/uploads\/2024\/06\/saii-lagoon-maldives-curio-collection-hilton-over-water-villa-7-18x9.jpg 18w, https:\/\/maldives-paradise.com\/wp-content\/uploads\/2024\/06\/saii-lagoon-maldives-curio-collection-hilton-over-water-villa-7-500x252.jpg 500w\" sizes=\"auto, (max-width: 780px) 100vw, 780px\" \/><\/div>\n\t\t<\/figure>\n\t<\/div>\n<\/div><\/div><\/div><\/div><div class=\"vc_row wpb_row vc_row-fluid\"><div class=\"wpb_column vc_column_container vc_col-sm-12\"><div class=\"vc_column-inner\"><div class=\"wpb_wrapper\">\n\t<div class=\"wpb_text_column wpb_content_element\" >\n\t\t<div class=\"wpb_wrapper\">\n\t\t\t<h4><a href=\"http:\/\/maldives-paradise.com\/es\/coleccion-de-curiosidades-saii-laguna-maldives-de-hilton\/\">SAii Lagoon Maldivas, Colecci\u00f3n Curio de Hilton<\/a><\/h4>\n<p>SAii Lagoon Maldives ofrece una versi\u00f3n vibrante y juvenil del lujo con su dise\u00f1o colorido y atm\u00f3sfera animada en el atol\u00f3n sur de Mal\u00e9. Las 198 habitaciones y villas del complejo son modernas y espaciosas. Los hu\u00e9spedes pueden disfrutar de una cena en Miss Olive Oyl y Mr. Tomyam, que ofrecen cocina mediterr\u00e1nea y tailandesa respectivamente. El L\u00e8n Be Well Spa ofrece una gama de tratamientos dise\u00f1ados para relajarse y rejuvenecer.<\/p>\n\n\t\t<\/div>\n\t<\/div>\n<\/div><\/div><\/div><\/div><div class=\"vc_row wpb_row vc_row-fluid\"><div class=\"wpb_column vc_column_container vc_col-sm-12\"><div class=\"vc_column-inner\"><div class=\"wpb_wrapper\">\n\t<div  class=\"wpb_single_image wpb_content_element vc_align_left wpb_content_element\">\n\t\t<h2 class=\"wpb_heading wpb_singleimage_heading\">Hard Rock Hotel Maldivas<\/h2>\n\t\t<figure class=\"wpb_wrapper vc_figure\">\n\t\t\t<div class=\"vc_single_image-wrapper   vc_box_border_grey\"><img loading=\"lazy\" decoding=\"async\" width=\"780\" height=\"520\" src=\"https:\/\/maldives-paradise.com\/wp-content\/uploads\/2024\/06\/hard-rock-hotel-maldives3.jpg\" class=\"vc_single_image-img attachment-large\" alt=\"Hard Rock Hotel Maldivas\" title=\"hotel-hard-rock-maldives3\" srcset=\"https:\/\/maldives-paradise.com\/wp-content\/uploads\/2024\/06\/hard-rock-hotel-maldives3.jpg 780w, https:\/\/maldives-paradise.com\/wp-content\/uploads\/2024\/06\/hard-rock-hotel-maldives3-300x200.jpg 300w, https:\/\/maldives-paradise.com\/wp-content\/uploads\/2024\/06\/hard-rock-hotel-maldives3-768x512.jpg 768w, https:\/\/maldives-paradise.com\/wp-content\/uploads\/2024\/06\/hard-rock-hotel-maldives3-18x12.jpg 18w, https:\/\/maldives-paradise.com\/wp-content\/uploads\/2024\/06\/hard-rock-hotel-maldives3-500x333.jpg 500w\" sizes=\"auto, (max-width: 780px) 100vw, 780px\" \/><\/div>\n\t\t<\/figure>\n\t<\/div>\n<\/div><\/div><\/div><\/div><div class=\"vc_row wpb_row vc_row-fluid\"><div class=\"wpb_column vc_column_container vc_col-sm-12\"><div class=\"vc_column-inner\"><div class=\"wpb_wrapper\">\n\t<div class=\"wpb_text_column wpb_content_element\" >\n\t\t<div class=\"wpb_wrapper\">\n\t\t\t<h4><a href=\"http:\/\/maldives-paradise.com\/es\/hotel-hard-rock-maldivas\/\">Hard Rock Hotel Maldivas<\/a><\/h4>\n<p>Hard Rock Hotel Maldives combina lujo con estilo rock and roll. Las 178 habitaciones, suites y villas del complejo est\u00e1n dise\u00f1adas con una decoraci\u00f3n inspirada en la m\u00fasica. Las opciones gastron\u00f3micas incluyen Hard Rock Caf\u00e9, Sessions y The Elephant and The Butterfly, que ofrecen una mezcla de cocina internacional y latinoamericana. El Rock Spa ofrece una visi\u00f3n \u00fanica del bienestar con tratamientos con ritmo y m\u00fasica.<\/p>\n<p>En conclusi\u00f3n, el atol\u00f3n sur de Mal\u00e9 alberga algunos de los complejos tur\u00edsticos m\u00e1s lujosos de las Maldivas, cada uno de los cuales ofrece experiencias \u00fanicas y comodidades de primer nivel. Ya sea que est\u00e9 buscando una escapada rom\u00e1ntica, un retiro de bienestar o unas vacaciones familiares, estos resorts brindan el escenario perfecto para una estad\u00eda inolvidable en el para\u00edso.<\/p>\n\n\t\t<\/div>\n\t<\/div>\n<\/div><\/div><\/div><\/div>\n<\/div>","protected":false},"excerpt":{"rendered":"<div class=\"mh-excerpt\"><\/div>","protected":false},"author":1,"featured_media":16731,"parent":0,"menu_order":0,"comment_status":"closed","ping_status":"closed","template":"","meta":{"footnotes":""},"class_list":["post-16730","page","type-page","status-publish","has-post-thumbnail"],"aioseo_notices":[],"_links":{"self":[{"href":"http:\/\/maldives-paradise.com\/es\/wp-json\/wp\/v2\/pages\/16730","targetHints":{"allow":["GET"]}}],"collection":[{"href":"http:\/\/maldives-paradise.com\/es\/wp-json\/wp\/v2\/pages"}],"about":[{"href":"http:\/\/maldives-paradise.com\/es\/wp-json\/wp\/v2\/types\/page"}],"author":[{"embeddable":true,"href":"http:\/\/maldives-paradise.com\/es\/wp-json\/wp\/v2\/users\/1"}],"replies":[{"embeddable":true,"href":"http:\/\/maldives-paradise.com\/es\/wp-json\/wp\/v2\/comments?post=16730"}],"version-history":[{"count":5,"href":"http:\/\/maldives-paradise.com\/es\/wp-json\/wp\/v2\/pages\/16730\/revisions"}],"predecessor-version":[{"id":16747,"href":"http:\/\/maldives-paradise.com\/es\/wp-json\/wp\/v2\/pages\/16730\/revisions\/16747"}],"wp:featuredmedia":[{"embeddable":true,"href":"http:\/\/maldives-paradise.com\/es\/wp-json\/wp\/v2\/media\/16731"}],"wp:attachment":[{"href":"http:\/\/maldives-paradise.com\/es\/wp-json\/wp\/v2\/media?parent=16730"}],"curies":[{"name":"gracias","href":"https:\/\/api.w.org\/{rel}","templated":true}]}}