{"id":16336,"date":"2024-05-30T18:22:53","date_gmt":"2024-05-30T18:22:53","guid":{"rendered":"http:\/\/maldives-paradise.com\/?page_id=16336"},"modified":"2025-02-22T18:07:17","modified_gmt":"2025-02-22T18:07:17","slug":"los-mejores-resorts-de-lujo-en-el-atolon-de-lhaviyani","status":"publish","type":"page","link":"http:\/\/maldives-paradise.com\/es\/los-mejores-resorts-de-lujo-en-el-atolon-de-lhaviyani\/","title":{"rendered":"Los mejores complejos tur\u00edsticos de lujo en el atol\u00f3n Lhaviyani"},"content":{"rendered":"<div class=\"wpb-content-wrapper\"><div class=\"vc_row wpb_row vc_row-fluid\"><div class=\"wpb_column vc_column_container vc_col-sm-12\"><div class=\"vc_column-inner\"><div class=\"wpb_wrapper\">\n\t<div class=\"wpb_text_column wpb_content_element\" >\n\t\t<div class=\"wpb_wrapper\">\n\t\t\t<p>El atol\u00f3n Lhaviyani, un faro de lujo tropical ubicado en el vasto Oc\u00e9ano \u00cdndico, es famoso por su belleza id\u00edlica, aguas cristalinas y algunos de los complejos tur\u00edsticos de lujo m\u00e1s espectaculares de las Maldivas. Este atol\u00f3n ofrece a los viajeros exigentes una variedad de retiros exclusivos, donde un servicio incomparable, experiencias culinarias exquisitas y entornos naturales impresionantes se combinan para crear escapadas inolvidables. Aqu\u00ed est\u00e1n los mejores resorts de lujo en <strong>Atol\u00f3n Lhaviyani<\/strong>, cada uno de los cuales promete un pedacito de para\u00edso \u00fanico.<\/p>\n\n\t\t<\/div>\n\t<\/div>\n<\/div><\/div><\/div><\/div><div class=\"vc_row wpb_row vc_row-fluid\"><div class=\"wpb_column vc_column_container vc_col-sm-12\"><div class=\"vc_column-inner\"><div class=\"wpb_wrapper\">\n\t<div  class=\"wpb_single_image wpb_content_element vc_align_left wpb_content_element\">\n\t\t<h2 class=\"wpb_heading wpb_singleimage_heading\">Isla Hurawalhi Resort<\/h2>\n\t\t<figure class=\"wpb_wrapper vc_figure\">\n\t\t\t<div class=\"vc_single_image-wrapper   vc_box_border_grey\"><img loading=\"lazy\" decoding=\"async\" width=\"780\" height=\"520\" src=\"https:\/\/maldives-paradise.com\/wp-content\/uploads\/2024\/05\/hurawalhi.jpg\" class=\"vc_single_image-img attachment-large\" alt=\"Isla Hurawalhi Resort\" title=\"hurawalhi\" srcset=\"https:\/\/maldives-paradise.com\/wp-content\/uploads\/2024\/05\/hurawalhi.jpg 780w, https:\/\/maldives-paradise.com\/wp-content\/uploads\/2024\/05\/hurawalhi-300x200.jpg 300w, https:\/\/maldives-paradise.com\/wp-content\/uploads\/2024\/05\/hurawalhi-768x512.jpg 768w, https:\/\/maldives-paradise.com\/wp-content\/uploads\/2024\/05\/hurawalhi-18x12.jpg 18w, https:\/\/maldives-paradise.com\/wp-content\/uploads\/2024\/05\/hurawalhi-500x333.jpg 500w\" sizes=\"auto, (max-width: 780px) 100vw, 780px\" \/><\/div>\n\t\t<\/figure>\n\t<\/div>\n<\/div><\/div><\/div><\/div><div class=\"vc_row wpb_row vc_row-fluid\"><div class=\"wpb_column vc_column_container vc_col-sm-12\"><div class=\"vc_column-inner\"><div class=\"wpb_wrapper\">\n\t<div class=\"wpb_text_column wpb_content_element\" >\n\t\t<div class=\"wpb_wrapper\">\n\t\t\t<h4><a href=\"http:\/\/maldives-paradise.com\/es\/isla-hurawalhi-maldivas\/\">Isla Hurawalhi Resort<\/a><\/h4>\n<p>Hurawalhi Island Resort alberga el restaurante submarino de cristal m\u00e1s grande del mundo, que ofrece a los comensales una vista de 360 grados de la vibrante vida marina. El complejo equilibra el lujo con la sostenibilidad y cuenta con elegantes villas sobre el agua y en la playa que brindan serenidad y privacidad. Los hu\u00e9spedes pueden disfrutar de un spa ubicado sobre las aguas cristalinas o practicar emocionantes deportes acu\u00e1ticos.<\/p>\n\n\t\t<\/div>\n\t<\/div>\n<\/div><\/div><\/div><\/div><div class=\"vc_row wpb_row vc_row-fluid\"><div class=\"wpb_column vc_column_container vc_col-sm-12\"><div class=\"vc_column-inner\"><div class=\"wpb_wrapper\">\n\t<div  class=\"wpb_single_image wpb_content_element vc_align_left wpb_content_element\">\n\t\t<h2 class=\"wpb_heading wpb_singleimage_heading\">Isla privada de Kudadoo Maldivas<\/h2>\n\t\t<figure class=\"wpb_wrapper vc_figure\">\n\t\t\t<div class=\"vc_single_image-wrapper   vc_box_border_grey\"><img loading=\"lazy\" decoding=\"async\" width=\"780\" height=\"438\" src=\"https:\/\/maldives-paradise.com\/wp-content\/uploads\/2024\/05\/Kudadoo-Maldives-Private-Island.jpg\" class=\"vc_single_image-img attachment-large\" alt=\"Isla privada de Kudadoo Maldivas\" title=\"Kudadoo-Maldivas-isla-privada\" srcset=\"https:\/\/maldives-paradise.com\/wp-content\/uploads\/2024\/05\/Kudadoo-Maldives-Private-Island.jpg 780w, https:\/\/maldives-paradise.com\/wp-content\/uploads\/2024\/05\/Kudadoo-Maldives-Private-Island-300x168.jpg 300w, https:\/\/maldives-paradise.com\/wp-content\/uploads\/2024\/05\/Kudadoo-Maldives-Private-Island-768x431.jpg 768w, https:\/\/maldives-paradise.com\/wp-content\/uploads\/2024\/05\/Kudadoo-Maldives-Private-Island-18x10.jpg 18w, https:\/\/maldives-paradise.com\/wp-content\/uploads\/2024\/05\/Kudadoo-Maldives-Private-Island-678x381.jpg 678w, https:\/\/maldives-paradise.com\/wp-content\/uploads\/2024\/05\/Kudadoo-Maldives-Private-Island-500x281.jpg 500w\" sizes=\"auto, (max-width: 780px) 100vw, 780px\" \/><\/div>\n\t\t<\/figure>\n\t<\/div>\n<\/div><\/div><\/div><\/div><div class=\"vc_row wpb_row vc_row-fluid\"><div class=\"wpb_column vc_column_container vc_col-sm-12\"><div class=\"vc_column-inner\"><div class=\"wpb_wrapper\">\n\t<div class=\"wpb_text_column wpb_content_element\" >\n\t\t<div class=\"wpb_wrapper\">\n\t\t\t<h4><a href=\"http:\/\/maldives-paradise.com\/es\/isla-privada-kudadoo-maldivas\/\">Isla privada de Kudadoo Maldivas<\/a><\/h4>\n<p>Kudadoo Maldives Private Island ofrece una experiencia verdaderamente exclusiva, con un enfoque en la sostenibilidad. Este complejo de lujo funciona enteramente con energ\u00eda solar, combinando pr\u00e1cticas ecol\u00f3gicas con un lujo sin concesiones. Cada una de las amplias residencias sobre el agua cuenta con un mayordomo personal, lo que garantiza una estad\u00eda personalizada y sin preocupaciones.<\/p>\n\n\t\t<\/div>\n\t<\/div>\n<\/div><\/div><\/div><\/div><div class=\"vc_row wpb_row vc_row-fluid\"><div class=\"wpb_column vc_column_container vc_col-sm-12\"><div class=\"vc_column-inner\"><div class=\"wpb_wrapper\">\n\t<div  class=\"wpb_single_image wpb_content_element vc_align_left wpb_content_element\">\n\t\t<h2 class=\"wpb_heading wpb_singleimage_heading\">Komandoo Maldivas Island Resort<\/h2>\n\t\t<figure class=\"wpb_wrapper vc_figure\">\n\t\t\t<div class=\"vc_single_image-wrapper   vc_box_border_grey\"><img loading=\"lazy\" decoding=\"async\" width=\"780\" height=\"393\" src=\"https:\/\/maldives-paradise.com\/wp-content\/uploads\/2024\/05\/Komandoo-Maldives-Island-Resort2.jpg\" class=\"vc_single_image-img attachment-large\" alt=\"Komandoo Maldivas Island Resort\" title=\"Komandoo-Maldivas-Island-Resort2\" srcset=\"https:\/\/maldives-paradise.com\/wp-content\/uploads\/2024\/05\/Komandoo-Maldives-Island-Resort2.jpg 780w, https:\/\/maldives-paradise.com\/wp-content\/uploads\/2024\/05\/Komandoo-Maldives-Island-Resort2-300x151.jpg 300w, https:\/\/maldives-paradise.com\/wp-content\/uploads\/2024\/05\/Komandoo-Maldives-Island-Resort2-768x387.jpg 768w, https:\/\/maldives-paradise.com\/wp-content\/uploads\/2024\/05\/Komandoo-Maldives-Island-Resort2-18x9.jpg 18w, https:\/\/maldives-paradise.com\/wp-content\/uploads\/2024\/05\/Komandoo-Maldives-Island-Resort2-500x252.jpg 500w\" sizes=\"auto, (max-width: 780px) 100vw, 780px\" \/><\/div>\n\t\t<\/figure>\n\t<\/div>\n<\/div><\/div><\/div><\/div><div class=\"vc_row wpb_row vc_row-fluid\"><div class=\"wpb_column vc_column_container vc_col-sm-12\"><div class=\"vc_column-inner\"><div class=\"wpb_wrapper\">\n\t<div class=\"wpb_text_column wpb_content_element\" >\n\t\t<div class=\"wpb_wrapper\">\n\t\t\t<h4><a href=\"http:\/\/maldives-paradise.com\/es\/spa-resort-isla-komandoo\/\">Komandoo Maldivas Island Resort<\/a><\/h4>\n<p>Komandoo Maldives Island Resort es un oasis solo para adultos que promete un retiro tranquilo. Con sus \u00edntimas villas de playa y bungalows sobre el agua, es la escapada perfecta para el romance o la relajaci\u00f3n. El complejo ofrece un spa exquisito, experiencias gastron\u00f3micas excepcionales y una gran cantidad de actividades acu\u00e1ticas, desde buceo hasta snorkel en su laguna cristalina en el atol\u00f3n Lhaviyani.<\/p>\n\n\t\t<\/div>\n\t<\/div>\n<\/div><\/div><\/div><\/div><div class=\"vc_row wpb_row vc_row-fluid\"><div class=\"wpb_column vc_column_container vc_col-sm-12\"><div class=\"vc_column-inner\"><div class=\"wpb_wrapper\">\n\t<div  class=\"wpb_single_image wpb_content_element vc_align_left wpb_content_element\">\n\t\t<h2 class=\"wpb_heading wpb_singleimage_heading\">Ambiente Kanifushi Maldivas<\/h2>\n\t\t<figure class=\"wpb_wrapper vc_figure\">\n\t\t\t<div class=\"vc_single_image-wrapper   vc_box_border_grey\"><img loading=\"lazy\" decoding=\"async\" width=\"700\" height=\"466\" src=\"https:\/\/maldives-paradise.com\/wp-content\/uploads\/2024\/05\/Atmosphere-Kanifushi-Maldives2.jpg\" class=\"vc_single_image-img attachment-large\" alt=\"Ambiente Kanifushi Maldivas\" title=\"Atm\u00f3sfera-Kanifushi-Maldivas2\" srcset=\"https:\/\/maldives-paradise.com\/wp-content\/uploads\/2024\/05\/Atmosphere-Kanifushi-Maldives2.jpg 700w, https:\/\/maldives-paradise.com\/wp-content\/uploads\/2024\/05\/Atmosphere-Kanifushi-Maldives2-300x200.jpg 300w, https:\/\/maldives-paradise.com\/wp-content\/uploads\/2024\/05\/Atmosphere-Kanifushi-Maldives2-18x12.jpg 18w, https:\/\/maldives-paradise.com\/wp-content\/uploads\/2024\/05\/Atmosphere-Kanifushi-Maldives2-500x333.jpg 500w\" sizes=\"auto, (max-width: 700px) 100vw, 700px\" \/><\/div>\n\t\t<\/figure>\n\t<\/div>\n<\/div><\/div><\/div><\/div><div class=\"vc_row wpb_row vc_row-fluid\"><div class=\"wpb_column vc_column_container vc_col-sm-12\"><div class=\"vc_column-inner\"><div class=\"wpb_wrapper\">\n\t<div class=\"wpb_text_column wpb_content_element\" >\n\t\t<div class=\"wpb_wrapper\">\n\t\t\t<h4><a href=\"http:\/\/maldives-paradise.com\/es\/atmosfera-kanifushi\/\">Ambiente Kanifushi Maldivas<\/a><\/h4>\n<p>Atmosphere Kanifushi, que abarca dos kil\u00f3metros de playas de arena virgen, se destaca por su exuberante vegetaci\u00f3n tropical y un espectacular arrecife. El complejo ofrece amplias villas de playa con acceso directo al oc\u00e9ano y un plan premium todo incluido, que garantiza unas vacaciones de lujo sin complicaciones con excelente gastronom\u00eda, actividades y excursiones.<\/p>\n\n\t\t<\/div>\n\t<\/div>\n<\/div><\/div><\/div><\/div><div class=\"vc_row wpb_row vc_row-fluid\"><div class=\"wpb_column vc_column_container vc_col-sm-12\"><div class=\"vc_column-inner\"><div class=\"wpb_wrapper\">\n\t<div  class=\"wpb_single_image wpb_content_element vc_align_left wpb_content_element\">\n\t\t<h2 class=\"wpb_heading wpb_singleimage_heading\">Fushifaru Maldivas<\/h2>\n\t\t<figure class=\"wpb_wrapper vc_figure\">\n\t\t\t<div class=\"vc_single_image-wrapper   vc_box_border_grey\"><img loading=\"lazy\" decoding=\"async\" width=\"780\" height=\"519\" src=\"https:\/\/maldives-paradise.com\/wp-content\/uploads\/2024\/05\/Fushifaru-Maldives2.jpg\" class=\"vc_single_image-img attachment-large\" alt=\"Fushifaru Maldivas\" title=\"Fushifaru-Maldivas2\" srcset=\"https:\/\/maldives-paradise.com\/wp-content\/uploads\/2024\/05\/Fushifaru-Maldives2.jpg 780w, https:\/\/maldives-paradise.com\/wp-content\/uploads\/2024\/05\/Fushifaru-Maldives2-300x200.jpg 300w, https:\/\/maldives-paradise.com\/wp-content\/uploads\/2024\/05\/Fushifaru-Maldives2-768x511.jpg 768w, https:\/\/maldives-paradise.com\/wp-content\/uploads\/2024\/05\/Fushifaru-Maldives2-18x12.jpg 18w, https:\/\/maldives-paradise.com\/wp-content\/uploads\/2024\/05\/Fushifaru-Maldives2-500x333.jpg 500w\" sizes=\"auto, (max-width: 780px) 100vw, 780px\" \/><\/div>\n\t\t<\/figure>\n\t<\/div>\n<\/div><\/div><\/div><\/div><div class=\"vc_row wpb_row vc_row-fluid\"><div class=\"wpb_column vc_column_container vc_col-sm-12\"><div class=\"vc_column-inner\"><div class=\"wpb_wrapper\">\n\t<div class=\"wpb_text_column wpb_content_element\" >\n\t\t<div class=\"wpb_wrapper\">\n\t\t\t<h4><a href=\"http:\/\/maldives-paradise.com\/es\/fushifaru-maldivas\/\">Fushifaru Maldivas<\/a><\/h4>\n<p>Fushifaru Maldives, ubicado en el extremo noreste del atol\u00f3n Lhaviyani, est\u00e1 rodeado por un vibrante arrecife que alberga una gran cantidad de vida marina. Este complejo boutique combina el dise\u00f1o de las Maldivas con una est\u00e9tica moderna y ofrece villas de playa y agua que personifican el confort y la elegancia. Los hu\u00e9spedes pueden explorar aventuras submarinas, disfrutar de tratamientos de spa o disfrutar de las delicias culinarias.<\/p>\n\n\t\t<\/div>\n\t<\/div>\n<\/div><\/div><\/div><\/div><div class=\"vc_row wpb_row vc_row-fluid\"><div class=\"wpb_column vc_column_container vc_col-sm-12\"><div class=\"vc_column-inner\"><div class=\"wpb_wrapper\">\n\t<div  class=\"wpb_single_image wpb_content_element vc_align_left wpb_content_element\">\n\t\t<h2 class=\"wpb_heading wpb_singleimage_heading\">Kanuhura de los seis sentidos<\/h2>\n\t\t<figure class=\"wpb_wrapper vc_figure\">\n\t\t\t<div class=\"vc_single_image-wrapper   vc_box_border_grey\"><img loading=\"lazy\" decoding=\"async\" width=\"780\" height=\"507\" src=\"https:\/\/maldives-paradise.com\/wp-content\/uploads\/2024\/05\/Six-Senses-Kanuhura2.jpg\" class=\"vc_single_image-img attachment-large\" alt=\"Kanuhura de los seis sentidos\" title=\"Seis sentidos-Kanuhura2\" srcset=\"https:\/\/maldives-paradise.com\/wp-content\/uploads\/2024\/05\/Six-Senses-Kanuhura2.jpg 780w, https:\/\/maldives-paradise.com\/wp-content\/uploads\/2024\/05\/Six-Senses-Kanuhura2-300x195.jpg 300w, https:\/\/maldives-paradise.com\/wp-content\/uploads\/2024\/05\/Six-Senses-Kanuhura2-768x499.jpg 768w, https:\/\/maldives-paradise.com\/wp-content\/uploads\/2024\/05\/Six-Senses-Kanuhura2-18x12.jpg 18w, https:\/\/maldives-paradise.com\/wp-content\/uploads\/2024\/05\/Six-Senses-Kanuhura2-500x325.jpg 500w\" sizes=\"auto, (max-width: 780px) 100vw, 780px\" \/><\/div>\n\t\t<\/figure>\n\t<\/div>\n<\/div><\/div><\/div><\/div><div class=\"vc_row wpb_row vc_row-fluid\"><div class=\"wpb_column vc_column_container vc_col-sm-12\"><div class=\"vc_column-inner\"><div class=\"wpb_wrapper\">\n\t<div class=\"wpb_text_column wpb_content_element\" >\n\t\t<div class=\"wpb_wrapper\">\n\t\t\t<h4><a href=\"http:\/\/maldives-paradise.com\/es\/seis-sentidos-kanuhura\/\">Kanuhura de los seis sentidos<\/a><\/h4>\n<p>Este retiro tranquilo es conocido por albergar las mejores playas de las Maldivas. El complejo Six Senses Kanuhura, que abarca tres islas privadas, se encuentra a un corto trayecto en hidroavi\u00f3n desde el aeropuerto internacional de Mal\u00e9 o en lancha r\u00e1pida desde el pr\u00edstino atol\u00f3n Lhaviyani. Con 91 espaciosas villas de playa, familiares y con piscina sobre el agua, la laguna est\u00e1 a sus pies, donde el vibrante arrecife protege a nuestras tortugas y vida marina residentes.<\/p>\n\n\t\t<\/div>\n\t<\/div>\n<\/div><\/div><\/div><\/div><div class=\"vc_row wpb_row vc_row-fluid\"><div class=\"wpb_column vc_column_container vc_col-sm-12\"><div class=\"vc_column-inner\"><div class=\"wpb_wrapper\">\n\t<div  class=\"wpb_single_image wpb_content_element vc_align_left wpb_content_element\">\n\t\t<h2 class=\"wpb_heading wpb_singleimage_heading\">Cocoon Maldivas<\/h2>\n\t\t<figure class=\"wpb_wrapper vc_figure\">\n\t\t\t<div class=\"vc_single_image-wrapper   vc_box_border_grey\"><img loading=\"lazy\" decoding=\"async\" width=\"780\" height=\"584\" src=\"https:\/\/maldives-paradise.com\/wp-content\/uploads\/2024\/05\/Cocoon-Maldives2.jpg\" class=\"vc_single_image-img attachment-large\" alt=\"Cocoon Maldivas\" title=\"Cocoon-Maldivas2\" srcset=\"https:\/\/maldives-paradise.com\/wp-content\/uploads\/2024\/05\/Cocoon-Maldives2.jpg 780w, https:\/\/maldives-paradise.com\/wp-content\/uploads\/2024\/05\/Cocoon-Maldives2-300x225.jpg 300w, https:\/\/maldives-paradise.com\/wp-content\/uploads\/2024\/05\/Cocoon-Maldives2-768x575.jpg 768w, https:\/\/maldives-paradise.com\/wp-content\/uploads\/2024\/05\/Cocoon-Maldives2-16x12.jpg 16w, https:\/\/maldives-paradise.com\/wp-content\/uploads\/2024\/05\/Cocoon-Maldives2-678x509.jpg 678w, https:\/\/maldives-paradise.com\/wp-content\/uploads\/2024\/05\/Cocoon-Maldives2-326x245.jpg 326w, https:\/\/maldives-paradise.com\/wp-content\/uploads\/2024\/05\/Cocoon-Maldives2-80x60.jpg 80w, https:\/\/maldives-paradise.com\/wp-content\/uploads\/2024\/05\/Cocoon-Maldives2-500x374.jpg 500w\" sizes=\"auto, (max-width: 780px) 100vw, 780px\" \/><\/div>\n\t\t<\/figure>\n\t<\/div>\n<\/div><\/div><\/div><\/div><div class=\"vc_row wpb_row vc_row-fluid\"><div class=\"wpb_column vc_column_container vc_col-sm-12\"><div class=\"vc_column-inner\"><div class=\"wpb_wrapper\">\n\t<div class=\"wpb_text_column wpb_content_element\" >\n\t\t<div class=\"wpb_wrapper\">\n\t\t\t<h4><a href=\"https:\/\/hotellook.tp.st\/IwpsBQEP\" target=\"_blank\" rel=\"nofollow noopener\">Cocoon Maldivas \u2013 Todo Incluido<\/a><\/h4>\n<p>Cocoon Maldives combina el dise\u00f1o italiano con la impresionante belleza natural de las Maldivas. Este complejo de lujo ofrece una variedad de alojamientos, desde villas en la playa hasta suites sobre la laguna sobre el agua. Con sus amplias instalaciones de ocio, que incluyen un centro de buceo, spa y club infantil, Cocoon Maldives, ubicado en el atol\u00f3n Lhaviyani, garantiza una estancia memorable para todos los hu\u00e9spedes.<\/p>\n\n\t\t<\/div>\n\t<\/div>\n<\/div><\/div><\/div><\/div><div class=\"vc_row wpb_row vc_row-fluid\"><div class=\"wpb_column vc_column_container vc_col-sm-12\"><div class=\"vc_column-inner\"><div class=\"wpb_wrapper\">\n\t<div  class=\"wpb_single_image wpb_content_element vc_align_left wpb_content_element\">\n\t\t<h2 class=\"wpb_heading wpb_singleimage_heading\">Kuredu Island Resort &amp; Spa<\/h2>\n\t\t<figure class=\"wpb_wrapper vc_figure\">\n\t\t\t<div class=\"vc_single_image-wrapper   vc_box_border_grey\"><img loading=\"lazy\" decoding=\"async\" width=\"780\" height=\"438\" src=\"https:\/\/maldives-paradise.com\/wp-content\/uploads\/2024\/05\/kuredu_Aerial.jpg\" class=\"vc_single_image-img attachment-large\" alt=\"Kuredu Island Resort &amp; Spa\" title=\"kuredu_Aerial\" srcset=\"https:\/\/maldives-paradise.com\/wp-content\/uploads\/2024\/05\/kuredu_Aerial.jpg 780w, https:\/\/maldives-paradise.com\/wp-content\/uploads\/2024\/05\/kuredu_Aerial-300x168.jpg 300w, https:\/\/maldives-paradise.com\/wp-content\/uploads\/2024\/05\/kuredu_Aerial-768x431.jpg 768w, https:\/\/maldives-paradise.com\/wp-content\/uploads\/2024\/05\/kuredu_Aerial-18x10.jpg 18w, https:\/\/maldives-paradise.com\/wp-content\/uploads\/2024\/05\/kuredu_Aerial-678x381.jpg 678w, https:\/\/maldives-paradise.com\/wp-content\/uploads\/2024\/05\/kuredu_Aerial-500x281.jpg 500w\" sizes=\"auto, (max-width: 780px) 100vw, 780px\" \/><\/div>\n\t\t<\/figure>\n\t<\/div>\n<\/div><\/div><\/div><\/div><div class=\"vc_row wpb_row vc_row-fluid\"><div class=\"wpb_column vc_column_container vc_col-sm-12\"><div class=\"vc_column-inner\"><div class=\"wpb_wrapper\">\n\t<div class=\"wpb_text_column wpb_content_element\" >\n\t\t<div class=\"wpb_wrapper\">\n\t\t\t<h4><a href=\"http:\/\/maldives-paradise.com\/es\/spa-del-resort-de-la-isla-kuredu\/\">Kuredu Island Resort &amp; Spa<\/a><\/h4>\n<p>Kuredu Island Resort &amp; Spa es uno de los complejos tur\u00edsticos m\u00e1s grandes de las Maldivas y ofrece una amplia selecci\u00f3n de alojamiento, desde bungalows en la playa hasta lujosas villas Sultan Pool. El complejo es un para\u00edso para los amantes de los deportes acu\u00e1ticos, con un campo de golf de 6 hoyos, un centro de buceo y una variedad de otras actividades.<\/p>\n\n\t\t<\/div>\n\t<\/div>\n<\/div><\/div><\/div><\/div><div class=\"vc_row wpb_row vc_row-fluid\"><div class=\"wpb_column vc_column_container vc_col-sm-12\"><div class=\"vc_column-inner\"><div class=\"wpb_wrapper\">\n\t<div  class=\"wpb_single_image wpb_content_element vc_align_left wpb_content_element\">\n\t\t<h2 class=\"wpb_heading wpb_singleimage_heading\">Palm Beach Island Resort &amp; Spa<\/h2>\n\t\t<figure class=\"wpb_wrapper vc_figure\">\n\t\t\t<div class=\"vc_single_image-wrapper   vc_box_border_grey\"><img loading=\"lazy\" decoding=\"async\" width=\"780\" height=\"520\" src=\"https:\/\/maldives-paradise.com\/wp-content\/uploads\/2024\/05\/palm-beach-island-resort2.jpg\" class=\"vc_single_image-img attachment-large\" alt=\"Palm Beach Island Resort &amp; Spa\" title=\"palm-beach-island-resort2\" srcset=\"https:\/\/maldives-paradise.com\/wp-content\/uploads\/2024\/05\/palm-beach-island-resort2.jpg 780w, https:\/\/maldives-paradise.com\/wp-content\/uploads\/2024\/05\/palm-beach-island-resort2-300x200.jpg 300w, https:\/\/maldives-paradise.com\/wp-content\/uploads\/2024\/05\/palm-beach-island-resort2-768x512.jpg 768w, https:\/\/maldives-paradise.com\/wp-content\/uploads\/2024\/05\/palm-beach-island-resort2-18x12.jpg 18w, https:\/\/maldives-paradise.com\/wp-content\/uploads\/2024\/05\/palm-beach-island-resort2-500x333.jpg 500w\" sizes=\"auto, (max-width: 780px) 100vw, 780px\" \/><\/div>\n\t\t<\/figure>\n\t<\/div>\n<\/div><\/div><\/div><\/div><div class=\"vc_row wpb_row vc_row-fluid\"><div class=\"wpb_column vc_column_container vc_col-sm-12\"><div class=\"vc_column-inner\"><div class=\"wpb_wrapper\">\n\t<div class=\"wpb_text_column wpb_content_element\" >\n\t\t<div class=\"wpb_wrapper\">\n\t\t\t<h4><a href=\"http:\/\/maldives-paradise.com\/es\/spa-del-resort-de-la-isla-palm-beach\/\">Palm Beach Island Resort &amp; Spa<\/a><\/h4>\n<p>Palm Beach Island Resort &amp; Spa, ubicado en una impresionante isla de 2 km de largo, es conocido por sus lujosos alojamientos, que incluyen algunas de las villas m\u00e1s grandes de las Maldivas. El complejo ofrece una combinaci\u00f3n de relajaci\u00f3n y aventura, con un completo centro de buceo, un relajante spa y m\u00faltiples opciones gastron\u00f3micas que sirven cocina internacional.<\/p>\n\n\t\t<\/div>\n\t<\/div>\n<\/div><\/div><\/div><\/div><div class=\"vc_row wpb_row vc_row-fluid\"><div class=\"wpb_column vc_column_container vc_col-sm-12\"><div class=\"vc_column-inner\"><div class=\"wpb_wrapper\">\n\t<div  class=\"wpb_single_image wpb_content_element vc_align_left wpb_content_element\">\n\t\t<h2 class=\"wpb_heading wpb_singleimage_heading\">Innahura Maldivas Resort<\/h2>\n\t\t<figure class=\"wpb_wrapper vc_figure\">\n\t\t\t<div class=\"vc_single_image-wrapper   vc_box_border_grey\"><img loading=\"lazy\" decoding=\"async\" width=\"780\" height=\"437\" src=\"https:\/\/maldives-paradise.com\/wp-content\/uploads\/2024\/05\/Innahura-Maldives-Resort2.jpg\" class=\"vc_single_image-img attachment-large\" alt=\"Innahura Maldivas Resort\" title=\"Innahura-Maldivas-Resort2\" srcset=\"https:\/\/maldives-paradise.com\/wp-content\/uploads\/2024\/05\/Innahura-Maldives-Resort2.jpg 780w, https:\/\/maldives-paradise.com\/wp-content\/uploads\/2024\/05\/Innahura-Maldives-Resort2-300x168.jpg 300w, https:\/\/maldives-paradise.com\/wp-content\/uploads\/2024\/05\/Innahura-Maldives-Resort2-768x430.jpg 768w, https:\/\/maldives-paradise.com\/wp-content\/uploads\/2024\/05\/Innahura-Maldives-Resort2-18x10.jpg 18w, https:\/\/maldives-paradise.com\/wp-content\/uploads\/2024\/05\/Innahura-Maldives-Resort2-678x381.jpg 678w, https:\/\/maldives-paradise.com\/wp-content\/uploads\/2024\/05\/Innahura-Maldives-Resort2-500x280.jpg 500w\" sizes=\"auto, (max-width: 780px) 100vw, 780px\" \/><\/div>\n\t\t<\/figure>\n\t<\/div>\n<\/div><\/div><\/div><\/div><div class=\"vc_row wpb_row vc_row-fluid\"><div class=\"wpb_column vc_column_container vc_col-sm-12\"><div class=\"vc_column-inner\"><div class=\"wpb_wrapper\">\n\t<div class=\"wpb_text_column wpb_content_element\" >\n\t\t<div class=\"wpb_wrapper\">\n\t\t\t<h4><a href=\"http:\/\/maldives-paradise.com\/es\/complejo-turistico-innahura-maldivas\/\">Innahura Maldivas Resort<\/a><\/h4>\n<p>Innahura Maldives Resort ofrece una experiencia de lujo sin pretensiones, centr\u00e1ndose en la belleza natural de las Maldivas. Los bungalows del complejo est\u00e1n dise\u00f1ados para brindar comodidad y simplicidad, brindando un retiro tranquilo. El enfoque de Innahura hacia el lujo es relajado y se centra en brindar una aut\u00e9ntica experiencia de vacaciones en las Maldivas.<\/p>\n<p>Los complejos tur\u00edsticos de lujo del atol\u00f3n Lhaviyani son m\u00e1s que simples lugares para quedarse; son puertas de entrada a experiencias que permanecen en la memoria mucho despu\u00e9s de que el bronceado se haya desvanecido. Cada resort, con sus ofertas \u00fanicas y su hospitalidad incomparable, invita a los hu\u00e9spedes a descubrir el esplendor de las Maldivas en medio del lujo.<\/p>\n\n\t\t<\/div>\n\t<\/div>\n<\/div><\/div><\/div><\/div>\n<\/div>","protected":false},"excerpt":{"rendered":"<div class=\"mh-excerpt\"><\/div>","protected":false},"author":1,"featured_media":16337,"parent":0,"menu_order":0,"comment_status":"closed","ping_status":"closed","template":"","meta":{"footnotes":""},"class_list":["post-16336","page","type-page","status-publish","has-post-thumbnail"],"aioseo_notices":[],"_links":{"self":[{"href":"http:\/\/maldives-paradise.com\/es\/wp-json\/wp\/v2\/pages\/16336","targetHints":{"allow":["GET"]}}],"collection":[{"href":"http:\/\/maldives-paradise.com\/es\/wp-json\/wp\/v2\/pages"}],"about":[{"href":"http:\/\/maldives-paradise.com\/es\/wp-json\/wp\/v2\/types\/page"}],"author":[{"embeddable":true,"href":"http:\/\/maldives-paradise.com\/es\/wp-json\/wp\/v2\/users\/1"}],"replies":[{"embeddable":true,"href":"http:\/\/maldives-paradise.com\/es\/wp-json\/wp\/v2\/comments?post=16336"}],"version-history":[{"count":4,"href":"http:\/\/maldives-paradise.com\/es\/wp-json\/wp\/v2\/pages\/16336\/revisions"}],"predecessor-version":[{"id":16352,"href":"http:\/\/maldives-paradise.com\/es\/wp-json\/wp\/v2\/pages\/16336\/revisions\/16352"}],"wp:featuredmedia":[{"embeddable":true,"href":"http:\/\/maldives-paradise.com\/es\/wp-json\/wp\/v2\/media\/16337"}],"wp:attachment":[{"href":"http:\/\/maldives-paradise.com\/es\/wp-json\/wp\/v2\/media?parent=16336"}],"curies":[{"name":"gracias","href":"https:\/\/api.w.org\/{rel}","templated":true}]}}