{"id":16281,"date":"2024-05-30T15:27:54","date_gmt":"2024-05-30T15:27:54","guid":{"rendered":"http:\/\/maldives-paradise.com\/?page_id=16281"},"modified":"2025-02-22T18:08:19","modified_gmt":"2025-02-22T18:08:19","slug":"los-mejores-resorts-de-lujo-en-el-atolon-de-meemu","status":"publish","type":"page","link":"http:\/\/maldives-paradise.com\/es\/los-mejores-resorts-de-lujo-en-el-atolon-de-meemu\/","title":{"rendered":"Los mejores complejos tur\u00edsticos de lujo en el atol\u00f3n Meemu"},"content":{"rendered":"<div class=\"wpb-content-wrapper\"><div class=\"vc_row wpb_row vc_row-fluid\"><div class=\"wpb_column vc_column_container vc_col-sm-12\"><div class=\"vc_column-inner\"><div class=\"wpb_wrapper\">\n\t<div class=\"wpb_text_column wpb_content_element\" >\n\t\t<div class=\"wpb_wrapper\">\n\t\t\t<p>El atol\u00f3n Meemu, enclavado en el impresionante archipi\u00e9lago de las Maldivas, se mantiene como un para\u00edso relativamente virgen, ofreciendo a los viajeros m\u00e1s exigentes una experiencia de lujo m\u00e1s \u00edntima y aislada. Conocido por sus vibrantes arrecifes de coral, aguas cristalinas y la tranquilidad que impregna sus islas, <strong>Atol\u00f3n Meemu<\/strong> Alberga algunos de los mejores resorts de lujo de las Maldivas. Aqu\u00ed te presentamos una selecci\u00f3n de los mejores resorts de lujo del atol\u00f3n Meemu, cada uno de los cuales promete una escapada inolvidable al para\u00edso.<\/p>\n\n\t\t<\/div>\n\t<\/div>\n<\/div><\/div><\/div><\/div><div class=\"vc_row wpb_row vc_row-fluid\"><div class=\"wpb_column vc_column_container vc_col-sm-12\"><div class=\"vc_column-inner\"><div class=\"wpb_wrapper\">\n\t<div  class=\"wpb_single_image wpb_content_element vc_align_left wpb_content_element\">\n\t\t<h2 class=\"wpb_heading wpb_singleimage_heading\">Canela Hakuraa Huraa Maldivas<\/h2>\n\t\t<figure class=\"wpb_wrapper vc_figure\">\n\t\t\t<div class=\"vc_single_image-wrapper   vc_box_border_grey\"><img loading=\"lazy\" decoding=\"async\" width=\"780\" height=\"436\" src=\"https:\/\/maldives-paradise.com\/wp-content\/uploads\/2024\/05\/Cinnamon-Hakuraa-Water-Bungalow.jpg\" class=\"vc_single_image-img attachment-large\" alt=\"Canela Hakuraa Huraa Maldivas\" title=\"Cinnamon-Hakuraa-Water-Bungalow\" srcset=\"https:\/\/maldives-paradise.com\/wp-content\/uploads\/2024\/05\/Cinnamon-Hakuraa-Water-Bungalow.jpg 780w, https:\/\/maldives-paradise.com\/wp-content\/uploads\/2024\/05\/Cinnamon-Hakuraa-Water-Bungalow-300x168.jpg 300w, https:\/\/maldives-paradise.com\/wp-content\/uploads\/2024\/05\/Cinnamon-Hakuraa-Water-Bungalow-768x429.jpg 768w, https:\/\/maldives-paradise.com\/wp-content\/uploads\/2024\/05\/Cinnamon-Hakuraa-Water-Bungalow-18x10.jpg 18w, https:\/\/maldives-paradise.com\/wp-content\/uploads\/2024\/05\/Cinnamon-Hakuraa-Water-Bungalow-500x279.jpg 500w\" sizes=\"auto, (max-width: 780px) 100vw, 780px\" \/><\/div>\n\t\t<\/figure>\n\t<\/div>\n<\/div><\/div><\/div><\/div><div class=\"vc_row wpb_row vc_row-fluid\"><div class=\"wpb_column vc_column_container vc_col-sm-12\"><div class=\"vc_column-inner\"><div class=\"wpb_wrapper\">\n\t<div class=\"wpb_text_column wpb_content_element\" >\n\t\t<div class=\"wpb_wrapper\">\n\t\t\t<h4><a href=\"http:\/\/maldives-paradise.com\/es\/canela-hakuraa-huraa-maldivas\/\"><strong>Canela Hakuraa Huraa Maldivas<\/strong><\/a><\/h4>\n<p>Cinnamon Hakuraa Huraa Maldives es famoso por sus bungalows sobre el agua, construidos sobre pilotes sobre la resplandeciente laguna. Este resort todo incluido ofrece una variedad de experiencias gastron\u00f3micas, un spa flotante y una amplia gama de deportes acu\u00e1ticos, lo que lo convierte en el destino ideal para quienes buscan lujo en armon\u00eda con la naturaleza en el atol\u00f3n Meemu.<\/p>\n\n\t\t<\/div>\n\t<\/div>\n<\/div><\/div><\/div><\/div><div class=\"vc_row wpb_row vc_row-fluid\"><div class=\"wpb_column vc_column_container vc_col-sm-12\"><div class=\"vc_column-inner\"><div class=\"wpb_wrapper\">\n\t<div  class=\"wpb_single_image wpb_content_element vc_align_left wpb_content_element\">\n\t\t<h2 class=\"wpb_heading wpb_singleimage_heading\">Isla privada Madifushi<\/h2>\n\t\t<figure class=\"wpb_wrapper vc_figure\">\n\t\t\t<div class=\"vc_single_image-wrapper   vc_box_border_grey\"><img loading=\"lazy\" decoding=\"async\" width=\"780\" height=\"520\" src=\"https:\/\/maldives-paradise.com\/wp-content\/uploads\/2024\/05\/madifushi.jpg\" class=\"vc_single_image-img attachment-large\" alt=\"Isla privada Madifushi\" title=\"madifushi\" srcset=\"https:\/\/maldives-paradise.com\/wp-content\/uploads\/2024\/05\/madifushi.jpg 780w, https:\/\/maldives-paradise.com\/wp-content\/uploads\/2024\/05\/madifushi-300x200.jpg 300w, https:\/\/maldives-paradise.com\/wp-content\/uploads\/2024\/05\/madifushi-768x512.jpg 768w, https:\/\/maldives-paradise.com\/wp-content\/uploads\/2024\/05\/madifushi-18x12.jpg 18w, https:\/\/maldives-paradise.com\/wp-content\/uploads\/2024\/05\/madifushi-500x333.jpg 500w\" sizes=\"auto, (max-width: 780px) 100vw, 780px\" \/><\/div>\n\t\t<\/figure>\n\t<\/div>\n<\/div><\/div><\/div><\/div><div class=\"vc_row wpb_row vc_row-fluid\"><div class=\"wpb_column vc_column_container vc_col-sm-12\"><div class=\"vc_column-inner\"><div class=\"wpb_wrapper\">\n\t<div class=\"wpb_text_column wpb_content_element\" >\n\t\t<div class=\"wpb_wrapper\">\n\t\t\t<h4><a href=\"https:\/\/hotellook.tp.st\/ShRDgNOx\" target=\"_blank\" rel=\"nofollow noopener\">Isla privada Madifushi<\/a><\/h4>\n<p>Madifushi Private Island Maldives es altamente recomendado por sus impecables instalaciones y lujosos servicios, aunque se sugiere que el spa y las actividades infantiles podr\u00edan mejorarse. Los usuarios elogian efusivamente el excepcional servicio, destacando la atenci\u00f3n del personal y el ambiente general de elegancia y tranquilidad.<\/p>\n\n\t\t<\/div>\n\t<\/div>\n<\/div><\/div><\/div><\/div><div class=\"vc_row wpb_row vc_row-fluid\"><div class=\"wpb_column vc_column_container vc_col-sm-12\"><div class=\"vc_column-inner\"><div class=\"wpb_wrapper\">\n\t<div  class=\"wpb_single_image wpb_content_element vc_align_left wpb_content_element\">\n\t\t<h2 class=\"wpb_heading wpb_singleimage_heading\">Complejo tur\u00edstico en la isla de Medhufushi<\/h2>\n\t\t<figure class=\"wpb_wrapper vc_figure\">\n\t\t\t<div class=\"vc_single_image-wrapper   vc_box_border_grey\"><img loading=\"lazy\" decoding=\"async\" width=\"780\" height=\"520\" src=\"https:\/\/maldives-paradise.com\/wp-content\/uploads\/2024\/05\/Medhufushi-Island-Resort.jpg\" class=\"vc_single_image-img attachment-large\" alt=\"Complejo tur\u00edstico en la isla de Medhufushi\" title=\"Complejo tur\u00edstico en la isla de Medhufushi\" srcset=\"https:\/\/maldives-paradise.com\/wp-content\/uploads\/2024\/05\/Medhufushi-Island-Resort.jpg 780w, https:\/\/maldives-paradise.com\/wp-content\/uploads\/2024\/05\/Medhufushi-Island-Resort-300x200.jpg 300w, https:\/\/maldives-paradise.com\/wp-content\/uploads\/2024\/05\/Medhufushi-Island-Resort-768x512.jpg 768w, https:\/\/maldives-paradise.com\/wp-content\/uploads\/2024\/05\/Medhufushi-Island-Resort-18x12.jpg 18w, https:\/\/maldives-paradise.com\/wp-content\/uploads\/2024\/05\/Medhufushi-Island-Resort-500x333.jpg 500w\" sizes=\"auto, (max-width: 780px) 100vw, 780px\" \/><\/div>\n\t\t<\/figure>\n\t<\/div>\n<\/div><\/div><\/div><\/div><div class=\"vc_row wpb_row vc_row-fluid\"><div class=\"wpb_column vc_column_container vc_col-sm-12\"><div class=\"vc_column-inner\"><div class=\"wpb_wrapper\">\n\t<div class=\"wpb_text_column wpb_content_element\" >\n\t\t<div class=\"wpb_wrapper\">\n\t\t\t<h4><a href=\"http:\/\/maldives-paradise.com\/es\/complejo-turistico-en-la-isla-medhufushi\/\">Complejo tur\u00edstico en la isla de Medhufushi<\/a><\/h4>\n<p>Medhufushi Island Resort es un remanso de paz que combina la est\u00e9tica tradicional maldiva con el lujo moderno. Las villas del resort, tanto sobre el agua como en la playa, ofrecen impresionantes vistas y acceso directo a las aguas turquesas. Con un spa de primera clase, un centro de deportes acu\u00e1ticos y exquisitas opciones gastron\u00f3micas, Medhufushi ofrece una experiencia hol\u00edstica de lujo en un entorno pintoresco.<\/p>\n<p>Estos resorts de lujo en el atol\u00f3n Meemu ofrecen una combinaci\u00f3n \u00fanica de aislamiento, belleza natural y lujosa comodidad, lo que los convierte en destinos perfectos para quienes buscan escapar del ajetreo de la vida diaria. Ya seas un aventurero, un amante de la relajaci\u00f3n o alguien con un estilo intermedio, los resorts de lujo del atol\u00f3n Meemu prometen una experiencia maldiva inigualable.<\/p>\n\n\t\t<\/div>\n\t<\/div>\n<\/div><\/div><\/div><\/div>\n<\/div>","protected":false},"excerpt":{"rendered":"<div class=\"mh-excerpt\"><\/div>","protected":false},"author":1,"featured_media":16282,"parent":0,"menu_order":0,"comment_status":"closed","ping_status":"closed","template":"","meta":{"footnotes":""},"class_list":["post-16281","page","type-page","status-publish","has-post-thumbnail"],"aioseo_notices":[],"_links":{"self":[{"href":"http:\/\/maldives-paradise.com\/es\/wp-json\/wp\/v2\/pages\/16281","targetHints":{"allow":["GET"]}}],"collection":[{"href":"http:\/\/maldives-paradise.com\/es\/wp-json\/wp\/v2\/pages"}],"about":[{"href":"http:\/\/maldives-paradise.com\/es\/wp-json\/wp\/v2\/types\/page"}],"author":[{"embeddable":true,"href":"http:\/\/maldives-paradise.com\/es\/wp-json\/wp\/v2\/users\/1"}],"replies":[{"embeddable":true,"href":"http:\/\/maldives-paradise.com\/es\/wp-json\/wp\/v2\/comments?post=16281"}],"version-history":[{"count":3,"href":"http:\/\/maldives-paradise.com\/es\/wp-json\/wp\/v2\/pages\/16281\/revisions"}],"predecessor-version":[{"id":16288,"href":"http:\/\/maldives-paradise.com\/es\/wp-json\/wp\/v2\/pages\/16281\/revisions\/16288"}],"wp:featuredmedia":[{"embeddable":true,"href":"http:\/\/maldives-paradise.com\/es\/wp-json\/wp\/v2\/media\/16282"}],"wp:attachment":[{"href":"http:\/\/maldives-paradise.com\/es\/wp-json\/wp\/v2\/media?parent=16281"}],"curies":[{"name":"gracias","href":"https:\/\/api.w.org\/{rel}","templated":true}]}}