{"id":16243,"date":"2024-05-28T18:22:14","date_gmt":"2024-05-28T18:22:14","guid":{"rendered":"http:\/\/maldives-paradise.com\/?page_id=16243"},"modified":"2025-02-22T18:05:32","modified_gmt":"2025-02-22T18:05:32","slug":"los-mejores-resorts-de-lujo-en-el-atolon-de-laamu","status":"publish","type":"page","link":"http:\/\/maldives-paradise.com\/es\/los-mejores-resorts-de-lujo-en-el-atolon-de-laamu\/","title":{"rendered":"Los mejores complejos tur\u00edsticos de lujo en el atol\u00f3n de Laamu"},"content":{"rendered":"<div class=\"wpb-content-wrapper\"><div class=\"vc_row wpb_row vc_row-fluid\"><div class=\"wpb_column vc_column_container vc_col-sm-12\"><div class=\"vc_column-inner\"><div class=\"wpb_wrapper\">\n\t<div class=\"wpb_text_column wpb_content_element\" >\n\t\t<div class=\"wpb_wrapper\">\n\t\t\t<p>El atol\u00f3n de Laamu, ubicado en el sur de las Maldivas, es un tapiz impresionante de aguas azules resplandecientes, arrecifes de coral vibrantes e islas tropicales v\u00edrgenes. Representa un refugio exclusivo para quienes buscan privacidad, lujo incomparable y una conexi\u00f3n genuina con la serena belleza de la naturaleza. Los resorts de lujo del atol\u00f3n son clases magistrales de lujo sustentable, que combinan pr\u00e1cticas ecol\u00f3gicas con experiencias placenteras, asegurando que los hu\u00e9spedes disfruten del entorno pr\u00edstino de manera responsable y lujosa. Estos son los mejores resorts de lujo en <strong>Atol\u00f3n de Laamu<\/strong>, cada uno ofreciendo una porci\u00f3n excepcional de para\u00edso.<\/p>\n\n\t\t<\/div>\n\t<\/div>\n<\/div><\/div><\/div><\/div><div class=\"vc_row wpb_row vc_row-fluid\"><div class=\"wpb_column vc_column_container vc_col-sm-12\"><div class=\"vc_column-inner\"><div class=\"wpb_wrapper\">\n\t<div  class=\"wpb_single_image wpb_content_element vc_align_left wpb_content_element\">\n\t\t<h2 class=\"wpb_heading wpb_singleimage_heading\">Laamu de los Seis Sentidos<\/h2>\n\t\t<figure class=\"wpb_wrapper vc_figure\">\n\t\t\t<div class=\"vc_single_image-wrapper   vc_box_border_grey\"><img loading=\"lazy\" decoding=\"async\" width=\"780\" height=\"474\" src=\"https:\/\/maldives-paradise.com\/wp-content\/uploads\/2024\/05\/six-senses-laamu.jpg\" class=\"vc_single_image-img attachment-large\" alt=\"Laamu de los Seis Sentidos\" title=\"Laamu de los Seis Sentidos\" srcset=\"https:\/\/maldives-paradise.com\/wp-content\/uploads\/2024\/05\/six-senses-laamu.jpg 780w, https:\/\/maldives-paradise.com\/wp-content\/uploads\/2024\/05\/six-senses-laamu-300x182.jpg 300w, https:\/\/maldives-paradise.com\/wp-content\/uploads\/2024\/05\/six-senses-laamu-768x467.jpg 768w, https:\/\/maldives-paradise.com\/wp-content\/uploads\/2024\/05\/six-senses-laamu-18x12.jpg 18w, https:\/\/maldives-paradise.com\/wp-content\/uploads\/2024\/05\/six-senses-laamu-500x304.jpg 500w\" sizes=\"auto, (max-width: 780px) 100vw, 780px\" \/><\/div>\n\t\t<\/figure>\n\t<\/div>\n<\/div><\/div><\/div><\/div><div class=\"vc_row wpb_row vc_row-fluid\"><div class=\"wpb_column vc_column_container vc_col-sm-12\"><div class=\"vc_column-inner\"><div class=\"wpb_wrapper\">\n\t<div class=\"wpb_text_column wpb_content_element\" >\n\t\t<div class=\"wpb_wrapper\">\n\t\t\t<h4><a href=\"http:\/\/maldives-paradise.com\/es\/seis-sentidos-laamu\/\">Laamu de los Seis Sentidos<\/a><\/h4>\n<p>Six Senses Laamu es el ep\u00edtome del lujo sostenible, \u00fanico en el atol\u00f3n de Laamu. Combina a la perfecci\u00f3n la responsabilidad medioambiental con la vida de lujo, ofreciendo villas construidas con materiales naturales, situadas sobre el agua o enclavadas en una exuberante vegetaci\u00f3n. El compromiso del complejo con la conservaci\u00f3n es evidente en sus jardines org\u00e1nicos, programas de conservaci\u00f3n marina y el Earth Lab, que muestra los esfuerzos de sostenibilidad. Los hu\u00e9spedes pueden disfrutar de experiencias gastron\u00f3micas de primera clase, innovadores tratamientos de bienestar en el Six Senses Spa y una gran cantidad de actividades acu\u00e1ticas, todo ello rodeados de la impresionante belleza natural del atol\u00f3n.<\/p>\n\n\t\t<\/div>\n\t<\/div>\n<\/div><\/div><\/div><\/div><div class=\"vc_row wpb_row vc_row-fluid\"><div class=\"wpb_column vc_column_container vc_col-sm-12\"><div class=\"vc_column-inner\"><div class=\"wpb_wrapper\">\n\t<div  class=\"wpb_single_image wpb_content_element vc_align_left wpb_content_element\">\n\t\t<h2 class=\"wpb_heading wpb_singleimage_heading\">Rahaa Resort Maldivas<\/h2>\n\t\t<figure class=\"wpb_wrapper vc_figure\">\n\t\t\t<div class=\"vc_single_image-wrapper   vc_box_border_grey\"><img loading=\"lazy\" decoding=\"async\" width=\"780\" height=\"519\" src=\"https:\/\/maldives-paradise.com\/wp-content\/uploads\/2024\/05\/rahaa.jpg\" class=\"vc_single_image-img attachment-large\" alt=\"complejo rahaa\" title=\"rahaa\" srcset=\"https:\/\/maldives-paradise.com\/wp-content\/uploads\/2024\/05\/rahaa.jpg 780w, https:\/\/maldives-paradise.com\/wp-content\/uploads\/2024\/05\/rahaa-300x200.jpg 300w, https:\/\/maldives-paradise.com\/wp-content\/uploads\/2024\/05\/rahaa-768x511.jpg 768w, https:\/\/maldives-paradise.com\/wp-content\/uploads\/2024\/05\/rahaa-18x12.jpg 18w, https:\/\/maldives-paradise.com\/wp-content\/uploads\/2024\/05\/rahaa-500x333.jpg 500w\" sizes=\"auto, (max-width: 780px) 100vw, 780px\" \/><\/div>\n\t\t<\/figure>\n\t<\/div>\n<\/div><\/div><\/div><\/div><div class=\"vc_row wpb_row vc_row-fluid\"><div class=\"wpb_column vc_column_container vc_col-sm-12\"><div class=\"vc_column-inner\"><div class=\"wpb_wrapper\">\n\t<div class=\"wpb_text_column wpb_content_element\" >\n\t\t<div class=\"wpb_wrapper\">\n\t\t\t<h4><a href=\"http:\/\/maldives-paradise.com\/es\/rahaa-resort-maldivas\/\">Rahaa Resort Maldivas<\/a><\/h4>\n<p>Espa\u00f1olRahaa es un resort de 4 estrellas ubicado en el atol\u00f3n Laamu, un destino privilegiado para una amplia gama de viajeros, desde parejas de luna de miel y familias hasta grupos de amigos y aventureros. Un lugar de gran belleza natural con vegetaci\u00f3n original, amplias extensiones de playa y un lago natural de agua salada. Se puede llegar a Rahaa mediante un breve vuelo nacional de 30 a 40 minutos seguido de un r\u00e1pido viaje en lancha r\u00e1pida de 20 a 30 minutos. El resort cuenta con dos categor\u00edas de villas en tierra, con un dise\u00f1o moderno minimalista vibrante que se infunde con la arquitectura local de Maldivas, las Lake View Villas y las Ocean View Villas. Los hu\u00e9spedes pueden disfrutar de una excelente cocina internacional y local en el restaurante principal &#039;Kaage&#039; y dos bares, &#039;Dhirun Bar&#039; y &#039;Ko&#039;Bar&#039;. Todos los establecimientos est\u00e1n justo en la playa con vistas al oc\u00e9ano y al lago. Rahaa tambi\u00e9n ofrece una amplia gama de actividades y servicios que incluyen buceo, deportes acu\u00e1ticos, Kids Corner, SPA, gimnasio, excursiones, surf y m\u00e1s.<\/p>\n\n\t\t<\/div>\n\t<\/div>\n<\/div><\/div><\/div><\/div><div class=\"vc_row wpb_row vc_row-fluid\"><div class=\"wpb_column vc_column_container vc_col-sm-12\"><div class=\"vc_column-inner\"><div class=\"wpb_wrapper\">\n\t<div  class=\"wpb_single_image wpb_content_element vc_align_left wpb_content_element\">\n\t\t<h2 class=\"wpb_heading wpb_singleimage_heading\">Colecci\u00f3n de playa Evexia Laamu<\/h2>\n\t\t<figure class=\"wpb_wrapper vc_figure\">\n\t\t\t<div class=\"vc_single_image-wrapper   vc_box_border_grey\"><img loading=\"lazy\" decoding=\"async\" width=\"780\" height=\"503\" src=\"https:\/\/maldives-paradise.com\/wp-content\/uploads\/2024\/05\/evexia-residences-beach.jpg\" class=\"vc_single_image-img attachment-large\" alt=\"Colecci\u00f3n de playa Evexia Laamu\" title=\"residencias-evexia-playa\" srcset=\"https:\/\/maldives-paradise.com\/wp-content\/uploads\/2024\/05\/evexia-residences-beach.jpg 780w, https:\/\/maldives-paradise.com\/wp-content\/uploads\/2024\/05\/evexia-residences-beach-300x193.jpg 300w, https:\/\/maldives-paradise.com\/wp-content\/uploads\/2024\/05\/evexia-residences-beach-768x495.jpg 768w, https:\/\/maldives-paradise.com\/wp-content\/uploads\/2024\/05\/evexia-residences-beach-18x12.jpg 18w, https:\/\/maldives-paradise.com\/wp-content\/uploads\/2024\/05\/evexia-residences-beach-500x322.jpg 500w\" sizes=\"auto, (max-width: 780px) 100vw, 780px\" \/><\/div>\n\t\t<\/figure>\n\t<\/div>\n<\/div><\/div><\/div><\/div><div class=\"vc_row wpb_row vc_row-fluid\"><div class=\"wpb_column vc_column_container vc_col-sm-12\"><div class=\"vc_column-inner\"><div class=\"wpb_wrapper\">\n\t<div class=\"wpb_text_column wpb_content_element\" >\n\t\t<div class=\"wpb_wrapper\">\n\t\t\t<h4>Colecci\u00f3n de playa Evexia Laamu<\/h4>\n<p>Evexia Beach Collection LaamuTM es un resort boutique ecol\u00f3gico de primer nivel que cuenta con amplias instalaciones de ocio y bienestar que superan las expectativas de los viajeros que buscan el bienestar. Ofrece tres tipos diferentes de habitaciones, restaurantes, una piscina de nataci\u00f3n de gran tama\u00f1o, una playa privada de aguas cristalinas, Ayush SpaTM, gimnasio, un jard\u00edn para practicar yoga y meditaci\u00f3n y una tienda de regalos.<\/p>\n\n\t\t<\/div>\n\t<\/div>\n<\/div><\/div><\/div><\/div><div class=\"vc_row wpb_row vc_row-fluid\"><div class=\"wpb_column vc_column_container vc_col-sm-12\"><div class=\"vc_column-inner\"><div class=\"wpb_wrapper\">\n\t<div  class=\"wpb_single_image wpb_content_element vc_align_left wpb_content_element\">\n\t\t<h2 class=\"wpb_heading wpb_singleimage_heading\">Palacio Amra Laamu<\/h2>\n\t\t<figure class=\"wpb_wrapper vc_figure\">\n\t\t\t<div class=\"vc_single_image-wrapper   vc_box_border_grey\"><img loading=\"lazy\" decoding=\"async\" width=\"780\" height=\"520\" src=\"https:\/\/maldives-paradise.com\/wp-content\/uploads\/2024\/05\/Amra-Palace-laamu.jpeg\" class=\"vc_single_image-img attachment-large\" alt=\"Palacio Amra Laamu\" title=\"Palacio Amra Laamu\" srcset=\"https:\/\/maldives-paradise.com\/wp-content\/uploads\/2024\/05\/Amra-Palace-laamu.jpeg 780w, https:\/\/maldives-paradise.com\/wp-content\/uploads\/2024\/05\/Amra-Palace-laamu-300x200.jpeg 300w, https:\/\/maldives-paradise.com\/wp-content\/uploads\/2024\/05\/Amra-Palace-laamu-768x512.jpeg 768w, https:\/\/maldives-paradise.com\/wp-content\/uploads\/2024\/05\/Amra-Palace-laamu-18x12.jpeg 18w, https:\/\/maldives-paradise.com\/wp-content\/uploads\/2024\/05\/Amra-Palace-laamu-500x333.jpeg 500w\" sizes=\"auto, (max-width: 780px) 100vw, 780px\" \/><\/div>\n\t\t<\/figure>\n\t<\/div>\n<\/div><\/div><\/div><\/div><div class=\"vc_row wpb_row vc_row-fluid\"><div class=\"wpb_column vc_column_container vc_col-sm-12\"><div class=\"vc_column-inner\"><div class=\"wpb_wrapper\">\n\t<div class=\"wpb_text_column wpb_content_element\" >\n\t\t<div class=\"wpb_wrapper\">\n\t\t\t<h4><a href=\"https:\/\/hotellook.tp.st\/1BjYBZ1c\" target=\"_blank\" rel=\"nofollow noopener\">Palacio Amra Laamu<\/a><\/h4>\n<p>Visita Amra Palace Laamu Experimenta la belleza de las verdaderas Maldivas, el sol, las playas de arena blanca, los mares cristalinos y los muchos tonos de cielo azul claro al alojarte en Amra Palace, Gan Island, Laamu Atoll, Maldives. Disfruta de las instalaciones recreativas del hotel, que incluyen cancha de b\u00e1dminton, botes, canoa, alquiler de equipos para deportes acu\u00e1ticos, esn\u00f3rquel, antes de retirarte a tu habitaci\u00f3n para un merecido descanso. Amra Palace combina una c\u00e1lida hospitalidad con un ambiente encantador para que tu estad\u00eda en las Islas Maldivas sea inolvidable.<\/p>\n\n\t\t<\/div>\n\t<\/div>\n<\/div><\/div><\/div><\/div>\n<\/div>","protected":false},"excerpt":{"rendered":"<div class=\"mh-excerpt\"><\/div>","protected":false},"author":1,"featured_media":16244,"parent":0,"menu_order":0,"comment_status":"closed","ping_status":"closed","template":"","meta":{"footnotes":""},"class_list":["post-16243","page","type-page","status-publish","has-post-thumbnail"],"aioseo_notices":[],"_links":{"self":[{"href":"http:\/\/maldives-paradise.com\/es\/wp-json\/wp\/v2\/pages\/16243","targetHints":{"allow":["GET"]}}],"collection":[{"href":"http:\/\/maldives-paradise.com\/es\/wp-json\/wp\/v2\/pages"}],"about":[{"href":"http:\/\/maldives-paradise.com\/es\/wp-json\/wp\/v2\/types\/page"}],"author":[{"embeddable":true,"href":"http:\/\/maldives-paradise.com\/es\/wp-json\/wp\/v2\/users\/1"}],"replies":[{"embeddable":true,"href":"http:\/\/maldives-paradise.com\/es\/wp-json\/wp\/v2\/comments?post=16243"}],"version-history":[{"count":2,"href":"http:\/\/maldives-paradise.com\/es\/wp-json\/wp\/v2\/pages\/16243\/revisions"}],"predecessor-version":[{"id":16251,"href":"http:\/\/maldives-paradise.com\/es\/wp-json\/wp\/v2\/pages\/16243\/revisions\/16251"}],"wp:featuredmedia":[{"embeddable":true,"href":"http:\/\/maldives-paradise.com\/es\/wp-json\/wp\/v2\/media\/16244"}],"wp:attachment":[{"href":"http:\/\/maldives-paradise.com\/es\/wp-json\/wp\/v2\/media?parent=16243"}],"curies":[{"name":"gracias","href":"https:\/\/api.w.org\/{rel}","templated":true}]}}