{"id":15282,"date":"2024-05-12T17:28:39","date_gmt":"2024-05-12T17:28:39","guid":{"rendered":"http:\/\/maldives-paradise.com\/?page_id=15282"},"modified":"2025-11-26T09:37:10","modified_gmt":"2025-11-26T09:37:10","slug":"los-12-mejores-resorts-con-spa-en-maldivas","status":"publish","type":"page","link":"http:\/\/maldives-paradise.com\/es\/los-12-mejores-resorts-con-spa-en-maldivas\/","title":{"rendered":"Los mejores resorts con spa en Maldivas"},"content":{"rendered":"<div class=\"wpb-content-wrapper\"><div class=\"vc_row wpb_row vc_row-fluid\"><div class=\"wpb_column vc_column_container vc_col-sm-12\"><div class=\"vc_column-inner\"><div class=\"wpb_wrapper\">\n\t<div class=\"wpb_text_column wpb_content_element\" >\n\t\t<div class=\"wpb_wrapper\">\n\t\t\t<p>Experimente los mejores resorts de spa y bienestar en Maldivas. Los complejos tur\u00edsticos con spa en las Maldivas se encuentran entre los mejores servicios de spa de lujo del mundo. Cada resort spa combina los m\u00e1s altos est\u00e1ndares de lujo y servicio.<\/p>\n<p>Reservar un resort con spa en las Maldivas ofrece el mejor retiro para relajarse y rejuvenecer. Estos complejos tur\u00edsticos son famosos por sus lujosas instalaciones de spa, que ofrecen una amplia gama de tratamientos inspirados en pr\u00e1cticas de bienestar tradicionales y modernas. Los hu\u00e9spedes pueden disfrutar de masajes relajantes, exfoliaciones corporales vigorizantes y terapias hol\u00edsticas mientras disfrutan de impresionantes vistas al oc\u00e9ano. El entorno sereno y natural mejora la experiencia general y proporciona un escape tranquilo de la vida cotidiana. Con programas de bienestar personalizados, entornos tranquilos y servicio de primer nivel, un resort con spa en las Maldivas es el destino perfecto para quienes buscan restaurar su mente, cuerpo y esp\u00edritu.<\/p>\n<p>Aqu\u00ed hay una lista de los mejores resorts con spa.<\/p>\n\n\t\t<\/div>\n\t<\/div>\n<\/div><\/div><\/div><\/div><div class=\"vc_row wpb_row vc_row-fluid\"><div class=\"wpb_column vc_column_container vc_col-sm-3\"><div class=\"vc_column-inner\"><div class=\"wpb_wrapper\">\n\t<div  class=\"wpb_single_image wpb_content_element vc_align_left wpb_content_element\">\n\t\t\n\t\t<figure class=\"wpb_wrapper vc_figure\">\n\t\t\t<a href=\"https:\/\/lamp.glopss.com\/aff_c?offer_id=9&#038;aff_id=1834&#038;url=https%3A%2F%2Fwww.anantara.com%2Fen%2Fveli-maldives\" target=\"_self\" class=\"vc_single_image-wrapper   vc_box_border_grey\"><img loading=\"lazy\" decoding=\"async\" width=\"150\" height=\"150\" src=\"https:\/\/maldives-paradise.com\/wp-content\/uploads\/2024\/05\/Anantara-Veli-Maldives-Resort-spa-150x150.jpg\" class=\"vc_single_image-img attachment-thumbnail\" alt=\"El spa del Anantara Veli Maldives Resort\" title=\"Anantara-Veli-Maldivas-Resort-spa\" \/><\/a>\n\t\t<\/figure>\n\t<\/div>\n<\/div><\/div><\/div><div class=\"wpb_column vc_column_container vc_col-sm-9\"><div class=\"vc_column-inner\"><div class=\"wpb_wrapper\">\n\t<div class=\"wpb_text_column wpb_content_element\" >\n\t\t<div class=\"wpb_wrapper\">\n\t\t\t<h4><a href=\"https:\/\/lamp.glopss.com\/SHUt\" target=\"_blank\" rel=\"nofollow noopener\">Anantara Veli Maldivas Resort<\/a><\/h4>\n<p>El arte de curar. Encuentra la paz en cuerpo y mente con t\u00e9cnicas ancestrales.<br \/>\nEn Balance Wellness by Anantara te invitamos a embarcarte en un retiro de bienestar hol\u00edstico para cuerpo y mente. Saluda al sol. Medita ante el oc\u00e9ano. Disfrute de relajantes terapias ayurv\u00e9dicas adaptadas a sus necesidades en uno de los mejores retiros de bienestar de las Maldivas.<\/p>\n\n\t\t<\/div>\n\t<\/div>\n<\/div><\/div><\/div><\/div><div class=\"vc_row wpb_row vc_row-fluid\"><div class=\"wpb_column vc_column_container vc_col-sm-3\"><div class=\"vc_column-inner\"><div class=\"wpb_wrapper\">\n\t<div  class=\"wpb_single_image wpb_content_element vc_align_left wpb_content_element\">\n\t\t\n\t\t<figure class=\"wpb_wrapper vc_figure\">\n\t\t\t<a href=\"https:\/\/lamp.glopss.com\/aff_c?offer_id=1476&#038;aff_id=1834&#038;url=https%3A%2F%2Fwww.sunsiyam.com%2Fsun-siyam-iru-fushi%2F\" target=\"_self\" class=\"vc_single_image-wrapper   vc_box_border_grey\"><img loading=\"lazy\" decoding=\"async\" width=\"150\" height=\"150\" src=\"https:\/\/maldives-paradise.com\/wp-content\/uploads\/2024\/05\/spa-sun-siyam-maldives-iru-fushi-150x150.jpg\" class=\"vc_single_image-img attachment-thumbnail\" alt=\"\" title=\"spa-sun-siyam-maldivas-iru-fushi\" \/><\/a>\n\t\t<\/figure>\n\t<\/div>\n<\/div><\/div><\/div><div class=\"wpb_column vc_column_container vc_col-sm-9\"><div class=\"vc_column-inner\"><div class=\"wpb_wrapper\">\n\t<div class=\"wpb_text_column wpb_content_element\" >\n\t\t<div class=\"wpb_wrapper\">\n\t\t\t<h4><a href=\"https:\/\/lamp.glopss.com\/SHUw\" target=\"_blank\" rel=\"nofollow noopener\">Sun Siyam Iru Fushi<\/a><\/h4>\n<p>Ingrese a nuestro galardonado The Spa by Thalgo France. Y salga sinti\u00e9ndose relajado, renovado y reconectado. Se ofrecen tratamientos exclusivos en las 20 salas del spa, as\u00ed como en piscinas de hidroterapia, ba\u00f1os de vapor y saunas. Para consultas personalizadas, reserve una sesi\u00f3n de yoga individual con meditaci\u00f3n guiada o emb\u00e1rquese en un viaje de por vida hacia el bienestar con orientaci\u00f3n.<\/p>\n\n\t\t<\/div>\n\t<\/div>\n<\/div><\/div><\/div><\/div><div class=\"vc_row wpb_row vc_row-fluid\"><div class=\"wpb_column vc_column_container vc_col-sm-3\"><div class=\"vc_column-inner\"><div class=\"wpb_wrapper\">\n\t<div  class=\"wpb_single_image wpb_content_element vc_align_left wpb_content_element\">\n\t\t\n\t\t<figure class=\"wpb_wrapper vc_figure\">\n\t\t\t<a href=\"https:\/\/lamp.glopss.com\/aff_c?offer_id=1062&#038;aff_id=1834&#038;url=https%3A%2F%2Fwww.coloursofoblu.com%2Foblu-select-lobigili\" target=\"_self\" class=\"vc_single_image-wrapper   vc_box_border_grey\"><img loading=\"lazy\" decoding=\"async\" width=\"150\" height=\"150\" src=\"https:\/\/maldives-paradise.com\/wp-content\/uploads\/2024\/05\/spa-OBLU-SELECT-Lobigili-150x150.jpg\" class=\"vc_single_image-img attachment-thumbnail\" alt=\"OBLU SELECT Lobigili spa\" title=\"spa-OBLU-SELECT-Lobigili\" \/><\/a>\n\t\t<\/figure>\n\t<\/div>\n<\/div><\/div><\/div><div class=\"wpb_column vc_column_container vc_col-sm-9\"><div class=\"vc_column-inner\"><div class=\"wpb_wrapper\">\n\t<div class=\"wpb_text_column wpb_content_element\" >\n\t\t<div class=\"wpb_wrapper\">\n\t\t\t<h4><a href=\"https:\/\/trip.tpo.lv\/dzh7lpnI\" target=\"_blank\" rel=\"nofollow noopener\">OBLU SELECT Lobigili<\/a><\/h4>\n<p>Inmerso en la belleza natural de la isla de Lobigili se encuentra ELENA The Spa, una experiencia de spa \u00edntima y placentera dise\u00f1ada exclusivamente para parejas y adultos. El tranquilo complejo de spa cuenta con cuatro salas de tratamiento dobles aisladas con ba\u00f1o para parejas, cada una de ellas rodeada de un exuberante jard\u00edn tropical. Disfrute de un ba\u00f1o en una de nuestras ba\u00f1eras al aire libre mientras contempla el relajante horizonte color turquesa. Flote hacia la uni\u00f3n y el bienestar con uno de nuestros masajes especiales para parejas. Cada momento que pasa en nuestro spa relaja su cuerpo y eleva su alma.<\/p>\n\n\t\t<\/div>\n\t<\/div>\n<\/div><\/div><\/div><\/div><div class=\"vc_row wpb_row vc_row-fluid\"><div class=\"wpb_column vc_column_container vc_col-sm-3\"><div class=\"vc_column-inner\"><div class=\"wpb_wrapper\">\n\t<div  class=\"wpb_single_image wpb_content_element vc_align_left wpb_content_element\">\n\t\t\n\t\t<figure class=\"wpb_wrapper vc_figure\">\n\t\t\t<a href=\"https:\/\/lamp.glopss.com\/aff_c?offer_id=264&#038;aff_id=1834&#038;url=https%3A%2F%2Fwww.hurawalhi.com%2F\" target=\"_self\" class=\"vc_single_image-wrapper   vc_box_border_grey\"><img loading=\"lazy\" decoding=\"async\" width=\"150\" height=\"150\" src=\"https:\/\/maldives-paradise.com\/wp-content\/uploads\/2024\/05\/hurawalhi-spa-Sulha_signature-150x150.png\" class=\"vc_single_image-img attachment-thumbnail\" alt=\"Hurawalhi Island Resort Sulha Spa\" title=\"hurawalhi-spa-Sulha_signature\" \/><\/a>\n\t\t<\/figure>\n\t<\/div>\n<\/div><\/div><\/div><div class=\"wpb_column vc_column_container vc_col-sm-9\"><div class=\"vc_column-inner\"><div class=\"wpb_wrapper\">\n\t<div class=\"wpb_text_column wpb_content_element\" >\n\t\t<div class=\"wpb_wrapper\">\n\t\t\t<h4><a href=\"https:\/\/hotellook.tp.st\/6FluoLuO\" target=\"_blank\" rel=\"nofollow noopener\">Isla Hurawalhi Resort<\/a><\/h4>\n<p>\u00bfAnhelas una profunda relajaci\u00f3n y paz? Despierte cuerpo y alma en el oasis de relajaci\u00f3n, belleza y bienestar de Hurawalhi. Visita Sulha Spa una vez y marcar\u00e1s el rumbo de tu d\u00eda con tratamientos centrados en el coraz\u00f3n; busque mimos e inspiraci\u00f3n con regularidad y emprenda el camino de una vida alegre y saludable que dure toda la vida.<\/p>\n\n\t\t<\/div>\n\t<\/div>\n<\/div><\/div><\/div><\/div><div class=\"vc_row wpb_row vc_row-fluid\"><div class=\"wpb_column vc_column_container vc_col-sm-3\"><div class=\"vc_column-inner\"><div class=\"wpb_wrapper\">\n\t<div  class=\"wpb_single_image wpb_content_element vc_align_left wpb_content_element\">\n\t\t\n\t\t<figure class=\"wpb_wrapper vc_figure\">\n\t\t\t<a href=\"https:\/\/lamp.glopss.com\/aff_c?offer_id=1508&#038;aff_id=1834\" target=\"_self\" class=\"vc_single_image-wrapper   vc_box_border_grey\"><img loading=\"lazy\" decoding=\"async\" width=\"150\" height=\"150\" src=\"https:\/\/maldives-paradise.com\/wp-content\/uploads\/2024\/05\/lily-beach-spa-150x150.jpg\" class=\"vc_single_image-img attachment-thumbnail\" alt=\"Lily Beach Resort &amp; Spa\" title=\"lily-beach-spa\" \/><\/a>\n\t\t<\/figure>\n\t<\/div>\n<\/div><\/div><\/div><div class=\"wpb_column vc_column_container vc_col-sm-9\"><div class=\"vc_column-inner\"><div class=\"wpb_wrapper\">\n\t<div class=\"wpb_text_column wpb_content_element\" >\n\t\t<div class=\"wpb_wrapper\">\n\t\t\t<h4><a href=\"https:\/\/lamp.glopss.com\/aff_c?offer_id=1508&amp;aff_id=1834\" target=\"_blank\" rel=\"nofollow noopener\">Lily Beach Resort &amp; Spa<\/a><\/h4>\n<p>El Tamara Spa sobre el agua en Lily Beach Resort &amp; Spa ofrece el cambio de indulgencias, relajaci\u00f3n y rejuvenecimiento como parte de sus vacaciones en las Maldivas. Lily Beach Resort &amp; Spa es el primer resort de cinco estrellas con Plan Platino todo incluido en Maldivas.<\/p>\n\n\t\t<\/div>\n\t<\/div>\n<\/div><\/div><\/div><\/div><div class=\"vc_row wpb_row vc_row-fluid\"><div class=\"wpb_column vc_column_container vc_col-sm-3\"><div class=\"vc_column-inner\"><div class=\"wpb_wrapper\">\n\t<div  class=\"wpb_single_image wpb_content_element vc_align_left wpb_content_element\">\n\t\t\n\t\t<figure class=\"wpb_wrapper vc_figure\">\n\t\t\t<a href=\"http:\/\/maldives-paradise.com\/es\/conrad-rangali-island-maldives\/\" target=\"_self\" class=\"vc_single_image-wrapper   vc_box_border_grey\"><img loading=\"lazy\" decoding=\"async\" width=\"150\" height=\"150\" src=\"https:\/\/maldives-paradise.com\/wp-content\/uploads\/2024\/05\/Conrad-Maldives_the-over-water-spa-150x150.jpg\" class=\"vc_single_image-img attachment-thumbnail\" alt=\"El spa de Conrad Maldives Rangali Island\" title=\"Conrad-Maldivas_el-spa-sobre-el-agua\" \/><\/a>\n\t\t<\/figure>\n\t<\/div>\n<\/div><\/div><\/div><div class=\"wpb_column vc_column_container vc_col-sm-9\"><div class=\"vc_column-inner\"><div class=\"wpb_wrapper\">\n\t<div class=\"wpb_text_column wpb_content_element\" >\n\t\t<div class=\"wpb_wrapper\">\n\t\t\t<h4><a href=\"http:\/\/maldives-paradise.com\/es\/conrad-rangali-island-maldives\/\">Conrad Maldivas Isla Rangali<\/a><\/h4>\n<p>Ubicado a 100 metros de la punta de la isla Rangali-Finolhu, el escondido Spa Retreat ofrece un santuario de lujo donde se abordan todos los aspectos de su salud y bienestar, desde la dieta y los tratamientos corporales hasta la belleza.<\/p>\n\n\t\t<\/div>\n\t<\/div>\n<\/div><\/div><\/div><\/div><div class=\"vc_row wpb_row vc_row-fluid\"><div class=\"wpb_column vc_column_container vc_col-sm-3\"><div class=\"vc_column-inner\"><div class=\"wpb_wrapper\">\n\t<div  class=\"wpb_single_image wpb_content_element vc_align_left wpb_content_element\">\n\t\t\n\t\t<figure class=\"wpb_wrapper vc_figure\">\n\t\t\t<a href=\"http:\/\/maldives-paradise.com\/es\/seis-sentidos-laamu\/\" target=\"_self\" class=\"vc_single_image-wrapper   vc_box_border_grey\"><img loading=\"lazy\" decoding=\"async\" width=\"150\" height=\"150\" src=\"https:\/\/maldives-paradise.com\/wp-content\/uploads\/2024\/05\/six-senses-laamu-spa-interior-150x150.jpg\" class=\"vc_single_image-img attachment-thumbnail\" alt=\"Spa Seis Sentidos Laamu\" title=\"Six Senses Laamu Maldivas Resort\" \/><\/a>\n\t\t<\/figure>\n\t<\/div>\n<\/div><\/div><\/div><div class=\"wpb_column vc_column_container vc_col-sm-9\"><div class=\"vc_column-inner\"><div class=\"wpb_wrapper\">\n\t<div class=\"wpb_text_column wpb_content_element\" >\n\t\t<div class=\"wpb_wrapper\">\n\t\t\t<h4><a href=\"http:\/\/maldives-paradise.com\/es\/seis-sentidos-laamu\/\">Laamu de los Seis Sentidos<\/a><\/h4>\n<p>R\u00edndete a las manos curativas de nuestros terapeutas expertos a trav\u00e9s de tratamientos especializados y viajes individuales que garantizan que tus sentidos est\u00e9n equilibrados y tu mente sea feliz. Nuestro spa resort en las Maldivas utiliza productos naturales y producidos \u00e9ticamente junto con pr\u00e1cticas tradicionales e inspiradas localmente para tratarlo de adentro hacia afuera y de afuera hacia adentro.<\/p>\n\n\t\t<\/div>\n\t<\/div>\n<\/div><\/div><\/div><\/div><div class=\"vc_row wpb_row vc_row-fluid\"><div class=\"wpb_column vc_column_container vc_col-sm-3\"><div class=\"vc_column-inner\"><div class=\"wpb_wrapper\">\n\t<div  class=\"wpb_single_image wpb_content_element vc_align_left wpb_content_element\">\n\t\t\n\t\t<figure class=\"wpb_wrapper vc_figure\">\n\t\t\t<a href=\"http:\/\/maldives-paradise.com\/es\/oneonly-reethi-rah-maldivas\/\" target=\"_self\" class=\"vc_single_image-wrapper   vc_box_border_grey\"><img loading=\"lazy\" decoding=\"async\" width=\"150\" height=\"150\" src=\"https:\/\/maldives-paradise.com\/wp-content\/uploads\/2024\/05\/oneandonly-reethirah-spaandfitness-couplesspasuite-150x150.jpg\" class=\"vc_single_image-img attachment-thumbnail\" alt=\"Spa y fitness One &amp; Only Reethi Rah\" title=\"oneandonly-reethirah-spaandfitness-parejasspasuite\" \/><\/a>\n\t\t<\/figure>\n\t<\/div>\n<\/div><\/div><\/div><div class=\"wpb_column vc_column_container vc_col-sm-9\"><div class=\"vc_column-inner\"><div class=\"wpb_wrapper\">\n\t<div class=\"wpb_text_column wpb_content_element\" >\n\t\t<div class=\"wpb_wrapper\">\n\t\t\t<h4><a href=\"http:\/\/maldives-paradise.com\/es\/oneonly-reethi-rah-maldivas\/\">Una y \u00fanica Reethi Rah<\/a><\/h4>\n<p>Tu escapada al spa. Un santuario frente al mar para la mente, el cuerpo y el alma, nuestro spa en Maldivas se centra en tratamientos revitalizantes para el rostro y el cuerpo, inspirados en las tradiciones de belleza asi\u00e1ticas. Nuestras instalaciones de spa incluyen nuestra piscina de vitalidad terap\u00e9utica, ba\u00f1os de vapor de cristal y saunas. Comience con una consulta en el lobby del spa, resplandeciente en majestuosos tonos p\u00farpuras, antes de pasear por nuestros jardines tropicales hasta su suite de spa privada.<\/p>\n\n\t\t<\/div>\n\t<\/div>\n<\/div><\/div><\/div><\/div><div class=\"vc_row wpb_row vc_row-fluid\"><div class=\"wpb_column vc_column_container vc_col-sm-3\"><div class=\"vc_column-inner\"><div class=\"wpb_wrapper\">\n\t<div  class=\"wpb_single_image wpb_content_element vc_align_left wpb_content_element\">\n\t\t\n\t\t<figure class=\"wpb_wrapper vc_figure\">\n\t\t\t<a href=\"https:\/\/lamp.glopss.com\/aff_c?offer_id=1476&#038;aff_id=1834&#038;url=https%3A%2F%2Fwww.sunsiyam.com%2Fsun-siyam-iru-veli%2F\" target=\"_self\" class=\"vc_single_image-wrapper   vc_box_border_grey\"><img loading=\"lazy\" decoding=\"async\" width=\"150\" height=\"150\" src=\"https:\/\/maldives-paradise.com\/wp-content\/uploads\/2024\/05\/sun-siyam-iru-veli-spa-150x150.jpg\" class=\"vc_single_image-img attachment-thumbnail\" alt=\"El spa del Sun Siyam Iru Veli\" title=\"sun-siyam-iru-veli-spa\" \/><\/a>\n\t\t<\/figure>\n\t<\/div>\n<\/div><\/div><\/div><div class=\"wpb_column vc_column_container vc_col-sm-9\"><div class=\"vc_column-inner\"><div class=\"wpb_wrapper\">\n\t<div class=\"wpb_text_column wpb_content_element\" >\n\t\t<div class=\"wpb_wrapper\">\n\t\t\t<h4><a href=\"https:\/\/lamp.glopss.com\/SHVC\" target=\"_blank\" rel=\"nofollow noopener\">Sun Siyam Iru Veli<\/a><\/h4>\n<p>Sum\u00e9rgete en nuevos niveles de relajaci\u00f3n con el sonido de las olas con tratamientos reparadores e ingredientes naturales en Sun Siyam Iru Veli Spa. Nuestro spa utiliza ingredientes naturales reconstituyentes para ayudarle a reequilibrar cuerpo y mente. Inspirados en los tonos suaves de la isla, nuestros pabellones de spa son un capullo de calma, con camas dobles de masaje para relajarse durante los tratamientos juntos. Cualquiera que sea su viaje de bienestar, su sentido renovado de s\u00ed mismo seguramente durar\u00e1 mucho despu\u00e9s de que se vaya.<\/p>\n\n\t\t<\/div>\n\t<\/div>\n<\/div><\/div><\/div><\/div><div class=\"vc_row wpb_row vc_row-fluid\"><div class=\"wpb_column vc_column_container vc_col-sm-3\"><div class=\"vc_column-inner\"><div class=\"wpb_wrapper\">\n\t<div  class=\"wpb_single_image wpb_content_element vc_align_left wpb_content_element\">\n\t\t\n\t\t<figure class=\"wpb_wrapper vc_figure\">\n\t\t\t<a href=\"http:\/\/maldives-paradise.com\/es\/soneva-jani\/\" target=\"_self\" class=\"vc_single_image-wrapper   vc_box_border_grey\"><img loading=\"lazy\" decoding=\"async\" width=\"150\" height=\"150\" src=\"https:\/\/maldives-paradise.com\/wp-content\/uploads\/2024\/05\/Soneva-jani-spa-150x150.jpg\" class=\"vc_single_image-img attachment-thumbnail\" alt=\"Soneva Jani Almas spa\" title=\"Soneva-jani-spa\" \/><\/a>\n\t\t<\/figure>\n\t<\/div>\n<\/div><\/div><\/div><div class=\"wpb_column vc_column_container vc_col-sm-9\"><div class=\"vc_column-inner\"><div class=\"wpb_wrapper\">\n\t<div class=\"wpb_text_column wpb_content_element\" >\n\t\t<div class=\"wpb_wrapper\">\n\t\t\t<h4><a href=\"http:\/\/maldives-paradise.com\/es\/soneva-jani\/\">El spa de Soneva Jani<\/a><\/h4>\n<p>El complejo Island Spa de tres niveles de Soneva Soul en Soneva Jani est\u00e1 conectado por pasarelas elevadas que serpentean entre los \u00e1rboles. Como complemento al Overwater Spa existente en The Gathering, incluye salas de tratamiento al aire libre, salas de consulta, salas de medicina integrativa, un gimnasio de \u00faltima generaci\u00f3n y un bar de jugos. Un pabell\u00f3n de yoga y una plataforma de meditaci\u00f3n se encuentran muy por encima de la l\u00ednea de \u00e1rboles y ofrecen vistas de 360 grados de la laguna privada de color turquesa.<\/p>\n\n\t\t<\/div>\n\t<\/div>\n<\/div><\/div><\/div><\/div><div class=\"vc_row wpb_row vc_row-fluid\"><div class=\"wpb_column vc_column_container vc_col-sm-3\"><div class=\"vc_column-inner\"><div class=\"wpb_wrapper\">\n\t<div  class=\"wpb_single_image wpb_content_element vc_align_left wpb_content_element\">\n\t\t\n\t\t<figure class=\"wpb_wrapper vc_figure\">\n\t\t\t<a href=\"http:\/\/maldives-paradise.com\/es\/cuatro-estaciones-maldivas-kuda-huraa\/\" target=\"_self\" class=\"vc_single_image-wrapper   vc_box_border_grey\"><img loading=\"lazy\" decoding=\"async\" width=\"150\" height=\"150\" src=\"https:\/\/maldives-paradise.com\/wp-content\/uploads\/2024\/05\/four-seasons-spa-150x150.jpg\" class=\"vc_single_image-img attachment-thumbnail\" alt=\"El spa del Four Seasons Kuda Huraa\" title=\"spa cuatro estaciones\" \/><\/a>\n\t\t<\/figure>\n\t<\/div>\n<\/div><\/div><\/div><div class=\"wpb_column vc_column_container vc_col-sm-9\"><div class=\"vc_column-inner\"><div class=\"wpb_wrapper\">\n\t<div class=\"wpb_text_column wpb_content_element\" >\n\t\t<div class=\"wpb_wrapper\">\n\t\t\t<h4><a href=\"http:\/\/maldives-paradise.com\/es\/cuatro-estaciones-maldivas-kuda-huraa\/\">Four Seasons Kuda Huraa Spa<\/a><\/h4>\n<p>El santuario Island Spa es un spa de lujo en las Maldivas. Navegue a trav\u00e9s del azul, entre en el verde y emp\u00e1pese de los et\u00e9reos blancos de un remanso de paz y pureza, donde los detalles arquitect\u00f3nicos y las l\u00edneas geom\u00e9tricas bailan con la luz y contrastan con el flujo libre de la naturaleza que lo rodea. Siga un camino hasta el estudio de yoga o la suite sobre el agua para recibir tratamientos inspirados en el oc\u00e9ano y experimentar la verdadera relajaci\u00f3n de las Maldivas.<\/p>\n\n\t\t<\/div>\n\t<\/div>\n<\/div><\/div><\/div><\/div><div class=\"vc_row wpb_row vc_row-fluid\"><div class=\"wpb_column vc_column_container vc_col-sm-3\"><div class=\"vc_column-inner\"><div class=\"wpb_wrapper\">\n\t<div  class=\"wpb_single_image wpb_content_element vc_align_left wpb_content_element\">\n\t\t\n\t\t<figure class=\"wpb_wrapper vc_figure\">\n\t\t\t<a href=\"http:\/\/maldives-paradise.com\/es\/velaa-isla-privada-maldivas\/\" target=\"_self\" class=\"vc_single_image-wrapper   vc_box_border_grey\"><img loading=\"lazy\" decoding=\"async\" width=\"150\" height=\"150\" src=\"https:\/\/maldives-paradise.com\/wp-content\/uploads\/2024\/05\/velaa-spa-snow-room-150x150.jpg\" class=\"vc_single_image-img attachment-thumbnail\" alt=\"El spa en Velaa Private Island Maldivas\" title=\"velaa-spa-sala-de-nieve\" \/><\/a>\n\t\t<\/figure>\n\t<\/div>\n<\/div><\/div><\/div><div class=\"wpb_column vc_column_container vc_col-sm-9\"><div class=\"vc_column-inner\"><div class=\"wpb_wrapper\">\n\t<div class=\"wpb_text_column wpb_content_element\" >\n\t\t<div class=\"wpb_wrapper\">\n\t\t\t<h4><a href=\"http:\/\/maldives-paradise.com\/es\/velaa-isla-privada-maldivas\/\">Spa Velaa Isla Privada Maldivas<\/a><\/h4>\n<p>El mar sereno alberga un refugio tranquilo de villas de tratamiento privadas y una gran zona de spa donde el tiempo pasa al suave ritmo de las olas. En Velaa Spa la vida vuelve a encontrar el equilibrio. Refr\u00e9squese en la \u00fanica sala de nieve de las Maldivas o desintox\u00edquese en el calor de la sauna y la sala de vapor, mientras disfruta de infinitas vistas turquesas.<br \/>\nSe ha creado una selecci\u00f3n de combinaciones de tratamientos eficaces para ofrecer una nueva visi\u00f3n de la terapia curativa, creando al mismo tiempo un equilibrio armonioso entre los tratamientos de spa, la atenci\u00f3n plena, el fitness y la nutrici\u00f3n.<\/p>\n\n\t\t<\/div>\n\t<\/div>\n<\/div><\/div><\/div><\/div><div class=\"vc_row wpb_row vc_row-fluid\"><div class=\"wpb_column vc_column_container vc_col-sm-12\"><div class=\"vc_column-inner\"><div class=\"wpb_wrapper\">\n\t<div class=\"wpb_text_column wpb_content_element\" >\n\t\t<div class=\"wpb_wrapper\">\n\t\t\t<p><a href=\"https:\/\/maldives-paradise.com\/es\/etiqueta\/spa-maldivas\/\"><strong>M\u00e1s informaci\u00f3n sobre los balnearios en las Maldivas<\/strong><\/a><\/p>\n<p><strong><a title=\"Los 12 mejores resorts de lujo en las Maldivas\" href=\"https:\/\/maldives-paradise.com\/es\/los-12-mejores-resorts-de-lujo-en-maldivas\/\">Los mejores resorts de lujo en las Maldivas<\/a><\/strong><\/p>\n\n\t\t<\/div>\n\t<\/div>\n<\/div><\/div><\/div><\/div>\n<\/div>","protected":false},"excerpt":{"rendered":"<div class=\"mh-excerpt\"><\/div>","protected":false},"author":1,"featured_media":15283,"parent":0,"menu_order":0,"comment_status":"closed","ping_status":"closed","template":"","meta":{"footnotes":""},"class_list":["post-15282","page","type-page","status-publish","has-post-thumbnail"],"aioseo_notices":[],"_links":{"self":[{"href":"http:\/\/maldives-paradise.com\/es\/wp-json\/wp\/v2\/pages\/15282","targetHints":{"allow":["GET"]}}],"collection":[{"href":"http:\/\/maldives-paradise.com\/es\/wp-json\/wp\/v2\/pages"}],"about":[{"href":"http:\/\/maldives-paradise.com\/es\/wp-json\/wp\/v2\/types\/page"}],"author":[{"embeddable":true,"href":"http:\/\/maldives-paradise.com\/es\/wp-json\/wp\/v2\/users\/1"}],"replies":[{"embeddable":true,"href":"http:\/\/maldives-paradise.com\/es\/wp-json\/wp\/v2\/comments?post=15282"}],"version-history":[{"count":6,"href":"http:\/\/maldives-paradise.com\/es\/wp-json\/wp\/v2\/pages\/15282\/revisions"}],"predecessor-version":[{"id":45317,"href":"http:\/\/maldives-paradise.com\/es\/wp-json\/wp\/v2\/pages\/15282\/revisions\/45317"}],"wp:featuredmedia":[{"embeddable":true,"href":"http:\/\/maldives-paradise.com\/es\/wp-json\/wp\/v2\/media\/15283"}],"wp:attachment":[{"href":"http:\/\/maldives-paradise.com\/es\/wp-json\/wp\/v2\/media?parent=15282"}],"curies":[{"name":"gracias","href":"https:\/\/api.w.org\/{rel}","templated":true}]}}