{"id":14888,"date":"2024-05-05T07:32:48","date_gmt":"2024-05-05T07:32:48","guid":{"rendered":"http:\/\/maldives-paradise.com\/?page_id=14888"},"modified":"2024-05-05T07:32:48","modified_gmt":"2024-05-05T07:32:48","slug":"la-esencialidad-de-un-seguro-de-viaje-y-de-salud-para-viajes-a-maldivas","status":"publish","type":"page","link":"http:\/\/maldives-paradise.com\/es\/la-esencialidad-de-un-seguro-de-viaje-y-de-salud-para-viajes-a-maldivas\/","title":{"rendered":"La esencialidad del seguro de viaje y m\u00e9dico para viajes a Maldivas"},"content":{"rendered":"<div class=\"wpb-content-wrapper\"><div class=\"vc_row wpb_row vc_row-fluid\"><div class=\"wpb_column vc_column_container vc_col-sm-12\"><div class=\"vc_column-inner\"><div class=\"wpb_wrapper\">\n\t<div  class=\"wpb_single_image wpb_content_element vc_align_left wpb_content_element\">\n\t\t\n\t\t<figure class=\"wpb_wrapper vc_figure\">\n\t\t\t<div class=\"vc_single_image-wrapper   vc_box_border_grey\"><img decoding=\"async\" class=\"vc_single_image-img\" src=\"https:\/\/maldives-paradise.com\/wp-content\/uploads\/2024\/05\/travel-insurance.jpg\" width=\"780\" height=\"438\" alt=\"Seguro de viaje Maldivas\" title=\"seguro de viaje\" loading=\"lazy\" \/><\/div>\n\t\t<\/figure>\n\t<\/div>\n<\/div><\/div><\/div><\/div><div class=\"vc_row wpb_row vc_row-fluid\"><div class=\"wpb_column vc_column_container vc_col-sm-12\"><div class=\"vc_column-inner\"><div class=\"wpb_wrapper\">\n\t<div class=\"wpb_text_column wpb_content_element\" >\n\t\t<div class=\"wpb_wrapper\">\n\t\t\t<p>Viajar a las Maldivas suele verse como un viaje a un para\u00edso tropical. El encanto de sus aguas cristalinas, sus lujosos complejos tur\u00edsticos y la promesa de una tranquila relajaci\u00f3n atraen a innumerables turistas cada a\u00f1o. Si bien la emoci\u00f3n de una escapada tan ex\u00f3tica es innegable, los viajeros inteligentes comprenden la importancia de proteger su viaje con un seguro m\u00e9dico y de viaje. He aqu\u00ed razones de peso por las que contratar un seguro es crucial a la hora de planificar una visita a las Maldivas.<\/p>\n<p><strong>Clima impredecible y desastres naturales<\/strong><\/p>\n<p>Las Maldivas experimentan dos estaciones principales: la estaci\u00f3n seca y la estaci\u00f3n h\u00fameda. Si bien la estaci\u00f3n seca ofrece un clima hermoso, la estaci\u00f3n h\u00fameda puede provocar cambios clim\u00e1ticos repentinos y severos, incluidas tormentas y lluvias intensas. Estas condiciones pueden provocar retrasos en los vuelos, cancelaciones e incluso cierres inesperados de complejos tur\u00edsticos o atracciones. El seguro de viaje puede cubrir los costos asociados con estas interrupciones, asegurando que los viajeros no se queden sin dinero debido a condiciones clim\u00e1ticas imprevistas.<\/p>\n<p><strong>Ubicaci\u00f3n remota y transporte<\/strong><\/p>\n<p>El archipi\u00e9lago est\u00e1 formado por unas 1.200 islas, y muchos de los complejos tur\u00edsticos de lujo se encuentran en su propia isla privada. Esta lejan\u00eda, si bien forma parte del encanto de las Maldivas, significa que para desplazarse normalmente se necesitan avionetas o barcos peque\u00f1os. El seguro de viaje es muy valioso aqu\u00ed, ya que puede cubrir los costos de conexiones perdidas o retrasos en el transporte que son comunes en destinos con una log\u00edstica intensiva.<\/p>\n<p><strong>Emergencias de Salud e Instalaciones M\u00e9dicas<\/strong><\/p>\n<p>Si bien la belleza natural de las Maldivas es incomparable, la disponibilidad de instalaciones m\u00e9dicas integrales en las islas es limitada. La mayor\u00eda de los centros tur\u00edsticos cuentan con instalaciones m\u00e9dicas b\u00e1sicas, pero los problemas de salud graves requieren transporte a la ciudad capital de Mal\u00e9 o incluso una evacuaci\u00f3n m\u00e9dica a otro pa\u00eds. El seguro m\u00e9dico se vuelve indispensable en estos escenarios. Cubre los gastos m\u00e9dicos y garantiza que, en caso de una crisis de salud, se pueda acceder a altos est\u00e1ndares de atenci\u00f3n sin la carga de costos exorbitantes.<\/p>\n<p><strong>Aventura y Deportes Acu\u00e1ticos<\/strong><\/p>\n<p>Las Maldivas son un im\u00e1n para los entusiastas del buceo, el snorkel, el surf y otros deportes acu\u00e1ticos. Sin embargo, participar en estas actividades conlleva riesgos inherentes. Los accidentes o lesiones durante dichas actividades pueden no s\u00f3lo arruinar unas vacaciones sino tambi\u00e9n generar importantes gastos m\u00e9dicos. Muchas p\u00f3lizas de seguro de viaje ofrecen cobertura adicional para deportes de aventura, lo que brinda tranquilidad a los viajeros mientras disfrutan de las emocionantes experiencias que ofrecen las Maldivas.<\/p>\n<p><strong>Responsabilidad personal<\/strong><\/p>\n<p>Los accidentes que involucran a otras personas, ya sea en una moto acu\u00e1tica alquilada o durante una excursi\u00f3n en grupo, pueden dar lugar a reclamaciones de responsabilidad. El seguro que cubre responsabilidad personal puede proteger a los viajeros de las implicaciones financieras de da\u00f1os accidentales a terceros o da\u00f1os a su propiedad.<\/p>\n<p><strong>Tranquilidad de esp\u00edritu<\/strong><\/p>\n<p>En \u00faltima instancia, el beneficio general de tener un seguro m\u00e9dico y de viaje es la tranquilidad que brinda. Saber que la mayor\u00eda de las contingencias est\u00e1n cubiertas permite a los viajeros sumergirse por completo en la belleza y la relajaci\u00f3n de sus vacaciones en las Maldivas, sin la molesta preocupaci\u00f3n de &quot;qu\u00e9 pasar\u00eda si&quot;.<\/p>\n<p>En conclusi\u00f3n, el seguro m\u00e9dico y de viaje no s\u00f3lo es recomendable, sino tambi\u00e9n esencial para cualquiera que planee visitar las Maldivas. La inversi\u00f3n en seguros salvaguarda no s\u00f3lo los aspectos econ\u00f3micos del viaje sino tambi\u00e9n la salud y el bienestar de los viajeros, garantizando que unas vacaciones de ensue\u00f1o sigan siendo id\u00edlicas.<\/p>\n\n\t\t<\/div>\n\t<\/div>\n<\/div><\/div><\/div><\/div>\n<\/div>","protected":false},"excerpt":{"rendered":"<div class=\"mh-excerpt\"><\/div>","protected":false},"author":1,"featured_media":14889,"parent":0,"menu_order":0,"comment_status":"closed","ping_status":"closed","template":"","meta":{"footnotes":""},"class_list":["post-14888","page","type-page","status-publish","has-post-thumbnail"],"aioseo_notices":[],"_links":{"self":[{"href":"http:\/\/maldives-paradise.com\/es\/wp-json\/wp\/v2\/pages\/14888","targetHints":{"allow":["GET"]}}],"collection":[{"href":"http:\/\/maldives-paradise.com\/es\/wp-json\/wp\/v2\/pages"}],"about":[{"href":"http:\/\/maldives-paradise.com\/es\/wp-json\/wp\/v2\/types\/page"}],"author":[{"embeddable":true,"href":"http:\/\/maldives-paradise.com\/es\/wp-json\/wp\/v2\/users\/1"}],"replies":[{"embeddable":true,"href":"http:\/\/maldives-paradise.com\/es\/wp-json\/wp\/v2\/comments?post=14888"}],"version-history":[{"count":2,"href":"http:\/\/maldives-paradise.com\/es\/wp-json\/wp\/v2\/pages\/14888\/revisions"}],"predecessor-version":[{"id":14891,"href":"http:\/\/maldives-paradise.com\/es\/wp-json\/wp\/v2\/pages\/14888\/revisions\/14891"}],"wp:featuredmedia":[{"embeddable":true,"href":"http:\/\/maldives-paradise.com\/es\/wp-json\/wp\/v2\/media\/14889"}],"wp:attachment":[{"href":"http:\/\/maldives-paradise.com\/es\/wp-json\/wp\/v2\/media?parent=14888"}],"curies":[{"name":"gracias","href":"https:\/\/api.w.org\/{rel}","templated":true}]}}