{"id":14884,"date":"2024-05-04T18:09:25","date_gmt":"2024-05-04T18:09:25","guid":{"rendered":"http:\/\/maldives-paradise.com\/?page_id=14884"},"modified":"2024-09-14T08:17:34","modified_gmt":"2024-09-14T08:17:34","slug":"estaciones-en-las-maldivas","status":"publish","type":"page","link":"http:\/\/maldives-paradise.com\/es\/estaciones-en-las-maldivas\/","title":{"rendered":"Estaciones en las Maldivas"},"content":{"rendered":"<div class=\"wpb-content-wrapper\"><div class=\"vc_row wpb_row vc_row-fluid\"><div class=\"wpb_column vc_column_container vc_col-sm-12\"><div class=\"vc_column-inner\"><div class=\"wpb_wrapper\">\n\t<div  class=\"wpb_single_image wpb_content_element vc_align_left wpb_content_element\">\n\t\t\n\t\t<figure class=\"wpb_wrapper vc_figure\">\n\t\t\t<div class=\"vc_single_image-wrapper   vc_box_border_grey\"><img decoding=\"async\" class=\"vc_single_image-img\" src=\"https:\/\/maldives-paradise.com\/wp-content\/uploads\/2024\/05\/maldives-beach.jpg\" width=\"780\" height=\"501\" alt=\"Playa Maldivas\" title=\"playa-maldivas\" loading=\"lazy\" \/><\/div>\n\t\t<\/figure>\n\t<\/div>\n<\/div><\/div><\/div><\/div><div class=\"vc_row wpb_row vc_row-fluid\"><div class=\"wpb_column vc_column_container vc_col-sm-12\"><div class=\"vc_column-inner\"><div class=\"wpb_wrapper\">\n\t<div class=\"wpb_text_column wpb_content_element\" >\n\t\t<div class=\"wpb_wrapper\">\n\t\t\t<p>Las Maldivas son famosas por sus aguas incre\u00edblemente claras, sus vibrantes arrecifes de coral y sus lujosos complejos tur\u00edsticos. Lo que muchos visitantes tal vez no sepan es que el clima id\u00edlico de las Maldivas est\u00e1 marcado por dos estaciones distintas: la estaci\u00f3n seca y la estaci\u00f3n h\u00fameda. Cada estaci\u00f3n ofrece un encanto \u00fanico y un conjunto de actividades adaptadas al clima cambiante.<\/p>\n<p><strong>La estaci\u00f3n seca: un refugio para quienes buscan el sol<\/strong><\/p>\n<p>La estaci\u00f3n seca en las Maldivas va de noviembre a abril y se caracteriza por una menor humedad, precipitaciones m\u00ednimas y d\u00edas soleados interminables. Este per\u00edodo se alinea con el monz\u00f3n del noreste, lo que trae d\u00edas constantemente brillantes y perfectos para actividades al aire libre. Durante esta temporada, el mar permanece tranquilo y claro, lo que lo hace ideal para practicar snorkel, buceo y nataci\u00f3n. La visibilidad bajo el agua aumenta dram\u00e1ticamente, lo que permite a los buceadores apreciar plenamente la rica vida marina y los paisajes coralinos.<\/p>\n<p>Los turistas acuden en masa a las islas durante estos meses para aprovechar el clima perfecto. La estaci\u00f3n seca es tambi\u00e9n la temporada alta para el turismo, y los centros tur\u00edsticos suelen estar m\u00e1s concurridos. Para aquellos que buscan disfrutar de la experiencia maldiva por excelencia (bungalows sobre el agua, tomar el sol en playas de arena blanca y rom\u00e1nticos cruceros al atardecer), la estaci\u00f3n seca es el momento para visitar.<\/p>\n<p><strong>La temporada de lluvias: un escape refrescante<\/strong><\/p>\n<p>Por el contrario, la temporada de lluvias, que va de mayo a octubre, coincide con el monz\u00f3n del suroeste. Este per\u00edodo presenta mayor humedad, vientos m\u00e1s fuertes y precipitaciones significativas, particularmente en junio y julio. Si bien esto puede parecer menos atractivo, la temporada de lluvias trae sus propias ventajas. Las islas est\u00e1n menos pobladas y los precios del alojamiento suelen bajar, lo que las convierte en una excelente \u00e9poca para los viajeros que cuidan su presupuesto.<\/p>\n<p>Las lluvias durante la temporada de lluvias suelen ser breves pero intensas, y a menudo van seguidas de sol. La exuberante vegetaci\u00f3n prospera con este clima y ofrece una vibrante explosi\u00f3n de verde que realza la belleza natural de las islas. Adem\u00e1s, la temporada de lluvias es ideal para los surfistas, ya que el monz\u00f3n provoca olas m\u00e1s grandes y corrientes m\u00e1s fuertes, lo que proporciona excelentes condiciones para la pr\u00e1ctica del surf.<\/p>\n<p>Cada temporada en las Maldivas ofrece una perspectiva diferente del para\u00edso, que atiende a diversos intereses y actividades. Ya sea disfrutando del interminable sol de la estaci\u00f3n seca o disfrutando del clima din\u00e1mico de la estaci\u00f3n h\u00fameda, las Maldivas prometen una escapada memorable para todos los que las visiten.<\/p>\n\n\t\t<\/div>\n\t<\/div>\n<\/div><\/div><\/div><\/div><div class=\"vc_row wpb_row vc_row-fluid\"><div class=\"wpb_column vc_column_container vc_col-sm-12\"><div class=\"vc_column-inner\"><div class=\"wpb_wrapper\">\n\t<div class=\"wpb_text_column wpb_content_element\" >\n\t\t<div class=\"wpb_wrapper\">\n\t\t\t<p><a href=\"https:\/\/www.accuweather.com\/en\/mv\/male\/5003\/september-weather\/5003\" target=\"_blank\" rel=\"noopener\"><strong>Pron\u00f3stico del tiempo en Maldivas<\/strong><\/a><\/p>\n\n\t\t<\/div>\n\t<\/div>\n<\/div><\/div><\/div><\/div>\n<\/div>","protected":false},"excerpt":{"rendered":"<div class=\"mh-excerpt\"><\/div>","protected":false},"author":1,"featured_media":14885,"parent":0,"menu_order":0,"comment_status":"closed","ping_status":"closed","template":"","meta":{"footnotes":""},"class_list":["post-14884","page","type-page","status-publish","has-post-thumbnail"],"aioseo_notices":[],"_links":{"self":[{"href":"http:\/\/maldives-paradise.com\/es\/wp-json\/wp\/v2\/pages\/14884","targetHints":{"allow":["GET"]}}],"collection":[{"href":"http:\/\/maldives-paradise.com\/es\/wp-json\/wp\/v2\/pages"}],"about":[{"href":"http:\/\/maldives-paradise.com\/es\/wp-json\/wp\/v2\/types\/page"}],"author":[{"embeddable":true,"href":"http:\/\/maldives-paradise.com\/es\/wp-json\/wp\/v2\/users\/1"}],"replies":[{"embeddable":true,"href":"http:\/\/maldives-paradise.com\/es\/wp-json\/wp\/v2\/comments?post=14884"}],"version-history":[{"count":3,"href":"http:\/\/maldives-paradise.com\/es\/wp-json\/wp\/v2\/pages\/14884\/revisions"}],"predecessor-version":[{"id":24641,"href":"http:\/\/maldives-paradise.com\/es\/wp-json\/wp\/v2\/pages\/14884\/revisions\/24641"}],"wp:featuredmedia":[{"embeddable":true,"href":"http:\/\/maldives-paradise.com\/es\/wp-json\/wp\/v2\/media\/14885"}],"wp:attachment":[{"href":"http:\/\/maldives-paradise.com\/es\/wp-json\/wp\/v2\/media?parent=14884"}],"curies":[{"name":"gracias","href":"https:\/\/api.w.org\/{rel}","templated":true}]}}