{"id":14711,"date":"2024-04-29T16:43:33","date_gmt":"2024-04-29T16:43:33","guid":{"rendered":"http:\/\/maldives-paradise.com\/?page_id=14711"},"modified":"2025-11-26T09:34:24","modified_gmt":"2025-11-26T09:34:24","slug":"los-12-mejores-resorts-con-mejor-precio-garantizado-en-maldivas","status":"publish","type":"page","link":"http:\/\/maldives-paradise.com\/es\/los-12-mejores-resorts-con-mejor-precio-garantizado-en-maldivas\/","title":{"rendered":"Los mejores resorts con el mejor precio garantizado en Maldivas"},"content":{"rendered":"<div class=\"wpb-content-wrapper\"><div class=\"vc_row wpb_row vc_row-fluid\"><div class=\"wpb_column vc_column_container vc_col-sm-12\"><div class=\"vc_column-inner\"><div class=\"wpb_wrapper\">\n\t<div class=\"wpb_text_column wpb_content_element\" >\n\t\t<div class=\"wpb_wrapper\">\n\t\t\t<p>Aqu\u00ed los mejores hoteles \/ resorts en las Maldivas que ofrecen programas de Mejor Tarifa Garantizada o Mejor Precio Garantizado, como tambi\u00e9n se le llama, al reservar directamente con el hotel. Garantizan que al hu\u00e9sped del hotel se le ofrece el precio m\u00e1s bajo disponible por una noche o varias noches al reservar directamente con el hotel.<\/p>\n<p>Los hoteles a menudo reservan sus mejores ofertas cuando reserva directamente, desde mejoras de habitaci\u00f3n de cortes\u00eda hasta servicios exclusivos y otros beneficios.<\/p>\n<p><a href=\"http:\/\/maldives-paradise.com\/es\/mejor-tarifa-garantizada\/\">Lea m\u00e1s sobre la mejor tarifa garantizada aqu\u00ed<\/a><\/p>\n\n\t\t<\/div>\n\t<\/div>\n<\/div><\/div><\/div><\/div><div class=\"vc_row wpb_row vc_row-fluid\"><div class=\"wpb_column vc_column_container vc_col-sm-3\"><div class=\"vc_column-inner\"><div class=\"wpb_wrapper\">\n\t<div  class=\"wpb_single_image wpb_content_element vc_align_left wpb_content_element\">\n\t\t\n\t\t<figure class=\"wpb_wrapper vc_figure\">\n\t\t\t<a href=\"https:\/\/lamp.glopss.com\/aff_c?offer_id=9&#038;aff_id=1834&#038;url=https%3A%2F%2Fwww.anantara.com%2Fen%2Fkihavah-maldives\" target=\"_self\" class=\"vc_single_image-wrapper   vc_box_border_grey\"><img loading=\"lazy\" decoding=\"async\" width=\"150\" height=\"150\" src=\"https:\/\/maldives-paradise.com\/wp-content\/uploads\/2024\/02\/anantara_kihavah_over_water_pool_villa_aerial_400px-150x150.jpg\" class=\"vc_single_image-img attachment-thumbnail\" alt=\"Anantara Kihavah Maldivas Villas sobre el agua\" title=\"anantara_kihavah_over_water_pool_villa_aerial_400px\" \/><\/a>\n\t\t<\/figure>\n\t<\/div>\n<\/div><\/div><\/div><div class=\"wpb_column vc_column_container vc_col-sm-9\"><div class=\"vc_column-inner\"><div class=\"wpb_wrapper\">\n\t<div class=\"wpb_text_column wpb_content_element\" >\n\t\t<div class=\"wpb_wrapper\">\n\t\t\t<h4><a href=\"https:\/\/lamp.glopss.com\/SHUs\" target=\"_blank\" rel=\"nofollow noopener\">Anantara Kihavah Maldivas Villas<\/a><\/h4>\n<p>Rodeada \u00fanicamente por una laguna turquesa que se funde con un azul zafiro, la lujosa isla tur\u00edstica de Anantara Kihavah, en las Maldivas, y sus arenas de un blanco puro se elevan sobre el oc\u00e9ano como un espejismo. Villas de lujo sobre el agua con piscina privada. Tiene capacidad para 2 adultos y 2 ni\u00f1os o 3 adultos. Ba\u00f1o al aire libre con ba\u00f1era de hidromasaje hundida con fondo de vidrio, bicicletas privadas y anfitri\u00f3n de villa privada las 24 horas.<\/p>\n\n\t\t<\/div>\n\t<\/div>\n<\/div><\/div><\/div><\/div><div class=\"vc_row wpb_row vc_row-fluid\"><div class=\"wpb_column vc_column_container vc_col-sm-3\"><div class=\"vc_column-inner\"><div class=\"wpb_wrapper\">\n\t<div  class=\"wpb_single_image wpb_content_element vc_align_left wpb_content_element\">\n\t\t\n\t\t<figure class=\"wpb_wrapper vc_figure\">\n\t\t\t<a href=\"https:\/\/lamp.glopss.com\/aff_c?offer_id=9&#038;aff_id=1834&#038;url=https%3A%2F%2Fwww.anantara.com%2Fen%2Fveli-maldives\" target=\"_self\" class=\"vc_single_image-wrapper   vc_box_border_grey\"><img loading=\"lazy\" decoding=\"async\" width=\"150\" height=\"150\" src=\"https:\/\/maldives-paradise.com\/wp-content\/uploads\/2023\/12\/anantara-veli-93-1080x480-1-150x150.jpg\" class=\"vc_single_image-img attachment-thumbnail\" alt=\"Anantara Veli Resort and Spa Maldivas\" title=\"anantara-veli-93-1080x480\" \/><\/a>\n\t\t<\/figure>\n\t<\/div>\n<\/div><\/div><\/div><div class=\"wpb_column vc_column_container vc_col-sm-9\"><div class=\"vc_column-inner\"><div class=\"wpb_wrapper\">\n\t<div class=\"wpb_text_column wpb_content_element\" >\n\t\t<div class=\"wpb_wrapper\">\n\t\t\t<h4><a href=\"https:\/\/lamp.glopss.com\/SHUt\" target=\"_blank\" rel=\"nofollow noopener\">Anantara Veli Maldivas Resort<\/a><\/h4>\n<p>Esta estad\u00eda boutique es uno de los complejos tur\u00edsticos de Maldivas en los que las personas reservar\u00e1n una segunda luna de miel. El Anantara Veli Resort en las Maldivas anima a sus hu\u00e9spedes a descansar en sus villas frente al mar o disfrutar de una comida elegante al atardecer. Solo se necesita un corto viaje en lancha r\u00e1pida desde el aeropuerto internacional de Mal\u00e9 para llegar a este retiro de 5 estrellas solo para adultos, que tambi\u00e9n ofrece un paquete todo incluido. En este paquete, los hu\u00e9spedes pueden acceder a beneficios como un buffet diario, un men\u00fa de bebidas con todo incluido y descuentos para estad\u00edas prolongadas.<\/p>\n\n\t\t<\/div>\n\t<\/div>\n<\/div><\/div><\/div><\/div><div class=\"vc_row wpb_row vc_row-fluid\"><div class=\"wpb_column vc_column_container vc_col-sm-3\"><div class=\"vc_column-inner\"><div class=\"wpb_wrapper\">\n\t<div  class=\"wpb_single_image wpb_content_element vc_align_left wpb_content_element\">\n\t\t\n\t\t<figure class=\"wpb_wrapper vc_figure\">\n\t\t\t<a href=\"https:\/\/lamp.glopss.com\/aff_c?offer_id=259&#038;aff_id=1834\" target=\"_self\" class=\"vc_single_image-wrapper   vc_box_border_grey\"><img loading=\"lazy\" decoding=\"async\" width=\"150\" height=\"150\" src=\"https:\/\/maldives-paradise.com\/wp-content\/uploads\/2024\/01\/baros-maldives3-150x150.jpg\" class=\"vc_single_image-img attachment-thumbnail\" alt=\"Baros Maldivas\" title=\"baros-maldives3\" \/><\/a>\n\t\t<\/figure>\n\t<\/div>\n<\/div><\/div><\/div><div class=\"wpb_column vc_column_container vc_col-sm-9\"><div class=\"vc_column-inner\"><div class=\"wpb_wrapper\">\n\t<div class=\"wpb_text_column wpb_content_element\" >\n\t\t<div class=\"wpb_wrapper\">\n\t\t\t<h4><a href=\"https:\/\/lamp.glopss.com\/SHUm\" target=\"_blank\" rel=\"nofollow noopener\">Baros Maldivas<\/a><\/h4>\n<p>Una exuberante isla tropical situada en las brillantes aguas de una laguna poco profunda, rodeada por un arrecife lleno de vida marina. Hosp\u00e9dese con elegancia en villas creadas con madera y arenisca, tranquilas y tranquilas sobre una laguna transl\u00facida o ubicadas discretamente entre flores ex\u00f3ticas junto a la playa. Disfrute de la privacidad rom\u00e1ntica en unas vacaciones perfectas. La esencia de Maldivas, definida en Baros.<\/p>\n\n\t\t<\/div>\n\t<\/div>\n<\/div><\/div><\/div><\/div><div class=\"vc_row wpb_row vc_row-fluid\"><div class=\"wpb_column vc_column_container vc_col-sm-3\"><div class=\"vc_column-inner\"><div class=\"wpb_wrapper\">\n\t<div  class=\"wpb_single_image wpb_content_element vc_align_left wpb_content_element\">\n\t\t\n\t\t<figure class=\"wpb_wrapper vc_figure\">\n\t\t\t<a href=\"https:\/\/lamp.glopss.com\/aff_c?offer_id=1384&#038;aff_id=1834\" target=\"_self\" class=\"vc_single_image-wrapper   vc_box_border_grey\"><img loading=\"lazy\" decoding=\"async\" width=\"150\" height=\"150\" src=\"https:\/\/maldives-paradise.com\/wp-content\/uploads\/2023\/12\/Hideaway-Beach-Resort-Spa-Shines-as-the-Most-Picturesque-Resort-in-the-Maldives-at-TTM-Awards-2023-1-1024x576-1-150x150.jpg\" class=\"vc_single_image-img attachment-thumbnail\" alt=\"Hideaway Beach Resort &amp; Spa\" title=\"Hideaway-Beach-Resort-Spa-brilla-como-el-resort-m\u00e1s-pintoresco-de-las-Maldivas-en-los-TTM-Awards-2023-1-1024x576.jpg\" \/><\/a>\n\t\t<\/figure>\n\t<\/div>\n<\/div><\/div><\/div><div class=\"wpb_column vc_column_container vc_col-sm-9\"><div class=\"vc_column-inner\"><div class=\"wpb_wrapper\">\n\t<div class=\"wpb_text_column wpb_content_element\" >\n\t\t<div class=\"wpb_wrapper\">\n\t\t\t<h4><a href=\"https:\/\/lamp.glopss.com\/aff_c?offer_id=1384&amp;aff_id=1834\" target=\"_blank\" rel=\"nofollow noopener\">Hideaway Beach Resort &amp; Spa<\/a><\/h4>\n<p>Ganador del premio Best of the Best de Tripadvisor Travellers&#039; Choice 2022. Si los adultos necesitan un descanso de sus hijos, el resort tiene la soluci\u00f3n: el excelente Tender Hearts Kids&#039; Club. Deje que sus peque\u00f1os se diviertan en el club infantil de 50 metros cuadrados y observe c\u00f3mo participan en las actividades seleccionadas que garantizan impresionar. Estos incluyen construcci\u00f3n de castillos de arena, lecciones de pesca, b\u00fasqueda del tesoro, pintura, dibujo, clases de cocina, ciclismo, escondite, recorridos educativos y mucho m\u00e1s.<\/p>\n\n\t\t<\/div>\n\t<\/div>\n<\/div><\/div><\/div><\/div><div class=\"vc_row wpb_row vc_row-fluid\"><div class=\"wpb_column vc_column_container vc_col-sm-3\"><div class=\"vc_column-inner\"><div class=\"wpb_wrapper\">\n\t<div  class=\"wpb_single_image wpb_content_element vc_align_left wpb_content_element\">\n\t\t\n\t\t<figure class=\"wpb_wrapper vc_figure\">\n\t\t\t<a href=\"https:\/\/lamp.glopss.com\/aff_c?offer_id=264&#038;aff_id=1834&#038;url=https%3A%2F%2Fwww.hurawalhi.com%2F\" target=\"_self\" class=\"vc_single_image-wrapper   vc_box_border_grey\"><img loading=\"lazy\" decoding=\"async\" width=\"150\" height=\"150\" src=\"https:\/\/maldives-paradise.com\/wp-content\/uploads\/2024\/01\/Hurawalhi-Island2-150x150.jpg\" class=\"vc_single_image-img attachment-thumbnail\" alt=\"Isla Hurawalhi \u2013 Resort S\u00f3lo Adultos y Todo Incluido\" title=\"Isla Hurawalhi2\" \/><\/a>\n\t\t<\/figure>\n\t<\/div>\n<\/div><\/div><\/div><div class=\"wpb_column vc_column_container vc_col-sm-9\"><div class=\"vc_column-inner\"><div class=\"wpb_wrapper\">\n\t<div class=\"wpb_text_column wpb_content_element\" >\n\t\t<div class=\"wpb_wrapper\">\n\t\t\t<h4><a href=\"https:\/\/hotellook.tp.st\/6FluoLuO\" target=\"_blank\" rel=\"nofollow noopener\">Isla Hurawalhi Resort<\/a><\/h4>\n<p>Nada es m\u00e1s rom\u00e1ntico que disfrutar de la compa\u00f1\u00eda de la pareja en las costas arenosas de las Maldivas, justo en el impresionante atol\u00f3n Lhavaiyani. El <strong>Isla Hurawalhi Resort<\/strong> \u00a1Est\u00e1 familiarizado con crear un ambiente rom\u00e1ntico! Este resort solo para adultos tambi\u00e9n garantiza que los hu\u00e9spedes puedan disfrutar de la isla sin estr\u00e9s con su plan todo incluido. Con el plan, los viajeros pueden acceder al gimnasio del resort y otras instalaciones deportivas, comidas estilo buffet en el restaurante Canneli, bebidas ilimitadas (excluyendo ciertas bebidas) y el One Sunset Dolphin Cruise.<\/p>\n\n\t\t<\/div>\n\t<\/div>\n<\/div><\/div><\/div><\/div><div class=\"vc_row wpb_row vc_row-fluid\"><div class=\"wpb_column vc_column_container vc_col-sm-3\"><div class=\"vc_column-inner\"><div class=\"wpb_wrapper\">\n\t<div  class=\"wpb_single_image wpb_content_element vc_align_left wpb_content_element\">\n\t\t\n\t\t<figure class=\"wpb_wrapper vc_figure\">\n\t\t\t<a href=\"https:\/\/lamp.glopss.com\/aff_c?offer_id=372&#038;aff_id=1834\" target=\"_self\" class=\"vc_single_image-wrapper   vc_box_border_grey\"><img loading=\"lazy\" decoding=\"async\" width=\"150\" height=\"150\" src=\"https:\/\/maldives-paradise.com\/wp-content\/uploads\/2024\/03\/huvafen-fushi-celsius_1-150x150.jpg\" class=\"vc_single_image-img attachment-thumbnail\" alt=\"Huvafen Fushi\" title=\"huvafen-fushi-celsius_1\" srcset=\"https:\/\/maldives-paradise.com\/wp-content\/uploads\/2024\/03\/huvafen-fushi-celsius_1-150x150.jpg 150w, https:\/\/maldives-paradise.com\/wp-content\/uploads\/2024\/03\/huvafen-fushi-celsius_1-13x12.jpg 13w\" sizes=\"auto, (max-width: 150px) 100vw, 150px\" \/><\/a>\n\t\t<\/figure>\n\t<\/div>\n<\/div><\/div><\/div><div class=\"wpb_column vc_column_container vc_col-sm-9\"><div class=\"vc_column-inner\"><div class=\"wpb_wrapper\">\n\t<div class=\"wpb_text_column wpb_content_element\" >\n\t\t<div class=\"wpb_wrapper\">\n\t\t\t<h4><a href=\"https:\/\/lamp.glopss.com\/SHV1\" target=\"_blank\" rel=\"nofollow noopener\">Huvafen Fushi<\/a><\/h4>\n<p><strong>Huvafen Fushi<\/strong> es un lujoso resort de 5 estrellas ubicado en el atol\u00f3n norte de Mal\u00e9 en las Maldivas. Cuenta con bungalows sobre el agua y en la playa con piscina privada y 6 restaurantes. Aromas seductores, sabores inolvidables, espacios gastron\u00f3micos impactantes. Junto al mar, sobre el agua, bajo tierra. Las mejores cocinas de Maldivas. Una de las experiencias gastron\u00f3micas submarinas personalizadas m\u00e1s \u00edntimas del mundo, a ocho metros bajo la superficie del Oc\u00e9ano \u00cdndico. Disfrute de una experiencia gastron\u00f3mica privada como ninguna otra con vistas ininterrumpidas del cautivador arrecife.<\/p>\n\n\t\t<\/div>\n\t<\/div>\n<\/div><\/div><\/div><\/div><div class=\"vc_row wpb_row vc_row-fluid\"><div class=\"wpb_column vc_column_container vc_col-sm-3\"><div class=\"vc_column-inner\"><div class=\"wpb_wrapper\">\n\t<div  class=\"wpb_single_image wpb_content_element vc_align_left wpb_content_element\">\n\t\t\n\t\t<figure class=\"wpb_wrapper vc_figure\">\n\t\t\t<a href=\"https:\/\/lamp.glopss.com\/aff_c?offer_id=264&#038;aff_id=1834&#038;url=https%3A%2F%2Fwww.komandoo.com%2F\" target=\"_self\" class=\"vc_single_image-wrapper   vc_box_border_grey\"><img loading=\"lazy\" decoding=\"async\" width=\"150\" height=\"150\" src=\"https:\/\/maldives-paradise.com\/wp-content\/uploads\/2024\/01\/komandoo3.-150x150.jpg\" class=\"vc_single_image-img attachment-thumbnail\" alt=\"Komandoo Island Resort &amp; Spa\" title=\"Piscina infinita Komandoo\" \/><\/a>\n\t\t<\/figure>\n\t<\/div>\n<\/div><\/div><\/div><div class=\"wpb_column vc_column_container vc_col-sm-9\"><div class=\"vc_column-inner\"><div class=\"wpb_wrapper\">\n\t<div class=\"wpb_text_column wpb_content_element\" >\n\t\t<div class=\"wpb_wrapper\">\n\t\t\t<h4><a href=\"https:\/\/maldives-paradise.com\/es\/spa-resort-isla-komandoo\/\">Komandoo Island Resort &amp; Spa<\/a><\/h4>\n<p>El Komandoo Island Resort &amp; Spa es uno de los complejos tur\u00edsticos solo para adultos mejor valorados de Maldivas. Las parejas pueden disfrutar de la compa\u00f1\u00eda mutua en este galardonado resort en un ambiente \u00edntimo entre la belleza del atol\u00f3n Lhaviyani. A los viajeros tambi\u00e9n les encantar\u00e1n los paquetes todo incluido de Komandoo. Los paquetes plus y gold del resort incluyen ventajas como comidas estilo buffet durante el desayuno, el almuerzo y la cena, bebidas sin l\u00edmite, acceso al minibar, uso gratuito del gimnasio del resort y equipo recreativo selecto.<\/p>\n\n\t\t<\/div>\n\t<\/div>\n<\/div><\/div><\/div><\/div><div class=\"vc_row wpb_row vc_row-fluid\"><div class=\"wpb_column vc_column_container vc_col-sm-3\"><div class=\"vc_column-inner\"><div class=\"wpb_wrapper\">\n\t<div  class=\"wpb_single_image wpb_content_element vc_align_left wpb_content_element\">\n\t\t\n\t\t<figure class=\"wpb_wrapper vc_figure\">\n\t\t\t<a href=\"https:\/\/lamp.glopss.com\/aff_c?offer_id=264&#038;aff_id=1834&#038;url=https%3A%2F%2Fwww.kudadoo.com%2F\" target=\"_self\" class=\"vc_single_image-wrapper   vc_box_border_grey\"><img loading=\"lazy\" decoding=\"async\" width=\"150\" height=\"150\" src=\"https:\/\/maldives-paradise.com\/wp-content\/uploads\/2024\/01\/kudadoo2-150x150.jpg\" class=\"vc_single_image-img attachment-thumbnail\" alt=\"Isla privada de Kudadoo Maldivas\" title=\"kudadoo2\" \/><\/a>\n\t\t<\/figure>\n\t<\/div>\n<\/div><\/div><\/div><div class=\"wpb_column vc_column_container vc_col-sm-9\"><div class=\"vc_column-inner\"><div class=\"wpb_wrapper\">\n\t<div class=\"wpb_text_column wpb_content_element\" >\n\t\t<div class=\"wpb_wrapper\">\n\t\t\t<h4><a href=\"https:\/\/lamp.glopss.com\/aff_c?offer_id=264&amp;aff_id=1834&amp;url=https%3A%2F%2Fwww.kudadoo.com%2F\" target=\"_blank\" rel=\"nofollow noopener\">Isla privada de Kudadoo Maldivas<\/a><\/h4>\n<p>Ocean Pool Residences de 310 metros cuadrados cuentan con amplias terrazas sobre el agua, una piscina infinita privada, mucho espacio para descansar al aire libre y un sof\u00e1 colgante. Estas residencias privadas de lujo exquisitamente dise\u00f1adas en Kudadoo incluyen un amplio ba\u00f1o con ba\u00f1era, ducha y \u00e1rea de maquillaje. L\u00edneas ex\u00f3ticas y limpias con colores en tonos tierra y materiales naturales. <strong>Mayordomo personal incluido. Cualquier cosa, en cualquier lugar y en cualquier momento.<br \/>\n<\/strong><\/p>\n\n\t\t<\/div>\n\t<\/div>\n<\/div><\/div><\/div><\/div><div class=\"vc_row wpb_row vc_row-fluid\"><div class=\"wpb_column vc_column_container vc_col-sm-3\"><div class=\"vc_column-inner\"><div class=\"wpb_wrapper\">\n\t<div  class=\"wpb_single_image wpb_content_element vc_align_left wpb_content_element\">\n\t\t\n\t\t<figure class=\"wpb_wrapper vc_figure\">\n\t\t\t<a href=\"https:\/\/lamp.glopss.com\/aff_c?offer_id=1508&#038;aff_id=1834\" target=\"_self\" class=\"vc_single_image-wrapper   vc_box_border_grey\"><img loading=\"lazy\" decoding=\"async\" width=\"150\" height=\"150\" src=\"https:\/\/maldives-paradise.com\/wp-content\/uploads\/2024\/01\/lily-beach2-150x150.jpg\" class=\"vc_single_image-img attachment-thumbnail\" alt=\"Lily Beach Resort &amp; Spa\" title=\"lirio-playa2\" \/><\/a>\n\t\t<\/figure>\n\t<\/div>\n<\/div><\/div><\/div><div class=\"wpb_column vc_column_container vc_col-sm-9\"><div class=\"vc_column-inner\"><div class=\"wpb_wrapper\">\n\t<div class=\"wpb_text_column wpb_content_element\" >\n\t\t<div class=\"wpb_wrapper\">\n\t\t\t<h4><a href=\"https:\/\/lamp.glopss.com\/aff_c?offer_id=1508&amp;aff_id=1834\" target=\"_blank\" rel=\"nofollow noopener\">Lily Beach Resort &amp; Spa<\/a><\/h4>\n<p>Descubra el para\u00edso en Lily Beach Resort &amp; Spa: lujo todo incluido en las Maldivas. Paquetes de boda y renovaci\u00f3n de votos est\u00e1n disponibles en el resort de lujo Lily Beach. Ambas opciones se pueden adaptar y dise\u00f1ar para satisfacer sus necesidades con una amplia gama de experiencias adicionales.<\/p>\n\n\t\t<\/div>\n\t<\/div>\n<\/div><\/div><\/div><\/div><div class=\"vc_row wpb_row vc_row-fluid\"><div class=\"wpb_column vc_column_container vc_col-sm-3\"><div class=\"vc_column-inner\"><div class=\"wpb_wrapper\">\n\t<div  class=\"wpb_single_image wpb_content_element vc_align_left wpb_content_element\">\n\t\t\n\t\t<figure class=\"wpb_wrapper vc_figure\">\n\t\t\t<a href=\"https:\/\/lamp.glopss.com\/aff_c?offer_id=261&#038;aff_id=1834\" target=\"_self\" class=\"vc_single_image-wrapper   vc_box_border_grey\"><img loading=\"lazy\" decoding=\"async\" width=\"150\" height=\"150\" src=\"https:\/\/maldives-paradise.com\/wp-content\/uploads\/2023\/10\/milaidhoo3-150x150.jpg\" class=\"vc_single_image-img attachment-thumbnail\" alt=\"Milaidhoo Maldivas\" title=\"milaidhoo3\" \/><\/a>\n\t\t<\/figure>\n\t<\/div>\n<\/div><\/div><\/div><div class=\"wpb_column vc_column_container vc_col-sm-9\"><div class=\"vc_column-inner\"><div class=\"wpb_wrapper\">\n\t<div class=\"wpb_text_column wpb_content_element\" >\n\t\t<div class=\"wpb_wrapper\">\n\t\t\t<h4><a href=\"https:\/\/lamp.glopss.com\/SHUd\" target=\"_blank\" rel=\"nofollow noopener\">Isla Milaidhoo Maldivas<\/a><\/h4>\n<p>El complejo boutique Milaidhoo redefine el lujo y muestra con orgullo sus ra\u00edces locales. Los hu\u00e9spedes experimentan un estilo de vida isle\u00f1o informal, lujoso y descalzo y se sienten parte del entorno natural y exuberante de una isla tropical. Aqu\u00ed se pueden cumplir todos los deseos rom\u00e1nticos: desde observar delfines al atardecer hasta visitar un banco de arena abandonado para hacer un picnic en la playa privada. Tambi\u00e9n son maravillosas las excursiones de snorkel y buceo a trav\u00e9s del colorido arrecife de coral directamente frente a la isla o en la famosa bah\u00eda de Hanifaru. En Milaidhoo, los hu\u00e9spedes encontrar\u00e1n su segundo hogar en el Oc\u00e9ano \u00cdndico: elegante, familiar y cerca de la naturaleza.<\/p>\n\n\t\t<\/div>\n\t<\/div>\n<\/div><\/div><\/div><\/div><div class=\"vc_row wpb_row vc_row-fluid\"><div class=\"wpb_column vc_column_container vc_col-sm-3\"><div class=\"vc_column-inner\"><div class=\"wpb_wrapper\">\n\t<div  class=\"wpb_single_image wpb_content_element vc_align_left wpb_content_element\">\n\t\t\n\t\t<figure class=\"wpb_wrapper vc_figure\">\n\t\t\t<a href=\"https:\/\/lamp.glopss.com\/aff_c?offer_id=9&#038;aff_id=1834&#038;url=https%3A%2F%2Fwww.niyama.com%2F\" target=\"_self\" class=\"vc_single_image-wrapper   vc_box_border_grey\"><img loading=\"lazy\" decoding=\"async\" width=\"150\" height=\"150\" src=\"https:\/\/maldives-paradise.com\/wp-content\/uploads\/2024\/01\/niyama2-150x150.jpg\" class=\"vc_single_image-img attachment-thumbnail\" alt=\"Islas Privadas de Niyama Maldivas\" title=\"niyama2\" \/><\/a>\n\t\t<\/figure>\n\t<\/div>\n<\/div><\/div><\/div><div class=\"wpb_column vc_column_container vc_col-sm-9\"><div class=\"vc_column-inner\"><div class=\"wpb_wrapper\">\n\t<div class=\"wpb_text_column wpb_content_element\" >\n\t\t<div class=\"wpb_wrapper\">\n\t\t\t<h4><a href=\"https:\/\/lamp.glopss.com\/SHUv\" target=\"_blank\" rel=\"nofollow noopener\">Islas Privadas de Niyama Maldivas<\/a><\/h4>\n<p>Lo mejor para la escuela de surf.<br \/>\nEste complejo familiar de islas gemelas en el sur del atol\u00f3n Dhaalu tiene su propia zona de surf a poca distancia de la costa. Las lecciones cubren todos los niveles y todos los miembros de la familia, comenzando con lo b\u00e1sico en la tranquila laguna azul de Niyama antes de pasar a inmersiones en pato y recortes en mar abierto. De regreso a tierra, tambi\u00e9n encontrar\u00e1 un club infantil donde todos cantan y bailan, un restaurante en una casa en un \u00e1rbol, un restaurante submarino, un spa sobre el agua y grandes villas familiares, tanto en la playa como sobre pilotes sobre el Oc\u00e9ano \u00cdndico.<\/p>\n\n\t\t<\/div>\n\t<\/div>\n<\/div><\/div><\/div><\/div><div class=\"vc_row wpb_row vc_row-fluid\"><div class=\"wpb_column vc_column_container vc_col-sm-3\"><div class=\"vc_column-inner\"><div class=\"wpb_wrapper\">\n\t<div  class=\"wpb_single_image wpb_content_element vc_align_left wpb_content_element\">\n\t\t\n\t\t<figure class=\"wpb_wrapper vc_figure\">\n\t\t\t<a href=\"https:\/\/lamp.glopss.com\/aff_c?offer_id=1506&#038;aff_id=1834\" target=\"_self\" class=\"vc_single_image-wrapper   vc_box_border_grey\"><img loading=\"lazy\" decoding=\"async\" width=\"150\" height=\"150\" src=\"https:\/\/maldives-paradise.com\/wp-content\/uploads\/2024\/02\/PatinaMaldives5-400-150x150.jpg\" class=\"vc_single_image-img attachment-thumbnail\" alt=\"P\u00e1tina Maldivas\" title=\"P\u00e1tina+Maldivas5-400\" \/><\/a>\n\t\t<\/figure>\n\t<\/div>\n<\/div><\/div><\/div><div class=\"wpb_column vc_column_container vc_col-sm-9\"><div class=\"vc_column-inner\"><div class=\"wpb_wrapper\">\n\t<div class=\"wpb_text_column wpb_content_element\" >\n\t\t<div class=\"wpb_wrapper\">\n\t\t\t<h4><a href=\"https:\/\/lamp.glopss.com\/aff_c?offer_id=1506&amp;aff_id=1834\">P\u00e1tina Maldivas<\/a><\/h4>\n<p>Patina Maldives es una joya galardonada que ofrece a los viajeros m\u00e1s exigentes una escapada de lujo al para\u00edso. Con sus impresionantes villas sobre el agua, exquisitas experiencias gastron\u00f3micas, comodidades de clase mundial y compromiso con la sostenibilidad, el complejo promete un retiro inolvidable en uno de los destinos m\u00e1s impresionantes del mundo.<\/p>\n\n\t\t<\/div>\n\t<\/div>\n<\/div><\/div><\/div><\/div><div class=\"vc_row wpb_row vc_row-fluid\"><div class=\"wpb_column vc_column_container vc_col-sm-12\"><div class=\"vc_column-inner\"><div class=\"wpb_wrapper\">\n\t<div class=\"wpb_text_column wpb_content_element\" >\n\t\t<div class=\"wpb_wrapper\">\n\t\t\t<p><a href=\"http:\/\/maldives-paradise.com\/es\/etiqueta\/mejor-precio-garantizado-2\/\"><strong>M\u00e1s sobre Hoteles y Resorts con Mejor Tarifa Garantizada en las Maldivas<\/strong><\/a><\/p>\n\n\t\t<\/div>\n\t<\/div>\n<\/div><\/div><\/div><\/div>\n<\/div>","protected":false},"excerpt":{"rendered":"<div class=\"mh-excerpt\"><\/div>","protected":false},"author":1,"featured_media":8152,"parent":0,"menu_order":0,"comment_status":"closed","ping_status":"closed","template":"","meta":{"footnotes":""},"class_list":["post-14711","page","type-page","status-publish","has-post-thumbnail"],"aioseo_notices":[],"_links":{"self":[{"href":"http:\/\/maldives-paradise.com\/es\/wp-json\/wp\/v2\/pages\/14711","targetHints":{"allow":["GET"]}}],"collection":[{"href":"http:\/\/maldives-paradise.com\/es\/wp-json\/wp\/v2\/pages"}],"about":[{"href":"http:\/\/maldives-paradise.com\/es\/wp-json\/wp\/v2\/types\/page"}],"author":[{"embeddable":true,"href":"http:\/\/maldives-paradise.com\/es\/wp-json\/wp\/v2\/users\/1"}],"replies":[{"embeddable":true,"href":"http:\/\/maldives-paradise.com\/es\/wp-json\/wp\/v2\/comments?post=14711"}],"version-history":[{"count":6,"href":"http:\/\/maldives-paradise.com\/es\/wp-json\/wp\/v2\/pages\/14711\/revisions"}],"predecessor-version":[{"id":45315,"href":"http:\/\/maldives-paradise.com\/es\/wp-json\/wp\/v2\/pages\/14711\/revisions\/45315"}],"wp:featuredmedia":[{"embeddable":true,"href":"http:\/\/maldives-paradise.com\/es\/wp-json\/wp\/v2\/media\/8152"}],"wp:attachment":[{"href":"http:\/\/maldives-paradise.com\/es\/wp-json\/wp\/v2\/media?parent=14711"}],"curies":[{"name":"gracias","href":"https:\/\/api.w.org\/{rel}","templated":true}]}}