{"id":11542,"date":"2024-02-27T18:17:28","date_gmt":"2024-02-27T18:17:28","guid":{"rendered":"http:\/\/maldives-paradise.com\/?page_id=11542"},"modified":"2025-11-26T09:28:07","modified_gmt":"2025-11-26T09:28:07","slug":"los-12-mejores-resorts-de-lujo-en-maldivas","status":"publish","type":"page","link":"http:\/\/maldives-paradise.com\/es\/los-12-mejores-resorts-de-lujo-en-maldivas\/","title":{"rendered":"Los mejores resorts de lujo en Maldivas"},"content":{"rendered":"<div class=\"wpb-content-wrapper\"><div class=\"vc_row wpb_row vc_row-fluid\"><div class=\"wpb_column vc_column_container vc_col-sm-12\"><div class=\"vc_column-inner\"><div class=\"wpb_wrapper\">\n\t<div class=\"wpb_text_column wpb_content_element\" >\n\t\t<div class=\"wpb_wrapper\">\n\t\t\t<p>Las Maldivas son sin\u00f3nimo de lujo y cuentan con una gran cantidad de complejos tur\u00edsticos de clase mundial que redefinen la extravagancia.<br \/>\nUna de las m\u00e1s destacadas es la isla privada Kudadoo Maldives, famosa por sus opulentas villas, playas v\u00edrgenes y un servicio inigualable. Otra joya es el Sun Siyam Vilu Reef, que irradia elegancia con su dise\u00f1o elegante, cenas con estrellas Michelin y comodidades exclusivas.<br \/>\nPara aquellos que buscan la m\u00e1xima privacidad, Velaa Private Island ofrece un aislamiento incomparable junto con un servicio personalizado y alojamiento de lujo. Estos resorts personifican el lujo en todos los aspectos, desde sus impresionantes alrededores hasta su impecable hospitalidad, asegurando un retiro inolvidable en el id\u00edlico para\u00edso de las Maldivas.<\/p>\n<p>Reservar un resort de lujo en las Maldivas ofrece una experiencia incomparable de opulencia, belleza natural y servicio personalizado. Estos complejos tur\u00edsticos ofrecen alojamiento de lujo, desde villas sobre el agua con piscinas privadas hasta suites frente a la playa, todas dise\u00f1adas para ofrecer el m\u00e1ximo confort y vistas impresionantes. Los hu\u00e9spedes pueden disfrutar de cenas de primera categor\u00eda, rejuvenecedores tratamientos de spa y actividades \u00fanicas como excursiones privadas en yate y cenas bajo el agua. La exquisita atenci\u00f3n al detalle, el impresionante entorno y la excepcional hospitalidad garantizan una escapada verdaderamente inolvidable, lo que convierte a un resort de lujo en las Maldivas en la mejor opci\u00f3n para quienes buscan lo mejor en relajaci\u00f3n y aventura.<\/p>\n\n\t\t<\/div>\n\t<\/div>\n<\/div><\/div><\/div><\/div><div class=\"vc_row wpb_row vc_row-fluid\"><div class=\"wpb_column vc_column_container vc_col-sm-3\"><div class=\"vc_column-inner\"><div class=\"wpb_wrapper\">\n\t<div  class=\"wpb_single_image wpb_content_element vc_align_left wpb_content_element\">\n\t\t\n\t\t<figure class=\"wpb_wrapper vc_figure\">\n\t\t\t<a href=\"http:\/\/maldives-paradise.com\/es\/velaa-isla-privada-maldivas\/\" target=\"_self\" class=\"vc_single_image-wrapper   vc_box_border_grey\"><img loading=\"lazy\" decoding=\"async\" width=\"150\" height=\"150\" src=\"https:\/\/maldives-paradise.com\/wp-content\/uploads\/2024\/02\/velaa-island-150x150.jpg\" class=\"vc_single_image-img attachment-thumbnail\" alt=\"Isla Privada Velaa\" title=\"isla-velaa\" \/><\/a>\n\t\t<\/figure>\n\t<\/div>\n<\/div><\/div><\/div><div class=\"wpb_column vc_column_container vc_col-sm-9\"><div class=\"vc_column-inner\"><div class=\"wpb_wrapper\">\n\t<div class=\"wpb_text_column wpb_content_element\" >\n\t\t<div class=\"wpb_wrapper\">\n\t\t\t<h4><a href=\"http:\/\/maldives-paradise.com\/es\/velaa-isla-privada-maldivas\/\">Velaa Isla Privada Resort<\/a><\/h4>\n<p>Disfrute de la escapada de lujo definitiva en Velaa Private Island Maldives, donde cada momento est\u00e1 dise\u00f1ado a la perfecci\u00f3n y cada detalle es un testimonio del arte de la hospitalidad. Reserva tu estancia y descubre un mundo donde el lujo no tiene l\u00edmites.<\/p>\n\n\t\t<\/div>\n\t<\/div>\n<\/div><\/div><\/div><\/div><div class=\"vc_row wpb_row vc_row-fluid\"><div class=\"wpb_column vc_column_container vc_col-sm-3\"><div class=\"vc_column-inner\"><div class=\"wpb_wrapper\">\n\t<div  class=\"wpb_single_image wpb_content_element vc_align_left wpb_content_element\">\n\t\t\n\t\t<figure class=\"wpb_wrapper vc_figure\">\n\t\t\t<a href=\"https:\/\/lamp.glopss.com\/aff_c?offer_id=264&#038;aff_id=1834&#038;url=https%3A%2F%2Fwww.kudadoo.com%2F\" target=\"_self\" class=\"vc_single_image-wrapper   vc_box_border_grey\"><img loading=\"lazy\" decoding=\"async\" width=\"150\" height=\"150\" src=\"https:\/\/maldives-paradise.com\/wp-content\/uploads\/2024\/01\/kudadoo2-150x150.jpg\" class=\"vc_single_image-img attachment-thumbnail\" alt=\"Isla privada de Kudadoo Maldivas\" title=\"kudadoo2\" \/><\/a>\n\t\t<\/figure>\n\t<\/div>\n<\/div><\/div><\/div><div class=\"wpb_column vc_column_container vc_col-sm-9\"><div class=\"vc_column-inner\"><div class=\"wpb_wrapper\">\n\t<div class=\"wpb_text_column wpb_content_element\" >\n\t\t<div class=\"wpb_wrapper\">\n\t\t\t<h4><a href=\"https:\/\/lamp.glopss.com\/aff_c?offer_id=264&amp;aff_id=1834&amp;url=https%3A%2F%2Fwww.kudadoo.com%2F\" target=\"_blank\" rel=\"nofollow noopener\">Isla privada de Kudadoo Maldivas<\/a><\/h4>\n<p>Ocean Pool Residences de 310 metros cuadrados cuentan con amplias terrazas sobre el agua, una piscina infinita privada, mucho espacio para descansar al aire libre y un sof\u00e1 colgante. Estas residencias privadas de lujo exquisitamente dise\u00f1adas en Kudadoo incluyen un amplio ba\u00f1o con ba\u00f1era, ducha y \u00e1rea de maquillaje. L\u00edneas ex\u00f3ticas y limpias con colores en tonos tierra y materiales naturales. <strong>Mayordomo personal incluido. Cualquier cosa, en cualquier lugar y en cualquier momento.<br \/>\n<span style=\"color: #ff0000;\">Mejor precio garantizado con reserva directa en este hotel.<\/span><br \/>\n<\/strong><\/p>\n\n\t\t<\/div>\n\t<\/div>\n<\/div><\/div><\/div><\/div><div class=\"vc_row wpb_row vc_row-fluid\"><div class=\"wpb_column vc_column_container vc_col-sm-3\"><div class=\"vc_column-inner\"><div class=\"wpb_wrapper\">\n\t<div  class=\"wpb_single_image wpb_content_element vc_align_left wpb_content_element\">\n\t\t\n\t\t<figure class=\"wpb_wrapper vc_figure\">\n\t\t\t<a href=\"https:\/\/lamp.glopss.com\/aff_c?offer_id=1476&#038;aff_id=1834&#038;url=Sun+Siyam+Vilu+Reef\" target=\"_self\" class=\"vc_single_image-wrapper   vc_box_border_grey\"><img loading=\"lazy\" decoding=\"async\" width=\"150\" height=\"150\" src=\"https:\/\/maldives-paradise.com\/wp-content\/uploads\/2024\/01\/Sun-Siyam-Vilu-Reef2-150x150.jpg\" class=\"vc_single_image-img attachment-thumbnail\" alt=\"Arrecife Sun Siyam Vilu\" title=\"Sun-Siyam-Vilu-Reef2\" \/><\/a>\n\t\t<\/figure>\n\t<\/div>\n<\/div><\/div><\/div><div class=\"wpb_column vc_column_container vc_col-sm-9\"><div class=\"vc_column-inner\"><div class=\"wpb_wrapper\">\n\t<div class=\"wpb_text_column wpb_content_element\" >\n\t\t<div class=\"wpb_wrapper\">\n\t\t\t<h4><a href=\"https:\/\/lamp.glopss.com\/SHUx\" target=\"_blank\" rel=\"nofollow noopener\">Arrecife Sun Siyam Vilu<\/a><\/h4>\n<p>En Sun Siyam Vilu Reef, cada momento est\u00e1 dise\u00f1ado a la perfecci\u00f3n y ofrece una experiencia de lujo incomparable en las Maldivas. Desde alojamientos opulentos hasta diversas delicias culinarias y actividades emocionantes, nuestro resort promete una escapada que superar\u00e1 todas sus expectativas. Reserve hoy su escapada al para\u00edso y deje que Sun Siyam Vilu Reef redefina su definici\u00f3n de lujo en las Maldivas.<\/p>\n\n\t\t<\/div>\n\t<\/div>\n<\/div><\/div><\/div><\/div><div class=\"vc_row wpb_row vc_row-fluid\"><div class=\"wpb_column vc_column_container vc_col-sm-3\"><div class=\"vc_column-inner\"><div class=\"wpb_wrapper\">\n\t<div  class=\"wpb_single_image wpb_content_element vc_align_left wpb_content_element\">\n\t\t\n\t\t<figure class=\"wpb_wrapper vc_figure\">\n\t\t\t<a href=\"http:\/\/maldives-paradise.com\/es\/soneva-jani\/\" target=\"_self\" class=\"vc_single_image-wrapper   vc_box_border_grey\"><img loading=\"lazy\" decoding=\"async\" width=\"150\" height=\"150\" src=\"https:\/\/maldives-paradise.com\/wp-content\/uploads\/2024\/02\/soneva-jani-over-water-villa-slide-400-150x150.jpg\" class=\"vc_single_image-img attachment-thumbnail\" alt=\"Villa Soneva Jani sobre el agua con piscina\" title=\"soneva-jani-villa-sobre-el-agua-tobog\u00e1n-400\" \/><\/a>\n\t\t<\/figure>\n\t<\/div>\n<\/div><\/div><\/div><div class=\"wpb_column vc_column_container vc_col-sm-9\"><div class=\"vc_column-inner\"><div class=\"wpb_wrapper\">\n\t<div class=\"wpb_text_column wpb_content_element\" >\n\t\t<div class=\"wpb_wrapper\">\n\t\t\t<h4><a href=\"http:\/\/maldives-paradise.com\/es\/soneva-jani\/\">Soneva Jani<\/a><\/h4>\n<p><strong>Soneva Jani<\/strong> es un famoso resort de lujo de 5 estrellas sobre el agua ubicado en una laguna cristalina de 5,6 kil\u00f3metros en el atol\u00f3n de Noonu en las Maldivas. Construido alrededor de una laguna con vista al mar, playas de arena blanca y vegetaci\u00f3n tropical. Cruceros con delfines, buceo, experiencias familiares, cenas con estrellas Michelin y mayordomo personal.<\/p>\n\n\t\t<\/div>\n\t<\/div>\n<\/div><\/div><\/div><\/div><div class=\"vc_row wpb_row vc_row-fluid\"><div class=\"wpb_column vc_column_container vc_col-sm-3\"><div class=\"vc_column-inner\"><div class=\"wpb_wrapper\">\n\t<div  class=\"wpb_single_image wpb_content_element vc_align_left wpb_content_element\">\n\t\t\n\t\t<figure class=\"wpb_wrapper vc_figure\">\n\t\t\t<a href=\"http:\/\/maldives-paradise.com\/es\/el-ritz-carlton-maldivas\/\" target=\"_self\" class=\"vc_single_image-wrapper   vc_box_border_grey\"><img loading=\"lazy\" decoding=\"async\" width=\"150\" height=\"150\" src=\"https:\/\/maldives-paradise.com\/wp-content\/uploads\/2024\/02\/The-Ritz-Carlton-Maldives-Fari-Islands-Lagoon-Pool-Villa-400-150x150.jpg\" class=\"vc_single_image-img attachment-thumbnail\" alt=\"Ritz-Carlton Isla Fari\" title=\"The-Ritz-Carlton-Maldivas-Islas-Fari-Lagoon-Pool-Villa-400\" \/><\/a>\n\t\t<\/figure>\n\t<\/div>\n<\/div><\/div><\/div><div class=\"wpb_column vc_column_container vc_col-sm-9\"><div class=\"vc_column-inner\"><div class=\"wpb_wrapper\">\n\t<div class=\"wpb_text_column wpb_content_element\" >\n\t\t<div class=\"wpb_wrapper\">\n\t\t\t<h4><a href=\"http:\/\/maldives-paradise.com\/es\/el-ritz-carlton-maldivas\/\">El Ritz-Carlton Isla Fari<\/a><\/h4>\n<p>El Ritz-Carlton Maldives personifica el lujo y ofrece una experiencia incomparable en medio de la belleza natural de las Maldivas. Ya sea que est\u00e9 celebrando una ocasi\u00f3n especial, embarc\u00e1ndose en una luna de miel o simplemente buscando una escapada inolvidable, este resort promete superar sus expectativas. Con su impresionante ubicaci\u00f3n, alojamiento de lujo, cenas deliciosas y un compromiso con la sostenibilidad, The Ritz-Carlton Maldives es un testimonio del ep\u00edtome del para\u00edso.<\/p>\n\n\t\t<\/div>\n\t<\/div>\n<\/div><\/div><\/div><\/div><div class=\"vc_row wpb_row vc_row-fluid\"><div class=\"wpb_column vc_column_container vc_col-sm-3\"><div class=\"vc_column-inner\"><div class=\"wpb_wrapper\">\n\t<div  class=\"wpb_single_image wpb_content_element vc_align_left wpb_content_element\">\n\t\t\n\t\t<figure class=\"wpb_wrapper vc_figure\">\n\t\t\t<a href=\"http:\/\/maldives-paradise.com\/es\/el-nautilus-maldivas\/\" target=\"_self\" class=\"vc_single_image-wrapper   vc_box_border_grey\"><img loading=\"lazy\" decoding=\"async\" width=\"150\" height=\"150\" src=\"https:\/\/maldives-paradise.com\/wp-content\/uploads\/2024\/02\/nautilus-over-water-villa-400-150x150.jpg\" class=\"vc_single_image-img attachment-thumbnail\" alt=\"El Nautilus Maldivas\" title=\"nautilus-sobre-el-agua-villa-400\" \/><\/a>\n\t\t<\/figure>\n\t<\/div>\n<\/div><\/div><\/div><div class=\"wpb_column vc_column_container vc_col-sm-9\"><div class=\"vc_column-inner\"><div class=\"wpb_wrapper\">\n\t<div class=\"wpb_text_column wpb_content_element\" >\n\t\t<div class=\"wpb_wrapper\">\n\t\t\t<h4><a href=\"http:\/\/maldives-paradise.com\/es\/el-nautilus-maldivas\/\">El Nautilus Maldivas<\/a><\/h4>\n<p>Votado entre los <strong>Los 3 mejores resorts del mundo.<\/strong> \u00a1Y como el mejor resort en el Oc\u00e9ano \u00cdndico seg\u00fan los lectores de Cond\u00e9 Nast Traveler en los \u00faltimos a\u00f1os! El Nautilus Maldives es la ubicaci\u00f3n incomparable de la isla; ubicado en su propia isla virgen de arena blanca y adornado con una verde flora end\u00e9mica en la Biosfera del Atol\u00f3n Baa de la UNESCO. El Nautilus es su refugio bohemio de lujo en las Maldivas. El resort de 5 estrellas ofrece vida sin l\u00edmites.<\/p>\n\n\t\t<\/div>\n\t<\/div>\n<\/div><\/div><\/div><\/div><div class=\"vc_row wpb_row vc_row-fluid\"><div class=\"wpb_column vc_column_container vc_col-sm-3\"><div class=\"vc_column-inner\"><div class=\"wpb_wrapper\">\n\t<div  class=\"wpb_single_image wpb_content_element vc_align_left wpb_content_element\">\n\t\t\n\t\t<figure class=\"wpb_wrapper vc_figure\">\n\t\t\t<a href=\"https:\/\/lamp.glopss.com\/aff_c?offer_id=9&#038;aff_id=1834&#038;url=https%3A%2F%2Fwww.anantara.com%2Fen%2Fkihavah-maldives\" target=\"_self\" class=\"vc_single_image-wrapper   vc_box_border_grey\"><img loading=\"lazy\" decoding=\"async\" width=\"150\" height=\"150\" src=\"https:\/\/maldives-paradise.com\/wp-content\/uploads\/2024\/02\/anantara_kihavah_over_water_pool_villa_aerial_400px-150x150.jpg\" class=\"vc_single_image-img attachment-thumbnail\" alt=\"Anantara Kihavah Maldivas Villas sobre el agua\" title=\"anantara_kihavah_over_water_pool_villa_aerial_400px\" \/><\/a>\n\t\t<\/figure>\n\t<\/div>\n<\/div><\/div><\/div><div class=\"wpb_column vc_column_container vc_col-sm-9\"><div class=\"vc_column-inner\"><div class=\"wpb_wrapper\">\n\t<div class=\"wpb_text_column wpb_content_element\" >\n\t\t<div class=\"wpb_wrapper\">\n\t\t\t<h4><a href=\"https:\/\/lamp.glopss.com\/SHUs\" target=\"_blank\" rel=\"nofollow noopener\">Anantara Kihavah Maldivas Villas<\/a><\/h4>\n<p>Rodeada \u00fanicamente por una laguna turquesa que se funde con un azul zafiro, la lujosa isla tur\u00edstica de Anantara Kihavah, en las Maldivas, y sus arenas de un blanco puro se elevan sobre el oc\u00e9ano como un espejismo. Villas de lujo sobre el agua con piscina privada. Tiene capacidad para 2 adultos y 2 ni\u00f1os o 3 adultos. Ba\u00f1o al aire libre con ba\u00f1era de hidromasaje hundida con fondo de vidrio, bicicletas privadas y anfitri\u00f3n de villa privada las 24 horas.<br \/>\n<span style=\"color: #ff0000;\"><strong>Mejor precio garantizado con reserva directa en este hotel.<\/strong><\/span><\/p>\n\n\t\t<\/div>\n\t<\/div>\n<\/div><\/div><\/div><\/div><div class=\"vc_row wpb_row vc_row-fluid\"><div class=\"wpb_column vc_column_container vc_col-sm-3\"><div class=\"vc_column-inner\"><div class=\"wpb_wrapper\">\n\t<div  class=\"wpb_single_image wpb_content_element vc_align_left wpb_content_element\">\n\t\t\n\t\t<figure class=\"wpb_wrapper vc_figure\">\n\t\t\t<a href=\"http:\/\/maldives-paradise.com\/es\/cuatro-estaciones-maldivas-landaa-giraavaru\/\" target=\"_self\" class=\"vc_single_image-wrapper   vc_box_border_grey\"><img loading=\"lazy\" decoding=\"async\" width=\"150\" height=\"150\" src=\"https:\/\/maldives-paradise.com\/wp-content\/uploads\/2024\/01\/Four-Seasons-Maldives-Landaa-Giraavaru2-150x150.jpeg\" class=\"vc_single_image-img attachment-thumbnail\" alt=\"Four Seasons Maldivas Landaa Giraavaru\" title=\"Four-Seasons-Maldivas-Landaa-Giraavaru2\" \/><\/a>\n\t\t<\/figure>\n\t<\/div>\n<\/div><\/div><\/div><div class=\"wpb_column vc_column_container vc_col-sm-9\"><div class=\"vc_column-inner\"><div class=\"wpb_wrapper\">\n\t<div class=\"wpb_text_column wpb_content_element\" >\n\t\t<div class=\"wpb_wrapper\">\n\t\t\t<h4><a href=\"http:\/\/maldives-paradise.com\/es\/cuatro-estaciones-maldivas-landaa-giraavaru\/\">Four Seasons Resort Maldivas Landaa Giraavaru<\/a><\/h4>\n<p>Four Seasons Maldives Landaa Giraavaru es donde cada momento es una celebraci\u00f3n de una elegancia incomparable. Sum\u00e9rgete en la belleza natural de las Maldivas mientras disfrutas de servicios y comodidades de primer nivel que redefinen el significado de indulgencia. Esto es m\u00e1s que unas vacaciones; es una sinfon\u00eda de lujo, naturaleza y momentos inolvidables.<\/p>\n\n\t\t<\/div>\n\t<\/div>\n<\/div><\/div><\/div><\/div><div class=\"vc_row wpb_row vc_row-fluid\"><div class=\"wpb_column vc_column_container vc_col-sm-3\"><div class=\"vc_column-inner\"><div class=\"wpb_wrapper\">\n\t<div  class=\"wpb_single_image wpb_content_element vc_align_left wpb_content_element\">\n\t\t\n\t\t<figure class=\"wpb_wrapper vc_figure\">\n\t\t\t<a href=\"http:\/\/maldives-paradise.com\/es\/gili-lanka-fushi-maldivas\/\" target=\"_self\" class=\"vc_single_image-wrapper   vc_box_border_grey\"><img loading=\"lazy\" decoding=\"async\" width=\"150\" height=\"150\" src=\"https:\/\/maldives-paradise.com\/wp-content\/uploads\/2024\/02\/gili-lankanfushiGLM_Old-Wing-Bathroom-400-150x150.jpg\" class=\"vc_single_image-img attachment-thumbnail\" alt=\"Gili Lankanfushi\" title=\"gili-lankanfushiGLM_Old-Wing-Ba\u00f1o-400\" \/><\/a>\n\t\t<\/figure>\n\t<\/div>\n<\/div><\/div><\/div><div class=\"wpb_column vc_column_container vc_col-sm-9\"><div class=\"vc_column-inner\"><div class=\"wpb_wrapper\">\n\t<div class=\"wpb_text_column wpb_content_element\" >\n\t\t<div class=\"wpb_wrapper\">\n\t\t\t<h4><a href=\"http:\/\/maldives-paradise.com\/es\/gili-lanka-fushi-maldivas\/\">Gili Lankanfushi<\/a><\/h4>\n<p>Gili Lankanfushi Maldivas no es s\u00f3lo un destino; es un refugio para quienes buscan una combinaci\u00f3n incomparable de lujo, sostenibilidad y belleza natural. Cada momento en este extraordinario resort es una invitaci\u00f3n a crear recuerdos duraderos en el regazo de indulgencia y tranquilidad. R\u00edndete al encanto de Gili Lankanfushi Maldivas, donde el para\u00edso espera tu llegada.<\/p>\n\n\t\t<\/div>\n\t<\/div>\n<\/div><\/div><\/div><\/div><div class=\"vc_row wpb_row vc_row-fluid\"><div class=\"wpb_column vc_column_container vc_col-sm-3\"><div class=\"vc_column-inner\"><div class=\"wpb_wrapper\">\n\t<div  class=\"wpb_single_image wpb_content_element vc_align_left wpb_content_element\">\n\t\t\n\t\t<figure class=\"wpb_wrapper vc_figure\">\n\t\t\t<a href=\"http:\/\/maldives-paradise.com\/es\/el-resort-st-regis-maldivas-vommuli\/\" target=\"_self\" class=\"vc_single_image-wrapper   vc_box_border_grey\"><img loading=\"lazy\" decoding=\"async\" width=\"150\" height=\"150\" src=\"https:\/\/maldives-paradise.com\/wp-content\/uploads\/2024\/01\/st-regis-2-150x150.jpg\" class=\"vc_single_image-img attachment-thumbnail\" alt=\"El St. Regis Maldives Vommuli Resort\" title=\"st-regis-2\" \/><\/a>\n\t\t<\/figure>\n\t<\/div>\n<\/div><\/div><\/div><div class=\"wpb_column vc_column_container vc_col-sm-9\"><div class=\"vc_column-inner\"><div class=\"wpb_wrapper\">\n\t<div class=\"wpb_text_column wpb_content_element\" >\n\t\t<div class=\"wpb_wrapper\">\n\t\t\t<h4><a href=\"http:\/\/maldives-paradise.com\/es\/el-resort-st-regis-maldivas-vommuli\/\">St. Regis Maldivas Vommuli Resort<\/a><\/h4>\n<p>Las espaciosas villas y suites cuentan con piscina privada, controles de habitaci\u00f3n mediante iPad, cortinas electr\u00f3nicas, pisos de madera, ba\u00f1o de m\u00e1rmol, ventanales, vestidor, terraza privada, ba\u00f1eras independientes, ducha tipo lluvia y Bang &amp; Olufsen BeoVision. TELEVISOR. Un servicio de mayordomo St. Regis personalizado est\u00e1 disponible para todas las habitaciones.<\/p>\n\n\t\t<\/div>\n\t<\/div>\n<\/div><\/div><\/div><\/div><div class=\"vc_row wpb_row vc_row-fluid\"><div class=\"wpb_column vc_column_container vc_col-sm-3\"><div class=\"vc_column-inner\"><div class=\"wpb_wrapper\">\n\t<div  class=\"wpb_single_image wpb_content_element vc_align_left wpb_content_element\">\n\t\t\n\t\t<figure class=\"wpb_wrapper vc_figure\">\n\t\t\t<a href=\"http:\/\/maldives-paradise.com\/es\/soneva-fushi\/\" target=\"_self\" class=\"vc_single_image-wrapper   vc_box_border_grey\"><img loading=\"lazy\" decoding=\"async\" width=\"150\" height=\"150\" src=\"https:\/\/maldives-paradise.com\/wp-content\/uploads\/2024\/01\/soneva-fushi2-150x150.jpg\" class=\"vc_single_image-img attachment-thumbnail\" alt=\"Soneva Fushi\" title=\"soneva-fushi2\" \/><\/a>\n\t\t<\/figure>\n\t<\/div>\n<\/div><\/div><\/div><div class=\"wpb_column vc_column_container vc_col-sm-9\"><div class=\"vc_column-inner\"><div class=\"wpb_wrapper\">\n\t<div class=\"wpb_text_column wpb_content_element\" >\n\t\t<div class=\"wpb_wrapper\">\n\t\t\t<h4><a href=\"http:\/\/maldives-paradise.com\/es\/soneva-fushi\/\">Soneva Fushi<\/a><\/h4>\n<p>\u00a1Sin noticias, sin zapatos! Resort isle\u00f1o de cinco estrellas de eco-lujo. <strong>Soneva Fushi<\/strong> se encuentra como un resort de lujo en una hermosa isla de las Maldivas, que contiene playas de arena blanca, aguas cristalinas y experiencias \u00fanicas en la vida. La isla Baa Atoll ofrece lujo, dise\u00f1o respetuoso con el medio ambiente y aut\u00e9nticas experiencias maldivas.<\/p>\n\n\t\t<\/div>\n\t<\/div>\n<\/div><\/div><\/div><\/div><div class=\"vc_row wpb_row vc_row-fluid\"><div class=\"wpb_column vc_column_container vc_col-sm-3\"><div class=\"vc_column-inner\"><div class=\"wpb_wrapper\">\n\t<div  class=\"wpb_single_image wpb_content_element vc_align_left wpb_content_element\">\n\t\t\n\t\t<figure class=\"wpb_wrapper vc_figure\">\n\t\t\t<a href=\"https:\/\/lamp.glopss.com\/aff_c?offer_id=1506&#038;aff_id=1834\" target=\"_self\" class=\"vc_single_image-wrapper   vc_box_border_grey\"><img loading=\"lazy\" decoding=\"async\" width=\"150\" height=\"150\" src=\"https:\/\/maldives-paradise.com\/wp-content\/uploads\/2024\/02\/PatinaMaldives5-400-150x150.jpg\" class=\"vc_single_image-img attachment-thumbnail\" alt=\"P\u00e1tina Maldivas\" title=\"P\u00e1tina+Maldivas5-400\" \/><\/a>\n\t\t<\/figure>\n\t<\/div>\n<\/div><\/div><\/div><div class=\"wpb_column vc_column_container vc_col-sm-9\"><div class=\"vc_column-inner\"><div class=\"wpb_wrapper\">\n\t<div class=\"wpb_text_column wpb_content_element\" >\n\t\t<div class=\"wpb_wrapper\">\n\t\t\t<h4><a href=\"https:\/\/lamp.glopss.com\/aff_c?offer_id=1506&amp;aff_id=1834\">P\u00e1tina Maldivas<\/a><\/h4>\n<p>Patina Maldives es una joya galardonada que ofrece a los viajeros m\u00e1s exigentes una escapada de lujo al para\u00edso. Con sus impresionantes villas sobre el agua, exquisitas experiencias gastron\u00f3micas, comodidades de clase mundial y compromiso con la sostenibilidad, el complejo promete un retiro inolvidable en uno de los destinos m\u00e1s impresionantes del mundo.<\/p>\n\n\t\t<\/div>\n\t<\/div>\n<\/div><\/div><\/div><\/div><div class=\"vc_row wpb_row vc_row-fluid\"><div class=\"wpb_column vc_column_container vc_col-sm-12\"><div class=\"vc_column-inner\"><div class=\"wpb_wrapper\">\n\t<div class=\"wpb_text_column wpb_content_element\" >\n\t\t<div class=\"wpb_wrapper\">\n\t\t\t<h4>Los mejores resorts en Maldivas por categor\u00eda<\/h4>\n<p class=\"has-small-font-size\"><a title=\"Los 12 mejores resorts familiares\" href=\"https:\/\/maldives-paradise.com\/es\/?page_id=8933\">Los mejores resorts familiares en Maldivas<\/a><\/p>\n<p class=\"has-small-font-size\"><a title=\"Los mejores resorts solo para adultos\" href=\"https:\/\/maldives-paradise.com\/es\/?page_id=8790\">Los mejores resorts solo para adultos en Maldivas<\/a><\/p>\n<p class=\"has-small-font-size\"><a title=\"Los mejores resorts todo incluido\" href=\"https:\/\/maldives-paradise.com\/es\/?page_id=8762\">Los mejores resorts con todo incluido en Maldivas<\/a><\/p>\n<p class=\"has-small-font-size\"><a title=\"Los 12 mejores resorts todo incluido solo para adultos\" href=\"https:\/\/maldives-paradise.com\/es\/los-12-mejores-resorts-todo-incluido-solo-para-adultos-en-las-maldivas\/\">Los mejores resorts todo incluido solo para adultos<\/a><\/p>\n<p class=\"has-small-font-size\"><a title=\"Las 12 mejores villas sobre el agua en Maldivas\" href=\"https:\/\/maldives-paradise.com\/es\/las-12-mejores-villas-sobre-el-agua-en-maldivas\/\">Las mejores villas sobre el agua en Maldivas<\/a><\/p>\n<p class=\"has-small-font-size\"><a title=\"Los 12 mejores resorts de lujo en las Maldivas\" href=\"https:\/\/maldives-paradise.com\/es\/los-12-mejores-resorts-de-lujo-en-maldivas\/\">Los mejores resorts de lujo en las Maldivas<\/a><\/p>\n<p class=\"has-small-font-size\"><a title=\"Los 12 mejores resorts gourmet de las Maldivas\" href=\"https:\/\/maldives-paradise.com\/es\/12-mejores-resorts-gourmet-en-maldivas\/\">Los mejores resorts gourmet de las Maldivas<\/a><\/p>\n<p class=\"has-small-font-size\"><a title=\"Los 12 mejores resorts con spa en las Maldivas\" href=\"https:\/\/maldives-paradise.com\/es\/los-12-mejores-resorts-con-spa-en-maldivas\/\">Los mejores resorts con spa en las Maldivas<\/a><\/p>\n<p class=\"has-small-font-size\"><a title=\"Los 12 Resorts con el Mejor House Reef en Maldivas\" href=\"https:\/\/maldives-paradise.com\/es\/los-12-resorts-con-el-mejor-arrecife-en-maldivas\/\">Los resorts con el mejor arrecife de Maldivas<\/a><\/p>\n<p class=\"has-small-font-size\"><a title=\"Los mejores complejos tur\u00edsticos de buceo en las Maldivas\" href=\"https:\/\/maldives-paradise.com\/es\/los-12-resorts-con-el-mejor-arrecife-en-maldivas\/\">Los mejores resorts de buceo en las Maldivas<\/a><\/p>\n<p class=\"has-small-font-size\"><a title=\"Los 12 mejores resorts multiisla de las Maldivas\" href=\"https:\/\/maldives-paradise.com\/es\/los-12-mejores-resorts-multiisla-de-las-maldivas\/\">Los mejores resorts multiisla de las Maldivas<\/a><\/p>\n\n\t\t<\/div>\n\t<\/div>\n<\/div><\/div><\/div><\/div>\n<\/div>","protected":false},"excerpt":{"rendered":"<div class=\"mh-excerpt\"><\/div>","protected":false},"author":1,"featured_media":11074,"parent":0,"menu_order":0,"comment_status":"closed","ping_status":"closed","template":"","meta":{"footnotes":""},"class_list":["post-11542","page","type-page","status-publish","has-post-thumbnail"],"aioseo_notices":[],"_links":{"self":[{"href":"http:\/\/maldives-paradise.com\/es\/wp-json\/wp\/v2\/pages\/11542","targetHints":{"allow":["GET"]}}],"collection":[{"href":"http:\/\/maldives-paradise.com\/es\/wp-json\/wp\/v2\/pages"}],"about":[{"href":"http:\/\/maldives-paradise.com\/es\/wp-json\/wp\/v2\/types\/page"}],"author":[{"embeddable":true,"href":"http:\/\/maldives-paradise.com\/es\/wp-json\/wp\/v2\/users\/1"}],"replies":[{"embeddable":true,"href":"http:\/\/maldives-paradise.com\/es\/wp-json\/wp\/v2\/comments?post=11542"}],"version-history":[{"count":6,"href":"http:\/\/maldives-paradise.com\/es\/wp-json\/wp\/v2\/pages\/11542\/revisions"}],"predecessor-version":[{"id":45310,"href":"http:\/\/maldives-paradise.com\/es\/wp-json\/wp\/v2\/pages\/11542\/revisions\/45310"}],"wp:featuredmedia":[{"embeddable":true,"href":"http:\/\/maldives-paradise.com\/es\/wp-json\/wp\/v2\/media\/11074"}],"wp:attachment":[{"href":"http:\/\/maldives-paradise.com\/es\/wp-json\/wp\/v2\/media?parent=11542"}],"curies":[{"name":"gracias","href":"https:\/\/api.w.org\/{rel}","templated":true}]}}