{"id":10441,"date":"2024-02-10T09:59:44","date_gmt":"2024-02-10T09:59:44","guid":{"rendered":"http:\/\/maldives-paradise.com\/?page_id=10441"},"modified":"2024-09-14T08:23:27","modified_gmt":"2024-09-14T08:23:27","slug":"vuelos-internacionales-a-maldivas","status":"publish","type":"page","link":"http:\/\/maldives-paradise.com\/es\/vuelos-internacionales-a-maldivas\/","title":{"rendered":"Vuelos internacionales a Maldivas"},"content":{"rendered":"<div class=\"wpb-content-wrapper\"><div class=\"vc_row wpb_row vc_row-fluid\"><div class=\"wpb_column vc_column_container vc_col-sm-12\"><div class=\"vc_column-inner\"><div class=\"wpb_wrapper\">\n\t<div class=\"wpb_text_column wpb_content_element\" >\n\t\t<div class=\"wpb_wrapper\">\n\t\t\t<h3>Vuelos internacionales que llegan al aeropuerto internacional de Mal\u00e9, Maldivas<\/h3>\n\n\t\t<\/div>\n\t<\/div>\n<\/div><\/div><\/div><\/div><div class=\"vc_row wpb_row vc_row-fluid\"><div class=\"wpb_column vc_column_container vc_col-sm-12\"><div class=\"vc_column-inner\"><div class=\"wpb_wrapper\">\n\t<div  class=\"wpb_single_image wpb_content_element vc_align_left wpb_content_element\">\n\t\t\n\t\t<figure class=\"wpb_wrapper vc_figure\">\n\t\t\t<div class=\"vc_single_image-wrapper   vc_box_border_grey\"><img loading=\"lazy\" decoding=\"async\" width=\"800\" height=\"533\" src=\"https:\/\/maldives-paradise.com\/wp-content\/uploads\/2024\/02\/Emirates-plane-5855534_1280.jpg\" class=\"vc_single_image-img attachment-full\" alt=\"Aerol\u00ednea de los Emiratos\" title=\"Avi\u00f3n-emiratos-5855534_1280\" srcset=\"https:\/\/maldives-paradise.com\/wp-content\/uploads\/2024\/02\/Emirates-plane-5855534_1280.jpg 800w, https:\/\/maldives-paradise.com\/wp-content\/uploads\/2024\/02\/Emirates-plane-5855534_1280-300x200.jpg 300w, https:\/\/maldives-paradise.com\/wp-content\/uploads\/2024\/02\/Emirates-plane-5855534_1280-768x512.jpg 768w, https:\/\/maldives-paradise.com\/wp-content\/uploads\/2024\/02\/Emirates-plane-5855534_1280-18x12.jpg 18w, https:\/\/maldives-paradise.com\/wp-content\/uploads\/2024\/02\/Emirates-plane-5855534_1280-500x333.jpg 500w\" sizes=\"auto, (max-width: 800px) 100vw, 800px\" \/><\/div>\n\t\t<\/figure>\n\t<\/div>\n<\/div><\/div><\/div><\/div><div class=\"vc_row wpb_row vc_row-fluid\"><div class=\"wpb_column vc_column_container vc_col-sm-12\"><div class=\"vc_column-inner\"><div class=\"wpb_wrapper\">\n\t<div class=\"wpb_text_column wpb_content_element\" >\n\t\t<div class=\"wpb_wrapper\">\n\t\t\t<p>El Aeropuerto Internacional de Mal\u00e9, tambi\u00e9n conocido como Aeropuerto Internacional Velana, est\u00e1 ubicado en la isla de Hulhul\u00e9, junto a la capital Mal\u00e9 en las Maldivas, y sirve como la principal puerta de entrada a las Maldivas.<\/p>\n<p>Las Maldivas dan la bienvenida a visitantes de varios rincones del mundo. Los vuelos internacionales al Aeropuerto Internacional de Mal\u00e9 se originan desde los principales centros, incluidos Dubai, Doha, Abu Dhabi, Singapur, Estambul, Mosc\u00fa y Kuala Lumpur. Aerol\u00edneas como Emirates, Qatar Airways, Etihad, Singapore Airlines, Turkish Airlines, Aeroflot y Malaysia Airlines operan vuelos frecuentes a este para\u00edso tropical. Hong Kong Airlines tambi\u00e9n ha abierto recientemente un vuelo directo desde Hong Kong.<\/p>\n<p>Estos vuelos internacionales llevan a los viajeros al Aeropuerto Internacional de Mal\u00e9. Aunque el aeropuerto es de tama\u00f1o relativamente peque\u00f1o, ofrece modernas instalaciones y servicios que satisfacen las necesidades de los pasajeros entrantes. Desde tiendas libres de impuestos que ofrecen souvenirs y art\u00edculos de lujo hasta restaurantes que sirven deliciosa cocina maldiva, los viajeros pueden sumergirse en la cultura local incluso antes de poner un pie en las islas.<\/p>\n<p>A su llegada, los pasajeros son recibidos por la c\u00e1lida hospitalidad del pueblo de Maldivas y las impresionantes vistas de las aguas cristalinas de color turquesa que rodean el aeropuerto. El traslado a los distintos centros tur\u00edsticos de la isla generalmente se organiza en lancha r\u00e1pida o hidroavi\u00f3n, lo que a\u00f1ade un elemento de emoci\u00f3n al viaje.<\/p>\n<p>La popularidad de las Maldivas como destino tur\u00edstico ha experimentado un aumento constante de llegadas internacionales a lo largo de los a\u00f1os. Antes de la pandemia mundial, el Aeropuerto Internacional de Mal\u00e9 registraba m\u00e1s de 4 millones de pasajeros al a\u00f1o, y la mayor\u00eda de ellos proced\u00edan de Europa, Asia y Oriente Medio. Si bien las restricciones de viaje en 2020 y 2021 provocaron una disminuci\u00f3n temporal en el n\u00famero de pasajeros, Maldivas ha reabierto gradualmente sus fronteras, dando la bienvenida a los visitantes internacionales con medidas de seguridad mejoradas.<\/p>\n<p>Emirates Airline tiene varios vuelos desde Dubai a Mal\u00e9 todos los d\u00edas. Buscar vuelos en <a href=\"https:\/\/lamp.glopss.com\/aff_c?offer_id=199&amp;aff_id=1834\" target=\"_blank\" rel=\"nofollow noopener\">Emiratos aqu\u00ed<\/a>.<\/p>\n\n\t\t<\/div>\n\t<\/div>\n<\/div><\/div><\/div><\/div><div class=\"vc_row wpb_row vc_row-fluid\"><div class=\"wpb_column vc_column_container vc_col-sm-12\"><div class=\"vc_column-inner\"><div class=\"wpb_wrapper\">\n\t<div class=\"wpb_text_column wpb_content_element\" >\n\t\t<div class=\"wpb_wrapper\">\n\t\t\t<h3><a href=\"http:\/\/maldives-paradise.com\/es\/2024\/02\/vuelos\/\">Busque todos los vuelos a Maldivas aqu\u00ed &gt;&gt;<\/a><\/h3>\n\n\t\t<\/div>\n\t<\/div>\n<\/div><\/div><\/div><\/div>\n<\/div>","protected":false},"excerpt":{"rendered":"<div class=\"mh-excerpt\"><\/div>","protected":false},"author":1,"featured_media":10442,"parent":0,"menu_order":0,"comment_status":"closed","ping_status":"closed","template":"","meta":{"footnotes":""},"class_list":["post-10441","page","type-page","status-publish","has-post-thumbnail"],"aioseo_notices":[],"_links":{"self":[{"href":"http:\/\/maldives-paradise.com\/es\/wp-json\/wp\/v2\/pages\/10441","targetHints":{"allow":["GET"]}}],"collection":[{"href":"http:\/\/maldives-paradise.com\/es\/wp-json\/wp\/v2\/pages"}],"about":[{"href":"http:\/\/maldives-paradise.com\/es\/wp-json\/wp\/v2\/types\/page"}],"author":[{"embeddable":true,"href":"http:\/\/maldives-paradise.com\/es\/wp-json\/wp\/v2\/users\/1"}],"replies":[{"embeddable":true,"href":"http:\/\/maldives-paradise.com\/es\/wp-json\/wp\/v2\/comments?post=10441"}],"version-history":[{"count":3,"href":"http:\/\/maldives-paradise.com\/es\/wp-json\/wp\/v2\/pages\/10441\/revisions"}],"predecessor-version":[{"id":10968,"href":"http:\/\/maldives-paradise.com\/es\/wp-json\/wp\/v2\/pages\/10441\/revisions\/10968"}],"wp:featuredmedia":[{"embeddable":true,"href":"http:\/\/maldives-paradise.com\/es\/wp-json\/wp\/v2\/media\/10442"}],"wp:attachment":[{"href":"http:\/\/maldives-paradise.com\/es\/wp-json\/wp\/v2\/media?parent=10441"}],"curies":[{"name":"gracias","href":"https:\/\/api.w.org\/{rel}","templated":true}]}}