{"id":10369,"date":"2024-02-09T13:58:11","date_gmt":"2024-02-09T13:58:11","guid":{"rendered":"http:\/\/maldives-paradise.com\/?page_id=10369"},"modified":"2025-10-15T13:28:23","modified_gmt":"2025-10-15T13:28:23","slug":"complejo-turistico-de-la-isla-safari","status":"publish","type":"page","link":"http:\/\/maldives-paradise.com\/es\/complejo-turistico-de-la-isla-safari\/","title":{"rendered":"Safari Island Resort"},"content":{"rendered":"<div class=\"wpb-content-wrapper\"><div class=\"vc_row wpb_row vc_row-fluid\"><div class=\"wpb_column vc_column_container vc_col-sm-12\"><div class=\"vc_column-inner\"><div class=\"wpb_wrapper\">\n\t<div class=\"wpb_text_column wpb_content_element\" >\n\t\t<div class=\"wpb_wrapper\">\n\t\t\t<h3>Safari Island, un destino imprescindible para los viajeros.<\/h3>\n\n\t\t<\/div>\n\t<\/div>\n<\/div><\/div><\/div><\/div><div class=\"vc_row wpb_row vc_row-fluid\"><div class=\"wpb_column vc_column_container vc_col-sm-12\"><div class=\"vc_column-inner\"><div class=\"wpb_wrapper\">\n\t<div class=\"wpb_video_widget wpb_content_element vc_clearfix   vc_video-aspect-ratio-169 vc_video-el-width-100 vc_video-align-left\" >\n\t\t<div class=\"wpb_wrapper\">\n\t\t\t\n\t\t\t<div class=\"wpb_video_wrapper\"><iframe loading=\"lazy\" title=\"Isla Safari (Maldivas) - Tr\u00e1iler\" width=\"500\" height=\"281\" src=\"https:\/\/www.youtube.com\/embed\/OEo0QsW9tAg?feature=oembed\" frameborder=\"0\" allow=\"accelerometer; autoplay; clipboard-write; encrypted-media; gyroscope; picture-in-picture; web-share\" allowfullscreen><\/iframe><\/div>\n\t\t<\/div>\n\t<\/div>\n<\/div><\/div><\/div><\/div><div class=\"vc_row wpb_row vc_row-fluid\"><div class=\"wpb_column vc_column_container vc_col-sm-12\"><div class=\"vc_column-inner\"><div class=\"wpb_wrapper\">\n\t<div class=\"wpb_text_column wpb_content_element\" >\n\t\t<div class=\"wpb_wrapper\">\n\t\t\t<p><strong>Safari Island Resort<\/strong>, Enclavada en el coraz\u00f3n de las Maldivas, se encuentra Safari Island, un para\u00edso tropical que personifica la belleza y la serenidad de este famoso archipi\u00e9lago. Ubicada en el atol\u00f3n Ari Norte, conocido localmente como atol\u00f3n Alifu Alifu, Safari Island es una peque\u00f1a isla privada que ofrece una escapada \u00edntima en medio de la impresionante belleza natural del Oc\u00e9ano \u00cdndico. Este art\u00edculo explora los diversos aspectos que hacen de Safari Island un destino imperdible para los viajeros que buscan tranquilidad, aventura y una belleza natural incomparable.<\/p>\n<p><strong>Belleza geogr\u00e1fica y natural:<\/strong><\/p>\n<p>La isla Safari se encuentra a unos 60 kil\u00f3metros del Aeropuerto Internacional de Mal\u00e9. Rodeada de aguas turquesas cristalinas, la isla ofrece un espect\u00e1culo de exuberante vegetaci\u00f3n y playas de arena blanca impolutas. Forma parte del atol\u00f3n Ari Norte, conocido por sus vibrantes arrecifes de coral y su diversa vida marina. Las aguas poco profundas que rodean la isla son perfectas para practicar esn\u00f3rquel y brindan una excelente oportunidad para contemplar el colorido mundo submarino de las Maldivas.<\/p>\n<p><strong>Alojamiento y servicios:<\/strong><\/p>\n<p>Safari Island ofrece una variedad de alojamientos para todos los gustos y presupuestos. Las opciones incluyen bungalows en la playa, bungalows semiacu\u00e1ticos y bungalows sobre el agua, cada uno con impresionantes vistas al oc\u00e9ano y acceso directo a la playa o al mar. Las habitaciones est\u00e1n dise\u00f1adas para integrarse con el entorno natural, combinando la arquitectura tradicional maldiva con comodidades modernas para mayor confort. La isla tambi\u00e9n cuenta con un restaurante principal, una cafeter\u00eda y un bar, que ofrecen diversas opciones gastron\u00f3micas, desde buf\u00e9s internacionales hasta men\u00fas a la carta.<\/p>\n<p><strong>Actividades y experiencias:<\/strong><\/p>\n<p>Uno de los mayores atractivos de Safari Island es la amplia gama de actividades y experiencias que ofrece. La isla es un para\u00edso para los amantes de los deportes acu\u00e1ticos, con opciones que van desde el esn\u00f3rquel y el buceo hasta el windsurf y el pirag\u00fcismo. El centro de buceo de la isla est\u00e1 equipado para atender tanto a principiantes como a buceadores experimentados, ofreciendo la oportunidad de explorar algunos de los mejores puntos de buceo de las Maldivas. Los arrecifes circundantes albergan una gran variedad de vida marina, incluyendo tortugas, mantarrayas y diversos peces tropicales.<\/p>\n<p><strong>Spa y Bienestar:<\/strong><\/p>\n<p>Para quienes buscan relajarse, el spa de la isla ofrece una variedad de tratamientos dise\u00f1ados para rejuvenecer cuerpo y mente. Las terapias incorporan t\u00e9cnicas tradicionales maldivas y productos naturales, brindando una experiencia de bienestar \u00fanica. Tambi\u00e9n se ofrecen sesiones de yoga y meditaci\u00f3n, que permiten a los hu\u00e9spedes desconectar y conectar con la naturaleza en un entorno sereno.<\/p>\n<p><strong>Compromiso ambiental:<\/strong><\/p>\n<p>Safari Island est\u00e1 comprometida con la preservaci\u00f3n de la belleza natural y el equilibrio ecol\u00f3gico de las Maldivas. La isla implementa iniciativas de turismo sostenible, como la conservaci\u00f3n del agua, la gesti\u00f3n de residuos y la eficiencia energ\u00e9tica. Asimismo, la administraci\u00f3n anima a los hu\u00e9spedes a participar en actividades de conservaci\u00f3n, como la plantaci\u00f3n de corales y programas de sensibilizaci\u00f3n sobre la vida marina.<\/p>\n<p><strong>Experiencia cultural:<\/strong><\/p>\n<p>Aunque Safari Island es un refugio del ajetreo de la vida cotidiana, tambi\u00e9n ofrece a sus hu\u00e9spedes la oportunidad de descubrir la rica cultura y tradiciones de las Maldivas. Noches culturales, clases de cocina maldiva y excursiones a islas cercanas brindan la posibilidad de experimentar el estilo de vida local e interactuar con los amables maldivos.<\/p>\n<p><strong>Accesibilidad y conectividad:<\/strong><\/p>\n<p>Se puede acceder a la isla mediante un pintoresco viaje en hidroavi\u00f3n desde el Aeropuerto Internacional de Mal\u00e9, que dura unos 25 minutos. Este viaje en s\u00ed mismo es una experiencia, que ofrece impresionantes vistas a\u00e9reas de los atolones e islas de las Maldivas.<\/p>\n<p>En conclusi\u00f3n, Safari Island, en las Maldivas, es una combinaci\u00f3n de belleza natural, lujo, aventura y tranquilidad. Es un destino que satisface una amplia gama de intereses y promete una experiencia inolvidable para todo aquel que lo visita. Ya sea para una escapada rom\u00e1ntica, unas vacaciones en familia o un retiro en solitario, Safari Island ofrece un pedacito de para\u00edso con la c\u00e1lida hospitalidad de las Maldivas.<\/p>\n\n\t\t<\/div>\n\t<\/div>\n<\/div><\/div><\/div><\/div><div class=\"vc_row wpb_row vc_row-fluid\"><div class=\"wpb_column vc_column_container vc_col-sm-12\"><div class=\"vc_column-inner\"><div class=\"wpb_wrapper\">\n\t<div class=\"wpb_text_column wpb_content_element\" >\n\t\t<div class=\"wpb_wrapper\">\n\t\t\t<h3><a title=\"Safari Island Resort\" href=\"https:\/\/trip.tpo.lv\/n7HCIipR\" target=\"blanc2\" rel=\"nofollow\">Consulta aqu\u00ed la disponibilidad y el mejor precio en Safari Island Resort &gt;&gt;<\/a><\/h3>\n\n\t\t<\/div>\n\t<\/div>\n<\/div><\/div><\/div><\/div>\n<\/div>","protected":false},"excerpt":{"rendered":"<div class=\"mh-excerpt\"><\/div>","protected":false},"author":1,"featured_media":10370,"parent":0,"menu_order":0,"comment_status":"closed","ping_status":"closed","template":"","meta":{"footnotes":""},"class_list":["post-10369","page","type-page","status-publish","has-post-thumbnail"],"aioseo_notices":[],"_links":{"self":[{"href":"http:\/\/maldives-paradise.com\/es\/wp-json\/wp\/v2\/pages\/10369","targetHints":{"allow":["GET"]}}],"collection":[{"href":"http:\/\/maldives-paradise.com\/es\/wp-json\/wp\/v2\/pages"}],"about":[{"href":"http:\/\/maldives-paradise.com\/es\/wp-json\/wp\/v2\/types\/page"}],"author":[{"embeddable":true,"href":"http:\/\/maldives-paradise.com\/es\/wp-json\/wp\/v2\/users\/1"}],"replies":[{"embeddable":true,"href":"http:\/\/maldives-paradise.com\/es\/wp-json\/wp\/v2\/comments?post=10369"}],"version-history":[{"count":4,"href":"http:\/\/maldives-paradise.com\/es\/wp-json\/wp\/v2\/pages\/10369\/revisions"}],"predecessor-version":[{"id":43700,"href":"http:\/\/maldives-paradise.com\/es\/wp-json\/wp\/v2\/pages\/10369\/revisions\/43700"}],"wp:featuredmedia":[{"embeddable":true,"href":"http:\/\/maldives-paradise.com\/es\/wp-json\/wp\/v2\/media\/10370"}],"wp:attachment":[{"href":"http:\/\/maldives-paradise.com\/es\/wp-json\/wp\/v2\/media?parent=10369"}],"curies":[{"name":"gracias","href":"https:\/\/api.w.org\/{rel}","templated":true}]}}