{"id":10340,"date":"2024-02-08T19:07:28","date_gmt":"2024-02-08T19:07:28","guid":{"rendered":"http:\/\/maldives-paradise.com\/?page_id=10340"},"modified":"2025-01-06T09:09:08","modified_gmt":"2025-01-06T09:09:08","slug":"actividades-populares-para-hacer-en-las-maldivas","status":"publish","type":"page","link":"http:\/\/maldives-paradise.com\/es\/actividades-populares-para-hacer-en-las-maldivas\/","title":{"rendered":"Actividades populares para hacer en las Maldivas"},"content":{"rendered":"<div class=\"wpb-content-wrapper\"><div class=\"vc_row wpb_row vc_row-fluid\"><div class=\"wpb_column vc_column_container vc_col-sm-12\"><div class=\"vc_column-inner\"><div class=\"wpb_wrapper\">\n\t<div  class=\"wpb_single_image wpb_content_element vc_align_left wpb_content_element\">\n\t\t\n\t\t<figure class=\"wpb_wrapper vc_figure\">\n\t\t\t<div class=\"vc_single_image-wrapper   vc_box_border_grey\"><img loading=\"lazy\" decoding=\"async\" width=\"1280\" height=\"850\" src=\"https:\/\/maldives-paradise.com\/wp-content\/uploads\/2024\/02\/atoll-2179281_1280.jpg\" class=\"vc_single_image-img attachment-full\" alt=\"Cosas populares para hacer\" title=\"atol\u00f3n-2179281_1280\" srcset=\"https:\/\/maldives-paradise.com\/wp-content\/uploads\/2024\/02\/atoll-2179281_1280.jpg 1280w, https:\/\/maldives-paradise.com\/wp-content\/uploads\/2024\/02\/atoll-2179281_1280-300x199.jpg 300w, https:\/\/maldives-paradise.com\/wp-content\/uploads\/2024\/02\/atoll-2179281_1280-1024x680.jpg 1024w, https:\/\/maldives-paradise.com\/wp-content\/uploads\/2024\/02\/atoll-2179281_1280-768x510.jpg 768w, https:\/\/maldives-paradise.com\/wp-content\/uploads\/2024\/02\/atoll-2179281_1280-18x12.jpg 18w, https:\/\/maldives-paradise.com\/wp-content\/uploads\/2024\/02\/atoll-2179281_1280-500x332.jpg 500w, https:\/\/maldives-paradise.com\/wp-content\/uploads\/2024\/02\/atoll-2179281_1280-800x531.jpg 800w\" sizes=\"auto, (max-width: 1280px) 100vw, 1280px\" \/><\/div>\n\t\t<\/figure>\n\t<\/div>\n<\/div><\/div><\/div><\/div><div class=\"vc_row wpb_row vc_row-fluid\"><div class=\"wpb_column vc_column_container vc_col-sm-12\"><div class=\"vc_column-inner\"><div class=\"wpb_wrapper\">\n\t<div class=\"wpb_text_column wpb_content_element\" >\n\t\t<div class=\"wpb_wrapper\">\n\t\t\t<p>Las Maldivas, con sus impresionantes atolones de coral, aguas turquesas y playas bordeadas de palmeras, es un destino de ensue\u00f1o para los viajeros que buscan una escapada tropical como ning\u00fan otro. M\u00e1s all\u00e1 de su impresionante belleza, Maldivas ofrece muchas actividades y experiencias que se adaptan a todo tipo de viajero. Desde emocionantes deportes acu\u00e1ticos hasta relajantes retiros junto a la playa, estas son las actividades m\u00e1s populares para hacer en las Maldivas:<\/p>\n<p><strong>Snorkel y Buceo:<\/strong><\/p>\n<p>Las Maldivas son famosas por sus vibrantes arrecifes de coral y su diversa vida marina, lo que las convierte en un para\u00edso para quienes practican snorkel y buceadores. Explore jardines submarinos repletos de peces de colores, majestuosas mantarrayas y elegantes tortugas marinas. Con numerosos sitios de buceo repartidos por todo el archipi\u00e9lago, incluidos lugares famosos como Maaya Thila y Fish Head, no faltan maravillas submarinas por descubrir.<\/p>\n<p><strong>Deportes acu\u00e1ticos:<br \/>\n<\/strong><br \/>\nPara los adictos a la adrenalina y los entusiastas de los deportes acu\u00e1ticos, Maldivas ofrece una amplia gama de actividades para acelerar su coraz\u00f3n. Pruebe el windsurf, el kitesurf o el parasailing y experimente la emoci\u00f3n de deslizarse sobre las aguas cristalinas del Oc\u00e9ano \u00cdndico. El kayak, el remo y las motos acu\u00e1ticas tambi\u00e9n son opciones populares para quienes buscan explorar las lagunas y los bosques de manglares de la isla.<\/p>\n<p><strong>Cruceros al atardecer:<\/strong><\/p>\n<p>Pocas experiencias se comparan con contemplar la puesta de sol sobre el horizonte de las Maldivas desde la cubierta de un barco dhoni tradicional. Los cruceros al atardecer ofrecen la oportunidad perfecta para relajarse y descansar mientras contempla la impresionante belleza de las islas. Disfrute de un refrescante c\u00f3ctel, sienta la suave brisa del mar en su piel y sea testigo del espectacular espect\u00e1culo de la naturaleza mientras el cielo estalla en tonos naranja, rosa y morado.<\/p>\n<p><strong>Visitas a islas:<\/strong><\/p>\n<p>Con m\u00e1s de 1000 islas repartidas por las Maldivas, saltar de isla en isla es una actividad imprescindible para los visitantes que buscan explorar los diversos paisajes y culturas del archipi\u00e9lago. Sube a bordo de una lancha r\u00e1pida o un hidroavi\u00f3n y emb\u00e1rcate en un viaje a islas deshabitadas, pueblos pesqueros locales y complejos tur\u00edsticos de lujo. Cada isla ofrece su propio encanto \u00fanico, desde playas v\u00edrgenes y exuberante vegetaci\u00f3n hasta vibrantes arrecifes de coral y lagunas cristalinas.<\/p>\n<p><strong>Retiros de Spa:<\/strong><\/p>\n<p>Despu\u00e9s de un d\u00eda explorando las maravillas naturales de las Maldivas, disfrute de una rejuvenecedora experiencia de spa en uno de los complejos tur\u00edsticos de clase mundial de la isla. Disfrute de tratamientos de lujo inspirados en los rituales tradicionales de las Maldivas, como masajes con infusi\u00f3n de coco, exfoliaciones con sal marina y ba\u00f1os de flores arom\u00e1ticas. La relajaci\u00f3n es f\u00e1cil en las Maldivas, donde los relajantes sonidos del oc\u00e9ano y la suave brisa marina crean el ambiente perfecto para mimarse al m\u00e1ximo.<\/p>\n<p><strong>Avistamiento de delfines:<\/strong><\/p>\n<p>Ning\u00fan viaje a las Maldivas est\u00e1 completo sin presenciar las juguetonas travesuras de sus delfines giradores residentes. \u00danase a una excursi\u00f3n de observaci\u00f3n de delfines y zarpe en busca de estos carism\u00e1ticos mam\u00edferos marinos mientras retozan y saltan sobre las olas. Ya sea que navegue al atardecer o al amanecer, la vista de los delfines bailando en las c\u00e1lidas aguas del Oc\u00e9ano \u00cdndico seguramente dejar\u00e1 una impresi\u00f3n duradera.<\/p>\n<p><strong>Conclusi\u00f3n:<\/strong><\/p>\n<p>Desde aventuras submarinas hasta cruceros al atardecer y retiros en spa, Maldivas ofrece una gran cantidad de experiencias que satisfacen los deseos de cada viajero. Ya sea que busque emociones, relajaci\u00f3n o inmersi\u00f3n cultural, este para\u00edso tropical tiene algo para todos. As\u00ed que haz las maletas, emb\u00e1rcate en una aventura y descubre la magia de las Maldivas por ti mismo.<\/p>\n\n\t\t<\/div>\n\t<\/div>\n<\/div><\/div><\/div><\/div><div class=\"vc_row wpb_row vc_row-fluid\"><div class=\"wpb_column vc_column_container vc_col-sm-12\"><div class=\"vc_column-inner\"><div class=\"wpb_wrapper\">\n\t<div class=\"wpb_text_column wpb_content_element\" >\n\t\t<div class=\"wpb_wrapper\">\n\t\t\t<p><a title=\"Los mejores lugares para bucear en Maldivas\" href=\"https:\/\/maldives-paradise.com\/es\/2024\/01\/los-mejores-lugares-para-bucear-en-maldivas\/\"><strong>Los mejores lugares para bucear en Maldivas<\/strong><\/a><\/p>\n\n\t\t<\/div>\n\t<\/div>\n<\/div><\/div><\/div><\/div>\n<\/div>","protected":false},"excerpt":{"rendered":"<div class=\"mh-excerpt\"><\/div>","protected":false},"author":1,"featured_media":10341,"parent":0,"menu_order":0,"comment_status":"closed","ping_status":"closed","template":"","meta":{"footnotes":""},"class_list":["post-10340","page","type-page","status-publish","has-post-thumbnail"],"aioseo_notices":[],"_links":{"self":[{"href":"http:\/\/maldives-paradise.com\/es\/wp-json\/wp\/v2\/pages\/10340","targetHints":{"allow":["GET"]}}],"collection":[{"href":"http:\/\/maldives-paradise.com\/es\/wp-json\/wp\/v2\/pages"}],"about":[{"href":"http:\/\/maldives-paradise.com\/es\/wp-json\/wp\/v2\/types\/page"}],"author":[{"embeddable":true,"href":"http:\/\/maldives-paradise.com\/es\/wp-json\/wp\/v2\/users\/1"}],"replies":[{"embeddable":true,"href":"http:\/\/maldives-paradise.com\/es\/wp-json\/wp\/v2\/comments?post=10340"}],"version-history":[{"count":6,"href":"http:\/\/maldives-paradise.com\/es\/wp-json\/wp\/v2\/pages\/10340\/revisions"}],"predecessor-version":[{"id":32109,"href":"http:\/\/maldives-paradise.com\/es\/wp-json\/wp\/v2\/pages\/10340\/revisions\/32109"}],"wp:featuredmedia":[{"embeddable":true,"href":"http:\/\/maldives-paradise.com\/es\/wp-json\/wp\/v2\/media\/10341"}],"wp:attachment":[{"href":"http:\/\/maldives-paradise.com\/es\/wp-json\/wp\/v2\/media?parent=10340"}],"curies":[{"name":"gracias","href":"https:\/\/api.w.org\/{rel}","templated":true}]}}