{"id":10260,"date":"2024-02-06T19:47:58","date_gmt":"2024-02-06T19:47:58","guid":{"rendered":"http:\/\/maldives-paradise.com\/?page_id=10260"},"modified":"2025-10-10T14:44:04","modified_gmt":"2025-10-10T14:44:04","slug":"spa-del-resort-de-la-isla-palm-beach","status":"publish","type":"page","link":"http:\/\/maldives-paradise.com\/es\/spa-del-resort-de-la-isla-palm-beach\/","title":{"rendered":"Resort y spa de Palm Beach Island"},"content":{"rendered":"<div class=\"wpb-content-wrapper\"><div class=\"vc_row wpb_row vc_row-fluid\"><div class=\"wpb_column vc_column_container vc_col-sm-12\"><div class=\"vc_column-inner\"><div class=\"wpb_wrapper\">\n\t<div class=\"wpb_text_column wpb_content_element\" >\n\t\t<div class=\"wpb_wrapper\">\n\t\t\t<h3>Palm Beach Island Resort &amp; Spa Maldives: Un para\u00edso tropical de belleza natural<\/h3>\n\n\t\t<\/div>\n\t<\/div>\n<\/div><\/div><\/div><\/div><div class=\"vc_row wpb_row vc_row-fluid\"><div class=\"wpb_column vc_column_container vc_col-sm-12\"><div class=\"vc_column-inner\"><div class=\"wpb_wrapper\">\n\t<div class=\"wpb_video_widget wpb_content_element vc_clearfix   vc_video-aspect-ratio-169 vc_video-el-width-100 vc_video-align-left\" >\n\t\t<div class=\"wpb_wrapper\">\n\t\t\t\n\t\t\t<div class=\"wpb_video_wrapper\"><iframe loading=\"lazy\" title=\"Palm Beach Island Resort &amp; Spa: viaje con estilo\" width=\"500\" height=\"281\" src=\"https:\/\/www.youtube.com\/embed\/FwcPHo8nsNg?feature=oembed\" frameborder=\"0\" allow=\"accelerometer; autoplay; clipboard-write; encrypted-media; gyroscope; picture-in-picture; web-share\" allowfullscreen><\/iframe><\/div>\n\t\t<\/div>\n\t<\/div>\n<\/div><\/div><\/div><\/div><div class=\"vc_row wpb_row vc_row-fluid\"><div class=\"wpb_column vc_column_container vc_col-sm-12\"><div class=\"vc_column-inner\"><div class=\"wpb_wrapper\">\n\t<div class=\"wpb_text_column wpb_content_element\" >\n\t\t<div class=\"wpb_wrapper\">\n\t\t\t<p>Las Maldivas, con sus impresionantes arrecifes de coral, playas v\u00edrgenes y aguas azules, son un destino de ensue\u00f1o para quienes buscan la escapada tropical perfecta. Enclavado en este para\u00edso se encuentra... <strong>Palm Beach Island Resort &amp; Spa<\/strong>, un para\u00edso de lujo que promete una combinaci\u00f3n incomparable de relajaci\u00f3n, aventura y encanto maldivo.<\/p>\n<p><strong>Ubicaci\u00f3n y Accesibilidad<\/strong><\/p>\n<p>Palm Beach Island Resort &amp; Spa goza de una ubicaci\u00f3n privilegiada en la isla de Madhiriguraidhoo, en el atol\u00f3n Lhaviyani. Los hu\u00e9spedes pueden llegar c\u00f3modamente a este para\u00edso tropical en un pintoresco viaje de 30 minutos en hidroavi\u00f3n desde el Aeropuerto Internacional de Velana. El trayecto ofrece una cautivadora vista a\u00e9rea de la belleza natural de las Maldivas, el escenario perfecto para su escapada tropical.<\/p>\n<p><strong>Alojamiento<\/strong><\/p>\n<p>El resort ofrece una gama de lujosos alojamientos, cada uno meticulosamente dise\u00f1ado para ofrecer la combinaci\u00f3n perfecta de confort y lujo moderno. Desde villas frente al mar hasta bungalows sobre el agua, los hu\u00e9spedes pueden elegir su refugio ideal. Los bungalows sobre el agua, en particular, ofrecen acceso directo a la laguna cristalina, sumergi\u00e9ndolos en la belleza del Oc\u00e9ano \u00cdndico.<\/p>\n<p><strong>Comida<\/strong><\/p>\n<p>Palm Beach Island Resort &amp; Spa deleita su paladar con una variada selecci\u00f3n de experiencias culinarias. El restaurante principal del resort, Maaniyaa, ofrece una exquisita combinaci\u00f3n de cocina internacional y maldiva. Los hu\u00e9spedes tambi\u00e9n pueden deleitarse con aut\u00e9nticos platos italianos en Ristorante al Tramonto, el restaurante de especialidades. El compromiso del resort con ofrecer una amplia gama de exquisita gastronom\u00eda garantiza que cada comida sea una experiencia memorable.<\/p>\n<p><strong>Actividades y aventuras<\/strong><\/p>\n<p>Tanto si eres un amante de la aventura como si buscas relajarte, el resort ofrece actividades para todos los gustos. Explora el vibrante mundo submarino con esn\u00f3rquel y buceo. Practica diversos deportes acu\u00e1ticos como windsurf, kayak y paddleboard. Para quienes buscan relajarse, el spa del resort ofrece una variedad de tratamientos rejuvenecedores y actividades de bienestar.<\/p>\n<p><strong>Sostenibilidad y Conservaci\u00f3n<\/strong><\/p>\n<p>Palm Beach Island Resort &amp; Spa est\u00e1 profundamente comprometido con las pr\u00e1cticas sostenibles y la conservaci\u00f3n marina. El resort participa activamente en iniciativas de restauraci\u00f3n de corales y de limpieza marina, y apoya iniciativas ambientales locales. Animamos a los hu\u00e9spedes a unirse a estas actividades, contribuyendo as\u00ed positivamente a la preservaci\u00f3n del valioso ecosistema marino de las Maldivas.<\/p>\n<p><strong>Experiencias \u00danicas<\/strong><\/p>\n<p>Para que su estancia sea realmente especial, el resort ofrece experiencias \u00fanicas como cruceros al atardecer, picnics en la isla y excursiones guiadas de snorkel a los arrecifes de coral cercanos. Ya sea que desee sumergirse en la cultura local, contemplar impresionantes puestas de sol o simplemente relajarse en el para\u00edso, Palm Beach Island Resort &amp; Spa le garantiza algo para todos los gustos.<\/p>\n<p><strong>Conclusi\u00f3n<\/strong><\/p>\n<p>En resumen, Palm Beach Island Resort &amp; Spa es un santuario tropical que promete una escapada extraordinaria. Su impresionante ubicaci\u00f3n, sus lujosos alojamientos, su variada gastronom\u00eda y su compromiso con la sostenibilidad lo convierten en la opci\u00f3n ideal para quienes buscan relajaci\u00f3n y aventura. Ya sea que celebre una ocasi\u00f3n especial o busque una escapada revitalizante, Palm Beach Island Resort &amp; Spa le ofrece una experiencia que crear\u00e1 recuerdos inolvidables. Reserve su estancia hoy mismo y emb\u00e1rquese en un viaje inolvidable al para\u00edso de las Maldivas.<\/p>\n\n\t\t<\/div>\n\t<\/div>\n<\/div><\/div><\/div><\/div><div class=\"vc_row wpb_row vc_row-fluid\"><div class=\"wpb_column vc_column_container vc_col-sm-12\"><div class=\"vc_column-inner\"><div class=\"wpb_wrapper\">\n\t<div class=\"wpb_text_column wpb_content_element\" >\n\t\t<div class=\"wpb_wrapper\">\n\t\t\t<h3><a title=\"Palm Beach Island Resort &amp; Spa\" href=\"https:\/\/trip.tpo.lv\/ReEXW4JK\" target=\"blanc2\" rel=\"nofollow\">Consulta la disponibilidad y el mejor precio en Palm Beach Island Resort &amp; Spa aqu\u00ed &gt;&gt;<\/a><\/h3>\n\n\t\t<\/div>\n\t<\/div>\n<\/div><\/div><\/div><\/div>\n<\/div>","protected":false},"excerpt":{"rendered":"<div class=\"mh-excerpt\"><\/div>","protected":false},"author":1,"featured_media":10261,"parent":0,"menu_order":0,"comment_status":"closed","ping_status":"closed","template":"","meta":{"footnotes":""},"class_list":["post-10260","page","type-page","status-publish","has-post-thumbnail"],"aioseo_notices":[],"_links":{"self":[{"href":"http:\/\/maldives-paradise.com\/es\/wp-json\/wp\/v2\/pages\/10260","targetHints":{"allow":["GET"]}}],"collection":[{"href":"http:\/\/maldives-paradise.com\/es\/wp-json\/wp\/v2\/pages"}],"about":[{"href":"http:\/\/maldives-paradise.com\/es\/wp-json\/wp\/v2\/types\/page"}],"author":[{"embeddable":true,"href":"http:\/\/maldives-paradise.com\/es\/wp-json\/wp\/v2\/users\/1"}],"replies":[{"embeddable":true,"href":"http:\/\/maldives-paradise.com\/es\/wp-json\/wp\/v2\/comments?post=10260"}],"version-history":[{"count":3,"href":"http:\/\/maldives-paradise.com\/es\/wp-json\/wp\/v2\/pages\/10260\/revisions"}],"predecessor-version":[{"id":43496,"href":"http:\/\/maldives-paradise.com\/es\/wp-json\/wp\/v2\/pages\/10260\/revisions\/43496"}],"wp:featuredmedia":[{"embeddable":true,"href":"http:\/\/maldives-paradise.com\/es\/wp-json\/wp\/v2\/media\/10261"}],"wp:attachment":[{"href":"http:\/\/maldives-paradise.com\/es\/wp-json\/wp\/v2\/media?parent=10260"}],"curies":[{"name":"gracias","href":"https:\/\/api.w.org\/{rel}","templated":true}]}}