{"id":10441,"date":"2024-02-10T09:59:44","date_gmt":"2024-02-10T09:59:44","guid":{"rendered":"http:\/\/maldives-paradise.com\/?page_id=10441"},"modified":"2024-09-14T08:23:27","modified_gmt":"2024-09-14T08:23:27","slug":"international-flights-to-maldives","status":"publish","type":"page","link":"http:\/\/maldives-paradise.com\/en_us\/international-flights-to-maldives\/","title":{"rendered":"International flights to Maldives"},"content":{"rendered":"<div class=\"wpb-content-wrapper\"><div class=\"vc_row wpb_row vc_row-fluid\"><div class=\"wpb_column vc_column_container vc_col-sm-12\"><div class=\"vc_column-inner\"><div class=\"wpb_wrapper\">\n\t<div class=\"wpb_text_column wpb_content_element\" >\n\t\t<div class=\"wpb_wrapper\">\n\t\t\t<h3>International Flights Arriving at Mal\u00e9 International Airport, Maldives<\/h3>\n\n\t\t<\/div>\n\t<\/div>\n<\/div><\/div><\/div><\/div><div class=\"vc_row wpb_row vc_row-fluid\"><div class=\"wpb_column vc_column_container vc_col-sm-12\"><div class=\"vc_column-inner\"><div class=\"wpb_wrapper\">\n\t<div  class=\"wpb_single_image wpb_content_element vc_align_left wpb_content_element\">\n\t\t\n\t\t<figure class=\"wpb_wrapper vc_figure\">\n\t\t\t<div class=\"vc_single_image-wrapper   vc_box_border_grey\"><img loading=\"lazy\" decoding=\"async\" width=\"800\" height=\"533\" src=\"https:\/\/maldives-paradise.com\/wp-content\/uploads\/2024\/02\/Emirates-plane-5855534_1280.jpg\" class=\"vc_single_image-img attachment-full\" alt=\"Emirates Airline\" title=\"Emirates-plane-5855534_1280\" srcset=\"https:\/\/maldives-paradise.com\/wp-content\/uploads\/2024\/02\/Emirates-plane-5855534_1280.jpg 800w, https:\/\/maldives-paradise.com\/wp-content\/uploads\/2024\/02\/Emirates-plane-5855534_1280-300x200.jpg 300w, https:\/\/maldives-paradise.com\/wp-content\/uploads\/2024\/02\/Emirates-plane-5855534_1280-768x512.jpg 768w, https:\/\/maldives-paradise.com\/wp-content\/uploads\/2024\/02\/Emirates-plane-5855534_1280-18x12.jpg 18w, https:\/\/maldives-paradise.com\/wp-content\/uploads\/2024\/02\/Emirates-plane-5855534_1280-500x333.jpg 500w\" sizes=\"auto, (max-width: 800px) 100vw, 800px\" \/><\/div>\n\t\t<\/figure>\n\t<\/div>\n<\/div><\/div><\/div><\/div><div class=\"vc_row wpb_row vc_row-fluid\"><div class=\"wpb_column vc_column_container vc_col-sm-12\"><div class=\"vc_column-inner\"><div class=\"wpb_wrapper\">\n\t<div class=\"wpb_text_column wpb_content_element\" >\n\t\t<div class=\"wpb_wrapper\">\n\t\t\t<p>Mal\u00e9 International Airport, also known as Velana International Airport is located on the island of Hulhul\u00e9, next to the capital Mal\u00e9 in the Maldives, serves as the primary gateway to the Maldives.<\/p>\n<p>The Maldives welcomes visitors from various corners of the world. International flights to Mal\u00e9 International Airport originate from major hubs including Dubai, Doha, Abu Dhabi, Singapore, Istanbul, Moscow and Kuala Lumpur. Airlines such as Emirates, Qatar Airways, Etihad, Singapore Airlines, Turkish Airlines, Aeroflot, and Malaysia Airlines operate frequent flights to this tropical paradise. Hong Kong Airlines has also recently opened a direct flight from Hong Kong.<\/p>\n<p>These international flights bring travelers to Mal\u00e9 International Airport. Although that the aiport is relatively small in size, offers modern facilities and services catering to the needs of incoming passengers. From duty-free shops offering souvenirs and luxury goods to restaurants serving delectable Maldivian cuisine, travelers can immerse themselves in the local culture even before stepping foot on the islands.<\/p>\n<p>Upon arrival, passengers are greeted by the warm hospitality of the Maldivian people and the breathtaking views of crystal-clear turquoise waters surrounding the airport. Transfer to the various island resorts is typically arranged via speedboat or seaplane, adding an element of excitement to the journey.<\/p>\n<p>The popularity of the Maldives as a tourist destination has seen a steady increase in international arrivals over the years. Before the global pandemic, Mal\u00e9 International Airport recorded over 4 million passengers annually, with the majority of travelers hailing from Europe, Asia, and the Middle East. While travel restrictions in 2020 and 2021 led to a temporary decline in passenger numbers, the Maldives has gradually reopened its borders, welcoming back international visitors with enhanced safety measures in place.<\/p>\n<p>Emirates Airline has several flights from Dubai to Mal\u00e9 every day. Search flights at <a href=\"https:\/\/lamp.glopss.com\/aff_c?offer_id=199&amp;aff_id=1834\" target=\"_blank\" rel=\"nofollow noopener\">Emirates here<\/a>.<\/p>\n\n\t\t<\/div>\n\t<\/div>\n<\/div><\/div><\/div><\/div><div class=\"vc_row wpb_row vc_row-fluid\"><div class=\"wpb_column vc_column_container vc_col-sm-12\"><div class=\"vc_column-inner\"><div class=\"wpb_wrapper\">\n\t<div class=\"wpb_text_column wpb_content_element\" >\n\t\t<div class=\"wpb_wrapper\">\n\t\t\t<h3><a href=\"http:\/\/maldives-paradise.com\/en_us\/2024\/02\/flights\/\">Search for all flights to the Maldives here &gt;&gt;<\/a><\/h3>\n\n\t\t<\/div>\n\t<\/div>\n<\/div><\/div><\/div><\/div>\n<\/div>","protected":false},"excerpt":{"rendered":"<div class=\"mh-excerpt\"><\/div>\n","protected":false},"author":1,"featured_media":10442,"parent":0,"menu_order":0,"comment_status":"closed","ping_status":"closed","template":"","meta":{"footnotes":""},"class_list":["post-10441","page","type-page","status-publish","has-post-thumbnail"],"aioseo_notices":[],"_links":{"self":[{"href":"http:\/\/maldives-paradise.com\/en_us\/wp-json\/wp\/v2\/pages\/10441","targetHints":{"allow":["GET"]}}],"collection":[{"href":"http:\/\/maldives-paradise.com\/en_us\/wp-json\/wp\/v2\/pages"}],"about":[{"href":"http:\/\/maldives-paradise.com\/en_us\/wp-json\/wp\/v2\/types\/page"}],"author":[{"embeddable":true,"href":"http:\/\/maldives-paradise.com\/en_us\/wp-json\/wp\/v2\/users\/1"}],"replies":[{"embeddable":true,"href":"http:\/\/maldives-paradise.com\/en_us\/wp-json\/wp\/v2\/comments?post=10441"}],"version-history":[{"count":3,"href":"http:\/\/maldives-paradise.com\/en_us\/wp-json\/wp\/v2\/pages\/10441\/revisions"}],"predecessor-version":[{"id":10968,"href":"http:\/\/maldives-paradise.com\/en_us\/wp-json\/wp\/v2\/pages\/10441\/revisions\/10968"}],"wp:featuredmedia":[{"embeddable":true,"href":"http:\/\/maldives-paradise.com\/en_us\/wp-json\/wp\/v2\/media\/10442"}],"wp:attachment":[{"href":"http:\/\/maldives-paradise.com\/en_us\/wp-json\/wp\/v2\/media?parent=10441"}],"curies":[{"name":"wp","href":"https:\/\/api.w.org\/{rel}","templated":true}]}}