{"id":9973,"date":"2024-02-03T13:53:26","date_gmt":"2024-02-03T13:53:26","guid":{"rendered":"http:\/\/maldives-paradise.com\/?page_id=9973"},"modified":"2025-10-10T10:11:04","modified_gmt":"2025-10-10T10:11:04","slug":"makunudu-insel","status":"publish","type":"page","link":"http:\/\/maldives-paradise.com\/de\/makunudu-insel\/","title":{"rendered":"Makunudu-Insel"},"content":{"rendered":"<div class=\"wpb-content-wrapper\"><div class=\"vc_row wpb_row vc_row-fluid\"><div class=\"wpb_column vc_column_container vc_col-sm-12\"><div class=\"vc_column-inner\"><div class=\"wpb_wrapper\">\n\t<div class=\"wpb_text_column wpb_content_element\" >\n\t\t<div class=\"wpb_wrapper\">\n\t\t\t<h3>Makunudu Island, Malediven: Ein verstecktes Juwel im Paradies<\/h3>\n\n\t\t<\/div>\n\t<\/div>\n<\/div><\/div><\/div><\/div><div class=\"vc_row wpb_row vc_row-fluid\"><div class=\"wpb_column vc_column_container vc_col-sm-12\"><div class=\"vc_column-inner\"><div class=\"wpb_wrapper\">\n\t<div class=\"wpb_video_widget wpb_content_element vc_clearfix   vc_video-aspect-ratio-169 vc_video-el-width-100 vc_video-align-left\" >\n\t\t<div class=\"wpb_wrapper\">\n\t\t\t\n\t\t\t<div class=\"wpb_video_wrapper\"><iframe loading=\"lazy\" title=\"Makunudu Island Willkommen zur\u00fcck auf Makunudu Island! Wir freuen uns, Ihnen mitteilen zu k\u00f6nnen, dass wir JETZT GE\u00d6FFNET sind.\" width=\"500\" height=\"281\" src=\"https:\/\/www.youtube.com\/embed\/menMqeCJgo4?feature=oembed\" frameborder=\"0\" allow=\"accelerometer; autoplay; clipboard-write; encrypted-media; gyroscope; picture-in-picture; web-share\" allowfullscreen><\/iframe><\/div>\n\t\t<\/div>\n\t<\/div>\n<\/div><\/div><\/div><\/div><div class=\"vc_row wpb_row vc_row-fluid\"><div class=\"wpb_column vc_column_container vc_col-sm-12\"><div class=\"vc_column-inner\"><div class=\"wpb_wrapper\">\n\t<div class=\"wpb_text_column wpb_content_element\" >\n\t\t<div class=\"wpb_wrapper\">\n\t\t\t<p>Die Malediven mit ihren wei\u00dfen Sandstr\u00e4nden und kristallklarem Wasser sind ein Traumziel f\u00fcr Reisende, die eine ruhige tropische Auszeit suchen. Versteckt in diesem atemberaubenden Archipel liegt <strong>Makunudu-Insel<\/strong>, Makunudu Island ist ein verstecktes Juwel, das ein einzigartiges und erholsames Erlebnis verspricht. In diesem Artikel erfahren Sie, was Makunudu Island zu einem absoluten Muss f\u00fcr alle macht, die sich nach Entspannung, Abenteuer und der unber\u00fchrten Sch\u00f6nheit der Malediven sehnen.<\/p>\n<p><strong>Lage und Erreichbarkeit<\/strong><\/p>\n<p>Die Insel Makunudu liegt im Nord-Mal\u00e9-Atoll und ist vom internationalen Flughafen Velana aus in kurzer, malerischer Fahrt mit dem Schnellboot erreichbar. Dank dieses reibungslosen Transfers k\u00f6nnen Sie Ihren Inselurlaub direkt nach Ihrer Ankunft stressfrei beginnen.<\/p>\n<p><strong>Unterkunft<\/strong><\/p>\n<p>Das Resort bietet eine begrenzte Anzahl an strohgedeckten Bungalows, die alle mit viel Liebe zum Detail gestaltet wurden, um ein authentisches und intimes Malediven-Erlebnis zu erm\u00f6glichen. Mit rustikalem Charme, modernen Annehmlichkeiten und direktem Zugang zum wei\u00dfen Sandstrand bietet jeder Bungalow eine einzigartige Kombination aus Komfort und Ruhe. Hier gibt es weder Fernseher noch Ablenkungen \u2013 nur das Rauschen des Meeres und das sanfte Rascheln der Palmen.<\/p>\n<p><strong>Essen<\/strong><\/p>\n<p>Makunudu Island verw\u00f6hnt Ihren Gaumen mit einer kleinen, aber feinen Auswahl an kulinarischen Erlebnissen. Das Hauptrestaurant Ara Iru serviert eine Vielfalt an internationalen und maledivischen Gerichten, zubereitet mit frischen Zutaten aus der Region. Hier genie\u00dfen Sie ein intimes Erlebnis: Die Tische stehen unter freiem Himmel und schaffen so das perfekte Ambiente f\u00fcr romantische Dinner.<\/p>\n<p><strong>Aktivit\u00e4ten und Abenteuer<\/strong><\/p>\n<p>Makunudu Island ist zwar vor allem f\u00fcr seine Entspannung bekannt, bietet aber dennoch zahlreiche Aktivit\u00e4ten f\u00fcr Abenteuerlustige. Erkunden Sie die faszinierende Unterwasserwelt beim Schnorcheln und Tauchen. Das Resort bietet au\u00dferdem verschiedene Wassersportarten wie Windsurfen und Kajakfahren an. F\u00fcr vollkommene Entspannung sorgen wohltuende Behandlungen und Wellness-Angebote im Spa.<\/p>\n<p><strong>Nachhaltigkeit und Naturschutz<\/strong><\/p>\n<p>Makunudu Island engagiert sich stark f\u00fcr Nachhaltigkeit und Meeresschutz. Das Resort beteiligt sich aktiv an Korallenrestaurierungsprojekten und unterst\u00fctzt lokale Naturschutzinitiativen. G\u00e4ste k\u00f6nnen sich \u00fcber diese Aktivit\u00e4ten informieren und aktiv zum Erhalt des wertvollen marinen \u00d6kosystems der Malediven beitragen.<\/p>\n<p><strong>Einzigartige Erlebnisse<\/strong><\/p>\n<p>Um Ihren Aufenthalt zu einem unvergesslichen Erlebnis zu machen, bietet das Resort einzigartige Erlebnisse wie Sonnenuntergangsfahrten, traditionelle maledivische Angelausfl\u00fcge und gef\u00fchrte Schnorchelausfl\u00fcge zu nahegelegenen Korallenriffen. Ob Sie in die lokale Kultur eintauchen, atemberaubende Sonnenunterg\u00e4nge erleben oder einfach nur im Paradies entspannen m\u00f6chten \u2013 auf Makunudu Island ist f\u00fcr jeden etwas dabei.<\/p>\n<p><strong>Abschluss<\/strong><\/p>\n<p>Zusammenfassend l\u00e4sst sich sagen, dass Makunudu Island ein verstecktes Paradies ist, das einen unvergesslichen Aufenthalt verspricht. Die abgeschiedene Lage, die rustikalen Unterk\u00fcnfte, die k\u00f6stliche K\u00fcche und das Engagement f\u00fcr Nachhaltigkeit machen die Insel zur idealen Wahl f\u00fcr Reisende, die ein friedliches und authentisches Malediven-Erlebnis suchen. Ob Sie einen besonderen Anlass feiern oder einfach nur eine erholsame Auszeit genie\u00dfen m\u00f6chten \u2013 Makunudu Island bietet Ihnen ein Erlebnis, das unvergessliche Erinnerungen schafft. Buchen Sie noch heute Ihren Aufenthalt und begeben Sie sich auf eine au\u00dfergew\u00f6hnliche Reise zu diesem verborgenen Juwel der Malediven.<\/p>\n\n\t\t<\/div>\n\t<\/div>\n<\/div><\/div><\/div><\/div><div class=\"vc_row wpb_row vc_row-fluid\"><div class=\"wpb_column vc_column_container vc_col-sm-12\"><div class=\"vc_column-inner\"><div class=\"wpb_wrapper\">\n\t<div class=\"wpb_text_column wpb_content_element\" >\n\t\t<div class=\"wpb_wrapper\">\n\t\t\t<h3><a title=\"Makunudu-Insel\" href=\"https:\/\/trip.tpo.lv\/VmYMdeUR\" target=\"blanc2\" rel=\"nofollow\">Verf\u00fcgbarkeit und besten Preis f\u00fcr Makunudu Island hier pr\u00fcfen &gt;&gt;<\/a><\/h3>\n\n\t\t<\/div>\n\t<\/div>\n<\/div><\/div><\/div><\/div>\n<\/div>","protected":false},"excerpt":{"rendered":"<div class=\"mh-excerpt\"><\/div>","protected":false},"author":1,"featured_media":9974,"parent":0,"menu_order":0,"comment_status":"closed","ping_status":"closed","template":"","meta":{"footnotes":""},"class_list":["post-9973","page","type-page","status-publish","has-post-thumbnail"],"aioseo_notices":[],"_links":{"self":[{"href":"http:\/\/maldives-paradise.com\/de\/wp-json\/wp\/v2\/pages\/9973","targetHints":{"allow":["GET"]}}],"collection":[{"href":"http:\/\/maldives-paradise.com\/de\/wp-json\/wp\/v2\/pages"}],"about":[{"href":"http:\/\/maldives-paradise.com\/de\/wp-json\/wp\/v2\/types\/page"}],"author":[{"embeddable":true,"href":"http:\/\/maldives-paradise.com\/de\/wp-json\/wp\/v2\/users\/1"}],"replies":[{"embeddable":true,"href":"http:\/\/maldives-paradise.com\/de\/wp-json\/wp\/v2\/comments?post=9973"}],"version-history":[{"count":3,"href":"http:\/\/maldives-paradise.com\/de\/wp-json\/wp\/v2\/pages\/9973\/revisions"}],"predecessor-version":[{"id":43461,"href":"http:\/\/maldives-paradise.com\/de\/wp-json\/wp\/v2\/pages\/9973\/revisions\/43461"}],"wp:featuredmedia":[{"embeddable":true,"href":"http:\/\/maldives-paradise.com\/de\/wp-json\/wp\/v2\/media\/9974"}],"wp:attachment":[{"href":"http:\/\/maldives-paradise.com\/de\/wp-json\/wp\/v2\/media?parent=9973"}],"curies":[{"name":"wp","href":"https:\/\/api.w.org\/{rel}","templated":true}]}}