{"id":9940,"date":"2024-02-02T07:17:47","date_gmt":"2024-02-02T07:17:47","guid":{"rendered":"http:\/\/maldives-paradise.com\/?page_id=9940"},"modified":"2025-10-10T08:17:48","modified_gmt":"2025-10-10T08:17:48","slug":"fiyavalhu-resort-malediven","status":"publish","type":"page","link":"http:\/\/maldives-paradise.com\/de\/fiyavalhu-resort-malediven\/","title":{"rendered":"Fiyavalhu Resort Malediven"},"content":{"rendered":"<div class=\"wpb-content-wrapper\"><div class=\"vc_row wpb_row vc_row-fluid\"><div class=\"wpb_column vc_column_container vc_col-sm-12\"><div class=\"vc_column-inner\"><div class=\"wpb_wrapper\">\n\t<div class=\"wpb_text_column wpb_content_element\" >\n\t\t<div class=\"wpb_wrapper\">\n\t\t\t<h3>Das Paradies entdecken: Fiyavalhu Resort Malediven<\/h3>\n\n\t\t<\/div>\n\t<\/div>\n<\/div><\/div><\/div><\/div><div class=\"vc_row wpb_row vc_row-fluid\"><div class=\"wpb_column vc_column_container vc_col-sm-12\"><div class=\"vc_column-inner\"><div class=\"wpb_wrapper\">\n\t<div class=\"wpb_video_widget wpb_content_element vc_clearfix   vc_video-aspect-ratio-169 vc_video-el-width-100 vc_video-align-left\" >\n\t\t<div class=\"wpb_wrapper\">\n\t\t\t\n\t\t\t<div class=\"wpb_video_wrapper\"><iframe loading=\"lazy\" title=\"Fiyavalhu Malediven\" width=\"500\" height=\"281\" src=\"https:\/\/www.youtube.com\/embed\/PK0BqCE6r_Y?feature=oembed\" frameborder=\"0\" allow=\"accelerometer; autoplay; clipboard-write; encrypted-media; gyroscope; picture-in-picture; web-share\" allowfullscreen><\/iframe><\/div>\n\t\t<\/div>\n\t<\/div>\n<\/div><\/div><\/div><\/div><div class=\"vc_row wpb_row vc_row-fluid\"><div class=\"wpb_column vc_column_container vc_col-sm-12\"><div class=\"vc_column-inner\"><div class=\"wpb_wrapper\">\n\t<div class=\"wpb_text_column wpb_content_element\" >\n\t\t<div class=\"wpb_wrapper\">\n\t\t\t<p>Das Fiyavalhu Resort Maldives ist ein wahrer Zufluchtsort f\u00fcr alle, die ein St\u00fcck vom Paradies auf Erden suchen. Mit seinen unber\u00fchrten Str\u00e4nden, kristallklarem Wasser und \u00fcppigen tropischen Landschaften bietet dieses Luxusresort ein unvergessliches Erlebnis, das alle Ihre W\u00fcnsche erf\u00fcllt. In diesem SEO-freundlichen Artikel werfen wir einen genaueren Blick darauf, was das ausmacht <strong>Fiyavalhu Resort Malediven<\/strong> Ein Muss f\u00fcr Reisende, die Entspannung, Abenteuer und unvergleichliche Natursch\u00f6nheiten suchen.<\/p>\n<p><strong>Lage und Erreichbarkeit<\/strong><\/p>\n<p>Das Fiyavalhu Resort Maldives liegt strategisch g\u00fcnstig auf der malerischen Insel Maalhos, die zum Raa-Atoll geh\u00f6rt. Um dieses traumhafte Ziel zu erreichen, k\u00f6nnen G\u00e4ste einen Wasserflugzeugtransfer vom internationalen Flughafen Velana nehmen und einen atemberaubenden Luftblick auf die Koralleninseln der Malediven genie\u00dfen. Die Abgeschiedenheit des Resorts garantiert eine Flucht aus der Hektik des Alltags und macht es zum idealen Ort f\u00fcr Hochzeitsreisende, Familien und alle, die Ruhe suchen.<\/p>\n<p><strong>Unterkunft<\/strong><\/p>\n<p>Das Fiyavalhu Resort bietet eine Reihe luxuri\u00f6ser Unterkunftsm\u00f6glichkeiten f\u00fcr jeden Geschmack und jede Vorliebe. Von Strandvillen bis hin zu \u00dcberwasserbungalows ist jedes Zimmer so gestaltet, dass es den G\u00e4sten ein H\u00f6chstma\u00df an Komfort und Privatsph\u00e4re bietet. Die Villen sind mit modernen Annehmlichkeiten ausgestattet und verf\u00fcgen \u00fcber private Terrassen, die einen atemberaubenden Blick auf den Indischen Ozean bieten. Die Overwater-Bungalows erm\u00f6glichen es den G\u00e4sten, von ihren privaten Decks aus direkt ins Meer zu gelangen und so ein wirklich beeindruckendes Erlebnis zu bieten.<\/p>\n<p><strong>Essen<\/strong><\/p>\n<p>Kulinarische Liebhaber werden von den vielf\u00e4ltigen Speisem\u00f6glichkeiten des Resorts begeistert sein. Das Hauptrestaurant, das Vai Restaurant, serviert eine k\u00f6stliche Auswahl an internationalen und maledivischen Gerichten. F\u00fcr ein intimeres Erlebnis bietet das Fiyavalhu private Speisem\u00f6glichkeiten am Strand oder in Ihrer Villa. Von frischen Meeresfr\u00fcchten bis hin zu internationalen K\u00f6stlichkeiten sorgen die talentierten K\u00f6che des Resorts daf\u00fcr, dass jede Mahlzeit zu einem unvergesslichen Erlebnis wird.<\/p>\n<p><strong>Aktivit\u00e4ten und Erlebnisse<\/strong><\/p>\n<p>Das Fiyavalhu Resort Maldives richtet sich gleicherma\u00dfen an Abenteuerlustige und Erholungssuchende. Tauchen Sie ein in das kristallklare Wasser und erkunden Sie lebendige Korallenriffe voller Meereslebewesen. Schnorcheln, Tauchen und Wassersport sind leicht m\u00f6glich. Wer Entspannung sucht, kann sich im luxuri\u00f6sen Spa des Resorts entspannen, wo eine Reihe verj\u00fcngender Behandlungen und Therapien angeboten werden.<\/p>\n<p><strong>Nachhaltigkeit und Naturschutz<\/strong><\/p>\n<p>Das Fiyavalhu Resort Maldives setzt sich f\u00fcr \u00f6kologische Nachhaltigkeit und Meeresschutz ein. Das Resort beteiligt sich aktiv an Projekten zur Korallenrestaurierung, zum Schildkr\u00f6tenschutz und an Initiativen zur Abfallbewirtschaftung. G\u00e4ste k\u00f6nnen sich \u00fcber diese Bem\u00fchungen informieren und sogar an Aktivit\u00e4ten wie der Korallenpflanzung teilnehmen, um sicherzustellen, dass ihr Besuch einen positiven Beitrag zum lokalen \u00d6kosystem leistet.<\/p>\n<p><strong>Einzigartige Erlebnisse<\/strong><\/p>\n<p>Um Ihren Aufenthalt zu einem unvergesslichen Erlebnis zu machen, bietet das Resort einzigartige Erlebnisse wie Bootsfahrten bei Sonnenuntergang, Sternbeobachtungen und gef\u00fchrte Inselausfl\u00fcge. Egal, ob Sie die lokale Kultur erkunden, atemberaubende Sonnenunterg\u00e4nge erleben oder einfach nur im Paradies entspannen m\u00f6chten, das Fiyavalhu Resort hat f\u00fcr jeden etwas zu bieten.<\/p>\n<p><strong>Abschluss<\/strong><\/p>\n<p>Zusammenfassend l\u00e4sst sich sagen, dass das Fiyavalhu Resort Maldives ein tropisches Paradies ist, das einen unvergesslichen Urlaub verspricht. Seine atemberaubende Lage, luxuri\u00f6se Unterk\u00fcnfte, k\u00f6stliche K\u00fcche und sein Engagement f\u00fcr Nachhaltigkeit machen es zur idealen Wahl f\u00fcr Reisende, die in eine Welt voller nat\u00fcrlicher Sch\u00f6nheit und Ruhe entfliehen m\u00f6chten. Ganz gleich, ob Sie einen besonderen Anlass feiern oder einfach nur eine wohlverdiente Auszeit suchen, das Fiyavalhu Resort Maldives bietet ein Erlebnis, das Ihnen ein Leben lang wertvolle Erinnerungen bescheren wird. Buchen Sie noch heute Ihren Aufenthalt und begeben Sie sich auf eine Reise ins Paradies im Herzen der Malediven.<\/p>\n\n\t\t<\/div>\n\t<\/div>\n<\/div><\/div><\/div><\/div><div class=\"vc_row wpb_row vc_row-fluid\"><div class=\"wpb_column vc_column_container vc_col-sm-12\"><div class=\"vc_column-inner\"><div class=\"wpb_wrapper\">\n\t<div class=\"wpb_text_column wpb_content_element\" >\n\t\t<div class=\"wpb_wrapper\">\n\t\t\t<h3><a title=\"Fiyavalhu Resort Malediven\" href=\"https:\/\/trip.tpo.lv\/TKuNrVkI\" target=\"blanc2\" rel=\"nofollow\">\u00dcberpr\u00fcfen Sie hier die Verf\u00fcgbarkeit und den besten Preis im Fiyavalhu Resort Maldives &gt;&gt;<\/a><\/h3>\n\n\t\t<\/div>\n\t<\/div>\n<\/div><\/div><\/div><\/div>\n<\/div>","protected":false},"excerpt":{"rendered":"<div class=\"mh-excerpt\"><\/div>","protected":false},"author":1,"featured_media":9941,"parent":0,"menu_order":0,"comment_status":"closed","ping_status":"closed","template":"","meta":{"footnotes":""},"class_list":["post-9940","page","type-page","status-publish","has-post-thumbnail"],"aioseo_notices":[],"_links":{"self":[{"href":"http:\/\/maldives-paradise.com\/de\/wp-json\/wp\/v2\/pages\/9940","targetHints":{"allow":["GET"]}}],"collection":[{"href":"http:\/\/maldives-paradise.com\/de\/wp-json\/wp\/v2\/pages"}],"about":[{"href":"http:\/\/maldives-paradise.com\/de\/wp-json\/wp\/v2\/types\/page"}],"author":[{"embeddable":true,"href":"http:\/\/maldives-paradise.com\/de\/wp-json\/wp\/v2\/users\/1"}],"replies":[{"embeddable":true,"href":"http:\/\/maldives-paradise.com\/de\/wp-json\/wp\/v2\/comments?post=9940"}],"version-history":[{"count":4,"href":"http:\/\/maldives-paradise.com\/de\/wp-json\/wp\/v2\/pages\/9940\/revisions"}],"predecessor-version":[{"id":43434,"href":"http:\/\/maldives-paradise.com\/de\/wp-json\/wp\/v2\/pages\/9940\/revisions\/43434"}],"wp:featuredmedia":[{"embeddable":true,"href":"http:\/\/maldives-paradise.com\/de\/wp-json\/wp\/v2\/media\/9941"}],"wp:attachment":[{"href":"http:\/\/maldives-paradise.com\/de\/wp-json\/wp\/v2\/media?parent=9940"}],"curies":[{"name":"wp","href":"https:\/\/api.w.org\/{rel}","templated":true}]}}