{"id":9810,"date":"2024-01-30T17:44:51","date_gmt":"2024-01-30T17:44:51","guid":{"rendered":"http:\/\/maldives-paradise.com\/?page_id=9810"},"modified":"2025-10-10T07:05:19","modified_gmt":"2025-10-10T07:05:19","slug":"filitheyo-island-resort","status":"publish","type":"page","link":"http:\/\/maldives-paradise.com\/de\/filitheyo-island-resort\/","title":{"rendered":"Filitheyo Island Resort"},"content":{"rendered":"<div class=\"wpb-content-wrapper\"><div class=\"vc_row wpb_row vc_row-fluid\"><div class=\"wpb_column vc_column_container vc_col-sm-12\"><div class=\"vc_column-inner\"><div class=\"wpb_wrapper\">\n\t<div class=\"wpb_text_column wpb_content_element\" >\n\t\t<div class=\"wpb_wrapper\">\n\t\t\t<h3>Filitheyo Island Resort Malediven: Wo Paradies auf Luxus trifft<\/h3>\n\n\t\t<\/div>\n\t<\/div>\n<\/div><\/div><\/div><\/div><div class=\"vc_row wpb_row vc_row-fluid\"><div class=\"wpb_column vc_column_container vc_col-sm-12\"><div class=\"vc_column-inner\"><div class=\"wpb_wrapper\">\n\t<div class=\"wpb_video_widget wpb_content_element vc_clearfix   vc_video-aspect-ratio-169 vc_video-el-width-100 vc_video-align-left\" >\n\t\t<div class=\"wpb_wrapper\">\n\t\t\t\n\t\t\t<div class=\"wpb_video_wrapper\"><iframe loading=\"lazy\" title=\"Filitheyo Island Resort Malediven 2021 4K\" width=\"500\" height=\"281\" src=\"https:\/\/www.youtube.com\/embed\/N-FaHyKf1uI?feature=oembed\" frameborder=\"0\" allow=\"accelerometer; autoplay; clipboard-write; encrypted-media; gyroscope; picture-in-picture; web-share\" allowfullscreen><\/iframe><\/div>\n\t\t<\/div>\n\t<\/div>\n<\/div><\/div><\/div><\/div><div class=\"vc_row wpb_row vc_row-fluid\"><div class=\"wpb_column vc_column_container vc_col-sm-12\"><div class=\"vc_column-inner\"><div class=\"wpb_wrapper\">\n\t<div class=\"wpb_text_column wpb_content_element\" >\n\t\t<div class=\"wpb_wrapper\">\n\t\t\t<p>Das Filitheyo Island Resort ist eine tropische Oase, die ein unvergessliches maledivisches Erlebnis verspricht. Auf der unber\u00fchrten Insel Filitheyo gelegen, vereint dieses Resort nat\u00fcrliche Sch\u00f6nheit, Abenteuer und luxuri\u00f6sen Komfort zu einem idyllischen R\u00fcckzugsort f\u00fcr Reisende, die die Sch\u00f6nheit der Malediven genie\u00dfen m\u00f6chten.<\/p>\n<p><strong>Ankunft im Paradies<\/strong><\/p>\n<p>Ihre Reise zum Filitheyo Island Resort beginnt mit einem malerischen Flug mit dem Wasserflugzeug vom internationalen Flughafen Mal\u00e9. Wenn Sie sich der Insel n\u00e4hern, werden Sie vom Anblick puderwei\u00dfer Sandstr\u00e4nde, sich wiegender Palmen und dem Versprechen einer au\u00dfergew\u00f6hnlichen Flucht begr\u00fc\u00dft.<\/p>\n<p><strong>Luxuri\u00f6se Unterk\u00fcnfte<\/strong><\/p>\n<p>Das Resort bietet eine Reihe luxuri\u00f6ser Unterk\u00fcnfte, die darauf ausgelegt sind, Sie in die Natur einzutauchen und gleichzeitig h\u00f6chsten Komfort zu bieten. W\u00e4hlen Sie zwischen Villen direkt am Strand oder Bungalows \u00fcber dem Wasser, die alle sorgf\u00e4ltig gestaltet sind und \u00fcber moderne Annehmlichkeiten, private Terrassen und direkten Zugang zum unber\u00fchrten Strand oder zur Lagune verf\u00fcgen. Das Rauschen sanfter Wellen wird Sie jede Nacht in den Schlaf wiegen.<\/p>\n<p><strong>Kulinarische Gen\u00fcsse<\/strong><\/p>\n<p>Das Filitheyo Island Resort verf\u00fcgt \u00fcber eine Reihe von gastronomischen Einrichtungen, die die Aromen der Malediven und der Welt zelebrieren. Das Hauptrestaurant Palm bietet internationale Buffets mit Themenabenden und sorgt so f\u00fcr eine abwechslungsreiche kulinarische Reise. Das \u00fcber dem Wasser gelegene Sunset Restaurant und Bar bietet atemberaubende Ausblicke und k\u00f6stliche K\u00fcche. F\u00fcr ein romantisches kulinarisches Erlebnis genie\u00dfen Sie ein privates Abendessen bei Kerzenschein am Strand oder in der Privatsph\u00e4re Ihrer Villa.<\/p>\n<p><strong>Meeresabenteuer<\/strong><\/p>\n<p>Die Malediven sind bekannt f\u00fcr ihr pulsierendes Meeresleben <strong>Filitheyo Island Resort<\/strong> bietet den perfekten Einstieg, um es zu erkunden. Das Tauchzentrum des Resorts bietet PADI-zertifizierte Taucherlebnisse, bei denen Sie herrliche Korallenriffe entdecken, mit Haien schwimmen, Mantarochen begegnen und von einem Kaleidoskop tropischer Fische umgeben sein k\u00f6nnen. Auch Schnorchel- und gef\u00fchrte Schnorchelsafaris werden f\u00fcr G\u00e4ste aller Erfahrungsstufen angeboten.<\/p>\n<p><strong>Wassersport und Aktivit\u00e4ten<\/strong><\/p>\n<p>Neben Tauchen und Schnorcheln bietet das Resort eine Reihe von Wassersportarten und Aktivit\u00e4ten an Land. Versuchen Sie sich im Windsurfen, Paddleboarden, Kajakfahren oder Katamaransegeln. Nehmen Sie an einer freundschaftlichen Partie Beachvolleyball oder Tischtennis teil. Halten Sie Ihr Fitnessprogramm im Fitnessstudio aufrecht oder g\u00f6nnen Sie sich eine entspannende Spa-Behandlung im Filitheyo Spa.<\/p>\n<p><strong>Familienfreundlicher R\u00fcckzugsort<\/strong><\/p>\n<p><strong>Filitheyo Island Resort<\/strong> ist ideal f\u00fcr Familien und bietet familienfreundliche Unterk\u00fcnfte, ein Kinderbecken und einen Kinderclub mit betreuten Aktivit\u00e4ten. Eltern k\u00f6nnen ihre eigenen Abenteuer genie\u00dfen, w\u00e4hrend die Kinder ihren eigenen Anteil an Spa\u00df und Unterhaltung haben.<\/p>\n<p><strong>Romantische Fluchten<\/strong><\/p>\n<p>F\u00fcr Paare, die einen romantischen R\u00fcckzugsort suchen, bietet das Resort intime kulinarische Erlebnisse, Spa-Behandlungen f\u00fcr Paare und Kreuzfahrten bei Sonnenuntergang. Die nat\u00fcrliche Sch\u00f6nheit der Insel Filitheyo bildet die B\u00fchne f\u00fcr wertvolle gemeinsame Momente.<\/p>\n<p><strong>Umweltfreundliche Initiativen<\/strong><\/p>\n<p>Das Resort engagiert sich f\u00fcr nachhaltigen Tourismus und beteiligt sich aktiv an Korallenrestaurierungsprojekten und Umweltschutzbem\u00fchungen. Beteiligen Sie sich an ihren umweltfreundlichen Initiativen, um zum Erhalt des Meeres\u00f6kosystems beizutragen.<\/p>\n<p><strong>Abschluss<\/strong><\/p>\n<p>Das Filitheyo Island Resort Maldives ist nicht nur ein Urlaubsziel; Es ist ein Paradies, das darauf wartet, erkundet zu werden. Egal, ob Sie Abenteuer unter den Wellen, Entspannung an unber\u00fchrten Str\u00e4nden oder einen romantischen Kurzurlaub suchen, dieses Resort bietet alles. Mit seiner herzlichen Gastfreundschaft und atemberaubenden Umgebung l\u00e4dt das Filitheyo Island Resort Sie ein, bleibende Erinnerungen in dieser ruhigen und unber\u00fchrten Ecke der Malediven zu schaffen.<\/p>\n<p>Erleben Sie den Zauber der Malediven im Filitheyo Island Resort, wo Luxus auf Natur trifft und einen unvergleichlichen R\u00fcckzugsort schafft. Verwirklichen Sie Ihre Tr\u00e4ume von einem Urlaub auf den Malediven und tauchen Sie ein in die au\u00dfergew\u00f6hnliche Sch\u00f6nheit, die Sie umgibt.<\/p>\n\n\t\t<\/div>\n\t<\/div>\n<\/div><\/div><\/div><\/div><div class=\"vc_row wpb_row vc_row-fluid\"><div class=\"wpb_column vc_column_container vc_col-sm-12\"><div class=\"vc_column-inner\"><div class=\"wpb_wrapper\">\n\t<div class=\"wpb_text_column wpb_content_element\" >\n\t\t<div class=\"wpb_wrapper\">\n\t\t\t<h3><a title=\"Filitheyo Island Resort\" href=\"https:\/\/trip.tpo.lv\/7UgokmDV\" target=\"blanc2\" rel=\"nofollow\">\u00dcberpr\u00fcfen Sie hier die Verf\u00fcgbarkeit und den besten Preis im Filitheyo Island Resort &gt;&gt;<\/a><\/h3>\n\n\t\t<\/div>\n\t<\/div>\n<\/div><\/div><\/div><\/div>\n<\/div>","protected":false},"excerpt":{"rendered":"<div class=\"mh-excerpt\"><\/div>","protected":false},"author":1,"featured_media":9811,"parent":0,"menu_order":0,"comment_status":"closed","ping_status":"closed","template":"","meta":{"footnotes":""},"class_list":["post-9810","page","type-page","status-publish","has-post-thumbnail"],"aioseo_notices":[],"_links":{"self":[{"href":"http:\/\/maldives-paradise.com\/de\/wp-json\/wp\/v2\/pages\/9810","targetHints":{"allow":["GET"]}}],"collection":[{"href":"http:\/\/maldives-paradise.com\/de\/wp-json\/wp\/v2\/pages"}],"about":[{"href":"http:\/\/maldives-paradise.com\/de\/wp-json\/wp\/v2\/types\/page"}],"author":[{"embeddable":true,"href":"http:\/\/maldives-paradise.com\/de\/wp-json\/wp\/v2\/users\/1"}],"replies":[{"embeddable":true,"href":"http:\/\/maldives-paradise.com\/de\/wp-json\/wp\/v2\/comments?post=9810"}],"version-history":[{"count":4,"href":"http:\/\/maldives-paradise.com\/de\/wp-json\/wp\/v2\/pages\/9810\/revisions"}],"predecessor-version":[{"id":43432,"href":"http:\/\/maldives-paradise.com\/de\/wp-json\/wp\/v2\/pages\/9810\/revisions\/43432"}],"wp:featuredmedia":[{"embeddable":true,"href":"http:\/\/maldives-paradise.com\/de\/wp-json\/wp\/v2\/media\/9811"}],"wp:attachment":[{"href":"http:\/\/maldives-paradise.com\/de\/wp-json\/wp\/v2\/media?parent=9810"}],"curies":[{"name":"wp","href":"https:\/\/api.w.org\/{rel}","templated":true}]}}