{"id":9773,"date":"2024-01-30T07:44:09","date_gmt":"2024-01-30T07:44:09","guid":{"rendered":"http:\/\/maldives-paradise.com\/?page_id=9773"},"modified":"2025-10-10T06:58:21","modified_gmt":"2025-10-10T06:58:21","slug":"inselresort-eriyadu","status":"publish","type":"page","link":"http:\/\/maldives-paradise.com\/de\/inselresort-eriyadu\/","title":{"rendered":"Eriyadu Island Resort"},"content":{"rendered":"<div class=\"wpb-content-wrapper\"><div class=\"vc_row wpb_row vc_row-fluid\"><div class=\"wpb_column vc_column_container vc_col-sm-12\"><div class=\"vc_column-inner\"><div class=\"wpb_wrapper\">\n\t<div class=\"wpb_text_column wpb_content_element\" >\n\t\t<div class=\"wpb_wrapper\">\n\t\t\t<h3>Eriyadu Island Resort: Ein verstecktes Juwel im tropischen Paradies<\/h3>\n\n\t\t<\/div>\n\t<\/div>\n<\/div><\/div><\/div><\/div><div class=\"vc_row wpb_row vc_row-fluid\"><div class=\"wpb_column vc_column_container vc_col-sm-12\"><div class=\"vc_column-inner\"><div class=\"wpb_wrapper\">\n\t<div class=\"wpb_video_widget wpb_content_element vc_clearfix   vc_video-aspect-ratio-169 vc_video-el-width-100 vc_video-align-left\" >\n\t\t<div class=\"wpb_wrapper\">\n\t\t\t\n\t\t\t<div class=\"wpb_video_wrapper\"><iframe loading=\"lazy\" title=\"Eriyadu Island Resort, Reethi Rah\" width=\"500\" height=\"281\" src=\"https:\/\/www.youtube.com\/embed\/eeM69RiJwO8?feature=oembed\" frameborder=\"0\" allow=\"accelerometer; autoplay; clipboard-write; encrypted-media; gyroscope; picture-in-picture; web-share\" allowfullscreen><\/iframe><\/div>\n\t\t<\/div>\n\t<\/div>\n<\/div><\/div><\/div><\/div><div class=\"vc_row wpb_row vc_row-fluid\"><div class=\"wpb_column vc_column_container vc_col-sm-12\"><div class=\"vc_column-inner\"><div class=\"wpb_wrapper\">\n\t<div class=\"wpb_text_column wpb_content_element\" >\n\t\t<div class=\"wpb_wrapper\">\n\t\t\t<p>Versteckt im Herzen des Indischen Ozeans liegt das <strong>Eriyadu Island Resort<\/strong> ist eine Oase der Ruhe, die einen unvergesslichen Urlaub auf den Malediven verspricht. Auf der abgeschiedenen Insel Eriyadu gelegen, vereint dieses Resort nat\u00fcrliche Sch\u00f6nheit, Entspannung und Wassererlebnisse zu einem idyllischen R\u00fcckzugsort f\u00fcr Reisende, die Ruhe auf den Malediven suchen.<\/p>\n<p><strong>Ankunft im Paradies<\/strong><\/p>\n<p>Ihre Reise zum Eriyadu Island Resort beginnt mit einem malerischen Schnellboottransfer vom internationalen Flughafen Mal\u00e9. Wenn Sie sich der Insel n\u00e4hern, werden Sie von unber\u00fchrten wei\u00dfen Sandstr\u00e4nden, \u00fcppiger tropischer Vegetation und dem Versprechen eines au\u00dfergew\u00f6hnlichen Urlaubs begr\u00fc\u00dft.<\/p>\n<p><strong>Gem\u00fctliche Unterk\u00fcnfte<\/strong><\/p>\n<p>Das Resort bietet eine Reihe komfortabler Unterk\u00fcnfte, die so gestaltet sind, dass sie sich in die nat\u00fcrliche Umgebung einf\u00fcgen und gleichzeitig modernen Komfort bieten. W\u00e4hlen Sie zwischen Bungalows am Strand oder Villen \u00fcber dem Wasser, die jeweils sorgf\u00e4ltig gestaltet sind und \u00fcber private Terrassen und direkten Zugang zum Strand oder zur Lagune verf\u00fcgen. Schlafen Sie beim beruhigenden Rauschen der Meereswellen ein und wachen Sie mit der sanften Umarmung der tropischen Brise auf.<\/p>\n<p><strong>Kulinarische Gen\u00fcsse<\/strong><\/p>\n<p>Das Eriyadu Island Resort bietet eine Vielzahl an gastronomischen Einrichtungen, die f\u00fcr jeden Gaumen etwas bieten. Das Hauptrestaurant Sufura bietet internationale Buffets mit Themenabenden und sorgt so f\u00fcr ein abwechslungsreiches kulinarisches Erlebnis. Das exklusive Sunset Restaurant und Bar bietet einen atemberaubenden Meerblick und exquisite K\u00fcche. F\u00fcr ein romantisches kulinarisches Erlebnis genie\u00dfen Sie ein privates Abendessen bei Kerzenschein am Strand.<\/p>\n<p><strong>Wasserabenteuer<\/strong><\/p>\n<p>Die Malediven sind f\u00fcr ihr pulsierendes Meeresleben bekannt und im Eriyadu Island Resort k\u00f6nnen Sie es aus n\u00e4chster N\u00e4he erkunden. Das PADI-zertifizierte Tauchzentrum des Resorts bietet Taucherlebnisse mit atemberaubenden Korallenriffen, Begegnungen mit farbenfrohen Meereslebewesen und sogar die M\u00f6glichkeit, mit majest\u00e4tischen Mantarochen und Riffhaien zu schwimmen. Schnorcheln und gef\u00fchrte Schnorchelsafaris sind ebenfalls verf\u00fcgbar.<\/p>\n<p><strong>Wassersport und Freizeitaktivit\u00e4ten<\/strong><\/p>\n<p>Neben Tauchen und Schnorcheln bietet das Resort eine Reihe von Wassersportarten und Aktivit\u00e4ten an Land. Versuchen Sie sich im Windsurfen, Paddeln oder Kajakfahren. Nehmen Sie an einer Freundschaftspartie Beachvolleyball oder Badminton teil. Halten Sie Ihre Fitnessroutine im Fitnessstudio aufrecht oder g\u00f6nnen Sie sich eine wohltuende Spa-Behandlung im Coconut Spa.<\/p>\n<p><strong>Familienfreundlicher R\u00fcckzugsort<\/strong><\/p>\n<p>Das Eriyadu Island Resort ist ein ideales Reiseziel f\u00fcr Familien und bietet familienfreundliche Unterk\u00fcnfte, ein Kinderbecken und einen Kinderclub mit betreuten Aktivit\u00e4ten. W\u00e4hrend die Eltern ihre eigenen Abenteuer erleben, k\u00f6nnen die Kinder ihren eigenen Anteil an Spa\u00df und Unterhaltung genie\u00dfen.<\/p>\n<p><strong>Romantische Kurzurlaube<\/strong><\/p>\n<p>F\u00fcr Paare, die einen romantischen Kurzurlaub suchen, bietet das Resort intime kulinarische Erlebnisse, Spa-Behandlungen f\u00fcr Paare und Bootsfahrten bei Sonnenuntergang. Die ruhige Natursch\u00f6nheit der Insel Eriyadu schafft die B\u00fchne f\u00fcr wertvolle gemeinsame Momente.<\/p>\n<p><strong>Umweltfreundliches Engagement<\/strong><\/p>\n<p>Das Resort widmet sich nachhaltigen Tourismuspraktiken und beteiligt sich aktiv an Korallenrestaurierungsprojekten und Umweltschutzbem\u00fchungen. Beteiligen Sie sich an ihren umweltfreundlichen Initiativen, um zum Erhalt des Meeres\u00f6kosystems beizutragen.<\/p>\n<p><strong>Abschluss<\/strong><\/p>\n<p>Das Eriyadu Island Resort Maldives ist nicht nur ein Urlaubsziel; Es ist eine Einladung, sich wieder mit der Natur zu verbinden und die Ruhe der Malediven zu genie\u00dfen. Egal, ob Sie Abenteuer unter den Wellen, Entspannung an unber\u00fchrten Str\u00e4nden oder einen romantischen Kurzurlaub suchen, dieses Resort bietet alles. Mit herzlicher Gastfreundschaft und atemberaubender Umgebung l\u00e4dt das Eriyadu Island Resort Sie ein, bleibende Erinnerungen in dieser ruhigen Ecke der Malediven zu schaffen.<\/p>\n<p>Erleben Sie den Zauber der Malediven im Eriyadu Island Resort, wo sich Natur und Komfort zu einem unvergleichlichen R\u00fcckzugsort vereinen. Verwirklichen Sie Ihre Tr\u00e4ume von einem Urlaub auf den Malediven und tauchen Sie ein in die au\u00dfergew\u00f6hnliche Sch\u00f6nheit, die Sie umgibt.<\/p>\n\n\t\t<\/div>\n\t<\/div>\n<\/div><\/div><\/div><\/div><div class=\"vc_row wpb_row vc_row-fluid\"><div class=\"wpb_column vc_column_container vc_col-sm-12\"><div class=\"vc_column-inner\"><div class=\"wpb_wrapper\">\n\t<div class=\"wpb_text_column wpb_content_element\" >\n\t\t<div class=\"wpb_wrapper\">\n\t\t\t<h3><a title=\"Eriyadu Island Resort\" href=\"https:\/\/trip.tpo.lv\/tqs16qtu\" target=\"blanc2\" rel=\"nofollow\">\u00dcberpr\u00fcfen Sie hier die Verf\u00fcgbarkeit und den besten Preis im Eriyadu Island Resort &gt;&gt;<\/a><\/h3>\n\n\t\t<\/div>\n\t<\/div>\n<\/div><\/div><\/div><\/div>\n<\/div>","protected":false},"excerpt":{"rendered":"<div class=\"mh-excerpt\"><\/div>","protected":false},"author":1,"featured_media":9774,"parent":0,"menu_order":0,"comment_status":"closed","ping_status":"closed","template":"","meta":{"footnotes":""},"class_list":["post-9773","page","type-page","status-publish","has-post-thumbnail"],"aioseo_notices":[],"_links":{"self":[{"href":"http:\/\/maldives-paradise.com\/de\/wp-json\/wp\/v2\/pages\/9773","targetHints":{"allow":["GET"]}}],"collection":[{"href":"http:\/\/maldives-paradise.com\/de\/wp-json\/wp\/v2\/pages"}],"about":[{"href":"http:\/\/maldives-paradise.com\/de\/wp-json\/wp\/v2\/types\/page"}],"author":[{"embeddable":true,"href":"http:\/\/maldives-paradise.com\/de\/wp-json\/wp\/v2\/users\/1"}],"replies":[{"embeddable":true,"href":"http:\/\/maldives-paradise.com\/de\/wp-json\/wp\/v2\/comments?post=9773"}],"version-history":[{"count":3,"href":"http:\/\/maldives-paradise.com\/de\/wp-json\/wp\/v2\/pages\/9773\/revisions"}],"predecessor-version":[{"id":43429,"href":"http:\/\/maldives-paradise.com\/de\/wp-json\/wp\/v2\/pages\/9773\/revisions\/43429"}],"wp:featuredmedia":[{"embeddable":true,"href":"http:\/\/maldives-paradise.com\/de\/wp-json\/wp\/v2\/media\/9774"}],"wp:attachment":[{"href":"http:\/\/maldives-paradise.com\/de\/wp-json\/wp\/v2\/media?parent=9773"}],"curies":[{"name":"wp","href":"https:\/\/api.w.org\/{rel}","templated":true}]}}