{"id":9769,"date":"2024-01-30T07:34:55","date_gmt":"2024-01-30T07:34:55","guid":{"rendered":"http:\/\/maldives-paradise.com\/?page_id=9769"},"modified":"2025-10-10T07:00:54","modified_gmt":"2025-10-10T07:00:54","slug":"drift-thelu-veliga-ruckzug","status":"publish","type":"page","link":"http:\/\/maldives-paradise.com\/de\/drift-thelu-veliga-ruckzug\/","title":{"rendered":"Drift Thelu Veliga Retreat"},"content":{"rendered":"<div class=\"wpb-content-wrapper\"><div class=\"vc_row wpb_row vc_row-fluid\"><div class=\"wpb_column vc_column_container vc_col-sm-12\"><div class=\"vc_column-inner\"><div class=\"wpb_wrapper\">\n\t<div class=\"wpb_text_column wpb_content_element\" >\n\t\t<div class=\"wpb_wrapper\">\n\t\t\t<h3>Drift Thelu Veliga Retreat \u2013 ein abgeschiedenes Inselparadies<\/h3>\n\n\t\t<\/div>\n\t<\/div>\n<\/div><\/div><\/div><\/div><div class=\"vc_row wpb_row vc_row-fluid\"><div class=\"wpb_column vc_column_container vc_col-sm-12\"><div class=\"vc_column-inner\"><div class=\"wpb_wrapper\">\n\t<div class=\"wpb_video_widget wpb_content_element vc_clearfix   vc_video-aspect-ratio-169 vc_video-el-width-100 vc_video-align-left\" >\n\t\t<div class=\"wpb_wrapper\">\n\t\t\t\n\t\t\t<div class=\"wpb_video_wrapper\"><iframe loading=\"lazy\" title=\"Drift Thelu Veliga Retreat \u2013 Unber\u00fchrter Zufluchtsort auf den Malediven\" width=\"500\" height=\"281\" src=\"https:\/\/www.youtube.com\/embed\/mkCxyLXrEMw?feature=oembed\" frameborder=\"0\" allow=\"accelerometer; autoplay; clipboard-write; encrypted-media; gyroscope; picture-in-picture; web-share\" allowfullscreen><\/iframe><\/div>\n\t\t<\/div>\n\t<\/div>\n<\/div><\/div><\/div><\/div><div class=\"vc_row wpb_row vc_row-fluid\"><div class=\"wpb_column vc_column_container vc_col-sm-12\"><div class=\"vc_column-inner\"><div class=\"wpb_wrapper\">\n\t<div class=\"wpb_text_column wpb_content_element\" >\n\t\t<div class=\"wpb_wrapper\">\n\t\t\t<p>Das Drift Thelu Veliga Retreat ist ein exklusiver Zufluchtsort, der ein unvergleichliches maledivisches Erlebnis verspricht. Auf der abgelegenen Insel Thelu Veliga gelegen, kombiniert dieses Boutique-Resort die reinsten Elemente der Natur mit luxuri\u00f6sem Komfort und bietet anspruchsvollen Reisenden die M\u00f6glichkeit, die unber\u00fchrte Sch\u00f6nheit der Malediven zu genie\u00dfen.<\/p>\n<p><strong>Ein abgeschiedenes Inselparadies<\/strong><\/p>\n<p>Das Drift Thelu Veliga Retreat ist mit einem malerischen Wasserflugzeug oder einem Schnellboot vom internationalen Flughafen Mal\u00e9 aus erreichbar und hei\u00dft seine G\u00e4ste auf seiner privaten Insel mit offenen Armen und unber\u00fchrten Str\u00e4nden willkommen. Wenn Sie den weichen, wei\u00dfen Sand betreten, werden Sie von der Ruhe und nat\u00fcrlichen Sch\u00f6nheit fasziniert sein, die diesen abgeschiedenen R\u00fcckzugsort umgibt.<\/p>\n<p><strong>Intime Unterk\u00fcnfte<\/strong><\/p>\n<p>Das Resort bietet eine Auswahl an gem\u00fctlichen und umweltbewussten Unterk\u00fcnften, die Sie in die Natur eintauchen lassen und gleichzeitig den ultimativen Komfort bieten. W\u00e4hlen Sie zwischen Villen direkt am Strand oder Bungalows \u00fcber dem Wasser, die alle sorgf\u00e4ltig im Hinblick auf Nachhaltigkeit gestaltet wurden. \u00d6ffnen Sie Ihre T\u00fcr zu einer Welt der Ruhe, in der Sie das Rauschen der Meereswellen in den Schlaf wiegt und die Sonnenauf- und -unterg\u00e4nge Ihre private Veranda schm\u00fccken.<\/p>\n<p><strong>Kulinarische Gen\u00fcsse inmitten der Natur<\/strong><\/p>\n<p>Das Drift Thelu Veliga Retreat ist stolz auf sein kulinarisches Angebot, wobei der Schwerpunkt auf frischen Zutaten aus der Region liegt. Das Sand Restaurant &amp; Bar bietet internationale und maledivische K\u00fcche und sorgt so f\u00fcr eine k\u00f6stliche kulinarische Reise f\u00fcr jeden Geschmack. F\u00fcr ein romantisches und intimes Erlebnis speisen Sie am Strand, mit den Zehen im Sand, und g\u00f6nnen Sie sich ein privates Abendessen bei Kerzenschein unter den Sternen.<\/p>\n<p><strong>Tauchen Sie ein in Meereswunder<\/strong><\/p>\n<p>Die Malediven sind f\u00fcr ihre atemberaubende Unterwasserwelt bekannt und das Drift Thelu Veliga Retreat bietet Ihnen die M\u00f6glichkeit, sie aus erster Hand zu erkunden. Tauchen Sie ein in das kristallklare Wasser und entdecken Sie lebendige Korallenriffe, farbenfrohe Meereslebewesen und sogar majest\u00e4tische Mantarochen. Schnorcheln, Tauchen und gef\u00fchrte Ausfl\u00fcge stehen G\u00e4sten aller Erfahrungsstufen zur Verf\u00fcgung.<\/p>\n<p><strong>Wasserabenteuer und Landerkundungen<\/strong><\/p>\n<p>Zus\u00e4tzlich zu Wasseraktivit\u00e4ten bietet das Resort eine Reihe von Abenteuern an Land. Genie\u00dfen Sie Paddeln, Kajakfahren oder eine gem\u00fctliche Radtour, um die \u00fcppige Vegetation und die ruhige Umgebung der Insel zu erkunden. Das hoteleigene Fitnessstudio sorgt daf\u00fcr, dass Sie Ihre Fitnessroutine beibehalten k\u00f6nnen, w\u00e4hrend das Spa eine Reihe verj\u00fcngender Behandlungen bietet.<\/p>\n<p><strong>Umweltfreundliches Engagement<\/strong><\/p>\n<p>Das Drift Thelu Veliga Retreat legt gro\u00dfen Wert auf Nachhaltigkeit und Umweltschutz. Das Resort beteiligt sich aktiv an Korallenrestaurierungsprojekten, minimiert seinen CO2-Fu\u00dfabdruck und unterst\u00fctzt lokale Gemeinschaften. Beteiligen Sie sich an ihren umweltfreundlichen Initiativen, um zum Erhalt des fragilen Meeres\u00f6kosystems beizutragen.<\/p>\n<p><strong>Abgeschiedene Romantik<\/strong><\/p>\n<p>F\u00fcr Paare, die einen intimen und romantischen Kurzurlaub suchen, bietet das Resort private Abendessen, Spa-Behandlungen f\u00fcr Paare und ruhige Bootsfahrten bei Sonnenuntergang. Die unber\u00fchrte Natursch\u00f6nheit der Insel Thelu Veliga bietet die perfekte Kulisse f\u00fcr wertvolle gemeinsame Momente.<\/p>\n<p><strong>Abschluss<\/strong><\/p>\n<p>Das Drift Thelu Veliga Retreat Maldives ist nicht nur ein Urlaubsziel; Es ist eine Einladung, sich wieder mit der Natur zu verbinden und die Ruhe der Malediven zu genie\u00dfen. Egal, ob Sie Abenteuer unter den Wellen, Entspannung an unber\u00fchrten Str\u00e4nden oder einen romantischen Kurzurlaub suchen, dieser umweltbewusste R\u00fcckzugsort bietet alles. Mit herzlicher Gastfreundschaft und einem Engagement f\u00fcr den Schutz der Umwelt l\u00e4dt das Drift Thelu Veliga Retreat Sie ein, bleibende Erinnerungen in diesem unber\u00fchrten Paradies zu schaffen.<\/p>\n<p>Erleben Sie den Zauber der Malediven im Drift Thelu Veliga Retreat, wo Natur und Luxus zu einem unvergesslichen R\u00fcckzugsort harmonieren. Verwirklichen Sie Ihre Tr\u00e4ume von einem Urlaub auf den Malediven und tauchen Sie ein in die Naturpracht, die Sie umgibt.<\/p>\n\n\t\t<\/div>\n\t<\/div>\n<\/div><\/div><\/div><\/div><div class=\"vc_row wpb_row vc_row-fluid\"><div class=\"wpb_column vc_column_container vc_col-sm-12\"><div class=\"vc_column-inner\"><div class=\"wpb_wrapper\">\n\t<div class=\"wpb_text_column wpb_content_element\" >\n\t\t<div class=\"wpb_wrapper\">\n\t\t\t<h3><a title=\"Drift Thelu Veliga Retreat\" href=\"https:\/\/trip.tpo.lv\/UACP5war\" target=\"blanc2\" rel=\"nofollow\">\u00dcberpr\u00fcfen Sie hier die Verf\u00fcgbarkeit und den besten Preis im Drift Thelu Veliga Retreat &gt;&gt;<\/a><\/h3>\n\n\t\t<\/div>\n\t<\/div>\n<\/div><\/div><\/div><\/div>\n<\/div>","protected":false},"excerpt":{"rendered":"<div class=\"mh-excerpt\"><\/div>","protected":false},"author":1,"featured_media":9770,"parent":0,"menu_order":0,"comment_status":"closed","ping_status":"closed","template":"","meta":{"footnotes":""},"class_list":["post-9769","page","type-page","status-publish","has-post-thumbnail"],"aioseo_notices":[],"_links":{"self":[{"href":"http:\/\/maldives-paradise.com\/de\/wp-json\/wp\/v2\/pages\/9769","targetHints":{"allow":["GET"]}}],"collection":[{"href":"http:\/\/maldives-paradise.com\/de\/wp-json\/wp\/v2\/pages"}],"about":[{"href":"http:\/\/maldives-paradise.com\/de\/wp-json\/wp\/v2\/types\/page"}],"author":[{"embeddable":true,"href":"http:\/\/maldives-paradise.com\/de\/wp-json\/wp\/v2\/users\/1"}],"replies":[{"embeddable":true,"href":"http:\/\/maldives-paradise.com\/de\/wp-json\/wp\/v2\/comments?post=9769"}],"version-history":[{"count":3,"href":"http:\/\/maldives-paradise.com\/de\/wp-json\/wp\/v2\/pages\/9769\/revisions"}],"predecessor-version":[{"id":43430,"href":"http:\/\/maldives-paradise.com\/de\/wp-json\/wp\/v2\/pages\/9769\/revisions\/43430"}],"wp:featuredmedia":[{"embeddable":true,"href":"http:\/\/maldives-paradise.com\/de\/wp-json\/wp\/v2\/media\/9770"}],"wp:attachment":[{"href":"http:\/\/maldives-paradise.com\/de\/wp-json\/wp\/v2\/media?parent=9769"}],"curies":[{"name":"wp","href":"https:\/\/api.w.org\/{rel}","templated":true}]}}