{"id":9605,"date":"2024-01-28T14:06:46","date_gmt":"2024-01-28T14:06:46","guid":{"rendered":"http:\/\/maldives-paradise.com\/?page_id=9605"},"modified":"2025-10-09T16:06:39","modified_gmt":"2025-10-09T16:06:39","slug":"angaga-island-resort-spa","status":"publish","type":"page","link":"http:\/\/maldives-paradise.com\/de\/angaga-island-resort-spa\/","title":{"rendered":"Angaga Island Resort &amp; Spa"},"content":{"rendered":"<div class=\"wpb-content-wrapper\"><div class=\"vc_row wpb_row vc_row-fluid\"><div class=\"wpb_column vc_column_container vc_col-sm-12\"><div class=\"vc_column-inner\"><div class=\"wpb_wrapper\">\n\t<div class=\"wpb_text_column wpb_content_element\" >\n\t\t<div class=\"wpb_wrapper\">\n\t\t\t<h3>Angaga Island Resort &amp; Spa: Das Paradies auf Erden<\/h3>\n\n\t\t<\/div>\n\t<\/div>\n<\/div><\/div><\/div><\/div><div class=\"vc_row wpb_row vc_row-fluid\"><div class=\"wpb_column vc_column_container vc_col-sm-12\"><div class=\"vc_column-inner\"><div class=\"wpb_wrapper\">\n\t<div class=\"wpb_video_widget wpb_content_element vc_clearfix   vc_video-aspect-ratio-169 vc_video-el-width-100 vc_video-align-left\" >\n\t\t<div class=\"wpb_wrapper\">\n\t\t\t\n\t\t\t<div class=\"wpb_video_wrapper\"><iframe loading=\"lazy\" title=\"Angaga Island Resort &amp; Spa - S\u00fcd-Ari-Atoll - Malediven 4K 2019\" width=\"500\" height=\"281\" src=\"https:\/\/www.youtube.com\/embed\/JXPAbd_WetA?feature=oembed\" frameborder=\"0\" allow=\"accelerometer; autoplay; clipboard-write; encrypted-media; gyroscope; picture-in-picture; web-share\" allowfullscreen><\/iframe><\/div>\n\t\t<\/div>\n\t<\/div>\n<\/div><\/div><\/div><\/div><div class=\"vc_row wpb_row vc_row-fluid\"><div class=\"wpb_column vc_column_container vc_col-sm-12\"><div class=\"vc_column-inner\"><div class=\"wpb_wrapper\">\n\t<div class=\"wpb_text_column wpb_content_element\" >\n\t\t<div class=\"wpb_wrapper\">\n\t\t\t<p>Das Angaga Island Resort &amp; Spa auf den Malediven ist eine tropische Oase, die einen unvergesslichen Kurzurlaub verspricht. Mit seinen unber\u00fchrten wei\u00dfen Sandstr\u00e4nden, t\u00fcrkisfarbenem Wasser und \u00fcppigem Gr\u00fcn bietet dieses umweltfreundliche Resort ein St\u00fcck Paradies f\u00fcr Reisende, die Ruhe und nat\u00fcrliche Sch\u00f6nheit suchen.<\/p>\n<p><strong>Inselparadies<\/strong><\/p>\n<p>Das Angaga Island Resort &amp; Spa liegt im S\u00fcd-Ari-Atoll, das f\u00fcr seine atemberaubenden Korallenriffe und sein vielf\u00e4ltiges Meeresleben bekannt ist. Das Resort ist vom internationalen Flughafen Mal\u00e9 aus leicht mit dem Wasserflugzeug zu erreichen, was es zu einer bequemen Wahl f\u00fcr Reisende macht, die einen idyllischen Kurzurlaub suchen.<\/p>\n<p><strong>Unterk\u00fcnfte<\/strong><\/p>\n<p>Das Resort bietet eine Reihe von Unterk\u00fcnften f\u00fcr unterschiedliche Vorlieben, von gem\u00fctlichen Bungalows am Strand bis hin zu Villen \u00fcber dem Wasser. Jedes Zimmer ist auf Komfort und Luxus ausgelegt und verf\u00fcgt \u00fcber moderne Annehmlichkeiten, private Au\u00dfenbereiche und direkten Zugang zum Strand oder zur Lagune. Wachen Sie mit dem Rauschen sanfter Wellen auf und genie\u00dfen Sie die atemberaubende Aussicht auf den Sonnenaufgang direkt vor Ihrer Haust\u00fcr.<\/p>\n<p><strong>Kulinarisches Erlebnis<\/strong><\/p>\n<p><strong>Angaga Island Resort &amp; Spa<\/strong> verf\u00fcgt \u00fcber ein vielf\u00e4ltiges gastronomisches Angebot, das den G\u00e4sten eine gro\u00dfe Auswahl an kulinarischen K\u00f6stlichkeiten erm\u00f6glicht. Das Hauptrestaurant bietet internationale Buffetgerichte mit Themenabenden und sorgt so f\u00fcr eine Geschmacksvielfalt, die jeden Gaumen zufriedenstellt. F\u00fcr ein romantisches und intimes kulinarisches Erlebnis serviert das Restaurant \u00fcber dem Wasser exquisite Fischgerichte und erlesene Weine.<\/p>\n<p><strong>Unterwasserparadies<\/strong><\/p>\n<p>Eines der Highlights des Resorts ist seine N\u00e4he zu einigen der besten Tauchpl\u00e4tze der Malediven. In den klaren Gew\u00e4ssern rund um Angaga wimmelt es von lebhaften Meereslebewesen, darunter farbenfrohe Korallenriffe, Haie, Mantarochen und Schildkr\u00f6ten. Egal, ob Sie ein erfahrener Taucher oder ein Anf\u00e4nger sind, das Resort bietet ein PADI-zertifiziertes Tauchzentrum mit erfahrenen Tauchlehrern, die Sie durch die Wunder der Unterwasserwelt f\u00fchren.<\/p>\n<p><strong>Wassersport und Aktivit\u00e4ten<\/strong><\/p>\n<p>\u00dcber das Tauchen hinaus k\u00f6nnen G\u00e4ste eine Reihe von Wassersportarten und Aktivit\u00e4ten genie\u00dfen, darunter Schnorcheln, Windsurfen, Kanufahren und Angeln. Das Resort bietet auch Ausfl\u00fcge wie Delfinbeobachtungen, Bootsfahrten bei Sonnenuntergang und Inselh\u00fcpfen an, sodass Sie die nat\u00fcrliche Sch\u00f6nheit der Malediven erkunden k\u00f6nnen.<\/p>\n<p><strong>Spa und Wellness<\/strong><\/p>\n<p>Das Angaga Island Resort &amp; Spa verf\u00fcgt \u00fcber ein ruhiges Spa, in dem G\u00e4ste verj\u00fcngende Behandlungen und Massagen genie\u00dfen k\u00f6nnen. Die ruhige Umgebung des Spas, umgeben von \u00fcppigen tropischen G\u00e4rten, steigert das Entspannungserlebnis und hinterl\u00e4sst ein erfrischtes und revitalisiertes Gef\u00fchl.<\/p>\n<p><strong>Umweltfreundliche Initiativen<\/strong><\/p>\n<p>Das Resort setzt sich f\u00fcr den Erhalt der nat\u00fcrlichen Umwelt der Malediven ein. Sie haben verschiedene umweltfreundliche Initiativen umgesetzt, wie zum Beispiel Energieeinsparung, Abfallreduzierung und Meeresschutzbem\u00fchungen, einschlie\u00dflich des Schutzes lokaler Nistpl\u00e4tze f\u00fcr Meeresschildkr\u00f6ten.<\/p>\n<p><strong>Abschluss<\/strong><\/p>\n<p>Das Angaga Island Resort &amp; Spa auf den Malediven ist mehr als nur ein Urlaubsziel; Es ist eine Gelegenheit, in die Sch\u00f6nheit und Ruhe der Natur einzutauchen. Egal, ob Sie Abenteuer in der Unterwasserwelt, Entspannung an unber\u00fchrten Str\u00e4nden oder einen romantischen Kurzurlaub suchen, dieses umweltfreundliche Resort bietet alles. Mit seiner herzlichen Gastfreundschaft und seinem Engagement f\u00fcr Nachhaltigkeit l\u00e4dt das Angaga Island Resort &amp; Spa Sie ein, das Paradies auf Erden wie nie zuvor zu erleben. Schaffen Sie Erinnerungen, die ein Leben lang in diesem atemberaubenden maledivischen Zufluchtsort bleiben werden.<\/p>\n\n\t\t<\/div>\n\t<\/div>\n<\/div><\/div><\/div><\/div><div class=\"vc_row wpb_row vc_row-fluid\"><div class=\"wpb_column vc_column_container vc_col-sm-12\"><div class=\"vc_column-inner\"><div class=\"wpb_wrapper\">\n\t<div class=\"wpb_text_column wpb_content_element\" >\n\t\t<div class=\"wpb_wrapper\">\n\t\t\t<h3><a title=\"Angaga Island Resort &amp; Spa\" href=\"https:\/\/trip.tpo.lv\/2WRkt9yh\" target=\"blanc2\" rel=\"nofollow\">Pr\u00fcfen Sie hier die Verf\u00fcgbarkeit und den besten Preis im Angaga Island Resort &amp; Spa &gt;&gt;<\/a><\/h3>\n\n\t\t<\/div>\n\t<\/div>\n<\/div><\/div><\/div><\/div>\n<\/div>","protected":false},"excerpt":{"rendered":"<div class=\"mh-excerpt\"><\/div>","protected":false},"author":1,"featured_media":9606,"parent":0,"menu_order":0,"comment_status":"closed","ping_status":"closed","template":"","meta":{"footnotes":""},"class_list":["post-9605","page","type-page","status-publish","has-post-thumbnail"],"aioseo_notices":[],"_links":{"self":[{"href":"http:\/\/maldives-paradise.com\/de\/wp-json\/wp\/v2\/pages\/9605","targetHints":{"allow":["GET"]}}],"collection":[{"href":"http:\/\/maldives-paradise.com\/de\/wp-json\/wp\/v2\/pages"}],"about":[{"href":"http:\/\/maldives-paradise.com\/de\/wp-json\/wp\/v2\/types\/page"}],"author":[{"embeddable":true,"href":"http:\/\/maldives-paradise.com\/de\/wp-json\/wp\/v2\/users\/1"}],"replies":[{"embeddable":true,"href":"http:\/\/maldives-paradise.com\/de\/wp-json\/wp\/v2\/comments?post=9605"}],"version-history":[{"count":4,"href":"http:\/\/maldives-paradise.com\/de\/wp-json\/wp\/v2\/pages\/9605\/revisions"}],"predecessor-version":[{"id":43385,"href":"http:\/\/maldives-paradise.com\/de\/wp-json\/wp\/v2\/pages\/9605\/revisions\/43385"}],"wp:featuredmedia":[{"embeddable":true,"href":"http:\/\/maldives-paradise.com\/de\/wp-json\/wp\/v2\/media\/9606"}],"wp:attachment":[{"href":"http:\/\/maldives-paradise.com\/de\/wp-json\/wp\/v2\/media?parent=9605"}],"curies":[{"name":"wp","href":"https:\/\/api.w.org\/{rel}","templated":true}]}}