{"id":9067,"date":"2024-01-19T06:42:20","date_gmt":"2024-01-19T06:42:20","guid":{"rendered":"http:\/\/maldives-paradise.com\/?page_id=9067"},"modified":"2025-02-23T08:05:29","modified_gmt":"2025-02-23T08:05:29","slug":"bestpreisgarantie","status":"publish","type":"page","link":"http:\/\/maldives-paradise.com\/de\/bestpreisgarantie\/","title":{"rendered":"Bestpreisgarantie"},"content":{"rendered":"<div class=\"wpb-content-wrapper\"><div class=\"vc_row wpb_row vc_row-fluid\"><div class=\"wpb_column vc_column_container vc_col-sm-12\"><div class=\"vc_column-inner\"><div class=\"wpb_wrapper\">\n\t<div  class=\"wpb_single_image wpb_content_element vc_align_left wpb_content_element\">\n\t\t\n\t\t<figure class=\"wpb_wrapper vc_figure\">\n\t\t\t<div class=\"vc_single_image-wrapper   vc_box_border_grey\"><img decoding=\"async\" class=\"vc_single_image-img\" src=\"https:\/\/maldives-paradise.com\/wp-content\/uploads\/2024\/01\/bestrateguarantee.jpg\" width=\"368\" height=\"137\" alt=\"Bestpreisgarantie\" title=\"bestrategarantie\" loading=\"lazy\" \/><\/div>\n\t\t<\/figure>\n\t<\/div>\n<\/div><\/div><\/div><\/div><div class=\"vc_row wpb_row vc_row-fluid\"><div class=\"wpb_column vc_column_container vc_col-sm-12\"><div class=\"vc_column-inner\"><div class=\"wpb_wrapper\">\n\t<div class=\"wpb_text_column wpb_content_element\" >\n\t\t<div class=\"wpb_wrapper\">\n\t\t\t<h3>Bestpreisgarantie direkt von Hotels<\/h3>\n\n\t\t<\/div>\n\t<\/div>\n<\/div><\/div><\/div><\/div><div class=\"vc_row wpb_row vc_row-fluid\"><div class=\"wpb_column vc_column_container vc_col-sm-12\"><div class=\"vc_column-inner\"><div class=\"wpb_wrapper\">\n\t<div class=\"wpb_text_column wpb_content_element\" >\n\t\t<div class=\"wpb_wrapper\">\n\t\t\t<p>Best-Rate-Garantie-Programme oder Best-Price-Garantie, wie sie auch genannt werden, sind ein Marketingtrend, den immer mehr Hotels auf der ganzen Welt aufgreifen, um mit den gro\u00dfen Online-Reisebuchungswebsites zu konkurrieren. Es garantiert, dass ein Hotelgast bei einer Direktbuchung im Hotel den g\u00fcnstigsten verf\u00fcgbaren Preis f\u00fcr eine Nacht oder einen mehrt\u00e4gigen Aufenthalt erh\u00e4lt.<\/p>\n<p>Die Hotels garantieren, dass Sie einen Online-Best-Garantie-Antrag einreichen k\u00f6nnen, wenn Sie nach der Buchung auf einer anderen Website als der offiziellen Website des Hotels einen besseren, \u00f6ffentlich verf\u00fcgbaren Preis finden. Wenn Ihr Anspruch genehmigt wird, wird nicht nur der niedrigere Preis angepasst, sondern Sie erhalten auch einen zus\u00e4tzlichen Rabatt von 10 bis 301 TP3T und andere Vorteile, abh\u00e4ngig von den Richtlinien des jeweiligen Hotels.<\/p>\n<p>Hotels reservieren oft ihre besten Angebote f\u00fcr G\u00e4ste, die direkt buchen. Von kostenlosen Zimmer-Upgrades bis hin zu exklusiven Annehmlichkeiten \u2013 diese Verg\u00fcnstigungen vers\u00fc\u00dfen das Angebot und verbessern Ihr Gesamterlebnis. Treuepunkte und Sonderaktionen sind zus\u00e4tzliche Anreize, die nur \u00fcber Direktbuchungen zug\u00e4nglich sind.<\/p>\n<p>Die verschiedenen Hotel-Bestpreisgarantien sind an Bedingungen gekn\u00fcpft. Jedes Hotel hat unterschiedliche Bedingungen f\u00fcr die Bestpreisgarantie, aber die meisten wichtigen Gesch\u00e4ftsbedingungen gelten f\u00fcr alle Hotels.<br \/>\nDie Schl\u00fcsselbegriffe sind:<\/p>\n<p>Sie m\u00fcssen das Zimmer bereits direkt \u00fcber die Website des Hotels gebucht haben.<br \/>\nDer niedrigere Tarif muss auf einer g\u00fcltigen Mitbewerber-Website gefunden werden.<br \/>\nAusgenommen sind Websites, die Ihnen die Hotelmarke erst nach Abschluss der Reservierung mitteilen, Websites, die Mitgliedschaftspreise anbieten, Websites, die keine sofortige Best\u00e4tigung anbieten, und einige andere.<\/p>\n<p>F\u00fcr den niedrigeren Preis m\u00fcssen genau die gleichen Bedingungen gelten wie f\u00fcr den direkt \u00fcber die Website des Hotels gebuchten Preis:<\/p>\n<p>Gleiche Buchungstermine<br \/>\nGleicher Zimmertyp<br \/>\nGleiche Stornierungsbedingungen<br \/>\nGleiche Anzahl G\u00e4ste pro Zimmer<\/p>\n<p>Durch die direkte Buchung spart das Hotel Geld, das es dann an die Ersparnisse weitergeben kann. Auch Sie profitieren davon, da Sie neben Hotelpunkten auch Vorteile sammeln k\u00f6nnen.<\/p>\n\n\t\t<\/div>\n\t<\/div>\n<\/div><\/div><\/div><\/div><div class=\"vc_row wpb_row vc_row-fluid\"><div class=\"wpb_column vc_column_container vc_col-sm-12\"><div class=\"vc_column-inner\"><div class=\"wpb_wrapper\">\n\t<div class=\"wpb_text_column wpb_content_element\" >\n\t\t<div class=\"wpb_wrapper\">\n\t\t\t<h3><a href=\"http:\/\/maldives-paradise.com\/de\/die-12-besten-resorts-mit-bestpreisgarantie-auf-den-malediven\/\">Die 12 besten Resorts mit Bestpreisgarantie auf den Malediven<\/a><\/h3>\n\n\t\t<\/div>\n\t<\/div>\n<\/div><\/div><\/div><\/div>\n<\/div>","protected":false},"excerpt":{"rendered":"<div class=\"mh-excerpt\"><\/div>","protected":false},"author":1,"featured_media":9070,"parent":0,"menu_order":0,"comment_status":"closed","ping_status":"closed","template":"","meta":{"footnotes":""},"class_list":["post-9067","page","type-page","status-publish","has-post-thumbnail"],"aioseo_notices":[],"_links":{"self":[{"href":"http:\/\/maldives-paradise.com\/de\/wp-json\/wp\/v2\/pages\/9067","targetHints":{"allow":["GET"]}}],"collection":[{"href":"http:\/\/maldives-paradise.com\/de\/wp-json\/wp\/v2\/pages"}],"about":[{"href":"http:\/\/maldives-paradise.com\/de\/wp-json\/wp\/v2\/types\/page"}],"author":[{"embeddable":true,"href":"http:\/\/maldives-paradise.com\/de\/wp-json\/wp\/v2\/users\/1"}],"replies":[{"embeddable":true,"href":"http:\/\/maldives-paradise.com\/de\/wp-json\/wp\/v2\/comments?post=9067"}],"version-history":[{"count":3,"href":"http:\/\/maldives-paradise.com\/de\/wp-json\/wp\/v2\/pages\/9067\/revisions"}],"predecessor-version":[{"id":14728,"href":"http:\/\/maldives-paradise.com\/de\/wp-json\/wp\/v2\/pages\/9067\/revisions\/14728"}],"wp:featuredmedia":[{"embeddable":true,"href":"http:\/\/maldives-paradise.com\/de\/wp-json\/wp\/v2\/media\/9070"}],"wp:attachment":[{"href":"http:\/\/maldives-paradise.com\/de\/wp-json\/wp\/v2\/media?parent=9067"}],"curies":[{"name":"wp","href":"https:\/\/api.w.org\/{rel}","templated":true}]}}