{"id":8933,"date":"2024-01-16T19:55:53","date_gmt":"2024-01-16T19:55:53","guid":{"rendered":"http:\/\/maldives-paradise.com\/?page_id=8933"},"modified":"2025-11-26T09:26:14","modified_gmt":"2025-11-26T09:26:14","slug":"die-12-besten-familienresorts-auf-den-malediven","status":"publish","type":"page","link":"http:\/\/maldives-paradise.com\/de\/die-12-besten-familienresorts-auf-den-malediven\/","title":{"rendered":"Die besten Familienresorts auf den Malediven"},"content":{"rendered":"<div class=\"wpb-content-wrapper\"><div class=\"vc_row wpb_row vc_row-fluid\"><div class=\"wpb_column vc_column_container vc_col-sm-12\"><div class=\"vc_column-inner\"><div class=\"wpb_wrapper\">\n\t<div class=\"wpb_text_column wpb_content_element\" >\n\t\t<div class=\"wpb_wrapper\">\n\t\t\t<p>Erleben Sie unvergessliche Familienmomente in luxuri\u00f6sen Familienresorts auf den Malediven. Genie\u00dfen Sie unber\u00fchrte Str\u00e4nde und spannende Aktivit\u00e4ten f\u00fcr Kinder. Tauchen Sie ein in die lebendige Meereswelt, genie\u00dfen Sie Gourmet-Essen und schaffen Sie bleibende Erinnerungen in diesem tropischen Paradies. Ideal f\u00fcr Familien, die eine Mischung aus Entspannung und Abenteuer in einer luxuri\u00f6sen Umgebung suchen.<\/p>\n<p>Resorts auf den Malediven richten sich an Familien mit ger\u00e4umigen Villen, viele davon mit privaten Pools und direktem Zugang zum Strand. Kinder k\u00f6nnen eine Vielzahl von Aktivit\u00e4ten genie\u00dfen, wie Schnorcheln in lebendigen Korallenriffen, Delfinbeobachtungs-Kreuzfahrten und unterhaltsame Wassersportarten. Viele Resorts bieten spezielle Kinderclubs mit spannenden Programmen, sodass Eltern sich entspannen k\u00f6nnen, w\u00e4hrend die Kinder unterhalten werden. Mit ihrer sicheren Umgebung, atemberaubenden Natursch\u00f6nheit und au\u00dfergew\u00f6hnlichem Service bieten die Malediven eine perfekte Kulisse f\u00fcr bleibende Familienerinnerungen.<\/p>\n\n\t\t<\/div>\n\t<\/div>\n<\/div><\/div><\/div><\/div><div class=\"vc_row wpb_row vc_row-fluid\"><div class=\"wpb_column vc_column_container vc_col-sm-3\"><div class=\"vc_column-inner\"><div class=\"wpb_wrapper\">\n\t<div  class=\"wpb_single_image wpb_content_element vc_align_left wpb_content_element\">\n\t\t\n\t\t<figure class=\"wpb_wrapper vc_figure\">\n\t\t\t<a href=\"https:\/\/lamp.glopss.com\/aff_c?offer_id=9&#038;aff_id=1834&#038;url=https%3A%2F%2Fwww.anantara.com%2Fen%2Fdhigu-maldives\" target=\"_self\" class=\"vc_single_image-wrapper   vc_box_border_grey\"><img loading=\"lazy\" decoding=\"async\" width=\"150\" height=\"150\" src=\"https:\/\/maldives-paradise.com\/wp-content\/uploads\/2024\/01\/anantara-dhigu-150x150.jpg\" class=\"vc_single_image-img attachment-thumbnail\" alt=\"Anantara Dhigu Malediven Resort\" title=\"anantara-dhigu\" \/><\/a>\n\t\t<\/figure>\n\t<\/div>\n<\/div><\/div><\/div><div class=\"wpb_column vc_column_container vc_col-sm-9\"><div class=\"vc_column-inner\"><div class=\"wpb_wrapper\">\n\t<div class=\"wpb_text_column wpb_content_element\" >\n\t\t<div class=\"wpb_wrapper\">\n\t\t\t<h3><a href=\"https:\/\/lamp.glopss.com\/SHUr\" target=\"_blank\" rel=\"nofollow noopener\">Anantara Dhigu Malediven Resort<\/a><\/h3>\n<p>Das Anantara Dhigu Maldives Resort ist das perfekte Reiseziel f\u00fcr Touristen, die mit ihrer Familie reisen. Das Resort bietet luxuri\u00f6se und ger\u00e4umige Villen, einen fantastischen Kinderclub und zahlreiche Wasseraktivit\u00e4ten f\u00fcr Ihre Kleinen.<br \/>\nDieses Resort sorgt daf\u00fcr, dass Ihre Kinder den Urlaub ihrer Tr\u00e4ume verbringen! Der Ort bietet Wasseraktivit\u00e4ten wie die Beobachtung von Kugelfischen und kleinen Riffhaien, ein Kinderbecken, eine Bootsfahrt und vieles mehr!<br \/>\nDas Anantara Dhigu Maldives Resort bietet au\u00dferdem ein spezielles Kindermen\u00fc voller k\u00f6stlicher Leckereien. Der Ort bietet verschiedene g\u00fcnstige Urlaubspakete f\u00fcr Familien an.<br \/>\n<span style=\"color: #ff0000;\"><strong>Bestpreisgarantie bei Direktbuchung in diesem Hotel.<\/strong><\/span><\/p>\n\n\t\t<\/div>\n\t<\/div>\n<\/div><\/div><\/div><\/div><div class=\"vc_row wpb_row vc_row-fluid\"><div class=\"wpb_column vc_column_container vc_col-sm-3\"><div class=\"vc_column-inner\"><div class=\"wpb_wrapper\">\n\t<div  class=\"wpb_single_image wpb_content_element vc_align_left wpb_content_element\">\n\t\t\n\t\t<figure class=\"wpb_wrapper vc_figure\">\n\t\t\t<a href=\"https:\/\/lamp.glopss.com\/aff_c?offer_id=1062&#038;aff_id=1834&#038;url=https%3A%2F%2Fatmosphere-kanifushi.com%2F\" target=\"_self\" class=\"vc_single_image-wrapper   vc_box_border_grey\"><img loading=\"lazy\" decoding=\"async\" width=\"150\" height=\"150\" src=\"https:\/\/maldives-paradise.com\/wp-content\/uploads\/2023\/12\/atmosphere-kanifushi2-150x150.jpg\" class=\"vc_single_image-img attachment-thumbnail\" alt=\"Atmosph\u00e4re Kanifushi Malediven\" title=\"Atmosph\u00e4re-kanifushi2\" \/><\/a>\n\t\t<\/figure>\n\t<\/div>\n<\/div><\/div><\/div><div class=\"wpb_column vc_column_container vc_col-sm-9\"><div class=\"vc_column-inner\"><div class=\"wpb_wrapper\">\n\t<div class=\"wpb_text_column wpb_content_element\" >\n\t\t<div class=\"wpb_wrapper\">\n\t\t\t<h3><a href=\"https:\/\/trip.tpo.lv\/FjeSQCnR\" target=\"_blank\" rel=\"nofollow noopener\">Atmosph\u00e4re Kanifushi Malediven<\/a><\/h3>\n<p>Dieses F\u00fcnf-Sterne-All-Inclusive-Resort ist nicht nur spektakul\u00e4r sch\u00f6n, sondern bietet auch erstklassigen Service. Es ist sehr familienfreundlich und die Kanifushi Residence-Villen des Resorts sind auf die Bed\u00fcrfnisse von Kindern und Erwachsenen ausgelegt. Au\u00dferhalb der Villen gibt es viel zu tun, darunter ein entspannendes Spa, Wassersportm\u00f6glichkeiten und ein Restaurant \u2013 das erste seiner Art auf den Malediven \u2013, das umweltfreundliche Gerichte serviert. Es gibt auch einen tollen Kinderclub, einen Spielplatz, einen Kindergarten und einen Babysitter-Service f\u00fcr jene Abende, an denen Sie ein romantisches Abendessen nur f\u00fcr Erwachsene w\u00fcnschen.<\/p>\n\n\t\t<\/div>\n\t<\/div>\n<\/div><\/div><\/div><\/div><div class=\"vc_row wpb_row vc_row-fluid\"><div class=\"wpb_column vc_column_container vc_col-sm-3\"><div class=\"vc_column-inner\"><div class=\"wpb_wrapper\">\n\t<div  class=\"wpb_single_image wpb_content_element vc_align_left wpb_content_element\">\n\t\t\n\t\t<figure class=\"wpb_wrapper vc_figure\">\n\t\t\t<a href=\"https:\/\/lamp.glopss.com\/aff_c?offer_id=1354&#038;aff_id=1834&#038;url=https%3A%2F%2Fwww.comohotels.com%2Fmaldives%2Fcomo-maalifushi\" target=\"_self\" class=\"vc_single_image-wrapper   vc_box_border_grey\"><img loading=\"lazy\" decoding=\"async\" width=\"150\" height=\"150\" src=\"https:\/\/maldives-paradise.com\/wp-content\/uploads\/2024\/01\/COMO-Maalifushi2-150x150.jpg\" class=\"vc_single_image-img attachment-thumbnail\" alt=\"COMO Maalifushi\" title=\"COMO-Maalifushi2\" \/><\/a>\n\t\t<\/figure>\n\t<\/div>\n<\/div><\/div><\/div><div class=\"wpb_column vc_column_container vc_col-sm-9\"><div class=\"vc_column-inner\"><div class=\"wpb_wrapper\">\n\t<div class=\"wpb_text_column wpb_content_element\" >\n\t\t<div class=\"wpb_wrapper\">\n\t\t\t<h3><a href=\"https:\/\/lamp.glopss.com\/SHU9\" target=\"_blank\" rel=\"nofollow noopener\">COMO Maalifushi<\/a><\/h3>\n<p>Am besten f\u00fcr die Kleinen!<br \/>\nPlay by COMO konzentriert sich auf junge Jetsetter! Ihr spezielles Programm bietet unglaubliche Wellness-Men\u00fcs (f\u00fcr Kinder!) und jede Menge einzigartige Familienaktivit\u00e4ten wie Schnorcheln mit einem Meeresbiologen, Delphin-Kreuzfahrten mit Planschnetz und Surfen. Ihr spezielles Play by COMO Space soll mit sorgf\u00e4ltig ausgew\u00e4hlten Spielzeugen, B\u00fcchern, Spielen und Kunstmaterialien zu zielgerichtetem und kreativem kindgerechtem Spielen f\u00fcr Kinder im Alter von 4 bis 12 Jahren inspirieren.<\/p>\n\n\t\t<\/div>\n\t<\/div>\n<\/div><\/div><\/div><\/div><div class=\"vc_row wpb_row vc_row-fluid\"><div class=\"wpb_column vc_column_container vc_col-sm-3\"><div class=\"vc_column-inner\"><div class=\"wpb_wrapper\">\n\t<div  class=\"wpb_single_image wpb_content_element vc_align_left wpb_content_element\">\n\t\t\n\t\t<figure class=\"wpb_wrapper vc_figure\">\n\t\t\t<a href=\"https:\/\/lamp.glopss.com\/aff_c?offer_id=1085&#038;aff_id=1834\" target=\"_self\" class=\"vc_single_image-wrapper   vc_box_border_grey\"><img loading=\"lazy\" decoding=\"async\" width=\"150\" height=\"150\" src=\"https:\/\/maldives-paradise.com\/wp-content\/uploads\/2023\/12\/finolhu-maldives-150x150.jpeg\" class=\"vc_single_image-img attachment-thumbnail\" alt=\"Finolhu Malediven\" title=\"Finolhu-Malediven\" \/><\/a>\n\t\t<\/figure>\n\t<\/div>\n<\/div><\/div><\/div><div class=\"wpb_column vc_column_container vc_col-sm-9\"><div class=\"vc_column-inner\"><div class=\"wpb_wrapper\">\n\t<div class=\"wpb_text_column wpb_content_element\" >\n\t\t<div class=\"wpb_wrapper\">\n\t\t\t<h3><a href=\"https:\/\/lamp.glopss.com\/SHUE\" rel=\"nofollow \">Finolhu<\/a><\/h3>\n<p>Am besten zum Schnorcheln!<br \/>\nSchnappen Sie sich Eimer und Spaten \u2013 der gro\u00dfe Anziehungspunkt dieses extravaganten Resorts ist der herrliche wei\u00dfe Sandstrand und die Sandbank, die wie ein Komet durch das Baa-Atoll schwebt. Direkt vor der K\u00fcste gibt es einen aufblasbaren Wasserpark, einen lagunenf\u00f6rmigen Swimmingpool und eine fantastische Unterwasserwelt mit bunten Korallen und Wirbeln aus tropischen Fischen im Hausriff sowie Spinnerdelfinen, Meeresschildkr\u00f6ten und Mantarochen ganz in der N\u00e4he. Der Oceaneer&#039;s Club bietet eine lange Liste t\u00e4glicher Aktivit\u00e4ten \u2013 Piraten-Workshops, Sandkunst, Kajak-Wettbewerbe \u2013 und kann Geburtstagsfeiern mit Geschenken, Spielen und Kuchen veranstalten.<\/p>\n\n\t\t<\/div>\n\t<\/div>\n<\/div><\/div><\/div><\/div><div class=\"vc_row wpb_row vc_row-fluid\"><div class=\"wpb_column vc_column_container vc_col-sm-3\"><div class=\"vc_column-inner\"><div class=\"wpb_wrapper\">\n\t<div  class=\"wpb_single_image wpb_content_element vc_align_left wpb_content_element\">\n\t\t\n\t\t<figure class=\"wpb_wrapper vc_figure\">\n\t\t\t<a href=\"https:\/\/lamp.glopss.com\/aff_c?offer_id=1384&#038;aff_id=1834\" target=\"_self\" class=\"vc_single_image-wrapper   vc_box_border_grey\"><img loading=\"lazy\" decoding=\"async\" width=\"150\" height=\"150\" src=\"https:\/\/maldives-paradise.com\/wp-content\/uploads\/2023\/12\/Hideaway-Beach-Resort-Spa-Shines-as-the-Most-Picturesque-Resort-in-the-Maldives-at-TTM-Awards-2023-1-1024x576-1-150x150.jpg\" class=\"vc_single_image-img attachment-thumbnail\" alt=\"Hideaway Beach Resort &amp; Spa\" title=\"Hideaway-Beach-Resort-Spa-strahlt-als-das-malerischste-Resort-auf-den-Malediven-bei-TTM-Awards-2023-1-1024x576.jpg\" \/><\/a>\n\t\t<\/figure>\n\t<\/div>\n<\/div><\/div><\/div><div class=\"wpb_column vc_column_container vc_col-sm-9\"><div class=\"vc_column-inner\"><div class=\"wpb_wrapper\">\n\t<div class=\"wpb_text_column wpb_content_element\" >\n\t\t<div class=\"wpb_wrapper\">\n\t\t\t<h3><a href=\"https:\/\/lamp.glopss.com\/aff_c?offer_id=1384&amp;aff_id=1834\" target=\"_blank\" rel=\"nofollow noopener\">Hideaway Beach Resort &amp; Spa<\/a><\/h3>\n<p>Gewinner des Tripadvisor Travellers&#039; Choice Best of the Best Award 2022. Wenn die Erwachsenen eine Pause von ihrem Nachwuchs brauchen, hat das Resort die L\u00f6sung: den hervorragenden Tender Hearts Kids&#039; Club. Lassen Sie Ihre Kleinen im 50 m\u00b2 gro\u00dfen Kinderclub herumtollen und beobachten Sie, wie sie an den kuratierten Aktivit\u00e4ten teilnehmen, die Sie garantiert beeindrucken werden. Dazu geh\u00f6ren Sandburgenbau, Angelunterricht, Schatzsuche, Malen, Zeichnen, Kochkurse, Radfahren, Verstecken, Bildungstouren und vieles mehr.<\/p>\n\n\t\t<\/div>\n\t<\/div>\n<\/div><\/div><\/div><\/div><div class=\"vc_row wpb_row vc_row-fluid\"><div class=\"wpb_column vc_column_container vc_col-sm-3\"><div class=\"vc_column-inner\"><div class=\"wpb_wrapper\">\n\t<div  class=\"wpb_single_image wpb_content_element vc_align_left wpb_content_element\">\n\t\t\n\t\t<figure class=\"wpb_wrapper vc_figure\">\n\t\t\t<div class=\"vc_single_image-wrapper   vc_box_border_grey\"><img loading=\"lazy\" decoding=\"async\" width=\"150\" height=\"150\" src=\"https:\/\/maldives-paradise.com\/wp-content\/uploads\/2024\/01\/Kandima-150x150.jpg\" class=\"vc_single_image-img attachment-thumbnail\" alt=\"Kandima Malediven\" title=\"Kandima.jpg\" \/><\/div>\n\t\t<\/figure>\n\t<\/div>\n<\/div><\/div><\/div><div class=\"wpb_column vc_column_container vc_col-sm-9\"><div class=\"vc_column-inner\"><div class=\"wpb_wrapper\">\n\t<div class=\"wpb_text_column wpb_content_element\" >\n\t\t<div class=\"wpb_wrapper\">\n\t\t\t<h3><a href=\"https:\/\/lamp.glopss.com\/SHUV\" target=\"_blank\" rel=\"nofollow noopener\">Kandima Malediven<\/a><\/h3>\n<p>Das aufregende, familienfreundliche Hotel Kandima beeindruckt mit seiner coolen, modernen Atmosph\u00e4re, seinem entspannten Ethos und seinem riesigen Spielplatz und Planschbereich f\u00fcr Kinder. Bei ihnen dreht sich alles um ihre kleinen VIPs und es gibt einen eigenen Kandiland, den Kandima Kids Club, der von einem mehrsprachigen Team vollst\u00e4ndig zertifizierter Kinderbetreuer geleitet wird und Aktivit\u00e4ten sowie einen Abenteuerspielplatz, ein Trampolin, eine Kletterwand, Tischtennis und Indoor-Spielbereiche bietet. Die Insel bietet \u00fcber drei Kilometer Strand und zwei Pools, darunter einen 100-Meter-Pool \u2013 den gr\u00f6\u00dften auf den Malediven.<\/p>\n\n\t\t<\/div>\n\t<\/div>\n<\/div><\/div><\/div><\/div><div class=\"vc_row wpb_row vc_row-fluid\"><div class=\"wpb_column vc_column_container vc_col-sm-3\"><div class=\"vc_column-inner\"><div class=\"wpb_wrapper\">\n\t<div  class=\"wpb_single_image wpb_content_element vc_align_left wpb_content_element\">\n\t\t\n\t\t<figure class=\"wpb_wrapper vc_figure\">\n\t\t\t<a href=\"https:\/\/lamp.glopss.com\/aff_c?offer_id=1471&#038;aff_id=1834&#038;url=https%3A%2F%2Fwww.luxresorts.com%2Fen%2Fmaldives%2Fresort%2Fluxsouthariatoll%3Futm_source%3Dglopss%26utm_medium%3Daffiliate%26utm_campaign%3Dcampaign\" target=\"_self\" class=\"vc_single_image-wrapper   vc_box_border_grey\"><img loading=\"lazy\" decoding=\"async\" width=\"150\" height=\"150\" src=\"https:\/\/maldives-paradise.com\/wp-content\/uploads\/2024\/01\/lux2-150x150.jpg\" class=\"vc_single_image-img attachment-thumbnail\" alt=\"LUX * Malediven S\u00fcd-Ari-Atoll\" title=\"Lux2\" \/><\/a>\n\t\t<\/figure>\n\t<\/div>\n<\/div><\/div><\/div><div class=\"wpb_column vc_column_container vc_col-sm-9\"><div class=\"vc_column-inner\"><div class=\"wpb_wrapper\">\n\t<div class=\"wpb_text_column wpb_content_element\" >\n\t\t<div class=\"wpb_wrapper\">\n\t\t\t<h3><a href=\"https:\/\/lamp.glopss.com\/aff_c?offer_id=1471&amp;aff_id=1834&amp;url=https%3A%2F%2Fwww.luxresorts.com%2Fen%2Fmaldives%2Fresort%2Fluxsouthariatoll%3Futm_source%3Dglopss%26utm_medium%3Daffiliate%26utm_campaign%3Dcampaign\" target=\"_blank\" rel=\"nofollow noopener\">LUX* South Ari Atoll Resort &amp; Villas<\/a><\/h3>\n<p>Am besten f\u00fcr sportliche Typen.<br \/>\nEltern werden das angesagte Design im Ibiza-Stil, die Wohlf\u00fchl-Spa-Behandlungen und die Auswahl aus f\u00fcnf verschiedenen Bars lieben. Kinder hingegen werden die Clubh\u00e4user (eines f\u00fcr die Kleinen und eines f\u00fcr Teenager), Strandsportarten und Abenteuerausfl\u00fcge lieben. Das All-Inclusive-Angebot wird wahrscheinlich jedem ein L\u00e4cheln ins Gesicht zaubern; Es deckt alles ab, von Tennis- und Yogakursen \u00fcber Minibars im Zimmer und Barista-Kaffee bis hin zu unbegrenztem Eis und nicht motorisierten Wassersportarten. Familien-Lagunenvillen sind die Unterkunft der Wahl und liegen direkt am strahlend wei\u00dfen Strand und im ruhigen Tiffany-blauen Wasser.<\/p>\n\n\t\t<\/div>\n\t<\/div>\n<\/div><\/div><\/div><\/div><div class=\"vc_row wpb_row vc_row-fluid\"><div class=\"wpb_column vc_column_container vc_col-sm-3\"><div class=\"vc_column-inner\"><div class=\"wpb_wrapper\">\n\t<div  class=\"wpb_single_image wpb_content_element vc_align_left wpb_content_element\">\n\t\t\n\t\t<figure class=\"wpb_wrapper vc_figure\">\n\t\t\t<a href=\"https:\/\/lamp.glopss.com\/aff_c?offer_id=264&#038;aff_id=1834&#038;url=https%3A%2F%2Fwww.meeru.com%2F\" target=\"_self\" class=\"vc_single_image-wrapper   vc_box_border_grey\"><img loading=\"lazy\" decoding=\"async\" width=\"150\" height=\"150\" src=\"https:\/\/maldives-paradise.com\/wp-content\/uploads\/2023\/08\/Jawakara-Maldives-Island-Hero-800x467-1-150x150.jpg\" class=\"vc_single_image-img attachment-thumbnail\" alt=\"Meeru Malediven Ferieninsel\" title=\"Jawakara-Malediven-Insel-Hero-800x467\" \/><\/a>\n\t\t<\/figure>\n\t<\/div>\n<\/div><\/div><\/div><div class=\"wpb_column vc_column_container vc_col-sm-9\"><div class=\"vc_column-inner\"><div class=\"wpb_wrapper\">\n\t<div class=\"wpb_text_column wpb_content_element\" >\n\t\t<div class=\"wpb_wrapper\">\n\t\t\t<h3><a href=\"https:\/\/lamp.glopss.com\/SHUg\" target=\"_blank\" rel=\"nofollow noopener\">Meeru Island Resort &amp; Spa<\/a><\/h3>\n<p>Das Meeru Island Resort &amp; Spa Maldives ist eine ideale Ferieninsel f\u00fcr Familien mit kleinen Kindern. Meerus Familienplan sorgt f\u00fcr einen g\u00fcnstigeren Urlaub. Die Preise f\u00fcr Ihr Kinderzimmer, Ihre Verpflegung und den Transfer mit dem Schnellboot sind auf 50% des Erwachsenenpreises reduziert. Die Tarife f\u00fcr den Familienplan gelten f\u00fcr Kinder unter 15 Jahren. Es gibt ein Kinderspielzimmer. In der N\u00e4he des Dhoni Bar Pools gibt es ein Kinderplanschbecken, einen Spielbereich im Freien und den Komas Kid&#039;s Club, separate Einrichtungen, Spielzeug, Spiele und Spa\u00df f\u00fcr Kinder im Alter von 3 bis 12 Jahren und Teenager (13 bis 17 Jahre).<br \/>\n<span style=\"color: #ff0000;\"><strong>Bestpreisgarantie bei Direktbuchung in diesem Hotel.<\/strong><\/span><\/p>\n\n\t\t<\/div>\n\t<\/div>\n<\/div><\/div><\/div><\/div><div class=\"vc_row wpb_row vc_row-fluid\"><div class=\"wpb_column vc_column_container vc_col-sm-3\"><div class=\"vc_column-inner\"><div class=\"wpb_wrapper\">\n\t<div  class=\"wpb_single_image wpb_content_element vc_align_left wpb_content_element\">\n\t\t\n\t\t<figure class=\"wpb_wrapper vc_figure\">\n\t\t\t<a href=\"https:\/\/lamp.glopss.com\/aff_c?offer_id=9&#038;aff_id=1834&#038;url=https%3A%2F%2Fwww.niyama.com%2F\" target=\"_self\" class=\"vc_single_image-wrapper   vc_box_border_grey\"><img loading=\"lazy\" decoding=\"async\" width=\"150\" height=\"150\" src=\"https:\/\/maldives-paradise.com\/wp-content\/uploads\/2024\/01\/niyama2-150x150.jpg\" class=\"vc_single_image-img attachment-thumbnail\" alt=\"Niyama Private Islands Malediven\" title=\"niyama2\" \/><\/a>\n\t\t<\/figure>\n\t<\/div>\n<\/div><\/div><\/div><div class=\"wpb_column vc_column_container vc_col-sm-9\"><div class=\"vc_column-inner\"><div class=\"wpb_wrapper\">\n\t<div class=\"wpb_text_column wpb_content_element\" >\n\t\t<div class=\"wpb_wrapper\">\n\t\t\t<h3><a href=\"https:\/\/lamp.glopss.com\/SHUv\" target=\"_blank\" rel=\"nofollow noopener\">Niyama Private Islands Malediven<\/a><\/h3>\n<p>Am besten f\u00fcr eine Surfschule.<br \/>\nDieses familienfreundliche Resort auf zwei Inseln im s\u00fcdlichen Dhaalu-Atoll verf\u00fcgt \u00fcber einen eigenen Surfspot in Paddelentfernung zum Ufer. Der Unterricht deckt jedes Niveau und jedes Familienmitglied ab, angefangen bei den Grundlagen in der ruhigen blauen Lagune von Niyama bis hin zu Ententauchg\u00e4ngen und Cutbacks im offenen Meer. Zur\u00fcck an Land finden Sie au\u00dferdem einen singenden und tanzenden Kinderclub, ein Baumhaus-Restaurant, ein Unterwasserrestaurant, ein \u00dcberwasser-Spa und gro\u00dfe Familienvillen, sowohl am Strand als auch auf Stelzen \u00fcber dem Indischen Ozean.<br \/>\n<span style=\"color: #ff0000;\"><strong>Bestpreisgarantie bei Direktbuchung in diesem Hotel.<\/strong><\/span><\/p>\n\n\t\t<\/div>\n\t<\/div>\n<\/div><\/div><\/div><\/div><div class=\"vc_row wpb_row vc_row-fluid\"><div class=\"wpb_column vc_column_container vc_col-sm-3\"><div class=\"vc_column-inner\"><div class=\"wpb_wrapper\">\n\t<div  class=\"wpb_single_image wpb_content_element vc_align_left wpb_content_element\">\n\t\t\n\t\t<figure class=\"wpb_wrapper vc_figure\">\n\t\t\t<a href=\"https:\/\/lamp.glopss.com\/aff_c?offer_id=1062&#038;aff_id=1834&#038;url=https%3A%2F%2Ftheozencollection.com%2Fozenlife-maadhoo%2F\" target=\"_self\" class=\"vc_single_image-wrapper   vc_box_border_grey\"><img loading=\"lazy\" decoding=\"async\" width=\"150\" height=\"150\" src=\"https:\/\/maldives-paradise.com\/wp-content\/uploads\/2024\/01\/ozen-life-2-150x150.jpg\" class=\"vc_single_image-img attachment-thumbnail\" alt=\"OZEN Life Maadhoo\" title=\"ozen-life-2\" \/><\/a>\n\t\t<\/figure>\n\t<\/div>\n<\/div><\/div><\/div><div class=\"wpb_column vc_column_container vc_col-sm-9\"><div class=\"vc_column-inner\"><div class=\"wpb_wrapper\">\n\t<div class=\"wpb_text_column wpb_content_element\" >\n\t\t<div class=\"wpb_wrapper\">\n\t\t\t<h3><a href=\"https:\/\/trip.tpo.lv\/i4Tqqyq0\" target=\"_blank\" rel=\"nofollow noopener\">Ozen Life Maadhoo<\/a><\/h3>\n<p>Am besten f\u00fcr ein sportliches All-Inclusive.<br \/>\nDas unglaubliche All-Inclusive-Resortprogramm im OZEN Life Maadhoo sorgt daf\u00fcr, dass die ganze Familie l\u00e4chelt und die Malediven auf ihre Art genie\u00dft. Genie\u00dfen Sie ein fantastisches Abenteuererlebnis und einen authentischen Angelausflug bei Sonnenuntergang, der im All-Inclusive-Angebot enthalten ist. Sie erhalten au\u00dferdem Zugang zu kostenlosen, nicht motorisierten Wassersportarten und Schnorchelausfl\u00fcgen. Eltern erhalten unterdessen eine kostenlose Spa-Behandlung pro Aufenthalt von vier bis f\u00fcnf N\u00e4chten.<\/p>\n\n\t\t<\/div>\n\t<\/div>\n<\/div><\/div><\/div><\/div><div class=\"vc_row wpb_row vc_row-fluid\"><div class=\"wpb_column vc_column_container vc_col-sm-3\"><div class=\"vc_column-inner\"><div class=\"wpb_wrapper\">\n\t<div  class=\"wpb_single_image wpb_content_element vc_align_left wpb_content_element\">\n\t\t\n\t\t<figure class=\"wpb_wrapper vc_figure\">\n\t\t\t<a href=\"https:\/\/lamp.glopss.com\/aff_c?offer_id=1506&#038;aff_id=1834\" target=\"_self\" class=\"vc_single_image-wrapper   vc_box_border_grey\"><img loading=\"lazy\" decoding=\"async\" width=\"150\" height=\"150\" src=\"https:\/\/maldives-paradise.com\/wp-content\/uploads\/2023\/11\/Patina-150x150.jpg\" class=\"vc_single_image-img attachment-thumbnail\" alt=\"Patina Malediven\" title=\"Patina.jpg\" \/><\/a>\n\t\t<\/figure>\n\t<\/div>\n<\/div><\/div><\/div><div class=\"wpb_column vc_column_container vc_col-sm-9\"><div class=\"vc_column-inner\"><div class=\"wpb_wrapper\">\n\t<div class=\"wpb_text_column wpb_content_element\" >\n\t\t<div class=\"wpb_wrapper\">\n\t\t\t<h3><a href=\"https:\/\/lamp.glopss.com\/aff_c?offer_id=1506&amp;aff_id=1834\" rel=\"nofollow \">Patina Malediven<\/a><\/h3>\n<p>Vieles f\u00fcr Kinder. Footprints ist das von der Bildung f\u00fcr Kinder inspirierte Aktivit\u00e4tszentrum auf einem wundersch\u00f6nen Gel\u00e4nde mit Kletterger\u00fcsten und einem Planschbecken. Zu den Indoor-Aktivit\u00e4ten geh\u00f6ren 3D-Druck- und Laserschneidetechnologie, Kochkurse usw. Die Kinder k\u00f6nnen auch interaktive Inselerlebnisse und Meeresschutz genie\u00dfen. Eltern werden \u00fcbergl\u00fccklich sein, wenn sie erfahren, dass ihre Kinder unz\u00e4hlige Stunden damit verbringen k\u00f6nnen, besch\u00e4ftigt zu sein.<\/p>\n\n\t\t<\/div>\n\t<\/div>\n<\/div><\/div><\/div><\/div><div class=\"vc_row wpb_row vc_row-fluid\"><div class=\"wpb_column vc_column_container vc_col-sm-3\"><div class=\"vc_column-inner\"><div class=\"wpb_wrapper\">\n\t<div  class=\"wpb_single_image wpb_content_element vc_align_left wpb_content_element\">\n\t\t\n\t\t<figure class=\"wpb_wrapper vc_figure\">\n\t\t\t<a href=\"https:\/\/lamp.glopss.com\/aff_c?offer_id=1476&#038;aff_id=1834&#038;url=https%3A%2F%2Fwww.sunsiyam.com%2Fsiyam-world%2F\" target=\"_self\" class=\"vc_single_image-wrapper   vc_box_border_grey\"><img loading=\"lazy\" decoding=\"async\" width=\"150\" height=\"150\" src=\"https:\/\/maldives-paradise.com\/wp-content\/uploads\/2024\/01\/sun-siyam-world-150x150.jpg\" class=\"vc_single_image-img attachment-thumbnail\" alt=\"Sun Siyam Welt\" title=\"Sun-Siyam-Welt\" \/><\/a>\n\t\t<\/figure>\n\t<\/div>\n<\/div><\/div><\/div><div class=\"wpb_column vc_column_container vc_col-sm-9\"><div class=\"vc_column-inner\"><div class=\"wpb_wrapper\">\n\t<div class=\"wpb_text_column wpb_content_element\" >\n\t\t<div class=\"wpb_wrapper\">\n\t\t\t<h3><a href=\"https:\/\/lamp.glopss.com\/SHUy\" target=\"_blank\" rel=\"nofollow noopener\">Siyam World Malediven<\/a><\/h3>\n<p>Siyam World ist das neue Kind auf dem Block, bei dem Kinder an erster Stelle stehen! Wir alle wissen jedoch, dass es Kinder in allen Formen und Gr\u00f6\u00dfen gibt, und wenn alle Wasservillen mit einer Rutsche ins Meer ausgestattet sind, gibt es sie auch in jedem Alter!<br \/>\nDieses im Oktober 2021 er\u00f6ffnete All-Inclusive-Resort bietet 19 stilvolle Unterkunftskategorien, alle mit privatem Pool \u2013 Villen, Zimmer, Pavillons und Residenzen \u2013 auf einer Fl\u00e4che von 89 bis 3.000 Quadratmetern sowohl an Land als auch auf dem Wasser.<\/p>\n\n\t\t<\/div>\n\t<\/div>\n<\/div><\/div><\/div><\/div><div class=\"vc_row wpb_row vc_row-fluid\"><div class=\"wpb_column vc_column_container vc_col-sm-12\"><div class=\"vc_column-inner\"><div class=\"wpb_wrapper\">\n\t<div class=\"wpb_text_column wpb_content_element\" >\n\t\t<div class=\"wpb_wrapper\">\n\t\t\t<p><a href=\"http:\/\/maldives-paradise.com\/de\/etikett\/familienresort\/\"><strong>Mehr \u00fcber Familienhotels und Resorts auf den Malediven<\/strong><\/a><\/p>\n<p><strong><a title=\"Die besten All-Inclusive-Resorts\" href=\"https:\/\/maldives-paradise.com\/de\/?page_id=8762\">Die besten All-Inclusive-Resorts auf den Malediven<\/a><\/strong><\/p>\n\n\t\t<\/div>\n\t<\/div>\n<\/div><\/div><\/div><\/div>\n<\/div>","protected":false},"excerpt":{"rendered":"<div class=\"mh-excerpt\"><\/div>","protected":false},"author":1,"featured_media":8934,"parent":0,"menu_order":0,"comment_status":"closed","ping_status":"closed","template":"","meta":{"footnotes":""},"class_list":["post-8933","page","type-page","status-publish","has-post-thumbnail"],"aioseo_notices":[],"_links":{"self":[{"href":"http:\/\/maldives-paradise.com\/de\/wp-json\/wp\/v2\/pages\/8933","targetHints":{"allow":["GET"]}}],"collection":[{"href":"http:\/\/maldives-paradise.com\/de\/wp-json\/wp\/v2\/pages"}],"about":[{"href":"http:\/\/maldives-paradise.com\/de\/wp-json\/wp\/v2\/types\/page"}],"author":[{"embeddable":true,"href":"http:\/\/maldives-paradise.com\/de\/wp-json\/wp\/v2\/users\/1"}],"replies":[{"embeddable":true,"href":"http:\/\/maldives-paradise.com\/de\/wp-json\/wp\/v2\/comments?post=8933"}],"version-history":[{"count":7,"href":"http:\/\/maldives-paradise.com\/de\/wp-json\/wp\/v2\/pages\/8933\/revisions"}],"predecessor-version":[{"id":45308,"href":"http:\/\/maldives-paradise.com\/de\/wp-json\/wp\/v2\/pages\/8933\/revisions\/45308"}],"wp:featuredmedia":[{"embeddable":true,"href":"http:\/\/maldives-paradise.com\/de\/wp-json\/wp\/v2\/media\/8934"}],"wp:attachment":[{"href":"http:\/\/maldives-paradise.com\/de\/wp-json\/wp\/v2\/media?parent=8933"}],"curies":[{"name":"wp","href":"https:\/\/api.w.org\/{rel}","templated":true}]}}