{"id":8790,"date":"2024-01-15T15:38:49","date_gmt":"2024-01-15T15:38:49","guid":{"rendered":"http:\/\/maldives-paradise.com\/?page_id=8790"},"modified":"2025-11-26T09:21:45","modified_gmt":"2025-11-26T09:21:45","slug":"die-12-besten-resorts-nur-fur-erwachsene-auf-den-malediven","status":"publish","type":"page","link":"http:\/\/maldives-paradise.com\/de\/die-12-besten-resorts-nur-fur-erwachsene-auf-den-malediven\/","title":{"rendered":"Die besten Resorts nur f\u00fcr Erwachsene auf den Malediven"},"content":{"rendered":"<div class=\"wpb-content-wrapper\"><div class=\"vc_row wpb_row vc_row-fluid\"><div class=\"wpb_column vc_column_container vc_col-sm-12\"><div class=\"vc_column-inner\"><div class=\"wpb_wrapper\">\n\t<div class=\"wpb_text_column wpb_content_element\" >\n\t\t<div class=\"wpb_wrapper\">\n\t\t\t<p>Entdecken Sie puren Genuss in luxuri\u00f6sen Resorts nur f\u00fcr Erwachsene auf den Malediven. Diese exklusiven Oasen bieten romantische \u00dcberwasservillen, Privatstr\u00e4nde, Gourmet-Restaurants und unvergleichliche Ruhe. Perfekt f\u00fcr Paare, die einen intimen Zufluchtsort im Paradies suchen. Erleben Sie ultimativen Luxus, bei dem jedes Detail auf Ihr Vergn\u00fcgen ausgelegt ist.<\/p>\n<p>Resorts nur f\u00fcr Erwachsene auf den Malediven bieten einen ruhigen und anspruchsvollen R\u00fcckzugsort, perfekt f\u00fcr alle, die Ruhe und Romantik suchen. Diese Resorts bieten eine intime Atmosph\u00e4re frei von Hektik und Trubel, sodass die G\u00e4ste sich vollkommen entspannen und erholen k\u00f6nnen. Mit luxuri\u00f6sen \u00dcberwasservillen, privaten Pools und exklusiven kulinarischen Erlebnissen k\u00f6nnen sich Erwachsene das ultimative Verw\u00f6hnprogramm g\u00f6nnen. Genie\u00dfen Sie ruhige Spa-Behandlungen, romantische Kreuzfahrten bei Sonnenuntergang und ungest\u00f6rte Strandzeit. Die atemberaubende Natursch\u00f6nheit und die luxuri\u00f6sen Annehmlichkeiten der Malediven schaffen eine idyllische Umgebung f\u00fcr Paare, Freunde oder Alleinreisende, die einen ruhigen und erholsamen Urlaub suchen.<\/p>\n\n\t\t<\/div>\n\t<\/div>\n<\/div><\/div><\/div><\/div><div class=\"vc_row wpb_row vc_row-fluid\"><div class=\"wpb_column vc_column_container vc_col-sm-3\"><div class=\"vc_column-inner\"><div class=\"wpb_wrapper\">\n\t<div  class=\"wpb_single_image wpb_content_element vc_align_left wpb_content_element\">\n\t\t\n\t\t<figure class=\"wpb_wrapper vc_figure\">\n\t\t\t<a href=\"https:\/\/lamp.glopss.com\/aff_c?offer_id=338&#038;aff_id=1834&#038;url=https%3A%2F%2Fwww.adaaran.com%2Fprestigewatervillas%2F\" target=\"_self\" class=\"vc_single_image-wrapper   vc_box_border_grey\"><img loading=\"lazy\" decoding=\"async\" width=\"150\" height=\"150\" src=\"https:\/\/maldives-paradise.com\/wp-content\/uploads\/2024\/01\/Adaaran-Prestige-Water-Villas-5-150x150.jpg\" class=\"vc_single_image-img attachment-thumbnail\" alt=\"Adaaran Prestige Wasservillen\" title=\"Adaaran-Prestige-Wasservillen-5\" \/><\/a>\n\t\t<\/figure>\n\t<\/div>\n<\/div><\/div><\/div><div class=\"wpb_column vc_column_container vc_col-sm-9\"><div class=\"vc_column-inner\"><div class=\"wpb_wrapper\">\n\t<div class=\"wpb_text_column wpb_content_element\" >\n\t\t<div class=\"wpb_wrapper\">\n\t\t\t<h3><a href=\"https:\/\/lamp.glopss.com\/aff_c?offer_id=338&amp;aff_id=1834&amp;url=https%3A%2F%2Fwww.adaaran.com%2Fprestigewatervillas%2F\" target=\"_blank\" rel=\"nofollow noopener\">Adaaran Prestige Wasservillen<\/a><\/h3>\n<p>Die Adaaran Prestige Water Villas sind ein bildsch\u00f6nes Reiseziel f\u00fcr Flitterwochen und ein exklusives Luxusresort auf der Insel Meedhupparu im maledivischen Raa-Atoll. Die Privatinsel wird mit dem Schwesteranwesen des Adaaran Resorts geteilt, die Adaaran Prestige Water Villas sind jedoch exklusiver.<br \/>\nMit 20 \u00dcberwasservillen, die luxuri\u00f6se, moderne und ger\u00e4umige Innenr\u00e4ume bieten, bieten diese Villen auch ein hohes Ma\u00df an Privatsph\u00e4re, was sie zu einer ausgezeichneten Wahl macht, wenn Sie auf der Suche nach einem ruhigen Urlaub sind. Jedes verf\u00fcgt sogar \u00fcber einen pers\u00f6nlichen Butler-Service.<br \/>\nEs gibt eine gro\u00dfe Auswahl an Restaurants und Bars vor Ort, in denen G\u00e4ste eine gro\u00dfe Auswahl an Gerichten aus verschiedenen K\u00fcchen genie\u00dfen k\u00f6nnen.<br \/>\n<strong><span style=\"color: #ff0000;\">Bestpreisgarantie bei Direktbuchung in diesem Hotel.<\/span><\/strong><\/p>\n\n\t\t<\/div>\n\t<\/div>\n<\/div><\/div><\/div><\/div><div class=\"vc_row wpb_row vc_row-fluid\"><div class=\"wpb_column vc_column_container vc_col-sm-3\"><div class=\"vc_column-inner\"><div class=\"wpb_wrapper\">\n\t<div  class=\"wpb_single_image wpb_content_element vc_align_left wpb_content_element\">\n\t\t\n\t\t<figure class=\"wpb_wrapper vc_figure\">\n\t\t\t<a href=\"https:\/\/lamp.glopss.com\/aff_c?offer_id=9&#038;aff_id=1834&#038;url=https%3A%2F%2Fwww.anantara.com%2Fen%2Fveli-maldives\" target=\"_self\" class=\"vc_single_image-wrapper   vc_box_border_grey\"><img loading=\"lazy\" decoding=\"async\" width=\"150\" height=\"150\" src=\"https:\/\/maldives-paradise.com\/wp-content\/uploads\/2023\/12\/anantara-veli-93-1080x480-1-150x150.jpg\" class=\"vc_single_image-img attachment-thumbnail\" alt=\"Anantara Veli Resort und Spa Malediven\" title=\"anantara-veli-93-1080x480\" \/><\/a>\n\t\t<\/figure>\n\t<\/div>\n<\/div><\/div><\/div><div class=\"wpb_column vc_column_container vc_col-sm-9\"><div class=\"vc_column-inner\"><div class=\"wpb_wrapper\">\n\t<div class=\"wpb_text_column wpb_content_element\" >\n\t\t<div class=\"wpb_wrapper\">\n\t\t\t<h3><a href=\"https:\/\/lamp.glopss.com\/SHUt\" target=\"_blank\" rel=\"nofollow noopener\">Anantara Veli Maldives Resort<\/a><\/h3>\n<p>Dieser Boutique-Aufenthalt ist eines der Resorts auf den Malediven, in denen Reisende ihre zweiten Flitterwochen buchen k\u00f6nnen. Das Anantara Veli Resort auf den Malediven l\u00e4dt seine G\u00e4ste dazu ein, in ihren Villen mit Meerblick zu faulenzen oder bei Sonnenuntergang ein elegantes Essen zu genie\u00dfen. Vom internationalen Flughafen Mal\u00e9 ist es nur eine kurze Fahrt mit dem Schnellboot, um zu diesem 5-Sterne-Refugium nur f\u00fcr Erwachsene zu gelangen, das auch ein All-Inclusive-Paket bietet. In diesem Paket erhalten G\u00e4ste Verg\u00fcnstigungen wie ein t\u00e4gliches Buffet, eine All-Inclusive-Getr\u00e4nkekarte und Erm\u00e4\u00dfigungen f\u00fcr l\u00e4ngere Aufenthalte.<br \/>\n<strong><span style=\"color: #ff0000;\">Bestpreisgarantie bei Direktbuchung in diesem Hotel.<\/span><\/strong><\/p>\n\n\t\t<\/div>\n\t<\/div>\n<\/div><\/div><\/div><\/div><div class=\"vc_row wpb_row vc_row-fluid\"><div class=\"wpb_column vc_column_container vc_col-sm-3\"><div class=\"vc_column-inner\"><div class=\"wpb_wrapper\">\n\t<div  class=\"wpb_single_image wpb_content_element vc_align_left wpb_content_element\">\n\t\t\n\t\t<figure class=\"wpb_wrapper vc_figure\">\n\t\t\t<a href=\"https:\/\/lamp.glopss.com\/aff_c?offer_id=1442&#038;aff_id=1834&#038;url=https%3A%2F%2Fwww.centarahotelsresorts.com%2Fcentara%2Fcrf\" target=\"_self\" class=\"vc_single_image-wrapper   vc_box_border_grey\"><img loading=\"lazy\" decoding=\"async\" width=\"150\" height=\"150\" src=\"https:\/\/maldives-paradise.com\/wp-content\/uploads\/2024\/01\/centara-ras-fushi-150x150.jpg\" class=\"vc_single_image-img attachment-thumbnail\" alt=\"Centara Ras Fushi Resort &amp; Spa\" title=\"Centara-Ras-Fushi\" \/><\/a>\n\t\t<\/figure>\n\t<\/div>\n<\/div><\/div><\/div><div class=\"wpb_column vc_column_container vc_col-sm-9\"><div class=\"vc_column-inner\"><div class=\"wpb_wrapper\">\n\t<div class=\"wpb_text_column wpb_content_element\" >\n\t\t<div class=\"wpb_wrapper\">\n\t\t\t<h3><a href=\"https:\/\/lamp.glopss.com\/aff_c?offer_id=1442&amp;aff_id=1834&amp;url=https%3A%2F%2Fwww.centarahotelsresorts.com%2Fcentara%2Fcrf\" target=\"_blank\" rel=\"nofollow noopener\">Centara Ras Fushi Resort &amp; Spa<\/a><\/h3>\n<p>Genie\u00dfen Sie Luxus im Centara Ras Fushi Resort &amp; Spa mit einer besonderen Person! Dieser R\u00fcckzugsort nur f\u00fcr Erwachsene umfasst Strand- und \u00dcberwasservillen, um die Vorz\u00fcge der Malediven zu genie\u00dfen. Das Resort verf\u00fcgt \u00fcber Verpflegungsoptionen, die einen unbeschwerten Urlaub erm\u00f6glichen, einschlie\u00dflich Halb- und Vollpension. G\u00e4ste k\u00f6nnen sich sogar f\u00fcr den All-Inclusive-Verpflegungsplan des Resorts entscheiden, der ihre Vollpension, Resort-Gutschriften f\u00fcr Speisen in anderen Restaurants vor Ort und vieles mehr beinhaltet.<\/p>\n\n\t\t<\/div>\n\t<\/div>\n<\/div><\/div><\/div><\/div><div class=\"vc_row wpb_row vc_row-fluid\"><div class=\"wpb_column vc_column_container vc_col-sm-3\"><div class=\"vc_column-inner\"><div class=\"wpb_wrapper\">\n\t<div  class=\"wpb_single_image wpb_content_element vc_align_left wpb_content_element\">\n\t\t\n\t\t<figure class=\"wpb_wrapper vc_figure\">\n\t\t\t<a href=\"https:\/\/lamp.glopss.com\/aff_c?offer_id=259&#038;aff_id=1834\" target=\"_self\" class=\"vc_single_image-wrapper   vc_box_border_grey\"><img loading=\"lazy\" decoding=\"async\" width=\"150\" height=\"150\" src=\"https:\/\/maldives-paradise.com\/wp-content\/uploads\/2024\/01\/baros-maldives3-150x150.jpg\" class=\"vc_single_image-img attachment-thumbnail\" alt=\"Baros Malediven\" title=\"Baros-Malediven3\" \/><\/a>\n\t\t<\/figure>\n\t<\/div>\n<\/div><\/div><\/div><div class=\"wpb_column vc_column_container vc_col-sm-9\"><div class=\"vc_column-inner\"><div class=\"wpb_wrapper\">\n\t<div class=\"wpb_text_column wpb_content_element\" >\n\t\t<div class=\"wpb_wrapper\">\n\t\t\t<h3><a href=\"https:\/\/lamp.glopss.com\/SHUm\" target=\"_blank\" rel=\"nofollow noopener\">Baros Malediven<\/a><\/h3>\n<p>Eine \u00fcppige, tropische Insel im schimmernden Wasser einer flachen Lagune, umgeben von einem Riff voller Meereslebewesen. \u00dcbernachten Sie elegant in Villen aus Holz und Sandstein, ruhig und ruhig \u00fcber einer durchscheinenden Lagune oder diskret eingebettet zwischen exotischen Bl\u00fcten am Strand. Genie\u00dfen Sie romantische Privatsph\u00e4re im perfekten Urlaub. Die Essenz der Malediven, definiert in Baros.<\/p>\n\n\t\t<\/div>\n\t<\/div>\n<\/div><\/div><\/div><\/div><div class=\"vc_row wpb_row vc_row-fluid\"><div class=\"wpb_column vc_column_container vc_col-sm-3\"><div class=\"vc_column-inner\"><div class=\"wpb_wrapper\">\n\t<div  class=\"wpb_single_image wpb_content_element vc_align_left wpb_content_element\">\n\t\t\n\t\t<figure class=\"wpb_wrapper vc_figure\">\n\t\t\t<a href=\"https:\/\/lamp.glopss.com\/aff_c?offer_id=1354&#038;aff_id=1834&#038;url=https%3A%2F%2Fwww.comohotels.com%2Fmaldives%2Fcomo-cocoa-island%2F\" target=\"_self\" class=\"vc_single_image-wrapper   vc_box_border_grey\"><img loading=\"lazy\" decoding=\"async\" width=\"150\" height=\"150\" src=\"https:\/\/maldives-paradise.com\/wp-content\/uploads\/2024\/01\/como-cocoa-island2-150x150.jpg\" class=\"vc_single_image-img attachment-thumbnail\" alt=\"COMO Kakaoinsel\" title=\"Como-Kakao-Insel2\" \/><\/a>\n\t\t<\/figure>\n\t<\/div>\n<\/div><\/div><\/div><div class=\"wpb_column vc_column_container vc_col-sm-9\"><div class=\"vc_column-inner\"><div class=\"wpb_wrapper\">\n\t<div class=\"wpb_text_column wpb_content_element\" >\n\t\t<div class=\"wpb_wrapper\">\n\t\t\t<h3><a href=\"https:\/\/lamp.glopss.com\/SHU8\" target=\"_blank\" rel=\"nofollow noopener\">Kakaoinsel Como<\/a><\/h3>\n<p>COMO Cocoa Island gilt als eines der besten Resorts f\u00fcr Hochzeitsreisende und liegt nur 40 Minuten mit dem Schnellboot vom Flughafen Mal\u00e9 entfernt. Es verf\u00fcgt \u00fcber eine exklusive Auswahl von nur 33 romantischen Wasservillen und 3 stilvollen Suiten. Die \u00dcberwasservillen bieten hervorragende Privatsph\u00e4re und sind so gestaltet, dass sie jeweils wie ein traditionelles maledivisches Fischerboot aussehen, was sie zum einzigen Resort seiner Art macht. Das Resort bietet hervorragende K\u00fcche, eine wundersch\u00f6ne Bar, M\u00f6glichkeiten zum Tauchen und Schnorcheln sowie ein hoteleigenes Spa.<\/p>\n\n\t\t<\/div>\n\t<\/div>\n<\/div><\/div><\/div><\/div><div class=\"vc_row wpb_row vc_row-fluid\"><div class=\"wpb_column vc_column_container vc_col-sm-3\"><div class=\"vc_column-inner\"><div class=\"wpb_wrapper\">\n\t<div  class=\"wpb_single_image wpb_content_element vc_align_left wpb_content_element\">\n\t\t\n\t\t<figure class=\"wpb_wrapper vc_figure\">\n\t\t\t<a href=\"https:\/\/lamp.glopss.com\/aff_c?offer_id=264&#038;aff_id=1834&#038;url=https%3A%2F%2Fwww.hurawalhi.com%2F\" target=\"_self\" class=\"vc_single_image-wrapper   vc_box_border_grey\"><img loading=\"lazy\" decoding=\"async\" width=\"150\" height=\"150\" src=\"https:\/\/maldives-paradise.com\/wp-content\/uploads\/2024\/01\/Hurawalhi-Island2-150x150.jpg\" class=\"vc_single_image-img attachment-thumbnail\" alt=\"Hurawalhi Island \u2013 All-Inclusive-Resort nur f\u00fcr Erwachsene\" title=\"Hurawalhi-Insel2\" \/><\/a>\n\t\t<\/figure>\n\t<\/div>\n<\/div><\/div><\/div><div class=\"wpb_column vc_column_container vc_col-sm-9\"><div class=\"vc_column-inner\"><div class=\"wpb_wrapper\">\n\t<div class=\"wpb_text_column wpb_content_element\" >\n\t\t<div class=\"wpb_wrapper\">\n\t\t\t<h3><a href=\"https:\/\/hotellook.tp.st\/6FluoLuO\" target=\"_blank\" rel=\"nofollow noopener\">Hurawalhi Island Resort<\/a><\/h3>\n<p>Nichts ist romantischer, als die Gesellschaft seines Partners an den Sandstr\u00e4nden der Malediven zu genie\u00dfen, direkt im atemberaubenden Lhavaiyani-Atoll. Der <strong>Hurawalhi Island Resort<\/strong> wei\u00df, wie man eine romantische Stimmung schafft! Dieses Resort nur f\u00fcr Erwachsene sorgt mit seinem All-Inclusive-Plan daf\u00fcr, dass G\u00e4ste die Insel stressfrei genie\u00dfen k\u00f6nnen. Mit dem Plan haben Reisende Zugang zum Fitnesscenter und anderen Sporteinrichtungen des Resorts, zu Mahlzeiten in Buffetform im Canneli Restaurant, unbegrenzten Getr\u00e4nken (ausgenommen bestimmte Getr\u00e4nke) und der One Sunset Dolphin Cruise.<\/p>\n\n\t\t<\/div>\n\t<\/div>\n<\/div><\/div><\/div><\/div><div class=\"vc_row wpb_row vc_row-fluid\"><div class=\"wpb_column vc_column_container vc_col-sm-3\"><div class=\"vc_column-inner\"><div class=\"wpb_wrapper\">\n\t<div  class=\"wpb_single_image wpb_content_element vc_align_left wpb_content_element\">\n\t\t\n\t\t<figure class=\"wpb_wrapper vc_figure\">\n\t\t\t<a href=\"https:\/\/lamp.glopss.com\/aff_c?offer_id=264&#038;aff_id=1834&#038;url=https%3A%2F%2Fkagimaldives.com%2F\" target=\"_self\" class=\"vc_single_image-wrapper   vc_box_border_grey\"><img loading=\"lazy\" decoding=\"async\" width=\"150\" height=\"150\" src=\"https:\/\/maldives-paradise.com\/wp-content\/uploads\/2024\/01\/Kagi-Maldives3-150x150.jpg\" class=\"vc_single_image-img attachment-thumbnail\" alt=\"Kagi Maldives Resort &amp; Spa\" title=\"Kagi-Malediven3\" \/><\/a>\n\t\t<\/figure>\n\t<\/div>\n<\/div><\/div><\/div><div class=\"wpb_column vc_column_container vc_col-sm-9\"><div class=\"vc_column-inner\"><div class=\"wpb_wrapper\">\n\t<div class=\"wpb_text_column wpb_content_element\" >\n\t\t<div class=\"wpb_wrapper\">\n\t\t\t<h3><a href=\"https:\/\/lamp.glopss.com\/SHUk\" target=\"_blank\" rel=\"nofollow noopener\">Kagi Malediven Spa-Insel<\/a><\/h3>\n<p>Kagi Maldives Spa Island ist ein 5-Sterne-Boutique-Resort nur f\u00fcr Erwachsene, das erste seiner Art auf den Malediven. Dieser exklusive Wellness-Insel-R\u00fcckzugsort liegt im Nord-Mal\u00e9-Atoll.<br \/>\nDer Fokus dieses Resorts liegt in allen Aspekten des Resorts auf Wellness, von den 50 ger\u00e4umigen, luftigen Villen sowohl \u00fcber dem Wasser als auch am Strand, deren Design traditionelle und moderne Aspekte vereint, um den G\u00e4sten in allen Bereichen des Resorts v\u00f6llige Entspannung zu bieten . In diesem Resort stehen zwei Restaurants und drei Bars zur Auswahl, und es gibt zahlreiche Wellnessaktivit\u00e4ten und -einrichtungen zu entdecken, darunter ein PADI-Tauchzentrum vor Ort, einen Baani Spa-Komplex und ein hervorragendes, hochmodernes Fitnessstudio .<br \/>\n<strong><span style=\"color: #ff0000;\">Bestpreisgarantie bei Direktbuchung in diesem Hotel.<\/span><\/strong><\/p>\n\n\t\t<\/div>\n\t<\/div>\n<\/div><\/div><\/div><\/div><div class=\"vc_row wpb_row vc_row-fluid\"><div class=\"wpb_column vc_column_container vc_col-sm-3\"><div class=\"vc_column-inner\"><div class=\"wpb_wrapper\">\n\t<div  class=\"wpb_single_image wpb_content_element vc_align_left wpb_content_element\">\n\t\t\n\t\t<figure class=\"wpb_wrapper vc_figure\">\n\t\t\t<div class=\"vc_single_image-wrapper   vc_box_border_grey\"><img loading=\"lazy\" decoding=\"async\" width=\"150\" height=\"150\" src=\"https:\/\/maldives-paradise.com\/wp-content\/uploads\/2023\/11\/Ramona-Kandima-_-Lahaina-Lifestyle-1-2-Website-Hero-150x150.jpg\" class=\"vc_single_image-img attachment-thumbnail\" alt=\"Kandima Malediven\" title=\"Ramona-Kandima-_-Lahaina-Lifestyle-1-2-Website-Hero.jpg\" \/><\/div>\n\t\t<\/figure>\n\t<\/div>\n<\/div><\/div><\/div><div class=\"wpb_column vc_column_container vc_col-sm-9\"><div class=\"vc_column-inner\"><div class=\"wpb_wrapper\">\n\t<div class=\"wpb_text_column wpb_content_element\" >\n\t\t<div class=\"wpb_wrapper\">\n\t\t\t<h3><a href=\"http:\/\/maldives-paradise.com\/de\/kandima-malediven\/\">Kandima Malediven<\/a><\/h3>\n<p>Kandima Maldives ist viel mehr als nur ein Urlaub. Dieses neue, bahnbrechende Reiseziel bietet ein wirklich stilvolles Inselambiente mit au\u00dfergew\u00f6hnlichen Restaurants und Bars und zahlreichen Aktivit\u00e4ten vor Ort zur Auswahl. Hier dreht sich alles um echte Gastfreundschaft mit menschlicher Note und smarte L\u00f6sungen, die sich die neuesten Innovationen zunutze machen!<\/p>\n\n\t\t<\/div>\n\t<\/div>\n<\/div><\/div><\/div><\/div><div class=\"vc_row wpb_row vc_row-fluid\"><div class=\"wpb_column vc_column_container vc_col-sm-3\"><div class=\"vc_column-inner\"><div class=\"wpb_wrapper\">\n\t<div  class=\"wpb_single_image wpb_content_element vc_align_left wpb_content_element\">\n\t\t\n\t\t<figure class=\"wpb_wrapper vc_figure\">\n\t\t\t<a href=\"https:\/\/lamp.glopss.com\/aff_c?offer_id=264&#038;aff_id=1834&#038;url=https%3A%2F%2Fwww.komandoo.com%2F\" target=\"_self\" class=\"vc_single_image-wrapper   vc_box_border_grey\"><img loading=\"lazy\" decoding=\"async\" width=\"150\" height=\"150\" src=\"https:\/\/maldives-paradise.com\/wp-content\/uploads\/2024\/01\/komandoo3.-150x150.jpg\" class=\"vc_single_image-img attachment-thumbnail\" alt=\"Komandoo Island Resort &amp; Spa\" title=\"Komandoo Infinity-Pool\" \/><\/a>\n\t\t<\/figure>\n\t<\/div>\n<\/div><\/div><\/div><div class=\"wpb_column vc_column_container vc_col-sm-9\"><div class=\"vc_column-inner\"><div class=\"wpb_wrapper\">\n\t<div class=\"wpb_text_column wpb_content_element\" >\n\t\t<div class=\"wpb_wrapper\">\n\t\t\t<h3><a href=\"https:\/\/hotellook.tp.st\/m18hEKIZ\" target=\"_blank\" rel=\"nofollow noopener\">Komandoo Island Resort &amp; Spa<\/a><\/h3>\n<p>Das Komandoo Island Resort &amp; Spa ist eines der am besten bewerteten Resorts nur f\u00fcr Erwachsene auf den Malediven. Paare k\u00f6nnen in diesem preisgekr\u00f6nten Resort in einem intimen Rahmen inmitten der Sch\u00f6nheit des Lhaviyani-Atolls die Gesellschaft des anderen genie\u00dfen. Reisende werden auch die All-Inclusive-Pakete von Komandoo lieben. Die Plus- und Gold-Pakete des Resorts beinhalten Verg\u00fcnstigungen wie Mahlzeiten in Buffetform zum Fr\u00fchst\u00fcck, Mittag- und Abendessen, bodenlose Getr\u00e4nke, Zugang zur Minibar, kostenlose Nutzung des Fitnesscenters des Resorts und ausgew\u00e4hlte Freizeitger\u00e4te.<\/p>\n\n\t\t<\/div>\n\t<\/div>\n<\/div><\/div><\/div><\/div><div class=\"vc_row wpb_row vc_row-fluid\"><div class=\"wpb_column vc_column_container vc_col-sm-3\"><div class=\"vc_column-inner\"><div class=\"wpb_wrapper\">\n\t<div  class=\"wpb_single_image wpb_content_element vc_align_left wpb_content_element\">\n\t\t\n\t\t<figure class=\"wpb_wrapper vc_figure\">\n\t\t\t<a href=\"https:\/\/lamp.glopss.com\/aff_c?offer_id=261&#038;aff_id=1834\" target=\"_self\" class=\"vc_single_image-wrapper   vc_box_border_grey\"><img loading=\"lazy\" decoding=\"async\" width=\"150\" height=\"150\" src=\"https:\/\/maldives-paradise.com\/wp-content\/uploads\/2023\/10\/milaidhoo3-150x150.jpg\" class=\"vc_single_image-img attachment-thumbnail\" alt=\"Milaidhoo Malediven\" title=\"milaidhoo3\" \/><\/a>\n\t\t<\/figure>\n\t<\/div>\n<\/div><\/div><\/div><div class=\"wpb_column vc_column_container vc_col-sm-9\"><div class=\"vc_column-inner\"><div class=\"wpb_wrapper\">\n\t<div class=\"wpb_text_column wpb_content_element\" >\n\t\t<div class=\"wpb_wrapper\">\n\t\t\t<h3><a href=\"https:\/\/lamp.glopss.com\/SHUd\" target=\"_blank\" rel=\"nofollow noopener\">Milaidhoo Island Malediven<\/a><\/h3>\n<p>Das Boutique-Resort Milaidhoo definiert Luxus neu und pr\u00e4sentiert stolz seine lokalen Wurzeln. G\u00e4ste erleben einen ungezwungenen, luxuri\u00f6sen Barfu\u00df-Insellebensstil und f\u00fchlen sich in der nat\u00fcrlichen und \u00fcppigen Umgebung einer tropischen Insel wie zu Hause. Hier kann jeder romantische Wunsch erf\u00fcllt werden: vom Beobachten von Delfinen bei Sonnenuntergang bis zum Besuch einer verlassenen Sandbank f\u00fcr ein privates Strandpicknick. Wundersch\u00f6n sind auch die Schnorchel- und Tauchausfl\u00fcge durch das bunte Korallenriff direkt vor der Insel oder in die ber\u00fchmte Hanifaru Bay. Im Milaidhoo finden G\u00e4ste ihr zweites Zuhause im Indischen Ozean: stilvoll, famili\u00e4r und naturverbunden.<\/p>\n\n\t\t<\/div>\n\t<\/div>\n<\/div><\/div><\/div><\/div><div class=\"vc_row wpb_row vc_row-fluid\"><div class=\"wpb_column vc_column_container vc_col-sm-3\"><div class=\"vc_column-inner\"><div class=\"wpb_wrapper\">\n\t<div  class=\"wpb_single_image wpb_content_element vc_align_left wpb_content_element\">\n\t\t\n\t\t<figure class=\"wpb_wrapper vc_figure\">\n\t\t\t<a href=\"https:\/\/lamp.glopss.com\/aff_c?offer_id=1062&#038;aff_id=1834&#038;url=https%3A%2F%2Fwww.coloursofoblu.com%2Foblu-select-lobigili\" target=\"_self\" class=\"vc_single_image-wrapper   vc_box_border_grey\"><img loading=\"lazy\" decoding=\"async\" width=\"150\" height=\"150\" src=\"https:\/\/maldives-paradise.com\/wp-content\/uploads\/2024\/01\/oblu-select-lobigili-150x150.jpg\" class=\"vc_single_image-img attachment-thumbnail\" alt=\"OBLU SELECT Lobigili\" title=\"oblu-select-lobigili\" \/><\/a>\n\t\t<\/figure>\n\t<\/div>\n<\/div><\/div><\/div><div class=\"wpb_column vc_column_container vc_col-sm-9\"><div class=\"vc_column-inner\"><div class=\"wpb_wrapper\">\n\t<div class=\"wpb_text_column wpb_content_element\" >\n\t\t<div class=\"wpb_wrapper\">\n\t\t\t<h3><a href=\"https:\/\/trip.tpo.lv\/dzh7lpnI\" target=\"_blank\" rel=\"nofollow noopener\">OBLU SELECT Lobigili<\/a><\/h3>\n<p>F\u00fchlen Sie sich wie ein Schiffbr\u00fcchiger im Oblu Select Lobigili, einem 5-Sterne-Resort nur f\u00fcr Erwachsene inmitten der Tropen des Nord-Male-Atolls. Das Paradies in diesem Resort zu genie\u00dfen ist einfach, da es nur wenige Minuten vom internationalen Flughafen Mal\u00e9 entfernt ist! Dar\u00fcber hinaus k\u00f6nnen Besucher den Lobi-Plan des Resorts nutzen, um eine Reihe von Privilegien zu genie\u00dfen. Mit dem Plan haben G\u00e4ste Zugang zu verschiedenen kulinarischen Erlebnissen, unbegrenzten Bestellungen von Signature-Cocktails in der Swing Bar und der kostenlosen Nutzung von Wassersportausr\u00fcstung.<\/p>\n\n\t\t<\/div>\n\t<\/div>\n<\/div><\/div><\/div><\/div><div class=\"vc_row wpb_row vc_row-fluid\"><div class=\"wpb_column vc_column_container vc_col-sm-3\"><div class=\"vc_column-inner\"><div class=\"wpb_wrapper\">\n\t<div  class=\"wpb_single_image wpb_content_element vc_align_left wpb_content_element\">\n\t\t\n\t\t<figure class=\"wpb_wrapper vc_figure\">\n\t\t\t<a href=\"https:\/\/lamp.glopss.com\/aff_c?offer_id=1019&#038;aff_id=1834\" target=\"_self\" class=\"vc_single_image-wrapper   vc_box_border_grey\"><img loading=\"lazy\" decoding=\"async\" width=\"150\" height=\"150\" src=\"https:\/\/maldives-paradise.com\/wp-content\/uploads\/2019\/01\/Nothing-quite-prepares-you-for-a-view-like-this-150x150.jpg\" class=\"vc_single_image-img attachment-thumbnail\" alt=\"You &amp; Me Cocoon Malediven\" title=\"Nichts-bereitet-sich-so-auf-einen-Ausblick-wie-diesen-vor.jpg\" \/><\/a>\n\t\t<\/figure>\n\t<\/div>\n<\/div><\/div><\/div><div class=\"wpb_column vc_column_container vc_col-sm-9\"><div class=\"vc_column-inner\"><div class=\"wpb_wrapper\">\n\t<div class=\"wpb_text_column wpb_content_element\" >\n\t\t<div class=\"wpb_wrapper\">\n\t\t\t<h3><a href=\"https:\/\/lamp.glopss.com\/aff_c?offer_id=1019&amp;aff_id=1834\" target=\"_blank\" rel=\"nofollow noopener\">You &amp; Me von Cocoon Maldives<\/a><\/h3>\n<p>Reisende k\u00f6nnen im You &amp; Me Resort Maldives einen Hauch von Luxus erleben, zu dem rustikale \u00dcberwasserbungalows und ein Unterwasserrestaurant geh\u00f6ren. G\u00e4ste k\u00f6nnen ihr kulinarisches Erlebnis im Resort mit verschiedenen Speisepl\u00e4nen genie\u00dfen, von Halbpension bis hin zu einer All-Inclusive-Option. Mit diesen Optionen k\u00f6nnen G\u00e4ste w\u00e4hlen, wo sie ihr Mittag- und Abendessen genie\u00dfen m\u00f6chten (au\u00dfer im H2O Underwater Restaurant), wobei das Fr\u00fchst\u00fcck im Hauptrestaurant des Resorts serviert wird. Seit 2021 umfasst der \u201eExtreme All-Inclusive\u201c-Verpflegungsplan des Resorts auch Tee- und Kaffeezubeh\u00f6r auf dem Zimmer, Getr\u00e4nke- und Mineralwasserservice sowie Tee oder Nachmittagssnacks.<\/p>\n\n\t\t<\/div>\n\t<\/div>\n<\/div><\/div><\/div><\/div><div class=\"vc_row wpb_row vc_row-fluid\"><div class=\"wpb_column vc_column_container vc_col-sm-12\"><div class=\"vc_column-inner\"><div class=\"wpb_wrapper\">\n\t<div class=\"wpb_text_column wpb_content_element\" >\n\t\t<div class=\"wpb_wrapper\">\n\t\t\t<p><a href=\"http:\/\/maldives-paradise.com\/de\/etikett\/resort-nur-fur-erwachsene\/\"><strong>Mehr \u00fcber Hotels und Resorts nur f\u00fcr Erwachsene auf den Malediven<\/strong><\/a><\/p>\n<p><strong><a title=\"Die 12 besten All-Inclusive-Resorts nur f\u00fcr Erwachsene\" href=\"https:\/\/maldives-paradise.com\/de\/die-12-besten-all-inclusive-resorts-nur-fur-erwachsene-auf-den-malediven\/\">Die besten All-Inclusive-Resorts nur f\u00fcr Erwachsene<\/a><\/strong><\/p>\n\n\t\t<\/div>\n\t<\/div>\n<\/div><\/div><\/div><\/div>\n<\/div>","protected":false},"excerpt":{"rendered":"<div class=\"mh-excerpt\"><\/div>","protected":false},"author":1,"featured_media":9593,"parent":0,"menu_order":0,"comment_status":"closed","ping_status":"closed","template":"","meta":{"footnotes":""},"class_list":["post-8790","page","type-page","status-publish","has-post-thumbnail"],"aioseo_notices":[],"_links":{"self":[{"href":"http:\/\/maldives-paradise.com\/de\/wp-json\/wp\/v2\/pages\/8790","targetHints":{"allow":["GET"]}}],"collection":[{"href":"http:\/\/maldives-paradise.com\/de\/wp-json\/wp\/v2\/pages"}],"about":[{"href":"http:\/\/maldives-paradise.com\/de\/wp-json\/wp\/v2\/types\/page"}],"author":[{"embeddable":true,"href":"http:\/\/maldives-paradise.com\/de\/wp-json\/wp\/v2\/users\/1"}],"replies":[{"embeddable":true,"href":"http:\/\/maldives-paradise.com\/de\/wp-json\/wp\/v2\/comments?post=8790"}],"version-history":[{"count":7,"href":"http:\/\/maldives-paradise.com\/de\/wp-json\/wp\/v2\/pages\/8790\/revisions"}],"predecessor-version":[{"id":45305,"href":"http:\/\/maldives-paradise.com\/de\/wp-json\/wp\/v2\/pages\/8790\/revisions\/45305"}],"wp:featuredmedia":[{"embeddable":true,"href":"http:\/\/maldives-paradise.com\/de\/wp-json\/wp\/v2\/media\/9593"}],"wp:attachment":[{"href":"http:\/\/maldives-paradise.com\/de\/wp-json\/wp\/v2\/media?parent=8790"}],"curies":[{"name":"wp","href":"https:\/\/api.w.org\/{rel}","templated":true}]}}