{"id":8170,"date":"2024-01-04T18:43:08","date_gmt":"2024-01-04T18:43:08","guid":{"rendered":"http:\/\/maldives-paradise.com\/?page_id=8170"},"modified":"2025-02-22T09:14:03","modified_gmt":"2025-02-22T09:14:03","slug":"5-sterne-hotelresorts-auf-den-malediven-6","status":"publish","type":"page","link":"http:\/\/maldives-paradise.com\/de\/5-sterne-hotelresorts-auf-den-malediven-6\/","title":{"rendered":"5-Sterne-Hotels und Resorts auf den Malediven 6"},"content":{"rendered":"<div class=\"wpb-content-wrapper\"><div class=\"vc_row wpb_row vc_row-fluid\"><div class=\"wpb_column vc_column_container vc_col-sm-12\"><div class=\"vc_column-inner\"><div class=\"wpb_wrapper\">\n\t<div class=\"wpb_text_column wpb_content_element\" >\n\t\t<div class=\"wpb_wrapper\">\n\t\t\t<h3>Eine Auswahl der besten 5-Sterne-Hotels und Resorts auf den Malediven<\/h3>\n<p>Die Malediven sind bekannt f\u00fcr ihre <strong data-start=\"82\" data-end=\"121\">luxuri\u00f6se 5-Sterne-Hotels und Resorts<\/strong>und bietet unvergleichliche <strong data-start=\"145\" data-end=\"191\">Eleganz, Privatsph\u00e4re und erstklassiger Service<\/strong>Diese exklusiven R\u00fcckzugsorte bieten <strong data-start=\"226\" data-end=\"316\">\u00dcberwasservillen, Infinity-Pools, gehobene Restaurants und private Butler-Services<\/strong>. Die G\u00e4ste k\u00f6nnen genie\u00dfen <strong data-start=\"335\" data-end=\"354\">VIP-Erlebnisse<\/strong> wie zum Beispiel <strong data-start=\"363\" data-end=\"443\">personalisierte Spa-Behandlungen, Unterwasser-Dining und private Yachtausfl\u00fcge<\/strong>. Mit <strong data-start=\"450\" data-end=\"522\">atemberaubende Aussicht auf das Meer, wei\u00dfe Sandstr\u00e4nde und kristallklare Lagunen<\/strong>, <strong data-start=\"524\" data-end=\"558\">5-Sterne-Resorts auf den Malediven<\/strong> tropischen Luxus neu definieren und sie zum perfekten Reiseziel machen f\u00fcr <strong data-start=\"625\" data-end=\"677\">Hochzeitsreisende, Familien und anspruchsvolle Reisende<\/strong> auf der Suche nach einem unvergesslichen Kurzurlaub.<\/p>\n\n\t\t<\/div>\n\t<\/div>\n<\/div><\/div><\/div><\/div><div class=\"vc_row wpb_row vc_row-fluid\"><div class=\"wpb_column vc_column_container vc_col-sm-3\"><div class=\"vc_column-inner\"><div class=\"wpb_wrapper\">\n\t<div  class=\"wpb_single_image wpb_content_element vc_align_left wpb_content_element\">\n\t\t\n\t\t<figure class=\"wpb_wrapper vc_figure\">\n\t\t\t<a href=\"http:\/\/maldives-paradise.com\/de\/?page_id=7604\" target=\"_self\" class=\"vc_single_image-wrapper   vc_box_border_grey\"><img loading=\"lazy\" decoding=\"async\" width=\"150\" height=\"150\" src=\"https:\/\/maldives-paradise.com\/wp-content\/uploads\/2024\/01\/park-hyatt-maldives-hadahaa2-150x150.jpg\" class=\"vc_single_image-img attachment-thumbnail\" alt=\"Park Hyatt Maldives Hadahaa\" title=\"park-hyatt-maldives-hadahaa2\" \/><\/a>\n\t\t<\/figure>\n\t<\/div>\n<\/div><\/div><\/div><div class=\"wpb_column vc_column_container vc_col-sm-9\"><div class=\"vc_column-inner\"><div class=\"wpb_wrapper\">\n\t<div class=\"wpb_text_column wpb_content_element\" >\n\t\t<div class=\"wpb_wrapper\">\n\t\t\t<h4><a href=\"http:\/\/maldives-paradise.com\/de\/?page_id=7604\">Park Hyatt Maldives Hadahaa<\/a><\/h4>\n<p><strong>Park Hyatt Maldives Hadahaa<\/strong> mit <strong>alles inklusive<\/strong> Paket f\u00fcr ein Barfu\u00df-Erlebnis. Egal, ob Sie Abenteuer, Entspannung oder einen romantischen Kurzurlaub suchen, dieses exklusive Resort verspricht ein unvergleichliches Erlebnis, das Ihnen ein Leben lang in Erinnerung bleiben wird.<\/p>\n\n\t\t<\/div>\n\t<\/div>\n<\/div><\/div><\/div><\/div><div class=\"vc_row wpb_row vc_row-fluid\"><div class=\"wpb_column vc_column_container vc_col-sm-3\"><div class=\"vc_column-inner\"><div class=\"wpb_wrapper\">\n\t<div  class=\"wpb_single_image wpb_content_element vc_align_left wpb_content_element\">\n\t\t\n\t\t<figure class=\"wpb_wrapper vc_figure\">\n\t\t\t<a href=\"http:\/\/maldives-paradise.com\/de\/?page_id=7608\" target=\"_self\" class=\"vc_single_image-wrapper   vc_box_border_grey\"><img loading=\"lazy\" decoding=\"async\" width=\"150\" height=\"150\" src=\"https:\/\/maldives-paradise.com\/wp-content\/uploads\/2024\/01\/raffles-maldives-meradhoo2-150x150.jpg\" class=\"vc_single_image-img attachment-thumbnail\" alt=\"Raffles Maldives Meradhoo Resort\" title=\"raffles-maldives-meradhoo2\" \/><\/a>\n\t\t<\/figure>\n\t<\/div>\n<\/div><\/div><\/div><div class=\"wpb_column vc_column_container vc_col-sm-9\"><div class=\"vc_column-inner\"><div class=\"wpb_wrapper\">\n\t<div class=\"wpb_text_column wpb_content_element\" >\n\t\t<div class=\"wpb_wrapper\">\n\t\t\t<h4><a href=\"http:\/\/maldives-paradise.com\/de\/?page_id=7608\">Raffles Maldives Meradhoo Resort<\/a><\/h4>\n<p><strong>Raffles Maldives Meradhoo Luxusresort<\/strong> bietet eine Reihe von Strand- und \u00dcberwasservillen, die unvergleichliche Privatsph\u00e4re gepaart mit fantastischem Service durch die 24-Stunden-Butler des Resorts versprechen. F\u00fcr einen romantischen Kurzurlaub gibt es kaum einen Ort, der die Fantasie so anregt wie die Malediven.<\/p>\n\n\t\t<\/div>\n\t<\/div>\n<\/div><\/div><\/div><\/div><div class=\"vc_row wpb_row vc_row-fluid\"><div class=\"wpb_column vc_column_container vc_col-sm-3\"><div class=\"vc_column-inner\"><div class=\"wpb_wrapper\">\n\t<div  class=\"wpb_single_image wpb_content_element vc_align_left wpb_content_element\">\n\t\t\n\t\t<figure class=\"wpb_wrapper vc_figure\">\n\t\t\t<a href=\"http:\/\/maldives-paradise.com\/de\/?page_id=7612\" target=\"_self\" class=\"vc_single_image-wrapper   vc_box_border_grey\"><img loading=\"lazy\" decoding=\"async\" width=\"150\" height=\"150\" src=\"https:\/\/maldives-paradise.com\/wp-content\/uploads\/2024\/01\/saii-lagoon2-150x150.jpg\" class=\"vc_single_image-img attachment-thumbnail\" alt=\"SAii Lagoon Maldives, Curio Collection By Hilton\" title=\"saii-lagoon2\" \/><\/a>\n\t\t<\/figure>\n\t<\/div>\n<\/div><\/div><\/div><div class=\"wpb_column vc_column_container vc_col-sm-9\"><div class=\"vc_column-inner\"><div class=\"wpb_wrapper\">\n\t<div class=\"wpb_text_column wpb_content_element\" >\n\t\t<div class=\"wpb_wrapper\">\n\t\t\t<h4><a href=\"http:\/\/maldives-paradise.com\/de\/?page_id=7612\">SAii Lagoon Maldives, Curio Collection By Hilton<\/a><\/h4>\n<p>Entfliehen Sie in eine Welt unvergleichlichen Luxus und tropischer Gl\u00fcckseligkeit <strong>SAii Lagoon Malediven<\/strong>, Curio Collection By Hilton. Dieses exklusive Resort liegt im Herzen der Malediven und l\u00e4dt Sie ein, ein St\u00fcck Himmel auf Erden zu erleben. Mit seiner atemberaubenden Natursch\u00f6nheit und einer Vielzahl erstklassiger Annehmlichkeiten verspricht SAii Lagoon Maldives einen unvergesslichen Urlaub.<\/p>\n\n\t\t<\/div>\n\t<\/div>\n<\/div><\/div><\/div><\/div><div class=\"vc_row wpb_row vc_row-fluid\"><div class=\"wpb_column vc_column_container vc_col-sm-3\"><div class=\"vc_column-inner\"><div class=\"wpb_wrapper\">\n\t<div  class=\"wpb_single_image wpb_content_element vc_align_left wpb_content_element\">\n\t\t\n\t\t<figure class=\"wpb_wrapper vc_figure\">\n\t\t\t<a href=\"http:\/\/maldives-paradise.com\/de\/?page_id=7616\" target=\"_self\" class=\"vc_single_image-wrapper   vc_box_border_grey\"><img loading=\"lazy\" decoding=\"async\" width=\"150\" height=\"150\" src=\"https:\/\/maldives-paradise.com\/wp-content\/uploads\/2024\/01\/shangri-la2-150x150.jpg\" class=\"vc_single_image-img attachment-thumbnail\" alt=\"Sheraton Maldives Full Moon Resort &amp; Spa\" title=\"shangri-la2\" \/><\/a>\n\t\t<\/figure>\n\t<\/div>\n<\/div><\/div><\/div><div class=\"wpb_column vc_column_container vc_col-sm-9\"><div class=\"vc_column-inner\"><div class=\"wpb_wrapper\">\n\t<div class=\"wpb_text_column wpb_content_element\" >\n\t\t<div class=\"wpb_wrapper\">\n\t\t\t<h4><a href=\"http:\/\/maldives-paradise.com\/de\/?page_id=7616\">Sheraton Maldives Full Moon Resort &amp; Spa<\/a><\/h4>\n<p>Erh\u00f6hen Sie Ihr Urlaubserlebnis im <strong>Sheraton Maldives Full Moon Resort &amp; Spa<\/strong>, wo Luxus keine Grenzen kennt. Tauchen Sie ein in die Sch\u00f6nheit der Malediven, genie\u00dfen Sie erstklassige K\u00fcche und schaffen Sie wertvolle Erinnerungen, die ein Leben lang anhalten. Buchen Sie noch heute Ihren Ausflug ins Paradies.<\/p>\n\n\t\t<\/div>\n\t<\/div>\n<\/div><\/div><\/div><\/div><div class=\"vc_row wpb_row vc_row-fluid\"><div class=\"wpb_column vc_column_container vc_col-sm-3\"><div class=\"vc_column-inner\"><div class=\"wpb_wrapper\">\n\t<div  class=\"wpb_single_image wpb_content_element vc_align_left wpb_content_element\">\n\t\t\n\t\t<figure class=\"wpb_wrapper vc_figure\">\n\t\t\t<a href=\"http:\/\/maldives-paradise.com\/de\/?page_id=7622\" target=\"_self\" class=\"vc_single_image-wrapper   vc_box_border_grey\"><img loading=\"lazy\" decoding=\"async\" width=\"150\" height=\"150\" src=\"https:\/\/maldives-paradise.com\/wp-content\/uploads\/2024\/01\/six-senses-kanahura2-150x150.jpg\" class=\"vc_single_image-img attachment-thumbnail\" alt=\"Sechs Sinne Kanuhura\" title=\"Sechs-Sinne-Kanahura2\" \/><\/a>\n\t\t<\/figure>\n\t<\/div>\n<\/div><\/div><\/div><div class=\"wpb_column vc_column_container vc_col-sm-9\"><div class=\"vc_column-inner\"><div class=\"wpb_wrapper\">\n\t<div class=\"wpb_text_column wpb_content_element\" >\n\t\t<div class=\"wpb_wrapper\">\n\t\t\t<h4><a href=\"http:\/\/maldives-paradise.com\/de\/?page_id=7622\">Sechs Sinne Kanuhura<\/a><\/h4>\n<p>Six Senses Kanuhura ist ein Resort auf den Malediven mit Strand- und \u00dcberwasservillen mit tropischem Inselgef\u00fchl. Mit seinen erstklassigen Annehmlichkeiten, seinem unersch\u00fctterlichen Engagement f\u00fcr Nachhaltigkeit und der Verpflichtung zu pers\u00f6nlichem Service ist dieses Luxusresort ein Beweis f\u00fcr die Kunst des Genusses im Herzen des Paradieses.<\/p>\n\n\t\t<\/div>\n\t<\/div>\n<\/div><\/div><\/div><\/div><div class=\"vc_row wpb_row vc_row-fluid\"><div class=\"wpb_column vc_column_container vc_col-sm-3\"><div class=\"vc_column-inner\"><div class=\"wpb_wrapper\">\n\t<div  class=\"wpb_single_image wpb_content_element vc_align_left wpb_content_element\">\n\t\t\n\t\t<figure class=\"wpb_wrapper vc_figure\">\n\t\t\t<a href=\"http:\/\/maldives-paradise.com\/de\/?page_id=7626\" target=\"_self\" class=\"vc_single_image-wrapper   vc_box_border_grey\"><img loading=\"lazy\" decoding=\"async\" width=\"150\" height=\"150\" src=\"https:\/\/maldives-paradise.com\/wp-content\/uploads\/2024\/01\/six-senses-lamuu2-150x150.jpeg\" class=\"vc_single_image-img attachment-thumbnail\" alt=\"Sechs Sinne Laamu\" title=\"sechs-sinne-lamuu2\" \/><\/a>\n\t\t<\/figure>\n\t<\/div>\n<\/div><\/div><\/div><div class=\"wpb_column vc_column_container vc_col-sm-9\"><div class=\"vc_column-inner\"><div class=\"wpb_wrapper\">\n\t<div class=\"wpb_text_column wpb_content_element\" >\n\t\t<div class=\"wpb_wrapper\">\n\t\t\t<h4><a href=\"http:\/\/maldives-paradise.com\/de\/?page_id=7626\">Sechs Sinne Laamu<\/a><\/h4>\n<p>Six Senses Laamu zeugt von Opulenz und Ruhe und bietet einen unvergleichlichen R\u00fcckzugsort in ein tropisches Paradies. Dieses Luxusresort auf den Malediven ist ein Paradies f\u00fcr alle, die einen unvergesslichen R\u00fcckzugsort an einem der atemberaubendsten Orte der Welt suchen. Lassen Sie uns die wichtigsten Funktionen erkunden, die es ausmachen <strong>Sechs Sinne Laamu<\/strong> ein Ziel der Tr\u00e4ume.<\/p>\n\n\t\t<\/div>\n\t<\/div>\n<\/div><\/div><\/div><\/div><div class=\"vc_row wpb_row vc_row-fluid\"><div class=\"wpb_column vc_column_container vc_col-sm-3\"><div class=\"vc_column-inner\"><div class=\"wpb_wrapper\">\n\t<div  class=\"wpb_single_image wpb_content_element vc_align_left wpb_content_element\">\n\t\t\n\t\t<figure class=\"wpb_wrapper vc_figure\">\n\t\t\t<a href=\"http:\/\/maldives-paradise.com\/de\/?page_id=7639\" target=\"_self\" class=\"vc_single_image-wrapper   vc_box_border_grey\"><img loading=\"lazy\" decoding=\"async\" width=\"150\" height=\"150\" src=\"https:\/\/maldives-paradise.com\/wp-content\/uploads\/2024\/01\/soneva-fushi2-150x150.jpg\" class=\"vc_single_image-img attachment-thumbnail\" alt=\"Soneva Fushi\" title=\"soneva-fushi2\" \/><\/a>\n\t\t<\/figure>\n\t<\/div>\n<\/div><\/div><\/div><div class=\"wpb_column vc_column_container vc_col-sm-9\"><div class=\"vc_column-inner\"><div class=\"wpb_wrapper\">\n\t<div class=\"wpb_text_column wpb_content_element\" >\n\t\t<div class=\"wpb_wrapper\">\n\t\t\t<h4><a href=\"http:\/\/maldives-paradise.com\/de\/?page_id=7639\">Soneva Fushi<\/a><\/h4>\n<p>Soneva Fushi ist ein weltber\u00fchmtes 5-Sterne-Luxus-Inselresort auf den Malediven. Es ist ein Luxusresort auf einer wundersch\u00f6nen Insel der Malediven und bietet wei\u00dfe Sandstr\u00e4nde, kristallklares Wasser und einmalige Erlebnisse. Die Insel Baa Atoll bietet Luxus, umweltfreundliches Design und authentische maledivische Erlebnisse.<\/p>\n\n\t\t<\/div>\n\t<\/div>\n<\/div><\/div><\/div><\/div><div class=\"vc_row wpb_row vc_row-fluid\"><div class=\"wpb_column vc_column_container vc_col-sm-3\"><div class=\"vc_column-inner\"><div class=\"wpb_wrapper\">\n\t<div  class=\"wpb_single_image wpb_content_element vc_align_left wpb_content_element\">\n\t\t\n\t\t<figure class=\"wpb_wrapper vc_figure\">\n\t\t\t<a href=\"http:\/\/maldives-paradise.com\/de\/?page_id=7643\" target=\"_self\" class=\"vc_single_image-wrapper   vc_box_border_grey\"><img loading=\"lazy\" decoding=\"async\" width=\"150\" height=\"150\" src=\"https:\/\/maldives-paradise.com\/wp-content\/uploads\/2024\/01\/soneva-jani2-150x150.jpg\" class=\"vc_single_image-img attachment-thumbnail\" alt=\"Soneva Jani\" title=\"soneva-jani2\" \/><\/a>\n\t\t<\/figure>\n\t<\/div>\n<\/div><\/div><\/div><div class=\"wpb_column vc_column_container vc_col-sm-9\"><div class=\"vc_column-inner\"><div class=\"wpb_wrapper\">\n\t<div class=\"wpb_text_column wpb_content_element\" >\n\t\t<div class=\"wpb_wrapper\">\n\t\t\t<h4><a href=\"http:\/\/maldives-paradise.com\/de\/?page_id=7643\">Soneva Jani<\/a><\/h4>\n<p><strong>Soneva Jani<\/strong> ist ein 5-Sterne-Luxus-\u00dcberwasserresort in einer 5,6 Kilometer langen kristallklaren Lagune im Noonu-Atoll auf den Malediven. Gebaut um eine Lagune mit Meerblick, wei\u00dfen Str\u00e4nden und tropischer Vegetation. Delfinkreuzfahrten, Tauchen, Familienerlebnisse und Michelin-Sterne-Restaurants.<\/p>\n\n\t\t<\/div>\n\t<\/div>\n<\/div><\/div><\/div><\/div><div class=\"vc_row wpb_row vc_row-fluid\"><div class=\"wpb_column vc_column_container vc_col-sm-3\"><div class=\"vc_column-inner\"><div class=\"wpb_wrapper\">\n\t<div  class=\"wpb_single_image wpb_content_element vc_align_left wpb_content_element\">\n\t\t\n\t\t<figure class=\"wpb_wrapper vc_figure\">\n\t\t\t<a href=\"http:\/\/maldives-paradise.com\/de\/?page_id=7647\" target=\"_self\" class=\"vc_single_image-wrapper   vc_box_border_grey\"><img loading=\"lazy\" decoding=\"async\" width=\"150\" height=\"150\" src=\"https:\/\/maldives-paradise.com\/wp-content\/uploads\/2024\/01\/st-regis-2-150x150.jpg\" class=\"vc_single_image-img attachment-thumbnail\" alt=\"Das St. Regis Maldives Vommuli Resort\" title=\"st-regis-2\" \/><\/a>\n\t\t<\/figure>\n\t<\/div>\n<\/div><\/div><\/div><div class=\"wpb_column vc_column_container vc_col-sm-9\"><div class=\"vc_column-inner\"><div class=\"wpb_wrapper\">\n\t<div class=\"wpb_text_column wpb_content_element\" >\n\t\t<div class=\"wpb_wrapper\">\n\t\t\t<h4><a href=\"http:\/\/maldives-paradise.com\/de\/?page_id=7647\">Das St. Regis Maldives Vommuli Resort<\/a><\/h4>\n<p>Der<strong> St. Regis Maldives Vommuli Resort<\/strong> ist ein 5-Sterne-Resort auf einer Privatinsel auf den Malediven. Die G\u00e4ste k\u00f6nnen im Iridium Spa entspannen und K\u00f6rpermassagen, Ayurveda-Behandlungen und Hydrotherapie genie\u00dfen. Neben Tauchen und Windsurfen bietet das Resort Jetpacking, Meeresschaukeln, Glasbodenkajakfahren und Katamaransegeln.<br \/>\nKinderclub, Indoor-Spiele im Socialite Club, Tennis im Freien und Aussichtsturm.<\/p>\n\n\t\t<\/div>\n\t<\/div>\n<\/div><\/div><\/div><\/div><div class=\"vc_row wpb_row vc_row-fluid\"><div class=\"wpb_column vc_column_container vc_col-sm-3\"><div class=\"vc_column-inner\"><div class=\"wpb_wrapper\">\n\t<div  class=\"wpb_single_image wpb_content_element vc_align_left wpb_content_element\">\n\t\t\n\t\t<figure class=\"wpb_wrapper vc_figure\">\n\t\t\t<a href=\"http:\/\/maldives-paradise.com\/de\/?page_id=7651\" target=\"_self\" class=\"vc_single_image-wrapper   vc_box_border_grey\"><img loading=\"lazy\" decoding=\"async\" width=\"150\" height=\"150\" src=\"https:\/\/maldives-paradise.com\/wp-content\/uploads\/2024\/01\/The-Standard-Huruvalhi-Maldives2-150x150.jpg\" class=\"vc_single_image-img attachment-thumbnail\" alt=\"Die Standard-Huruvalhi-Malediven\" title=\"The-Standard-Huruvalhi-Malediven2\" \/><\/a>\n\t\t<\/figure>\n\t<\/div>\n<\/div><\/div><\/div><div class=\"wpb_column vc_column_container vc_col-sm-9\"><div class=\"vc_column-inner\"><div class=\"wpb_wrapper\">\n\t<div class=\"wpb_text_column wpb_content_element\" >\n\t\t<div class=\"wpb_wrapper\">\n\t\t\t<h4><a href=\"http:\/\/maldives-paradise.com\/de\/?page_id=7651\">Die Standard-Huruvalhi-Malediven<\/a><\/h4>\n<p><strong>Die Standard-Huruvalhi-Malediven<\/strong> ist ein Leuchtturm unvergleichlichen Luxus und bietet eine exquisite Mischung aus Opulenz und nat\u00fcrlicher Sch\u00f6nheit. Dieses exklusive Resort ist ein Beweis f\u00fcr Raffinesse und verspricht ein einmaliges Erlebnis, das \u00fcber das Gew\u00f6hnliche hinausgeht.<\/p>\n\n\t\t<\/div>\n\t<\/div>\n<\/div><\/div><\/div><\/div><div class=\"vc_row wpb_row vc_row-fluid\"><div class=\"wpb_column vc_column_container vc_col-sm-3\"><div class=\"vc_column-inner\"><div class=\"wpb_wrapper\">\n\t<div  class=\"wpb_single_image wpb_content_element vc_align_left wpb_content_element\">\n\t\t\n\t\t<figure class=\"wpb_wrapper vc_figure\">\n\t\t\t<a href=\"http:\/\/maldives-paradise.com\/de\/?page_id=7655\" target=\"_self\" class=\"vc_single_image-wrapper   vc_box_border_grey\"><img loading=\"lazy\" decoding=\"async\" width=\"150\" height=\"150\" src=\"https:\/\/maldives-paradise.com\/wp-content\/uploads\/2024\/01\/Sun-Siyam-Iru-Fushi-2-150x150.jpg\" class=\"vc_single_image-img attachment-thumbnail\" alt=\"Sun Siyam Iru Fushi\" title=\"Sun-Siyam-Iru-Fushi-2\" \/><\/a>\n\t\t<\/figure>\n\t<\/div>\n<\/div><\/div><\/div><div class=\"wpb_column vc_column_container vc_col-sm-9\"><div class=\"vc_column-inner\"><div class=\"wpb_wrapper\">\n\t<div class=\"wpb_text_column wpb_content_element\" >\n\t\t<div class=\"wpb_wrapper\">\n\t\t\t<h4><a href=\"http:\/\/maldives-paradise.com\/de\/?page_id=7655\">Sun Siyam Iru Fushi<\/a><\/h4>\n<p>Sun Siyam Iru Fushi ist ein 5-Sterne-Luxus-Strand- und Spa-Resort im Herzen der Malediven. Dieses exklusive Resort lockt Reisende an, die eine harmonische Mischung aus Opulenz, nat\u00fcrlicher Sch\u00f6nheit und pers\u00f6nlichem Service suchen und so einen unvergleichlichen R\u00fcckzugsort im Luxus schaffen.<\/p>\n\n\t\t<\/div>\n\t<\/div>\n<\/div><\/div><\/div><\/div><div class=\"vc_row wpb_row vc_row-fluid\"><div class=\"wpb_column vc_column_container vc_col-sm-3\"><div class=\"vc_column-inner\"><div class=\"wpb_wrapper\">\n\t<div  class=\"wpb_single_image wpb_content_element vc_align_left wpb_content_element\">\n\t\t\n\t\t<figure class=\"wpb_wrapper vc_figure\">\n\t\t\t<a href=\"http:\/\/maldives-paradise.com\/de\/?page_id=7659\" target=\"_self\" class=\"vc_single_image-wrapper   vc_box_border_grey\"><img loading=\"lazy\" decoding=\"async\" width=\"150\" height=\"150\" src=\"https:\/\/maldives-paradise.com\/wp-content\/uploads\/2024\/01\/Sun-Siyam-Vilu-Reef2-150x150.jpg\" class=\"vc_single_image-img attachment-thumbnail\" alt=\"Sun Siyam Vilu Riff\" title=\"Sun-Siyam-Vilu-Reef2\" \/><\/a>\n\t\t<\/figure>\n\t<\/div>\n<\/div><\/div><\/div><div class=\"wpb_column vc_column_container vc_col-sm-9\"><div class=\"vc_column-inner\"><div class=\"wpb_wrapper\">\n\t<div class=\"wpb_text_column wpb_content_element\" >\n\t\t<div class=\"wpb_wrapper\">\n\t\t\t<h4><a href=\"http:\/\/maldives-paradise.com\/de\/?page_id=7659\">Sun Siyam Vilu Riff<\/a><\/h4>\n<p>Entdecken Sie das Paradies am Sun Siyam Vilu Reef: Eine luxuri\u00f6se All-Inclusive-Oase auf den Malediven. Dieses tropische Paradies ist nicht nur ein Reiseziel; Es ist eine Erfahrung, die \u00fcber das Gew\u00f6hnliche hinausgeht. Mit seinen atemberaubenden \u00dcberwasservillen, erstklassigen Annehmlichkeiten und tadellosem Service, <strong>Sun Siyam Vilu Riff<\/strong> gilt als Inbegriff von Opulenz auf dem maledivischen Archipel.<\/p>\n\n\t\t<\/div>\n\t<\/div>\n<\/div><\/div><\/div><\/div><div class=\"vc_row wpb_row vc_row-fluid\"><div class=\"wpb_column vc_column_container vc_col-sm-12\"><div class=\"vc_column-inner\"><div class=\"wpb_wrapper\">\n\t<div class=\"wpb_text_column wpb_content_element\" >\n\t\t<div class=\"wpb_wrapper\">\n\t\t\t<h3>5-Sterne-Hotels und Resorts auf den Malediven\u00a0\u00a0 <a href=\"http:\/\/maldives-paradise.com\/de\/?page_id=4124\">Seite 1<\/a>\u00a0\u00a0 <a href=\"http:\/\/maldives-paradise.com\/de\/?page_id=7968\">Seite 2<\/a>\u00a0\u00a0 <a href=\"http:\/\/maldives-paradise.com\/de\/?page_id=7996\">Seite 3<\/a>\u00a0\u00a0 <a href=\"http:\/\/maldives-paradise.com\/de\/?page_id=8053\">Seite 4<\/a> \u00a0 <a href=\"http:\/\/maldives-paradise.com\/de\/?page_id=8128\">Seite 5<\/a>\u00a0\u00a0 <a href=\"http:\/\/maldives-paradise.com\/de\/?page_id=8384\">Seite 7<\/a> \u00a0<a href=\"http:\/\/maldives-paradise.com\/de\/5-sterne-hotels-und-resorts-auf-den-malediven-8\/\">Seite 8<\/a>\u00a0\u00a0<a href=\"https:\/\/maldives-paradise.com\/de\/5-sterne-hotels-und-resorts-auf-den-malediven-9\/\">Seite 9<\/a><\/h3>\n\n\t\t<\/div>\n\t<\/div>\n<\/div><\/div><\/div><\/div>\n<\/div>","protected":false},"excerpt":{"rendered":"<div class=\"mh-excerpt\"><\/div>","protected":false},"author":1,"featured_media":0,"parent":0,"menu_order":0,"comment_status":"closed","ping_status":"closed","template":"","meta":{"footnotes":""},"class_list":["post-8170","page","type-page","status-publish"],"aioseo_notices":[],"_links":{"self":[{"href":"http:\/\/maldives-paradise.com\/de\/wp-json\/wp\/v2\/pages\/8170","targetHints":{"allow":["GET"]}}],"collection":[{"href":"http:\/\/maldives-paradise.com\/de\/wp-json\/wp\/v2\/pages"}],"about":[{"href":"http:\/\/maldives-paradise.com\/de\/wp-json\/wp\/v2\/types\/page"}],"author":[{"embeddable":true,"href":"http:\/\/maldives-paradise.com\/de\/wp-json\/wp\/v2\/users\/1"}],"replies":[{"embeddable":true,"href":"http:\/\/maldives-paradise.com\/de\/wp-json\/wp\/v2\/comments?post=8170"}],"version-history":[{"count":6,"href":"http:\/\/maldives-paradise.com\/de\/wp-json\/wp\/v2\/pages\/8170\/revisions"}],"predecessor-version":[{"id":34301,"href":"http:\/\/maldives-paradise.com\/de\/wp-json\/wp\/v2\/pages\/8170\/revisions\/34301"}],"wp:attachment":[{"href":"http:\/\/maldives-paradise.com\/de\/wp-json\/wp\/v2\/media?parent=8170"}],"curies":[{"name":"wp","href":"https:\/\/api.w.org\/{rel}","templated":true}]}}