{"id":7996,"date":"2024-01-02T18:17:30","date_gmt":"2024-01-02T18:17:30","guid":{"rendered":"http:\/\/maldives-paradise.com\/?page_id=7996"},"modified":"2025-02-22T09:07:32","modified_gmt":"2025-02-22T09:07:32","slug":"5-sterne-hotels-und-resorts-auf-den-malediven-3","status":"publish","type":"page","link":"http:\/\/maldives-paradise.com\/de\/5-sterne-hotels-und-resorts-auf-den-malediven-3\/","title":{"rendered":"5-Sterne-Hotels und Resorts auf den Malediven 3"},"content":{"rendered":"<div class=\"wpb-content-wrapper\"><div class=\"vc_row wpb_row vc_row-fluid\"><div class=\"wpb_column vc_column_container vc_col-sm-12\"><div class=\"vc_column-inner\"><div class=\"wpb_wrapper\">\n\t<div class=\"wpb_text_column wpb_content_element\" >\n\t\t<div class=\"wpb_wrapper\">\n\t\t\t<h3>Eine Auswahl an 5-Sterne-Hotels und Resorts auf den Malediven Seite 3<\/h3>\n<p>Die Malediven sind bekannt f\u00fcr ihre <strong data-start=\"82\" data-end=\"121\">luxuri\u00f6se 5-Sterne-Hotels und Resorts<\/strong>und bietet unvergleichliche <strong data-start=\"145\" data-end=\"191\">Eleganz, Privatsph\u00e4re und erstklassiger Service<\/strong>Diese exklusiven R\u00fcckzugsorte bieten <strong data-start=\"226\" data-end=\"316\">\u00dcberwasservillen, Infinity-Pools, gehobene Restaurants und private Butler-Services<\/strong>.<\/p>\n\n\t\t<\/div>\n\t<\/div>\n<\/div><\/div><\/div><\/div><div class=\"vc_row wpb_row vc_row-fluid\"><div class=\"wpb_column vc_column_container vc_col-sm-3\"><div class=\"vc_column-inner\"><div class=\"wpb_wrapper\">\n\t<div  class=\"wpb_single_image wpb_content_element vc_align_left wpb_content_element\">\n\t\t\n\t\t<figure class=\"wpb_wrapper vc_figure\">\n\t\t\t<a href=\"http:\/\/maldives-paradise.com\/de\/?page_id=7002\" target=\"_self\" class=\"vc_single_image-wrapper   vc_box_border_grey\"><img loading=\"lazy\" decoding=\"async\" width=\"150\" height=\"150\" src=\"https:\/\/maldives-paradise.com\/wp-content\/uploads\/2024\/01\/Dusit-Thani-Maldives2-150x150.jpg\" class=\"vc_single_image-img attachment-thumbnail\" alt=\"Dusit Thani Malediven\" title=\"Dusit-Thani-Malediven2\" \/><\/a>\n\t\t<\/figure>\n\t<\/div>\n<\/div><\/div><\/div><div class=\"wpb_column vc_column_container vc_col-sm-9\"><div class=\"vc_column-inner\"><div class=\"wpb_wrapper\">\n\t<div class=\"wpb_text_column wpb_content_element\" >\n\t\t<div class=\"wpb_wrapper\">\n\t\t\t<h4><a href=\"http:\/\/maldives-paradise.com\/de\/?page_id=7002\">Dusit Thani Malediven<\/a><\/h4>\n<p>G\u00f6nnen Sie sich den Inbegriff von Luxus bei <strong>Dusit Thani Malediven,<\/strong> ein unber\u00fchrter Inselparadies, der Opulenz nahtlos mit der nat\u00fcrlichen Sch\u00f6nheit der Malediven verbindet. Eingebettet im Herzen des Indischen Ozeans lockt dieses Weltklasse-Resort anspruchsvolle Reisende mit seiner unvergleichlichen Mischung aus anspruchsvollem Design, tadellosem Service und atemberaubender Umgebung.<\/p>\n\n\t\t<\/div>\n\t<\/div>\n<\/div><\/div><\/div><\/div><div class=\"vc_row wpb_row vc_row-fluid\"><div class=\"wpb_column vc_column_container vc_col-sm-3\"><div class=\"vc_column-inner\"><div class=\"wpb_wrapper\">\n\t<div  class=\"wpb_single_image wpb_content_element vc_align_left wpb_content_element\">\n\t\t\n\t\t<figure class=\"wpb_wrapper vc_figure\">\n\t\t\t<a href=\"http:\/\/maldives-paradise.com\/de\/?page_id=7009\" target=\"_self\" class=\"vc_single_image-wrapper   vc_box_border_grey\"><img loading=\"lazy\" decoding=\"async\" width=\"150\" height=\"150\" src=\"https:\/\/maldives-paradise.com\/wp-content\/uploads\/2024\/01\/Emerald-Maldives-Service-at-the-Main-Pool-150x150.jpg\" class=\"vc_single_image-img attachment-thumbnail\" alt=\"Emerald Maldives Resort &amp; Spa\" title=\"Emerald-Maldives---Service-am-Hauptpool\" \/><\/a>\n\t\t<\/figure>\n\t<\/div>\n<\/div><\/div><\/div><div class=\"wpb_column vc_column_container vc_col-sm-9\"><div class=\"vc_column-inner\"><div class=\"wpb_wrapper\">\n\t<div class=\"wpb_text_column wpb_content_element\" >\n\t\t<div class=\"wpb_wrapper\">\n\t\t\t<h4><a href=\"http:\/\/maldives-paradise.com\/de\/?page_id=7009\">Emerald Maldives Resort &amp; Spa<\/a><\/h4>\n<p><strong>Emerald Maldives Resort &amp; Spa<\/strong> ist ein Zufluchtsort der Ruhe im Herzen des Indischen Ozeans. Dieses Luxusresort ist ein Beweis f\u00fcr raffinierte Eleganz und bietet ein unvergleichliches Erlebnis, das atemberaubende Natursch\u00f6nheit mit erstklassigen Annehmlichkeiten verbindet. Hier sind die wichtigsten Merkmale, die Emerald Maldives zu einem Paradies f\u00fcr anspruchsvolle Reisende machen.<\/p>\n\n\t\t<\/div>\n\t<\/div>\n<\/div><\/div><\/div><\/div><div class=\"vc_row wpb_row vc_row-fluid\"><div class=\"wpb_column vc_column_container vc_col-sm-3\"><div class=\"vc_column-inner\"><div class=\"wpb_wrapper\">\n\t<div  class=\"wpb_single_image wpb_content_element vc_align_left wpb_content_element\">\n\t\t\n\t\t<figure class=\"wpb_wrapper vc_figure\">\n\t\t\t<a href=\"http:\/\/maldives-paradise.com\/de\/?page_id=7014\" target=\"_self\" class=\"vc_single_image-wrapper   vc_box_border_grey\"><img loading=\"lazy\" decoding=\"async\" width=\"150\" height=\"150\" src=\"https:\/\/maldives-paradise.com\/wp-content\/uploads\/2024\/01\/Fairmont-Maldives-Sirru-Fen-Fushi2-150x150.jpg\" class=\"vc_single_image-img attachment-thumbnail\" alt=\"Fairmont Maldives Sirru Fen Fushi\" title=\"Fairmont-Malediven-Sirru-Fen-Fushi2\" \/><\/a>\n\t\t<\/figure>\n\t<\/div>\n<\/div><\/div><\/div><div class=\"wpb_column vc_column_container vc_col-sm-9\"><div class=\"vc_column-inner\"><div class=\"wpb_wrapper\">\n\t<div class=\"wpb_text_column wpb_content_element\" >\n\t\t<div class=\"wpb_wrapper\">\n\t\t\t<h4><a href=\"http:\/\/maldives-paradise.com\/de\/?page_id=7014\">Fairmont Maldives Sirru Fen Fushi<\/a><\/h4>\n<p>Luxus im <strong>Fairmont Maldives Sirru Fen Fushi<\/strong> ist ein makelloses Villenresort im Herzen der Malediven. Dieses exklusive Resort lockt Reisende mit seiner exquisiten Mischung aus Luxus, nat\u00fcrlicher Sch\u00f6nheit und erstklassigen Annehmlichkeiten an, die einen unvergleichlichen Urlaub suchen.<\/p>\n\n\t\t<\/div>\n\t<\/div>\n<\/div><\/div><\/div><\/div><div class=\"vc_row wpb_row vc_row-fluid\"><div class=\"wpb_column vc_column_container vc_col-sm-3\"><div class=\"vc_column-inner\"><div class=\"wpb_wrapper\">\n\t<div  class=\"wpb_single_image wpb_content_element vc_align_left wpb_content_element\">\n\t\t\n\t\t<figure class=\"wpb_wrapper vc_figure\">\n\t\t\t<a href=\"http:\/\/maldives-paradise.com\/de\/?page_id=7073\" target=\"_self\" class=\"vc_single_image-wrapper   vc_box_border_grey\"><img loading=\"lazy\" decoding=\"async\" width=\"150\" height=\"150\" src=\"https:\/\/maldives-paradise.com\/wp-content\/uploads\/2024\/01\/Finolhu-Baa-Atoll-Maldives-150x150.jpg\" class=\"vc_single_image-img attachment-thumbnail\" alt=\"Finolhu Baa Atoll Malediven\" title=\"Finolhu-Baa-Atoll-Malediven\" \/><\/a>\n\t\t<\/figure>\n\t<\/div>\n<\/div><\/div><\/div><div class=\"wpb_column vc_column_container vc_col-sm-9\"><div class=\"vc_column-inner\"><div class=\"wpb_wrapper\">\n\t<div class=\"wpb_text_column wpb_content_element\" >\n\t\t<div class=\"wpb_wrapper\">\n\t\t\t<h4><a href=\"http:\/\/maldives-paradise.com\/de\/?page_id=7073\">Finolhu Baa Atoll Malediven<\/a><\/h4>\n<p>Entfliehen Sie in eine Welt von unvergleichlichem Luxus und atemberaubender Sch\u00f6nheit bei <strong>Finolhu Baa Atoll Malediven<\/strong>. Eingebettet im Herzen des UNESCO-Biosph\u00e4renreservats definiert dieses exklusive Resort die Bedeutung eines tropischen Urlaubs neu. Mit einer Mischung aus modernem Design und nat\u00fcrlicher Pracht ist Finolhu ein Zufluchtsort f\u00fcr alle, die ein H\u00f6chstma\u00df an Luxus und Entspannung suchen.<\/p>\n\n\t\t<\/div>\n\t<\/div>\n<\/div><\/div><\/div><\/div><div class=\"vc_row wpb_row vc_row-fluid\"><div class=\"wpb_column vc_column_container vc_col-sm-3\"><div class=\"vc_column-inner\"><div class=\"wpb_wrapper\">\n\t<div  class=\"wpb_single_image wpb_content_element vc_align_left wpb_content_element\">\n\t\t\n\t\t<figure class=\"wpb_wrapper vc_figure\">\n\t\t\t<a href=\"http:\/\/maldives-paradise.com\/de\/?page_id=7079\" target=\"_self\" class=\"vc_single_image-wrapper   vc_box_border_grey\"><img loading=\"lazy\" decoding=\"async\" width=\"150\" height=\"150\" src=\"https:\/\/maldives-paradise.com\/wp-content\/uploads\/2024\/01\/Four-Seasons-Maldives-Kuda-Huraa2-150x150.jpg\" class=\"vc_single_image-img attachment-thumbnail\" alt=\"Four Seasons Malediven Kuda Huraa\" title=\"Four-Seasons-Maldives-Kuda-Huraa2\" \/><\/a>\n\t\t<\/figure>\n\t<\/div>\n<\/div><\/div><\/div><div class=\"wpb_column vc_column_container vc_col-sm-9\"><div class=\"vc_column-inner\"><div class=\"wpb_wrapper\">\n\t<div class=\"wpb_text_column wpb_content_element\" >\n\t\t<div class=\"wpb_wrapper\">\n\t\t\t<h4><a href=\"http:\/\/maldives-paradise.com\/de\/?page_id=7079\">Four Seasons Malediven Kuda Huraa<\/a><\/h4>\n<p><strong>Four Seasons Malediven Kuda Huraa<\/strong> ist ein Leuchtfeuer der Opulenz und Ruhe und bietet eine unvergleichliche Flucht ins Paradies. Dieses Luxusresort ist ein Beweis f\u00fcr die Kunst der Gastfreundschaft und verbindet traditionellen maledivischen Charme mit der Raffinesse der Marke Four Seasons. Mit seiner atemberaubenden Lage, dem tadellosen Service und einer F\u00fclle erstklassiger Annehmlichkeiten ist das Four Seasons Maldives Kuda Huraa der Inbegriff eines Traumurlaubs.<\/p>\n\n\t\t<\/div>\n\t<\/div>\n<\/div><\/div><\/div><\/div><div class=\"vc_row wpb_row vc_row-fluid\"><div class=\"wpb_column vc_column_container vc_col-sm-3\"><div class=\"vc_column-inner\"><div class=\"wpb_wrapper\">\n\t<div  class=\"wpb_single_image wpb_content_element vc_align_left wpb_content_element\">\n\t\t\n\t\t<figure class=\"wpb_wrapper vc_figure\">\n\t\t\t<a href=\"http:\/\/maldives-paradise.com\/de\/?page_id=7083\" target=\"_self\" class=\"vc_single_image-wrapper   vc_box_border_grey\"><img loading=\"lazy\" decoding=\"async\" width=\"150\" height=\"150\" src=\"https:\/\/maldives-paradise.com\/wp-content\/uploads\/2024\/01\/Four-Seasons-Maldives-Landaa-Giraavaru2-150x150.jpeg\" class=\"vc_single_image-img attachment-thumbnail\" alt=\"Four Seasons Malediven Landaa Giraavaru\" title=\"Four-Seasons-Maledives-Landaa-Giraavaru2\" \/><\/a>\n\t\t<\/figure>\n\t<\/div>\n<\/div><\/div><\/div><div class=\"wpb_column vc_column_container vc_col-sm-9\"><div class=\"vc_column-inner\"><div class=\"wpb_wrapper\">\n\t<div class=\"wpb_text_column wpb_content_element\" >\n\t\t<div class=\"wpb_wrapper\">\n\t\t\t<h4><a href=\"http:\/\/maldives-paradise.com\/de\/?page_id=7083\">Four Seasons Malediven Landaa Giraavaru<\/a><\/h4>\n<p>Entfliehen Sie in eine Welt voller Opulenz und Gelassenheit im exquisiten <strong>Four Seasons Malediven Landaa Giraavaru<\/strong>, wo Luxus in perfekter Harmonie auf Natur trifft. Dieses idyllische Resort im Herzen des Baa-Atolls definiert die Bedeutung eines tropischen Paradieses neu und bietet anspruchsvollen Reisenden ein unvergleichliches Erlebnis von Gl\u00fcckseligkeit und Eleganz.<\/p>\n\n\t\t<\/div>\n\t<\/div>\n<\/div><\/div><\/div><\/div><div class=\"vc_row wpb_row vc_row-fluid\"><div class=\"wpb_column vc_column_container vc_col-sm-3\"><div class=\"vc_column-inner\"><div class=\"wpb_wrapper\">\n\t<div  class=\"wpb_single_image wpb_content_element vc_align_left wpb_content_element\">\n\t\t\n\t\t<figure class=\"wpb_wrapper vc_figure\">\n\t\t\t<a href=\"http:\/\/maldives-paradise.com\/de\/?page_id=7087\" target=\"_self\" class=\"vc_single_image-wrapper   vc_box_border_grey\"><img loading=\"lazy\" decoding=\"async\" width=\"150\" height=\"150\" src=\"https:\/\/maldives-paradise.com\/wp-content\/uploads\/2024\/01\/Fushifaru-Maldives2-150x150.jpg\" class=\"vc_single_image-img attachment-thumbnail\" alt=\"Fushifaru Malediven\" title=\"Fushifaru-Malediven2\" \/><\/a>\n\t\t<\/figure>\n\t<\/div>\n<\/div><\/div><\/div><div class=\"wpb_column vc_column_container vc_col-sm-9\"><div class=\"vc_column-inner\"><div class=\"wpb_wrapper\">\n\t<div class=\"wpb_text_column wpb_content_element\" >\n\t\t<div class=\"wpb_wrapper\">\n\t\t\t<h4><a href=\"http:\/\/maldives-paradise.com\/de\/?page_id=7087\">Fushifaru Malediven<\/a><\/h4>\n<p><strong>Fushifaru Malediven <\/strong>ist eine Oase der Ruhe im Herzen des Indischen Ozeans. Dieses exklusive Luxusresort bietet eine nahtlose Mischung aus atemberaubender Natursch\u00f6nheit und beispielloser Gastfreundschaft und ist damit das ultimative Reiseziel f\u00fcr alle, die einen au\u00dfergew\u00f6hnlichen Urlaub verbringen m\u00f6chten.<\/p>\n\n\t\t<\/div>\n\t<\/div>\n<\/div><\/div><\/div><\/div><div class=\"vc_row wpb_row vc_row-fluid\"><div class=\"wpb_column vc_column_container vc_col-sm-3\"><div class=\"vc_column-inner\"><div class=\"wpb_wrapper\">\n\t<div  class=\"wpb_single_image wpb_content_element vc_align_left wpb_content_element\">\n\t\t\n\t\t<figure class=\"wpb_wrapper vc_figure\">\n\t\t\t<a href=\"http:\/\/maldives-paradise.com\/de\/?page_id=7096\" target=\"_self\" class=\"vc_single_image-wrapper   vc_box_border_grey\"><img loading=\"lazy\" decoding=\"async\" width=\"150\" height=\"150\" src=\"https:\/\/maldives-paradise.com\/wp-content\/uploads\/2024\/01\/Gili-ankanfushi-Maldives2-150x150.jpg\" class=\"vc_single_image-img attachment-thumbnail\" alt=\"Gili Lankanfushi Malediven\" title=\"Gili-Ankanfushi-Malediven2\" \/><\/a>\n\t\t<\/figure>\n\t<\/div>\n<\/div><\/div><\/div><div class=\"wpb_column vc_column_container vc_col-sm-9\"><div class=\"vc_column-inner\"><div class=\"wpb_wrapper\">\n\t<div class=\"wpb_text_column wpb_content_element\" >\n\t\t<div class=\"wpb_wrapper\">\n\t\t\t<h4><a href=\"http:\/\/maldives-paradise.com\/de\/?page_id=7096\">Gili Lankanfushi Malediven<\/a><\/h4>\n<p>Entfliehen Sie in eine Welt von unvergleichlichem Luxus und atemberaubender Sch\u00f6nheit bei <strong>Gili Lankanfushi Malediven<\/strong>, wo jeder Moment ein Fest des Luxus und der Gelassenheit ist. Eingebettet im Herzen des Indischen Ozeans definiert dieses exklusive Resort den Begriff des Genusses neu und bietet ein unvergleichliches Erlebnis, das Natur, Luxus und pers\u00f6nlichen Service nahtlos miteinander verbindet.<\/p>\n\n\t\t<\/div>\n\t<\/div>\n<\/div><\/div><\/div><\/div><div class=\"vc_row wpb_row vc_row-fluid\"><div class=\"wpb_column vc_column_container vc_col-sm-3\"><div class=\"vc_column-inner\"><div class=\"wpb_wrapper\">\n\t<div  class=\"wpb_single_image wpb_content_element vc_align_left wpb_content_element\">\n\t\t\n\t\t<figure class=\"wpb_wrapper vc_figure\">\n\t\t\t<a href=\"http:\/\/maldives-paradise.com\/de\/?page_id=7100\" target=\"_self\" class=\"vc_single_image-wrapper   vc_box_border_grey\"><img loading=\"lazy\" decoding=\"async\" width=\"150\" height=\"150\" src=\"https:\/\/maldives-paradise.com\/wp-content\/uploads\/2024\/01\/hard-rock-hotel-maldives2-150x150.jpg\" class=\"vc_single_image-img attachment-thumbnail\" alt=\"Hard Rock Hotel Malediven\" title=\"Hard Rock Hotel Malediven\" \/><\/a>\n\t\t<\/figure>\n\t<\/div>\n<\/div><\/div><\/div><div class=\"wpb_column vc_column_container vc_col-sm-9\"><div class=\"vc_column-inner\"><div class=\"wpb_wrapper\">\n\t<div class=\"wpb_text_column wpb_content_element\" >\n\t\t<div class=\"wpb_wrapper\">\n\t\t\t<h4><a href=\"http:\/\/maldives-paradise.com\/de\/?page_id=7100\">Hard Rock Hotel Malediven<\/a><\/h4>\n<p>Das All-Inclusive-Angebot <strong>Hard Rock Hotel Malediven<\/strong> l\u00e4dt anspruchsvolle Reisende ein, den Inbegriff von Luxus und Genuss zu erleben. Dieses idyllische Resort verbindet die kultige Marke Hard Rock nahtlos mit der atemberaubenden Sch\u00f6nheit der Malediven und schafft eine Opulenz, in der Opulenz auf tropische Pracht trifft.<\/p>\n\n\t\t<\/div>\n\t<\/div>\n<\/div><\/div><\/div><\/div><div class=\"vc_row wpb_row vc_row-fluid\"><div class=\"wpb_column vc_column_container vc_col-sm-3\"><div class=\"vc_column-inner\"><div class=\"wpb_wrapper\">\n\t<div  class=\"wpb_single_image wpb_content_element vc_align_left wpb_content_element\">\n\t\t\n\t\t<figure class=\"wpb_wrapper vc_figure\">\n\t\t\t<a href=\"http:\/\/maldives-paradise.com\/de\/?page_id=7104\" target=\"_self\" class=\"vc_single_image-wrapper   vc_box_border_grey\"><img loading=\"lazy\" decoding=\"async\" width=\"150\" height=\"150\" src=\"https:\/\/maldives-paradise.com\/wp-content\/uploads\/2024\/01\/heritance-aarah-maldives-ocean-suite-6-150x150.jpg\" class=\"vc_single_image-img attachment-thumbnail\" alt=\"Heritance Aarah \u2013 All-Inclusive-Luxusresort\" title=\"Heritance-Aarah-Malediven-Ocean-Suite-6\" \/><\/a>\n\t\t<\/figure>\n\t<\/div>\n<\/div><\/div><\/div><div class=\"wpb_column vc_column_container vc_col-sm-9\"><div class=\"vc_column-inner\"><div class=\"wpb_wrapper\">\n\t<div class=\"wpb_text_column wpb_content_element\" >\n\t\t<div class=\"wpb_wrapper\">\n\t\t\t<h4><a href=\"http:\/\/maldives-paradise.com\/de\/?page_id=7104\">Heritance Aarah \u2013 All-Inclusive-Luxusresort<\/a><\/h4>\n<p>Im Herzen der faszinierenden Malediven, das Premium-All-Inclusive-Resort <strong>Erbe Aarah<\/strong> steht als Inbegriff von Luxus und Genuss. Dieses exquisite Resort ist ein Zufluchtsort f\u00fcr alle, die einen unvergleichlichen tropischen R\u00fcckzugsort suchen, wo kristallklares Wasser, unber\u00fchrte Str\u00e4nde und opulente Unterk\u00fcnfte zu einem wirklich unvergesslichen Erlebnis zusammenkommen.<\/p>\n\n\t\t<\/div>\n\t<\/div>\n<\/div><\/div><\/div><\/div><div class=\"vc_row wpb_row vc_row-fluid\"><div class=\"wpb_column vc_column_container vc_col-sm-3\"><div class=\"vc_column-inner\"><div class=\"wpb_wrapper\">\n\t<div  class=\"wpb_single_image wpb_content_element vc_align_left wpb_content_element\">\n\t\t\n\t\t<figure class=\"wpb_wrapper vc_figure\">\n\t\t\t<a href=\"http:\/\/maldives-paradise.com\/de\/?page_id=7108\" target=\"_self\" class=\"vc_single_image-wrapper   vc_box_border_grey\"><img loading=\"lazy\" decoding=\"async\" width=\"150\" height=\"150\" src=\"https:\/\/maldives-paradise.com\/wp-content\/uploads\/2024\/01\/HiltonMaldives-Amingiri-Resort2-150x150.jpg\" class=\"vc_single_image-img attachment-thumbnail\" alt=\"Hilton Maldives Amingiri Resort &amp; Spa\" title=\"HiltonMaldives-Amingiri-Resort2\" \/><\/a>\n\t\t<\/figure>\n\t<\/div>\n<\/div><\/div><\/div><div class=\"wpb_column vc_column_container vc_col-sm-9\"><div class=\"vc_column-inner\"><div class=\"wpb_wrapper\">\n\t<div class=\"wpb_text_column wpb_content_element\" >\n\t\t<div class=\"wpb_wrapper\">\n\t\t\t<h4><a href=\"http:\/\/maldives-paradise.com\/de\/?page_id=7108\">Hilton Maldives Amingiri Resort &amp; Spa<\/a><\/h4>\n<p>Das All-Inclusive-Luxusresort, <strong>Hilton Maldives Amingiri Resort &amp; Spa<\/strong> lockt anspruchsvolle Reisende in eine Oase unvergleichlichen Luxus. Diese tropische Oase mit kristallklarem t\u00fcrkisfarbenem Wasser und unber\u00fchrten wei\u00dfen Sandstr\u00e4nden ist ein Zeugnis von Opulenz und Ruhe. Hier sind einige der Top-Features, die dieses Resort zu einem wahren Juwel auf den Malediven machen.<\/p>\n\n\t\t<\/div>\n\t<\/div>\n<\/div><\/div><\/div><\/div><div class=\"vc_row wpb_row vc_row-fluid\"><div class=\"wpb_column vc_column_container vc_col-sm-3\"><div class=\"vc_column-inner\"><div class=\"wpb_wrapper\">\n\t<div  class=\"wpb_single_image wpb_content_element vc_align_left wpb_content_element\">\n\t\t\n\t\t<figure class=\"wpb_wrapper vc_figure\">\n\t\t\t<a href=\"http:\/\/maldives-paradise.com\/de\/?page_id=7112\" target=\"_self\" class=\"vc_single_image-wrapper   vc_box_border_grey\"><img loading=\"lazy\" decoding=\"async\" width=\"150\" height=\"150\" src=\"https:\/\/maldives-paradise.com\/wp-content\/uploads\/2024\/01\/Hurawalhi-Island2-150x150.jpg\" class=\"vc_single_image-img attachment-thumbnail\" alt=\"Hurawalhi Island \u2013 All-Inclusive-Resort nur f\u00fcr Erwachsene\" title=\"Hurawalhi-Insel2\" \/><\/a>\n\t\t<\/figure>\n\t<\/div>\n<\/div><\/div><\/div><div class=\"wpb_column vc_column_container vc_col-sm-9\"><div class=\"vc_column-inner\"><div class=\"wpb_wrapper\">\n\t<div class=\"wpb_text_column wpb_content_element\" >\n\t\t<div class=\"wpb_wrapper\">\n\t\t\t<h4><a href=\"http:\/\/maldives-paradise.com\/de\/?page_id=7112\">Hurawalhi Island \u2013 All-Inclusive-Resort nur f\u00fcr Erwachsene<\/a><\/h4>\n<p>Entdecken Sie das Paradies: Entdecken Sie den Reiz von <strong>Insel Hurawalhi, Malediven.<br \/>\n<\/strong>Entfliehen Sie in eine Welt voller Opulenz und Ruhe auf der Insel Hurawalhi, einem luxuri\u00f6sen Zufluchtsort im Herzen der Malediven. Dieses exklusive Resort ist f\u00fcr seine unvergleichliche Sch\u00f6nheit und gro\u00dfz\u00fcgigen Annehmlichkeiten bekannt und verspricht einen unvergesslichen R\u00fcckzugsort, der \u00fcber das Gew\u00f6hnliche hinausgeht.<\/p>\n\n\t\t<\/div>\n\t<\/div>\n<\/div><\/div><\/div><\/div><div class=\"vc_row wpb_row vc_row-fluid\"><div class=\"wpb_column vc_column_container vc_col-sm-12\"><div class=\"vc_column-inner\"><div class=\"wpb_wrapper\">\n\t<div class=\"wpb_text_column wpb_content_element\" >\n\t\t<div class=\"wpb_wrapper\">\n\t\t\t<h3>5-Sterne-Hotels und Resorts auf den Malediven\u00a0 <a href=\"http:\/\/maldives-paradise.com\/de\/?page_id=4124\">Seite 1<\/a>\u00a0 <a href=\"http:\/\/maldives-paradise.com\/de\/?page_id=7968\">Seite 2<\/a> \u00a0 <a href=\"http:\/\/maldives-paradise.com\/de\/?page_id=8053\">Seite 4<\/a> \u00a0 <a href=\"http:\/\/maldives-paradise.com\/de\/?page_id=8128\">Seite 5<\/a> \u00a0 <a href=\"http:\/\/maldives-paradise.com\/de\/?page_id=8170\">Seite 6<\/a>\u00a0\u00a0 <a href=\"http:\/\/maldives-paradise.com\/de\/?page_id=8384\">Seite 7<\/a> \u00a0<a href=\"http:\/\/maldives-paradise.com\/de\/5-sterne-hotels-und-resorts-auf-den-malediven-8\/\">Seite 8<\/a>\u00a0\u00a0<a href=\"https:\/\/maldives-paradise.com\/de\/5-sterne-hotels-und-resorts-auf-den-malediven-9\/\">Seite 9<\/a><\/h3>\n\n\t\t<\/div>\n\t<\/div>\n<\/div><\/div><\/div><\/div>\n<\/div>","protected":false},"excerpt":{"rendered":"<div class=\"mh-excerpt\"><\/div>","protected":false},"author":1,"featured_media":0,"parent":0,"menu_order":0,"comment_status":"closed","ping_status":"closed","template":"","meta":{"footnotes":""},"class_list":["post-7996","page","type-page","status-publish"],"aioseo_notices":[],"_links":{"self":[{"href":"http:\/\/maldives-paradise.com\/de\/wp-json\/wp\/v2\/pages\/7996","targetHints":{"allow":["GET"]}}],"collection":[{"href":"http:\/\/maldives-paradise.com\/de\/wp-json\/wp\/v2\/pages"}],"about":[{"href":"http:\/\/maldives-paradise.com\/de\/wp-json\/wp\/v2\/types\/page"}],"author":[{"embeddable":true,"href":"http:\/\/maldives-paradise.com\/de\/wp-json\/wp\/v2\/users\/1"}],"replies":[{"embeddable":true,"href":"http:\/\/maldives-paradise.com\/de\/wp-json\/wp\/v2\/comments?post=7996"}],"version-history":[{"count":6,"href":"http:\/\/maldives-paradise.com\/de\/wp-json\/wp\/v2\/pages\/7996\/revisions"}],"predecessor-version":[{"id":34298,"href":"http:\/\/maldives-paradise.com\/de\/wp-json\/wp\/v2\/pages\/7996\/revisions\/34298"}],"wp:attachment":[{"href":"http:\/\/maldives-paradise.com\/de\/wp-json\/wp\/v2\/media?parent=7996"}],"curies":[{"name":"wp","href":"https:\/\/api.w.org\/{rel}","templated":true}]}}