{"id":7838,"date":"2023-12-31T07:27:13","date_gmt":"2023-12-31T07:27:13","guid":{"rendered":"http:\/\/maldives-paradise.com\/?page_id=7838"},"modified":"2025-10-02T07:12:53","modified_gmt":"2025-10-02T07:12:53","slug":"angsana-resort-und-spa-ihuru","status":"publish","type":"page","link":"http:\/\/maldives-paradise.com\/de\/angsana-resort-und-spa-ihuru\/","title":{"rendered":"Angsana Resort und Spa Ihuru"},"content":{"rendered":"<div class=\"wpb-content-wrapper\"><div class=\"vc_row wpb_row vc_row-fluid\"><div class=\"wpb_column vc_column_container vc_col-sm-12\"><div class=\"vc_column-inner\"><div class=\"wpb_wrapper\">\n\t<div class=\"wpb_text_column wpb_content_element\" >\n\t\t<div class=\"wpb_wrapper\">\n\t\t\t<h3>Entdecken Sie die Top-Features des Angsana Resort and Spa Ihuru auf den Malediven<\/h3>\n\n\t\t<\/div>\n\t<\/div>\n<\/div><\/div><\/div><\/div><div class=\"vc_row wpb_row vc_row-fluid\"><div class=\"wpb_column vc_column_container vc_col-sm-12\"><div class=\"vc_column-inner\"><div class=\"wpb_wrapper\">\n\t<div class=\"wpb_video_widget wpb_content_element vc_clearfix   vc_video-aspect-ratio-169 vc_video-el-width-100 vc_video-align-left\" >\n\t\t<div class=\"wpb_wrapper\">\n\t\t\t\n\t\t\t<div class=\"wpb_video_wrapper\"><iframe loading=\"lazy\" title=\"Angsana Ihuru\" width=\"500\" height=\"281\" src=\"https:\/\/www.youtube.com\/embed\/tYdRKx2V0po?feature=oembed\" frameborder=\"0\" allow=\"accelerometer; autoplay; clipboard-write; encrypted-media; gyroscope; picture-in-picture; web-share\" allowfullscreen><\/iframe><\/div>\n\t\t<\/div>\n\t<\/div>\n<\/div><\/div><\/div><\/div><div class=\"vc_row wpb_row vc_row-fluid\"><div class=\"wpb_column vc_column_container vc_col-sm-12\"><div class=\"vc_column-inner\"><div class=\"wpb_wrapper\">\n\t<div class=\"wpb_text_column wpb_content_element\" >\n\t\t<div class=\"wpb_wrapper\">\n\t\t\t<p>Entfliehen Sie in ein Reich unvergleichlichen Luxus und tropischer Gl\u00fcckseligkeit im <strong>Angsana Resort und Spa Ihuru<\/strong>, wo jeder Moment ein Meisterwerk der Opulenz und nat\u00fcrlichen Pracht ist. Dieses exklusive maledivische Refugium lockt anspruchsvolle Reisende mit seinen au\u00dfergew\u00f6hnlichen Merkmalen und verspricht einen unvergleichlichen Verw\u00f6hnurlaub.<\/p>\n<p><strong>Overwater-Bungalows:<\/strong><br \/>\nDas Angsana Resort and Spa Ihuru bietet eine Auswahl exquisiter \u00dcberwasserbungalows, die den G\u00e4sten einen atemberaubenden Blick auf den Indischen Ozean erm\u00f6glichen. Diese privaten Villen sind mit Glasb\u00f6den ausgestattet und bieten einen faszinierenden Einblick in das lebendige Meeresleben unter der Oberfl\u00e4che.<\/p>\n<p><strong>Private Villen am Strand:<\/strong><br \/>\nF\u00fcr diejenigen, die ein geerdeteres Erlebnis suchen, bietet das Resort private Strandvillen inmitten \u00fcppiger Vegetation. Die G\u00e4ste haben direkten Zugang zum Strand, was eine intime und idyllische Umgebung zum Entspannen schafft.<\/p>\n<p><strong>Schnorchelparadies:<\/strong><br \/>\nDas Hausriff um Ihuru ist ein Paradies f\u00fcr Schnorchelbegeisterte. Das Resort stellt kostenlose Schnorchelausr\u00fcstung zur Verf\u00fcgung, sodass G\u00e4ste die lebendigen Koralleng\u00e4rten erkunden und eine Vielzahl farbenfroher Meereslebewesen nur wenige Schritte von ihrer Unterkunft entfernt erleben k\u00f6nnen.<\/p>\n<p><strong>Preisgekr\u00f6ntes Spa:<\/strong><br \/>\nDas Angsana Spa ist eine Oase der Verj\u00fcngung, in der sich die G\u00e4ste mit einer Reihe von therapeutischen Behandlungen verw\u00f6hnen lassen k\u00f6nnen, die von asiatischen Traditionen inspiriert sind. Umgeben von den beruhigenden Ger\u00e4uschen des Ozeans bietet das Spa ein ganzheitliches Wellness-Erlebnis, das Geist, K\u00f6rper und Seele in Einklang bringt.<\/p>\n<p><strong>Gourmet-Essen:<\/strong><br \/>\nKulinarische Gen\u00fcsse erwarten Sie in den Restaurants des Resorts, wo erstklassige K\u00f6che ein abwechslungsreiches Men\u00fc zusammenstellen, das von lokalen Aromen und internationaler K\u00fcche inspiriert ist. G\u00e4ste k\u00f6nnen im Freien mit den Zehen im Sand speisen oder ein romantisches Abendessen unter dem Sternenhimmel der Malediven genie\u00dfen.<\/p>\n<p><strong>Tauchausfl\u00fcge:<\/strong><br \/>\nAbenteuerlustige k\u00f6nnen Tauchexpeditionen unternehmen, um die faszinierende Unterwasserwelt der Malediven zu erkunden. Das PADI-zertifizierte Tauchzentrum des Resorts bietet eine Reihe von Kursen und Ausfl\u00fcgen an, die sowohl f\u00fcr Anf\u00e4nger als auch f\u00fcr erfahrene Taucher geeignet sind.<\/p>\n<p><strong>Umweltschutz:<\/strong><br \/>\nDas Angsana Resort and Spa Ihuru setzt sich f\u00fcr nachhaltige und umweltfreundliche Praktiken ein. Das Resort beteiligt sich aktiv an Korallenschutzprogrammen und die G\u00e4ste k\u00f6nnen an Bildungsaktivit\u00e4ten teilnehmen, um mehr \u00fcber das empfindliche \u00d6kosystem der Malediven zu erfahren.<\/p>\n<p><strong>Personalisierte Erlebnisse:<\/strong><br \/>\nOb romantisches Abendessen am Strand, private Bootsfahrt bei Sonnenuntergang oder ma\u00dfgeschneidertes Spa-Paket \u2013 das aufmerksame Personal des Resorts tut sein Bestes, um auf die individuellen W\u00fcnsche der G\u00e4ste einzugehen und ihnen einen wirklich pers\u00f6nlichen und unvergesslichen Aufenthalt zu bereiten.<\/p>\n<p>Zusammenfassend l\u00e4sst sich sagen, dass das Angsana Resort and Spa Ihuru ein Beispiel f\u00fcr Luxus auf den Malediven ist und eine harmonische Mischung aus nat\u00fcrlicher Sch\u00f6nheit, gehobener Unterkunft und unvergleichlichen Erlebnissen bietet. Es ist ein Reiseziel, wo jeder Moment eine Gelegenheit ist, wertvolle Erinnerungen in einer der bezauberndsten Umgebungen der Welt zu schaffen.<\/p>\n\n\t\t<\/div>\n\t<\/div>\n<\/div><\/div><\/div><\/div><div class=\"vc_row wpb_row vc_row-fluid\"><div class=\"wpb_column vc_column_container vc_col-sm-12\"><div class=\"vc_column-inner\"><div class=\"wpb_wrapper\">\n\t<div class=\"wpb_text_column wpb_content_element\" >\n\t\t<div class=\"wpb_wrapper\">\n\t\t\t<p><strong><a title=\"Dhawa Ihuru\" href=\"https:\/\/trip.tpo.lv\/59Cvcbmi\" target=\"blanc2\" rel=\"nofollow\">Check availability and book with best price at Dhawa Ihuru here &gt;&gt;<\/a><\/strong><\/p>\n\n\t\t<\/div>\n\t<\/div>\n<\/div><\/div><\/div><\/div><div class=\"vc_row wpb_row vc_row-fluid\"><div class=\"wpb_column vc_column_container vc_col-sm-12\"><div class=\"vc_column-inner\"><div class=\"wpb_wrapper\">\n<div class=\"vc_grid-container-wrapper vc_clearfix vc_grid-animation-fadeIn\">\n\t<div class=\"vc_grid-container vc_clearfix wpb_content_element vc_basic_grid\" data-initial-loading-animation=\"fadeIn\" data-vc-grid-settings=\"{&quot;page_id&quot;:7838,&quot;style&quot;:&quot;all&quot;,&quot;action&quot;:&quot;vc_get_vc_grid_data&quot;,&quot;shortcode_id&quot;:&quot;1759389046717-a0954494-cde1-4&quot;,&quot;tag&quot;:&quot;vc_basic_grid&quot;}\" data-vc-request=\"https:\/\/maldives-paradise.com\/wp-admin\/admin-ajax.php\" data-vc-post-id=\"7838\" data-vc-public-nonce=\"6134f6540d\">\n\t\t\n\t<\/div>\n<\/div><\/div><\/div><\/div><\/div>\n<\/div>","protected":false},"excerpt":{"rendered":"<div class=\"mh-excerpt\"><\/div>","protected":false},"author":1,"featured_media":7839,"parent":0,"menu_order":0,"comment_status":"closed","ping_status":"closed","template":"","meta":{"footnotes":""},"class_list":["post-7838","page","type-page","status-publish","has-post-thumbnail"],"aioseo_notices":[],"_links":{"self":[{"href":"http:\/\/maldives-paradise.com\/de\/wp-json\/wp\/v2\/pages\/7838","targetHints":{"allow":["GET"]}}],"collection":[{"href":"http:\/\/maldives-paradise.com\/de\/wp-json\/wp\/v2\/pages"}],"about":[{"href":"http:\/\/maldives-paradise.com\/de\/wp-json\/wp\/v2\/types\/page"}],"author":[{"embeddable":true,"href":"http:\/\/maldives-paradise.com\/de\/wp-json\/wp\/v2\/users\/1"}],"replies":[{"embeddable":true,"href":"http:\/\/maldives-paradise.com\/de\/wp-json\/wp\/v2\/comments?post=7838"}],"version-history":[{"count":3,"href":"http:\/\/maldives-paradise.com\/de\/wp-json\/wp\/v2\/pages\/7838\/revisions"}],"predecessor-version":[{"id":42534,"href":"http:\/\/maldives-paradise.com\/de\/wp-json\/wp\/v2\/pages\/7838\/revisions\/42534"}],"wp:featuredmedia":[{"embeddable":true,"href":"http:\/\/maldives-paradise.com\/de\/wp-json\/wp\/v2\/media\/7839"}],"wp:attachment":[{"href":"http:\/\/maldives-paradise.com\/de\/wp-json\/wp\/v2\/media?parent=7838"}],"curies":[{"name":"wp","href":"https:\/\/api.w.org\/{rel}","templated":true}]}}