{"id":19548,"date":"2024-07-20T09:28:05","date_gmt":"2024-07-20T09:28:05","guid":{"rendered":"http:\/\/maldives-paradise.com\/?page_id=19548"},"modified":"2025-11-26T09:24:35","modified_gmt":"2025-11-26T09:24:35","slug":"die-12-besten-tauchresorts-auf-den-malediven","status":"publish","type":"page","link":"http:\/\/maldives-paradise.com\/de\/die-12-besten-tauchresorts-auf-den-malediven\/","title":{"rendered":"Die besten Tauchresorts auf den Malediven"},"content":{"rendered":"<div class=\"wpb-content-wrapper\"><div class=\"vc_row wpb_row vc_row-fluid\"><div class=\"wpb_column vc_column_container vc_col-sm-12\"><div class=\"vc_column-inner\"><div class=\"wpb_wrapper\">\n\t<div class=\"wpb_text_column wpb_content_element\" >\n\t\t<div class=\"wpb_wrapper\">\n\t\t\t<h4>Entdecken Sie die besten Tauchresorts auf den Malediven<\/h4>\n<p>Die Malediven sind mit ihrem kristallklaren Wasser, den farbenfrohen Korallenriffen und der vielf\u00e4ltigen Unterwasserwelt ein Paradies f\u00fcr Taucher. Sie beherbergen einige der luxuri\u00f6sesten Tauchresorts der Welt und bieten unvergleichliche Taucherlebnisse. Wir stellen Ihnen einige der besten Tauchresorts der Malediven vor, die jeweils einzigartige Annehmlichkeiten, atemberaubende Unterwasserabenteuer und luxuri\u00f6se Unterk\u00fcnfte bieten.<\/p>\n\n\t\t<\/div>\n\t<\/div>\n<\/div><\/div><\/div><\/div><div class=\"vc_row wpb_row vc_row-fluid\"><div class=\"wpb_column vc_column_container vc_col-sm-3\"><div class=\"vc_column-inner\"><div class=\"wpb_wrapper\">\n\t<div  class=\"wpb_single_image wpb_content_element vc_align_left wpb_content_element\">\n\t\t\n\t\t<figure class=\"wpb_wrapper vc_figure\">\n\t\t\t<div class=\"vc_single_image-wrapper   vc_box_border_grey\"><img loading=\"lazy\" decoding=\"async\" width=\"150\" height=\"150\" src=\"https:\/\/maldives-paradise.com\/wp-content\/uploads\/2024\/07\/vilamendhoo-150x150.jpg\" class=\"vc_single_image-img attachment-thumbnail\" alt=\"Vilamendhoo Island Resort\" title=\"vilamendhoo\" \/><\/div>\n\t\t<\/figure>\n\t<\/div>\n<\/div><\/div><\/div><div class=\"wpb_column vc_column_container vc_col-sm-9\"><div class=\"vc_column-inner\"><div class=\"wpb_wrapper\">\n\t<div class=\"wpb_text_column wpb_content_element\" >\n\t\t<div class=\"wpb_wrapper\">\n\t\t\t<h4><a href=\"https:\/\/lamp.glopss.com\/SHUi\" target=\"_blank\" rel=\"nofollow noopener\">Vilamendhoo Island Resort<\/a><\/h4>\n<p>Das Vilamendhoo Island Resort liegt im S\u00fcd-Ari-Atoll und ist bekannt f\u00fcr seine N\u00e4he zu einigen der besten Tauchpl\u00e4tze der Malediven. Das Resort bietet \u00dcberwasser- und Gartenvillen, erstklassige Restaurants und ein breites Wassersportangebot. Taucher k\u00f6nnen farbenfrohe Korallenriffe erkunden, Mantas begegnen und sogar Walhaie beobachten.<\/p>\n\n\t\t<\/div>\n\t<\/div>\n<\/div><\/div><\/div><\/div><div class=\"vc_row wpb_row vc_row-fluid\"><div class=\"wpb_column vc_column_container vc_col-sm-3\"><div class=\"vc_column-inner\"><div class=\"wpb_wrapper\">\n\t<div  class=\"wpb_single_image wpb_content_element vc_align_left wpb_content_element\">\n\t\t\n\t\t<figure class=\"wpb_wrapper vc_figure\">\n\t\t\t<div class=\"vc_single_image-wrapper   vc_box_border_grey\"><img loading=\"lazy\" decoding=\"async\" width=\"150\" height=\"150\" src=\"https:\/\/maldives-paradise.com\/wp-content\/uploads\/2024\/07\/Kuredu-house-reef-2-150x150.jpg\" class=\"vc_single_image-img attachment-thumbnail\" alt=\"Hausriff des Kuredu Island Resort &amp; Spa\" title=\"Kuredu-Hausriff-2\" \/><\/div>\n\t\t<\/figure>\n\t<\/div>\n<\/div><\/div><\/div><div class=\"wpb_column vc_column_container vc_col-sm-9\"><div class=\"vc_column-inner\"><div class=\"wpb_wrapper\">\n\t<div class=\"wpb_text_column wpb_content_element\" >\n\t\t<div class=\"wpb_wrapper\">\n\t\t\t<h4><a href=\"https:\/\/lamp.glopss.com\/SHUf\" target=\"_blank\" rel=\"nofollow noopener\">Kuredu Resort &amp; Spa<\/a><\/h4>\n<p>Das Kuredu Resort &amp; Spa im Lhaviyani-Atoll bietet ein vielf\u00e4ltiges Taucherlebnis. Dank des eigenen Prodivers-Centers k\u00f6nnen G\u00e4ste gef\u00fchrte Tauchg\u00e4nge, Kurse und Ausr\u00fcstungsverleih in Anspruch nehmen. Das Resort ist sowohl f\u00fcr Anf\u00e4nger als auch f\u00fcr erfahrene Taucher geeignet und bietet Zugang zu \u00fcber 60 Tauchpl\u00e4tzen, darunter die ber\u00fchmten Kuredu-H\u00f6hlen.<\/p>\n\n\t\t<\/div>\n\t<\/div>\n<\/div><\/div><\/div><\/div><div class=\"vc_row wpb_row vc_row-fluid\"><div class=\"wpb_column vc_column_container vc_col-sm-3\"><div class=\"vc_column-inner\"><div class=\"wpb_wrapper\">\n\t<div  class=\"wpb_single_image wpb_content_element vc_align_left wpb_content_element\">\n\t\t\n\t\t<figure class=\"wpb_wrapper vc_figure\">\n\t\t\t<div class=\"vc_single_image-wrapper   vc_box_border_grey\"><img loading=\"lazy\" decoding=\"async\" width=\"150\" height=\"150\" src=\"https:\/\/maldives-paradise.com\/wp-content\/uploads\/2024\/07\/komandoo-150x150.jpg\" class=\"vc_single_image-img attachment-thumbnail\" alt=\"Komandoo Malediven Resort\" title=\"Komandoo\" \/><\/div>\n\t\t<\/figure>\n\t<\/div>\n<\/div><\/div><\/div><div class=\"wpb_column vc_column_container vc_col-sm-9\"><div class=\"vc_column-inner\"><div class=\"wpb_wrapper\">\n\t<div class=\"wpb_text_column wpb_content_element\" >\n\t\t<div class=\"wpb_wrapper\">\n\t\t\t<h4><a href=\"https:\/\/hotellook.tp.st\/m18hEKIZ\" target=\"_blank\" rel=\"nofollow noopener\">Komandoo Malediven Resort<\/a><\/h4>\n<p>Das Komandoo Maldives Resort All-Inclusive ist ein Boutique-Resort im Lhaviyani-Atoll und bietet Tauchbegeisterten eine ruhige und intime Atmosph\u00e4re. Das Hausriff des Resorts wimmelt von Meereslebewesen, und das Tauchzentrum bietet pers\u00f6nlichen Service und fachkundige Beratung. Komandoo ist ideal f\u00fcr Paare, die einen romantischen Kurzurlaub mit aufregenden Unterwasserabenteuern verbinden m\u00f6chten.<\/p>\n\n\t\t<\/div>\n\t<\/div>\n<\/div><\/div><\/div><\/div><div class=\"vc_row wpb_row vc_row-fluid\"><div class=\"wpb_column vc_column_container vc_col-sm-3\"><div class=\"vc_column-inner\"><div class=\"wpb_wrapper\">\n\t<div  class=\"wpb_single_image wpb_content_element vc_align_left wpb_content_element\">\n\t\t\n\t\t<figure class=\"wpb_wrapper vc_figure\">\n\t\t\t<div class=\"vc_single_image-wrapper   vc_box_border_grey\"><img loading=\"lazy\" decoding=\"async\" width=\"150\" height=\"150\" src=\"https:\/\/maldives-paradise.com\/wp-content\/uploads\/2024\/01\/soneva-fushi2-150x150.jpg\" class=\"vc_single_image-img attachment-thumbnail\" alt=\"Soneva Fushi\" title=\"soneva-fushi2\" \/><\/div>\n\t\t<\/figure>\n\t<\/div>\n<\/div><\/div><\/div><div class=\"wpb_column vc_column_container vc_col-sm-9\"><div class=\"vc_column-inner\"><div class=\"wpb_wrapper\">\n\t<div class=\"wpb_text_column wpb_content_element\" >\n\t\t<div class=\"wpb_wrapper\">\n\t\t\t<h4><a href=\"https:\/\/trip.tpo.lv\/s4Vbr1lj\" target=\"_blank\" rel=\"nofollow noopener\">Soneva Fushi<\/a><\/h4>\n<p>Soneva Fushi im Baa-Atoll ist ein luxuri\u00f6ses \u00d6ko-Resort mit exklusivem Taucherlebnis. Das Tauchzentrum des Resorts, das Soleni Dive Centre, bietet Tauchern aller Niveaus individuelle Tauchprogramme und Ausfl\u00fcge in das UNESCO-Biosph\u00e4renreservat. G\u00e4ste k\u00f6nnen atemberaubende Koralleng\u00e4rten, Mantarochen-Putzstationen und die reiche Meeresbiodiversit\u00e4t erkunden.<\/p>\n\n\t\t<\/div>\n\t<\/div>\n<\/div><\/div><\/div><\/div><div class=\"vc_row wpb_row vc_row-fluid\"><div class=\"wpb_column vc_column_container vc_col-sm-3\"><div class=\"vc_column-inner\"><div class=\"wpb_wrapper\">\n\t<div  class=\"wpb_single_image wpb_content_element vc_align_left wpb_content_element\">\n\t\t\n\t\t<figure class=\"wpb_wrapper vc_figure\">\n\t\t\t<div class=\"vc_single_image-wrapper   vc_box_border_grey\"><img loading=\"lazy\" decoding=\"async\" width=\"150\" height=\"150\" src=\"https:\/\/maldives-paradise.com\/wp-content\/uploads\/2024\/07\/mirihi-project-hope-coral-reef-150x150.jpg\" class=\"vc_single_image-img attachment-thumbnail\" alt=\"Hausriff des Mirihi Island Resorts\" title=\"Mirihi-Projekt-Hoffnung-Korallenriff\" \/><\/div>\n\t\t<\/figure>\n\t<\/div>\n<\/div><\/div><\/div><div class=\"wpb_column vc_column_container vc_col-sm-9\"><div class=\"vc_column-inner\"><div class=\"wpb_wrapper\">\n\t<div class=\"wpb_text_column wpb_content_element\" >\n\t\t<div class=\"wpb_wrapper\">\n\t\t\t<h4><a href=\"https:\/\/trip.tpo.lv\/eo4xHL7L\" target=\"_blank\" rel=\"nofollow noopener\">Mirihi Island Resort<\/a><\/h4>\n<p>Das Mirihi Island Resort ist ein verstecktes Juwel im S\u00fcd-Ari-Atoll und bekannt f\u00fcr sein unber\u00fchrtes Hausriff und seine luxuri\u00f6sen Unterk\u00fcnfte. Das Resort bietet verschiedene Tauchpakete und -kurse an, mit denen G\u00e4ste nahegelegene Tauchpl\u00e4tze erkunden k\u00f6nnen, die f\u00fcr Walhaie, Mantarochen und farbenfrohe Korallenriffe bekannt sind. Mirihi bietet die perfekte Mischung aus Entspannung und Abenteuer.<\/p>\n\n\t\t<\/div>\n\t<\/div>\n<\/div><\/div><\/div><\/div><div class=\"vc_row wpb_row vc_row-fluid\"><div class=\"wpb_column vc_column_container vc_col-sm-3\"><div class=\"vc_column-inner\"><div class=\"wpb_wrapper\">\n\t<div  class=\"wpb_single_image wpb_content_element vc_align_left wpb_content_element\">\n\t\t\n\t\t<figure class=\"wpb_wrapper vc_figure\">\n\t\t\t<div class=\"vc_single_image-wrapper   vc_box_border_grey\"><img loading=\"lazy\" decoding=\"async\" width=\"150\" height=\"150\" src=\"https:\/\/maldives-paradise.com\/wp-content\/uploads\/2024\/07\/oblu-nature-helengeli-coral-reef-150x150.jpg\" class=\"vc_single_image-img attachment-thumbnail\" alt=\"Oblu Nature Helengeli Hausriff\" title=\"Oblu-Natur-Helengeli-Korallenriff\" \/><\/div>\n\t\t<\/figure>\n\t<\/div>\n<\/div><\/div><\/div><div class=\"wpb_column vc_column_container vc_col-sm-9\"><div class=\"vc_column-inner\"><div class=\"wpb_wrapper\">\n\t<div class=\"wpb_text_column wpb_content_element\" >\n\t\t<div class=\"wpb_wrapper\">\n\t\t\t<h4><a href=\"https:\/\/trip.tpo.lv\/WIqOrYJZ\" target=\"_blank\" rel=\"nofollow noopener\">Oblu Nature Helengeli<\/a><\/h4>\n<p>Oblu Nature Helengeli liegt im Nord-Mal\u00e9-Atoll und ist ein Taucherparadies mit eigenem PADI-zertifiziertem Tauchzentrum. Die einzigartige Lage des Resorts bietet Zugang zu \u00fcber 30 Tauchpl\u00e4tzen, darunter farbenfrohe Korallenw\u00e4nde, H\u00f6hlen und Kan\u00e4le voller Meereslebewesen. Oblu Nature Helengeli ist au\u00dferdem f\u00fcr sein lebendiges Hausriff und seinen gro\u00dfen Fischbestand bekannt.<\/p>\n\n\t\t<\/div>\n\t<\/div>\n<\/div><\/div><\/div><\/div><div class=\"vc_row wpb_row vc_row-fluid\"><div class=\"wpb_column vc_column_container vc_col-sm-3\"><div class=\"vc_column-inner\"><div class=\"wpb_wrapper\">\n\t<div  class=\"wpb_single_image wpb_content_element vc_align_left wpb_content_element\">\n\t\t\n\t\t<figure class=\"wpb_wrapper vc_figure\">\n\t\t\t<div class=\"vc_single_image-wrapper   vc_box_border_grey\"><img loading=\"lazy\" decoding=\"async\" width=\"150\" height=\"150\" src=\"https:\/\/maldives-paradise.com\/wp-content\/uploads\/2024\/07\/Filitheyo_Diving1-150x150.jpg\" class=\"vc_single_image-img attachment-thumbnail\" alt=\"Filitheyo Island Resort\" title=\"Filitheyo_Diving1\" \/><\/div>\n\t\t<\/figure>\n\t<\/div>\n<\/div><\/div><\/div><div class=\"wpb_column vc_column_container vc_col-sm-9\"><div class=\"vc_column-inner\"><div class=\"wpb_wrapper\">\n\t<div class=\"wpb_text_column wpb_content_element\" >\n\t\t<div class=\"wpb_wrapper\">\n\t\t\t<h4><a href=\"https:\/\/trip.tpo.lv\/7UgokmDV\" target=\"_blank\" rel=\"nofollow noopener\">Filitheyo Island Resort<\/a><\/h4>\n<p>Das Filitheyo Island Resort im Faafu-Atoll ist ein Paradies f\u00fcr Taucher, die unber\u00fchrte Riffe und eine vielf\u00e4ltige Unterwasserwelt erkunden m\u00f6chten. Das Tauchzentrum des Resorts, das Werner Lau Dive Center, bietet eine breite Palette an Tauchm\u00f6glichkeiten, von Hausriff-Tauchg\u00e4ngen bis hin zu Ausfl\u00fcgen zu nahegelegenen Tauchpl\u00e4tzen. Die abgeschiedene Lage von Filitheyo garantiert ein ruhiges und abgeschiedenes Taucherlebnis.<\/p>\n\n\t\t<\/div>\n\t<\/div>\n<\/div><\/div><\/div><\/div><div class=\"vc_row wpb_row vc_row-fluid\"><div class=\"wpb_column vc_column_container vc_col-sm-3\"><div class=\"vc_column-inner\"><div class=\"wpb_wrapper\">\n\t<div  class=\"wpb_single_image wpb_content_element vc_align_left wpb_content_element\">\n\t\t\n\t\t<figure class=\"wpb_wrapper vc_figure\">\n\t\t\t<div class=\"vc_single_image-wrapper   vc_box_border_grey\"><img loading=\"lazy\" decoding=\"async\" width=\"150\" height=\"150\" src=\"https:\/\/maldives-paradise.com\/wp-content\/uploads\/2024\/07\/six-senses-laamu-150x150.jpg\" class=\"vc_single_image-img attachment-thumbnail\" alt=\"Sechs Sinne Laamu\" title=\"Sechs Sinne-Laamu\" \/><\/div>\n\t\t<\/figure>\n\t<\/div>\n<\/div><\/div><\/div><div class=\"wpb_column vc_column_container vc_col-sm-9\"><div class=\"vc_column-inner\"><div class=\"wpb_wrapper\">\n\t<div class=\"wpb_text_column wpb_content_element\" >\n\t\t<div class=\"wpb_wrapper\">\n\t\t\t<h4><a href=\"https:\/\/trip.tpo.lv\/ok4LiuYE\" target=\"_blank\" rel=\"nofollow noopener\">Sechs Sinne Laamu<\/a><\/h4>\n<p>Das Six Senses Laamu liegt im Laamu-Atoll und bietet ein luxuri\u00f6ses und nachhaltiges Taucherlebnis. Das Tauchzentrum des Resorts, Deep Blue Divers, bietet Zugang zu unber\u00fchrten Tauchpl\u00e4tzen, darunter Kan\u00e4le, \u00dcberh\u00e4nge und Koralleng\u00e4rten. G\u00e4ste k\u00f6nnen eine Vielzahl von Meereslebewesen wie Mantarochen, Schildkr\u00f6ten und Riffhaien erleben und gleichzeitig den umweltfreundlichen Luxus des Resorts genie\u00dfen.<\/p>\n\n\t\t<\/div>\n\t<\/div>\n<\/div><\/div><\/div><\/div><div class=\"vc_row wpb_row vc_row-fluid\"><div class=\"wpb_column vc_column_container vc_col-sm-3\"><div class=\"vc_column-inner\"><div class=\"wpb_wrapper\">\n\t<div  class=\"wpb_single_image wpb_content_element vc_align_left wpb_content_element\">\n\t\t\n\t\t<figure class=\"wpb_wrapper vc_figure\">\n\t\t\t<div class=\"vc_single_image-wrapper   vc_box_border_grey\"><img loading=\"lazy\" decoding=\"async\" width=\"150\" height=\"150\" src=\"https:\/\/maldives-paradise.com\/wp-content\/uploads\/2024\/01\/anantara-fish-150x150.jpg\" class=\"vc_single_image-img attachment-thumbnail\" alt=\"Anantara Kihavah Malediven Villen\" title=\"Anantara-Fisch\" \/><\/div>\n\t\t<\/figure>\n\t<\/div>\n<\/div><\/div><\/div><div class=\"wpb_column vc_column_container vc_col-sm-9\"><div class=\"vc_column-inner\"><div class=\"wpb_wrapper\">\n\t<div class=\"wpb_text_column wpb_content_element\" >\n\t\t<div class=\"wpb_wrapper\">\n\t\t\t<h4><a href=\"https:\/\/lamp.glopss.com\/SHUs\" target=\"_blank\" rel=\"nofollow noopener\">Anantara Kihavah Malediven Villen<\/a><\/h4>\n<p>Die Anantara Kihavah Maldives Villas im Baa-Atoll bieten erstklassige Taucherlebnisse in einem UNESCO-Biosph\u00e4renreservat. Das Tauchzentrum des Resorts, Dive Butler International, bietet ma\u00dfgeschneiderte Taucherlebnisse, darunter Nachttauchg\u00e4nge und private Ausfl\u00fcge. G\u00e4ste k\u00f6nnen farbenfrohe Korallenriffe und Mantarochen-Putzstationen erkunden und sogar mit Walhaien schnorcheln.<\/p>\n\n\t\t<\/div>\n\t<\/div>\n<\/div><\/div><\/div><\/div><div class=\"vc_row wpb_row vc_row-fluid\"><div class=\"wpb_column vc_column_container vc_col-sm-3\"><div class=\"vc_column-inner\"><div class=\"wpb_wrapper\">\n\t<div  class=\"wpb_single_image wpb_content_element vc_align_left wpb_content_element\">\n\t\t\n\t\t<figure class=\"wpb_wrapper vc_figure\">\n\t\t\t<div class=\"vc_single_image-wrapper   vc_box_border_grey\"><img loading=\"lazy\" decoding=\"async\" width=\"150\" height=\"150\" src=\"https:\/\/maldives-paradise.com\/wp-content\/uploads\/2024\/07\/hurawalhi-diving-prodivers-coral-reef-150x150.jpg\" class=\"vc_single_image-img attachment-thumbnail\" alt=\"Hausriff des Hurawalhi Island Resorts\" title=\"Hurawalhi-Tauchen-Prodivers-Korallenriff\" \/><\/div>\n\t\t<\/figure>\n\t<\/div>\n<\/div><\/div><\/div><div class=\"wpb_column vc_column_container vc_col-sm-9\"><div class=\"vc_column-inner\"><div class=\"wpb_wrapper\">\n\t<div class=\"wpb_text_column wpb_content_element\" >\n\t\t<div class=\"wpb_wrapper\">\n\t\t\t<h4><a href=\"https:\/\/hotellook.tp.st\/6FluoLuO\" target=\"_blank\" rel=\"nofollow noopener\">Hurawalhi Island Resort<\/a><\/h4>\n<p>Das Hurawalhi Island Resort im Lhaviyani-Atoll ist ein luxuri\u00f6ses All-Inclusive-Resort nur f\u00fcr Erwachsene, das f\u00fcr seine atemberaubenden Unterwassererlebnisse bekannt ist. Das Tauchzentrum des Resorts bietet Zugang zu \u00fcber 50 Tauchpl\u00e4tzen, darunter auch dem ber\u00fchmten Manta Point. Hurawalhi verf\u00fcgt au\u00dferdem \u00fcber das weltweit gr\u00f6\u00dfte komplett verglaste Unterwasserrestaurant und bietet ein einzigartiges kulinarisches Erlebnis inmitten der Unterwasserwelt.<\/p>\n\n\t\t<\/div>\n\t<\/div>\n<\/div><\/div><\/div><\/div><div class=\"vc_row wpb_row vc_row-fluid\"><div class=\"wpb_column vc_column_container vc_col-sm-3\"><div class=\"vc_column-inner\"><div class=\"wpb_wrapper\">\n\t<div  class=\"wpb_single_image wpb_content_element vc_align_left wpb_content_element\">\n\t\t\n\t\t<figure class=\"wpb_wrapper vc_figure\">\n\t\t\t<div class=\"vc_single_image-wrapper   vc_box_border_grey\"><img loading=\"lazy\" decoding=\"async\" width=\"150\" height=\"150\" src=\"https:\/\/maldives-paradise.com\/wp-content\/uploads\/2024\/07\/baros-coral-reef-150x150.jpg\" class=\"vc_single_image-img attachment-thumbnail\" alt=\"Baros Maldives Hausriff\" title=\"Baros-Korallenriff\" \/><\/div>\n\t\t<\/figure>\n\t<\/div>\n<\/div><\/div><\/div><div class=\"wpb_column vc_column_container vc_col-sm-9\"><div class=\"vc_column-inner\"><div class=\"wpb_wrapper\">\n\t<div class=\"wpb_text_column wpb_content_element\" >\n\t\t<div class=\"wpb_wrapper\">\n\t\t\t<h4><a href=\"https:\/\/lamp.glopss.com\/SHUm\" target=\"_blank\" rel=\"nofollow noopener\">Baros Malediven<\/a><\/h4>\n<p>Baros Maldives liegt im Nord-Mal\u00e9-Atoll und ist ein renommiertes Luxusresort mit Schwerpunkt auf Tauchen. Das Tauchzentrum des Resorts, Dive Baros Maldives, bietet individuelle Taucherlebnisse, darunter Tauchg\u00e4nge am Hausriff und Ausfl\u00fcge zu nahegelegenen Tauchpl\u00e4tzen. Baros ist mit seiner vielf\u00e4ltigen Unterwasserwelt und den unber\u00fchrten Korallenriffen ideal f\u00fcr Anf\u00e4nger und erfahrene Taucher.<\/p>\n\n\t\t<\/div>\n\t<\/div>\n<\/div><\/div><\/div><\/div><div class=\"vc_row wpb_row vc_row-fluid\"><div class=\"wpb_column vc_column_container vc_col-sm-3\"><div class=\"vc_column-inner\"><div class=\"wpb_wrapper\">\n\t<div  class=\"wpb_single_image wpb_content_element vc_align_left wpb_content_element\">\n\t\t\n\t\t<figure class=\"wpb_wrapper vc_figure\">\n\t\t\t<div class=\"vc_single_image-wrapper   vc_box_border_grey\"><img loading=\"lazy\" decoding=\"async\" width=\"150\" height=\"150\" src=\"https:\/\/maldives-paradise.com\/wp-content\/uploads\/2024\/07\/Milaidhoo-Maldives_diving-150x150.jpg\" class=\"vc_single_image-img attachment-thumbnail\" alt=\"Milaidhoo Island Malediven\" title=\"Milaidhoo-Malediven_Tauchen\" \/><\/div>\n\t\t<\/figure>\n\t<\/div>\n<\/div><\/div><\/div><div class=\"wpb_column vc_column_container vc_col-sm-9\"><div class=\"vc_column-inner\"><div class=\"wpb_wrapper\">\n\t<div class=\"wpb_text_column wpb_content_element\" >\n\t\t<div class=\"wpb_wrapper\">\n\t\t\t<h4><a href=\"https:\/\/lamp.glopss.com\/SHUd\" target=\"_blank\" rel=\"nofollow noopener\">Milaidhoo Island Malediven<\/a><\/h4>\n<p>Milaidhoo Island Maldives im Baa-Atoll bietet ein exklusives Taucherlebnis in atemberaubender Umgebung. Das Tauchzentrum des Resorts bietet Zugang zur reichen Meeresbiodiversit\u00e4t des Baa-Atolls, darunter Mantarochen-Putzstationen und lebendige Koralleng\u00e4rten. Milaidhoos luxuri\u00f6se Villen und der pers\u00f6nliche Service machen es zur perfekten Wahl f\u00fcr anspruchsvolle Taucher.<\/p>\n\n\t\t<\/div>\n\t<\/div>\n<\/div><\/div><\/div><\/div><div class=\"vc_row wpb_row vc_row-fluid\"><div class=\"wpb_column vc_column_container vc_col-sm-12\"><div class=\"vc_column-inner\"><div class=\"wpb_wrapper\">\n\t<div class=\"wpb_text_column wpb_content_element\" >\n\t\t<div class=\"wpb_wrapper\">\n\t\t\t<p>Die Malediven beherbergen einige der weltbesten Tauchresorts, die einzigartige Taucherlebnisse und luxuri\u00f6se Unterk\u00fcnfte bieten. Ob Anf\u00e4nger oder erfahrener Taucher, diese Resorts bieten Zugang zu atemberaubenden Unterwasserlandschaften, einer vielf\u00e4ltigen Unterwasserwelt und unvergleichlichem Luxus. Vom ruhigen Komandoo Island Resort &amp; Spa bis zum umweltfreundlichen Six Senses Laamu bieten die Malediven f\u00fcr jeden Geschmack und jede Vorliebe das passende Tauchresort.<\/p>\n\n\t\t<\/div>\n\t<\/div>\n<\/div><\/div><\/div><\/div><div class=\"vc_row wpb_row vc_row-fluid\"><div class=\"wpb_column vc_column_container vc_col-sm-12\"><div class=\"vc_column-inner\"><div class=\"wpb_wrapper\">\n\t<div class=\"wpb_text_column wpb_content_element\" >\n\t\t<div class=\"wpb_wrapper\">\n\t\t\t<p><strong>Siehe auch <a title=\"Die 12 Resorts mit dem besten Hausriff auf den Malediven\" href=\"http:\/\/maldives-paradise.com\/de\/die-12-resorts-mit-dem-besten-hausriff-auf-den-malediven\/\">Die 12 Resorts mit dem besten Hausriff auf den Malediven<\/a><\/strong><\/p>\n\n\t\t<\/div>\n\t<\/div>\n<\/div><\/div><\/div><\/div>\n<\/div>","protected":false},"excerpt":{"rendered":"<div class=\"mh-excerpt\"><\/div>","protected":false},"author":1,"featured_media":19248,"parent":0,"menu_order":0,"comment_status":"closed","ping_status":"closed","template":"","meta":{"footnotes":""},"class_list":["post-19548","page","type-page","status-publish","has-post-thumbnail"],"aioseo_notices":[],"_links":{"self":[{"href":"http:\/\/maldives-paradise.com\/de\/wp-json\/wp\/v2\/pages\/19548","targetHints":{"allow":["GET"]}}],"collection":[{"href":"http:\/\/maldives-paradise.com\/de\/wp-json\/wp\/v2\/pages"}],"about":[{"href":"http:\/\/maldives-paradise.com\/de\/wp-json\/wp\/v2\/types\/page"}],"author":[{"embeddable":true,"href":"http:\/\/maldives-paradise.com\/de\/wp-json\/wp\/v2\/users\/1"}],"replies":[{"embeddable":true,"href":"http:\/\/maldives-paradise.com\/de\/wp-json\/wp\/v2\/comments?post=19548"}],"version-history":[{"count":6,"href":"http:\/\/maldives-paradise.com\/de\/wp-json\/wp\/v2\/pages\/19548\/revisions"}],"predecessor-version":[{"id":45307,"href":"http:\/\/maldives-paradise.com\/de\/wp-json\/wp\/v2\/pages\/19548\/revisions\/45307"}],"wp:featuredmedia":[{"embeddable":true,"href":"http:\/\/maldives-paradise.com\/de\/wp-json\/wp\/v2\/media\/19248"}],"wp:attachment":[{"href":"http:\/\/maldives-paradise.com\/de\/wp-json\/wp\/v2\/media?parent=19548"}],"curies":[{"name":"wp","href":"https:\/\/api.w.org\/{rel}","templated":true}]}}