{"id":19235,"date":"2024-07-16T15:04:56","date_gmt":"2024-07-16T15:04:56","guid":{"rendered":"http:\/\/maldives-paradise.com\/?page_id=19235"},"modified":"2025-10-10T14:18:05","modified_gmt":"2025-10-10T14:18:05","slug":"die-12-resorts-mit-dem-besten-hausriff-auf-den-malediven","status":"publish","type":"page","link":"http:\/\/maldives-paradise.com\/de\/die-12-resorts-mit-dem-besten-hausriff-auf-den-malediven\/","title":{"rendered":"12 Resorts mit dem besten Hausriff auf den Malediven"},"content":{"rendered":"<div class=\"wpb-content-wrapper\"><div class=\"vc_row wpb_row vc_row-fluid\"><div class=\"wpb_column vc_column_container vc_col-sm-12\"><div class=\"vc_column-inner\"><div class=\"wpb_wrapper\">\n\t<div class=\"wpb_text_column wpb_content_element\" >\n\t\t<div class=\"wpb_wrapper\">\n\t\t\t<h4>Die sch\u00f6nsten Hausriffe der Malediven erkunden: Top-Resorts f\u00fcr Meeresliebhaber<\/h4>\n<p>Unter den unz\u00e4hligen Luxusresorts auf den Malediven stechen einige mit ihren au\u00dfergew\u00f6hnlichen Hausriffen hervor, die den G\u00e4sten die M\u00f6glichkeit bieten, direkt vom Ufer aus zu schnorcheln und zu tauchen. Hier erkunden wir die Resorts mit den besten Hausriffen auf den Malediven, die Meeresliebhabern ein unvergessliches Unterwassererlebnis bieten. Hier sind die besten Resorts mit dem besten Hausriff auf den Malediven.<\/p>\n\n\t\t<\/div>\n\t<\/div>\n<\/div><\/div><\/div><\/div><div class=\"vc_row wpb_row vc_row-fluid\"><div class=\"wpb_column vc_column_container vc_col-sm-3\"><div class=\"vc_column-inner\"><div class=\"wpb_wrapper\">\n\t<div  class=\"wpb_single_image wpb_content_element vc_align_left wpb_content_element\">\n\t\t\n\t\t<figure class=\"wpb_wrapper vc_figure\">\n\t\t\t<div class=\"vc_single_image-wrapper   vc_box_border_grey\"><img loading=\"lazy\" decoding=\"async\" width=\"150\" height=\"150\" src=\"https:\/\/maldives-paradise.com\/wp-content\/uploads\/2024\/07\/Anantara-Kihavah-Maldives-Villas-coral-reef-150x150.jpg\" class=\"vc_single_image-img attachment-thumbnail\" alt=\"Anantara Kihavah Malediven Villen\" title=\"Anantara Kihavah Maldives Villas Korallenriff\" \/><\/div>\n\t\t<\/figure>\n\t<\/div>\n<\/div><\/div><\/div><div class=\"wpb_column vc_column_container vc_col-sm-9\"><div class=\"vc_column-inner\"><div class=\"wpb_wrapper\">\n\t<div class=\"wpb_text_column wpb_content_element\" >\n\t\t<div class=\"wpb_wrapper\">\n\t\t\t<h4><a href=\"https:\/\/lamp.glopss.com\/SHUs\" target=\"_blank\" rel=\"nofollow noopener\">Anantara Kihavah Malediven Villen<\/a><\/h4>\n<p>Anantara Kihavah Maldives Villas verf\u00fcgt \u00fcber ein atemberaubendes Hausriff voller farbenfroher Korallen und vielf\u00e4ltiger Meerestiere. Das Resort liegt im UNESCO-Biosph\u00e4renreservat Baa Atoll und bietet seinen G\u00e4sten Begegnungen mit Mantas, Schildkr\u00f6ten und einer Vielzahl tropischer Fische. Das Unterwasserrestaurant des Resorts, SEA, bietet ein einzigartiges kulinarisches Erlebnis inmitten der lebendigen Meereswelt des Hausriffs.<\/p>\n\n\t\t<\/div>\n\t<\/div>\n<\/div><\/div><\/div><\/div><div class=\"vc_row wpb_row vc_row-fluid\"><div class=\"wpb_column vc_column_container vc_col-sm-3\"><div class=\"vc_column-inner\"><div class=\"wpb_wrapper\">\n\t<div  class=\"wpb_single_image wpb_content_element vc_align_left wpb_content_element\">\n\t\t\n\t\t<figure class=\"wpb_wrapper vc_figure\">\n\t\t\t<div class=\"vc_single_image-wrapper   vc_box_border_grey\"><img loading=\"lazy\" decoding=\"async\" width=\"150\" height=\"150\" src=\"https:\/\/maldives-paradise.com\/wp-content\/uploads\/2024\/07\/como-cocoa-island-house-reef-150x150.jpg\" class=\"vc_single_image-img attachment-thumbnail\" alt=\"COMO Cocoa Island Hausriff\" title=\"Como-Cocoa-Island-Hausriff\" \/><\/div>\n\t\t<\/figure>\n\t<\/div>\n<\/div><\/div><\/div><div class=\"wpb_column vc_column_container vc_col-sm-9\"><div class=\"vc_column-inner\"><div class=\"wpb_wrapper\">\n\t<div class=\"wpb_text_column wpb_content_element\" >\n\t\t<div class=\"wpb_wrapper\">\n\t\t\t<h4><a href=\"https:\/\/lamp.glopss.com\/SHU8\" target=\"_blank\" rel=\"nofollow noopener\">COMO Kakaoinsel<\/a><\/h4>\n<p>COMO Cocoa Island im S\u00fcd-Mal\u00e9-Atoll verf\u00fcgt \u00fcber ein bemerkenswertes Hausriff, das von den \u00dcberwasservillen des Resorts aus leicht zug\u00e4nglich ist. Das Riff ist die Heimat einer Vielzahl von Meereslebewesen, darunter Riffhaie, Rochen und eine Reihe bunter Fische. Schnorchel- und Tauchausfl\u00fcge stehen zur Verf\u00fcgung, sodass die G\u00e4ste die reiche Unterwasserwelt direkt vor ihrer Haust\u00fcr erkunden k\u00f6nnen.<\/p>\n\n\t\t<\/div>\n\t<\/div>\n<\/div><\/div><\/div><\/div><div class=\"vc_row wpb_row vc_row-fluid\"><div class=\"wpb_column vc_column_container vc_col-sm-3\"><div class=\"vc_column-inner\"><div class=\"wpb_wrapper\">\n\t<div  class=\"wpb_single_image wpb_content_element vc_align_left wpb_content_element\">\n\t\t\n\t\t<figure class=\"wpb_wrapper vc_figure\">\n\t\t\t<div class=\"vc_single_image-wrapper   vc_box_border_grey\"><img loading=\"lazy\" decoding=\"async\" width=\"150\" height=\"150\" src=\"https:\/\/maldives-paradise.com\/wp-content\/uploads\/2024\/07\/hideaway-beach-coral-reef-150x150.jpg\" class=\"vc_single_image-img attachment-thumbnail\" alt=\"Hausriff des Hideaway Beach Resort &amp; Spa\" title=\"Hideaway-Strand-Korallenriff\" \/><\/div>\n\t\t<\/figure>\n\t<\/div>\n<\/div><\/div><\/div><div class=\"wpb_column vc_column_container vc_col-sm-9\"><div class=\"vc_column-inner\"><div class=\"wpb_wrapper\">\n\t<div class=\"wpb_text_column wpb_content_element\" >\n\t\t<div class=\"wpb_wrapper\">\n\t\t\t<h4><a href=\"https:\/\/lamp.glopss.com\/aff_c?offer_id=1384&amp;aff_id=1834\" target=\"_blank\" rel=\"nofollow noopener\">Hideaway Beach Resort &amp; Spa<\/a><\/h4>\n<p>Das Hideaway Beach Resort &amp; Spa im Haa Alifu Atoll bietet ein au\u00dfergew\u00f6hnliches Hausriff-Erlebnis. Das Korallenriff umgibt die Insel und bietet Schnorchelbegeisterten einfachen Zugang. Taucher k\u00f6nnen das nahe gelegene \u201eHaa Alifu Atoll Underwater Wonderland\u201c erkunden, das f\u00fcr seine unber\u00fchrten Korallenformationen und vielf\u00e4ltigen Meeresarten, darunter Barrakudas, Rotfeuerfische und Mur\u00e4nen, bekannt ist.<\/p>\n\n\t\t<\/div>\n\t<\/div>\n<\/div><\/div><\/div><\/div><div class=\"vc_row wpb_row vc_row-fluid\"><div class=\"wpb_column vc_column_container vc_col-sm-3\"><div class=\"vc_column-inner\"><div class=\"wpb_wrapper\">\n\t<div  class=\"wpb_single_image wpb_content_element vc_align_left wpb_content_element\">\n\t\t\n\t\t<figure class=\"wpb_wrapper vc_figure\">\n\t\t\t<div class=\"vc_single_image-wrapper   vc_box_border_grey\"><img loading=\"lazy\" decoding=\"async\" width=\"150\" height=\"150\" src=\"https:\/\/maldives-paradise.com\/wp-content\/uploads\/2024\/07\/baros-coral-reef-150x150.jpg\" class=\"vc_single_image-img attachment-thumbnail\" alt=\"Baros Maldives Hausriff\" title=\"Baros-Korallenriff\" \/><\/div>\n\t\t<\/figure>\n\t<\/div>\n<\/div><\/div><\/div><div class=\"wpb_column vc_column_container vc_col-sm-9\"><div class=\"vc_column-inner\"><div class=\"wpb_wrapper\">\n\t<div class=\"wpb_text_column wpb_content_element\" >\n\t\t<div class=\"wpb_wrapper\">\n\t\t\t<h4><a href=\"https:\/\/lamp.glopss.com\/SHUm\" target=\"_blank\" rel=\"nofollow noopener\">Baros Malediven<\/a><\/h4>\n<p>Baros Maldives, ein luxuri\u00f6ses Boutique-Resort, ist f\u00fcr sein lebendiges Hausriff bekannt, das nur wenige Meter vom Ufer entfernt liegt. Das Riff ist ein Paradies f\u00fcr Schnorchler und Taucher und bietet atemberaubende Koralleng\u00e4rten und eine F\u00fclle an Meereslebewesen, darunter Schildkr\u00f6ten, Riffhaie und eine Reihe tropischer Fische. Das Resort bietet gef\u00fchrte Schnorcheltouren und Nachttauchg\u00e4nge f\u00fcr ein einzigartiges Unterwassererlebnis.<\/p>\n\n\t\t<\/div>\n\t<\/div>\n<\/div><\/div><\/div><\/div><div class=\"vc_row wpb_row vc_row-fluid\"><div class=\"wpb_column vc_column_container vc_col-sm-3\"><div class=\"vc_column-inner\"><div class=\"wpb_wrapper\">\n\t<div  class=\"wpb_single_image wpb_content_element vc_align_left wpb_content_element\">\n\t\t\n\t\t<figure class=\"wpb_wrapper vc_figure\">\n\t\t\t<div class=\"vc_single_image-wrapper   vc_box_border_grey\"><img loading=\"lazy\" decoding=\"async\" width=\"150\" height=\"150\" src=\"https:\/\/maldives-paradise.com\/wp-content\/uploads\/2024\/07\/oblu-nature-helengeli-coral-reef-150x150.jpg\" class=\"vc_single_image-img attachment-thumbnail\" alt=\"Oblu Nature Helengeli Hausriff\" title=\"Oblu-Natur-Helengeli-Korallenriff\" \/><\/div>\n\t\t<\/figure>\n\t<\/div>\n<\/div><\/div><\/div><div class=\"wpb_column vc_column_container vc_col-sm-9\"><div class=\"vc_column-inner\"><div class=\"wpb_wrapper\">\n\t<div class=\"wpb_text_column wpb_content_element\" >\n\t\t<div class=\"wpb_wrapper\">\n\t\t\t<h4><a href=\"https:\/\/trip.tpo.lv\/WIqOrYJZ\" target=\"_blank\" rel=\"nofollow noopener\">Oblu Nature Helengeli<\/a><\/h4>\n<p>Oblu Nature Helengeli im Nord-Mal\u00e9-Atoll ist f\u00fcr sein \u00fcppiges Hausriff bekannt, das Taucher und Schnorchler gleicherma\u00dfen anzieht. Das Riff ist die Heimat einer Vielzahl von Meeresarten, darunter Ammenhaie, Riesenmakrelen und Stachelrochen. Das PADI-zertifizierte Tauchzentrum des Resorts bietet eine Reihe von Kursen und Ausfl\u00fcgen zur Erkundung der lebendigen Unterwasserwelt an.<\/p>\n\n\t\t<\/div>\n\t<\/div>\n<\/div><\/div><\/div><\/div><div class=\"vc_row wpb_row vc_row-fluid\"><div class=\"wpb_column vc_column_container vc_col-sm-3\"><div class=\"vc_column-inner\"><div class=\"wpb_wrapper\">\n\t<div  class=\"wpb_single_image wpb_content_element vc_align_left wpb_content_element\">\n\t\t\n\t\t<figure class=\"wpb_wrapper vc_figure\">\n\t\t\t<div class=\"vc_single_image-wrapper   vc_box_border_grey\"><img loading=\"lazy\" decoding=\"async\" width=\"150\" height=\"150\" src=\"https:\/\/maldives-paradise.com\/wp-content\/uploads\/2024\/07\/hurawalhi-diving-prodivers-coral-reef-150x150.jpg\" class=\"vc_single_image-img attachment-thumbnail\" alt=\"Hausriff des Hurawalhi Island Resorts\" title=\"Hurawalhi-Tauchen-Prodivers-Korallenriff\" \/><\/div>\n\t\t<\/figure>\n\t<\/div>\n<\/div><\/div><\/div><div class=\"wpb_column vc_column_container vc_col-sm-9\"><div class=\"vc_column-inner\"><div class=\"wpb_wrapper\">\n\t<div class=\"wpb_text_column wpb_content_element\" >\n\t\t<div class=\"wpb_wrapper\">\n\t\t\t<h4><a href=\"https:\/\/hotellook.tp.st\/6FluoLuO\" target=\"_blank\" rel=\"nofollow noopener\">Hurawalhi Island Resort<\/a><\/h4>\n<p>Das Hurawalhi Island Resort im Lhaviyani-Atoll bietet ein beeindruckendes Hausriff, das zum Schnorcheln leicht zug\u00e4nglich ist. Das Riff ist die Heimat einer vielf\u00e4ltigen Meeresfauna, darunter Mantas, Haie und farbenfrohe Korallen. Das 5.8 Undersea Restaurant des Resorts bietet ein einzigartiges kulinarisches Erlebnis inmitten der Meereswunder des Hausriffs.<\/p>\n\n\t\t<\/div>\n\t<\/div>\n<\/div><\/div><\/div><\/div><div class=\"vc_row wpb_row vc_row-fluid\"><div class=\"wpb_column vc_column_container vc_col-sm-3\"><div class=\"vc_column-inner\"><div class=\"wpb_wrapper\">\n\t<div  class=\"wpb_single_image wpb_content_element vc_align_left wpb_content_element\">\n\t\t\n\t\t<figure class=\"wpb_wrapper vc_figure\">\n\t\t\t<div class=\"vc_single_image-wrapper   vc_box_border_grey\"><img loading=\"lazy\" decoding=\"async\" width=\"150\" height=\"150\" src=\"https:\/\/maldives-paradise.com\/wp-content\/uploads\/2024\/07\/kandolhu-maldives-coral-reef-150x150.jpg\" class=\"vc_single_image-img attachment-thumbnail\" alt=\"Kandolhu Malediven Hausriff\" title=\"Kandolhu-Malediven-Korallenriff\" \/><\/div>\n\t\t<\/figure>\n\t<\/div>\n<\/div><\/div><\/div><div class=\"wpb_column vc_column_container vc_col-sm-9\"><div class=\"vc_column-inner\"><div class=\"wpb_wrapper\">\n\t<div class=\"wpb_text_column wpb_content_element\" >\n\t\t<div class=\"wpb_wrapper\">\n\t\t\t<h4><a href=\"https:\/\/lamp.glopss.com\/SHUW\" target=\"_blank\" rel=\"nofollow noopener\">Kandolhu Malediven<\/a><\/h4>\n<p>Kandolhu Maldives liegt im Nord-Ari-Atoll und ist ein kleines, aber beeindruckendes Resort mit einem au\u00dfergew\u00f6hnlichen Hausriff. Das Riff ist nur einen kurzen Schwimmabschnitt vom Ufer entfernt und bietet G\u00e4sten die M\u00f6glichkeit, lebendige Koralleng\u00e4rten zu erkunden und Meereslebewesen wie Schildkr\u00f6ten, Riffhaie und Anemonenfische zu begegnen. Das Resort bietet auch gef\u00fchrte Schnorcheltouren und Tauchausfl\u00fcge an.<\/p>\n\n\t\t<\/div>\n\t<\/div>\n<\/div><\/div><\/div><\/div><div class=\"vc_row wpb_row vc_row-fluid\"><div class=\"wpb_column vc_column_container vc_col-sm-3\"><div class=\"vc_column-inner\"><div class=\"wpb_wrapper\">\n\t<div  class=\"wpb_single_image wpb_content_element vc_align_left wpb_content_element\">\n\t\t\n\t\t<figure class=\"wpb_wrapper vc_figure\">\n\t\t\t<div class=\"vc_single_image-wrapper   vc_box_border_grey\"><img loading=\"lazy\" decoding=\"async\" width=\"150\" height=\"150\" src=\"https:\/\/maldives-paradise.com\/wp-content\/uploads\/2024\/07\/vakkaru-maldives-coral-reefs-150x150.jpg\" class=\"vc_single_image-img attachment-thumbnail\" alt=\"Vakkaru Malediven Korallenriff\" title=\"Vakkaru-Malediven-Korallenriffe\" \/><\/div>\n\t\t<\/figure>\n\t<\/div>\n<\/div><\/div><\/div><div class=\"wpb_column vc_column_container vc_col-sm-9\"><div class=\"vc_column-inner\"><div class=\"wpb_wrapper\">\n\t<div class=\"wpb_text_column wpb_content_element\" >\n\t\t<div class=\"wpb_wrapper\">\n\t\t\t<h4><a href=\"https:\/\/lamp.glopss.com\/SHVx\" target=\"_blank\" rel=\"nofollow noopener\">Vakkaru Malediven<\/a><\/h4>\n<p>Vakkaru Maldives im Baa-Atoll verf\u00fcgt \u00fcber ein wundersch\u00f6nes Hausriff, das sich perfekt zum Schnorcheln und Tauchen eignet. Das Riff ist die Heimat einer Vielzahl von Meeresarten, darunter Adlerrochen, Schildkr\u00f6ten und eine Vielzahl bunter Fische. Das Resort bietet gef\u00fchrte Schnorcheltouren und Tauchausfl\u00fcge an, um die Unterwasserwunder des Baa-Atolls zu erkunden.<\/p>\n\n\t\t<\/div>\n\t<\/div>\n<\/div><\/div><\/div><\/div><div class=\"vc_row wpb_row vc_row-fluid\"><div class=\"wpb_column vc_column_container vc_col-sm-3\"><div class=\"vc_column-inner\"><div class=\"wpb_wrapper\">\n\t<div  class=\"wpb_single_image wpb_content_element vc_align_left wpb_content_element\">\n\t\t\n\t\t<figure class=\"wpb_wrapper vc_figure\">\n\t\t\t<div class=\"vc_single_image-wrapper   vc_box_border_grey\"><img loading=\"lazy\" decoding=\"async\" width=\"150\" height=\"150\" src=\"https:\/\/maldives-paradise.com\/wp-content\/uploads\/2024\/07\/Kuredu-house-reef-2-150x150.jpg\" class=\"vc_single_image-img attachment-thumbnail\" alt=\"Hausriff des Kuredu Island Resort &amp; Spa\" title=\"Kuredu-Hausriff-2\" \/><\/div>\n\t\t<\/figure>\n\t<\/div>\n<\/div><\/div><\/div><div class=\"wpb_column vc_column_container vc_col-sm-9\"><div class=\"vc_column-inner\"><div class=\"wpb_wrapper\">\n\t<div class=\"wpb_text_column wpb_content_element\" >\n\t\t<div class=\"wpb_wrapper\">\n\t\t\t<h4><a href=\"https:\/\/lamp.glopss.com\/SHUf\" target=\"_blank\" rel=\"nofollow noopener\">Kuredu Island Resort &amp; Spa<\/a><\/h4>\n<p>Das Kuredu Island Resort &amp; Spa im Lhaviyani-Atoll bietet seinen G\u00e4sten ein fantastisches Hausriff-Erlebnis. Das Riff ist die Heimat einer vielf\u00e4ltigen Meeresfauna, darunter Schildkr\u00f6ten, Rochen und Riffhaie. Das Tauchzentrum des Resorts bietet eine Reihe von Kursen und Ausfl\u00fcgen an, bei denen die G\u00e4ste die Unterwassersch\u00f6nheit des Atolls erkunden k\u00f6nnen.<\/p>\n\n\t\t<\/div>\n\t<\/div>\n<\/div><\/div><\/div><\/div><div class=\"vc_row wpb_row vc_row-fluid\"><div class=\"wpb_column vc_column_container vc_col-sm-3\"><div class=\"vc_column-inner\"><div class=\"wpb_wrapper\">\n\t<div  class=\"wpb_single_image wpb_content_element vc_align_left wpb_content_element\">\n\t\t\n\t\t<figure class=\"wpb_wrapper vc_figure\">\n\t\t\t<div class=\"vc_single_image-wrapper   vc_box_border_grey\"><img loading=\"lazy\" decoding=\"async\" width=\"150\" height=\"150\" src=\"https:\/\/maldives-paradise.com\/wp-content\/uploads\/2024\/07\/centara-grand-maldives-coral-reef-150x150.jpeg\" class=\"vc_single_image-img attachment-thumbnail\" alt=\"Hausriff des Centara Grand Island Resort and Spa\" title=\"Centara Grand Malediven Korallenriff\" \/><\/div>\n\t\t<\/figure>\n\t<\/div>\n<\/div><\/div><\/div><div class=\"wpb_column vc_column_container vc_col-sm-9\"><div class=\"vc_column-inner\"><div class=\"wpb_wrapper\">\n\t<div class=\"wpb_text_column wpb_content_element\" >\n\t\t<div class=\"wpb_wrapper\">\n\t\t\t<h4><a href=\"https:\/\/lamp.glopss.com\/aff_c?offer_id=1442&amp;aff_id=1834&amp;url=https%3A%2F%2Fwww.centarahotelsresorts.com%2Fcentaragrand%2Fcirm\" target=\"_blank\" rel=\"nofollow noopener\">Centara Grand Island Resort und Spa<\/a><\/h4>\n<p>Das Centara Grand Island Resort and Spa im S\u00fcd-Ari-Atoll verf\u00fcgt \u00fcber ein atemberaubendes Hausriff, das sich ideal zum Schnorcheln und Tauchen eignet. Das Riff ist voller Meereslebewesen, darunter Walhaie, Mantas und farbenfrohe Korallen. Das Resort bietet gef\u00fchrte Schnorcheltouren und Tauchausfl\u00fcge an, um die reiche Meeresvielfalt des S\u00fcd-Ari-Atolls zu erkunden.<\/p>\n\n\t\t<\/div>\n\t<\/div>\n<\/div><\/div><\/div><\/div><div class=\"vc_row wpb_row vc_row-fluid\"><div class=\"wpb_column vc_column_container vc_col-sm-3\"><div class=\"vc_column-inner\"><div class=\"wpb_wrapper\">\n\t<div  class=\"wpb_single_image wpb_content_element vc_align_left wpb_content_element\">\n\t\t\n\t\t<figure class=\"wpb_wrapper vc_figure\">\n\t\t\t<div class=\"vc_single_image-wrapper   vc_box_border_grey\"><img loading=\"lazy\" decoding=\"async\" width=\"150\" height=\"150\" src=\"https:\/\/maldives-paradise.com\/wp-content\/uploads\/2024\/07\/mirihi-project-hope-coral-reef-150x150.jpg\" class=\"vc_single_image-img attachment-thumbnail\" alt=\"Hausriff des Mirihi Island Resorts\" title=\"Mirihi-Projekt-Hoffnung-Korallenriff\" \/><\/div>\n\t\t<\/figure>\n\t<\/div>\n<\/div><\/div><\/div><div class=\"wpb_column vc_column_container vc_col-sm-9\"><div class=\"vc_column-inner\"><div class=\"wpb_wrapper\">\n\t<div class=\"wpb_text_column wpb_content_element\" >\n\t\t<div class=\"wpb_wrapper\">\n\t\t\t<h4><a href=\"https:\/\/trip.tpo.lv\/eo4xHL7L\" target=\"_blank\" rel=\"nofollow noopener\">Mirihi Island Resort<\/a><\/h4>\n<p>Das Mirihi Island Resort im S\u00fcd-Ari-Atoll ist f\u00fcr sein unber\u00fchrtes Hausriff bekannt, das sich perfekt zum Schnorcheln eignet. Das Riff ist die Heimat einer Vielzahl von Meeresarten, darunter Schildkr\u00f6ten, Riffhaie und eine Vielzahl bunter Fische. Das Resort bietet gef\u00fchrte Schnorcheltouren und Tauchausfl\u00fcge an, um die Unterwasserwunder des Atolls zu erkunden.<\/p>\n\n\t\t<\/div>\n\t<\/div>\n<\/div><\/div><\/div><\/div><div class=\"vc_row wpb_row vc_row-fluid\"><div class=\"wpb_column vc_column_container vc_col-sm-3\"><div class=\"vc_column-inner\"><div class=\"wpb_wrapper\">\n\t<div  class=\"wpb_single_image wpb_content_element vc_align_left wpb_content_element\">\n\t\t\n\t\t<figure class=\"wpb_wrapper vc_figure\">\n\t\t\t<div class=\"vc_single_image-wrapper   vc_box_border_grey\"><img loading=\"lazy\" decoding=\"async\" width=\"150\" height=\"150\" src=\"https:\/\/maldives-paradise.com\/wp-content\/uploads\/2024\/07\/Park-hyatt-hadahaa-house-reef-150x150.jpg\" class=\"vc_single_image-img attachment-thumbnail\" alt=\"Park Hyatt Maldives Hadahaa Hausriff\" title=\"Park-Hyatt-Hadahaa-Hausriff\" \/><\/div>\n\t\t<\/figure>\n\t<\/div>\n<\/div><\/div><\/div><div class=\"wpb_column vc_column_container vc_col-sm-9\"><div class=\"vc_column-inner\"><div class=\"wpb_wrapper\">\n\t<div class=\"wpb_text_column wpb_content_element\" >\n\t\t<div class=\"wpb_wrapper\">\n\t\t\t<h4><a href=\"https:\/\/trip.tpo.lv\/VgLltNfb\" target=\"_blank\" rel=\"nofollow noopener\">Park Hyatt Maldives Hadahaa<\/a><\/h4>\n<p>Das Park Hyatt Maldives Hadahaa im Huvadhoo-Atoll verf\u00fcgt \u00fcber ein au\u00dfergew\u00f6hnliches Hausriff, das sich ideal zum Schnorcheln und Tauchen eignet. Das Riff ist die Heimat einer vielf\u00e4ltigen Meeresfauna, darunter Schildkr\u00f6ten, Riffhaie und farbenfrohe Korallen. Das Resort bietet gef\u00fchrte Schnorcheltouren und Tauchausfl\u00fcge an, um die Unterwassersch\u00f6nheit des Atolls zu erkunden.<\/p>\n\n\t\t<\/div>\n\t<\/div>\n<\/div><\/div><\/div><\/div><div class=\"vc_row wpb_row vc_row-fluid\"><div class=\"wpb_column vc_column_container vc_col-sm-12\"><div class=\"vc_column-inner\"><div class=\"wpb_wrapper\">\n\t<div class=\"wpb_text_column wpb_content_element\" >\n\t\t<div class=\"wpb_wrapper\">\n\t\t\t<p><strong>Abschluss<\/strong><\/p>\n<p>Die Malediven sind ein Paradies f\u00fcr Meeresliebhaber und bieten einige der besten Hausriffe der Welt. Jedes dieser Resorts bietet G\u00e4sten einzigartige M\u00f6glichkeiten, lebendige Koralleng\u00e4rten zu erkunden, verschiedene Meeresarten zu treffen und die nat\u00fcrliche Sch\u00f6nheit der Unterwasserwelt zu genie\u00dfen. Egal, ob Sie ein begeisterter Taucher oder ein Gelegenheitsschnorchler sind, diese Resorts mit den besten Hausriffen bieten unvergessliche Erlebnisse, die die atemberaubende Meeresvielfalt der Malediven zeigen.<\/p>\n\n\t\t<\/div>\n\t<\/div>\n<\/div><\/div><\/div><\/div><div class=\"vc_row wpb_row vc_row-fluid\"><div class=\"wpb_column vc_column_container vc_col-sm-12\"><div class=\"vc_column-inner\"><div class=\"wpb_wrapper\">\n\t<div class=\"wpb_text_column wpb_content_element\" >\n\t\t<div class=\"wpb_wrapper\">\n\t\t\t<p><a title=\"Die besten Tauchresorts auf den Malediven\" href=\"https:\/\/maldives-paradise.com\/de\/die-12-besten-tauchresorts-auf-den-malediven\/\">Die besten Tauchresorts auf den Malediven<\/a><\/p>\n<p><a href=\"https:\/\/maldives-paradise.com\/de\/kategorie\/tipps\/tauchen-schnorcheln\/\">Tauchen und Schnorcheln auf den Malediven<\/a><\/p>\n\n\t\t<\/div>\n\t<\/div>\n<\/div><\/div><\/div><\/div>\n<\/div>","protected":false},"excerpt":{"rendered":"<div class=\"mh-excerpt\"><\/div>","protected":false},"author":1,"featured_media":19238,"parent":0,"menu_order":0,"comment_status":"closed","ping_status":"closed","template":"","meta":{"footnotes":""},"class_list":["post-19235","page","type-page","status-publish","has-post-thumbnail"],"aioseo_notices":[],"_links":{"self":[{"href":"http:\/\/maldives-paradise.com\/de\/wp-json\/wp\/v2\/pages\/19235","targetHints":{"allow":["GET"]}}],"collection":[{"href":"http:\/\/maldives-paradise.com\/de\/wp-json\/wp\/v2\/pages"}],"about":[{"href":"http:\/\/maldives-paradise.com\/de\/wp-json\/wp\/v2\/types\/page"}],"author":[{"embeddable":true,"href":"http:\/\/maldives-paradise.com\/de\/wp-json\/wp\/v2\/users\/1"}],"replies":[{"embeddable":true,"href":"http:\/\/maldives-paradise.com\/de\/wp-json\/wp\/v2\/comments?post=19235"}],"version-history":[{"count":6,"href":"http:\/\/maldives-paradise.com\/de\/wp-json\/wp\/v2\/pages\/19235\/revisions"}],"predecessor-version":[{"id":43476,"href":"http:\/\/maldives-paradise.com\/de\/wp-json\/wp\/v2\/pages\/19235\/revisions\/43476"}],"wp:featuredmedia":[{"embeddable":true,"href":"http:\/\/maldives-paradise.com\/de\/wp-json\/wp\/v2\/media\/19238"}],"wp:attachment":[{"href":"http:\/\/maldives-paradise.com\/de\/wp-json\/wp\/v2\/media?parent=19235"}],"curies":[{"name":"wp","href":"https:\/\/api.w.org\/{rel}","templated":true}]}}