{"id":17100,"date":"2024-06-10T17:37:57","date_gmt":"2024-06-10T17:37:57","guid":{"rendered":"http:\/\/maldives-paradise.com\/?page_id=17100"},"modified":"2025-09-18T15:49:23","modified_gmt":"2025-09-18T15:49:23","slug":"5-sterne-hotels-und-resorts-auf-den-malediven-8","status":"publish","type":"page","link":"http:\/\/maldives-paradise.com\/de\/5-sterne-hotels-und-resorts-auf-den-malediven-8\/","title":{"rendered":"5-Sterne-Hotels und Resorts auf den Malediven 8"},"content":{"rendered":"<div class=\"wpb-content-wrapper\"><div class=\"vc_row wpb_row vc_row-fluid\"><div class=\"wpb_column vc_column_container vc_col-sm-12\"><div class=\"vc_column-inner\"><div class=\"wpb_wrapper\">\n\t<div class=\"wpb_text_column wpb_content_element\" >\n\t\t<div class=\"wpb_wrapper\">\n\t\t\t<p><strong>Eine Auswahl der besten 5-Sterne-Hotels und Resorts auf den Malediven<\/strong><\/p>\n<p>Die Malediven sind bekannt f\u00fcr ihre <strong data-start=\"82\" data-end=\"121\">luxuri\u00f6se 5-Sterne-Hotels und Resorts<\/strong>und bietet unvergleichliche <strong data-start=\"145\" data-end=\"191\">Eleganz, Privatsph\u00e4re und erstklassiger Service<\/strong>. Mit <strong data-start=\"450\" data-end=\"522\">atemberaubende Aussicht auf das Meer, wei\u00dfe Sandstr\u00e4nde und kristallklare Lagunen<\/strong>, <strong data-start=\"524\" data-end=\"558\">5-Sterne-Resorts auf den Malediven<\/strong> tropischen Luxus neu definieren und sie zum perfekten Reiseziel machen f\u00fcr <strong data-start=\"625\" data-end=\"677\">Hochzeitsreisende, Familien und anspruchsvolle Reisende<\/strong> auf der Suche nach einem unvergesslichen Kurzurlaub.<\/p>\n\n\t\t<\/div>\n\t<\/div>\n<\/div><\/div><\/div><\/div><div class=\"vc_row wpb_row vc_row-fluid\"><div class=\"wpb_column vc_column_container vc_col-sm-3\"><div class=\"vc_column-inner\"><div class=\"wpb_wrapper\">\n\t<div  class=\"wpb_single_image wpb_content_element vc_align_left wpb_content_element\">\n\t\t\n\t\t<figure class=\"wpb_wrapper vc_figure\">\n\t\t\t<a href=\"http:\/\/maldives-paradise.com\/de\/amaya-resort-kuda-rah\/\" target=\"_self\" class=\"vc_single_image-wrapper   vc_box_border_grey\"><img loading=\"lazy\" decoding=\"async\" width=\"150\" height=\"150\" src=\"https:\/\/maldives-paradise.com\/wp-content\/uploads\/2024\/06\/Amaya-Resort-Kuda-Rah-150x150.jpg\" class=\"vc_single_image-img attachment-thumbnail\" alt=\"Amaya Resort Kuda Rah\" title=\"Amaya Resort Kuda Rah\" \/><\/a>\n\t\t<\/figure>\n\t<\/div>\n<\/div><\/div><\/div><div class=\"wpb_column vc_column_container vc_col-sm-9\"><div class=\"vc_column-inner\"><div class=\"wpb_wrapper\">\n\t<div class=\"wpb_text_column wpb_content_element\" >\n\t\t<div class=\"wpb_wrapper\">\n\t\t\t<h4><a href=\"http:\/\/maldives-paradise.com\/de\/amaya-resort-kuda-rah\/\">Amaya Resort Kuda Rah<\/a><\/h4>\n<p>Das im S\u00fcd-Ari-Atoll gelegene Amaya Resort Kuda Rah bietet einen idyllischen R\u00fcckzugsort im Herzen der Malediven. Dieses F\u00fcnf-Sterne-Resort verbindet nat\u00fcrliche Sch\u00f6nheit mit modernem Luxus und bietet einen perfekten R\u00fcckzugsort f\u00fcr alle, die Entspannung, Abenteuer und unvergleichlichen Service suchen. Hier sind die wichtigsten Merkmale, die das Amaya Resort Kuda Rah zu einem herausragenden Reiseziel auf den Malediven machen.<\/p>\n\n\t\t<\/div>\n\t<\/div>\n<\/div><\/div><\/div><\/div><div class=\"vc_row wpb_row vc_row-fluid\"><div class=\"wpb_column vc_column_container vc_col-sm-3\"><div class=\"vc_column-inner\"><div class=\"wpb_wrapper\">\n\t<div  class=\"wpb_single_image wpb_content_element vc_align_left wpb_content_element\">\n\t\t\n\t\t<figure class=\"wpb_wrapper vc_figure\">\n\t\t\t<a href=\"http:\/\/maldives-paradise.com\/de\/amilla-malediven-resort-und-residenzen\/\" target=\"_self\" class=\"vc_single_image-wrapper   vc_box_border_grey\"><img loading=\"lazy\" decoding=\"async\" width=\"150\" height=\"150\" src=\"https:\/\/maldives-paradise.com\/wp-content\/uploads\/2024\/03\/Amilla-Maldives-Overwater-Pool-Villa-Destination-Deluxe-150x150.jpg\" class=\"vc_single_image-img attachment-thumbnail\" alt=\"Amilla Maldives Resort &amp; Residences\" title=\"Amilla-Malediven-Overwater-Pool-Villa-Destination-Deluxe.jpg\" \/><\/a>\n\t\t<\/figure>\n\t<\/div>\n<\/div><\/div><\/div><div class=\"wpb_column vc_column_container vc_col-sm-9\"><div class=\"vc_column-inner\"><div class=\"wpb_wrapper\">\n\t<div class=\"wpb_text_column wpb_content_element\" >\n\t\t<div class=\"wpb_wrapper\">\n\t\t\t<h4><a href=\"http:\/\/maldives-paradise.com\/de\/amilla-malediven-resort-und-residenzen\/\">Amilla Malediven<\/a><\/h4>\n<p>Das Amilla Maldives gilt als Inbegriff von Luxus und Ruhe auf den Malediven. Eingebettet im Herzen des UNESCO-Biosph\u00e4renreservats Baa-Atoll bietet dieses Resort eine exquisite Verbindung von nat\u00fcrlicher Sch\u00f6nheit und modernem Komfort und ist damit ein erstklassiges Reiseziel f\u00fcr alle, die ein unvergleichliches Erlebnis suchen. Hier sind die wichtigsten Merkmale, die das Amilla Maldives zu einem absoluten Muss f\u00fcr Luxusurlauber machen.<\/p>\n\n\t\t<\/div>\n\t<\/div>\n<\/div><\/div><\/div><\/div><div class=\"vc_row wpb_row vc_row-fluid\"><div class=\"wpb_column vc_column_container vc_col-sm-3\"><div class=\"vc_column-inner\"><div class=\"wpb_wrapper\">\n\t<div  class=\"wpb_single_image wpb_content_element vc_align_left wpb_content_element\">\n\t\t\n\t\t<figure class=\"wpb_wrapper vc_figure\">\n\t\t\t<a href=\"http:\/\/maldives-paradise.com\/de\/verstecktes-strandresort-spa\/\" target=\"_self\" class=\"vc_single_image-wrapper   vc_box_border_grey\"><img loading=\"lazy\" decoding=\"async\" width=\"150\" height=\"150\" src=\"https:\/\/maldives-paradise.com\/wp-content\/uploads\/2024\/06\/hideaway-beach-resort-spa-1-150x150.jpg\" class=\"vc_single_image-img attachment-thumbnail\" alt=\"Hideaway Beach Resort &amp; Spa\" title=\"Das Amarante Beach Resort &amp; Spa liegt 1,7 km vom Strand Amarante entfernt und bietet Unterk\u00fcnfte mit einem eigenen Strandbereich.\" \/><\/a>\n\t\t<\/figure>\n\t<\/div>\n<\/div><\/div><\/div><div class=\"wpb_column vc_column_container vc_col-sm-9\"><div class=\"vc_column-inner\"><div class=\"wpb_wrapper\">\n\t<div class=\"wpb_text_column wpb_content_element\" >\n\t\t<div class=\"wpb_wrapper\">\n\t\t\t<h4><a href=\"http:\/\/maldives-paradise.com\/de\/verstecktes-strandresort-spa\/\">Hideaway Beach Resort &amp; Spa, Malediven<\/a><\/h4>\n<p>Die Malediven sind f\u00fcr ihre atemberaubende Natursch\u00f6nheit und luxuri\u00f6sen Unterk\u00fcnfte bekannt und beherbergen viele Resorts der Weltklasse. Unter ihnen sticht das Hideaway Beach Resort &amp; Spa als Musterbeispiel an Extravaganz und heiterer Ruhe hervor. Dieses exklusive Resort liegt auf der halbmondf\u00f6rmigen Insel Dhonakulhi und bietet Reisenden, die sowohl Abenteuer als auch Entspannung suchen, einen Zufluchtsort. Hier sind die wichtigsten Merkmale, die das Hideaway Beach Resort &amp; Spa zu einem erstklassigen Reiseziel auf den Malediven machen.<\/p>\n\n\t\t<\/div>\n\t<\/div>\n<\/div><\/div><\/div><\/div><div class=\"vc_row wpb_row vc_row-fluid\"><div class=\"wpb_column vc_column_container vc_col-sm-3\"><div class=\"vc_column-inner\"><div class=\"wpb_wrapper\">\n\t<div  class=\"wpb_single_image wpb_content_element vc_align_left wpb_content_element\">\n\t\t\n\t\t<figure class=\"wpb_wrapper vc_figure\">\n\t\t\t<a href=\"http:\/\/maldives-paradise.com\/de\/jawakara-inseln-malediven\/\" target=\"_self\" class=\"vc_single_image-wrapper   vc_box_border_grey\"><img loading=\"lazy\" decoding=\"async\" width=\"150\" height=\"150\" src=\"https:\/\/maldives-paradise.com\/wp-content\/uploads\/2024\/06\/jawakara-150x150.jpg\" class=\"vc_single_image-img attachment-thumbnail\" alt=\"Jawakara-Inseln Malediven\" title=\"jawakara\" \/><\/a>\n\t\t<\/figure>\n\t<\/div>\n<\/div><\/div><\/div><div class=\"wpb_column vc_column_container vc_col-sm-9\"><div class=\"vc_column-inner\"><div class=\"wpb_wrapper\">\n\t<div class=\"wpb_text_column wpb_content_element\" >\n\t\t<div class=\"wpb_wrapper\">\n\t\t\t<h4><a href=\"http:\/\/maldives-paradise.com\/de\/jawakara-inseln-malediven\/\">Jawakara-Inseln Malediven<\/a><\/h4>\n<p>Jawakara Islands Maldives liegt im Herzen des unber\u00fchrten Raa-Atolls und ist ein Luxusresort, das ein unvergessliches Erlebnis voller Luxus und nat\u00fcrlicher Sch\u00f6nheit verspricht. Dieses Resort ist bekannt f\u00fcr seine gro\u00dfz\u00fcgigen Unterk\u00fcnfte, au\u00dfergew\u00f6hnlichen Speisem\u00f6glichkeiten und eine F\u00fclle von Aktivit\u00e4ten, die auf die W\u00fcnsche jedes Gastes zugeschnitten sind. Hier sind die wichtigsten Merkmale, die Jawakara Islands Maldives zu einem erstklassigen Reiseziel f\u00fcr anspruchsvolle Reisende machen.<\/p>\n\n\t\t<\/div>\n\t<\/div>\n<\/div><\/div><\/div><\/div><div class=\"vc_row wpb_row vc_row-fluid\"><div class=\"wpb_column vc_column_container vc_col-sm-3\"><div class=\"vc_column-inner\"><div class=\"wpb_wrapper\">\n\t<div  class=\"wpb_single_image wpb_content_element vc_align_left wpb_content_element\">\n\t\t\n\t\t<figure class=\"wpb_wrapper vc_figure\">\n\t\t\t<a href=\"http:\/\/maldives-paradise.com\/de\/kihaa-malediven\/\" target=\"_self\" class=\"vc_single_image-wrapper   vc_box_border_grey\"><img loading=\"lazy\" decoding=\"async\" width=\"150\" height=\"150\" src=\"https:\/\/maldives-paradise.com\/wp-content\/uploads\/2024\/06\/kihaa-maldives-resort-150x150.jpg\" class=\"vc_single_image-img attachment-thumbnail\" alt=\"Kihaa Malediven\" title=\"Kihaa-Malediven-Resort\" \/><\/a>\n\t\t<\/figure>\n\t<\/div>\n<\/div><\/div><\/div><div class=\"wpb_column vc_column_container vc_col-sm-9\"><div class=\"vc_column-inner\"><div class=\"wpb_wrapper\">\n\t<div class=\"wpb_text_column wpb_content_element\" >\n\t\t<div class=\"wpb_wrapper\">\n\t\t\t<h4><a href=\"http:\/\/maldives-paradise.com\/de\/kihaa-malediven\/\">Kihaa Malediven<\/a><\/h4>\n<p>Kihaa Maldives bietet ein unvergleichliches Luxuserlebnis, das einen idyllischen R\u00fcckzugsort inmitten der atemberaubenden Sch\u00f6nheit des Indischen Ozeans verspricht. Dieses F\u00fcnf-Sterne-Resort im Baa-Atoll, einem UNESCO-Biosph\u00e4renreservat, verbindet nat\u00fcrliche Pracht mit erstklassigen Annehmlichkeiten und ist damit ein Muss f\u00fcr anspruchsvolle Reisende, die eine perfekte Mischung aus Entspannung und Abenteuer suchen. Hier sind die wichtigsten Merkmale, die Kihaa Maldives als erstklassiges Luxusresort auszeichnen.<\/p>\n\n\t\t<\/div>\n\t<\/div>\n<\/div><\/div><\/div><\/div><div class=\"vc_row wpb_row vc_row-fluid\"><div class=\"wpb_column vc_column_container vc_col-sm-3\"><div class=\"vc_column-inner\"><div class=\"wpb_wrapper\">\n\t<div  class=\"wpb_single_image wpb_content_element vc_align_left wpb_content_element\">\n\t\t\n\t\t<figure class=\"wpb_wrapper vc_figure\">\n\t\t\t<a href=\"http:\/\/maldives-paradise.com\/de\/noku-malediven\/\" target=\"_self\" class=\"vc_single_image-wrapper   vc_box_border_grey\"><img loading=\"lazy\" decoding=\"async\" width=\"150\" height=\"150\" src=\"https:\/\/maldives-paradise.com\/wp-content\/uploads\/2024\/06\/Noku-Maldives-150x150.jpg\" class=\"vc_single_image-img attachment-thumbnail\" alt=\"Noku Malediven\" title=\"Noku Malediven\" \/><\/a>\n\t\t<\/figure>\n\t<\/div>\n<\/div><\/div><\/div><div class=\"wpb_column vc_column_container vc_col-sm-9\"><div class=\"vc_column-inner\"><div class=\"wpb_wrapper\">\n\t<div class=\"wpb_text_column wpb_content_element\" >\n\t\t<div class=\"wpb_wrapper\">\n\t\t\t<h4><a href=\"http:\/\/maldives-paradise.com\/de\/noku-malediven\/\">Noku Maldives Resort<\/a><\/h4>\n<p>Eingebettet in die unber\u00fchrten Gew\u00e4sser des Noonu-Atolls ist das Noku Maldives Resort eine Oase der Ruhe und des Luxus. Dieses exklusive Resort bietet eine perfekte Mischung aus nat\u00fcrlicher Sch\u00f6nheit, modernen Annehmlichkeiten und au\u00dfergew\u00f6hnlichem Service und ist damit ein ideales Reiseziel f\u00fcr Reisende, die einen ruhigen und erholsamen Urlaub suchen. Hier sind die wichtigsten Merkmale, die das Noku Maldives Resort zu einem herausragenden Luxusziel auf den Malediven machen.<\/p>\n\n\t\t<\/div>\n\t<\/div>\n<\/div><\/div><\/div><\/div><div class=\"vc_row wpb_row vc_row-fluid\"><div class=\"wpb_column vc_column_container vc_col-sm-3\"><div class=\"vc_column-inner\"><div class=\"wpb_wrapper\">\n\t<div  class=\"wpb_single_image wpb_content_element vc_align_left wpb_content_element\">\n\t\t\n\t\t<figure class=\"wpb_wrapper vc_figure\">\n\t\t\t<a href=\"http:\/\/maldives-paradise.com\/de\/the-residence-maldives-falhumaafushi\/\" target=\"_self\" class=\"vc_single_image-wrapper   vc_box_border_grey\"><img loading=\"lazy\" decoding=\"async\" width=\"150\" height=\"150\" src=\"https:\/\/maldives-paradise.com\/wp-content\/uploads\/2024\/06\/The-Residence-Maldives-Falhumaafushi-1-150x150.jpg\" class=\"vc_single_image-img attachment-thumbnail\" alt=\"Die Residenz Malediven Falhumaafushi\" title=\"Die Residenz Malediven Falhumaafushi\" \/><\/a>\n\t\t<\/figure>\n\t<\/div>\n<\/div><\/div><\/div><div class=\"wpb_column vc_column_container vc_col-sm-9\"><div class=\"vc_column-inner\"><div class=\"wpb_wrapper\">\n\t<div class=\"wpb_text_column wpb_content_element\" >\n\t\t<div class=\"wpb_wrapper\">\n\t\t\t<h4><a href=\"http:\/\/maldives-paradise.com\/de\/the-residence-maldives-falhumaafushi\/\">Die Residenz Malediven Falhumaafushi<\/a><\/h4>\n<p>The Residence Maldives Falhumaafushi liegt auf der unber\u00fchrten Insel Falhumaafushi im Gaafu Alifu Atoll und bietet eine exquisite Mischung aus Luxus, Komfort und nat\u00fcrlicher Sch\u00f6nheit. Dieses F\u00fcnf-Sterne-Resort ist f\u00fcr seinen au\u00dfergew\u00f6hnlichen Service, seine atemberaubenden Unterk\u00fcnfte und seine vielf\u00e4ltigen Freizeitaktivit\u00e4ten bekannt und ist damit ein ideales Ziel f\u00fcr Reisende, die einen unvergesslichen Urlaub auf den Malediven verbringen m\u00f6chten. Hier sind die wichtigsten Merkmale, die The Residence Maldives Falhumaafushi auszeichnen.<\/p>\n\n\t\t<\/div>\n\t<\/div>\n<\/div><\/div><\/div><\/div><div class=\"vc_row wpb_row vc_row-fluid\"><div class=\"wpb_column vc_column_container vc_col-sm-3\"><div class=\"vc_column-inner\"><div class=\"wpb_wrapper\">\n\t<div  class=\"wpb_single_image wpb_content_element vc_align_left wpb_content_element\">\n\t\t\n\t\t<figure class=\"wpb_wrapper vc_figure\">\n\t\t\t<div class=\"vc_single_image-wrapper   vc_box_border_grey\"><img loading=\"lazy\" decoding=\"async\" width=\"150\" height=\"150\" src=\"https:\/\/maldives-paradise.com\/wp-content\/uploads\/2024\/07\/le-meridien-150x150.jpg\" class=\"vc_single_image-img attachment-thumbnail\" alt=\"Le M\u00e9ridien Maldives Resort\" title=\"le-meridien\" \/><\/div>\n\t\t<\/figure>\n\t<\/div>\n<\/div><\/div><\/div><div class=\"wpb_column vc_column_container vc_col-sm-9\"><div class=\"vc_column-inner\"><div class=\"wpb_wrapper\">\n\t<div class=\"wpb_text_column wpb_content_element\" >\n\t\t<div class=\"wpb_wrapper\">\n\t\t\t<h4><a href=\"http:\/\/maldives-paradise.com\/de\/le-meridien-malediven-resort\/\">Le M\u00e9ridien Maldives Resort<\/a><\/h4>\n<p>Das Le M\u00e9ridien Maldives Resort auf der idyllischen Insel Thilamaafushi im Lhaviyani-Atoll bietet einen unvergleichlichen R\u00fcckzugsort in eine Welt voller Luxus und nat\u00fcrlicher Sch\u00f6nheit. Dieses Resort ist der Inbegriff von Eleganz und verbindet moderne Eleganz mit der atemberaubenden Naturlandschaft der Malediven. Lassen Sie uns die wichtigsten Merkmale n\u00e4her betrachten, die das Le M\u00e9ridien Maldives Resort zu einem erstklassigen Reiseziel f\u00fcr anspruchsvolle Reisende machen.<\/p>\n\n\t\t<\/div>\n\t<\/div>\n<\/div><\/div><\/div><\/div><div class=\"vc_row wpb_row vc_row-fluid\"><div class=\"wpb_column vc_column_container vc_col-sm-3\"><div class=\"vc_column-inner\"><div class=\"wpb_wrapper\">\n\t<div  class=\"wpb_single_image wpb_content_element vc_align_left wpb_content_element\">\n\t\t\n\t\t<figure class=\"wpb_wrapper vc_figure\">\n\t\t\t<div class=\"vc_single_image-wrapper   vc_box_border_grey\"><img loading=\"lazy\" decoding=\"async\" width=\"150\" height=\"150\" src=\"https:\/\/maldives-paradise.com\/wp-content\/uploads\/2024\/07\/siyam-world-maldives-150x150.jpg\" class=\"vc_single_image-img attachment-thumbnail\" alt=\"Siyam World Malediven\" title=\"siyam-world-maldives\" \/><\/div>\n\t\t<\/figure>\n\t<\/div>\n<\/div><\/div><\/div><div class=\"wpb_column vc_column_container vc_col-sm-9\"><div class=\"vc_column-inner\"><div class=\"wpb_wrapper\">\n\t<div class=\"wpb_text_column wpb_content_element\" >\n\t\t<div class=\"wpb_wrapper\">\n\t\t\t<h4><a href=\"http:\/\/maldives-paradise.com\/de\/siyam-world-malediven\/\">Siyam World Malediven<\/a><\/h4>\n<p>Eingebettet im Herzen des Indischen Ozeans ist Siyam World Maldives ein Inbegriff von Luxus und Ruhe. Dieses Luxusresort im Noonu-Atoll bietet eine einzigartige Mischung aus nat\u00fcrlicher Sch\u00f6nheit, modernem Komfort und erstklassigen Annehmlichkeiten. Hier erkunden wir die wichtigsten Merkmale, die Siyam World Maldives zu einem erstklassigen Reiseziel f\u00fcr Reisende machen, die einen unvergesslichen Inselurlaub verbringen m\u00f6chten.<\/p>\n\n\t\t<\/div>\n\t<\/div>\n<\/div><\/div><\/div><\/div><div class=\"vc_row wpb_row vc_row-fluid\"><div class=\"wpb_column vc_column_container vc_col-sm-3\"><div class=\"vc_column-inner\"><div class=\"wpb_wrapper\">\n\t<div  class=\"wpb_single_image wpb_content_element vc_align_left wpb_content_element\">\n\t\t\n\t\t<figure class=\"wpb_wrapper vc_figure\">\n\t\t\t<div class=\"vc_single_image-wrapper   vc_box_border_grey\"><img loading=\"lazy\" decoding=\"async\" width=\"150\" height=\"150\" src=\"https:\/\/maldives-paradise.com\/wp-content\/uploads\/2024\/07\/ifuru-island-resort-150x150.jpg\" class=\"vc_single_image-img attachment-thumbnail\" alt=\"Ifuru Island Resort Malediven\" title=\"ifuru-island-resort\" \/><\/div>\n\t\t<\/figure>\n\t<\/div>\n<\/div><\/div><\/div><div class=\"wpb_column vc_column_container vc_col-sm-9\"><div class=\"vc_column-inner\"><div class=\"wpb_wrapper\">\n\t<div class=\"wpb_text_column wpb_content_element\" >\n\t\t<div class=\"wpb_wrapper\">\n\t\t\t<h4><a href=\"http:\/\/maldives-paradise.com\/de\/ifuru-island-resort-malediven\/\">Ifuru Island Resort Malediven<\/a><\/h4>\n<p>Das Ifuru Island Resort Maldives liegt im malerischen Raa-Atoll und ist ein erstklassiges Luxusziel, das einen unvergesslichen tropischen Urlaub verspricht. Dieses Resort verbindet modernen Luxus mit der nat\u00fcrlichen Sch\u00f6nheit der Malediven und bietet seinen G\u00e4sten ein au\u00dfergew\u00f6hnliches Erlebnis. Lassen Sie uns die wichtigsten Merkmale erkunden, die das Ifuru Island Resort Maldives zu einer herausragenden Wahl f\u00fcr anspruchsvolle Reisende machen.<\/p>\n\n\t\t<\/div>\n\t<\/div>\n<\/div><\/div><\/div><\/div><div class=\"vc_row wpb_row vc_row-fluid\"><div class=\"wpb_column vc_column_container vc_col-sm-3\"><div class=\"vc_column-inner\"><div class=\"wpb_wrapper\">\n\t<div  class=\"wpb_single_image wpb_content_element vc_align_left wpb_content_element\">\n\t\t\n\t\t<figure class=\"wpb_wrapper vc_figure\">\n\t\t\t<a href=\"https:\/\/maldives-paradise.com\/de\/avani-fares-malediven-resort\/\" target=\"_self\" class=\"vc_single_image-wrapper   vc_box_border_grey\"><img loading=\"lazy\" decoding=\"async\" width=\"150\" height=\"150\" src=\"https:\/\/maldives-paradise.com\/wp-content\/uploads\/2024\/09\/avani-fares-overwater-villa-150x150.jpg\" class=\"vc_single_image-img attachment-thumbnail\" alt=\"Avani+ Tarife Malediven Resort\" title=\"avani-fares-overwater-villa\" \/><\/a>\n\t\t<\/figure>\n\t<\/div>\n<\/div><\/div><\/div><div class=\"wpb_column vc_column_container vc_col-sm-9\"><div class=\"vc_column-inner\"><div class=\"wpb_wrapper\">\n\t<div class=\"wpb_text_column wpb_content_element\" >\n\t\t<div class=\"wpb_wrapper\">\n\t\t\t<h4><a href=\"https:\/\/maldives-paradise.com\/de\/avani-fares-malediven-resort\/\">Avani+ Tarife Malediven Resort<\/a><\/h4>\n<p>Das Avani+ Fares Maldives Resort bietet einen au\u00dfergew\u00f6hnlichen Luxusurlaub inmitten kristallklaren Wassers, puderweicher Str\u00e4nde und \u00fcppiger Vegetation. Das 2023 er\u00f6ffnete exklusive Resort vereint moderne Eleganz mit maledivischem Charme und bietet seinen G\u00e4sten die perfekte Mischung aus Entspannung, Abenteuer und nachhaltigem Leben. Hier sind die wichtigsten Merkmale, die das Avani+ Fares Maldives Resort zu einem erstklassigen Luxusreiseziel machen.<\/p>\n\n\t\t<\/div>\n\t<\/div>\n<\/div><\/div><\/div><\/div><div class=\"vc_row wpb_row vc_row-fluid\"><div class=\"wpb_column vc_column_container vc_col-sm-3\"><div class=\"vc_column-inner\"><div class=\"wpb_wrapper\">\n\t<div  class=\"wpb_single_image wpb_content_element vc_align_left wpb_content_element\">\n\t\t\n\t\t<figure class=\"wpb_wrapper vc_figure\">\n\t\t\t<a href=\"https:\/\/maldives-paradise.com\/de\/furaveri-malediven\/\" target=\"_self\" class=\"vc_single_image-wrapper   vc_box_border_grey\"><img loading=\"lazy\" decoding=\"async\" width=\"150\" height=\"150\" src=\"https:\/\/maldives-paradise.com\/wp-content\/uploads\/2024\/09\/furaveri-maldives-150x150.jpg\" class=\"vc_single_image-img attachment-thumbnail\" alt=\"Furaveri Malediven\" title=\"furaveri-maldives\" \/><\/a>\n\t\t<\/figure>\n\t<\/div>\n<\/div><\/div><\/div><div class=\"wpb_column vc_column_container vc_col-sm-9\"><div class=\"vc_column-inner\"><div class=\"wpb_wrapper\">\n\t<div class=\"wpb_text_column wpb_content_element\" >\n\t\t<div class=\"wpb_wrapper\">\n\t\t\t<h4><a href=\"https:\/\/maldives-paradise.com\/de\/furaveri-malediven\/\">Furaveri Malediven<\/a><\/h4>\n<p>Das Furaveri Maldives Resort liegt im malerischen Raa-Atoll und bietet einen luxuri\u00f6sen Urlaub der Extraklasse im Herzen der Malediven. Umgeben von unber\u00fchrten Str\u00e4nden, kristallklarem Wasser und \u00fcppiger tropischer Vegetation ist das Furaveri ein Paradies f\u00fcr Reisende, die Ruhe, Abenteuer und Genuss suchen. Mit seinem Fokus auf maledivischen Charme und modernem Komfort bietet das Resort ein unvergessliches Urlaubserlebnis. Entdecken Sie die Highlights des Furaveri Maldives Resorts, die es zu einem Traumziel f\u00fcr Reisende aus aller Welt machen.<\/p>\n\n\t\t<\/div>\n\t<\/div>\n<\/div><\/div><\/div><\/div><div class=\"vc_row wpb_row vc_row-fluid\"><div class=\"wpb_column vc_column_container vc_col-sm-12\"><div class=\"vc_column-inner\"><div class=\"wpb_wrapper\">\n\t<div class=\"wpb_text_column wpb_content_element\" >\n\t\t<div class=\"wpb_wrapper\">\n\t\t\t<h3>5-Sterne-Hotels und Resorts auf den Malediven\u00a0 <a href=\"http:\/\/maldives-paradise.com\/de\/?page_id=4124\">Seite 1<\/a> <a href=\"http:\/\/maldives-paradise.com\/de\/?page_id=7968\">Seite 2<\/a> \u00a0 <a href=\"http:\/\/maldives-paradise.com\/de\/?page_id=7996\">Seite 3<\/a>\u00a0 <a href=\"http:\/\/maldives-paradise.com\/de\/?page_id=8053\">Seite 4<\/a>\u00a0 <a href=\"http:\/\/maldives-paradise.com\/de\/?page_id=8128\">Seite 5<\/a>\u00a0\u00a0 <a href=\"http:\/\/maldives-paradise.com\/de\/?page_id=8170\">Seite 6<\/a><\/h3>\n<h3><a href=\"http:\/\/maldives-paradise.com\/de\/5-sterne-hotelresorts-auf-den-malediven-7\/\">Seite 7<\/a>\u00a0\u00a0<a href=\"https:\/\/maldives-paradise.com\/de\/5-sterne-hotels-und-resorts-auf-den-malediven-9\/\">Seite 9<\/a><\/h3>\n\n\t\t<\/div>\n\t<\/div>\n<\/div><\/div><\/div><\/div>\n<\/div>","protected":false},"excerpt":{"rendered":"<div class=\"mh-excerpt\"><\/div>","protected":false},"author":1,"featured_media":17021,"parent":0,"menu_order":0,"comment_status":"closed","ping_status":"closed","template":"","meta":{"footnotes":""},"class_list":["post-17100","page","type-page","status-publish","has-post-thumbnail"],"aioseo_notices":[],"_links":{"self":[{"href":"http:\/\/maldives-paradise.com\/de\/wp-json\/wp\/v2\/pages\/17100","targetHints":{"allow":["GET"]}}],"collection":[{"href":"http:\/\/maldives-paradise.com\/de\/wp-json\/wp\/v2\/pages"}],"about":[{"href":"http:\/\/maldives-paradise.com\/de\/wp-json\/wp\/v2\/types\/page"}],"author":[{"embeddable":true,"href":"http:\/\/maldives-paradise.com\/de\/wp-json\/wp\/v2\/users\/1"}],"replies":[{"embeddable":true,"href":"http:\/\/maldives-paradise.com\/de\/wp-json\/wp\/v2\/comments?post=17100"}],"version-history":[{"count":6,"href":"http:\/\/maldives-paradise.com\/de\/wp-json\/wp\/v2\/pages\/17100\/revisions"}],"predecessor-version":[{"id":41910,"href":"http:\/\/maldives-paradise.com\/de\/wp-json\/wp\/v2\/pages\/17100\/revisions\/41910"}],"wp:featuredmedia":[{"embeddable":true,"href":"http:\/\/maldives-paradise.com\/de\/wp-json\/wp\/v2\/media\/17021"}],"wp:attachment":[{"href":"http:\/\/maldives-paradise.com\/de\/wp-json\/wp\/v2\/media?parent=17100"}],"curies":[{"name":"wp","href":"https:\/\/api.w.org\/{rel}","templated":true}]}}