{"id":16915,"date":"2024-06-08T07:37:39","date_gmt":"2024-06-08T07:37:39","guid":{"rendered":"http:\/\/maldives-paradise.com\/?page_id=16915"},"modified":"2025-02-22T18:03:26","modified_gmt":"2025-02-22T18:03:26","slug":"die-besten-luxusresorts-im-haa-alifu-atoll","status":"publish","type":"page","link":"http:\/\/maldives-paradise.com\/de\/die-besten-luxusresorts-im-haa-alifu-atoll\/","title":{"rendered":"Die besten Luxus-Resorts im Haa Alifu Atoll"},"content":{"rendered":"<div class=\"wpb-content-wrapper\"><div class=\"vc_row wpb_row vc_row-fluid\"><div class=\"wpb_column vc_column_container vc_col-sm-12\"><div class=\"vc_column-inner\"><div class=\"wpb_wrapper\">\n\t<div class=\"wpb_text_column wpb_content_element\" >\n\t\t<div class=\"wpb_wrapper\">\n\t\t\t<p><strong>Haa Alifu Atoll<\/strong>, im n\u00f6rdlichsten Teil der Malediven gelegen, bietet einen exquisiten Zufluchtsort f\u00fcr Reisende, die Luxus, Ruhe und atemberaubende Natursch\u00f6nheit suchen. Das Atoll beherbergt einige der opulentesten Resorts der Welt, die jeweils eine einzigartige Mischung aus Komfort, Abenteuer und unvergleichlichem Service bieten. Hier sind die besten Luxusresorts im Haa-Alifu-Atoll:<\/p>\n\n\t\t<\/div>\n\t<\/div>\n<\/div><\/div><\/div><\/div><div class=\"vc_row wpb_row vc_row-fluid\"><div class=\"wpb_column vc_column_container vc_col-sm-12\"><div class=\"vc_column-inner\"><div class=\"wpb_wrapper\">\n\t<div  class=\"wpb_single_image wpb_content_element vc_align_left wpb_content_element\">\n\t\t<h2 class=\"wpb_heading wpb_singleimage_heading\">JA Manafaru<\/h2>\n\t\t<figure class=\"wpb_wrapper vc_figure\">\n\t\t\t<div class=\"vc_single_image-wrapper   vc_box_border_grey\"><img loading=\"lazy\" decoding=\"async\" width=\"791\" height=\"480\" src=\"https:\/\/maldives-paradise.com\/wp-content\/uploads\/2024\/06\/JA-Manafaru3.jpg\" class=\"vc_single_image-img attachment-large\" alt=\"JA Manafaru\" title=\"JA-Manafaru3\" srcset=\"https:\/\/maldives-paradise.com\/wp-content\/uploads\/2024\/06\/JA-Manafaru3.jpg 791w, https:\/\/maldives-paradise.com\/wp-content\/uploads\/2024\/06\/JA-Manafaru3-300x182.jpg 300w, https:\/\/maldives-paradise.com\/wp-content\/uploads\/2024\/06\/JA-Manafaru3-768x466.jpg 768w, https:\/\/maldives-paradise.com\/wp-content\/uploads\/2024\/06\/JA-Manafaru3-18x12.jpg 18w, https:\/\/maldives-paradise.com\/wp-content\/uploads\/2024\/06\/JA-Manafaru3-500x303.jpg 500w\" sizes=\"auto, (max-width: 791px) 100vw, 791px\" \/><\/div>\n\t\t<\/figure>\n\t<\/div>\n<\/div><\/div><\/div><\/div><div class=\"vc_row wpb_row vc_row-fluid\"><div class=\"wpb_column vc_column_container vc_col-sm-12\"><div class=\"vc_column-inner\"><div class=\"wpb_wrapper\">\n\t<div class=\"wpb_text_column wpb_content_element\" >\n\t\t<div class=\"wpb_wrapper\">\n\t\t\t<h4><a href=\"http:\/\/maldives-paradise.com\/de\/ja-manafaru-malediven\/\">JA Manafaru<\/a><\/h4>\n<p>JA Manafaru liegt auf einer privaten Insel im Haa-Alifu-Atoll und ist eine Oase des Luxus und der Ruhe. Das Resort bietet \u00dcberwasservillen, Strandbungalows und Suiten mit privaten Pools. G\u00e4ste k\u00f6nnen sich einer Vielzahl von Wassersportarten hingeben, in mehreren erstklassigen Restaurants speisen und im preisgekr\u00f6nten Calm Spa entspannen.<\/p>\n\n\t\t<\/div>\n\t<\/div>\n<\/div><\/div><\/div><\/div><div class=\"vc_row wpb_row vc_row-fluid\"><div class=\"wpb_column vc_column_container vc_col-sm-12\"><div class=\"vc_column-inner\"><div class=\"wpb_wrapper\">\n\t<div  class=\"wpb_single_image wpb_content_element vc_align_left wpb_content_element\">\n\t\t<h2 class=\"wpb_heading wpb_singleimage_heading\">Hideaway Beach Resort &amp; Spa<\/h2>\n\t\t<figure class=\"wpb_wrapper vc_figure\">\n\t\t\t<div class=\"vc_single_image-wrapper   vc_box_border_grey\"><img loading=\"lazy\" decoding=\"async\" width=\"780\" height=\"454\" src=\"https:\/\/maldives-paradise.com\/wp-content\/uploads\/2024\/06\/Hideaway-Beach-Resort-Spa.jpg\" class=\"vc_single_image-img attachment-large\" alt=\"Hideaway Beach Resort &amp; Spa\" title=\"Hideaway-Beach-Resort-Spa\" srcset=\"https:\/\/maldives-paradise.com\/wp-content\/uploads\/2024\/06\/Hideaway-Beach-Resort-Spa.jpg 780w, https:\/\/maldives-paradise.com\/wp-content\/uploads\/2024\/06\/Hideaway-Beach-Resort-Spa-300x175.jpg 300w, https:\/\/maldives-paradise.com\/wp-content\/uploads\/2024\/06\/Hideaway-Beach-Resort-Spa-768x447.jpg 768w, https:\/\/maldives-paradise.com\/wp-content\/uploads\/2024\/06\/Hideaway-Beach-Resort-Spa-18x10.jpg 18w, https:\/\/maldives-paradise.com\/wp-content\/uploads\/2024\/06\/Hideaway-Beach-Resort-Spa-500x291.jpg 500w\" sizes=\"auto, (max-width: 780px) 100vw, 780px\" \/><\/div>\n\t\t<\/figure>\n\t<\/div>\n<\/div><\/div><\/div><\/div><div class=\"vc_row wpb_row vc_row-fluid\"><div class=\"wpb_column vc_column_container vc_col-sm-12\"><div class=\"vc_column-inner\"><div class=\"wpb_wrapper\">\n\t<div class=\"wpb_text_column wpb_content_element\" >\n\t\t<div class=\"wpb_wrapper\">\n\t\t\t<h4><a href=\"https:\/\/lamp.glopss.com\/aff_c?offer_id=1384&amp;aff_id=1834\" target=\"_blank\" rel=\"nofollow noopener\">Hideaway Beach Resort &amp; Spa<\/a><\/h4>\n<p>Das Hideaway Beach Resort &amp; Spa ist f\u00fcr seine Privatsph\u00e4re und seinen Platz bekannt und verf\u00fcgt \u00fcber eine der gr\u00f6\u00dften Villen auf den Malediven. Das Resort bietet 103 Villen, jede mit eigenem Strand- oder Lagunenzugang. Seine vielf\u00e4ltigen Speisem\u00f6glichkeiten, das erstklassige Spa und die hervorragenden Tauchpl\u00e4tze machen es zu einer Top-Wahl f\u00fcr anspruchsvolle G\u00e4ste.<\/p>\n\n\t\t<\/div>\n\t<\/div>\n<\/div><\/div><\/div><\/div><div class=\"vc_row wpb_row vc_row-fluid\"><div class=\"wpb_column vc_column_container vc_col-sm-12\"><div class=\"vc_column-inner\"><div class=\"wpb_wrapper\">\n\t<div class=\"wpb_text_column wpb_content_element\" >\n\t\t<div class=\"wpb_wrapper\">\n\t\t\t<p>Jedes dieser Resorts im Haa Alifu Atoll bietet ein einzigartiges St\u00fcck Paradies und garantiert seinen Besuchern ein H\u00f6chstma\u00df an Luxus, Komfort und nat\u00fcrlicher Sch\u00f6nheit. Ob Sie einen romantischen Kurzurlaub, einen Familienurlaub oder einen abenteuerlichen Urlaub planen, diese Resorts bieten die perfekte Kulisse f\u00fcr ein unvergessliches Malediven-Erlebnis.<\/p>\n\n\t\t<\/div>\n\t<\/div>\n<\/div><\/div><\/div><\/div>\n<\/div>","protected":false},"excerpt":{"rendered":"<div class=\"mh-excerpt\"><\/div>","protected":false},"author":1,"featured_media":16916,"parent":0,"menu_order":0,"comment_status":"closed","ping_status":"closed","template":"","meta":{"footnotes":""},"class_list":["post-16915","page","type-page","status-publish","has-post-thumbnail"],"aioseo_notices":[],"_links":{"self":[{"href":"http:\/\/maldives-paradise.com\/de\/wp-json\/wp\/v2\/pages\/16915","targetHints":{"allow":["GET"]}}],"collection":[{"href":"http:\/\/maldives-paradise.com\/de\/wp-json\/wp\/v2\/pages"}],"about":[{"href":"http:\/\/maldives-paradise.com\/de\/wp-json\/wp\/v2\/types\/page"}],"author":[{"embeddable":true,"href":"http:\/\/maldives-paradise.com\/de\/wp-json\/wp\/v2\/users\/1"}],"replies":[{"embeddable":true,"href":"http:\/\/maldives-paradise.com\/de\/wp-json\/wp\/v2\/comments?post=16915"}],"version-history":[{"count":1,"href":"http:\/\/maldives-paradise.com\/de\/wp-json\/wp\/v2\/pages\/16915\/revisions"}],"predecessor-version":[{"id":16919,"href":"http:\/\/maldives-paradise.com\/de\/wp-json\/wp\/v2\/pages\/16915\/revisions\/16919"}],"wp:featuredmedia":[{"embeddable":true,"href":"http:\/\/maldives-paradise.com\/de\/wp-json\/wp\/v2\/media\/16916"}],"wp:attachment":[{"href":"http:\/\/maldives-paradise.com\/de\/wp-json\/wp\/v2\/media?parent=16915"}],"curies":[{"name":"wp","href":"https:\/\/api.w.org\/{rel}","templated":true}]}}