{"id":16861,"date":"2024-06-06T17:52:14","date_gmt":"2024-06-06T17:52:14","guid":{"rendered":"http:\/\/maldives-paradise.com\/?page_id=16861"},"modified":"2025-02-22T18:02:06","modified_gmt":"2025-02-22T18:02:06","slug":"die-besten-luxusresorts-im-addu-atoll","status":"publish","type":"page","link":"http:\/\/maldives-paradise.com\/de\/die-besten-luxusresorts-im-addu-atoll\/","title":{"rendered":"Die besten Luxus-Resorts im Addu-Atoll"},"content":{"rendered":"<div class=\"wpb-content-wrapper\"><div class=\"vc_row wpb_row vc_row-fluid\"><div class=\"wpb_column vc_column_container vc_col-sm-12\"><div class=\"vc_column-inner\"><div class=\"wpb_wrapper\">\n\t<div class=\"wpb_text_column wpb_content_element\" >\n\t\t<div class=\"wpb_wrapper\">\n\t\t\t<p>Das Addu-Atoll, das s\u00fcdlichste Atoll der Malediven, ist bekannt f\u00fcr seine atemberaubenden Landschaften, sein pulsierendes Meeresleben und seine luxuri\u00f6sen Resorts. Dieses Atoll, auch als Seenu-Atoll bekannt, bietet eine perfekte Mischung aus Ruhe und Opulenz und ist damit ein erstklassiges Reiseziel f\u00fcr Luxusreisende. Hier sind die besten Luxusresorts im Addu-Atoll, die jeweils besondere Merkmale und au\u00dfergew\u00f6hnliche Dienstleistungen bieten.<\/p>\n\n\t\t<\/div>\n\t<\/div>\n<\/div><\/div><\/div><\/div><div class=\"vc_row wpb_row vc_row-fluid\"><div class=\"wpb_column vc_column_container vc_col-sm-12\"><div class=\"vc_column-inner\"><div class=\"wpb_wrapper\">\n\t<div  class=\"wpb_single_image wpb_content_element vc_align_left wpb_content_element\">\n\t\t<h2 class=\"wpb_heading wpb_singleimage_heading\">Shangri-La&#039;s Villingili Resort und Spa<\/h2>\n\t\t<figure class=\"wpb_wrapper vc_figure\">\n\t\t\t<div class=\"vc_single_image-wrapper   vc_box_border_grey\"><img loading=\"lazy\" decoding=\"async\" width=\"800\" height=\"534\" src=\"https:\/\/maldives-paradise.com\/wp-content\/uploads\/2024\/06\/Shangri-La-Maldives.jpg\" class=\"vc_single_image-img attachment-large\" alt=\"Shangri-La&#039;s Villingili Resort und Spa\" title=\"Shangri-La-Malediven\" srcset=\"https:\/\/maldives-paradise.com\/wp-content\/uploads\/2024\/06\/Shangri-La-Maldives.jpg 800w, https:\/\/maldives-paradise.com\/wp-content\/uploads\/2024\/06\/Shangri-La-Maldives-300x200.jpg 300w, https:\/\/maldives-paradise.com\/wp-content\/uploads\/2024\/06\/Shangri-La-Maldives-768x513.jpg 768w, https:\/\/maldives-paradise.com\/wp-content\/uploads\/2024\/06\/Shangri-La-Maldives-18x12.jpg 18w, https:\/\/maldives-paradise.com\/wp-content\/uploads\/2024\/06\/Shangri-La-Maldives-500x334.jpg 500w\" sizes=\"auto, (max-width: 800px) 100vw, 800px\" \/><\/div>\n\t\t<\/figure>\n\t<\/div>\n<\/div><\/div><\/div><\/div><div class=\"vc_row wpb_row vc_row-fluid\"><div class=\"wpb_column vc_column_container vc_col-sm-12\"><div class=\"vc_column-inner\"><div class=\"wpb_wrapper\">\n\t<div class=\"wpb_text_column wpb_content_element\" >\n\t\t<div class=\"wpb_wrapper\">\n\t\t\t<h4><a href=\"https:\/\/hotellook.tp.st\/s102UtR1\" target=\"_blank\" rel=\"nofollow noopener\">Shangri-La&#039;s Villingili Resort und Spa<\/a><\/h4>\n<p>Das Villingili Resort and Spa im Shangri-La ist mit seinen ger\u00e4umigen Villen und atemberaubenden \u00dcberwasserbungalows der Inbegriff von Luxus. Dieses Resort verf\u00fcgt \u00fcber einen 9-Loch-Golfplatz, ein einzigartiges Angebot auf den Malediven. G\u00e4ste k\u00f6nnen sich im CHI, The Spa, verj\u00fcngende Behandlungen g\u00f6nnen, in mehreren erstklassigen Restaurants speisen und die lebhaften Korallenriffe rund um die Insel erkunden.<\/p>\n\n\t\t<\/div>\n\t<\/div>\n<\/div><\/div><\/div><\/div><div class=\"vc_row wpb_row vc_row-fluid\"><div class=\"wpb_column vc_column_container vc_col-sm-12\"><div class=\"vc_column-inner\"><div class=\"wpb_wrapper\">\n\t<div  class=\"wpb_single_image wpb_content_element vc_align_left wpb_content_element\">\n\t\t<h2 class=\"wpb_heading wpb_singleimage_heading\">Canareef Resort Malediven<\/h2>\n\t\t<figure class=\"wpb_wrapper vc_figure\">\n\t\t\t<div class=\"vc_single_image-wrapper   vc_box_border_grey\"><img loading=\"lazy\" decoding=\"async\" width=\"750\" height=\"500\" src=\"https:\/\/maldives-paradise.com\/wp-content\/uploads\/2024\/06\/canareef3.jpg\" class=\"vc_single_image-img attachment-large\" alt=\"Canareef Resort Malediven\" title=\"canareef3\" srcset=\"https:\/\/maldives-paradise.com\/wp-content\/uploads\/2024\/06\/canareef3.jpg 750w, https:\/\/maldives-paradise.com\/wp-content\/uploads\/2024\/06\/canareef3-300x200.jpg 300w, https:\/\/maldives-paradise.com\/wp-content\/uploads\/2024\/06\/canareef3-18x12.jpg 18w, https:\/\/maldives-paradise.com\/wp-content\/uploads\/2024\/06\/canareef3-500x333.jpg 500w\" sizes=\"auto, (max-width: 750px) 100vw, 750px\" \/><\/div>\n\t\t<\/figure>\n\t<\/div>\n<\/div><\/div><\/div><\/div><div class=\"vc_row wpb_row vc_row-fluid\"><div class=\"wpb_column vc_column_container vc_col-sm-12\"><div class=\"vc_column-inner\"><div class=\"wpb_wrapper\">\n\t<div class=\"wpb_text_column wpb_content_element\" >\n\t\t<div class=\"wpb_wrapper\">\n\t\t\t<h4><a href=\"http:\/\/maldives-paradise.com\/de\/canareef-resort-malediven\/\">Canareef Resort Malediven<\/a><\/h4>\n<p>Das Canareef Resort Maldives erstreckt sich \u00fcber eine 4,5 Kilometer lange Insel im Addu-Atoll und bietet seinen G\u00e4sten viel Platz und Privatsph\u00e4re. Das Resort verf\u00fcgt \u00fcber luxuri\u00f6se Villen, ein Spa und mehrere gastronomische Einrichtungen. Zu den Aktivit\u00e4ten geh\u00f6ren Delfinbeobachtungen, Tauchen und das Erkunden der nahegelegenen Naturpfade.<\/p>\n\n\t\t<\/div>\n\t<\/div>\n<\/div><\/div><\/div><\/div><div class=\"vc_row wpb_row vc_row-fluid\"><div class=\"wpb_column vc_column_container vc_col-sm-12\"><div class=\"vc_column-inner\"><div class=\"wpb_wrapper\">\n\t<div  class=\"wpb_single_image wpb_content_element vc_align_left wpb_content_element\">\n\t\t<h2 class=\"wpb_heading wpb_singleimage_heading\">\u00c4quatordorf<\/h2>\n\t\t<figure class=\"wpb_wrapper vc_figure\">\n\t\t\t<div class=\"vc_single_image-wrapper   vc_box_border_grey\"><img loading=\"lazy\" decoding=\"async\" width=\"780\" height=\"520\" src=\"https:\/\/maldives-paradise.com\/wp-content\/uploads\/2024\/06\/equator-village-resort.jpg\" class=\"vc_single_image-img attachment-large\" alt=\"\u00c4quatordorf\" title=\"\u00c4quator-Village-Resort\" srcset=\"https:\/\/maldives-paradise.com\/wp-content\/uploads\/2024\/06\/equator-village-resort.jpg 780w, https:\/\/maldives-paradise.com\/wp-content\/uploads\/2024\/06\/equator-village-resort-300x200.jpg 300w, https:\/\/maldives-paradise.com\/wp-content\/uploads\/2024\/06\/equator-village-resort-768x512.jpg 768w, https:\/\/maldives-paradise.com\/wp-content\/uploads\/2024\/06\/equator-village-resort-18x12.jpg 18w, https:\/\/maldives-paradise.com\/wp-content\/uploads\/2024\/06\/equator-village-resort-500x333.jpg 500w\" sizes=\"auto, (max-width: 780px) 100vw, 780px\" \/><\/div>\n\t\t<\/figure>\n\t<\/div>\n<\/div><\/div><\/div><\/div><div class=\"vc_row wpb_row vc_row-fluid\"><div class=\"wpb_column vc_column_container vc_col-sm-12\"><div class=\"vc_column-inner\"><div class=\"wpb_wrapper\">\n\t<div class=\"wpb_text_column wpb_content_element\" >\n\t\t<div class=\"wpb_wrapper\">\n\t\t\t<h4><a href=\"http:\/\/lamp.glopss.com\/aff_c?offer_id=1521&amp;aff_id=1834&amp;url=https%3A%2F%2Fwww.equatorvillage.com%2F\" target=\"_blank\" rel=\"nofollow noopener\">\u00c4quatordorf<\/a><\/h4>\n<p>Equator Village auf der Insel Gan bietet eine Mischung aus modernem Komfort und historischem Charme. Das Resort befindet sich in einer ehemaligen Kaserne der Royal Air Force und bietet gem\u00fctliche Bungalows inmitten \u00fcppiger G\u00e4rten. Die G\u00e4ste k\u00f6nnen eine Vielzahl von Aktivit\u00e4ten genie\u00dfen, darunter Tauchen, Schnorcheln und Radtouren, um die reiche Geschichte und Kultur des Atolls zu erkunden.<\/p>\n\n\t\t<\/div>\n\t<\/div>\n<\/div><\/div><\/div><\/div><div class=\"vc_row wpb_row vc_row-fluid\"><div class=\"wpb_column vc_column_container vc_col-sm-12\"><div class=\"vc_column-inner\"><div class=\"wpb_wrapper\">\n\t<div  class=\"wpb_single_image wpb_content_element vc_align_left wpb_content_element\">\n\t\t<h2 class=\"wpb_heading wpb_singleimage_heading\">South Palm Resort Malediven<\/h2>\n\t\t<figure class=\"wpb_wrapper vc_figure\">\n\t\t\t<div class=\"vc_single_image-wrapper   vc_box_border_grey\"><img loading=\"lazy\" decoding=\"async\" width=\"780\" height=\"438\" src=\"https:\/\/maldives-paradise.com\/wp-content\/uploads\/2024\/06\/south-palm-resort-maldives.jpg\" class=\"vc_single_image-img attachment-large\" alt=\"South Palm Resort Malediven\" title=\"South Palm Resort Malediven\" srcset=\"https:\/\/maldives-paradise.com\/wp-content\/uploads\/2024\/06\/south-palm-resort-maldives.jpg 780w, https:\/\/maldives-paradise.com\/wp-content\/uploads\/2024\/06\/south-palm-resort-maldives-300x168.jpg 300w, https:\/\/maldives-paradise.com\/wp-content\/uploads\/2024\/06\/south-palm-resort-maldives-768x431.jpg 768w, https:\/\/maldives-paradise.com\/wp-content\/uploads\/2024\/06\/south-palm-resort-maldives-18x10.jpg 18w, https:\/\/maldives-paradise.com\/wp-content\/uploads\/2024\/06\/south-palm-resort-maldives-678x381.jpg 678w, https:\/\/maldives-paradise.com\/wp-content\/uploads\/2024\/06\/south-palm-resort-maldives-500x281.jpg 500w\" sizes=\"auto, (max-width: 780px) 100vw, 780px\" \/><\/div>\n\t\t<\/figure>\n\t<\/div>\n<\/div><\/div><\/div><\/div><div class=\"vc_row wpb_row vc_row-fluid\"><div class=\"wpb_column vc_column_container vc_col-sm-12\"><div class=\"vc_column-inner\"><div class=\"wpb_wrapper\">\n\t<div class=\"wpb_text_column wpb_content_element\" >\n\t\t<div class=\"wpb_wrapper\">\n\t\t\t<h4><a href=\"http:\/\/maldives-paradise.com\/de\/south-palm-resort-malediven\/\">South Palm Resort Malediven<\/a><\/h4>\n<p>Das South Palm Resort Maldives ist ein exklusiver R\u00fcckzugsort auf einer privaten Insel. Das Resort bietet Strand- und \u00dcberwasservillen, die alle im zeitgen\u00f6ssischen Stil gestaltet sind. G\u00e4ste k\u00f6nnen im Infinity-Pool des Resorts entspannen, verschiedene Wassersportarten aus\u00fcben und in Restaurants speisen, die internationale und maledivische K\u00fcche servieren.<\/p>\n<p>Abschluss<\/p>\n<p>Das Addu-Atoll auf den Malediven beherbergt einige der luxuri\u00f6sesten Resorts der Welt. Jedes Resort bietet eine einzigartige Mischung aus Luxus, Komfort und nat\u00fcrlicher Sch\u00f6nheit und ist damit ein ideales Reiseziel f\u00fcr Reisende, die einen luxuri\u00f6sen Urlaub verbringen m\u00f6chten. Ob Sie Abenteuer, Entspannung oder eine Mischung aus beidem suchen, diese zehn Luxusresorts im Addu-Atoll versprechen ein unvergessliches Erlebnis an einem der sch\u00f6nsten Orte der Welt.<\/p>\n\n\t\t<\/div>\n\t<\/div>\n<\/div><\/div><\/div><\/div>\n<\/div>","protected":false},"excerpt":{"rendered":"<div class=\"mh-excerpt\"><\/div>","protected":false},"author":1,"featured_media":16862,"parent":0,"menu_order":0,"comment_status":"closed","ping_status":"closed","template":"","meta":{"footnotes":""},"class_list":["post-16861","page","type-page","status-publish","has-post-thumbnail"],"aioseo_notices":[],"_links":{"self":[{"href":"http:\/\/maldives-paradise.com\/de\/wp-json\/wp\/v2\/pages\/16861","targetHints":{"allow":["GET"]}}],"collection":[{"href":"http:\/\/maldives-paradise.com\/de\/wp-json\/wp\/v2\/pages"}],"about":[{"href":"http:\/\/maldives-paradise.com\/de\/wp-json\/wp\/v2\/types\/page"}],"author":[{"embeddable":true,"href":"http:\/\/maldives-paradise.com\/de\/wp-json\/wp\/v2\/users\/1"}],"replies":[{"embeddable":true,"href":"http:\/\/maldives-paradise.com\/de\/wp-json\/wp\/v2\/comments?post=16861"}],"version-history":[{"count":2,"href":"http:\/\/maldives-paradise.com\/de\/wp-json\/wp\/v2\/pages\/16861\/revisions"}],"predecessor-version":[{"id":16869,"href":"http:\/\/maldives-paradise.com\/de\/wp-json\/wp\/v2\/pages\/16861\/revisions\/16869"}],"wp:featuredmedia":[{"embeddable":true,"href":"http:\/\/maldives-paradise.com\/de\/wp-json\/wp\/v2\/media\/16862"}],"wp:attachment":[{"href":"http:\/\/maldives-paradise.com\/de\/wp-json\/wp\/v2\/media?parent=16861"}],"curies":[{"name":"wp","href":"https:\/\/api.w.org\/{rel}","templated":true}]}}