{"id":16730,"date":"2024-06-05T13:39:26","date_gmt":"2024-06-05T13:39:26","guid":{"rendered":"http:\/\/maldives-paradise.com\/?page_id=16730"},"modified":"2025-02-22T18:12:03","modified_gmt":"2025-02-22T18:12:03","slug":"beste-luxusresorts-im-sud-male-atoll","status":"publish","type":"page","link":"http:\/\/maldives-paradise.com\/de\/beste-luxusresorts-im-sud-male-atoll\/","title":{"rendered":"Die besten Luxus-Resorts im S\u00fcd-Male-Atoll"},"content":{"rendered":"<div class=\"wpb-content-wrapper\"><div class=\"vc_row wpb_row vc_row-fluid\"><div class=\"wpb_column vc_column_container vc_col-sm-12\"><div class=\"vc_column-inner\"><div class=\"wpb_wrapper\">\n\t<div class=\"wpb_text_column wpb_content_element\" >\n\t\t<div class=\"wpb_wrapper\">\n\t\t\t<p>Die Malediven, ein tropisches Paradies, das f\u00fcr seine atemberaubenden \u00dcberwasserbungalows, unber\u00fchrten Str\u00e4nde und sein vielf\u00e4ltiges Meeresleben bekannt ist, sind ein Top-Reiseziel f\u00fcr Luxusreisende. <strong>S\u00fcd-Male-Atoll<\/strong>bietet insbesondere eine Reihe von Luxusresorts f\u00fcr diejenigen, die das ultimative Ma\u00df an Entspannung und Verw\u00f6hnung suchen. Hier erkunden wir die besten Luxusresorts im S\u00fcd-Male-Atoll, die alle f\u00fcr ihre einzigartigen Merkmale und ihren au\u00dfergew\u00f6hnlichen Service bekannt sind.<\/p>\n\n\t\t<\/div>\n\t<\/div>\n<\/div><\/div><\/div><\/div><div class=\"vc_row wpb_row vc_row-fluid\"><div class=\"wpb_column vc_column_container vc_col-sm-12\"><div class=\"vc_column-inner\"><div class=\"wpb_wrapper\">\n\t<div  class=\"wpb_single_image wpb_content_element vc_align_left wpb_content_element\">\n\t\t<h2 class=\"wpb_heading wpb_singleimage_heading\">Anantara Veli Maldives Resort<\/h2>\n\t\t<figure class=\"wpb_wrapper vc_figure\">\n\t\t\t<div class=\"vc_single_image-wrapper   vc_box_border_grey\"><img loading=\"lazy\" decoding=\"async\" width=\"780\" height=\"520\" src=\"https:\/\/maldives-paradise.com\/wp-content\/uploads\/2024\/06\/anatara-veli3.jpg\" class=\"vc_single_image-img attachment-large\" alt=\"Anantara Veli Maldives Resort\" title=\"anatara-veli3\" srcset=\"https:\/\/maldives-paradise.com\/wp-content\/uploads\/2024\/06\/anatara-veli3.jpg 780w, https:\/\/maldives-paradise.com\/wp-content\/uploads\/2024\/06\/anatara-veli3-300x200.jpg 300w, https:\/\/maldives-paradise.com\/wp-content\/uploads\/2024\/06\/anatara-veli3-768x512.jpg 768w, https:\/\/maldives-paradise.com\/wp-content\/uploads\/2024\/06\/anatara-veli3-18x12.jpg 18w, https:\/\/maldives-paradise.com\/wp-content\/uploads\/2024\/06\/anatara-veli3-500x333.jpg 500w\" sizes=\"auto, (max-width: 780px) 100vw, 780px\" \/><\/div>\n\t\t<\/figure>\n\t<\/div>\n<\/div><\/div><\/div><\/div><div class=\"vc_row wpb_row vc_row-fluid\"><div class=\"wpb_column vc_column_container vc_col-sm-12\"><div class=\"vc_column-inner\"><div class=\"wpb_wrapper\">\n\t<div class=\"wpb_text_column wpb_content_element\" >\n\t\t<div class=\"wpb_wrapper\">\n\t\t\t<h4><a href=\"http:\/\/maldives-paradise.com\/de\/anantara-veli-resort-und-spa\/\">Anantara Veli Maldives Resort<\/a><\/h4>\n<p>Das Anantara Veli Maldives Resort ist ein Refugium nur f\u00fcr Erwachsene, das Ruhe und Romantik verspricht. Das Resort verf\u00fcgt \u00fcber 67 Bungalows \u00fcber dem Wasser und am Meer, die alle elegant mit modernen Annehmlichkeiten und traditionellen Akzenten ausgestattet sind. G\u00e4ste k\u00f6nnen im thail\u00e4ndischen Restaurant Baan Huraa gehobene K\u00fcche genie\u00dfen oder die Fusionsk\u00fcche im Origami genie\u00dfen. Das Balance Wellness by Anantara bietet eine Reihe von Behandlungen und Wellnessprogrammen und ist somit ein perfekter R\u00fcckzugsort f\u00fcr Paare.<\/p>\n\n\t\t<\/div>\n\t<\/div>\n<\/div><\/div><\/div><\/div><div class=\"vc_row wpb_row vc_row-fluid\"><div class=\"wpb_column vc_column_container vc_col-sm-12\"><div class=\"vc_column-inner\"><div class=\"wpb_wrapper\">\n\t<div  class=\"wpb_single_image wpb_content_element vc_align_left wpb_content_element\">\n\t\t<h2 class=\"wpb_heading wpb_singleimage_heading\">Naladhu Private Island Malediven<\/h2>\n\t\t<figure class=\"wpb_wrapper vc_figure\">\n\t\t\t<div class=\"vc_single_image-wrapper   vc_box_border_grey\"><img loading=\"lazy\" decoding=\"async\" width=\"780\" height=\"393\" src=\"https:\/\/maldives-paradise.com\/wp-content\/uploads\/2024\/06\/naladhu-private-island-maldives-14.jpg\" class=\"vc_single_image-img attachment-large\" alt=\"Naladhu Private Island Malediven\" title=\"Naladhu-Privatinsel-Malediven-14\" srcset=\"https:\/\/maldives-paradise.com\/wp-content\/uploads\/2024\/06\/naladhu-private-island-maldives-14.jpg 780w, https:\/\/maldives-paradise.com\/wp-content\/uploads\/2024\/06\/naladhu-private-island-maldives-14-300x151.jpg 300w, https:\/\/maldives-paradise.com\/wp-content\/uploads\/2024\/06\/naladhu-private-island-maldives-14-768x387.jpg 768w, https:\/\/maldives-paradise.com\/wp-content\/uploads\/2024\/06\/naladhu-private-island-maldives-14-18x9.jpg 18w, https:\/\/maldives-paradise.com\/wp-content\/uploads\/2024\/06\/naladhu-private-island-maldives-14-500x252.jpg 500w\" sizes=\"auto, (max-width: 780px) 100vw, 780px\" \/><\/div>\n\t\t<\/figure>\n\t<\/div>\n<\/div><\/div><\/div><\/div><div class=\"vc_row wpb_row vc_row-fluid\"><div class=\"wpb_column vc_column_container vc_col-sm-12\"><div class=\"vc_column-inner\"><div class=\"wpb_wrapper\">\n\t<div class=\"wpb_text_column wpb_content_element\" >\n\t\t<div class=\"wpb_wrapper\">\n\t\t\t<h4><a href=\"http:\/\/maldives-paradise.com\/de\/privatinsel-naladhu\/\">Naladhu Private Island Malediven<\/a><\/h4>\n<p>Naladhu Private Island Maldives bietet einen exklusiven und intimen R\u00fcckzugsort mit nur 20 H\u00e4usern, jedes mit eigenem Pool und direktem Zugang zum Strand. Das Resort ist stolz auf seinen pers\u00f6nlichen Service, jedes Haus hat einen eigenen Butler. Das Restaurant Living Room bietet Gourmet-Erlebnisse, w\u00e4hrend das Spa ma\u00dfgeschneiderte Behandlungen anbietet. Die Abgeschiedenheit und die luxuri\u00f6sen Annehmlichkeiten der Insel machen sie ideal f\u00fcr einen romantischen Kurzurlaub im S\u00fcd-Male-Atoll.<\/p>\n\n\t\t<\/div>\n\t<\/div>\n<\/div><\/div><\/div><\/div><div class=\"vc_row wpb_row vc_row-fluid\"><div class=\"wpb_column vc_column_container vc_col-sm-12\"><div class=\"vc_column-inner\"><div class=\"wpb_wrapper\">\n\t<div  class=\"wpb_single_image wpb_content_element vc_align_left wpb_content_element\">\n\t\t<h2 class=\"wpb_heading wpb_singleimage_heading\">Velassaru Malediven<\/h2>\n\t\t<figure class=\"wpb_wrapper vc_figure\">\n\t\t\t<div class=\"vc_single_image-wrapper   vc_box_border_grey\"><img loading=\"lazy\" decoding=\"async\" width=\"780\" height=\"519\" src=\"https:\/\/maldives-paradise.com\/wp-content\/uploads\/2024\/06\/velassaru-maldives_3.jpg\" class=\"vc_single_image-img attachment-large\" alt=\"Velassaru Malediven\" title=\"velassaru-malediven_3\" srcset=\"https:\/\/maldives-paradise.com\/wp-content\/uploads\/2024\/06\/velassaru-maldives_3.jpg 780w, https:\/\/maldives-paradise.com\/wp-content\/uploads\/2024\/06\/velassaru-maldives_3-300x200.jpg 300w, https:\/\/maldives-paradise.com\/wp-content\/uploads\/2024\/06\/velassaru-maldives_3-768x511.jpg 768w, https:\/\/maldives-paradise.com\/wp-content\/uploads\/2024\/06\/velassaru-maldives_3-18x12.jpg 18w, https:\/\/maldives-paradise.com\/wp-content\/uploads\/2024\/06\/velassaru-maldives_3-500x333.jpg 500w\" sizes=\"auto, (max-width: 780px) 100vw, 780px\" \/><\/div>\n\t\t<\/figure>\n\t<\/div>\n<\/div><\/div><\/div><\/div><div class=\"vc_row wpb_row vc_row-fluid\"><div class=\"wpb_column vc_column_container vc_col-sm-12\"><div class=\"vc_column-inner\"><div class=\"wpb_wrapper\">\n\t<div class=\"wpb_text_column wpb_content_element\" >\n\t\t<div class=\"wpb_wrapper\">\n\t\t\t<h4><a href=\"http:\/\/maldives-paradise.com\/de\/velassaru-malediven\/\">Velassaru Malediven<\/a><\/h4>\n<p>Velassaru Maldives verbindet zeitgen\u00f6ssischen Stil mit nat\u00fcrlicher Sch\u00f6nheit und bietet 129 Villen und Bungalows direkt am Strand und auf dem Wasser. Die f\u00fcnf Restaurants des Resorts, darunter Sand und Teppanyaki, bieten vielf\u00e4ltige kulinarische Gen\u00fcsse. Das Spa auf dem Wasser von Velassaru bietet eine Vielzahl von Behandlungen mit atemberaubendem Meerblick. Der Infinity-Pool und das lebendige Hausriff tragen zum Reiz des Resorts bei und machen es zu einem Favoriten unter Luxusreisenden.<\/p>\n\n\t\t<\/div>\n\t<\/div>\n<\/div><\/div><\/div><\/div><div class=\"vc_row wpb_row vc_row-fluid\"><div class=\"wpb_column vc_column_container vc_col-sm-12\"><div class=\"vc_column-inner\"><div class=\"wpb_wrapper\">\n\t<div  class=\"wpb_single_image wpb_content_element vc_align_left wpb_content_element\">\n\t\t<h2 class=\"wpb_heading wpb_singleimage_heading\">Adaaran Prestige Vadoo<\/h2>\n\t\t<figure class=\"wpb_wrapper vc_figure\">\n\t\t\t<div class=\"vc_single_image-wrapper   vc_box_border_grey\"><img loading=\"lazy\" decoding=\"async\" width=\"780\" height=\"517\" src=\"https:\/\/maldives-paradise.com\/wp-content\/uploads\/2024\/06\/adaaran-prestige-vadoo_3.jpg\" class=\"vc_single_image-img attachment-large\" alt=\"Adaaran Prestige Vadoo\" title=\"Adaaran Prestige Vadoo\" srcset=\"https:\/\/maldives-paradise.com\/wp-content\/uploads\/2024\/06\/adaaran-prestige-vadoo_3.jpg 780w, https:\/\/maldives-paradise.com\/wp-content\/uploads\/2024\/06\/adaaran-prestige-vadoo_3-300x199.jpg 300w, https:\/\/maldives-paradise.com\/wp-content\/uploads\/2024\/06\/adaaran-prestige-vadoo_3-768x509.jpg 768w, https:\/\/maldives-paradise.com\/wp-content\/uploads\/2024\/06\/adaaran-prestige-vadoo_3-18x12.jpg 18w, https:\/\/maldives-paradise.com\/wp-content\/uploads\/2024\/06\/adaaran-prestige-vadoo_3-500x331.jpg 500w\" sizes=\"auto, (max-width: 780px) 100vw, 780px\" \/><\/div>\n\t\t<\/figure>\n\t<\/div>\n<\/div><\/div><\/div><\/div><div class=\"vc_row wpb_row vc_row-fluid\"><div class=\"wpb_column vc_column_container vc_col-sm-12\"><div class=\"vc_column-inner\"><div class=\"wpb_wrapper\">\n\t<div class=\"wpb_text_column wpb_content_element\" >\n\t\t<div class=\"wpb_wrapper\">\n\t\t\t<h4><a href=\"http:\/\/maldives-paradise.com\/de\/adaaran-prestige-vadoo\/\">Adaaran Prestige Vadoo<\/a><\/h4>\n<p>Adaaran Prestige Vadoo ist bekannt f\u00fcr seine \u00dcberwasservillen, die alle \u00fcber ein privates Tauchbecken und direkten Zugang zum Meer verf\u00fcgen. Die beiden Restaurants des Resorts, Farivalhu und Kithajima, servieren exquisite internationale und japanische K\u00fcche. Das Mandara Spa bietet eine Reihe entspannender Behandlungen. Mit seinem Fokus auf Privatsph\u00e4re und Luxus ist Adaaran Prestige Vadoo perfekt f\u00fcr alle, die einen abgeschiedenen R\u00fcckzugsort im S\u00fcd-Male-Atoll suchen.<\/p>\n\n\t\t<\/div>\n\t<\/div>\n<\/div><\/div><\/div><\/div><div class=\"vc_row wpb_row vc_row-fluid\"><div class=\"wpb_column vc_column_container vc_col-sm-12\"><div class=\"vc_column-inner\"><div class=\"wpb_wrapper\">\n\t<div  class=\"wpb_single_image wpb_content_element vc_align_left wpb_content_element\">\n\t\t<h2 class=\"wpb_heading wpb_singleimage_heading\">OZEN Life Maadhoo<\/h2>\n\t\t<figure class=\"wpb_wrapper vc_figure\">\n\t\t\t<div class=\"vc_single_image-wrapper   vc_box_border_grey\"><img loading=\"lazy\" decoding=\"async\" width=\"780\" height=\"519\" src=\"https:\/\/maldives-paradise.com\/wp-content\/uploads\/2024\/06\/OZEN-LIFE-MAADHOO3.jpg\" class=\"vc_single_image-img attachment-large\" alt=\"OZEN Life Maadhoo\" title=\"OZEN-LIFE-MAADHOO3\" srcset=\"https:\/\/maldives-paradise.com\/wp-content\/uploads\/2024\/06\/OZEN-LIFE-MAADHOO3.jpg 780w, https:\/\/maldives-paradise.com\/wp-content\/uploads\/2024\/06\/OZEN-LIFE-MAADHOO3-300x200.jpg 300w, https:\/\/maldives-paradise.com\/wp-content\/uploads\/2024\/06\/OZEN-LIFE-MAADHOO3-768x511.jpg 768w, https:\/\/maldives-paradise.com\/wp-content\/uploads\/2024\/06\/OZEN-LIFE-MAADHOO3-18x12.jpg 18w, https:\/\/maldives-paradise.com\/wp-content\/uploads\/2024\/06\/OZEN-LIFE-MAADHOO3-500x333.jpg 500w\" sizes=\"auto, (max-width: 780px) 100vw, 780px\" \/><\/div>\n\t\t<\/figure>\n\t<\/div>\n<\/div><\/div><\/div><\/div><div class=\"vc_row wpb_row vc_row-fluid\"><div class=\"wpb_column vc_column_container vc_col-sm-12\"><div class=\"vc_column-inner\"><div class=\"wpb_wrapper\">\n\t<div class=\"wpb_text_column wpb_content_element\" >\n\t\t<div class=\"wpb_wrapper\">\n\t\t\t<h4><a href=\"http:\/\/maldives-paradise.com\/de\/ozen-leben-maadhoo\/\">OZEN Life Maadhoo<\/a><\/h4>\n<p>OZEN by Atmosphere auf Maadhoo ist ein All-Inclusive-Luxusresort, das mit seinem INDULGENCE\u2122-Plan ein stressfreies Erlebnis bietet. Die Villen des Resorts, sowohl \u00fcber dem Wasser als auch am Strand, sind in modernem Eleganzstil gestaltet. Zu den Speisem\u00f6glichkeiten geh\u00f6ren M6m, ein Unterwasserrestaurant, und The Palms, das internationale K\u00fcche bietet. Der ELENA Spa- und Wellnesskomplex bietet ganzheitliche Behandlungen, die daf\u00fcr sorgen, dass die G\u00e4ste erfrischt abreisen.<\/p>\n\n\t\t<\/div>\n\t<\/div>\n<\/div><\/div><\/div><\/div><div class=\"vc_row wpb_row vc_row-fluid\"><div class=\"wpb_column vc_column_container vc_col-sm-12\"><div class=\"vc_column-inner\"><div class=\"wpb_wrapper\">\n\t<div  class=\"wpb_single_image wpb_content_element vc_align_left wpb_content_element\">\n\t\t<h2 class=\"wpb_heading wpb_singleimage_heading\">COMO Kakaoinsel<\/h2>\n\t\t<figure class=\"wpb_wrapper vc_figure\">\n\t\t\t<div class=\"vc_single_image-wrapper   vc_box_border_grey\"><img loading=\"lazy\" decoding=\"async\" width=\"780\" height=\"438\" src=\"https:\/\/maldives-paradise.com\/wp-content\/uploads\/2024\/06\/como-cocoa-island3.jpg\" class=\"vc_single_image-img attachment-large\" alt=\"COMO Kakaoinsel\" title=\"Como-Kakao-Insel3\" srcset=\"https:\/\/maldives-paradise.com\/wp-content\/uploads\/2024\/06\/como-cocoa-island3.jpg 780w, https:\/\/maldives-paradise.com\/wp-content\/uploads\/2024\/06\/como-cocoa-island3-300x168.jpg 300w, https:\/\/maldives-paradise.com\/wp-content\/uploads\/2024\/06\/como-cocoa-island3-768x431.jpg 768w, https:\/\/maldives-paradise.com\/wp-content\/uploads\/2024\/06\/como-cocoa-island3-18x10.jpg 18w, https:\/\/maldives-paradise.com\/wp-content\/uploads\/2024\/06\/como-cocoa-island3-678x381.jpg 678w, https:\/\/maldives-paradise.com\/wp-content\/uploads\/2024\/06\/como-cocoa-island3-500x281.jpg 500w\" sizes=\"auto, (max-width: 780px) 100vw, 780px\" \/><\/div>\n\t\t<\/figure>\n\t<\/div>\n<\/div><\/div><\/div><\/div><div class=\"vc_row wpb_row vc_row-fluid\"><div class=\"wpb_column vc_column_container vc_col-sm-12\"><div class=\"vc_column-inner\"><div class=\"wpb_wrapper\">\n\t<div class=\"wpb_text_column wpb_content_element\" >\n\t\t<div class=\"wpb_wrapper\">\n\t\t\t<h4><a href=\"http:\/\/maldives-paradise.com\/de\/como-kakaoinsel\/\">COMO Kakaoinsel<\/a><\/h4>\n<p>COMO Cocoa Island sticht mit seinen Dhoni-inspirierten \u00dcberwassersuiten hervor, die an traditionelle maledivische Boote erinnern. Die 33 \u00dcberwasservillen des Resorts bieten eine einzigartige \u00c4sthetik und direkten Zugang zur Lagune im S\u00fcd-Mal\u00e9-Atoll. Das COMO Shambhala Retreat konzentriert sich auf ganzheitliches Wohlbefinden mit Yoga, Meditation und Spa-Behandlungen. Ufaa, das Restaurant des Resorts, serviert nahrhafte, s\u00fcdindisch beeinflusste K\u00fcche und ist damit ein Paradies f\u00fcr gesundheitsbewusste Reisende.<\/p>\n\n\t\t<\/div>\n\t<\/div>\n<\/div><\/div><\/div><\/div><div class=\"vc_row wpb_row vc_row-fluid\"><div class=\"wpb_column vc_column_container vc_col-sm-12\"><div class=\"vc_column-inner\"><div class=\"wpb_wrapper\">\n\t<div  class=\"wpb_single_image wpb_content_element vc_align_left wpb_content_element\">\n\t\t<h2 class=\"wpb_heading wpb_singleimage_heading\">Taj Exotica Resort &amp; Spa<\/h2>\n\t\t<figure class=\"wpb_wrapper vc_figure\">\n\t\t\t<div class=\"vc_single_image-wrapper   vc_box_border_grey\"><img loading=\"lazy\" decoding=\"async\" width=\"780\" height=\"438\" src=\"https:\/\/maldives-paradise.com\/wp-content\/uploads\/2024\/06\/taj-exotica-one-bedroom-beach-suite-with-pool.jpg\" class=\"vc_single_image-img attachment-large\" alt=\"Taj Exotica Resort &amp; Spa\" title=\"Taj Exotica \u2013 Strandsuite mit einem Schlafzimmer und Pool\" srcset=\"https:\/\/maldives-paradise.com\/wp-content\/uploads\/2024\/06\/taj-exotica-one-bedroom-beach-suite-with-pool.jpg 780w, https:\/\/maldives-paradise.com\/wp-content\/uploads\/2024\/06\/taj-exotica-one-bedroom-beach-suite-with-pool-300x168.jpg 300w, https:\/\/maldives-paradise.com\/wp-content\/uploads\/2024\/06\/taj-exotica-one-bedroom-beach-suite-with-pool-768x431.jpg 768w, https:\/\/maldives-paradise.com\/wp-content\/uploads\/2024\/06\/taj-exotica-one-bedroom-beach-suite-with-pool-18x10.jpg 18w, https:\/\/maldives-paradise.com\/wp-content\/uploads\/2024\/06\/taj-exotica-one-bedroom-beach-suite-with-pool-678x381.jpg 678w, https:\/\/maldives-paradise.com\/wp-content\/uploads\/2024\/06\/taj-exotica-one-bedroom-beach-suite-with-pool-500x281.jpg 500w\" sizes=\"auto, (max-width: 780px) 100vw, 780px\" \/><\/div>\n\t\t<\/figure>\n\t<\/div>\n<\/div><\/div><\/div><\/div><div class=\"vc_row wpb_row vc_row-fluid\"><div class=\"wpb_column vc_column_container vc_col-sm-12\"><div class=\"vc_column-inner\"><div class=\"wpb_wrapper\">\n\t<div class=\"wpb_text_column wpb_content_element\" >\n\t\t<div class=\"wpb_wrapper\">\n\t\t\t<h4><a href=\"http:\/\/maldives-paradise.com\/de\/taj-exotica-resort-und-spa-malediven\/\">Taj Exotica Resort &amp; Spa<\/a><\/h4>\n<p>Das Taj Exotica Resort &amp; Spa ist ein luxuri\u00f6ser R\u00fcckzugsort auf der Insel Emboodhu Finolhu, auch bekannt als die Insel der drei Kokosn\u00fcsse. Die 64 Villen des Resorts, darunter die opulente Pr\u00e4sidentenvilla, bieten atemberaubende Ausblicke und au\u00dfergew\u00f6hnliche Privatsph\u00e4re. Das Jiva Grande Spa bietet indisch inspirierte Wellnesstherapien, w\u00e4hrend das Restaurant Deep End f\u00fcr seine Gourmetk\u00fcche bekannt ist. Der Infinity-Pool des Resorts ist ein perfekter Ort zum Entspannen.<\/p>\n\n\t\t<\/div>\n\t<\/div>\n<\/div><\/div><\/div><\/div><div class=\"vc_row wpb_row vc_row-fluid\"><div class=\"wpb_column vc_column_container vc_col-sm-12\"><div class=\"vc_column-inner\"><div class=\"wpb_wrapper\">\n\t<div  class=\"wpb_single_image wpb_content_element vc_align_left wpb_content_element\">\n\t\t<h2 class=\"wpb_heading wpb_singleimage_heading\">Sun Siyam Olhuveli Beach &amp; Spa Malediven<\/h2>\n\t\t<figure class=\"wpb_wrapper vc_figure\">\n\t\t\t<div class=\"vc_single_image-wrapper   vc_box_border_grey\"><img loading=\"lazy\" decoding=\"async\" width=\"780\" height=\"503\" src=\"https:\/\/maldives-paradise.com\/wp-content\/uploads\/2024\/06\/sun-siyam-olhuveli3.jpg\" class=\"vc_single_image-img attachment-large\" alt=\"Sun Siyam Olhuveli Beach &amp; Spa Malediven\" title=\"Sonne-Siyam-Olhuveli3\" srcset=\"https:\/\/maldives-paradise.com\/wp-content\/uploads\/2024\/06\/sun-siyam-olhuveli3.jpg 780w, https:\/\/maldives-paradise.com\/wp-content\/uploads\/2024\/06\/sun-siyam-olhuveli3-300x193.jpg 300w, https:\/\/maldives-paradise.com\/wp-content\/uploads\/2024\/06\/sun-siyam-olhuveli3-768x495.jpg 768w, https:\/\/maldives-paradise.com\/wp-content\/uploads\/2024\/06\/sun-siyam-olhuveli3-18x12.jpg 18w, https:\/\/maldives-paradise.com\/wp-content\/uploads\/2024\/06\/sun-siyam-olhuveli3-500x322.jpg 500w\" sizes=\"auto, (max-width: 780px) 100vw, 780px\" \/><\/div>\n\t\t<\/figure>\n\t<\/div>\n<\/div><\/div><\/div><\/div><div class=\"vc_row wpb_row vc_row-fluid\"><div class=\"wpb_column vc_column_container vc_col-sm-12\"><div class=\"vc_column-inner\"><div class=\"wpb_wrapper\">\n\t<div class=\"wpb_text_column wpb_content_element\" >\n\t\t<div class=\"wpb_wrapper\">\n\t\t\t<h4><a href=\"http:\/\/maldives-paradise.com\/de\/sonne-siyam-olhuveli\/\">Sun Siyam Olhuveli Beach &amp; Spa Malediven<\/a><\/h4>\n<p>Olhuveli Beach &amp; Spa Maldives bietet mit seinen 164 Villen eine Mischung aus Luxus und nat\u00fcrlicher Sch\u00f6nheit. Die f\u00fcnf Restaurants und drei Bars des Resorts bieten eine Vielzahl von kulinarischen Erlebnissen, von Buffet-Mahlzeiten bis hin zu gehobener K\u00fcche. Das Sun Spa von Esthederm bietet Behandlungen, die traditionelle Therapien mit modernen Techniken kombinieren. Die umfangreichen Einrichtungen und Aktivit\u00e4ten des Resorts machen es ideal f\u00fcr Familien und Paare gleicherma\u00dfen.<\/p>\n\n\t\t<\/div>\n\t<\/div>\n<\/div><\/div><\/div><\/div><div class=\"vc_row wpb_row vc_row-fluid\"><div class=\"wpb_column vc_column_container vc_col-sm-12\"><div class=\"vc_column-inner\"><div class=\"wpb_wrapper\">\n\t<div  class=\"wpb_single_image wpb_content_element vc_align_left wpb_content_element\">\n\t\t<h2 class=\"wpb_heading wpb_singleimage_heading\">SAii Lagoon Maldives, Curio Collection von Hilton<\/h2>\n\t\t<figure class=\"wpb_wrapper vc_figure\">\n\t\t\t<div class=\"vc_single_image-wrapper   vc_box_border_grey\"><img loading=\"lazy\" decoding=\"async\" width=\"780\" height=\"393\" src=\"https:\/\/maldives-paradise.com\/wp-content\/uploads\/2024\/06\/saii-lagoon-maldives-curio-collection-hilton-over-water-villa-7.jpg\" class=\"vc_single_image-img attachment-large\" alt=\"SAii Lagoon Maldives, Curio Collection von Hilton\" title=\"Saii-Lagune-Malediven-Curio-Collection-Hilton-Over-Water-Villa-7\" srcset=\"https:\/\/maldives-paradise.com\/wp-content\/uploads\/2024\/06\/saii-lagoon-maldives-curio-collection-hilton-over-water-villa-7.jpg 780w, https:\/\/maldives-paradise.com\/wp-content\/uploads\/2024\/06\/saii-lagoon-maldives-curio-collection-hilton-over-water-villa-7-300x151.jpg 300w, https:\/\/maldives-paradise.com\/wp-content\/uploads\/2024\/06\/saii-lagoon-maldives-curio-collection-hilton-over-water-villa-7-768x387.jpg 768w, https:\/\/maldives-paradise.com\/wp-content\/uploads\/2024\/06\/saii-lagoon-maldives-curio-collection-hilton-over-water-villa-7-18x9.jpg 18w, https:\/\/maldives-paradise.com\/wp-content\/uploads\/2024\/06\/saii-lagoon-maldives-curio-collection-hilton-over-water-villa-7-500x252.jpg 500w\" sizes=\"auto, (max-width: 780px) 100vw, 780px\" \/><\/div>\n\t\t<\/figure>\n\t<\/div>\n<\/div><\/div><\/div><\/div><div class=\"vc_row wpb_row vc_row-fluid\"><div class=\"wpb_column vc_column_container vc_col-sm-12\"><div class=\"vc_column-inner\"><div class=\"wpb_wrapper\">\n\t<div class=\"wpb_text_column wpb_content_element\" >\n\t\t<div class=\"wpb_wrapper\">\n\t\t\t<h4><a href=\"http:\/\/maldives-paradise.com\/de\/saii-lagoon-malediven-curio-kollektion-von-hilton\/\">SAii Lagoon Maldives, Curio Collection von Hilton<\/a><\/h4>\n<p>SAii Lagoon Maldives bietet mit seinem farbenfrohen Design und seiner lebendigen Atmosph\u00e4re im S\u00fcd-Male-Atoll eine lebendige und jugendliche Interpretation von Luxus. Die 198 Zimmer und Villen des Resorts sind modern und ger\u00e4umig. G\u00e4ste k\u00f6nnen im Miss Olive Oyl und im Mr. Tomyam speisen, die mediterrane bzw. thail\u00e4ndische K\u00fcche anbieten. Das L\u00e8n Be Well Spa bietet eine Reihe von Behandlungen zur Entspannung und Erholung.<\/p>\n\n\t\t<\/div>\n\t<\/div>\n<\/div><\/div><\/div><\/div><div class=\"vc_row wpb_row vc_row-fluid\"><div class=\"wpb_column vc_column_container vc_col-sm-12\"><div class=\"vc_column-inner\"><div class=\"wpb_wrapper\">\n\t<div  class=\"wpb_single_image wpb_content_element vc_align_left wpb_content_element\">\n\t\t<h2 class=\"wpb_heading wpb_singleimage_heading\">Hard Rock Hotel Malediven<\/h2>\n\t\t<figure class=\"wpb_wrapper vc_figure\">\n\t\t\t<div class=\"vc_single_image-wrapper   vc_box_border_grey\"><img loading=\"lazy\" decoding=\"async\" width=\"780\" height=\"520\" src=\"https:\/\/maldives-paradise.com\/wp-content\/uploads\/2024\/06\/hard-rock-hotel-maldives3.jpg\" class=\"vc_single_image-img attachment-large\" alt=\"Hard Rock Hotel Malediven\" title=\"Hard Rock Hotel Malediven3\" srcset=\"https:\/\/maldives-paradise.com\/wp-content\/uploads\/2024\/06\/hard-rock-hotel-maldives3.jpg 780w, https:\/\/maldives-paradise.com\/wp-content\/uploads\/2024\/06\/hard-rock-hotel-maldives3-300x200.jpg 300w, https:\/\/maldives-paradise.com\/wp-content\/uploads\/2024\/06\/hard-rock-hotel-maldives3-768x512.jpg 768w, https:\/\/maldives-paradise.com\/wp-content\/uploads\/2024\/06\/hard-rock-hotel-maldives3-18x12.jpg 18w, https:\/\/maldives-paradise.com\/wp-content\/uploads\/2024\/06\/hard-rock-hotel-maldives3-500x333.jpg 500w\" sizes=\"auto, (max-width: 780px) 100vw, 780px\" \/><\/div>\n\t\t<\/figure>\n\t<\/div>\n<\/div><\/div><\/div><\/div><div class=\"vc_row wpb_row vc_row-fluid\"><div class=\"wpb_column vc_column_container vc_col-sm-12\"><div class=\"vc_column-inner\"><div class=\"wpb_wrapper\">\n\t<div class=\"wpb_text_column wpb_content_element\" >\n\t\t<div class=\"wpb_wrapper\">\n\t\t\t<h4><a href=\"http:\/\/maldives-paradise.com\/de\/hard-rock-hotel-malediven\/\">Hard Rock Hotel Malediven<\/a><\/h4>\n<p>Das Hard Rock Hotel Maldives verbindet Luxus mit Rock\u2019n\u2019Roll-Flair. Die 178 Zimmer, Suiten und Villen des Resorts sind mit musikinspiriertem Dekor gestaltet. Zu den gastronomischen Einrichtungen geh\u00f6ren das Hard Rock Cafe, Sessions und The Elephant and The Butterfly, die eine Mischung aus internationaler und lateinamerikanischer K\u00fcche bieten. Das Rock Spa bietet eine einzigartige Wellness-Variante mit rhythmus- und musikbetonten Behandlungen.<\/p>\n<p>Zusammenfassend l\u00e4sst sich sagen, dass das S\u00fcd-Male-Atoll einige der luxuri\u00f6sesten Resorts der Malediven beherbergt, die alle einzigartige Erlebnisse und erstklassige Annehmlichkeiten bieten. Egal, ob Sie einen romantischen Kurzurlaub, einen Wellnessurlaub oder einen familienfreundlichen Urlaub suchen, diese Resorts bieten den perfekten Rahmen f\u00fcr einen unvergesslichen Aufenthalt im Paradies.<\/p>\n\n\t\t<\/div>\n\t<\/div>\n<\/div><\/div><\/div><\/div>\n<\/div>","protected":false},"excerpt":{"rendered":"<div class=\"mh-excerpt\"><\/div>","protected":false},"author":1,"featured_media":16731,"parent":0,"menu_order":0,"comment_status":"closed","ping_status":"closed","template":"","meta":{"footnotes":""},"class_list":["post-16730","page","type-page","status-publish","has-post-thumbnail"],"aioseo_notices":[],"_links":{"self":[{"href":"http:\/\/maldives-paradise.com\/de\/wp-json\/wp\/v2\/pages\/16730","targetHints":{"allow":["GET"]}}],"collection":[{"href":"http:\/\/maldives-paradise.com\/de\/wp-json\/wp\/v2\/pages"}],"about":[{"href":"http:\/\/maldives-paradise.com\/de\/wp-json\/wp\/v2\/types\/page"}],"author":[{"embeddable":true,"href":"http:\/\/maldives-paradise.com\/de\/wp-json\/wp\/v2\/users\/1"}],"replies":[{"embeddable":true,"href":"http:\/\/maldives-paradise.com\/de\/wp-json\/wp\/v2\/comments?post=16730"}],"version-history":[{"count":5,"href":"http:\/\/maldives-paradise.com\/de\/wp-json\/wp\/v2\/pages\/16730\/revisions"}],"predecessor-version":[{"id":16747,"href":"http:\/\/maldives-paradise.com\/de\/wp-json\/wp\/v2\/pages\/16730\/revisions\/16747"}],"wp:featuredmedia":[{"embeddable":true,"href":"http:\/\/maldives-paradise.com\/de\/wp-json\/wp\/v2\/media\/16731"}],"wp:attachment":[{"href":"http:\/\/maldives-paradise.com\/de\/wp-json\/wp\/v2\/media?parent=16730"}],"curies":[{"name":"wp","href":"https:\/\/api.w.org\/{rel}","templated":true}]}}