{"id":16336,"date":"2024-05-30T18:22:53","date_gmt":"2024-05-30T18:22:53","guid":{"rendered":"http:\/\/maldives-paradise.com\/?page_id=16336"},"modified":"2025-02-22T18:07:17","modified_gmt":"2025-02-22T18:07:17","slug":"die-besten-luxusresorts-im-lhaviyani-atoll","status":"publish","type":"page","link":"http:\/\/maldives-paradise.com\/de\/die-besten-luxusresorts-im-lhaviyani-atoll\/","title":{"rendered":"Die besten Luxus-Resorts im Lhaviyani-Atoll"},"content":{"rendered":"<div class=\"wpb-content-wrapper\"><div class=\"vc_row wpb_row vc_row-fluid\"><div class=\"wpb_column vc_column_container vc_col-sm-12\"><div class=\"vc_column-inner\"><div class=\"wpb_wrapper\">\n\t<div class=\"wpb_text_column wpb_content_element\" >\n\t\t<div class=\"wpb_wrapper\">\n\t\t\t<p>Das Lhaviyani-Atoll, ein Leuchtturm tropischen Luxus im riesigen Indischen Ozean, ist bekannt f\u00fcr seine idyllische Sch\u00f6nheit, sein kristallklares Wasser und einige der spektakul\u00e4rsten Luxusresorts der Malediven. Dieses Atoll bietet anspruchsvollen Reisenden eine Reihe exklusiver R\u00fcckzugsorte, wo unvergleichlicher Service, exquisite kulinarische Erlebnisse und atemberaubende Naturlandschaften zu unvergesslichen Kurzurlauben vereinen. Hier sind die besten Luxusresorts in <strong>Lhaviyani-Atoll<\/strong>, von denen jedes ein einzigartiges St\u00fcck vom Paradies verspricht.<\/p>\n\n\t\t<\/div>\n\t<\/div>\n<\/div><\/div><\/div><\/div><div class=\"vc_row wpb_row vc_row-fluid\"><div class=\"wpb_column vc_column_container vc_col-sm-12\"><div class=\"vc_column-inner\"><div class=\"wpb_wrapper\">\n\t<div  class=\"wpb_single_image wpb_content_element vc_align_left wpb_content_element\">\n\t\t<h2 class=\"wpb_heading wpb_singleimage_heading\">Hurawalhi Island Resort<\/h2>\n\t\t<figure class=\"wpb_wrapper vc_figure\">\n\t\t\t<div class=\"vc_single_image-wrapper   vc_box_border_grey\"><img loading=\"lazy\" decoding=\"async\" width=\"780\" height=\"520\" src=\"https:\/\/maldives-paradise.com\/wp-content\/uploads\/2024\/05\/hurawalhi.jpg\" class=\"vc_single_image-img attachment-large\" alt=\"Hurawalhi Island Resort\" title=\"Hurawalhi\" srcset=\"https:\/\/maldives-paradise.com\/wp-content\/uploads\/2024\/05\/hurawalhi.jpg 780w, https:\/\/maldives-paradise.com\/wp-content\/uploads\/2024\/05\/hurawalhi-300x200.jpg 300w, https:\/\/maldives-paradise.com\/wp-content\/uploads\/2024\/05\/hurawalhi-768x512.jpg 768w, https:\/\/maldives-paradise.com\/wp-content\/uploads\/2024\/05\/hurawalhi-18x12.jpg 18w, https:\/\/maldives-paradise.com\/wp-content\/uploads\/2024\/05\/hurawalhi-500x333.jpg 500w\" sizes=\"auto, (max-width: 780px) 100vw, 780px\" \/><\/div>\n\t\t<\/figure>\n\t<\/div>\n<\/div><\/div><\/div><\/div><div class=\"vc_row wpb_row vc_row-fluid\"><div class=\"wpb_column vc_column_container vc_col-sm-12\"><div class=\"vc_column-inner\"><div class=\"wpb_wrapper\">\n\t<div class=\"wpb_text_column wpb_content_element\" >\n\t\t<div class=\"wpb_wrapper\">\n\t\t\t<h4><a href=\"http:\/\/maldives-paradise.com\/de\/hurawalhi-insel-malediven\/\">Hurawalhi Island Resort<\/a><\/h4>\n<p>Das Hurawalhi Island Resort beherbergt das weltweit gr\u00f6\u00dfte komplett verglaste Unterwasserrestaurant, das seinen G\u00e4sten einen 360-Grad-Blick auf das pulsierende Meeresleben bietet. Das Resort vereint Luxus und Nachhaltigkeit und bietet elegante \u00dcberwasser- und Strandvillen, die Ruhe und Privatsph\u00e4re bieten. G\u00e4ste k\u00f6nnen sich in einem Spa \u00fcber dem kristallklaren Wasser verw\u00f6hnen lassen oder aufregenden Wassersportarten nachgehen.<\/p>\n\n\t\t<\/div>\n\t<\/div>\n<\/div><\/div><\/div><\/div><div class=\"vc_row wpb_row vc_row-fluid\"><div class=\"wpb_column vc_column_container vc_col-sm-12\"><div class=\"vc_column-inner\"><div class=\"wpb_wrapper\">\n\t<div  class=\"wpb_single_image wpb_content_element vc_align_left wpb_content_element\">\n\t\t<h2 class=\"wpb_heading wpb_singleimage_heading\">Kudadoo Malediven Privatinsel<\/h2>\n\t\t<figure class=\"wpb_wrapper vc_figure\">\n\t\t\t<div class=\"vc_single_image-wrapper   vc_box_border_grey\"><img loading=\"lazy\" decoding=\"async\" width=\"780\" height=\"438\" src=\"https:\/\/maldives-paradise.com\/wp-content\/uploads\/2024\/05\/Kudadoo-Maldives-Private-Island.jpg\" class=\"vc_single_image-img attachment-large\" alt=\"Kudadoo Malediven Privatinsel\" title=\"Kudadoo-Malediven-Privatinsel\" srcset=\"https:\/\/maldives-paradise.com\/wp-content\/uploads\/2024\/05\/Kudadoo-Maldives-Private-Island.jpg 780w, https:\/\/maldives-paradise.com\/wp-content\/uploads\/2024\/05\/Kudadoo-Maldives-Private-Island-300x168.jpg 300w, https:\/\/maldives-paradise.com\/wp-content\/uploads\/2024\/05\/Kudadoo-Maldives-Private-Island-768x431.jpg 768w, https:\/\/maldives-paradise.com\/wp-content\/uploads\/2024\/05\/Kudadoo-Maldives-Private-Island-18x10.jpg 18w, https:\/\/maldives-paradise.com\/wp-content\/uploads\/2024\/05\/Kudadoo-Maldives-Private-Island-678x381.jpg 678w, https:\/\/maldives-paradise.com\/wp-content\/uploads\/2024\/05\/Kudadoo-Maldives-Private-Island-500x281.jpg 500w\" sizes=\"auto, (max-width: 780px) 100vw, 780px\" \/><\/div>\n\t\t<\/figure>\n\t<\/div>\n<\/div><\/div><\/div><\/div><div class=\"vc_row wpb_row vc_row-fluid\"><div class=\"wpb_column vc_column_container vc_col-sm-12\"><div class=\"vc_column-inner\"><div class=\"wpb_wrapper\">\n\t<div class=\"wpb_text_column wpb_content_element\" >\n\t\t<div class=\"wpb_wrapper\">\n\t\t\t<h4><a href=\"http:\/\/maldives-paradise.com\/de\/kudadoo-malediven-privatinsel\/\">Kudadoo Malediven Privatinsel<\/a><\/h4>\n<p>Kudadoo Maldives Private Island bietet ein wirklich exklusives Erlebnis mit Schwerpunkt auf Nachhaltigkeit. Dieses Luxusresort wird vollst\u00e4ndig mit Solarenergie betrieben und verbindet umweltfreundliche Praktiken mit kompromisslosem Luxus. Jede der weitl\u00e4ufigen \u00dcberwasserresidenzen verf\u00fcgt \u00fcber einen pers\u00f6nlichen Butler, der einen ma\u00dfgeschneiderten und unbeschwerten Aufenthalt gew\u00e4hrleistet.<\/p>\n\n\t\t<\/div>\n\t<\/div>\n<\/div><\/div><\/div><\/div><div class=\"vc_row wpb_row vc_row-fluid\"><div class=\"wpb_column vc_column_container vc_col-sm-12\"><div class=\"vc_column-inner\"><div class=\"wpb_wrapper\">\n\t<div  class=\"wpb_single_image wpb_content_element vc_align_left wpb_content_element\">\n\t\t<h2 class=\"wpb_heading wpb_singleimage_heading\">Komandoo Malediven Insel Resort<\/h2>\n\t\t<figure class=\"wpb_wrapper vc_figure\">\n\t\t\t<div class=\"vc_single_image-wrapper   vc_box_border_grey\"><img loading=\"lazy\" decoding=\"async\" width=\"780\" height=\"393\" src=\"https:\/\/maldives-paradise.com\/wp-content\/uploads\/2024\/05\/Komandoo-Maldives-Island-Resort2.jpg\" class=\"vc_single_image-img attachment-large\" alt=\"Komandoo Malediven Insel Resort\" title=\"Komandoo-Maledives-Island-Resort2\" srcset=\"https:\/\/maldives-paradise.com\/wp-content\/uploads\/2024\/05\/Komandoo-Maldives-Island-Resort2.jpg 780w, https:\/\/maldives-paradise.com\/wp-content\/uploads\/2024\/05\/Komandoo-Maldives-Island-Resort2-300x151.jpg 300w, https:\/\/maldives-paradise.com\/wp-content\/uploads\/2024\/05\/Komandoo-Maldives-Island-Resort2-768x387.jpg 768w, https:\/\/maldives-paradise.com\/wp-content\/uploads\/2024\/05\/Komandoo-Maldives-Island-Resort2-18x9.jpg 18w, https:\/\/maldives-paradise.com\/wp-content\/uploads\/2024\/05\/Komandoo-Maldives-Island-Resort2-500x252.jpg 500w\" sizes=\"auto, (max-width: 780px) 100vw, 780px\" \/><\/div>\n\t\t<\/figure>\n\t<\/div>\n<\/div><\/div><\/div><\/div><div class=\"vc_row wpb_row vc_row-fluid\"><div class=\"wpb_column vc_column_container vc_col-sm-12\"><div class=\"vc_column-inner\"><div class=\"wpb_wrapper\">\n\t<div class=\"wpb_text_column wpb_content_element\" >\n\t\t<div class=\"wpb_wrapper\">\n\t\t\t<h4><a href=\"http:\/\/maldives-paradise.com\/de\/komandoo-island-resort-spa\/\">Komandoo Malediven Insel Resort<\/a><\/h4>\n<p>Das Komandoo Maldives Island Resort ist eine Oase nur f\u00fcr Erwachsene und verspricht einen ruhigen R\u00fcckzugsort. Mit seinen intimen Strandvillen und \u00dcberwasserbungalows ist es der perfekte Ort f\u00fcr Romantik oder Entspannung. Das Resort bietet ein exquisites Spa, au\u00dfergew\u00f6hnliche kulinarische Erlebnisse und eine F\u00fclle von Wasseraktivit\u00e4ten, vom Tauchen bis zum Schnorcheln in seiner kristallklaren Lagune im Lhaviyani-Atoll.<\/p>\n\n\t\t<\/div>\n\t<\/div>\n<\/div><\/div><\/div><\/div><div class=\"vc_row wpb_row vc_row-fluid\"><div class=\"wpb_column vc_column_container vc_col-sm-12\"><div class=\"vc_column-inner\"><div class=\"wpb_wrapper\">\n\t<div  class=\"wpb_single_image wpb_content_element vc_align_left wpb_content_element\">\n\t\t<h2 class=\"wpb_heading wpb_singleimage_heading\">Atmosph\u00e4re Kanifushi Malediven<\/h2>\n\t\t<figure class=\"wpb_wrapper vc_figure\">\n\t\t\t<div class=\"vc_single_image-wrapper   vc_box_border_grey\"><img loading=\"lazy\" decoding=\"async\" width=\"700\" height=\"466\" src=\"https:\/\/maldives-paradise.com\/wp-content\/uploads\/2024\/05\/Atmosphere-Kanifushi-Maldives2.jpg\" class=\"vc_single_image-img attachment-large\" alt=\"Atmosph\u00e4re Kanifushi Malediven\" title=\"Atmosph\u00e4re-Kanifushi-Malediven2\" srcset=\"https:\/\/maldives-paradise.com\/wp-content\/uploads\/2024\/05\/Atmosphere-Kanifushi-Maldives2.jpg 700w, https:\/\/maldives-paradise.com\/wp-content\/uploads\/2024\/05\/Atmosphere-Kanifushi-Maldives2-300x200.jpg 300w, https:\/\/maldives-paradise.com\/wp-content\/uploads\/2024\/05\/Atmosphere-Kanifushi-Maldives2-18x12.jpg 18w, https:\/\/maldives-paradise.com\/wp-content\/uploads\/2024\/05\/Atmosphere-Kanifushi-Maldives2-500x333.jpg 500w\" sizes=\"auto, (max-width: 700px) 100vw, 700px\" \/><\/div>\n\t\t<\/figure>\n\t<\/div>\n<\/div><\/div><\/div><\/div><div class=\"vc_row wpb_row vc_row-fluid\"><div class=\"wpb_column vc_column_container vc_col-sm-12\"><div class=\"vc_column-inner\"><div class=\"wpb_wrapper\">\n\t<div class=\"wpb_text_column wpb_content_element\" >\n\t\t<div class=\"wpb_wrapper\">\n\t\t\t<h4><a href=\"http:\/\/maldives-paradise.com\/de\/atmosphare-kanifushi\/\">Atmosph\u00e4re Kanifushi Malediven<\/a><\/h4>\n<p>Atmosphere Kanifushi erstreckt sich \u00fcber zwei Kilometer unber\u00fchrte Sandstr\u00e4nde und besticht durch seine \u00fcppige tropische Vegetation und ein spektakul\u00e4res Hausriff. Das Resort bietet ger\u00e4umige Strandvillen mit direktem Zugang zum Meer und ein erstklassiges All-Inclusive-Angebot, das einen stressfreien Luxusurlaub mit gehobener K\u00fcche, Aktivit\u00e4ten und Ausfl\u00fcgen garantiert.<\/p>\n\n\t\t<\/div>\n\t<\/div>\n<\/div><\/div><\/div><\/div><div class=\"vc_row wpb_row vc_row-fluid\"><div class=\"wpb_column vc_column_container vc_col-sm-12\"><div class=\"vc_column-inner\"><div class=\"wpb_wrapper\">\n\t<div  class=\"wpb_single_image wpb_content_element vc_align_left wpb_content_element\">\n\t\t<h2 class=\"wpb_heading wpb_singleimage_heading\">Fushifaru Malediven<\/h2>\n\t\t<figure class=\"wpb_wrapper vc_figure\">\n\t\t\t<div class=\"vc_single_image-wrapper   vc_box_border_grey\"><img loading=\"lazy\" decoding=\"async\" width=\"780\" height=\"519\" src=\"https:\/\/maldives-paradise.com\/wp-content\/uploads\/2024\/05\/Fushifaru-Maldives2.jpg\" class=\"vc_single_image-img attachment-large\" alt=\"Fushifaru Malediven\" title=\"Fushifaru-Malediven2\" srcset=\"https:\/\/maldives-paradise.com\/wp-content\/uploads\/2024\/05\/Fushifaru-Maldives2.jpg 780w, https:\/\/maldives-paradise.com\/wp-content\/uploads\/2024\/05\/Fushifaru-Maldives2-300x200.jpg 300w, https:\/\/maldives-paradise.com\/wp-content\/uploads\/2024\/05\/Fushifaru-Maldives2-768x511.jpg 768w, https:\/\/maldives-paradise.com\/wp-content\/uploads\/2024\/05\/Fushifaru-Maldives2-18x12.jpg 18w, https:\/\/maldives-paradise.com\/wp-content\/uploads\/2024\/05\/Fushifaru-Maldives2-500x333.jpg 500w\" sizes=\"auto, (max-width: 780px) 100vw, 780px\" \/><\/div>\n\t\t<\/figure>\n\t<\/div>\n<\/div><\/div><\/div><\/div><div class=\"vc_row wpb_row vc_row-fluid\"><div class=\"wpb_column vc_column_container vc_col-sm-12\"><div class=\"vc_column-inner\"><div class=\"wpb_wrapper\">\n\t<div class=\"wpb_text_column wpb_content_element\" >\n\t\t<div class=\"wpb_wrapper\">\n\t\t\t<h4><a href=\"http:\/\/maldives-paradise.com\/de\/fushifaru-malediven\/\">Fushifaru Malediven<\/a><\/h4>\n<p>Fushifaru Maldives liegt am nord\u00f6stlichen Rand des Lhaviyani-Atolls und ist von einem lebendigen Hausriff umgeben, das eine F\u00fclle von Meereslebewesen beherbergt. Dieses Boutique-Resort verbindet maledivisches Design mit moderner \u00c4sthetik und bietet Strand- und Wasservillen, die Komfort und Eleganz verk\u00f6rpern. G\u00e4ste k\u00f6nnen Unterwasserabenteuer erleben, sich mit Spa-Behandlungen verw\u00f6hnen lassen oder die kulinarischen K\u00f6stlichkeiten genie\u00dfen.<\/p>\n\n\t\t<\/div>\n\t<\/div>\n<\/div><\/div><\/div><\/div><div class=\"vc_row wpb_row vc_row-fluid\"><div class=\"wpb_column vc_column_container vc_col-sm-12\"><div class=\"vc_column-inner\"><div class=\"wpb_wrapper\">\n\t<div  class=\"wpb_single_image wpb_content_element vc_align_left wpb_content_element\">\n\t\t<h2 class=\"wpb_heading wpb_singleimage_heading\">Sechs Sinne Kanuhura<\/h2>\n\t\t<figure class=\"wpb_wrapper vc_figure\">\n\t\t\t<div class=\"vc_single_image-wrapper   vc_box_border_grey\"><img loading=\"lazy\" decoding=\"async\" width=\"780\" height=\"507\" src=\"https:\/\/maldives-paradise.com\/wp-content\/uploads\/2024\/05\/Six-Senses-Kanuhura2.jpg\" class=\"vc_single_image-img attachment-large\" alt=\"Sechs Sinne Kanuhura\" title=\"Sechs Sinne-Kanuhura2\" srcset=\"https:\/\/maldives-paradise.com\/wp-content\/uploads\/2024\/05\/Six-Senses-Kanuhura2.jpg 780w, https:\/\/maldives-paradise.com\/wp-content\/uploads\/2024\/05\/Six-Senses-Kanuhura2-300x195.jpg 300w, https:\/\/maldives-paradise.com\/wp-content\/uploads\/2024\/05\/Six-Senses-Kanuhura2-768x499.jpg 768w, https:\/\/maldives-paradise.com\/wp-content\/uploads\/2024\/05\/Six-Senses-Kanuhura2-18x12.jpg 18w, https:\/\/maldives-paradise.com\/wp-content\/uploads\/2024\/05\/Six-Senses-Kanuhura2-500x325.jpg 500w\" sizes=\"auto, (max-width: 780px) 100vw, 780px\" \/><\/div>\n\t\t<\/figure>\n\t<\/div>\n<\/div><\/div><\/div><\/div><div class=\"vc_row wpb_row vc_row-fluid\"><div class=\"wpb_column vc_column_container vc_col-sm-12\"><div class=\"vc_column-inner\"><div class=\"wpb_wrapper\">\n\t<div class=\"wpb_text_column wpb_content_element\" >\n\t\t<div class=\"wpb_wrapper\">\n\t\t\t<h4><a href=\"http:\/\/maldives-paradise.com\/de\/sechs-sinne-kanuhura\/\">Sechs Sinne Kanuhura<\/a><\/h4>\n<p>Dieser entspannte R\u00fcckzugsort ist bekannt f\u00fcr die sch\u00f6nsten Str\u00e4nde der Malediven. Das Six Senses Kanuhura Resort besteht aus drei privaten Inseln und ist nur eine kurze Fahrt mit dem Wasserflugzeug vom internationalen Flughafen Mal\u00e9 oder mit dem Schnellboot vom unber\u00fchrten Lhaviyani-Atoll entfernt. Mit 91 ger\u00e4umigen Strand-, Familien- und \u00dcberwasser-Poolvillen liegt Ihnen die Lagune zu F\u00fc\u00dfen, wo das lebendige Riff unsere heimischen Schildkr\u00f6ten und Meereslebewesen sch\u00fctzt.<\/p>\n\n\t\t<\/div>\n\t<\/div>\n<\/div><\/div><\/div><\/div><div class=\"vc_row wpb_row vc_row-fluid\"><div class=\"wpb_column vc_column_container vc_col-sm-12\"><div class=\"vc_column-inner\"><div class=\"wpb_wrapper\">\n\t<div  class=\"wpb_single_image wpb_content_element vc_align_left wpb_content_element\">\n\t\t<h2 class=\"wpb_heading wpb_singleimage_heading\">Cocoon Malediven<\/h2>\n\t\t<figure class=\"wpb_wrapper vc_figure\">\n\t\t\t<div class=\"vc_single_image-wrapper   vc_box_border_grey\"><img loading=\"lazy\" decoding=\"async\" width=\"780\" height=\"584\" src=\"https:\/\/maldives-paradise.com\/wp-content\/uploads\/2024\/05\/Cocoon-Maldives2.jpg\" class=\"vc_single_image-img attachment-large\" alt=\"Cocoon Malediven\" title=\"Cocoon-Malediven2\" srcset=\"https:\/\/maldives-paradise.com\/wp-content\/uploads\/2024\/05\/Cocoon-Maldives2.jpg 780w, https:\/\/maldives-paradise.com\/wp-content\/uploads\/2024\/05\/Cocoon-Maldives2-300x225.jpg 300w, https:\/\/maldives-paradise.com\/wp-content\/uploads\/2024\/05\/Cocoon-Maldives2-768x575.jpg 768w, https:\/\/maldives-paradise.com\/wp-content\/uploads\/2024\/05\/Cocoon-Maldives2-16x12.jpg 16w, https:\/\/maldives-paradise.com\/wp-content\/uploads\/2024\/05\/Cocoon-Maldives2-678x509.jpg 678w, https:\/\/maldives-paradise.com\/wp-content\/uploads\/2024\/05\/Cocoon-Maldives2-326x245.jpg 326w, https:\/\/maldives-paradise.com\/wp-content\/uploads\/2024\/05\/Cocoon-Maldives2-80x60.jpg 80w, https:\/\/maldives-paradise.com\/wp-content\/uploads\/2024\/05\/Cocoon-Maldives2-500x374.jpg 500w\" sizes=\"auto, (max-width: 780px) 100vw, 780px\" \/><\/div>\n\t\t<\/figure>\n\t<\/div>\n<\/div><\/div><\/div><\/div><div class=\"vc_row wpb_row vc_row-fluid\"><div class=\"wpb_column vc_column_container vc_col-sm-12\"><div class=\"vc_column-inner\"><div class=\"wpb_wrapper\">\n\t<div class=\"wpb_text_column wpb_content_element\" >\n\t\t<div class=\"wpb_wrapper\">\n\t\t\t<h4><a href=\"https:\/\/hotellook.tp.st\/IwpsBQEP\" target=\"_blank\" rel=\"nofollow noopener\">Cocoon Maldives \u2013 All Inclusive<\/a><\/h4>\n<p>Cocoon Maldives verbindet italienisches Design mit der atemberaubenden Natursch\u00f6nheit der Malediven. Dieses Luxusresort bietet eine Reihe von Unterk\u00fcnften, von Strandvillen bis hin zu Lagunensuiten \u00fcber dem Wasser. Mit seinen umfangreichen Freizeiteinrichtungen, darunter ein Tauchzentrum, ein Spa und ein Kinderclub, sorgt Cocoon Maldives im Lhaviyani-Atoll daf\u00fcr, dass alle G\u00e4ste einen unvergesslichen Aufenthalt haben.<\/p>\n\n\t\t<\/div>\n\t<\/div>\n<\/div><\/div><\/div><\/div><div class=\"vc_row wpb_row vc_row-fluid\"><div class=\"wpb_column vc_column_container vc_col-sm-12\"><div class=\"vc_column-inner\"><div class=\"wpb_wrapper\">\n\t<div  class=\"wpb_single_image wpb_content_element vc_align_left wpb_content_element\">\n\t\t<h2 class=\"wpb_heading wpb_singleimage_heading\">Kuredu Island Resort &amp; Spa<\/h2>\n\t\t<figure class=\"wpb_wrapper vc_figure\">\n\t\t\t<div class=\"vc_single_image-wrapper   vc_box_border_grey\"><img loading=\"lazy\" decoding=\"async\" width=\"780\" height=\"438\" src=\"https:\/\/maldives-paradise.com\/wp-content\/uploads\/2024\/05\/kuredu_Aerial.jpg\" class=\"vc_single_image-img attachment-large\" alt=\"Kuredu Island Resort &amp; Spa\" title=\"kuredu_Luftaufnahme\" srcset=\"https:\/\/maldives-paradise.com\/wp-content\/uploads\/2024\/05\/kuredu_Aerial.jpg 780w, https:\/\/maldives-paradise.com\/wp-content\/uploads\/2024\/05\/kuredu_Aerial-300x168.jpg 300w, https:\/\/maldives-paradise.com\/wp-content\/uploads\/2024\/05\/kuredu_Aerial-768x431.jpg 768w, https:\/\/maldives-paradise.com\/wp-content\/uploads\/2024\/05\/kuredu_Aerial-18x10.jpg 18w, https:\/\/maldives-paradise.com\/wp-content\/uploads\/2024\/05\/kuredu_Aerial-678x381.jpg 678w, https:\/\/maldives-paradise.com\/wp-content\/uploads\/2024\/05\/kuredu_Aerial-500x281.jpg 500w\" sizes=\"auto, (max-width: 780px) 100vw, 780px\" \/><\/div>\n\t\t<\/figure>\n\t<\/div>\n<\/div><\/div><\/div><\/div><div class=\"vc_row wpb_row vc_row-fluid\"><div class=\"wpb_column vc_column_container vc_col-sm-12\"><div class=\"vc_column-inner\"><div class=\"wpb_wrapper\">\n\t<div class=\"wpb_text_column wpb_content_element\" >\n\t\t<div class=\"wpb_wrapper\">\n\t\t\t<h4><a href=\"http:\/\/maldives-paradise.com\/de\/kuredu-island-resort-spa\/\">Kuredu Island Resort &amp; Spa<\/a><\/h4>\n<p>Kuredu Island Resort &amp; Spa ist eines der gr\u00f6\u00dferen Resorts auf den Malediven und bietet eine umfangreiche Auswahl an Unterk\u00fcnften, von Strandbungalows bis hin zu luxuri\u00f6sen Sultan Pool-Villen. Das Resort ist ein Paradies f\u00fcr Wassersportler mit einem 6-Loch-Golfplatz, einem Tauchzentrum und einer Reihe anderer Aktivit\u00e4ten.<\/p>\n\n\t\t<\/div>\n\t<\/div>\n<\/div><\/div><\/div><\/div><div class=\"vc_row wpb_row vc_row-fluid\"><div class=\"wpb_column vc_column_container vc_col-sm-12\"><div class=\"vc_column-inner\"><div class=\"wpb_wrapper\">\n\t<div  class=\"wpb_single_image wpb_content_element vc_align_left wpb_content_element\">\n\t\t<h2 class=\"wpb_heading wpb_singleimage_heading\">Palm Beach Island Resort &amp; Spa<\/h2>\n\t\t<figure class=\"wpb_wrapper vc_figure\">\n\t\t\t<div class=\"vc_single_image-wrapper   vc_box_border_grey\"><img loading=\"lazy\" decoding=\"async\" width=\"780\" height=\"520\" src=\"https:\/\/maldives-paradise.com\/wp-content\/uploads\/2024\/05\/palm-beach-island-resort2.jpg\" class=\"vc_single_image-img attachment-large\" alt=\"Palm Beach Island Resort &amp; Spa\" title=\"Palm Beach Island Resort2\" srcset=\"https:\/\/maldives-paradise.com\/wp-content\/uploads\/2024\/05\/palm-beach-island-resort2.jpg 780w, https:\/\/maldives-paradise.com\/wp-content\/uploads\/2024\/05\/palm-beach-island-resort2-300x200.jpg 300w, https:\/\/maldives-paradise.com\/wp-content\/uploads\/2024\/05\/palm-beach-island-resort2-768x512.jpg 768w, https:\/\/maldives-paradise.com\/wp-content\/uploads\/2024\/05\/palm-beach-island-resort2-18x12.jpg 18w, https:\/\/maldives-paradise.com\/wp-content\/uploads\/2024\/05\/palm-beach-island-resort2-500x333.jpg 500w\" sizes=\"auto, (max-width: 780px) 100vw, 780px\" \/><\/div>\n\t\t<\/figure>\n\t<\/div>\n<\/div><\/div><\/div><\/div><div class=\"vc_row wpb_row vc_row-fluid\"><div class=\"wpb_column vc_column_container vc_col-sm-12\"><div class=\"vc_column-inner\"><div class=\"wpb_wrapper\">\n\t<div class=\"wpb_text_column wpb_content_element\" >\n\t\t<div class=\"wpb_wrapper\">\n\t\t\t<h4><a href=\"http:\/\/maldives-paradise.com\/de\/palm-beach-island-resort-spa\/\">Palm Beach Island Resort &amp; Spa<\/a><\/h4>\n<p>Das Palm Beach Island Resort &amp; Spa liegt auf einer atemberaubenden 2 km langen Insel und ist f\u00fcr seine luxuri\u00f6sen Unterk\u00fcnfte bekannt, zu denen einige der gr\u00f6\u00dften Villen der Malediven geh\u00f6ren. Das Resort bietet eine Mischung aus Entspannung und Abenteuer mit einem umfassenden Tauchzentrum, einem wohltuenden Spa und mehreren Restaurants mit internationaler K\u00fcche.<\/p>\n\n\t\t<\/div>\n\t<\/div>\n<\/div><\/div><\/div><\/div><div class=\"vc_row wpb_row vc_row-fluid\"><div class=\"wpb_column vc_column_container vc_col-sm-12\"><div class=\"vc_column-inner\"><div class=\"wpb_wrapper\">\n\t<div  class=\"wpb_single_image wpb_content_element vc_align_left wpb_content_element\">\n\t\t<h2 class=\"wpb_heading wpb_singleimage_heading\">Innahura Malediven Resort<\/h2>\n\t\t<figure class=\"wpb_wrapper vc_figure\">\n\t\t\t<div class=\"vc_single_image-wrapper   vc_box_border_grey\"><img loading=\"lazy\" decoding=\"async\" width=\"780\" height=\"437\" src=\"https:\/\/maldives-paradise.com\/wp-content\/uploads\/2024\/05\/Innahura-Maldives-Resort2.jpg\" class=\"vc_single_image-img attachment-large\" alt=\"Innahura Malediven Resort\" title=\"Innahura-Malediven-Resort2\" srcset=\"https:\/\/maldives-paradise.com\/wp-content\/uploads\/2024\/05\/Innahura-Maldives-Resort2.jpg 780w, https:\/\/maldives-paradise.com\/wp-content\/uploads\/2024\/05\/Innahura-Maldives-Resort2-300x168.jpg 300w, https:\/\/maldives-paradise.com\/wp-content\/uploads\/2024\/05\/Innahura-Maldives-Resort2-768x430.jpg 768w, https:\/\/maldives-paradise.com\/wp-content\/uploads\/2024\/05\/Innahura-Maldives-Resort2-18x10.jpg 18w, https:\/\/maldives-paradise.com\/wp-content\/uploads\/2024\/05\/Innahura-Maldives-Resort2-678x381.jpg 678w, https:\/\/maldives-paradise.com\/wp-content\/uploads\/2024\/05\/Innahura-Maldives-Resort2-500x280.jpg 500w\" sizes=\"auto, (max-width: 780px) 100vw, 780px\" \/><\/div>\n\t\t<\/figure>\n\t<\/div>\n<\/div><\/div><\/div><\/div><div class=\"vc_row wpb_row vc_row-fluid\"><div class=\"wpb_column vc_column_container vc_col-sm-12\"><div class=\"vc_column-inner\"><div class=\"wpb_wrapper\">\n\t<div class=\"wpb_text_column wpb_content_element\" >\n\t\t<div class=\"wpb_wrapper\">\n\t\t\t<h4><a href=\"http:\/\/maldives-paradise.com\/de\/innahura-malediven-resort\/\">Innahura Malediven Resort<\/a><\/h4>\n<p>Das Innahura Maldives Resort bietet ein unpr\u00e4tenti\u00f6ses Luxuserlebnis mit Schwerpunkt auf der nat\u00fcrlichen Sch\u00f6nheit der Malediven. Die Bungalows des Resorts sind komfortabel und schlicht gestaltet und bieten einen ruhigen R\u00fcckzugsort. Innahuras Ansatz zum Thema Luxus ist entspannt und darauf ausgerichtet, ein authentisches maledivisches Urlaubserlebnis zu bieten.<\/p>\n<p>Die Luxusresorts des Lhaviyani-Atolls sind mehr als nur \u00dcbernachtungsm\u00f6glichkeiten; sie sind Tore zu Erlebnissen, die noch lange nach der Br\u00e4une in Erinnerung bleiben. Jedes Resort l\u00e4dt mit seinen einzigartigen Angeboten und seiner unvergleichlichen Gastfreundschaft die G\u00e4ste ein, die Pracht der Malediven im Luxus zu entdecken.<\/p>\n\n\t\t<\/div>\n\t<\/div>\n<\/div><\/div><\/div><\/div>\n<\/div>","protected":false},"excerpt":{"rendered":"<div class=\"mh-excerpt\"><\/div>","protected":false},"author":1,"featured_media":16337,"parent":0,"menu_order":0,"comment_status":"closed","ping_status":"closed","template":"","meta":{"footnotes":""},"class_list":["post-16336","page","type-page","status-publish","has-post-thumbnail"],"aioseo_notices":[],"_links":{"self":[{"href":"http:\/\/maldives-paradise.com\/de\/wp-json\/wp\/v2\/pages\/16336","targetHints":{"allow":["GET"]}}],"collection":[{"href":"http:\/\/maldives-paradise.com\/de\/wp-json\/wp\/v2\/pages"}],"about":[{"href":"http:\/\/maldives-paradise.com\/de\/wp-json\/wp\/v2\/types\/page"}],"author":[{"embeddable":true,"href":"http:\/\/maldives-paradise.com\/de\/wp-json\/wp\/v2\/users\/1"}],"replies":[{"embeddable":true,"href":"http:\/\/maldives-paradise.com\/de\/wp-json\/wp\/v2\/comments?post=16336"}],"version-history":[{"count":4,"href":"http:\/\/maldives-paradise.com\/de\/wp-json\/wp\/v2\/pages\/16336\/revisions"}],"predecessor-version":[{"id":16352,"href":"http:\/\/maldives-paradise.com\/de\/wp-json\/wp\/v2\/pages\/16336\/revisions\/16352"}],"wp:featuredmedia":[{"embeddable":true,"href":"http:\/\/maldives-paradise.com\/de\/wp-json\/wp\/v2\/media\/16337"}],"wp:attachment":[{"href":"http:\/\/maldives-paradise.com\/de\/wp-json\/wp\/v2\/media?parent=16336"}],"curies":[{"name":"wp","href":"https:\/\/api.w.org\/{rel}","templated":true}]}}