{"id":16243,"date":"2024-05-28T18:22:14","date_gmt":"2024-05-28T18:22:14","guid":{"rendered":"http:\/\/maldives-paradise.com\/?page_id=16243"},"modified":"2025-02-22T18:05:32","modified_gmt":"2025-02-22T18:05:32","slug":"die-besten-luxusresorts-im-laamu-atoll","status":"publish","type":"page","link":"http:\/\/maldives-paradise.com\/de\/die-besten-luxusresorts-im-laamu-atoll\/","title":{"rendered":"Die besten Luxus-Resorts im Laamu-Atoll"},"content":{"rendered":"<div class=\"wpb-content-wrapper\"><div class=\"vc_row wpb_row vc_row-fluid\"><div class=\"wpb_column vc_column_container vc_col-sm-12\"><div class=\"vc_column-inner\"><div class=\"wpb_wrapper\">\n\t<div class=\"wpb_text_column wpb_content_element\" >\n\t\t<div class=\"wpb_wrapper\">\n\t\t\t<p>Das Laamu-Atoll im S\u00fcden der Malediven ist ein atemberaubendes Mosaik aus schimmerndem azurblauem Wasser, lebendigen Korallenriffen und unber\u00fchrten tropischen Inseln. Es ist ein exklusiver R\u00fcckzugsort f\u00fcr alle, die Privatsph\u00e4re, unvergleichlichen Luxus und eine echte Verbindung mit der ruhigen Sch\u00f6nheit der Natur suchen. Die Luxusresorts des Atolls sind Meisterklassen in nachhaltigem Luxus, die umweltbewusste Praktiken mit verw\u00f6hnenden Erlebnissen kombinieren und sicherstellen, dass die G\u00e4ste die unber\u00fchrte Umgebung verantwortungsbewusst und luxuri\u00f6s genie\u00dfen. Hier sind die besten Luxusresorts in <strong>Laamu-Atoll<\/strong>, von denen jedes ein au\u00dfergew\u00f6hnliches St\u00fcck Paradies bietet.<\/p>\n\n\t\t<\/div>\n\t<\/div>\n<\/div><\/div><\/div><\/div><div class=\"vc_row wpb_row vc_row-fluid\"><div class=\"wpb_column vc_column_container vc_col-sm-12\"><div class=\"vc_column-inner\"><div class=\"wpb_wrapper\">\n\t<div  class=\"wpb_single_image wpb_content_element vc_align_left wpb_content_element\">\n\t\t<h2 class=\"wpb_heading wpb_singleimage_heading\">Sechs Sinne Laamu<\/h2>\n\t\t<figure class=\"wpb_wrapper vc_figure\">\n\t\t\t<div class=\"vc_single_image-wrapper   vc_box_border_grey\"><img loading=\"lazy\" decoding=\"async\" width=\"780\" height=\"474\" src=\"https:\/\/maldives-paradise.com\/wp-content\/uploads\/2024\/05\/six-senses-laamu.jpg\" class=\"vc_single_image-img attachment-large\" alt=\"Sechs Sinne Laamu\" title=\"Sechs Sinne Laamu\" srcset=\"https:\/\/maldives-paradise.com\/wp-content\/uploads\/2024\/05\/six-senses-laamu.jpg 780w, https:\/\/maldives-paradise.com\/wp-content\/uploads\/2024\/05\/six-senses-laamu-300x182.jpg 300w, https:\/\/maldives-paradise.com\/wp-content\/uploads\/2024\/05\/six-senses-laamu-768x467.jpg 768w, https:\/\/maldives-paradise.com\/wp-content\/uploads\/2024\/05\/six-senses-laamu-18x12.jpg 18w, https:\/\/maldives-paradise.com\/wp-content\/uploads\/2024\/05\/six-senses-laamu-500x304.jpg 500w\" sizes=\"auto, (max-width: 780px) 100vw, 780px\" \/><\/div>\n\t\t<\/figure>\n\t<\/div>\n<\/div><\/div><\/div><\/div><div class=\"vc_row wpb_row vc_row-fluid\"><div class=\"wpb_column vc_column_container vc_col-sm-12\"><div class=\"vc_column-inner\"><div class=\"wpb_wrapper\">\n\t<div class=\"wpb_text_column wpb_content_element\" >\n\t\t<div class=\"wpb_wrapper\">\n\t\t\t<h4><a href=\"http:\/\/maldives-paradise.com\/de\/sechs-sinne-laamu\/\">Sechs Sinne Laamu<\/a><\/h4>\n<p>Six Senses Laamu ist der Inbegriff nachhaltigen Luxus und steht allein im Laamu-Atoll. Es verbindet nahtlos Umweltverantwortung mit luxuri\u00f6sem Wohnen und bietet Villen aus nat\u00fcrlichen Materialien, die \u00fcber dem Wasser thronen oder in \u00fcppige Vegetation eingebettet sind. Das Engagement des Resorts f\u00fcr den Naturschutz zeigt sich in seinen Biog\u00e4rten, Meeresschutzprogrammen und dem Earth Lab, das Nachhaltigkeitsbem\u00fchungen vorf\u00fchrt. Die G\u00e4ste k\u00f6nnen sich erstklassige kulinarische Erlebnisse, innovative Wellnessbehandlungen im Six Senses Spa und eine F\u00fclle von Wasseraktivit\u00e4ten g\u00f6nnen, w\u00e4hrend sie von der atemberaubenden Natursch\u00f6nheit des Atolls umgeben sind.<\/p>\n\n\t\t<\/div>\n\t<\/div>\n<\/div><\/div><\/div><\/div><div class=\"vc_row wpb_row vc_row-fluid\"><div class=\"wpb_column vc_column_container vc_col-sm-12\"><div class=\"vc_column-inner\"><div class=\"wpb_wrapper\">\n\t<div  class=\"wpb_single_image wpb_content_element vc_align_left wpb_content_element\">\n\t\t<h2 class=\"wpb_heading wpb_singleimage_heading\">Rahaa Resort Malediven<\/h2>\n\t\t<figure class=\"wpb_wrapper vc_figure\">\n\t\t\t<div class=\"vc_single_image-wrapper   vc_box_border_grey\"><img loading=\"lazy\" decoding=\"async\" width=\"780\" height=\"519\" src=\"https:\/\/maldives-paradise.com\/wp-content\/uploads\/2024\/05\/rahaa.jpg\" class=\"vc_single_image-img attachment-large\" alt=\"Rahaa Resort\" title=\"rahaa\" srcset=\"https:\/\/maldives-paradise.com\/wp-content\/uploads\/2024\/05\/rahaa.jpg 780w, https:\/\/maldives-paradise.com\/wp-content\/uploads\/2024\/05\/rahaa-300x200.jpg 300w, https:\/\/maldives-paradise.com\/wp-content\/uploads\/2024\/05\/rahaa-768x511.jpg 768w, https:\/\/maldives-paradise.com\/wp-content\/uploads\/2024\/05\/rahaa-18x12.jpg 18w, https:\/\/maldives-paradise.com\/wp-content\/uploads\/2024\/05\/rahaa-500x333.jpg 500w\" sizes=\"auto, (max-width: 780px) 100vw, 780px\" \/><\/div>\n\t\t<\/figure>\n\t<\/div>\n<\/div><\/div><\/div><\/div><div class=\"vc_row wpb_row vc_row-fluid\"><div class=\"wpb_column vc_column_container vc_col-sm-12\"><div class=\"vc_column-inner\"><div class=\"wpb_wrapper\">\n\t<div class=\"wpb_text_column wpb_content_element\" >\n\t\t<div class=\"wpb_wrapper\">\n\t\t\t<h4><a href=\"http:\/\/maldives-paradise.com\/de\/rahaa-resort-malediven\/\">Rahaa Resort Malediven<\/a><\/h4>\n<p>Rahaa ist ein 4-Sterne-Resort im unber\u00fchrten und verkehrsarmen Laamu-Atoll, einem gesch\u00e4tzten Reiseziel f\u00fcr eine breite Palette von Reisenden, von Hochzeitsreisenden und Familien bis hin zu Gruppen von Freunden und Abenteurern. Ein nat\u00fcrlich sch\u00f6ner Ort mit urspr\u00fcnglicher Vegetation, breiten Strandabschnitten und einem nat\u00fcrlichen Salzwassersee. Rahaa kann mit einem kurzen Inlandsflug von 30 bis 40 Minuten erreicht werden, gefolgt von einer schnellen 20- bis 30-min\u00fctigen Fahrt mit dem Schnellboot. Das Resort verf\u00fcgt \u00fcber zwei Villenkategorien an Land, mit lebendigem, minimalistisch-modernem Design, das mit der lokalen maledivischen Architektur verbunden ist, die Lake View Villas und die Ocean View Villas. Im Hauptrestaurant \u201eKaage\u201c und in den beiden Bars \u201eDhirun Bar\u201c und \u201eKo&#039;Bar\u201c k\u00f6nnen die G\u00e4ste ausgezeichnete internationale und lokale K\u00fcche genie\u00dfen. Alle Lokale liegen direkt am Strand mit Blick auf Meer und See. Rahaa bietet au\u00dferdem eine breite Palette an Aktivit\u00e4ten und Dienstleistungen, darunter Tauchen, Wassersport, Kinderecke, Spa, Fitnessraum, Ausfl\u00fcge, Surfen und mehr.<\/p>\n\n\t\t<\/div>\n\t<\/div>\n<\/div><\/div><\/div><\/div><div class=\"vc_row wpb_row vc_row-fluid\"><div class=\"wpb_column vc_column_container vc_col-sm-12\"><div class=\"vc_column-inner\"><div class=\"wpb_wrapper\">\n\t<div  class=\"wpb_single_image wpb_content_element vc_align_left wpb_content_element\">\n\t\t<h2 class=\"wpb_heading wpb_singleimage_heading\">Evexia Beach Kollektion Laamu<\/h2>\n\t\t<figure class=\"wpb_wrapper vc_figure\">\n\t\t\t<div class=\"vc_single_image-wrapper   vc_box_border_grey\"><img loading=\"lazy\" decoding=\"async\" width=\"780\" height=\"503\" src=\"https:\/\/maldives-paradise.com\/wp-content\/uploads\/2024\/05\/evexia-residences-beach.jpg\" class=\"vc_single_image-img attachment-large\" alt=\"evexia strand kollektion laamu\" title=\"evexia-residences-strand\" srcset=\"https:\/\/maldives-paradise.com\/wp-content\/uploads\/2024\/05\/evexia-residences-beach.jpg 780w, https:\/\/maldives-paradise.com\/wp-content\/uploads\/2024\/05\/evexia-residences-beach-300x193.jpg 300w, https:\/\/maldives-paradise.com\/wp-content\/uploads\/2024\/05\/evexia-residences-beach-768x495.jpg 768w, https:\/\/maldives-paradise.com\/wp-content\/uploads\/2024\/05\/evexia-residences-beach-18x12.jpg 18w, https:\/\/maldives-paradise.com\/wp-content\/uploads\/2024\/05\/evexia-residences-beach-500x322.jpg 500w\" sizes=\"auto, (max-width: 780px) 100vw, 780px\" \/><\/div>\n\t\t<\/figure>\n\t<\/div>\n<\/div><\/div><\/div><\/div><div class=\"vc_row wpb_row vc_row-fluid\"><div class=\"wpb_column vc_column_container vc_col-sm-12\"><div class=\"vc_column-inner\"><div class=\"wpb_wrapper\">\n\t<div class=\"wpb_text_column wpb_content_element\" >\n\t\t<div class=\"wpb_wrapper\">\n\t\t\t<h4>Evexia Beach Kollektion Laamu<\/h4>\n<p>Evexia Beach Collection LaamuTM ist ein erstklassiges, umweltfreundliches Boutique-Resort mit umfangreichen Freizeit- und Wellnesseinrichtungen, die die Erwartungen eines Wellnessreisenden \u00fcbertreffen. Es bietet drei verschiedene Zimmertypen, Restaurants, ein langes Sportbecken, einen unber\u00fchrten Privatstrand, das Ayush SpaTM, ein Fitnessstudio, eine Wiese f\u00fcr Yoga und Meditation sowie einen Geschenkeladen.<\/p>\n\n\t\t<\/div>\n\t<\/div>\n<\/div><\/div><\/div><\/div><div class=\"vc_row wpb_row vc_row-fluid\"><div class=\"wpb_column vc_column_container vc_col-sm-12\"><div class=\"vc_column-inner\"><div class=\"wpb_wrapper\">\n\t<div  class=\"wpb_single_image wpb_content_element vc_align_left wpb_content_element\">\n\t\t<h2 class=\"wpb_heading wpb_singleimage_heading\">Amra Palast Laamu<\/h2>\n\t\t<figure class=\"wpb_wrapper vc_figure\">\n\t\t\t<div class=\"vc_single_image-wrapper   vc_box_border_grey\"><img loading=\"lazy\" decoding=\"async\" width=\"780\" height=\"520\" src=\"https:\/\/maldives-paradise.com\/wp-content\/uploads\/2024\/05\/Amra-Palace-laamu.jpeg\" class=\"vc_single_image-img attachment-large\" alt=\"Amra Palast Laamu\" title=\"Amra-Palast-Laamu\" srcset=\"https:\/\/maldives-paradise.com\/wp-content\/uploads\/2024\/05\/Amra-Palace-laamu.jpeg 780w, https:\/\/maldives-paradise.com\/wp-content\/uploads\/2024\/05\/Amra-Palace-laamu-300x200.jpeg 300w, https:\/\/maldives-paradise.com\/wp-content\/uploads\/2024\/05\/Amra-Palace-laamu-768x512.jpeg 768w, https:\/\/maldives-paradise.com\/wp-content\/uploads\/2024\/05\/Amra-Palace-laamu-18x12.jpeg 18w, https:\/\/maldives-paradise.com\/wp-content\/uploads\/2024\/05\/Amra-Palace-laamu-500x333.jpeg 500w\" sizes=\"auto, (max-width: 780px) 100vw, 780px\" \/><\/div>\n\t\t<\/figure>\n\t<\/div>\n<\/div><\/div><\/div><\/div><div class=\"vc_row wpb_row vc_row-fluid\"><div class=\"wpb_column vc_column_container vc_col-sm-12\"><div class=\"vc_column-inner\"><div class=\"wpb_wrapper\">\n\t<div class=\"wpb_text_column wpb_content_element\" >\n\t\t<div class=\"wpb_wrapper\">\n\t\t\t<h4><a href=\"https:\/\/hotellook.tp.st\/1BjYBZ1c\" target=\"_blank\" rel=\"nofollow noopener\">Amra Palast Laamu<\/a><\/h4>\n<p>Besuchen Sie das Amra Palace Laamu. Erleben Sie die Sch\u00f6nheit der echten Malediven, die Sonne, die wei\u00dfen Sandstr\u00e4nde, das kristallklare Meer und die vielen Schattierungen des klaren blauen Himmels bei einem Aufenthalt im Amra Palace auf der Insel Gan im Laamu-Atoll auf den Malediven. Genie\u00dfen Sie die Freizeiteinrichtungen des Hotels, darunter Badmintonplatz, Boote, Kanus, Verleih von Wassersportausr\u00fcstung und Schnorcheln, bevor Sie sich f\u00fcr eine wohlverdiente Ruhepause in Ihr Zimmer zur\u00fcckziehen. Das Amra Palace verbindet herzliche Gastfreundschaft mit einem sch\u00f6nen Ambiente, um Ihren Aufenthalt auf den Malediven unvergesslich zu machen.<\/p>\n\n\t\t<\/div>\n\t<\/div>\n<\/div><\/div><\/div><\/div>\n<\/div>","protected":false},"excerpt":{"rendered":"<div class=\"mh-excerpt\"><\/div>","protected":false},"author":1,"featured_media":16244,"parent":0,"menu_order":0,"comment_status":"closed","ping_status":"closed","template":"","meta":{"footnotes":""},"class_list":["post-16243","page","type-page","status-publish","has-post-thumbnail"],"aioseo_notices":[],"_links":{"self":[{"href":"http:\/\/maldives-paradise.com\/de\/wp-json\/wp\/v2\/pages\/16243","targetHints":{"allow":["GET"]}}],"collection":[{"href":"http:\/\/maldives-paradise.com\/de\/wp-json\/wp\/v2\/pages"}],"about":[{"href":"http:\/\/maldives-paradise.com\/de\/wp-json\/wp\/v2\/types\/page"}],"author":[{"embeddable":true,"href":"http:\/\/maldives-paradise.com\/de\/wp-json\/wp\/v2\/users\/1"}],"replies":[{"embeddable":true,"href":"http:\/\/maldives-paradise.com\/de\/wp-json\/wp\/v2\/comments?post=16243"}],"version-history":[{"count":2,"href":"http:\/\/maldives-paradise.com\/de\/wp-json\/wp\/v2\/pages\/16243\/revisions"}],"predecessor-version":[{"id":16251,"href":"http:\/\/maldives-paradise.com\/de\/wp-json\/wp\/v2\/pages\/16243\/revisions\/16251"}],"wp:featuredmedia":[{"embeddable":true,"href":"http:\/\/maldives-paradise.com\/de\/wp-json\/wp\/v2\/media\/16244"}],"wp:attachment":[{"href":"http:\/\/maldives-paradise.com\/de\/wp-json\/wp\/v2\/media?parent=16243"}],"curies":[{"name":"wp","href":"https:\/\/api.w.org\/{rel}","templated":true}]}}