{"id":16026,"date":"2024-05-25T10:56:36","date_gmt":"2024-05-25T10:56:36","guid":{"rendered":"http:\/\/maldives-paradise.com\/?page_id=16026"},"modified":"2025-10-10T15:08:11","modified_gmt":"2025-10-10T15:08:11","slug":"die-besten-luxusresorts-im-gaafu-atoll","status":"publish","type":"page","link":"http:\/\/maldives-paradise.com\/de\/die-besten-luxusresorts-im-gaafu-atoll\/","title":{"rendered":"Die besten Luxusresorts im Gaafu-Atoll"},"content":{"rendered":"<div class=\"wpb-content-wrapper\"><div class=\"vc_row wpb_row vc_row-fluid\"><div class=\"wpb_column vc_column_container vc_col-sm-12\"><div class=\"vc_column-inner\"><div class=\"wpb_wrapper\">\n\t<div class=\"wpb_text_column wpb_content_element\" >\n\t\t<div class=\"wpb_wrapper\">\n\t\t\t<p><strong>Gaafu-Atoll<\/strong> ist ein beliebtes Touristenziel f\u00fcr alle, die ein authentisches Malediven-Erlebnis suchen. Das Atoll ist bekannt f\u00fcr seine unber\u00fchrten Str\u00e4nde, das t\u00fcrkisfarbene Wasser und die vielf\u00e4ltige Unterwasserwelt und ist daher ein idealer Ort zum Schnorcheln und Tauchen. Das Atoll ist eines der gr\u00f6\u00dften der Malediven und umfasst 87 Inseln, von denen nur 12 bewohnt sind.<\/p>\n\n\t\t<\/div>\n\t<\/div>\n<\/div><\/div><\/div><\/div><div class=\"vc_row wpb_row vc_row-fluid\"><div class=\"wpb_column vc_column_container vc_col-sm-12\"><div class=\"vc_column-inner\"><div class=\"wpb_wrapper\">\n\t<div  class=\"wpb_single_image wpb_content_element vc_align_left wpb_content_element\">\n\t\t<h2 class=\"wpb_heading wpb_singleimage_heading\">Raffles Maldives Meradhoo<\/h2>\n\t\t<figure class=\"wpb_wrapper vc_figure\">\n\t\t\t<div class=\"vc_single_image-wrapper   vc_box_border_grey\"><img loading=\"lazy\" decoding=\"async\" width=\"1024\" height=\"768\" src=\"https:\/\/maldives-paradise.com\/wp-content\/uploads\/2024\/05\/raffles.jpg\" class=\"vc_single_image-img attachment-large\" alt=\"Raffles Maldives Meradhoo\" title=\"raffles\" srcset=\"https:\/\/maldives-paradise.com\/wp-content\/uploads\/2024\/05\/raffles.jpg 1024w, https:\/\/maldives-paradise.com\/wp-content\/uploads\/2024\/05\/raffles-300x225.jpg 300w, https:\/\/maldives-paradise.com\/wp-content\/uploads\/2024\/05\/raffles-768x576.jpg 768w, https:\/\/maldives-paradise.com\/wp-content\/uploads\/2024\/05\/raffles-16x12.jpg 16w, https:\/\/maldives-paradise.com\/wp-content\/uploads\/2024\/05\/raffles-678x509.jpg 678w, https:\/\/maldives-paradise.com\/wp-content\/uploads\/2024\/05\/raffles-326x245.jpg 326w, https:\/\/maldives-paradise.com\/wp-content\/uploads\/2024\/05\/raffles-80x60.jpg 80w, https:\/\/maldives-paradise.com\/wp-content\/uploads\/2024\/05\/raffles-500x375.jpg 500w, https:\/\/maldives-paradise.com\/wp-content\/uploads\/2024\/05\/raffles-800x600.jpg 800w\" sizes=\"auto, (max-width: 1024px) 100vw, 1024px\" \/><\/div>\n\t\t<\/figure>\n\t<\/div>\n<\/div><\/div><\/div><\/div><div class=\"vc_row wpb_row vc_row-fluid\"><div class=\"wpb_column vc_column_container vc_col-sm-12\"><div class=\"vc_column-inner\"><div class=\"wpb_wrapper\">\n\t<div class=\"wpb_text_column wpb_content_element\" >\n\t\t<div class=\"wpb_wrapper\">\n\t\t\t<h4><a href=\"https:\/\/trip.tpo.lv\/a8GaZiTf\" target=\"_blank\" rel=\"nofollow noopener\">Raffles Malediven<\/a><\/h4>\n<p>Raffles Maldives Meradhoo vereint zwei exquisite Welten in einer, ges\u00e4umt von makellosem wei\u00dfen Sand und kristallklarem Wasser. Die eleganten, ger\u00e4umigen Villen und Residenzen liegen nur wenige Schritte vom Strand auf einer privaten Insel oder an der Lagune entfernt und bieten einen atemberaubenden Panoramablick auf das himmlisch sch\u00f6ne Gaafu-Atoll im Indischen Ozean.<\/p>\n\n\t\t<\/div>\n\t<\/div>\n<\/div><\/div><\/div><\/div><div class=\"vc_row wpb_row vc_row-fluid\"><div class=\"wpb_column vc_column_container vc_col-sm-12\"><div class=\"vc_column-inner\"><div class=\"wpb_wrapper\">\n\t<div  class=\"wpb_single_image wpb_content_element vc_align_left wpb_content_element\">\n\t\t<h2 class=\"wpb_heading wpb_singleimage_heading\">Park Hyatt Maldives Hadahaa<\/h2>\n\t\t<figure class=\"wpb_wrapper vc_figure\">\n\t\t\t<div class=\"vc_single_image-wrapper   vc_box_border_grey\"><img loading=\"lazy\" decoding=\"async\" width=\"700\" height=\"475\" src=\"https:\/\/maldives-paradise.com\/wp-content\/uploads\/2024\/05\/Park-Hyatt-Maldives-Hadahaa-deluxe-park-pool-villa.jpg\" class=\"vc_single_image-img attachment-large\" alt=\"Park Hyatt Maldives Hadahaa\" title=\"Park Hyatt Maldives Hadahaa-deluxe-park-pool-villa\" srcset=\"https:\/\/maldives-paradise.com\/wp-content\/uploads\/2024\/05\/Park-Hyatt-Maldives-Hadahaa-deluxe-park-pool-villa.jpg 700w, https:\/\/maldives-paradise.com\/wp-content\/uploads\/2024\/05\/Park-Hyatt-Maldives-Hadahaa-deluxe-park-pool-villa-300x204.jpg 300w, https:\/\/maldives-paradise.com\/wp-content\/uploads\/2024\/05\/Park-Hyatt-Maldives-Hadahaa-deluxe-park-pool-villa-18x12.jpg 18w, https:\/\/maldives-paradise.com\/wp-content\/uploads\/2024\/05\/Park-Hyatt-Maldives-Hadahaa-deluxe-park-pool-villa-500x339.jpg 500w\" sizes=\"auto, (max-width: 700px) 100vw, 700px\" \/><\/div>\n\t\t<\/figure>\n\t<\/div>\n<\/div><\/div><\/div><\/div><div class=\"vc_row wpb_row vc_row-fluid\"><div class=\"wpb_column vc_column_container vc_col-sm-12\"><div class=\"vc_column-inner\"><div class=\"wpb_wrapper\">\n\t<div class=\"wpb_text_column wpb_content_element\" >\n\t\t<div class=\"wpb_wrapper\">\n\t\t\t<h4><a href=\"https:\/\/trip.tpo.lv\/VgLltNfb\" target=\"_blank\" rel=\"nofollow noopener\">Park Hyatt Maldives Hadahaa<\/a><\/h4>\n<p>Erleben Sie erstklassigen Service im Park Hyatt Maldives Hadahaa. Genie\u00dfen Sie luxuri\u00f6se Aufenthalte auf einer exklusiven Insel im Park Hyatt Maldives mit 5-Sterne-Villen, die nur wenige Schritte vom puderwei\u00dfen Sand entfernt liegen. Es verf\u00fcgt \u00fcber einen Au\u00dfenpool, ein PADI 5-Sterne-Tauch- und Aktivit\u00e4tszentrum, ein erstklassiges Spa und ein Fitnesscenter. Eingebettet in tropisches Gr\u00fcn bieten die Villen offene Badezimmer mit malerischer Aussicht. Zu den Annehmlichkeiten der Villen geh\u00f6ren private Terrassen mit Liegen, ein Medienzentrum und vieles mehr.<\/p>\n\n\t\t<\/div>\n\t<\/div>\n<\/div><\/div><\/div><\/div><div class=\"vc_row wpb_row vc_row-fluid\"><div class=\"wpb_column vc_column_container vc_col-sm-12\"><div class=\"vc_column-inner\"><div class=\"wpb_wrapper\">\n\t<div  class=\"wpb_single_image wpb_content_element vc_align_left wpb_content_element\">\n\t\t<h2 class=\"wpb_heading wpb_singleimage_heading\">ROBINSON Club Maldives<\/h2>\n\t\t<figure class=\"wpb_wrapper vc_figure\">\n\t\t\t<div class=\"vc_single_image-wrapper   vc_box_border_grey\"><img loading=\"lazy\" decoding=\"async\" width=\"780\" height=\"518\" src=\"https:\/\/maldives-paradise.com\/wp-content\/uploads\/2024\/05\/Robinson-Maldives-Adults-Only-Hotel-Gaafu-Alifu-Atoll-Exterior.jpeg\" class=\"vc_single_image-img attachment-large\" alt=\"Gaafu Atoll auf den Malediven\" title=\"Robinson-Malediven-Adults-Only-Hotel-Gaafu-Alifu-Atoll-Au\u00dfenansicht\" srcset=\"https:\/\/maldives-paradise.com\/wp-content\/uploads\/2024\/05\/Robinson-Maldives-Adults-Only-Hotel-Gaafu-Alifu-Atoll-Exterior.jpeg 780w, https:\/\/maldives-paradise.com\/wp-content\/uploads\/2024\/05\/Robinson-Maldives-Adults-Only-Hotel-Gaafu-Alifu-Atoll-Exterior-300x199.jpeg 300w, https:\/\/maldives-paradise.com\/wp-content\/uploads\/2024\/05\/Robinson-Maldives-Adults-Only-Hotel-Gaafu-Alifu-Atoll-Exterior-768x510.jpeg 768w, https:\/\/maldives-paradise.com\/wp-content\/uploads\/2024\/05\/Robinson-Maldives-Adults-Only-Hotel-Gaafu-Alifu-Atoll-Exterior-18x12.jpeg 18w, https:\/\/maldives-paradise.com\/wp-content\/uploads\/2024\/05\/Robinson-Maldives-Adults-Only-Hotel-Gaafu-Alifu-Atoll-Exterior-500x332.jpeg 500w\" sizes=\"auto, (max-width: 780px) 100vw, 780px\" \/><\/div>\n\t\t<\/figure>\n\t<\/div>\n<\/div><\/div><\/div><\/div><div class=\"vc_row wpb_row vc_row-fluid\"><div class=\"wpb_column vc_column_container vc_col-sm-12\"><div class=\"vc_column-inner\"><div class=\"wpb_wrapper\">\n\t<div class=\"wpb_text_column wpb_content_element\" >\n\t\t<div class=\"wpb_wrapper\">\n\t\t\t<h4><a href=\"https:\/\/trip.tpo.lv\/eBl71ATn\" target=\"_blank\" rel=\"nofollow noopener\">ROBINSON Club Maldives<\/a><\/h4>\n<p>Positioned on Funamadua Island, ROBINSON Maldives caters to adults and families with children aged 14 and above. It offers a relaxed atmosphere with beach bungalows, garden villas, and overwater villas, each designed to provide an intimate escape. The resort is known for its extensive sports programs, including diving, water sports, and fitness classes, making it the perfect choice for active travelers seeking luxury.<\/p>\n\n\t\t<\/div>\n\t<\/div>\n<\/div><\/div><\/div><\/div><div class=\"vc_row wpb_row vc_row-fluid\"><div class=\"wpb_column vc_column_container vc_col-sm-12\"><div class=\"vc_column-inner\"><div class=\"wpb_wrapper\">\n\t<div  class=\"wpb_single_image wpb_content_element vc_align_left wpb_content_element\">\n\t\t<h2 class=\"wpb_heading wpb_singleimage_heading\">Mercure Maldives Kooddoo Resort<\/h2>\n\t\t<figure class=\"wpb_wrapper vc_figure\">\n\t\t\t<div class=\"vc_single_image-wrapper   vc_box_border_grey\"><img loading=\"lazy\" decoding=\"async\" width=\"1024\" height=\"768\" src=\"https:\/\/maldives-paradise.com\/wp-content\/uploads\/2024\/05\/mercure.jpg\" class=\"vc_single_image-img attachment-large\" alt=\"Mercure Maldives Kooddoo Resort\" title=\"Mercure Maldives Kooddoo Resort\" srcset=\"https:\/\/maldives-paradise.com\/wp-content\/uploads\/2024\/05\/mercure.jpg 1024w, https:\/\/maldives-paradise.com\/wp-content\/uploads\/2024\/05\/mercure-300x225.jpg 300w, https:\/\/maldives-paradise.com\/wp-content\/uploads\/2024\/05\/mercure-768x576.jpg 768w, https:\/\/maldives-paradise.com\/wp-content\/uploads\/2024\/05\/mercure-16x12.jpg 16w, https:\/\/maldives-paradise.com\/wp-content\/uploads\/2024\/05\/mercure-678x509.jpg 678w, https:\/\/maldives-paradise.com\/wp-content\/uploads\/2024\/05\/mercure-326x245.jpg 326w, https:\/\/maldives-paradise.com\/wp-content\/uploads\/2024\/05\/mercure-80x60.jpg 80w, https:\/\/maldives-paradise.com\/wp-content\/uploads\/2024\/05\/mercure-500x375.jpg 500w, https:\/\/maldives-paradise.com\/wp-content\/uploads\/2024\/05\/mercure-800x600.jpg 800w\" sizes=\"auto, (max-width: 1024px) 100vw, 1024px\" \/><\/div>\n\t\t<\/figure>\n\t<\/div>\n<\/div><\/div><\/div><\/div><div class=\"vc_row wpb_row vc_row-fluid\"><div class=\"wpb_column vc_column_container vc_col-sm-12\"><div class=\"vc_column-inner\"><div class=\"wpb_wrapper\">\n\t<div class=\"wpb_text_column wpb_content_element\" >\n\t\t<div class=\"wpb_wrapper\">\n\t\t\t<h4><a href=\"https:\/\/trip.tpo.lv\/VmYMdeUR\" target=\"_blank\" rel=\"nofollow noopener\">Mercure Maldives Kooddoo Resort<\/a><\/h4>\n<p>Das Mercure Maldives Kooddoo Resort bietet direkten Zugang zum Meer von allen Villen aus und verbindet lokale Architektur mit modernem Komfort. Es ist das einzige Resort auf den Malediven, das aus lokalen Materialien gebaut wurde, wodurch sein CO2-Fu\u00dfabdruck erheblich reduziert wird. Mit einem Meeresbiologiezentrum, einem gut ausgestatteten Spa und mehreren gastronomischen Einrichtungen bietet das Resort ein umfassendes Luxuserlebnis.<\/p>\n\n\t\t<\/div>\n\t<\/div>\n<\/div><\/div><\/div><\/div><div class=\"vc_row wpb_row vc_row-fluid\"><div class=\"wpb_column vc_column_container vc_col-sm-12\"><div class=\"vc_column-inner\"><div class=\"wpb_wrapper\">\n\t<div  class=\"wpb_single_image wpb_content_element vc_align_left wpb_content_element\">\n\t\t<h2 class=\"wpb_heading wpb_singleimage_heading\">Outrigger Konotta Maldives Resort<\/h2>\n\t\t<figure class=\"wpb_wrapper vc_figure\">\n\t\t\t<div class=\"vc_single_image-wrapper   vc_box_border_grey\"><img loading=\"lazy\" decoding=\"async\" width=\"900\" height=\"500\" src=\"https:\/\/maldives-paradise.com\/wp-content\/uploads\/2024\/05\/outrigger.jpg\" class=\"vc_single_image-img attachment-large\" alt=\"Outrigger Konotta Maldives Resort\" title=\"outrigger\" srcset=\"https:\/\/maldives-paradise.com\/wp-content\/uploads\/2024\/05\/outrigger.jpg 900w, https:\/\/maldives-paradise.com\/wp-content\/uploads\/2024\/05\/outrigger-300x167.jpg 300w, https:\/\/maldives-paradise.com\/wp-content\/uploads\/2024\/05\/outrigger-768x427.jpg 768w, https:\/\/maldives-paradise.com\/wp-content\/uploads\/2024\/05\/outrigger-18x10.jpg 18w, https:\/\/maldives-paradise.com\/wp-content\/uploads\/2024\/05\/outrigger-500x278.jpg 500w, https:\/\/maldives-paradise.com\/wp-content\/uploads\/2024\/05\/outrigger-800x444.jpg 800w\" sizes=\"auto, (max-width: 900px) 100vw, 900px\" \/><\/div>\n\t\t<\/figure>\n\t<\/div>\n<\/div><\/div><\/div><\/div><div class=\"vc_row wpb_row vc_row-fluid\"><div class=\"wpb_column vc_column_container vc_col-sm-12\"><div class=\"vc_column-inner\"><div class=\"wpb_wrapper\">\n\t<div class=\"wpb_text_column wpb_content_element\" >\n\t\t<div class=\"wpb_wrapper\">\n\t\t\t<h4><a href=\"https:\/\/hotellook.tp.st\/C5KGyvIB\" target=\"_blank\" rel=\"nofollow noopener\">Outrigger Konotta Maldives Resort<\/a><\/h4>\n<p>Dieses abgeschiedene Resort bietet unvergleichliche Privatsph\u00e4re und Luxus mit ger\u00e4umigen Villen mit privaten Pools, direktem Zugang zur Lagune und pers\u00f6nlichem Service. Das Outrigger Konotta Maldives Resort ist perfekt f\u00fcr alle, die einen ruhigen und luxuri\u00f6sen R\u00fcckzugsort suchen. Sein Navasana Spa, vielf\u00e4ltige kulinarische Optionen und eine Reihe von Wasseraktivit\u00e4ten sorgen f\u00fcr einen unvergesslichen Aufenthalt im Paradies des Gaafu-Atolls.<\/p>\n\n\t\t<\/div>\n\t<\/div>\n<\/div><\/div><\/div><\/div><div class=\"vc_row wpb_row vc_row-fluid\"><div class=\"wpb_column vc_column_container vc_col-sm-12\"><div class=\"vc_column-inner\"><div class=\"wpb_wrapper\">\n\t<div  class=\"wpb_single_image wpb_content_element vc_align_left wpb_content_element\">\n\t\t<h2 class=\"wpb_heading wpb_singleimage_heading\">Pullman Maldives All-Inclusive-Resort<\/h2>\n\t\t<figure class=\"wpb_wrapper vc_figure\">\n\t\t\t<div class=\"vc_single_image-wrapper   vc_box_border_grey\"><img loading=\"lazy\" decoding=\"async\" width=\"1024\" height=\"683\" src=\"https:\/\/maldives-paradise.com\/wp-content\/uploads\/2024\/05\/pullman.jpg\" class=\"vc_single_image-img attachment-large\" alt=\"Pullman Maldives All-Inclusive-Resort\" title=\"Pullman\" srcset=\"https:\/\/maldives-paradise.com\/wp-content\/uploads\/2024\/05\/pullman.jpg 1024w, https:\/\/maldives-paradise.com\/wp-content\/uploads\/2024\/05\/pullman-300x200.jpg 300w, https:\/\/maldives-paradise.com\/wp-content\/uploads\/2024\/05\/pullman-768x512.jpg 768w, https:\/\/maldives-paradise.com\/wp-content\/uploads\/2024\/05\/pullman-18x12.jpg 18w, https:\/\/maldives-paradise.com\/wp-content\/uploads\/2024\/05\/pullman-500x333.jpg 500w, https:\/\/maldives-paradise.com\/wp-content\/uploads\/2024\/05\/pullman-800x534.jpg 800w\" sizes=\"auto, (max-width: 1024px) 100vw, 1024px\" \/><\/div>\n\t\t<\/figure>\n\t<\/div>\n<\/div><\/div><\/div><\/div><div class=\"vc_row wpb_row vc_row-fluid\"><div class=\"wpb_column vc_column_container vc_col-sm-12\"><div class=\"vc_column-inner\"><div class=\"wpb_wrapper\">\n\t<div class=\"wpb_text_column wpb_content_element\" >\n\t\t<div class=\"wpb_wrapper\">\n\t\t\t<h4><a href=\"https:\/\/hotellook.tp.st\/sAUwE7NU\" target=\"_blank\" rel=\"nofollow noopener\">Pullman Maldives All-Inclusive-Resort<\/a><\/h4>\n<p>Pullman Maldives Maamutaa \u2013 ein All-Inclusive-Paradies, in dem Luxus auf grenzenlose M\u00f6glichkeiten trifft. Tauchen Sie ein in exklusive Verg\u00fcnstigungen, sch\u00e4rfen Sie Ihren Intellekt und erweitern Sie mutig Ihren Horizont. Dies ist nicht nur ein Resort; es ist ein Ort f\u00fcr diejenigen, die sich weiterentwickeln m\u00f6chten. Eingebettet in die S\u00fcdmalediven auf der Insel Maamutaa im Gaafu-Alifu-Atoll erstreckt sich unser unternehmerischer Spielplatz \u00fcber 18 Hektar \u00fcppiges Gr\u00fcn, das einen nat\u00fcrlichen See umgibt. Unser Versprechen? Wir bieten Ihnen den Urlaub Ihres Lebens<\/p>\n\n\t\t<\/div>\n\t<\/div>\n<\/div><\/div><\/div><\/div><div class=\"vc_row wpb_row vc_row-fluid\"><div class=\"wpb_column vc_column_container vc_col-sm-12\"><div class=\"vc_column-inner\"><div class=\"wpb_wrapper\">\n\t<div  class=\"wpb_single_image wpb_content_element vc_align_left wpb_content_element\">\n\t\t<h2 class=\"wpb_heading wpb_singleimage_heading\">Die Residenz Malediven in Falhumaafushi<\/h2>\n\t\t<figure class=\"wpb_wrapper vc_figure\">\n\t\t\t<div class=\"vc_single_image-wrapper   vc_box_border_grey\"><img loading=\"lazy\" decoding=\"async\" width=\"780\" height=\"519\" src=\"https:\/\/maldives-paradise.com\/wp-content\/uploads\/2024\/05\/The-Residence-Maldives-at-Falhumaafushi.jpg\" class=\"vc_single_image-img attachment-large\" alt=\"Die Residenz Malediven in Falhumaafushi\" title=\"Die Residenz Malediven in Falhumaafushi\" srcset=\"https:\/\/maldives-paradise.com\/wp-content\/uploads\/2024\/05\/The-Residence-Maldives-at-Falhumaafushi.jpg 780w, https:\/\/maldives-paradise.com\/wp-content\/uploads\/2024\/05\/The-Residence-Maldives-at-Falhumaafushi-300x200.jpg 300w, https:\/\/maldives-paradise.com\/wp-content\/uploads\/2024\/05\/The-Residence-Maldives-at-Falhumaafushi-768x511.jpg 768w, https:\/\/maldives-paradise.com\/wp-content\/uploads\/2024\/05\/The-Residence-Maldives-at-Falhumaafushi-18x12.jpg 18w, https:\/\/maldives-paradise.com\/wp-content\/uploads\/2024\/05\/The-Residence-Maldives-at-Falhumaafushi-500x333.jpg 500w\" sizes=\"auto, (max-width: 780px) 100vw, 780px\" \/><\/div>\n\t\t<\/figure>\n\t<\/div>\n<\/div><\/div><\/div><\/div><div class=\"vc_row wpb_row vc_row-fluid\"><div class=\"wpb_column vc_column_container vc_col-sm-12\"><div class=\"vc_column-inner\"><div class=\"wpb_wrapper\">\n\t<div class=\"wpb_text_column wpb_content_element\" >\n\t\t<div class=\"wpb_wrapper\">\n\t\t\t<h4><a href=\"https:\/\/trip.tpo.lv\/HJSSIY3X\" target=\"_blank\" rel=\"nofollow noopener\">Die Residenz Malediven<\/a><\/h4>\n<p>Dieses Resort mit 94 Strand- und \u00dcberwasservillen liegt auf der unber\u00fchrten Insel Falhumaafushi im Gaafu-Alifu-Atoll, einem der gr\u00f6\u00dften und tiefsten Atolle der Welt, und ist ein intimer R\u00fcckzugsort. Die Sch\u00f6nheit des Hausriffs der Insel und der dort lebenden Haie und Schildkr\u00f6ten ist direkt vom \u00dcberwasser-Villendeck aus zug\u00e4nglich. Das Resort bietet drei Restaurants und vier Bars, Wassersport, ein Fitnesscenter, einen Kinderclub und Ausfl\u00fcge zu den umliegenden Inseln.<\/p>\n\n\t\t<\/div>\n\t<\/div>\n<\/div><\/div><\/div><\/div><div class=\"vc_row wpb_row vc_row-fluid\"><div class=\"wpb_column vc_column_container vc_col-sm-12\"><div class=\"vc_column-inner\"><div class=\"wpb_wrapper\">\n\t<div  class=\"wpb_single_image wpb_content_element vc_align_left wpb_content_element\">\n\t\t<h2 class=\"wpb_heading wpb_singleimage_heading\">NH Collection Maldives Havodda Resort<\/h2>\n\t\t<figure class=\"wpb_wrapper vc_figure\">\n\t\t\t<div class=\"vc_single_image-wrapper   vc_box_border_grey\"><img loading=\"lazy\" decoding=\"async\" width=\"1024\" height=\"683\" src=\"https:\/\/maldives-paradise.com\/wp-content\/uploads\/2024\/05\/nh-collection.jpg\" class=\"vc_single_image-img attachment-large\" alt=\"NH Collection Maldives Havodda Resort\" title=\"nh-collection\" srcset=\"https:\/\/maldives-paradise.com\/wp-content\/uploads\/2024\/05\/nh-collection.jpg 1024w, https:\/\/maldives-paradise.com\/wp-content\/uploads\/2024\/05\/nh-collection-300x200.jpg 300w, https:\/\/maldives-paradise.com\/wp-content\/uploads\/2024\/05\/nh-collection-768x512.jpg 768w, https:\/\/maldives-paradise.com\/wp-content\/uploads\/2024\/05\/nh-collection-18x12.jpg 18w, https:\/\/maldives-paradise.com\/wp-content\/uploads\/2024\/05\/nh-collection-500x333.jpg 500w, https:\/\/maldives-paradise.com\/wp-content\/uploads\/2024\/05\/nh-collection-800x534.jpg 800w\" sizes=\"auto, (max-width: 1024px) 100vw, 1024px\" \/><\/div>\n\t\t<\/figure>\n\t<\/div>\n<\/div><\/div><\/div><\/div><div class=\"vc_row wpb_row vc_row-fluid\"><div class=\"wpb_column vc_column_container vc_col-sm-12\"><div class=\"vc_column-inner\"><div class=\"wpb_wrapper\">\n\t<div class=\"wpb_text_column wpb_content_element\" >\n\t\t<div class=\"wpb_wrapper\">\n\t\t\t<h4><a href=\"https:\/\/hotellook.tp.st\/VjHy8xqe\" target=\"_blank\" rel=\"nofollow noopener\">NH Collection Maldives Havodda Resort<\/a><\/h4>\n<p>Das Resort liegt versteckt im Indischen Ozean auf einer privaten Insel 400 km s\u00fcdlich der Hauptstadt Male im Gaafu Dhaalu Atoll. Wir laden Sie ein, das Paradies im NH Collection Maldives Havodda Resort zu entdecken, einem abgeschiedenen R\u00fcckzugsort mit \u00fcppiger tropischer Vegetation, kristallklarem t\u00fcrkisfarbenem Wasser und endlosen wei\u00dfen Sandstr\u00e4nden. Es bietet einen Au\u00dfenpool, ein Kinderbecken und Wassersportm\u00f6glichkeiten. Das Resort verf\u00fcgt \u00fcber eine Sonnenterrasse und ein Wellnesscenter sowie 5 gastronomische Einrichtungen. Es gibt auch einen Beachvolleyballplatz und ein Fitnesscenter.<\/p>\n\n\t\t<\/div>\n\t<\/div>\n<\/div><\/div><\/div><\/div><div class=\"vc_row wpb_row vc_row-fluid\"><div class=\"wpb_column vc_column_container vc_col-sm-12\"><div class=\"vc_column-inner\"><div class=\"wpb_wrapper\">\n\t<div class=\"wpb_text_column wpb_content_element\" >\n\t\t<div class=\"wpb_wrapper\">\n\t\t\t<h4><a href=\"https:\/\/maldives-paradise.com\/de\/2024\/03\/die-besten-luxusresorts-im-baa-atoll\/\">Die besten Luxusresorts im Baa-Atoll<\/a><\/h4>\n\n\t\t<\/div>\n\t<\/div>\n<\/div><\/div><\/div><\/div>\n<\/div>","protected":false},"excerpt":{"rendered":"<div class=\"mh-excerpt\"><\/div>","protected":false},"author":1,"featured_media":16027,"parent":0,"menu_order":0,"comment_status":"closed","ping_status":"closed","template":"","meta":{"footnotes":""},"class_list":["post-16026","page","type-page","status-publish","has-post-thumbnail"],"aioseo_notices":[],"_links":{"self":[{"href":"http:\/\/maldives-paradise.com\/de\/wp-json\/wp\/v2\/pages\/16026","targetHints":{"allow":["GET"]}}],"collection":[{"href":"http:\/\/maldives-paradise.com\/de\/wp-json\/wp\/v2\/pages"}],"about":[{"href":"http:\/\/maldives-paradise.com\/de\/wp-json\/wp\/v2\/types\/page"}],"author":[{"embeddable":true,"href":"http:\/\/maldives-paradise.com\/de\/wp-json\/wp\/v2\/users\/1"}],"replies":[{"embeddable":true,"href":"http:\/\/maldives-paradise.com\/de\/wp-json\/wp\/v2\/comments?post=16026"}],"version-history":[{"count":7,"href":"http:\/\/maldives-paradise.com\/de\/wp-json\/wp\/v2\/pages\/16026\/revisions"}],"predecessor-version":[{"id":43504,"href":"http:\/\/maldives-paradise.com\/de\/wp-json\/wp\/v2\/pages\/16026\/revisions\/43504"}],"wp:featuredmedia":[{"embeddable":true,"href":"http:\/\/maldives-paradise.com\/de\/wp-json\/wp\/v2\/media\/16027"}],"wp:attachment":[{"href":"http:\/\/maldives-paradise.com\/de\/wp-json\/wp\/v2\/media?parent=16026"}],"curies":[{"name":"wp","href":"https:\/\/api.w.org\/{rel}","templated":true}]}}