{"id":15282,"date":"2024-05-12T17:28:39","date_gmt":"2024-05-12T17:28:39","guid":{"rendered":"http:\/\/maldives-paradise.com\/?page_id=15282"},"modified":"2025-11-26T09:37:10","modified_gmt":"2025-11-26T09:37:10","slug":"die-12-besten-spa-resorts-auf-den-malediven","status":"publish","type":"page","link":"http:\/\/maldives-paradise.com\/de\/die-12-besten-spa-resorts-auf-den-malediven\/","title":{"rendered":"The Best Spa Resorts in Maldives"},"content":{"rendered":"<div class=\"wpb-content-wrapper\"><div class=\"vc_row wpb_row vc_row-fluid\"><div class=\"wpb_column vc_column_container vc_col-sm-12\"><div class=\"vc_column-inner\"><div class=\"wpb_wrapper\">\n\t<div class=\"wpb_text_column wpb_content_element\" >\n\t\t<div class=\"wpb_wrapper\">\n\t\t\t<p>Erleben Sie die besten Spa- und Wellness-Resorts auf den Malediven. Spa-Resorts auf den Malediven geh\u00f6ren zu den besten Luxus-Spa-Services der Welt. Jedes Spa-Resort vereint h\u00f6chste Standards in Luxus und Service.<\/p>\n<p>Die Buchung eines Spa-Resorts auf den Malediven bietet den ultimativen R\u00fcckzugsort zur Entspannung und Erholung. Diese Resorts sind f\u00fcr ihre luxuri\u00f6sen Spa-Einrichtungen bekannt und bieten eine breite Palette an Behandlungen, die von traditionellen und modernen Wellness-Praktiken inspiriert sind. G\u00e4ste k\u00f6nnen sich wohltuende Massagen, belebende K\u00f6rperpeelings und ganzheitliche Therapien g\u00f6nnen und dabei den atemberaubenden Meerblick genie\u00dfen. Die ruhige, nat\u00fcrliche Umgebung wertet das Gesamterlebnis auf und bietet eine friedliche Flucht aus dem Alltag. Mit personalisierten Wellness-Programmen, ruhiger Umgebung und erstklassigem Service ist ein Spa-Resort auf den Malediven das perfekte Ziel f\u00fcr alle, die K\u00f6rper, Geist und Seele wiederherstellen m\u00f6chten.<\/p>\n<p>Hier ist eine Liste der besten Spa-Resorts.<\/p>\n\n\t\t<\/div>\n\t<\/div>\n<\/div><\/div><\/div><\/div><div class=\"vc_row wpb_row vc_row-fluid\"><div class=\"wpb_column vc_column_container vc_col-sm-3\"><div class=\"vc_column-inner\"><div class=\"wpb_wrapper\">\n\t<div  class=\"wpb_single_image wpb_content_element vc_align_left wpb_content_element\">\n\t\t\n\t\t<figure class=\"wpb_wrapper vc_figure\">\n\t\t\t<a href=\"https:\/\/lamp.glopss.com\/aff_c?offer_id=9&#038;aff_id=1834&#038;url=https%3A%2F%2Fwww.anantara.com%2Fen%2Fveli-maldives\" target=\"_self\" class=\"vc_single_image-wrapper   vc_box_border_grey\"><img loading=\"lazy\" decoding=\"async\" width=\"150\" height=\"150\" src=\"https:\/\/maldives-paradise.com\/wp-content\/uploads\/2024\/05\/Anantara-Veli-Maldives-Resort-spa-150x150.jpg\" class=\"vc_single_image-img attachment-thumbnail\" alt=\"Das Spa im Anantara Veli Maldives Resort\" title=\"Anantara-Veli-Malediven-Resort-Spa\" \/><\/a>\n\t\t<\/figure>\n\t<\/div>\n<\/div><\/div><\/div><div class=\"wpb_column vc_column_container vc_col-sm-9\"><div class=\"vc_column-inner\"><div class=\"wpb_wrapper\">\n\t<div class=\"wpb_text_column wpb_content_element\" >\n\t\t<div class=\"wpb_wrapper\">\n\t\t\t<h4><a href=\"https:\/\/lamp.glopss.com\/SHUt\" target=\"_blank\" rel=\"nofollow noopener\">Anantara Veli Maldives Resort<\/a><\/h4>\n<p>Die Kunst des Heilens. Finden Sie mit uralten Techniken Frieden in K\u00f6rper und Geist.<br \/>\nBei Balance Wellness by Anantara laden wir Sie zu einem ganzheitlichen Wellness-Retreat f\u00fcr K\u00f6rper und Geist ein. Begr\u00fc\u00dfen Sie die Sonne. Meditieren Sie vor dem Meer. Verw\u00f6hnen Sie sich mit wohltuenden ayurvedischen Therapien, die auf Ihre Bed\u00fcrfnisse zugeschnitten sind, in einem der besten Wellness-Retreats auf den Malediven.<\/p>\n\n\t\t<\/div>\n\t<\/div>\n<\/div><\/div><\/div><\/div><div class=\"vc_row wpb_row vc_row-fluid\"><div class=\"wpb_column vc_column_container vc_col-sm-3\"><div class=\"vc_column-inner\"><div class=\"wpb_wrapper\">\n\t<div  class=\"wpb_single_image wpb_content_element vc_align_left wpb_content_element\">\n\t\t\n\t\t<figure class=\"wpb_wrapper vc_figure\">\n\t\t\t<a href=\"https:\/\/lamp.glopss.com\/aff_c?offer_id=1476&#038;aff_id=1834&#038;url=https%3A%2F%2Fwww.sunsiyam.com%2Fsun-siyam-iru-fushi%2F\" target=\"_self\" class=\"vc_single_image-wrapper   vc_box_border_grey\"><img loading=\"lazy\" decoding=\"async\" width=\"150\" height=\"150\" src=\"https:\/\/maldives-paradise.com\/wp-content\/uploads\/2024\/05\/spa-sun-siyam-maldives-iru-fushi-150x150.jpg\" class=\"vc_single_image-img attachment-thumbnail\" alt=\"\" title=\"Spa-Sun-Siyam-Malediven-Iru-Fushi\" \/><\/a>\n\t\t<\/figure>\n\t<\/div>\n<\/div><\/div><\/div><div class=\"wpb_column vc_column_container vc_col-sm-9\"><div class=\"vc_column-inner\"><div class=\"wpb_wrapper\">\n\t<div class=\"wpb_text_column wpb_content_element\" >\n\t\t<div class=\"wpb_wrapper\">\n\t\t\t<h4><a href=\"https:\/\/lamp.glopss.com\/SHUw\" target=\"_blank\" rel=\"nofollow noopener\">Sun Siyam Iru Fushi<\/a><\/h4>\n<p>Betreten Sie unser preisgekr\u00f6ntes The Spa by Thalgo France. Und verlassen Sie es entspannt, erfrischt und mit neuem Gef\u00fchl. In den 20 R\u00e4umen des Spas sowie in den Hydrotherapie-Pools, Dampfb\u00e4dern und Saunen werden einzigartige Behandlungen angeboten. Buchen Sie f\u00fcr ma\u00dfgeschneiderte Beratungen eine Einzel-Yoga-Sitzung mit gef\u00fchrter Meditation oder begeben Sie sich unter Anleitung auf eine lebenslange Reise zum Wohlbefinden.<\/p>\n\n\t\t<\/div>\n\t<\/div>\n<\/div><\/div><\/div><\/div><div class=\"vc_row wpb_row vc_row-fluid\"><div class=\"wpb_column vc_column_container vc_col-sm-3\"><div class=\"vc_column-inner\"><div class=\"wpb_wrapper\">\n\t<div  class=\"wpb_single_image wpb_content_element vc_align_left wpb_content_element\">\n\t\t\n\t\t<figure class=\"wpb_wrapper vc_figure\">\n\t\t\t<a href=\"https:\/\/lamp.glopss.com\/aff_c?offer_id=1062&#038;aff_id=1834&#038;url=https%3A%2F%2Fwww.coloursofoblu.com%2Foblu-select-lobigili\" target=\"_self\" class=\"vc_single_image-wrapper   vc_box_border_grey\"><img loading=\"lazy\" decoding=\"async\" width=\"150\" height=\"150\" src=\"https:\/\/maldives-paradise.com\/wp-content\/uploads\/2024\/05\/spa-OBLU-SELECT-Lobigili-150x150.jpg\" class=\"vc_single_image-img attachment-thumbnail\" alt=\"OBLU SELECT Lobigili spa\" title=\"spa-OBLU-SELECT-Lobigili\" \/><\/a>\n\t\t<\/figure>\n\t<\/div>\n<\/div><\/div><\/div><div class=\"wpb_column vc_column_container vc_col-sm-9\"><div class=\"vc_column-inner\"><div class=\"wpb_wrapper\">\n\t<div class=\"wpb_text_column wpb_content_element\" >\n\t\t<div class=\"wpb_wrapper\">\n\t\t\t<h4><a href=\"https:\/\/trip.tpo.lv\/dzh7lpnI\" target=\"_blank\" rel=\"nofollow noopener\">OBLU SELECT Lobigili<\/a><\/h4>\n<p>Eingebettet in die nat\u00fcrliche Sch\u00f6nheit der Insel Lobigili liegt ELENA The Spa \u2013 ein verw\u00f6hnendes und intimes Spa-Erlebnis, das ausschlie\u00dflich f\u00fcr Paare und Erwachsene konzipiert wurde. Der ruhige Spa-Komplex verf\u00fcgt \u00fcber vier abgeschiedene Doppelbehandlungsr\u00e4ume mit jeweils einem Paarbad, eingebettet in einen \u00fcppigen tropischen Garten. Genie\u00dfen Sie ein Bad in einer unserer Au\u00dfenbadewannen, w\u00e4hrend Sie den beruhigenden t\u00fcrkisfarbenen Horizont betrachten. Schweben Sie mit einer unserer speziellen Paarmassagen in Zweisamkeit und Wohlbefinden. Jeder Moment in unserem Spa entspannt Ihren K\u00f6rper und erhebt Ihre Seele.<\/p>\n\n\t\t<\/div>\n\t<\/div>\n<\/div><\/div><\/div><\/div><div class=\"vc_row wpb_row vc_row-fluid\"><div class=\"wpb_column vc_column_container vc_col-sm-3\"><div class=\"vc_column-inner\"><div class=\"wpb_wrapper\">\n\t<div  class=\"wpb_single_image wpb_content_element vc_align_left wpb_content_element\">\n\t\t\n\t\t<figure class=\"wpb_wrapper vc_figure\">\n\t\t\t<a href=\"https:\/\/lamp.glopss.com\/aff_c?offer_id=264&#038;aff_id=1834&#038;url=https%3A%2F%2Fwww.hurawalhi.com%2F\" target=\"_self\" class=\"vc_single_image-wrapper   vc_box_border_grey\"><img loading=\"lazy\" decoding=\"async\" width=\"150\" height=\"150\" src=\"https:\/\/maldives-paradise.com\/wp-content\/uploads\/2024\/05\/hurawalhi-spa-Sulha_signature-150x150.png\" class=\"vc_single_image-img attachment-thumbnail\" alt=\"Hurawalhi Island Resort Sulha Spa\" title=\"hurawalhi-spa-Sulha_signature\" \/><\/a>\n\t\t<\/figure>\n\t<\/div>\n<\/div><\/div><\/div><div class=\"wpb_column vc_column_container vc_col-sm-9\"><div class=\"vc_column-inner\"><div class=\"wpb_wrapper\">\n\t<div class=\"wpb_text_column wpb_content_element\" >\n\t\t<div class=\"wpb_wrapper\">\n\t\t\t<h4><a href=\"https:\/\/hotellook.tp.st\/6FluoLuO\" target=\"_blank\" rel=\"nofollow noopener\">Hurawalhi Island Resort<\/a><\/h4>\n<p>Sehnen Sie sich nach tiefer Entspannung und Ruhe? Erwecken Sie K\u00f6rper und Seele in Hurawalhis Oase der Entspannung, Sch\u00f6nheit und des Wohlbefindens. Besuchen Sie das Sulha Spa einmal und bestimmen Sie mit herzzentrierten Behandlungen den Verlauf Ihres Tages. Lassen Sie sich regelm\u00e4\u00dfig verw\u00f6hnen und inspirieren und begeben Sie sich auf den Weg zu einem freudvollen, gesunden Leben, das ein Leben lang h\u00e4lt.<\/p>\n\n\t\t<\/div>\n\t<\/div>\n<\/div><\/div><\/div><\/div><div class=\"vc_row wpb_row vc_row-fluid\"><div class=\"wpb_column vc_column_container vc_col-sm-3\"><div class=\"vc_column-inner\"><div class=\"wpb_wrapper\">\n\t<div  class=\"wpb_single_image wpb_content_element vc_align_left wpb_content_element\">\n\t\t\n\t\t<figure class=\"wpb_wrapper vc_figure\">\n\t\t\t<a href=\"https:\/\/lamp.glopss.com\/aff_c?offer_id=1508&#038;aff_id=1834\" target=\"_self\" class=\"vc_single_image-wrapper   vc_box_border_grey\"><img loading=\"lazy\" decoding=\"async\" width=\"150\" height=\"150\" src=\"https:\/\/maldives-paradise.com\/wp-content\/uploads\/2024\/05\/lily-beach-spa-150x150.jpg\" class=\"vc_single_image-img attachment-thumbnail\" alt=\"Lily Beach Resort &amp; Spa\" title=\"Lily Beach Spa\" \/><\/a>\n\t\t<\/figure>\n\t<\/div>\n<\/div><\/div><\/div><div class=\"wpb_column vc_column_container vc_col-sm-9\"><div class=\"vc_column-inner\"><div class=\"wpb_wrapper\">\n\t<div class=\"wpb_text_column wpb_content_element\" >\n\t\t<div class=\"wpb_wrapper\">\n\t\t\t<h4><a href=\"https:\/\/lamp.glopss.com\/aff_c?offer_id=1508&amp;aff_id=1834\" target=\"_blank\" rel=\"nofollow noopener\">Lily Beach Resort &amp; Spa<\/a><\/h4>\n<p>Das \u00fcber dem Wasser gelegene Tamara Spa im Lily Beach Resort &amp; Spa bietet Ihnen die M\u00f6glichkeit, sich im Rahmen Ihres Urlaubs auf den Malediven zu verw\u00f6hnen, zu entspannen und neue Kraft zu tanken. Das Lily Beach Resort &amp; Spa ist das erste F\u00fcnf-Sterne-All-Inclusive-Resort mit Platinum-Plan auf den Malediven.<\/p>\n\n\t\t<\/div>\n\t<\/div>\n<\/div><\/div><\/div><\/div><div class=\"vc_row wpb_row vc_row-fluid\"><div class=\"wpb_column vc_column_container vc_col-sm-3\"><div class=\"vc_column-inner\"><div class=\"wpb_wrapper\">\n\t<div  class=\"wpb_single_image wpb_content_element vc_align_left wpb_content_element\">\n\t\t\n\t\t<figure class=\"wpb_wrapper vc_figure\">\n\t\t\t<a href=\"http:\/\/maldives-paradise.com\/de\/conrad-rangali-island-malediven\/\" target=\"_self\" class=\"vc_single_image-wrapper   vc_box_border_grey\"><img loading=\"lazy\" decoding=\"async\" width=\"150\" height=\"150\" src=\"https:\/\/maldives-paradise.com\/wp-content\/uploads\/2024\/05\/Conrad-Maldives_the-over-water-spa-150x150.jpg\" class=\"vc_single_image-img attachment-thumbnail\" alt=\"Das Spa im Conrad Maldives Rangali Island\" title=\"Conrad-Malediven_das-\u00dcberwasser-Spa\" \/><\/a>\n\t\t<\/figure>\n\t<\/div>\n<\/div><\/div><\/div><div class=\"wpb_column vc_column_container vc_col-sm-9\"><div class=\"vc_column-inner\"><div class=\"wpb_wrapper\">\n\t<div class=\"wpb_text_column wpb_content_element\" >\n\t\t<div class=\"wpb_wrapper\">\n\t\t\t<h4><a href=\"http:\/\/maldives-paradise.com\/de\/conrad-rangali-island-malediven\/\">Conrad Maldives Rangali Island<\/a><\/h4>\n<p>Das 100 Meter vor der Spitze der Insel Rangali-Finolhu gelegene, versteckte Spa Retreat bietet einen luxuri\u00f6sen Zufluchtsort, an dem jeder Aspekt Ihrer Gesundheit und Ihres Wohlbefindens ber\u00fccksichtigt wird \u2013 von der Ern\u00e4hrung \u00fcber K\u00f6rperbehandlungen bis hin zur Sch\u00f6nheit.<\/p>\n\n\t\t<\/div>\n\t<\/div>\n<\/div><\/div><\/div><\/div><div class=\"vc_row wpb_row vc_row-fluid\"><div class=\"wpb_column vc_column_container vc_col-sm-3\"><div class=\"vc_column-inner\"><div class=\"wpb_wrapper\">\n\t<div  class=\"wpb_single_image wpb_content_element vc_align_left wpb_content_element\">\n\t\t\n\t\t<figure class=\"wpb_wrapper vc_figure\">\n\t\t\t<a href=\"http:\/\/maldives-paradise.com\/de\/sechs-sinne-laamu\/\" target=\"_self\" class=\"vc_single_image-wrapper   vc_box_border_grey\"><img loading=\"lazy\" decoding=\"async\" width=\"150\" height=\"150\" src=\"https:\/\/maldives-paradise.com\/wp-content\/uploads\/2024\/05\/six-senses-laamu-spa-interior-150x150.jpg\" class=\"vc_single_image-img attachment-thumbnail\" alt=\"Six Senses Laamu Spa\" title=\"Six Senses Laamu Maldives Resort\" \/><\/a>\n\t\t<\/figure>\n\t<\/div>\n<\/div><\/div><\/div><div class=\"wpb_column vc_column_container vc_col-sm-9\"><div class=\"vc_column-inner\"><div class=\"wpb_wrapper\">\n\t<div class=\"wpb_text_column wpb_content_element\" >\n\t\t<div class=\"wpb_wrapper\">\n\t\t\t<h4><a href=\"http:\/\/maldives-paradise.com\/de\/sechs-sinne-laamu\/\">Sechs Sinne Laamu<\/a><\/h4>\n<p>Geben Sie sich den heilenden H\u00e4nden unserer erfahrenen Therapeuten hin und lassen Sie sich von Spezialbehandlungen und individuellen Reisen verw\u00f6hnen, die Ihre Sinne ins Gleichgewicht bringen und Ihren Geist gl\u00fcckselig machen. Unser Spa-Resort auf den Malediven verwendet nat\u00fcrliche und ethisch hergestellte Produkte zusammen mit traditionellen und lokal inspirierten Praktiken, um Sie von innen heraus und von au\u00dfen hinein zu behandeln.<\/p>\n\n\t\t<\/div>\n\t<\/div>\n<\/div><\/div><\/div><\/div><div class=\"vc_row wpb_row vc_row-fluid\"><div class=\"wpb_column vc_column_container vc_col-sm-3\"><div class=\"vc_column-inner\"><div class=\"wpb_wrapper\">\n\t<div  class=\"wpb_single_image wpb_content_element vc_align_left wpb_content_element\">\n\t\t\n\t\t<figure class=\"wpb_wrapper vc_figure\">\n\t\t\t<a href=\"http:\/\/maldives-paradise.com\/de\/oneonly-reethi-rah-malediven\/\" target=\"_self\" class=\"vc_single_image-wrapper   vc_box_border_grey\"><img loading=\"lazy\" decoding=\"async\" width=\"150\" height=\"150\" src=\"https:\/\/maldives-paradise.com\/wp-content\/uploads\/2024\/05\/oneandonly-reethirah-spaandfitness-couplesspasuite-150x150.jpg\" class=\"vc_single_image-img attachment-thumbnail\" alt=\"One &amp; Only Reethi Rah Spa und Fitness\" title=\"OneandOnly-Reethirah-Spa und Fitness-Paare Spa-Suite\" \/><\/a>\n\t\t<\/figure>\n\t<\/div>\n<\/div><\/div><\/div><div class=\"wpb_column vc_column_container vc_col-sm-9\"><div class=\"vc_column-inner\"><div class=\"wpb_wrapper\">\n\t<div class=\"wpb_text_column wpb_content_element\" >\n\t\t<div class=\"wpb_wrapper\">\n\t\t\t<h4><a href=\"http:\/\/maldives-paradise.com\/de\/oneonly-reethi-rah-malediven\/\">One &amp; Only Reethi Rah<\/a><\/h4>\n<p>Ihr Spa-Refugium. Unser Spa auf den Malediven ist ein Heiligtum mit Blick auf das Meer f\u00fcr Geist, K\u00f6rper und Seele. Es konzentriert sich auf revitalisierende Gesichts- und K\u00f6rperbehandlungen, die von asiatischen Sch\u00f6nheitstraditionen inspiriert sind. Zu unseren Spa-Einrichtungen geh\u00f6ren unser therapeutischer Vitalit\u00e4tspool, Kristalldampfb\u00e4der und Saunen. Beginnen Sie mit einer Beratung in der Spa-Lobby \u2013 die in k\u00f6niglichen Purpurt\u00f6nen erstrahlt \u2013, bevor Sie durch unsere tropischen G\u00e4rten zu Ihrer privaten Spa-Suite schlendern.<\/p>\n\n\t\t<\/div>\n\t<\/div>\n<\/div><\/div><\/div><\/div><div class=\"vc_row wpb_row vc_row-fluid\"><div class=\"wpb_column vc_column_container vc_col-sm-3\"><div class=\"vc_column-inner\"><div class=\"wpb_wrapper\">\n\t<div  class=\"wpb_single_image wpb_content_element vc_align_left wpb_content_element\">\n\t\t\n\t\t<figure class=\"wpb_wrapper vc_figure\">\n\t\t\t<a href=\"https:\/\/lamp.glopss.com\/aff_c?offer_id=1476&#038;aff_id=1834&#038;url=https%3A%2F%2Fwww.sunsiyam.com%2Fsun-siyam-iru-veli%2F\" target=\"_self\" class=\"vc_single_image-wrapper   vc_box_border_grey\"><img loading=\"lazy\" decoding=\"async\" width=\"150\" height=\"150\" src=\"https:\/\/maldives-paradise.com\/wp-content\/uploads\/2024\/05\/sun-siyam-iru-veli-spa-150x150.jpg\" class=\"vc_single_image-img attachment-thumbnail\" alt=\"Das Spa im Sun Siyam Iru Veli\" title=\"Sonne-Siyam-Iru-Veli-Spa\" \/><\/a>\n\t\t<\/figure>\n\t<\/div>\n<\/div><\/div><\/div><div class=\"wpb_column vc_column_container vc_col-sm-9\"><div class=\"vc_column-inner\"><div class=\"wpb_wrapper\">\n\t<div class=\"wpb_text_column wpb_content_element\" >\n\t\t<div class=\"wpb_wrapper\">\n\t\t\t<h4><a href=\"https:\/\/lamp.glopss.com\/SHVC\" target=\"_blank\" rel=\"nofollow noopener\">Sun Siyam Iru Veli<\/a><\/h4>\n<p>Tauchen Sie ein in neue Dimensionen der Entspannung beim Klang pl\u00e4tschernder Wellen mit erholsamen Behandlungen und nat\u00fcrlichen Inhaltsstoffen im Sun Siyam Iru Veli Spa. Unser Spa verwendet erholsame nat\u00fcrliche Inhaltsstoffe, um Ihnen zu helfen, K\u00f6rper und Geist wieder ins Gleichgewicht zu bringen. Inspiriert von den sanften T\u00f6nen der Insel sind unsere Spa-Pavillons ein Kokon der Ruhe, mit Doppelmassagebetten zum gemeinsamen Entspannen w\u00e4hrend der Behandlungen. Wie auch immer Ihre Wellnessreise aussieht, Ihr erneuertes Selbstwertgef\u00fchl wird sicher noch lange nach Ihrer Abreise anhalten.<\/p>\n\n\t\t<\/div>\n\t<\/div>\n<\/div><\/div><\/div><\/div><div class=\"vc_row wpb_row vc_row-fluid\"><div class=\"wpb_column vc_column_container vc_col-sm-3\"><div class=\"vc_column-inner\"><div class=\"wpb_wrapper\">\n\t<div  class=\"wpb_single_image wpb_content_element vc_align_left wpb_content_element\">\n\t\t\n\t\t<figure class=\"wpb_wrapper vc_figure\">\n\t\t\t<a href=\"http:\/\/maldives-paradise.com\/de\/soneva-jani\/\" target=\"_self\" class=\"vc_single_image-wrapper   vc_box_border_grey\"><img loading=\"lazy\" decoding=\"async\" width=\"150\" height=\"150\" src=\"https:\/\/maldives-paradise.com\/wp-content\/uploads\/2024\/05\/Soneva-jani-spa-150x150.jpg\" class=\"vc_single_image-img attachment-thumbnail\" alt=\"Soneva Jani Souls Spa\" title=\"Soneva-jani-spa\" \/><\/a>\n\t\t<\/figure>\n\t<\/div>\n<\/div><\/div><\/div><div class=\"wpb_column vc_column_container vc_col-sm-9\"><div class=\"vc_column-inner\"><div class=\"wpb_wrapper\">\n\t<div class=\"wpb_text_column wpb_content_element\" >\n\t\t<div class=\"wpb_wrapper\">\n\t\t\t<h4><a href=\"http:\/\/maldives-paradise.com\/de\/soneva-jani\/\">Das Spa im Soneva Jani<\/a><\/h4>\n<p>Der dreist\u00f6ckige Island Spa-Komplex von Soneva Soul im Soneva Jani ist durch erh\u00f6hte, zwischen den B\u00e4umen hindurchf\u00fchrende Gehwege miteinander verbunden. Er erg\u00e4nzt das bestehende Overwater Spa im The Gathering und umfasst Behandlungsr\u00e4ume im Freien, Beratungssuiten, R\u00e4ume f\u00fcr integrative Medizin, ein hochmodernes Fitnessstudio und eine Saftbar. Ein Yoga-Pavillon und eine Meditationsplattform liegen hoch \u00fcber der Baumgrenze und bieten einen 360-Grad-Blick \u00fcber die t\u00fcrkisfarbene private Lagune.<\/p>\n\n\t\t<\/div>\n\t<\/div>\n<\/div><\/div><\/div><\/div><div class=\"vc_row wpb_row vc_row-fluid\"><div class=\"wpb_column vc_column_container vc_col-sm-3\"><div class=\"vc_column-inner\"><div class=\"wpb_wrapper\">\n\t<div  class=\"wpb_single_image wpb_content_element vc_align_left wpb_content_element\">\n\t\t\n\t\t<figure class=\"wpb_wrapper vc_figure\">\n\t\t\t<a href=\"http:\/\/maldives-paradise.com\/de\/vier-jahreszeiten-malediven-kuda-huraa\/\" target=\"_self\" class=\"vc_single_image-wrapper   vc_box_border_grey\"><img loading=\"lazy\" decoding=\"async\" width=\"150\" height=\"150\" src=\"https:\/\/maldives-paradise.com\/wp-content\/uploads\/2024\/05\/four-seasons-spa-150x150.jpg\" class=\"vc_single_image-img attachment-thumbnail\" alt=\"Das Spa im Four Seasons Kuda Huraa\" title=\"Vier-Jahreszeiten-Spa\" \/><\/a>\n\t\t<\/figure>\n\t<\/div>\n<\/div><\/div><\/div><div class=\"wpb_column vc_column_container vc_col-sm-9\"><div class=\"vc_column-inner\"><div class=\"wpb_wrapper\">\n\t<div class=\"wpb_text_column wpb_content_element\" >\n\t\t<div class=\"wpb_wrapper\">\n\t\t\t<h4><a href=\"http:\/\/maldives-paradise.com\/de\/vier-jahreszeiten-malediven-kuda-huraa\/\">Four Seasons Kuda Huraa Spa<\/a><\/h4>\n<p>Das Island Spa Sanctuary ist ein Luxus-Spa auf den Malediven. Segeln Sie \u00fcber das Blau, betreten Sie das Gr\u00fcn und genie\u00dfen Sie das \u00e4therische Wei\u00df einer Oase der Ruhe und Reinheit, in der architektonische Details und geometrische Linien mit dem Licht tanzen und im Kontrast zum freien Fluss der umgebenden Natur stehen. Folgen Sie einem Pfad zum Yogastudio oder zur Suite \u00fcber dem Wasser f\u00fcr vom Meer inspirierte Behandlungen und erleben Sie echte maledivische Entspannung.<\/p>\n\n\t\t<\/div>\n\t<\/div>\n<\/div><\/div><\/div><\/div><div class=\"vc_row wpb_row vc_row-fluid\"><div class=\"wpb_column vc_column_container vc_col-sm-3\"><div class=\"vc_column-inner\"><div class=\"wpb_wrapper\">\n\t<div  class=\"wpb_single_image wpb_content_element vc_align_left wpb_content_element\">\n\t\t\n\t\t<figure class=\"wpb_wrapper vc_figure\">\n\t\t\t<a href=\"http:\/\/maldives-paradise.com\/de\/velaa-privatinsel-malediven\/\" target=\"_self\" class=\"vc_single_image-wrapper   vc_box_border_grey\"><img loading=\"lazy\" decoding=\"async\" width=\"150\" height=\"150\" src=\"https:\/\/maldives-paradise.com\/wp-content\/uploads\/2024\/05\/velaa-spa-snow-room-150x150.jpg\" class=\"vc_single_image-img attachment-thumbnail\" alt=\"Das Spa auf der Velaa Private Island Maldives\" title=\"Velaa-Spa-Schneeraum\" \/><\/a>\n\t\t<\/figure>\n\t<\/div>\n<\/div><\/div><\/div><div class=\"wpb_column vc_column_container vc_col-sm-9\"><div class=\"vc_column-inner\"><div class=\"wpb_wrapper\">\n\t<div class=\"wpb_text_column wpb_content_element\" >\n\t\t<div class=\"wpb_wrapper\">\n\t\t\t<h4><a href=\"http:\/\/maldives-paradise.com\/de\/velaa-privatinsel-malediven\/\">Velaa Private Island Maldives Spa<\/a><\/h4>\n<p>Das ruhige Meer umgibt einen ruhigen R\u00fcckzugsort mit privaten Behandlungsvillen und einem gro\u00dfen Spa-Bereich, wo die Zeit im sanften Rhythmus der Wellen unter Ihnen vergeht. Im Velaa Spa findet das Leben wieder sein Gleichgewicht. K\u00fchlen Sie sich im einzigen Schneeraum der Malediven ab oder entgiften Sie sich in der Hitze der Sauna und des Dampfbads, w\u00e4hrend Sie endlose t\u00fcrkisfarbene Ausblicke genie\u00dfen.<br \/>\nEine Auswahl wirksamer Behandlungskombinationen wurde entwickelt, um der Heiltherapie einen neuen Ansatz zu bieten und gleichzeitig ein harmonisches Gleichgewicht zwischen Spa-Behandlungen, Achtsamkeit, Fitness und Ern\u00e4hrung herzustellen.<\/p>\n\n\t\t<\/div>\n\t<\/div>\n<\/div><\/div><\/div><\/div><div class=\"vc_row wpb_row vc_row-fluid\"><div class=\"wpb_column vc_column_container vc_col-sm-12\"><div class=\"vc_column-inner\"><div class=\"wpb_wrapper\">\n\t<div class=\"wpb_text_column wpb_content_element\" >\n\t\t<div class=\"wpb_wrapper\">\n\t\t\t<p><a href=\"https:\/\/maldives-paradise.com\/de\/etikett\/spa-malediven\/\"><strong>Mehr \u00fcber Spa-Resorts auf den Malediven<\/strong><\/a><\/p>\n<p><strong><a title=\"Die 12 besten Luxusresorts auf den Malediven\" href=\"https:\/\/maldives-paradise.com\/de\/die-12-besten-luxusresorts-auf-den-malediven\/\">Die besten Luxusresorts auf den Malediven<\/a><\/strong><\/p>\n\n\t\t<\/div>\n\t<\/div>\n<\/div><\/div><\/div><\/div>\n<\/div>","protected":false},"excerpt":{"rendered":"<div class=\"mh-excerpt\"><\/div>","protected":false},"author":1,"featured_media":15283,"parent":0,"menu_order":0,"comment_status":"closed","ping_status":"closed","template":"","meta":{"footnotes":""},"class_list":["post-15282","page","type-page","status-publish","has-post-thumbnail"],"aioseo_notices":[],"_links":{"self":[{"href":"http:\/\/maldives-paradise.com\/de\/wp-json\/wp\/v2\/pages\/15282","targetHints":{"allow":["GET"]}}],"collection":[{"href":"http:\/\/maldives-paradise.com\/de\/wp-json\/wp\/v2\/pages"}],"about":[{"href":"http:\/\/maldives-paradise.com\/de\/wp-json\/wp\/v2\/types\/page"}],"author":[{"embeddable":true,"href":"http:\/\/maldives-paradise.com\/de\/wp-json\/wp\/v2\/users\/1"}],"replies":[{"embeddable":true,"href":"http:\/\/maldives-paradise.com\/de\/wp-json\/wp\/v2\/comments?post=15282"}],"version-history":[{"count":6,"href":"http:\/\/maldives-paradise.com\/de\/wp-json\/wp\/v2\/pages\/15282\/revisions"}],"predecessor-version":[{"id":45317,"href":"http:\/\/maldives-paradise.com\/de\/wp-json\/wp\/v2\/pages\/15282\/revisions\/45317"}],"wp:featuredmedia":[{"embeddable":true,"href":"http:\/\/maldives-paradise.com\/de\/wp-json\/wp\/v2\/media\/15283"}],"wp:attachment":[{"href":"http:\/\/maldives-paradise.com\/de\/wp-json\/wp\/v2\/media?parent=15282"}],"curies":[{"name":"wp","href":"https:\/\/api.w.org\/{rel}","templated":true}]}}