{"id":14888,"date":"2024-05-05T07:32:48","date_gmt":"2024-05-05T07:32:48","guid":{"rendered":"http:\/\/maldives-paradise.com\/?page_id=14888"},"modified":"2024-05-05T07:32:48","modified_gmt":"2024-05-05T07:32:48","slug":"die-notwendigkeit-einer-reise-und-krankenversicherung-fur-reisen-auf-die-malediven","status":"publish","type":"page","link":"http:\/\/maldives-paradise.com\/de\/die-notwendigkeit-einer-reise-und-krankenversicherung-fur-reisen-auf-die-malediven\/","title":{"rendered":"Die Notwendigkeit einer Reise- und Krankenversicherung f\u00fcr Reisen auf die Malediven"},"content":{"rendered":"<div class=\"wpb-content-wrapper\"><div class=\"vc_row wpb_row vc_row-fluid\"><div class=\"wpb_column vc_column_container vc_col-sm-12\"><div class=\"vc_column-inner\"><div class=\"wpb_wrapper\">\n\t<div  class=\"wpb_single_image wpb_content_element vc_align_left wpb_content_element\">\n\t\t\n\t\t<figure class=\"wpb_wrapper vc_figure\">\n\t\t\t<div class=\"vc_single_image-wrapper   vc_box_border_grey\"><img decoding=\"async\" class=\"vc_single_image-img\" src=\"https:\/\/maldives-paradise.com\/wp-content\/uploads\/2024\/05\/travel-insurance.jpg\" width=\"780\" height=\"438\" alt=\"Reiseversicherung Malediven\" title=\"Reiseversicherung\" loading=\"lazy\" \/><\/div>\n\t\t<\/figure>\n\t<\/div>\n<\/div><\/div><\/div><\/div><div class=\"vc_row wpb_row vc_row-fluid\"><div class=\"wpb_column vc_column_container vc_col-sm-12\"><div class=\"vc_column-inner\"><div class=\"wpb_wrapper\">\n\t<div class=\"wpb_text_column wpb_content_element\" >\n\t\t<div class=\"wpb_wrapper\">\n\t\t\t<p>Eine Reise auf die Malediven wird oft als Reise in ein tropisches Paradies angesehen. Der Reiz des kristallklaren Wassers, der luxuri\u00f6sen Resorts und das Versprechen ruhiger Entspannung ziehen jedes Jahr unz\u00e4hlige Touristen an. Obwohl die Aufregung eines solch exotischen Urlaubs unbestreitbar ist, wissen kluge Reisende, wie wichtig es ist, ihre Reise mit einer Reise- und Krankenversicherung abzusichern. Hier sind \u00fcberzeugende Gr\u00fcnde, warum der Abschluss einer Versicherung bei der Planung eines Besuchs auf den Malediven so wichtig ist.<\/p>\n<p><strong>Unvorhersehbares Wetter und Naturkatastrophen<\/strong><\/p>\n<p>Auf den Malediven gibt es zwei Hauptjahreszeiten: die Trockenzeit und die Regenzeit. W\u00e4hrend die Trockenzeit sch\u00f6nes Wetter bietet, kann die Regenzeit pl\u00f6tzliche und schwere Wetterwechsel mit sich bringen, darunter St\u00fcrme und schwere Regenf\u00e4lle. Solche Bedingungen k\u00f6nnen zu Flugversp\u00e4tungen, Stornierungen und sogar unerwarteten Schlie\u00dfungen von Resorts oder Attraktionen f\u00fchren. Eine Reiseversicherung kann die mit diesen St\u00f6rungen verbundenen Kosten decken und sicherstellen, dass Reisende aufgrund unvorhergesehener Wetterbedingungen nicht aus eigener Tasche zahlen m\u00fcssen.<\/p>\n<p><strong>Abgelegene Lage und Transport<\/strong><\/p>\n<p>Der Archipel besteht aus etwa 1.200 Inseln, wobei sich viele der Luxusresorts auf ihren eigenen Privatinseln befinden. Diese Abgeschiedenheit ist zwar Teil des Charmes der Malediven, bedeutet aber, dass man sich normalerweise nur mit kleinen Flugzeugen oder Booten fortbewegen kann. Eine Reiseversicherung ist hier von unsch\u00e4tzbarem Wert, da sie die Kosten f\u00fcr verpasste Anschlussfl\u00fcge oder Transportverz\u00f6gerungen abdecken kann, die an derart logistikintensiven Reisezielen h\u00e4ufig vorkommen.<\/p>\n<p><strong>Gesundheitliche Notf\u00e4lle und medizinische Einrichtungen<\/strong><\/p>\n<p>W\u00e4hrend die nat\u00fcrliche Sch\u00f6nheit der Malediven un\u00fcbertroffen ist, ist die Verf\u00fcgbarkeit umfassender medizinischer Einrichtungen auf den Inseln begrenzt. Die meisten Resorts verf\u00fcgen \u00fcber eine grundlegende medizinische Versorgung, aber bei ernsthaften Gesundheitsproblemen ist ein Transport in die Hauptstadt Mal\u00e9 oder sogar eine medizinische Evakuierung in ein anderes Land erforderlich. Eine Krankenversicherung ist in diesen F\u00e4llen unverzichtbar. Sie deckt die medizinischen Kosten und stellt sicher, dass im Falle einer Gesundheitskrise eine hohe Versorgung ohne die Belastung durch exorbitante Kosten m\u00f6glich ist.<\/p>\n<p><strong>Abenteuer- und Wassersport<\/strong><\/p>\n<p>Die Malediven sind ein Magnet f\u00fcr Liebhaber von Tauchen, Schnorcheln, Surfen und anderen Wassersportarten. Die Teilnahme an diesen Aktivit\u00e4ten ist jedoch mit gewissen Risiken verbunden. Unf\u00e4lle oder Verletzungen w\u00e4hrend solcher Aktivit\u00e4ten k\u00f6nnen nicht nur den Urlaub ruinieren, sondern auch zu erheblichen medizinischen Kosten f\u00fchren. Viele Reiseversicherungen bieten zus\u00e4tzlichen Schutz f\u00fcr Abenteuersportarten, sodass Reisende beruhigt sein k\u00f6nnen, w\u00e4hrend sie die aufregenden Erlebnisse genie\u00dfen, die die Malediven bieten.<\/p>\n<p><strong>Pers\u00f6nliche Haftung<\/strong><\/p>\n<p>Unf\u00e4lle mit anderen, egal ob auf einem gemieteten Jetski oder bei einem Gruppenausflug, k\u00f6nnen zu Haftpflichtanspr\u00fcchen f\u00fchren. Eine Versicherung, die die pers\u00f6nliche Haftpflicht abdeckt, kann Reisende vor den finanziellen Folgen von versehentlichen Sch\u00e4den an Dritten oder Sch\u00e4den an ihrem Eigentum sch\u00fctzen.<\/p>\n<p><strong>Seelenfrieden<\/strong><\/p>\n<p>Der gr\u00f6\u00dfte Vorteil einer Reise- und Krankenversicherung ist letztlich die Sicherheit, die sie bietet. Das Wissen, dass die meisten Eventualit\u00e4ten abgedeckt sind, erm\u00f6glicht es Reisenden, die Sch\u00f6nheit und Entspannung ihres Malediven-Urlaubs voll und ganz zu genie\u00dfen, ohne sich st\u00e4ndig Sorgen machen zu m\u00fcssen, was passieren w\u00fcrde.<\/p>\n<p>Zusammenfassend l\u00e4sst sich sagen, dass eine Reise- und Krankenversicherung f\u00fcr jeden, der einen Besuch auf den Malediven plant, nicht nur empfehlenswert, sondern unerl\u00e4sslich ist. Die Investition in eine Versicherung sch\u00fctzt nicht nur die finanziellen Aspekte der Reise, sondern auch die Gesundheit und das Wohlbefinden der Reisenden und sorgt daf\u00fcr, dass ein Traumurlaub idyllisch bleibt.<\/p>\n\n\t\t<\/div>\n\t<\/div>\n<\/div><\/div><\/div><\/div>\n<\/div>","protected":false},"excerpt":{"rendered":"<div class=\"mh-excerpt\"><\/div>","protected":false},"author":1,"featured_media":14889,"parent":0,"menu_order":0,"comment_status":"closed","ping_status":"closed","template":"","meta":{"footnotes":""},"class_list":["post-14888","page","type-page","status-publish","has-post-thumbnail"],"aioseo_notices":[],"_links":{"self":[{"href":"http:\/\/maldives-paradise.com\/de\/wp-json\/wp\/v2\/pages\/14888","targetHints":{"allow":["GET"]}}],"collection":[{"href":"http:\/\/maldives-paradise.com\/de\/wp-json\/wp\/v2\/pages"}],"about":[{"href":"http:\/\/maldives-paradise.com\/de\/wp-json\/wp\/v2\/types\/page"}],"author":[{"embeddable":true,"href":"http:\/\/maldives-paradise.com\/de\/wp-json\/wp\/v2\/users\/1"}],"replies":[{"embeddable":true,"href":"http:\/\/maldives-paradise.com\/de\/wp-json\/wp\/v2\/comments?post=14888"}],"version-history":[{"count":2,"href":"http:\/\/maldives-paradise.com\/de\/wp-json\/wp\/v2\/pages\/14888\/revisions"}],"predecessor-version":[{"id":14891,"href":"http:\/\/maldives-paradise.com\/de\/wp-json\/wp\/v2\/pages\/14888\/revisions\/14891"}],"wp:featuredmedia":[{"embeddable":true,"href":"http:\/\/maldives-paradise.com\/de\/wp-json\/wp\/v2\/media\/14889"}],"wp:attachment":[{"href":"http:\/\/maldives-paradise.com\/de\/wp-json\/wp\/v2\/media?parent=14888"}],"curies":[{"name":"wp","href":"https:\/\/api.w.org\/{rel}","templated":true}]}}