{"id":14884,"date":"2024-05-04T18:09:25","date_gmt":"2024-05-04T18:09:25","guid":{"rendered":"http:\/\/maldives-paradise.com\/?page_id=14884"},"modified":"2024-09-14T08:17:34","modified_gmt":"2024-09-14T08:17:34","slug":"jahreszeiten-auf-den-malediven","status":"publish","type":"page","link":"http:\/\/maldives-paradise.com\/de\/jahreszeiten-auf-den-malediven\/","title":{"rendered":"Jahreszeiten auf den Malediven"},"content":{"rendered":"<div class=\"wpb-content-wrapper\"><div class=\"vc_row wpb_row vc_row-fluid\"><div class=\"wpb_column vc_column_container vc_col-sm-12\"><div class=\"vc_column-inner\"><div class=\"wpb_wrapper\">\n\t<div  class=\"wpb_single_image wpb_content_element vc_align_left wpb_content_element\">\n\t\t\n\t\t<figure class=\"wpb_wrapper vc_figure\">\n\t\t\t<div class=\"vc_single_image-wrapper   vc_box_border_grey\"><img decoding=\"async\" class=\"vc_single_image-img\" src=\"https:\/\/maldives-paradise.com\/wp-content\/uploads\/2024\/05\/maldives-beach.jpg\" width=\"780\" height=\"501\" alt=\"Malediven Strand\" title=\"Malediven-Strand\" loading=\"lazy\" \/><\/div>\n\t\t<\/figure>\n\t<\/div>\n<\/div><\/div><\/div><\/div><div class=\"vc_row wpb_row vc_row-fluid\"><div class=\"wpb_column vc_column_container vc_col-sm-12\"><div class=\"vc_column-inner\"><div class=\"wpb_wrapper\">\n\t<div class=\"wpb_text_column wpb_content_element\" >\n\t\t<div class=\"wpb_wrapper\">\n\t\t\t<p>Die Malediven sind f\u00fcr ihr atemberaubend klares Wasser, ihre lebendigen Korallenriffe und ihre luxuri\u00f6sen Resorts bekannt. Was viele Besucher vielleicht nicht wissen, ist, dass das idyllische Wetter der Malediven von zwei unterschiedlichen Jahreszeiten gepr\u00e4gt ist: der Trockenzeit und der Regenzeit. Jede Jahreszeit bietet einen einzigartigen Charme und eine Reihe von Aktivit\u00e4ten, die auf das wechselnde Klima zugeschnitten sind.<\/p>\n<p><strong>Die Trockenzeit: Ein Paradies f\u00fcr Sonnenanbeter<\/strong><\/p>\n<p>Die Trockenzeit auf den Malediven dauert von November bis April und ist durch geringere Luftfeuchtigkeit, minimale Niederschl\u00e4ge und endlose Sonnentage gekennzeichnet. Diese Zeit f\u00e4llt mit dem Nordostmonsun zusammen und sorgt f\u00fcr durchgehend helle Tage, die sich perfekt f\u00fcr Outdoor-Aktivit\u00e4ten eignen. W\u00e4hrend dieser Jahreszeit bleibt das Meer ruhig und klar, was es ideal zum Schnorcheln, Tauchen und Schwimmen macht. Die Sicht unter Wasser verbessert sich dramatisch, sodass Taucher das reiche Meeresleben und die Korallenlandschaften voll und ganz genie\u00dfen k\u00f6nnen.<\/p>\n<p>In diesen Monaten str\u00f6men Touristen auf die Inseln, um das perfekte Wetter zu nutzen. Die Trockenzeit ist auch die Hochsaison f\u00fcr den Tourismus, da die Resorts dann oft am st\u00e4rksten ausgelastet sind. F\u00fcr diejenigen, die das typische maledivische Erlebnis genie\u00dfen m\u00f6chten \u2013 \u00dcberwasserbungalows, Sonnenbaden an wei\u00dfen Sandstr\u00e4nden und romantische Bootsfahrten bei Sonnenuntergang \u2013 ist die Trockenzeit die richtige Zeit f\u00fcr einen Besuch.<\/p>\n<p><strong>Die Regenzeit: Eine erfrischende Flucht<\/strong><\/p>\n<p>Im Gegensatz dazu f\u00e4llt die Regenzeit, die von Mai bis Oktober dauert, mit dem S\u00fcdwestmonsun zusammen. In dieser Zeit ist die Luftfeuchtigkeit h\u00f6her, es gibt st\u00e4rkere Winde und erhebliche Niederschl\u00e4ge, insbesondere im Juni und Juli. Das mag zwar weniger verlockend klingen, aber die Regenzeit hat ihre eigenen Vorteile. Die Inseln sind weniger \u00fcberf\u00fcllt und die Preise f\u00fcr Unterk\u00fcnfte sinken oft, was sie zu einer gro\u00dfartigen Zeit f\u00fcr preisbewusste Reisende macht.<\/p>\n<p>Die Regenf\u00e4lle w\u00e4hrend der Regenzeit sind normalerweise kurz, aber intensiv, und oft folgt Sonnenschein. Die \u00fcppige Vegetation gedeiht bei diesem Wetter und bietet einen kr\u00e4ftigen Gr\u00fcnschimmer, der die nat\u00fcrliche Sch\u00f6nheit der Inseln unterstreicht. Dar\u00fcber hinaus ist die Regenzeit ideal f\u00fcr Surfer, da der Monsun gr\u00f6\u00dfere Wellen und st\u00e4rkere Str\u00f6mungen hervorbringt und so hervorragende Bedingungen zum Surfen bietet.<\/p>\n<p>Jede Jahreszeit auf den Malediven bietet eine andere Perspektive auf das Paradies und bietet verschiedene Interessen und Aktivit\u00e4ten. Ob Sie sich in der endlosen Sonne der Trockenzeit aalen oder das dynamische Wetter der Regenzeit genie\u00dfen, die Malediven versprechen allen Besuchern einen unvergesslichen Urlaub.<\/p>\n\n\t\t<\/div>\n\t<\/div>\n<\/div><\/div><\/div><\/div><div class=\"vc_row wpb_row vc_row-fluid\"><div class=\"wpb_column vc_column_container vc_col-sm-12\"><div class=\"vc_column-inner\"><div class=\"wpb_wrapper\">\n\t<div class=\"wpb_text_column wpb_content_element\" >\n\t\t<div class=\"wpb_wrapper\">\n\t\t\t<p><a href=\"https:\/\/www.accuweather.com\/en\/mv\/male\/5003\/september-weather\/5003\" target=\"_blank\" rel=\"noopener\"><strong>Wettervorhersage Malediven<\/strong><\/a><\/p>\n\n\t\t<\/div>\n\t<\/div>\n<\/div><\/div><\/div><\/div>\n<\/div>","protected":false},"excerpt":{"rendered":"<div class=\"mh-excerpt\"><\/div>","protected":false},"author":1,"featured_media":14885,"parent":0,"menu_order":0,"comment_status":"closed","ping_status":"closed","template":"","meta":{"footnotes":""},"class_list":["post-14884","page","type-page","status-publish","has-post-thumbnail"],"aioseo_notices":[],"_links":{"self":[{"href":"http:\/\/maldives-paradise.com\/de\/wp-json\/wp\/v2\/pages\/14884","targetHints":{"allow":["GET"]}}],"collection":[{"href":"http:\/\/maldives-paradise.com\/de\/wp-json\/wp\/v2\/pages"}],"about":[{"href":"http:\/\/maldives-paradise.com\/de\/wp-json\/wp\/v2\/types\/page"}],"author":[{"embeddable":true,"href":"http:\/\/maldives-paradise.com\/de\/wp-json\/wp\/v2\/users\/1"}],"replies":[{"embeddable":true,"href":"http:\/\/maldives-paradise.com\/de\/wp-json\/wp\/v2\/comments?post=14884"}],"version-history":[{"count":3,"href":"http:\/\/maldives-paradise.com\/de\/wp-json\/wp\/v2\/pages\/14884\/revisions"}],"predecessor-version":[{"id":24641,"href":"http:\/\/maldives-paradise.com\/de\/wp-json\/wp\/v2\/pages\/14884\/revisions\/24641"}],"wp:featuredmedia":[{"embeddable":true,"href":"http:\/\/maldives-paradise.com\/de\/wp-json\/wp\/v2\/media\/14885"}],"wp:attachment":[{"href":"http:\/\/maldives-paradise.com\/de\/wp-json\/wp\/v2\/media?parent=14884"}],"curies":[{"name":"wp","href":"https:\/\/api.w.org\/{rel}","templated":true}]}}