{"id":14711,"date":"2024-04-29T16:43:33","date_gmt":"2024-04-29T16:43:33","guid":{"rendered":"http:\/\/maldives-paradise.com\/?page_id=14711"},"modified":"2025-11-26T09:34:24","modified_gmt":"2025-11-26T09:34:24","slug":"die-12-besten-resorts-mit-bestpreisgarantie-auf-den-malediven","status":"publish","type":"page","link":"http:\/\/maldives-paradise.com\/de\/die-12-besten-resorts-mit-bestpreisgarantie-auf-den-malediven\/","title":{"rendered":"Die besten Resorts mit Bestpreisgarantie auf den Malediven"},"content":{"rendered":"<div class=\"wpb-content-wrapper\"><div class=\"vc_row wpb_row vc_row-fluid\"><div class=\"wpb_column vc_column_container vc_col-sm-12\"><div class=\"vc_column-inner\"><div class=\"wpb_wrapper\">\n\t<div class=\"wpb_text_column wpb_content_element\" >\n\t\t<div class=\"wpb_wrapper\">\n\t\t\t<p>Hier die besten Hotels\/Resorts auf den Malediven, die Best Rate Guarantee-Programme oder Best Price Guarantee, wie es auch genannt wird, anbieten, wenn Sie direkt beim Hotel buchen. Sie garantieren, dass ein Hotelgast den niedrigsten verf\u00fcgbaren Preis f\u00fcr eine Nacht oder mehrere N\u00e4chte erh\u00e4lt, wenn er direkt beim Hotel bucht.<\/p>\n<p>Bei einer Direktbuchung reservieren die Hotels oft die besten Angebote f\u00fcr Sie, von kostenlosen Zimmer-Upgrades bis hin zu exklusiven Annehmlichkeiten und anderen Verg\u00fcnstigungen.<\/p>\n<p><a href=\"http:\/\/maldives-paradise.com\/de\/bestpreisgarantie\/\">Lesen Sie hier mehr zur Bestpreisgarantie<\/a><\/p>\n\n\t\t<\/div>\n\t<\/div>\n<\/div><\/div><\/div><\/div><div class=\"vc_row wpb_row vc_row-fluid\"><div class=\"wpb_column vc_column_container vc_col-sm-3\"><div class=\"vc_column-inner\"><div class=\"wpb_wrapper\">\n\t<div  class=\"wpb_single_image wpb_content_element vc_align_left wpb_content_element\">\n\t\t\n\t\t<figure class=\"wpb_wrapper vc_figure\">\n\t\t\t<a href=\"https:\/\/lamp.glopss.com\/aff_c?offer_id=9&#038;aff_id=1834&#038;url=https%3A%2F%2Fwww.anantara.com%2Fen%2Fkihavah-maldives\" target=\"_self\" class=\"vc_single_image-wrapper   vc_box_border_grey\"><img loading=\"lazy\" decoding=\"async\" width=\"150\" height=\"150\" src=\"https:\/\/maldives-paradise.com\/wp-content\/uploads\/2024\/02\/anantara_kihavah_over_water_pool_villa_aerial_400px-150x150.jpg\" class=\"vc_single_image-img attachment-thumbnail\" alt=\"Anantara Kihavah Malediven Overwater Villas\" title=\"anantara_kihavah_over_water_pool_villa_aerial_400px\" \/><\/a>\n\t\t<\/figure>\n\t<\/div>\n<\/div><\/div><\/div><div class=\"wpb_column vc_column_container vc_col-sm-9\"><div class=\"vc_column-inner\"><div class=\"wpb_wrapper\">\n\t<div class=\"wpb_text_column wpb_content_element\" >\n\t\t<div class=\"wpb_wrapper\">\n\t\t\t<h4><a href=\"https:\/\/lamp.glopss.com\/SHUs\" target=\"_blank\" rel=\"nofollow noopener\">Anantara Kihavah Malediven Villen<\/a><\/h4>\n<p>Umgeben von nichts als einer t\u00fcrkisfarbenen Lagune, die ins Saphirblau \u00fcbergeht, ragt die Luxusresortinsel Anantara Kihavah auf den Malediven mit ihren reinwei\u00dfen Sandstr\u00e4nden wie eine Fata Morgana aus dem Meer. Luxuri\u00f6se \u00dcberwasservillen mit privatem Pool. Bietet Platz f\u00fcr bis zu 2 Erwachsene und 2 Kinder oder 3 Erwachsene. Badezimmer im Freien mit eingelassener Whirlpool-Badewanne mit Glasboden, private Fahrr\u00e4der und 24-Stunden-Privatvilla-Gastgeber.<\/p>\n\n\t\t<\/div>\n\t<\/div>\n<\/div><\/div><\/div><\/div><div class=\"vc_row wpb_row vc_row-fluid\"><div class=\"wpb_column vc_column_container vc_col-sm-3\"><div class=\"vc_column-inner\"><div class=\"wpb_wrapper\">\n\t<div  class=\"wpb_single_image wpb_content_element vc_align_left wpb_content_element\">\n\t\t\n\t\t<figure class=\"wpb_wrapper vc_figure\">\n\t\t\t<a href=\"https:\/\/lamp.glopss.com\/aff_c?offer_id=9&#038;aff_id=1834&#038;url=https%3A%2F%2Fwww.anantara.com%2Fen%2Fveli-maldives\" target=\"_self\" class=\"vc_single_image-wrapper   vc_box_border_grey\"><img loading=\"lazy\" decoding=\"async\" width=\"150\" height=\"150\" src=\"https:\/\/maldives-paradise.com\/wp-content\/uploads\/2023\/12\/anantara-veli-93-1080x480-1-150x150.jpg\" class=\"vc_single_image-img attachment-thumbnail\" alt=\"Anantara Veli Resort und Spa Malediven\" title=\"anantara-veli-93-1080x480\" \/><\/a>\n\t\t<\/figure>\n\t<\/div>\n<\/div><\/div><\/div><div class=\"wpb_column vc_column_container vc_col-sm-9\"><div class=\"vc_column-inner\"><div class=\"wpb_wrapper\">\n\t<div class=\"wpb_text_column wpb_content_element\" >\n\t\t<div class=\"wpb_wrapper\">\n\t\t\t<h4><a href=\"https:\/\/lamp.glopss.com\/SHUt\" target=\"_blank\" rel=\"nofollow noopener\">Anantara Veli Maldives Resort<\/a><\/h4>\n<p>Dieser Boutique-Aufenthalt ist eines der Resorts auf den Malediven, in denen Reisende ihre zweiten Flitterwochen buchen k\u00f6nnen. Das Anantara Veli Resort auf den Malediven l\u00e4dt seine G\u00e4ste dazu ein, in ihren Villen mit Meerblick zu faulenzen oder bei Sonnenuntergang ein elegantes Essen zu genie\u00dfen. Vom internationalen Flughafen Mal\u00e9 ist es nur eine kurze Fahrt mit dem Schnellboot, um zu diesem 5-Sterne-Refugium nur f\u00fcr Erwachsene zu gelangen, das auch ein All-Inclusive-Paket bietet. In diesem Paket erhalten G\u00e4ste Verg\u00fcnstigungen wie ein t\u00e4gliches Buffet, eine All-Inclusive-Getr\u00e4nkekarte und Erm\u00e4\u00dfigungen f\u00fcr l\u00e4ngere Aufenthalte.<\/p>\n\n\t\t<\/div>\n\t<\/div>\n<\/div><\/div><\/div><\/div><div class=\"vc_row wpb_row vc_row-fluid\"><div class=\"wpb_column vc_column_container vc_col-sm-3\"><div class=\"vc_column-inner\"><div class=\"wpb_wrapper\">\n\t<div  class=\"wpb_single_image wpb_content_element vc_align_left wpb_content_element\">\n\t\t\n\t\t<figure class=\"wpb_wrapper vc_figure\">\n\t\t\t<a href=\"https:\/\/lamp.glopss.com\/aff_c?offer_id=259&#038;aff_id=1834\" target=\"_self\" class=\"vc_single_image-wrapper   vc_box_border_grey\"><img loading=\"lazy\" decoding=\"async\" width=\"150\" height=\"150\" src=\"https:\/\/maldives-paradise.com\/wp-content\/uploads\/2024\/01\/baros-maldives3-150x150.jpg\" class=\"vc_single_image-img attachment-thumbnail\" alt=\"Baros Malediven\" title=\"Baros-Malediven3\" \/><\/a>\n\t\t<\/figure>\n\t<\/div>\n<\/div><\/div><\/div><div class=\"wpb_column vc_column_container vc_col-sm-9\"><div class=\"vc_column-inner\"><div class=\"wpb_wrapper\">\n\t<div class=\"wpb_text_column wpb_content_element\" >\n\t\t<div class=\"wpb_wrapper\">\n\t\t\t<h4><a href=\"https:\/\/lamp.glopss.com\/SHUm\" target=\"_blank\" rel=\"nofollow noopener\">Baros Malediven<\/a><\/h4>\n<p>Eine \u00fcppige, tropische Insel im schimmernden Wasser einer flachen Lagune, umgeben von einem Riff voller Meereslebewesen. \u00dcbernachten Sie elegant in Villen aus Holz und Sandstein, ruhig und ruhig \u00fcber einer durchscheinenden Lagune oder diskret eingebettet zwischen exotischen Bl\u00fcten am Strand. Genie\u00dfen Sie romantische Privatsph\u00e4re im perfekten Urlaub. Die Essenz der Malediven, definiert in Baros.<\/p>\n\n\t\t<\/div>\n\t<\/div>\n<\/div><\/div><\/div><\/div><div class=\"vc_row wpb_row vc_row-fluid\"><div class=\"wpb_column vc_column_container vc_col-sm-3\"><div class=\"vc_column-inner\"><div class=\"wpb_wrapper\">\n\t<div  class=\"wpb_single_image wpb_content_element vc_align_left wpb_content_element\">\n\t\t\n\t\t<figure class=\"wpb_wrapper vc_figure\">\n\t\t\t<a href=\"https:\/\/lamp.glopss.com\/aff_c?offer_id=1384&#038;aff_id=1834\" target=\"_self\" class=\"vc_single_image-wrapper   vc_box_border_grey\"><img loading=\"lazy\" decoding=\"async\" width=\"150\" height=\"150\" src=\"https:\/\/maldives-paradise.com\/wp-content\/uploads\/2023\/12\/Hideaway-Beach-Resort-Spa-Shines-as-the-Most-Picturesque-Resort-in-the-Maldives-at-TTM-Awards-2023-1-1024x576-1-150x150.jpg\" class=\"vc_single_image-img attachment-thumbnail\" alt=\"Hideaway Beach Resort &amp; Spa\" title=\"Hideaway-Beach-Resort-Spa-strahlt-als-das-malerischste-Resort-auf-den-Malediven-bei-TTM-Awards-2023-1-1024x576.jpg\" \/><\/a>\n\t\t<\/figure>\n\t<\/div>\n<\/div><\/div><\/div><div class=\"wpb_column vc_column_container vc_col-sm-9\"><div class=\"vc_column-inner\"><div class=\"wpb_wrapper\">\n\t<div class=\"wpb_text_column wpb_content_element\" >\n\t\t<div class=\"wpb_wrapper\">\n\t\t\t<h4><a href=\"https:\/\/lamp.glopss.com\/aff_c?offer_id=1384&amp;aff_id=1834\" target=\"_blank\" rel=\"nofollow noopener\">Hideaway Beach Resort &amp; Spa<\/a><\/h4>\n<p>Gewinner des Tripadvisor Travellers&#039; Choice Best of the Best Award 2022. Wenn die Erwachsenen eine Pause von ihrem Nachwuchs brauchen, hat das Resort die L\u00f6sung: den hervorragenden Tender Hearts Kids&#039; Club. Lassen Sie Ihre Kleinen im 50 m\u00b2 gro\u00dfen Kinderclub herumtollen und beobachten Sie, wie sie an den kuratierten Aktivit\u00e4ten teilnehmen, die Sie garantiert beeindrucken werden. Dazu geh\u00f6ren Sandburgenbau, Angelunterricht, Schatzsuche, Malen, Zeichnen, Kochkurse, Radfahren, Verstecken, Bildungstouren und vieles mehr.<\/p>\n\n\t\t<\/div>\n\t<\/div>\n<\/div><\/div><\/div><\/div><div class=\"vc_row wpb_row vc_row-fluid\"><div class=\"wpb_column vc_column_container vc_col-sm-3\"><div class=\"vc_column-inner\"><div class=\"wpb_wrapper\">\n\t<div  class=\"wpb_single_image wpb_content_element vc_align_left wpb_content_element\">\n\t\t\n\t\t<figure class=\"wpb_wrapper vc_figure\">\n\t\t\t<a href=\"https:\/\/lamp.glopss.com\/aff_c?offer_id=264&#038;aff_id=1834&#038;url=https%3A%2F%2Fwww.hurawalhi.com%2F\" target=\"_self\" class=\"vc_single_image-wrapper   vc_box_border_grey\"><img loading=\"lazy\" decoding=\"async\" width=\"150\" height=\"150\" src=\"https:\/\/maldives-paradise.com\/wp-content\/uploads\/2024\/01\/Hurawalhi-Island2-150x150.jpg\" class=\"vc_single_image-img attachment-thumbnail\" alt=\"Hurawalhi Island \u2013 All-Inclusive-Resort nur f\u00fcr Erwachsene\" title=\"Hurawalhi-Insel2\" \/><\/a>\n\t\t<\/figure>\n\t<\/div>\n<\/div><\/div><\/div><div class=\"wpb_column vc_column_container vc_col-sm-9\"><div class=\"vc_column-inner\"><div class=\"wpb_wrapper\">\n\t<div class=\"wpb_text_column wpb_content_element\" >\n\t\t<div class=\"wpb_wrapper\">\n\t\t\t<h4><a href=\"https:\/\/hotellook.tp.st\/6FluoLuO\" target=\"_blank\" rel=\"nofollow noopener\">Hurawalhi Island Resort<\/a><\/h4>\n<p>Nichts ist romantischer, als die Gesellschaft seines Partners an den Sandstr\u00e4nden der Malediven zu genie\u00dfen, direkt im atemberaubenden Lhavaiyani-Atoll. Der <strong>Hurawalhi Island Resort<\/strong> wei\u00df, wie man eine romantische Stimmung schafft! Dieses Resort nur f\u00fcr Erwachsene sorgt mit seinem All-Inclusive-Plan daf\u00fcr, dass G\u00e4ste die Insel stressfrei genie\u00dfen k\u00f6nnen. Mit dem Plan haben Reisende Zugang zum Fitnesscenter und anderen Sporteinrichtungen des Resorts, zu Mahlzeiten in Buffetform im Canneli Restaurant, unbegrenzten Getr\u00e4nken (ausgenommen bestimmte Getr\u00e4nke) und der One Sunset Dolphin Cruise.<\/p>\n\n\t\t<\/div>\n\t<\/div>\n<\/div><\/div><\/div><\/div><div class=\"vc_row wpb_row vc_row-fluid\"><div class=\"wpb_column vc_column_container vc_col-sm-3\"><div class=\"vc_column-inner\"><div class=\"wpb_wrapper\">\n\t<div  class=\"wpb_single_image wpb_content_element vc_align_left wpb_content_element\">\n\t\t\n\t\t<figure class=\"wpb_wrapper vc_figure\">\n\t\t\t<a href=\"https:\/\/lamp.glopss.com\/aff_c?offer_id=372&#038;aff_id=1834\" target=\"_self\" class=\"vc_single_image-wrapper   vc_box_border_grey\"><img loading=\"lazy\" decoding=\"async\" width=\"150\" height=\"150\" src=\"https:\/\/maldives-paradise.com\/wp-content\/uploads\/2024\/03\/huvafen-fushi-celsius_1-150x150.jpg\" class=\"vc_single_image-img attachment-thumbnail\" alt=\"Huvafen Fushi\" title=\"huvafen-fushi-celsius_1\" srcset=\"https:\/\/maldives-paradise.com\/wp-content\/uploads\/2024\/03\/huvafen-fushi-celsius_1-150x150.jpg 150w, https:\/\/maldives-paradise.com\/wp-content\/uploads\/2024\/03\/huvafen-fushi-celsius_1-13x12.jpg 13w\" sizes=\"auto, (max-width: 150px) 100vw, 150px\" \/><\/a>\n\t\t<\/figure>\n\t<\/div>\n<\/div><\/div><\/div><div class=\"wpb_column vc_column_container vc_col-sm-9\"><div class=\"vc_column-inner\"><div class=\"wpb_wrapper\">\n\t<div class=\"wpb_text_column wpb_content_element\" >\n\t\t<div class=\"wpb_wrapper\">\n\t\t\t<h4><a href=\"https:\/\/lamp.glopss.com\/SHV1\" target=\"_blank\" rel=\"nofollow noopener\">Huvafen Fushi<\/a><\/h4>\n<p><strong>Huvafen Fushi<\/strong> ist ein 5-Sterne-Luxusresort im Nord-Mal\u00e9-Atoll auf den Malediven. Es bietet \u00dcberwasser- und Strandbungalows mit privaten Pools und 6 Restaurants. Verf\u00fchrerische Aromen, unvergessliche Geschm\u00e4cker, beeindruckende Speiser\u00e4ume. Am Meer, \u00fcber Wasser, unter der Erde. Die feinsten K\u00fcchen der Malediven. Eines der intimsten ma\u00dfgeschneiderten Unterwasser-Speiseerlebnisse der Welt, acht Meter unter der Oberfl\u00e4che des Indischen Ozeans. G\u00f6nnen Sie sich ein privates gastronomisches Erlebnis wie kein anderes mit ungest\u00f6rtem Blick auf das bezaubernde Riff.<\/p>\n\n\t\t<\/div>\n\t<\/div>\n<\/div><\/div><\/div><\/div><div class=\"vc_row wpb_row vc_row-fluid\"><div class=\"wpb_column vc_column_container vc_col-sm-3\"><div class=\"vc_column-inner\"><div class=\"wpb_wrapper\">\n\t<div  class=\"wpb_single_image wpb_content_element vc_align_left wpb_content_element\">\n\t\t\n\t\t<figure class=\"wpb_wrapper vc_figure\">\n\t\t\t<a href=\"https:\/\/lamp.glopss.com\/aff_c?offer_id=264&#038;aff_id=1834&#038;url=https%3A%2F%2Fwww.komandoo.com%2F\" target=\"_self\" class=\"vc_single_image-wrapper   vc_box_border_grey\"><img loading=\"lazy\" decoding=\"async\" width=\"150\" height=\"150\" src=\"https:\/\/maldives-paradise.com\/wp-content\/uploads\/2024\/01\/komandoo3.-150x150.jpg\" class=\"vc_single_image-img attachment-thumbnail\" alt=\"Komandoo Island Resort &amp; Spa\" title=\"Komandoo Infinity-Pool\" \/><\/a>\n\t\t<\/figure>\n\t<\/div>\n<\/div><\/div><\/div><div class=\"wpb_column vc_column_container vc_col-sm-9\"><div class=\"vc_column-inner\"><div class=\"wpb_wrapper\">\n\t<div class=\"wpb_text_column wpb_content_element\" >\n\t\t<div class=\"wpb_wrapper\">\n\t\t\t<h4><a href=\"https:\/\/maldives-paradise.com\/de\/komandoo-island-resort-spa\/\">Komandoo Island Resort &amp; Spa<\/a><\/h4>\n<p>Das Komandoo Island Resort &amp; Spa ist eines der am besten bewerteten Resorts nur f\u00fcr Erwachsene auf den Malediven. Paare k\u00f6nnen in diesem preisgekr\u00f6nten Resort in einem intimen Rahmen inmitten der Sch\u00f6nheit des Lhaviyani-Atolls die Gesellschaft des anderen genie\u00dfen. Reisende werden auch die All-Inclusive-Pakete von Komandoo lieben. Die Plus- und Gold-Pakete des Resorts beinhalten Verg\u00fcnstigungen wie Mahlzeiten in Buffetform zum Fr\u00fchst\u00fcck, Mittag- und Abendessen, bodenlose Getr\u00e4nke, Zugang zur Minibar, kostenlose Nutzung des Fitnesscenters des Resorts und ausgew\u00e4hlte Freizeitger\u00e4te.<\/p>\n\n\t\t<\/div>\n\t<\/div>\n<\/div><\/div><\/div><\/div><div class=\"vc_row wpb_row vc_row-fluid\"><div class=\"wpb_column vc_column_container vc_col-sm-3\"><div class=\"vc_column-inner\"><div class=\"wpb_wrapper\">\n\t<div  class=\"wpb_single_image wpb_content_element vc_align_left wpb_content_element\">\n\t\t\n\t\t<figure class=\"wpb_wrapper vc_figure\">\n\t\t\t<a href=\"https:\/\/lamp.glopss.com\/aff_c?offer_id=264&#038;aff_id=1834&#038;url=https%3A%2F%2Fwww.kudadoo.com%2F\" target=\"_self\" class=\"vc_single_image-wrapper   vc_box_border_grey\"><img loading=\"lazy\" decoding=\"async\" width=\"150\" height=\"150\" src=\"https:\/\/maldives-paradise.com\/wp-content\/uploads\/2024\/01\/kudadoo2-150x150.jpg\" class=\"vc_single_image-img attachment-thumbnail\" alt=\"Kudadoo Malediven Privatinsel\" title=\"kudadoo2\" \/><\/a>\n\t\t<\/figure>\n\t<\/div>\n<\/div><\/div><\/div><div class=\"wpb_column vc_column_container vc_col-sm-9\"><div class=\"vc_column-inner\"><div class=\"wpb_wrapper\">\n\t<div class=\"wpb_text_column wpb_content_element\" >\n\t\t<div class=\"wpb_wrapper\">\n\t\t\t<h4><a href=\"https:\/\/lamp.glopss.com\/aff_c?offer_id=264&amp;aff_id=1834&amp;url=https%3A%2F%2Fwww.kudadoo.com%2F\" target=\"_blank\" rel=\"nofollow noopener\">Kudadoo Malediven Privatinsel<\/a><\/h4>\n<p>Die 310 Quadratmeter gro\u00dfen Ocean Pool Residences verf\u00fcgen \u00fcber weitl\u00e4ufige \u00dcberwasserdecks, einen privaten Infinity-Pool, zahlreiche Liegem\u00f6glichkeiten im Freien und ein H\u00e4ngesofa. Diese exquisit gestalteten privaten Luxusresidenzen in Kudadoo verf\u00fcgen \u00fcber ein ger\u00e4umiges Badezimmer mit Badewanne, Dusche und Schminkbereich. Exotische und klare Linien mit erdigen Farbt\u00f6nen und nat\u00fcrlichen Materialien. <strong>Pers\u00f6nlicher Butler inklusive. Alles, \u00fcberall und jederzeit.<br \/>\n<\/strong><\/p>\n\n\t\t<\/div>\n\t<\/div>\n<\/div><\/div><\/div><\/div><div class=\"vc_row wpb_row vc_row-fluid\"><div class=\"wpb_column vc_column_container vc_col-sm-3\"><div class=\"vc_column-inner\"><div class=\"wpb_wrapper\">\n\t<div  class=\"wpb_single_image wpb_content_element vc_align_left wpb_content_element\">\n\t\t\n\t\t<figure class=\"wpb_wrapper vc_figure\">\n\t\t\t<a href=\"https:\/\/lamp.glopss.com\/aff_c?offer_id=1508&#038;aff_id=1834\" target=\"_self\" class=\"vc_single_image-wrapper   vc_box_border_grey\"><img loading=\"lazy\" decoding=\"async\" width=\"150\" height=\"150\" src=\"https:\/\/maldives-paradise.com\/wp-content\/uploads\/2024\/01\/lily-beach2-150x150.jpg\" class=\"vc_single_image-img attachment-thumbnail\" alt=\"Lily Beach Resort &amp; Spa\" title=\"lily-beach2\" \/><\/a>\n\t\t<\/figure>\n\t<\/div>\n<\/div><\/div><\/div><div class=\"wpb_column vc_column_container vc_col-sm-9\"><div class=\"vc_column-inner\"><div class=\"wpb_wrapper\">\n\t<div class=\"wpb_text_column wpb_content_element\" >\n\t\t<div class=\"wpb_wrapper\">\n\t\t\t<h4><a href=\"https:\/\/lamp.glopss.com\/aff_c?offer_id=1508&amp;aff_id=1834\" target=\"_blank\" rel=\"nofollow noopener\">Lily Beach Resort &amp; Spa<\/a><\/h4>\n<p>Entdecken Sie das Paradies im Lily Beach Resort &amp; Spa \u2013 All-Inclusive-Luxus auf den Malediven. Im Luxusresort Lily Beach sind Hochzeits- und Eheversprechen-Erneuerungspakete erh\u00e4ltlich. Beide Optionen k\u00f6nnen mit einer breiten Palette zus\u00e4tzlicher Erlebnisse individuell an Ihre Anforderungen angepasst werden.<\/p>\n\n\t\t<\/div>\n\t<\/div>\n<\/div><\/div><\/div><\/div><div class=\"vc_row wpb_row vc_row-fluid\"><div class=\"wpb_column vc_column_container vc_col-sm-3\"><div class=\"vc_column-inner\"><div class=\"wpb_wrapper\">\n\t<div  class=\"wpb_single_image wpb_content_element vc_align_left wpb_content_element\">\n\t\t\n\t\t<figure class=\"wpb_wrapper vc_figure\">\n\t\t\t<a href=\"https:\/\/lamp.glopss.com\/aff_c?offer_id=261&#038;aff_id=1834\" target=\"_self\" class=\"vc_single_image-wrapper   vc_box_border_grey\"><img loading=\"lazy\" decoding=\"async\" width=\"150\" height=\"150\" src=\"https:\/\/maldives-paradise.com\/wp-content\/uploads\/2023\/10\/milaidhoo3-150x150.jpg\" class=\"vc_single_image-img attachment-thumbnail\" alt=\"Milaidhoo Malediven\" title=\"milaidhoo3\" \/><\/a>\n\t\t<\/figure>\n\t<\/div>\n<\/div><\/div><\/div><div class=\"wpb_column vc_column_container vc_col-sm-9\"><div class=\"vc_column-inner\"><div class=\"wpb_wrapper\">\n\t<div class=\"wpb_text_column wpb_content_element\" >\n\t\t<div class=\"wpb_wrapper\">\n\t\t\t<h4><a href=\"https:\/\/lamp.glopss.com\/SHUd\" target=\"_blank\" rel=\"nofollow noopener\">Milaidhoo Island Malediven<\/a><\/h4>\n<p>Das Boutique-Resort Milaidhoo definiert Luxus neu und pr\u00e4sentiert stolz seine lokalen Wurzeln. G\u00e4ste erleben einen ungezwungenen, luxuri\u00f6sen Barfu\u00df-Insellebensstil und f\u00fchlen sich in der nat\u00fcrlichen und \u00fcppigen Umgebung einer tropischen Insel wie zu Hause. Hier kann jeder romantische Wunsch erf\u00fcllt werden: vom Beobachten von Delfinen bei Sonnenuntergang bis zum Besuch einer verlassenen Sandbank f\u00fcr ein privates Strandpicknick. Wundersch\u00f6n sind auch die Schnorchel- und Tauchausfl\u00fcge durch das bunte Korallenriff direkt vor der Insel oder in die ber\u00fchmte Hanifaru Bay. Im Milaidhoo finden G\u00e4ste ihr zweites Zuhause im Indischen Ozean: stilvoll, famili\u00e4r und naturverbunden.<\/p>\n\n\t\t<\/div>\n\t<\/div>\n<\/div><\/div><\/div><\/div><div class=\"vc_row wpb_row vc_row-fluid\"><div class=\"wpb_column vc_column_container vc_col-sm-3\"><div class=\"vc_column-inner\"><div class=\"wpb_wrapper\">\n\t<div  class=\"wpb_single_image wpb_content_element vc_align_left wpb_content_element\">\n\t\t\n\t\t<figure class=\"wpb_wrapper vc_figure\">\n\t\t\t<a href=\"https:\/\/lamp.glopss.com\/aff_c?offer_id=9&#038;aff_id=1834&#038;url=https%3A%2F%2Fwww.niyama.com%2F\" target=\"_self\" class=\"vc_single_image-wrapper   vc_box_border_grey\"><img loading=\"lazy\" decoding=\"async\" width=\"150\" height=\"150\" src=\"https:\/\/maldives-paradise.com\/wp-content\/uploads\/2024\/01\/niyama2-150x150.jpg\" class=\"vc_single_image-img attachment-thumbnail\" alt=\"Niyama Private Islands Malediven\" title=\"niyama2\" \/><\/a>\n\t\t<\/figure>\n\t<\/div>\n<\/div><\/div><\/div><div class=\"wpb_column vc_column_container vc_col-sm-9\"><div class=\"vc_column-inner\"><div class=\"wpb_wrapper\">\n\t<div class=\"wpb_text_column wpb_content_element\" >\n\t\t<div class=\"wpb_wrapper\">\n\t\t\t<h4><a href=\"https:\/\/lamp.glopss.com\/SHUv\" target=\"_blank\" rel=\"nofollow noopener\">Niyama Private Islands Malediven<\/a><\/h4>\n<p>Am besten f\u00fcr eine Surfschule.<br \/>\nDieses familienfreundliche Resort auf zwei Inseln im s\u00fcdlichen Dhaalu-Atoll verf\u00fcgt \u00fcber einen eigenen Surfspot in Paddelentfernung zum Ufer. Der Unterricht deckt jedes Niveau und jedes Familienmitglied ab, angefangen bei den Grundlagen in der ruhigen blauen Lagune von Niyama bis hin zu Ententauchg\u00e4ngen und Cutbacks im offenen Meer. Zur\u00fcck an Land finden Sie au\u00dferdem einen singenden und tanzenden Kinderclub, ein Baumhaus-Restaurant, ein Unterwasserrestaurant, ein \u00dcberwasser-Spa und gro\u00dfe Familienvillen, sowohl am Strand als auch auf Stelzen \u00fcber dem Indischen Ozean.<\/p>\n\n\t\t<\/div>\n\t<\/div>\n<\/div><\/div><\/div><\/div><div class=\"vc_row wpb_row vc_row-fluid\"><div class=\"wpb_column vc_column_container vc_col-sm-3\"><div class=\"vc_column-inner\"><div class=\"wpb_wrapper\">\n\t<div  class=\"wpb_single_image wpb_content_element vc_align_left wpb_content_element\">\n\t\t\n\t\t<figure class=\"wpb_wrapper vc_figure\">\n\t\t\t<a href=\"https:\/\/lamp.glopss.com\/aff_c?offer_id=1506&#038;aff_id=1834\" target=\"_self\" class=\"vc_single_image-wrapper   vc_box_border_grey\"><img loading=\"lazy\" decoding=\"async\" width=\"150\" height=\"150\" src=\"https:\/\/maldives-paradise.com\/wp-content\/uploads\/2024\/02\/PatinaMaldives5-400-150x150.jpg\" class=\"vc_single_image-img attachment-thumbnail\" alt=\"Patina Malediven\" title=\"Patina+Malediven5-400\" \/><\/a>\n\t\t<\/figure>\n\t<\/div>\n<\/div><\/div><\/div><div class=\"wpb_column vc_column_container vc_col-sm-9\"><div class=\"vc_column-inner\"><div class=\"wpb_wrapper\">\n\t<div class=\"wpb_text_column wpb_content_element\" >\n\t\t<div class=\"wpb_wrapper\">\n\t\t\t<h4><a href=\"https:\/\/lamp.glopss.com\/aff_c?offer_id=1506&amp;aff_id=1834\">Patina Malediven<\/a><\/h4>\n<p>Patina Maldives ist ein preisgekr\u00f6ntes Juwel und bietet anspruchsvollen Reisenden einen luxuri\u00f6sen Zufluchtsort im Paradies. Mit seinen atemberaubenden \u00dcberwasservillen, exquisiten kulinarischen Erlebnissen, erstklassigen Annehmlichkeiten und seinem Engagement f\u00fcr Nachhaltigkeit verspricht das Resort einen unvergesslichen R\u00fcckzugsort an einem der atemberaubendsten Reiseziele der Welt.<\/p>\n\n\t\t<\/div>\n\t<\/div>\n<\/div><\/div><\/div><\/div><div class=\"vc_row wpb_row vc_row-fluid\"><div class=\"wpb_column vc_column_container vc_col-sm-12\"><div class=\"vc_column-inner\"><div class=\"wpb_wrapper\">\n\t<div class=\"wpb_text_column wpb_content_element\" >\n\t\t<div class=\"wpb_wrapper\">\n\t\t\t<p><a href=\"http:\/\/maldives-paradise.com\/de\/etikett\/bestpreisgarantie-2\/\"><strong>Mehr \u00fcber Hotels und Resorts mit Bestpreisgarantie auf den Malediven<\/strong><\/a><\/p>\n\n\t\t<\/div>\n\t<\/div>\n<\/div><\/div><\/div><\/div>\n<\/div>","protected":false},"excerpt":{"rendered":"<div class=\"mh-excerpt\"><\/div>","protected":false},"author":1,"featured_media":8152,"parent":0,"menu_order":0,"comment_status":"closed","ping_status":"closed","template":"","meta":{"footnotes":""},"class_list":["post-14711","page","type-page","status-publish","has-post-thumbnail"],"aioseo_notices":[],"_links":{"self":[{"href":"http:\/\/maldives-paradise.com\/de\/wp-json\/wp\/v2\/pages\/14711","targetHints":{"allow":["GET"]}}],"collection":[{"href":"http:\/\/maldives-paradise.com\/de\/wp-json\/wp\/v2\/pages"}],"about":[{"href":"http:\/\/maldives-paradise.com\/de\/wp-json\/wp\/v2\/types\/page"}],"author":[{"embeddable":true,"href":"http:\/\/maldives-paradise.com\/de\/wp-json\/wp\/v2\/users\/1"}],"replies":[{"embeddable":true,"href":"http:\/\/maldives-paradise.com\/de\/wp-json\/wp\/v2\/comments?post=14711"}],"version-history":[{"count":6,"href":"http:\/\/maldives-paradise.com\/de\/wp-json\/wp\/v2\/pages\/14711\/revisions"}],"predecessor-version":[{"id":45315,"href":"http:\/\/maldives-paradise.com\/de\/wp-json\/wp\/v2\/pages\/14711\/revisions\/45315"}],"wp:featuredmedia":[{"embeddable":true,"href":"http:\/\/maldives-paradise.com\/de\/wp-json\/wp\/v2\/media\/8152"}],"wp:attachment":[{"href":"http:\/\/maldives-paradise.com\/de\/wp-json\/wp\/v2\/media?parent=14711"}],"curies":[{"name":"wp","href":"https:\/\/api.w.org\/{rel}","templated":true}]}}