{"id":11672,"date":"2024-03-02T09:38:17","date_gmt":"2024-03-02T09:38:17","guid":{"rendered":"http:\/\/maldives-paradise.com\/?page_id=11672"},"modified":"2025-11-26T09:18:45","modified_gmt":"2025-11-26T09:18:45","slug":"die-12-besten-gourmet-resorts-auf-den-malediven","status":"publish","type":"page","link":"http:\/\/maldives-paradise.com\/de\/die-12-besten-gourmet-resorts-auf-den-malediven\/","title":{"rendered":"The Best Gourmet Resorts in Maldives"},"content":{"rendered":"<div class=\"wpb-content-wrapper\"><div class=\"vc_row wpb_row vc_row-fluid\"><div class=\"wpb_column vc_column_container vc_col-sm-12\"><div class=\"vc_column-inner\"><div class=\"wpb_wrapper\">\n\t<div class=\"wpb_text_column wpb_content_element\" >\n\t\t<div class=\"wpb_wrapper\">\n\t\t\t<p>Auf den Malediven finden einige der erlesensten Gourmet-Speiseerlebnisse der Welt statt, insbesondere in ihren Luxusresorts. Diese Restaurants zeichnen sich dadurch aus, dass sie eine Mischung aus internationaler und lokaler maledivischer K\u00fcche anbieten, die von erstklassigen K\u00f6chen zubereitet wird. Das Unterwasserrestaurant 5.8 im Hurawalhi Island Resort zeichnet sich durch seine einzigartige Speiseumgebung inmitten der lebendigen Unterwasserwelt aus. Unterdessen verzaubert Soneva Fushi&#039;s Fresh in the Garden seine G\u00e4ste mit Bio-Gerichten, die direkt vom Garten auf den Tisch kommen und inmitten von Baumwipfeln serviert werden. Eine weitere bemerkenswerte Erw\u00e4hnung ist das Aragu, eine mehrg\u00e4ngige Fusion aus modern-europ\u00e4ischer und asiatischer K\u00fcche. Diese Einrichtungen bieten nicht nur herausragende kulinarische K\u00f6stlichkeiten, sondern auch immersive Erlebnisse, die nahtlos mit der nat\u00fcrlichen Sch\u00f6nheit und dem Luxus der Malediven harmonieren.<\/p>\n<p>Die Buchung eines Gourmetresorts auf den Malediven ist ein wahrgewordener kulinarischer Traum und bietet ein exquisites kulinarisches Erlebnis in einer der sch\u00f6nsten Umgebungen der Welt. Diese Resorts bieten erstklassige K\u00f6che, innovative Men\u00fcs und eine Vielzahl von Speisem\u00f6glichkeiten, von \u00dcberwasserrestaurants bis hin zu privaten Abendessen am Strand. Die G\u00e4ste k\u00f6nnen frische, lokal bezogene Meeresfr\u00fcchte, internationale Gourmetk\u00fcche und ma\u00dfgeschneiderte kulinarische Erlebnisse genie\u00dfen, die auf ihre Vorlieben zugeschnitten sind.<\/p>\n\n\t\t<\/div>\n\t<\/div>\n<\/div><\/div><\/div><\/div><div class=\"vc_row wpb_row vc_row-fluid\"><div class=\"wpb_column vc_column_container vc_col-sm-3\"><div class=\"vc_column-inner\"><div class=\"wpb_wrapper\">\n\t<div  class=\"wpb_single_image wpb_content_element vc_align_left wpb_content_element\">\n\t\t\n\t\t<figure class=\"wpb_wrapper vc_figure\">\n\t\t\t<a href=\"http:\/\/maldives-paradise.com\/de\/velaa-privatinsel-malediven\/\" target=\"_self\" class=\"vc_single_image-wrapper   vc_box_border_grey\"><img loading=\"lazy\" decoding=\"async\" width=\"150\" height=\"150\" src=\"https:\/\/maldives-paradise.com\/wp-content\/uploads\/2024\/03\/velaa-restaurant-150x150.jpg\" class=\"vc_single_image-img attachment-thumbnail\" alt=\"Luxusrestaurant Velaa\" title=\"Velaa-Restaurant\" srcset=\"https:\/\/maldives-paradise.com\/wp-content\/uploads\/2024\/03\/velaa-restaurant-150x150.jpg 150w, https:\/\/maldives-paradise.com\/wp-content\/uploads\/2024\/03\/velaa-restaurant-300x300.jpg 300w, https:\/\/maldives-paradise.com\/wp-content\/uploads\/2024\/03\/velaa-restaurant-12x12.jpg 12w, https:\/\/maldives-paradise.com\/wp-content\/uploads\/2024\/03\/velaa-restaurant.jpg 400w\" sizes=\"auto, (max-width: 150px) 100vw, 150px\" \/><\/a>\n\t\t<\/figure>\n\t<\/div>\n<\/div><\/div><\/div><div class=\"wpb_column vc_column_container vc_col-sm-9\"><div class=\"vc_column-inner\"><div class=\"wpb_wrapper\">\n\t<div class=\"wpb_text_column wpb_content_element\" >\n\t\t<div class=\"wpb_wrapper\">\n\t\t\t<h4><a href=\"http:\/\/maldives-paradise.com\/de\/velaa-privatinsel-malediven\/\">Privatinsel Velaa<\/a><\/h4>\n<p>Aragu, das einzige Restaurant des Landes, das es auf die Liste der 50 besten Restaurants Asiens geschafft hat. Eine mehrg\u00e4ngige Fusion aus modernem Europa und Asien. Athiri, ein Team von K\u00f6chen aus 14 Nationen verwendet die besten importierten und lokalen Zutaten, um ein globales Men\u00fc mit authentischen, gutb\u00fcrgerlichen Gerichten zu servieren.<\/p>\n\n\t\t<\/div>\n\t<\/div>\n<\/div><\/div><\/div><\/div><div class=\"vc_row wpb_row vc_row-fluid\"><div class=\"wpb_column vc_column_container vc_col-sm-3\"><div class=\"vc_column-inner\"><div class=\"wpb_wrapper\">\n\t<div  class=\"wpb_single_image wpb_content_element vc_align_left wpb_content_element\">\n\t\t\n\t\t<figure class=\"wpb_wrapper vc_figure\">\n\t\t\t<a href=\"https:\/\/lamp.glopss.com\/aff_c?offer_id=9&#038;aff_id=1834&#038;url=https%3A%2F%2Fwww.anantara.com%2Fen%2Fveli-maldives\" target=\"_self\" class=\"vc_single_image-wrapper   vc_box_border_grey\"><img loading=\"lazy\" decoding=\"async\" width=\"150\" height=\"150\" src=\"https:\/\/maldives-paradise.com\/wp-content\/uploads\/2024\/03\/anantara_veli_dining_invilladining_teaser-400-150x150.jpg\" class=\"vc_single_image-img attachment-thumbnail\" alt=\"\" title=\"anantara_veli_dining_invilladining_teaser-400\" \/><\/a>\n\t\t<\/figure>\n\t<\/div>\n<\/div><\/div><\/div><div class=\"wpb_column vc_column_container vc_col-sm-9\"><div class=\"vc_column-inner\"><div class=\"wpb_wrapper\">\n\t<div class=\"wpb_text_column wpb_content_element\" >\n\t\t<div class=\"wpb_wrapper\">\n\t\t\t<h4><a href=\"https:\/\/lamp.glopss.com\/SHUt\" target=\"_blank\" rel=\"nofollow noopener\">Anantara Veli Maldives Resort<\/a><\/h4>\n<p>Entdecken Sie unverwechselbare K\u00fcchen in einigen der besten Restaurants der Malediven vor atemberaubender Aussicht. Lokale und internationale K\u00fcche erg\u00e4nzen au\u00dfergew\u00f6hnliche kulinarische Erlebnisse in unseren Restaurants auf den Malediven.<\/p>\n\n\t\t<\/div>\n\t<\/div>\n<\/div><\/div><\/div><\/div><div class=\"vc_row wpb_row vc_row-fluid\"><div class=\"wpb_column vc_column_container vc_col-sm-3\"><div class=\"vc_column-inner\"><div class=\"wpb_wrapper\">\n\t<div  class=\"wpb_single_image wpb_content_element vc_align_left wpb_content_element\">\n\t\t\n\t\t<figure class=\"wpb_wrapper vc_figure\">\n\t\t\t<a href=\"https:\/\/lamp.glopss.com\/aff_c?offer_id=264&#038;aff_id=1834&#038;url=https%3A%2F%2Fwww.hurawalhi.com%2F\" target=\"_self\" class=\"vc_single_image-wrapper   vc_box_border_grey\"><img loading=\"lazy\" decoding=\"async\" width=\"150\" height=\"150\" src=\"https:\/\/maldives-paradise.com\/wp-content\/uploads\/2024\/03\/58-underwater-restaurant-150x150.jpg\" class=\"vc_single_image-img attachment-thumbnail\" alt=\"Hurawalhi Island Resort 5.8 Unterwasserrestaurant\" title=\"58-Unterwasser-Restaurant\" \/><\/a>\n\t\t<\/figure>\n\t<\/div>\n<\/div><\/div><\/div><div class=\"wpb_column vc_column_container vc_col-sm-9\"><div class=\"vc_column-inner\"><div class=\"wpb_wrapper\">\n\t<div class=\"wpb_text_column wpb_content_element\" >\n\t\t<div class=\"wpb_wrapper\">\n\t\t\t<h4><a href=\"https:\/\/hotellook.tp.st\/6FluoLuO\" target=\"_blank\" rel=\"nofollow noopener\">Hurawalhi Island Resort<\/a><\/h4>\n<p>Das 5.8 Undersea Restaurant mit spektakul\u00e4ren Gourmet-K\u00f6stlichkeiten wird 5,8 Meter unter dem Meer in Hurawalhi serviert. Das Kashibo Restaurant &amp; Bar kombiniert k\u00f6stliche, authentische, von asiatischem Street Food inspirierte Gerichte mit der sch\u00f6nen Lage \u00fcber dem Wasser des Veranstaltungsortes.<\/p>\n\n\t\t<\/div>\n\t<\/div>\n<\/div><\/div><\/div><\/div><div class=\"vc_row wpb_row vc_row-fluid\"><div class=\"wpb_column vc_column_container vc_col-sm-3\"><div class=\"vc_column-inner\"><div class=\"wpb_wrapper\">\n\t<div  class=\"wpb_single_image wpb_content_element vc_align_left wpb_content_element\">\n\t\t\n\t\t<figure class=\"wpb_wrapper vc_figure\">\n\t\t\t<a href=\"https:\/\/lamp.glopss.com\/aff_c?offer_id=372&#038;aff_id=1834\" target=\"_self\" class=\"vc_single_image-wrapper   vc_box_border_grey\"><img loading=\"lazy\" decoding=\"async\" width=\"150\" height=\"150\" src=\"https:\/\/maldives-paradise.com\/wp-content\/uploads\/2024\/03\/huvafen-fushi-celsius_1-150x150.jpg\" class=\"vc_single_image-img attachment-thumbnail\" alt=\"Huvafen Fushi\" title=\"huvafen-fushi-celsius_1\" srcset=\"https:\/\/maldives-paradise.com\/wp-content\/uploads\/2024\/03\/huvafen-fushi-celsius_1-150x150.jpg 150w, https:\/\/maldives-paradise.com\/wp-content\/uploads\/2024\/03\/huvafen-fushi-celsius_1-13x12.jpg 13w\" sizes=\"auto, (max-width: 150px) 100vw, 150px\" \/><\/a>\n\t\t<\/figure>\n\t<\/div>\n<\/div><\/div><\/div><div class=\"wpb_column vc_column_container vc_col-sm-9\"><div class=\"vc_column-inner\"><div class=\"wpb_wrapper\">\n\t<div class=\"wpb_text_column wpb_content_element\" >\n\t\t<div class=\"wpb_wrapper\">\n\t\t\t<h4><a href=\"https:\/\/lamp.glopss.com\/SHV1\" target=\"_blank\" rel=\"nofollow noopener\">Huvafen Fushi<\/a><\/h4>\n<p>Verlockende D\u00fcfte, unvergessliche Geschm\u00e4cker, eindrucksvolle Speiser\u00e4ume. Am Meer, \u00fcber Wasser, unter der Erde. Die beste K\u00fcche der Malediven. Eines der intimsten ma\u00dfgeschneiderten Unterwasser-Speiseerlebnisse der Welt acht Meter unter der Oberfl\u00e4che des Indischen Ozeans. G\u00f6nnen Sie sich ein privates gastronomisches Erlebnis wie kein anderes mit freiem Blick auf das faszinierende Riff.<\/p>\n\n\t\t<\/div>\n\t<\/div>\n<\/div><\/div><\/div><\/div><div class=\"vc_row wpb_row vc_row-fluid\"><div class=\"wpb_column vc_column_container vc_col-sm-3\"><div class=\"vc_column-inner\"><div class=\"wpb_wrapper\">\n\t<div  class=\"wpb_single_image wpb_content_element vc_align_left wpb_content_element\">\n\t\t\n\t\t<figure class=\"wpb_wrapper vc_figure\">\n\t\t\t<a href=\"http:\/\/maldives-paradise.com\/de\/soneva-jani\/\" target=\"_self\" class=\"vc_single_image-wrapper   vc_box_border_grey\"><img loading=\"lazy\" decoding=\"async\" width=\"150\" height=\"150\" src=\"https:\/\/maldives-paradise.com\/wp-content\/uploads\/2024\/03\/soneva-jani_Asian-Kitchen-400-150x150.jpg\" class=\"vc_single_image-img attachment-thumbnail\" alt=\"Soneva Jani Restaurant\" title=\"soneva-jani_Asian-Kitchen--400\" \/><\/a>\n\t\t<\/figure>\n\t<\/div>\n<\/div><\/div><\/div><div class=\"wpb_column vc_column_container vc_col-sm-9\"><div class=\"vc_column-inner\"><div class=\"wpb_wrapper\">\n\t<div class=\"wpb_text_column wpb_content_element\" >\n\t\t<div class=\"wpb_wrapper\">\n\t\t\t<h4><a href=\"http:\/\/maldives-paradise.com\/de\/soneva-jani\/\">Soneva Jani<\/a><\/h4>\n<p>Die kulinarischen Erlebnisse im Soneva Jani sind vielf\u00e4ltig und bieten Gourmetmen\u00fcs aus verschiedenen Kulturen und K\u00fcchen.<br \/>\nDas Men\u00fc des gefeierten schwedischen Chefkochs Overseas by Mathias Dahlgren ist eine Ode an Bioprodukte und das Meer. Genie\u00dfen Sie pescetarische, vegetarische und pflanzliche Einzelgerichte, Teller zum Teilen und Spezialit\u00e4ten zum Mittag- und Abendessen.<\/p>\n\n\t\t<\/div>\n\t<\/div>\n<\/div><\/div><\/div><\/div><div class=\"vc_row wpb_row vc_row-fluid\"><div class=\"wpb_column vc_column_container vc_col-sm-3\"><div class=\"vc_column-inner\"><div class=\"wpb_wrapper\">\n\t<div  class=\"wpb_single_image wpb_content_element vc_align_left wpb_content_element\">\n\t\t\n\t\t<figure class=\"wpb_wrapper vc_figure\">\n\t\t\t<a href=\"http:\/\/maldives-paradise.com\/de\/gili-lankanfushi-malediven\/\" target=\"_self\" class=\"vc_single_image-wrapper   vc_box_border_grey\"><img loading=\"lazy\" decoding=\"async\" width=\"150\" height=\"150\" src=\"https:\/\/maldives-paradise.com\/wp-content\/uploads\/2024\/03\/gili-lankanfushi-food-400-150x150.jpg\" class=\"vc_single_image-img attachment-thumbnail\" alt=\"Fushi-Restaurants auf Gili Lanka\" title=\"gili-lankanfushi-food-400\" \/><\/a>\n\t\t<\/figure>\n\t<\/div>\n<\/div><\/div><\/div><div class=\"wpb_column vc_column_container vc_col-sm-9\"><div class=\"vc_column-inner\"><div class=\"wpb_wrapper\">\n\t<div class=\"wpb_text_column wpb_content_element\" >\n\t\t<div class=\"wpb_wrapper\">\n\t\t\t<h4><a href=\"http:\/\/maldives-paradise.com\/de\/gili-lankanfushi-malediven\/\">Gili Lankanfushi<\/a><\/h4>\n<p>Drei Restaurants verw\u00f6hnen Sie mit feinsten Gerichten der asiatischen K\u00fcche. Eine auf Stelzen errichtete \u00dcberwasserbar schwebt \u00fcber der Lagune und bietet eine ungezwungene Speisekarte und eine gro\u00dfe Auswahl an Sushi, mediterranen K\u00f6stlichkeiten und t\u00e4glich frischen Fisch.<\/p>\n\n\t\t<\/div>\n\t<\/div>\n<\/div><\/div><\/div><\/div><div class=\"vc_row wpb_row vc_row-fluid\"><div class=\"wpb_column vc_column_container vc_col-sm-3\"><div class=\"vc_column-inner\"><div class=\"wpb_wrapper\">\n\t<div  class=\"wpb_single_image wpb_content_element vc_align_left wpb_content_element\">\n\t\t\n\t\t<figure class=\"wpb_wrapper vc_figure\">\n\t\t\t<a href=\"http:\/\/maldives-paradise.com\/de\/das-st-regis-maldives-vommuli-resort\/\" target=\"_self\" class=\"vc_single_image-wrapper   vc_box_border_grey\"><img loading=\"lazy\" decoding=\"async\" width=\"150\" height=\"150\" src=\"https:\/\/maldives-paradise.com\/wp-content\/uploads\/2024\/03\/st-regis-food-150x150.jpg\" class=\"vc_single_image-img attachment-thumbnail\" alt=\"St. Regis Maldives Vommuli Island Restaurant\" title=\"St-Regis-Essen\" srcset=\"https:\/\/maldives-paradise.com\/wp-content\/uploads\/2024\/03\/st-regis-food-150x150.jpg 150w, https:\/\/maldives-paradise.com\/wp-content\/uploads\/2024\/03\/st-regis-food-300x300.jpg 300w, https:\/\/maldives-paradise.com\/wp-content\/uploads\/2024\/03\/st-regis-food-12x12.jpg 12w, https:\/\/maldives-paradise.com\/wp-content\/uploads\/2024\/03\/st-regis-food.jpg 400w\" sizes=\"auto, (max-width: 150px) 100vw, 150px\" \/><\/a>\n\t\t<\/figure>\n\t<\/div>\n<\/div><\/div><\/div><div class=\"wpb_column vc_column_container vc_col-sm-9\"><div class=\"vc_column-inner\"><div class=\"wpb_wrapper\">\n\t<div class=\"wpb_text_column wpb_content_element\" >\n\t\t<div class=\"wpb_wrapper\">\n\t\t\t<h4><a href=\"http:\/\/maldives-paradise.com\/de\/das-st-regis-maldives-vommuli-resort\/\">St. Regis Malediven Insel Vommuli<\/a><\/h4>\n<p>Entdecken Sie die k\u00f6stliche Auswahl an Speisem\u00f6glichkeiten im St. Regis Maldives Vommuli Resort. Moderne japanische K\u00fcche im Kaiseki-Stil erwartet Sie im T\u2022Pan, unserem neuen Gourmet-Refugium am Rande des wei\u00dfen Sandstrandes. Unser Signature-Restaurant Alba bietet Gerichte, die von lokalen Zutaten inspiriert sind. Besuchen Sie Crust &amp; Craft, unsere familiengef\u00fchrte Pizzeria, und kreieren Sie Ihre eigene aromatisierte Pizza.<\/p>\n\n\t\t<\/div>\n\t<\/div>\n<\/div><\/div><\/div><\/div><div class=\"vc_row wpb_row vc_row-fluid\"><div class=\"wpb_column vc_column_container vc_col-sm-3\"><div class=\"vc_column-inner\"><div class=\"wpb_wrapper\">\n\t<div  class=\"wpb_single_image wpb_content_element vc_align_left wpb_content_element\">\n\t\t\n\t\t<figure class=\"wpb_wrapper vc_figure\">\n\t\t\t<a href=\"https:\/\/lamp.glopss.com\/aff_c?offer_id=9&#038;aff_id=1834&#038;url=https%3A%2F%2Fwww.niyama.com%2F\" target=\"_self\" class=\"vc_single_image-wrapper   vc_box_border_grey\"><img loading=\"lazy\" decoding=\"async\" width=\"150\" height=\"150\" src=\"https:\/\/maldives-paradise.com\/wp-content\/uploads\/2024\/03\/niyamamaldives_subsix-teaser_500-150x150.jpg\" class=\"vc_single_image-img attachment-thumbnail\" alt=\"Unterwasserrestaurant Niyama Private Islands Maldives\" title=\"niyamamaldives_subsix-teaser_500\" \/><\/a>\n\t\t<\/figure>\n\t<\/div>\n<\/div><\/div><\/div><div class=\"wpb_column vc_column_container vc_col-sm-9\"><div class=\"vc_column-inner\"><div class=\"wpb_wrapper\">\n\t<div class=\"wpb_text_column wpb_content_element\" >\n\t\t<div class=\"wpb_wrapper\">\n\t\t\t<h4><a href=\"https:\/\/lamp.glopss.com\/SHUv\" target=\"_blank\" rel=\"nofollow noopener\">Niyama Private Islands Malediven<\/a><\/h4>\n<p>W\u00e4hlen Sie aus neun einzigartigen Veranstaltungsorten und entdecken Sie die Welt, w\u00e4hrend Sie die Ruhe und Abgeschiedenheit dieser faszinierenden maledivischen Insel genie\u00dfen. Beginnen Sie Ihre Mahlzeit mit einer Auswahl s\u00fcdostasiatischer H\u00e4ppchen, bevor Sie sich in eine Speisekarte mit thail\u00e4ndischen, chinesischen, japanischen und indonesischen K\u00f6stlichkeiten vertiefen.<\/p>\n\n\t\t<\/div>\n\t<\/div>\n<\/div><\/div><\/div><\/div><div class=\"vc_row wpb_row vc_row-fluid\"><div class=\"wpb_column vc_column_container vc_col-sm-3\"><div class=\"vc_column-inner\"><div class=\"wpb_wrapper\">\n\t<div  class=\"wpb_single_image wpb_content_element vc_align_left wpb_content_element\">\n\t\t\n\t\t<figure class=\"wpb_wrapper vc_figure\">\n\t\t\t<a href=\"http:\/\/maldives-paradise.com\/de\/das-ritz-carlton-malediven\/\" target=\"_self\" class=\"vc_single_image-wrapper   vc_box_border_grey\"><img loading=\"lazy\" decoding=\"async\" width=\"150\" height=\"150\" src=\"https:\/\/maldives-paradise.com\/wp-content\/uploads\/2024\/03\/ritz-carlton-restaurant-400-150x150.jpg\" class=\"vc_single_image-img attachment-thumbnail\" alt=\"Das Restaurant Ritz-Carlton Maldives\" title=\"Ritz-Carlton-Restaurant-400\" \/><\/a>\n\t\t<\/figure>\n\t<\/div>\n<\/div><\/div><\/div><div class=\"wpb_column vc_column_container vc_col-sm-9\"><div class=\"vc_column-inner\"><div class=\"wpb_wrapper\">\n\t<div class=\"wpb_text_column wpb_content_element\" >\n\t\t<div class=\"wpb_wrapper\">\n\t\t\t<h4><a href=\"http:\/\/maldives-paradise.com\/de\/das-ritz-carlton-malediven\/\">Das Ritz-Carlton Malediven<\/a><\/h4>\n<p>Die kulinarische Insel des Ritz-Carlton Maldives, Fari Island, entf\u00fchrt Sie auf eine Geschmacksreise, von feinstem Sushi und Wagyu am Pool \u00fcber elegante kantonesische Dim Sum bis hin zu Cocktails, die von den \u201eWorld&#039;s 50 Best\u201c inspiriert sind, kr\u00e4ftiger Pasta und kr\u00e4ftigem Espresso. Die Gourmetfreuden gehen im Herzen des Fari Marina Village weiter.<\/p>\n\n\t\t<\/div>\n\t<\/div>\n<\/div><\/div><\/div><\/div><div class=\"vc_row wpb_row vc_row-fluid\"><div class=\"wpb_column vc_column_container vc_col-sm-3\"><div class=\"vc_column-inner\"><div class=\"wpb_wrapper\">\n\t<div  class=\"wpb_single_image wpb_content_element vc_align_left wpb_content_element\">\n\t\t\n\t\t<figure class=\"wpb_wrapper vc_figure\">\n\t\t\t<a href=\"http:\/\/maldives-paradise.com\/de\/sun-siyam-iru-fushi\/\" target=\"_self\" class=\"vc_single_image-wrapper   vc_box_border_grey\"><img loading=\"lazy\" decoding=\"async\" width=\"150\" height=\"150\" src=\"https:\/\/maldives-paradise.com\/wp-content\/uploads\/2024\/03\/SiyamWorld-400-150x150.jpg\" class=\"vc_single_image-img attachment-thumbnail\" alt=\"Restaurant des Sun Siyam Iru Fushi Luxury Resort\" title=\"SiyamWorld-400\" \/><\/a>\n\t\t<\/figure>\n\t<\/div>\n<\/div><\/div><\/div><div class=\"wpb_column vc_column_container vc_col-sm-9\"><div class=\"vc_column-inner\"><div class=\"wpb_wrapper\">\n\t<div class=\"wpb_text_column wpb_content_element\" >\n\t\t<div class=\"wpb_wrapper\">\n\t\t\t<h4><a href=\"http:\/\/maldives-paradise.com\/de\/sun-siyam-iru-fushi\/\">Sun Siyam Iru Fushi Luxusresort<\/a><\/h4>\n<p>Entdecken Sie 14 Restaurants und Bars im Sun Siyam Iru Fushi, von gehobener K\u00fcche bis hin zu entspannenden Caf\u00e9s \u2013 Abwechslung ist die W\u00fcrze des Lebens.<br \/>\nKeine Anfrage ist zu gro\u00df f\u00fcr unser Team, das bereit ist, das kulinarische Traumerlebnis speziell f\u00fcr Sie zusammenzustellen. Ob ein Abendessen bei Kerzenschein unter dem Sternenhimmel, eine Steinofenpizza in der Gem\u00fctlichkeit Ihrer Villa oder ein Mitternachts-Barbecue am Strand \u2013 sagen Sie einfach das Wort.<\/p>\n\n\t\t<\/div>\n\t<\/div>\n<\/div><\/div><\/div><\/div><div class=\"vc_row wpb_row vc_row-fluid\"><div class=\"wpb_column vc_column_container vc_col-sm-3\"><div class=\"vc_column-inner\"><div class=\"wpb_wrapper\">\n\t<div  class=\"wpb_single_image wpb_content_element vc_align_left wpb_content_element\">\n\t\t\n\t\t<figure class=\"wpb_wrapper vc_figure\">\n\t\t\t<a href=\"http:\/\/maldives-paradise.com\/de\/anantara-kihavah-villen-malediven\/\" target=\"_self\" class=\"vc_single_image-wrapper   vc_box_border_grey\"><img loading=\"lazy\" decoding=\"async\" width=\"150\" height=\"150\" src=\"https:\/\/maldives-paradise.com\/wp-content\/uploads\/2024\/03\/anantara-kihavah-maldives-villas-kudarikilu-400-150x150.jpg\" class=\"vc_single_image-img attachment-thumbnail\" alt=\"Anantara Kihavah Malediven Villen\" title=\"Anantara Kihavah Malediven Villen Kudarikilu 400\" \/><\/a>\n\t\t<\/figure>\n\t<\/div>\n<\/div><\/div><\/div><div class=\"wpb_column vc_column_container vc_col-sm-9\"><div class=\"vc_column-inner\"><div class=\"wpb_wrapper\">\n\t<div class=\"wpb_text_column wpb_content_element\" >\n\t\t<div class=\"wpb_wrapper\">\n\t\t\t<h4><a href=\"http:\/\/maldives-paradise.com\/de\/anantara-kihavah-villen-malediven\/\">Anantara Kihavah Malediven Villen<\/a><\/h4>\n<p>Ein echtes Highlight des Resorts ist das Speisekonzept \u201eSea, Fire, Spice and Sky\u201c, das k\u00f6stliche K\u00fcche in wirklich einzigartiger Umgebung bietet. Genie\u00dfen Sie Gourmetk\u00fcche unter den Wellen des Ozeans mit Glasw\u00e4nden von Wand zu Wand, die einen Blick auf die Korallen bieten. Beinhaltet auch einen Unterwasserkeller.<\/p>\n\n\t\t<\/div>\n\t<\/div>\n<\/div><\/div><\/div><\/div><div class=\"vc_row wpb_row vc_row-fluid\"><div class=\"wpb_column vc_column_container vc_col-sm-3\"><div class=\"vc_column-inner\"><div class=\"wpb_wrapper\">\n\t<div  class=\"wpb_single_image wpb_content_element vc_align_left wpb_content_element\">\n\t\t\n\t\t<figure class=\"wpb_wrapper vc_figure\">\n\t\t\t<a href=\"http:\/\/maldives-paradise.com\/de\/cora-cora-malediven\/\" target=\"_self\" class=\"vc_single_image-wrapper   vc_box_border_grey\"><img loading=\"lazy\" decoding=\"async\" width=\"150\" height=\"150\" src=\"https:\/\/maldives-paradise.com\/wp-content\/uploads\/2024\/03\/cora-cora-restaurant-400-150x150.jpg\" class=\"vc_single_image-img attachment-thumbnail\" alt=\"Cora Cora Malediven Restaurant\" title=\"cora-cora-restaurant-400\" \/><\/a>\n\t\t<\/figure>\n\t<\/div>\n<\/div><\/div><\/div><div class=\"wpb_column vc_column_container vc_col-sm-9\"><div class=\"vc_column-inner\"><div class=\"wpb_wrapper\">\n\t<div class=\"wpb_text_column wpb_content_element\" >\n\t\t<div class=\"wpb_wrapper\">\n\t\t\t<h4><a href=\"http:\/\/maldives-paradise.com\/de\/cora-cora-malediven\/\">Cora Cora Malediven<\/a><\/h4>\n<p>F\u00fcnf Gourmetrestaurants servieren eine Auswahl an internationaler K\u00fcche. Cora Cora Maldives ist auf eine Vielzahl von Ern\u00e4hrungsbed\u00fcrfnissen ausgerichtet und serviert auch eine Reihe gesunder Optionen und Gerichte auf pflanzlicher Basis, darunter hausgemachtes veganes Eis. Diese sind alle Teil des Gourmet-Speiseplans.<\/p>\n\n\t\t<\/div>\n\t<\/div>\n<\/div><\/div><\/div><\/div><div class=\"vc_row wpb_row vc_row-fluid\"><div class=\"wpb_column vc_column_container vc_col-sm-12\"><div class=\"vc_column-inner\"><div class=\"wpb_wrapper\">\n\t<div class=\"wpb_text_column wpb_content_element\" >\n\t\t<div class=\"wpb_wrapper\">\n\t\t\t<p><a href=\"http:\/\/maldives-paradise.com\/de\/etikett\/wein-und-essen-auf-den-malediven\/\"><strong>Mehr \u00fcber Essen, Getr\u00e4nke und Restaurants in Gourmet Hotels &amp; Resorts auf den Malediven<\/strong><\/a><\/p>\n\n\t\t<\/div>\n\t<\/div>\n<\/div><\/div><\/div><\/div>\n<\/div>","protected":false},"excerpt":{"rendered":"<div class=\"mh-excerpt\"><\/div>","protected":false},"author":1,"featured_media":11673,"parent":0,"menu_order":0,"comment_status":"closed","ping_status":"closed","template":"","meta":{"footnotes":""},"class_list":["post-11672","page","type-page","status-publish","has-post-thumbnail"],"aioseo_notices":[],"_links":{"self":[{"href":"http:\/\/maldives-paradise.com\/de\/wp-json\/wp\/v2\/pages\/11672","targetHints":{"allow":["GET"]}}],"collection":[{"href":"http:\/\/maldives-paradise.com\/de\/wp-json\/wp\/v2\/pages"}],"about":[{"href":"http:\/\/maldives-paradise.com\/de\/wp-json\/wp\/v2\/types\/page"}],"author":[{"embeddable":true,"href":"http:\/\/maldives-paradise.com\/de\/wp-json\/wp\/v2\/users\/1"}],"replies":[{"embeddable":true,"href":"http:\/\/maldives-paradise.com\/de\/wp-json\/wp\/v2\/comments?post=11672"}],"version-history":[{"count":6,"href":"http:\/\/maldives-paradise.com\/de\/wp-json\/wp\/v2\/pages\/11672\/revisions"}],"predecessor-version":[{"id":45303,"href":"http:\/\/maldives-paradise.com\/de\/wp-json\/wp\/v2\/pages\/11672\/revisions\/45303"}],"wp:featuredmedia":[{"embeddable":true,"href":"http:\/\/maldives-paradise.com\/de\/wp-json\/wp\/v2\/media\/11673"}],"wp:attachment":[{"href":"http:\/\/maldives-paradise.com\/de\/wp-json\/wp\/v2\/media?parent=11672"}],"curies":[{"name":"wp","href":"https:\/\/api.w.org\/{rel}","templated":true}]}}