{"id":11542,"date":"2024-02-27T18:17:28","date_gmt":"2024-02-27T18:17:28","guid":{"rendered":"http:\/\/maldives-paradise.com\/?page_id=11542"},"modified":"2025-11-26T09:28:07","modified_gmt":"2025-11-26T09:28:07","slug":"die-12-besten-luxusresorts-auf-den-malediven","status":"publish","type":"page","link":"http:\/\/maldives-paradise.com\/de\/die-12-besten-luxusresorts-auf-den-malediven\/","title":{"rendered":"Die besten Luxusresorts auf den Malediven"},"content":{"rendered":"<div class=\"wpb-content-wrapper\"><div class=\"vc_row wpb_row vc_row-fluid\"><div class=\"wpb_column vc_column_container vc_col-sm-12\"><div class=\"vc_column-inner\"><div class=\"wpb_wrapper\">\n\t<div class=\"wpb_text_column wpb_content_element\" >\n\t\t<div class=\"wpb_wrapper\">\n\t\t\t<p>Die Malediven sind ein Synonym f\u00fcr Luxus und verf\u00fcgen \u00fcber eine Vielzahl erstklassiger Resorts, die Extravaganz neu definieren.<br \/>\nEin Highlight ist die Kudadoo Maldives Private Island, die f\u00fcr ihre opulenten Villen, unber\u00fchrten Str\u00e4nde und ihren unvergleichlichen Service bekannt ist. Ein weiteres Juwel ist das Sun Siyam Vilu Reef, das mit seinem schicken Design, mit Michelin-Sternen ausgezeichneten Restaurants und exklusiven Annehmlichkeiten Eleganz ausstrahlt.<br \/>\nF\u00fcr diejenigen, die ultimative Privatsph\u00e4re suchen, bietet die Velaa Private Island unvergleichliche Abgeschiedenheit zusammen mit pers\u00f6nlichem Service und gro\u00dfz\u00fcgigen Unterk\u00fcnften. Diese Resorts verk\u00f6rpern Luxus in jeder Hinsicht, von ihrer atemberaubenden Umgebung bis hin zu ihrer tadellosen Gastfreundschaft, und sorgen f\u00fcr einen unvergesslichen R\u00fcckzugsort im idyllischen Paradies der Malediven.<\/p>\n<p>Die Buchung eines Luxusresorts auf den Malediven bietet ein unvergleichliches Erlebnis von Opulenz, nat\u00fcrlicher Sch\u00f6nheit und pers\u00f6nlichem Service. Diese Resorts bieten gro\u00dfz\u00fcgige Unterk\u00fcnfte, von \u00dcberwasservillen mit privaten Pools bis hin zu Suiten am Strand, die alle auf h\u00f6chsten Komfort und atemberaubende Aussichten ausgelegt sind. Die G\u00e4ste k\u00f6nnen sich mit erstklassigem Essen, erholsamen Spa-Behandlungen und einzigartigen Aktivit\u00e4ten wie privaten Yachtausfl\u00fcgen und Unterwasseressen verw\u00f6hnen lassen. Die exquisite Liebe zum Detail, die atemberaubende Umgebung und die au\u00dfergew\u00f6hnliche Gastfreundschaft sorgen f\u00fcr einen wirklich unvergesslichen Urlaub und machen ein Luxusresort auf den Malediven zur ultimativen Wahl f\u00fcr alle, die Entspannung und Abenteuer auf h\u00f6chstem Niveau suchen.<\/p>\n\n\t\t<\/div>\n\t<\/div>\n<\/div><\/div><\/div><\/div><div class=\"vc_row wpb_row vc_row-fluid\"><div class=\"wpb_column vc_column_container vc_col-sm-3\"><div class=\"vc_column-inner\"><div class=\"wpb_wrapper\">\n\t<div  class=\"wpb_single_image wpb_content_element vc_align_left wpb_content_element\">\n\t\t\n\t\t<figure class=\"wpb_wrapper vc_figure\">\n\t\t\t<a href=\"http:\/\/maldives-paradise.com\/de\/velaa-privatinsel-malediven\/\" target=\"_self\" class=\"vc_single_image-wrapper   vc_box_border_grey\"><img loading=\"lazy\" decoding=\"async\" width=\"150\" height=\"150\" src=\"https:\/\/maldives-paradise.com\/wp-content\/uploads\/2024\/02\/velaa-island-150x150.jpg\" class=\"vc_single_image-img attachment-thumbnail\" alt=\"Privatinsel Velaa\" title=\"Velaa-Insel\" \/><\/a>\n\t\t<\/figure>\n\t<\/div>\n<\/div><\/div><\/div><div class=\"wpb_column vc_column_container vc_col-sm-9\"><div class=\"vc_column-inner\"><div class=\"wpb_wrapper\">\n\t<div class=\"wpb_text_column wpb_content_element\" >\n\t\t<div class=\"wpb_wrapper\">\n\t\t\t<h4><a href=\"http:\/\/maldives-paradise.com\/de\/velaa-privatinsel-malediven\/\">Velaa Private Island Resort<\/a><\/h4>\n<p>G\u00f6nnen Sie sich den ultimativen Luxusurlaub auf der Velaa Private Island Maldives, wo jeder Moment perfekt gestaltet ist und jedes Detail ein Beweis f\u00fcr die Kunst der Gastfreundschaft ist. Buchen Sie Ihren Aufenthalt und entdecken Sie eine Welt, in der Luxus keine Grenzen kennt.<\/p>\n\n\t\t<\/div>\n\t<\/div>\n<\/div><\/div><\/div><\/div><div class=\"vc_row wpb_row vc_row-fluid\"><div class=\"wpb_column vc_column_container vc_col-sm-3\"><div class=\"vc_column-inner\"><div class=\"wpb_wrapper\">\n\t<div  class=\"wpb_single_image wpb_content_element vc_align_left wpb_content_element\">\n\t\t\n\t\t<figure class=\"wpb_wrapper vc_figure\">\n\t\t\t<a href=\"https:\/\/lamp.glopss.com\/aff_c?offer_id=264&#038;aff_id=1834&#038;url=https%3A%2F%2Fwww.kudadoo.com%2F\" target=\"_self\" class=\"vc_single_image-wrapper   vc_box_border_grey\"><img loading=\"lazy\" decoding=\"async\" width=\"150\" height=\"150\" src=\"https:\/\/maldives-paradise.com\/wp-content\/uploads\/2024\/01\/kudadoo2-150x150.jpg\" class=\"vc_single_image-img attachment-thumbnail\" alt=\"Kudadoo Malediven Privatinsel\" title=\"kudadoo2\" \/><\/a>\n\t\t<\/figure>\n\t<\/div>\n<\/div><\/div><\/div><div class=\"wpb_column vc_column_container vc_col-sm-9\"><div class=\"vc_column-inner\"><div class=\"wpb_wrapper\">\n\t<div class=\"wpb_text_column wpb_content_element\" >\n\t\t<div class=\"wpb_wrapper\">\n\t\t\t<h4><a href=\"https:\/\/lamp.glopss.com\/aff_c?offer_id=264&amp;aff_id=1834&amp;url=https%3A%2F%2Fwww.kudadoo.com%2F\" target=\"_blank\" rel=\"nofollow noopener\">Kudadoo Malediven Privatinsel<\/a><\/h4>\n<p>Die 310 Quadratmeter gro\u00dfen Ocean Pool Residences verf\u00fcgen \u00fcber weitl\u00e4ufige \u00dcberwasserdecks, einen privaten Infinity-Pool, zahlreiche Liegem\u00f6glichkeiten im Freien und ein H\u00e4ngesofa. Diese exquisit gestalteten privaten Luxusresidenzen in Kudadoo verf\u00fcgen \u00fcber ein ger\u00e4umiges Badezimmer mit Badewanne, Dusche und Schminkbereich. Exotische und klare Linien mit erdigen Farbt\u00f6nen und nat\u00fcrlichen Materialien. <strong>Pers\u00f6nlicher Butler inklusive. Alles, \u00fcberall und jederzeit.<br \/>\n<span style=\"color: #ff0000;\">Bestpreisgarantie bei Direktbuchung in diesem Hotel.<\/span><br \/>\n<\/strong><\/p>\n\n\t\t<\/div>\n\t<\/div>\n<\/div><\/div><\/div><\/div><div class=\"vc_row wpb_row vc_row-fluid\"><div class=\"wpb_column vc_column_container vc_col-sm-3\"><div class=\"vc_column-inner\"><div class=\"wpb_wrapper\">\n\t<div  class=\"wpb_single_image wpb_content_element vc_align_left wpb_content_element\">\n\t\t\n\t\t<figure class=\"wpb_wrapper vc_figure\">\n\t\t\t<a href=\"https:\/\/lamp.glopss.com\/aff_c?offer_id=1476&#038;aff_id=1834&#038;url=Sun+Siyam+Vilu+Reef\" target=\"_self\" class=\"vc_single_image-wrapper   vc_box_border_grey\"><img loading=\"lazy\" decoding=\"async\" width=\"150\" height=\"150\" src=\"https:\/\/maldives-paradise.com\/wp-content\/uploads\/2024\/01\/Sun-Siyam-Vilu-Reef2-150x150.jpg\" class=\"vc_single_image-img attachment-thumbnail\" alt=\"Sun Siyam Vilu Riff\" title=\"Sun-Siyam-Vilu-Reef2\" \/><\/a>\n\t\t<\/figure>\n\t<\/div>\n<\/div><\/div><\/div><div class=\"wpb_column vc_column_container vc_col-sm-9\"><div class=\"vc_column-inner\"><div class=\"wpb_wrapper\">\n\t<div class=\"wpb_text_column wpb_content_element\" >\n\t\t<div class=\"wpb_wrapper\">\n\t\t\t<h4><a href=\"https:\/\/lamp.glopss.com\/SHUx\" target=\"_blank\" rel=\"nofollow noopener\">Sun Siyam Vilu Riff<\/a><\/h4>\n<p>Im Sun Siyam Vilu Reef ist jeder Moment perfekt gestaltet und bietet ein unvergleichliches Luxuserlebnis auf den Malediven. Von den opulenten Unterk\u00fcnften bis hin zu den vielf\u00e4ltigen kulinarischen K\u00f6stlichkeiten und aufregenden Aktivit\u00e4ten verspricht unser Resort einen Urlaub, der alle Ihre Erwartungen \u00fcbertrifft. Buchen Sie noch heute Ihren Ausflug ins Paradies und lassen Sie das Sun Siyam Vilu Reef Ihre Definition von Luxus auf den Malediven neu definieren.<\/p>\n\n\t\t<\/div>\n\t<\/div>\n<\/div><\/div><\/div><\/div><div class=\"vc_row wpb_row vc_row-fluid\"><div class=\"wpb_column vc_column_container vc_col-sm-3\"><div class=\"vc_column-inner\"><div class=\"wpb_wrapper\">\n\t<div  class=\"wpb_single_image wpb_content_element vc_align_left wpb_content_element\">\n\t\t\n\t\t<figure class=\"wpb_wrapper vc_figure\">\n\t\t\t<a href=\"http:\/\/maldives-paradise.com\/de\/soneva-jani\/\" target=\"_self\" class=\"vc_single_image-wrapper   vc_box_border_grey\"><img loading=\"lazy\" decoding=\"async\" width=\"150\" height=\"150\" src=\"https:\/\/maldives-paradise.com\/wp-content\/uploads\/2024\/02\/soneva-jani-over-water-villa-slide-400-150x150.jpg\" class=\"vc_single_image-img attachment-thumbnail\" alt=\"Soneva Jani \u00dcberwasservilla mit Pool\" title=\"soneva-jani-over-water-villa-slide-400\" \/><\/a>\n\t\t<\/figure>\n\t<\/div>\n<\/div><\/div><\/div><div class=\"wpb_column vc_column_container vc_col-sm-9\"><div class=\"vc_column-inner\"><div class=\"wpb_wrapper\">\n\t<div class=\"wpb_text_column wpb_content_element\" >\n\t\t<div class=\"wpb_wrapper\">\n\t\t\t<h4><a href=\"http:\/\/maldives-paradise.com\/de\/soneva-jani\/\">Soneva Jani<\/a><\/h4>\n<p><strong>Soneva Jani<\/strong> ist ein ber\u00fchmtes 5-Sterne-Luxus-\u00dcberwasserresort in einer 5,6 Kilometer langen kristallklaren Lagune im Noonu-Atoll auf den Malediven. Gebaut um eine Lagune mit Meerblick, wei\u00dfen Str\u00e4nden und tropischer Vegetation. Delfinkreuzfahrten, Tauchen, Familienerlebnisse, Michelin-Sterne-Restaurants und pers\u00f6nlicher Butler.<\/p>\n\n\t\t<\/div>\n\t<\/div>\n<\/div><\/div><\/div><\/div><div class=\"vc_row wpb_row vc_row-fluid\"><div class=\"wpb_column vc_column_container vc_col-sm-3\"><div class=\"vc_column-inner\"><div class=\"wpb_wrapper\">\n\t<div  class=\"wpb_single_image wpb_content_element vc_align_left wpb_content_element\">\n\t\t\n\t\t<figure class=\"wpb_wrapper vc_figure\">\n\t\t\t<a href=\"http:\/\/maldives-paradise.com\/de\/das-ritz-carlton-malediven\/\" target=\"_self\" class=\"vc_single_image-wrapper   vc_box_border_grey\"><img loading=\"lazy\" decoding=\"async\" width=\"150\" height=\"150\" src=\"https:\/\/maldives-paradise.com\/wp-content\/uploads\/2024\/02\/The-Ritz-Carlton-Maldives-Fari-Islands-Lagoon-Pool-Villa-400-150x150.jpg\" class=\"vc_single_image-img attachment-thumbnail\" alt=\"Ritz-Carlton Fari Island\" title=\"The-Ritz-Carlton-Maldives-Fari-Islands-Lagoon-Pool-Villa-400\" \/><\/a>\n\t\t<\/figure>\n\t<\/div>\n<\/div><\/div><\/div><div class=\"wpb_column vc_column_container vc_col-sm-9\"><div class=\"vc_column-inner\"><div class=\"wpb_wrapper\">\n\t<div class=\"wpb_text_column wpb_content_element\" >\n\t\t<div class=\"wpb_wrapper\">\n\t\t\t<h4><a href=\"http:\/\/maldives-paradise.com\/de\/das-ritz-carlton-malediven\/\">Das Ritz-Carlton Fari Island<\/a><\/h4>\n<p>Das Ritz-Carlton Maldives verk\u00f6rpert Luxus und bietet ein unvergleichliches Erlebnis inmitten der nat\u00fcrlichen Sch\u00f6nheit der Malediven. Egal, ob Sie einen besonderen Anlass feiern, Flitterwochen verbringen oder einfach nur einen unvergesslichen Kurzurlaub suchen, dieses Resort verspricht, Ihre Erwartungen zu \u00fcbertreffen. Mit seiner atemberaubenden Lage, luxuri\u00f6sen Unterk\u00fcnften, k\u00f6stlichen Speisen und seinem Engagement f\u00fcr Nachhaltigkeit ist The Ritz-Carlton Maldives ein Beweis f\u00fcr den Inbegriff des Paradieses.<\/p>\n\n\t\t<\/div>\n\t<\/div>\n<\/div><\/div><\/div><\/div><div class=\"vc_row wpb_row vc_row-fluid\"><div class=\"wpb_column vc_column_container vc_col-sm-3\"><div class=\"vc_column-inner\"><div class=\"wpb_wrapper\">\n\t<div  class=\"wpb_single_image wpb_content_element vc_align_left wpb_content_element\">\n\t\t\n\t\t<figure class=\"wpb_wrapper vc_figure\">\n\t\t\t<a href=\"http:\/\/maldives-paradise.com\/de\/die-nautilus-malediven\/\" target=\"_self\" class=\"vc_single_image-wrapper   vc_box_border_grey\"><img loading=\"lazy\" decoding=\"async\" width=\"150\" height=\"150\" src=\"https:\/\/maldives-paradise.com\/wp-content\/uploads\/2024\/02\/nautilus-over-water-villa-400-150x150.jpg\" class=\"vc_single_image-img attachment-thumbnail\" alt=\"Die Nautilus-Malediven\" title=\"Nautilus-\u00fcber-Wasser-Villa-400\" \/><\/a>\n\t\t<\/figure>\n\t<\/div>\n<\/div><\/div><\/div><div class=\"wpb_column vc_column_container vc_col-sm-9\"><div class=\"vc_column-inner\"><div class=\"wpb_wrapper\">\n\t<div class=\"wpb_text_column wpb_content_element\" >\n\t\t<div class=\"wpb_wrapper\">\n\t\t\t<h4><a href=\"http:\/\/maldives-paradise.com\/de\/die-nautilus-malediven\/\">Die Nautilus-Malediven<\/a><\/h4>\n<p>Abgestimmt unter den <strong>Top 3 Resorts der Welt<\/strong> und von Cond\u00e9 Nast Traveler-Lesern als bestes Resort im Indischen Ozean der letzten Jahre ausgezeichnet! Das Nautilus Maldives ist der unvergleichliche Standort der Insel. liegt auf einer ganz eigenen, unber\u00fchrten Insel mit wei\u00dfem Sand und ist mit \u00fcppiger endemischer Flora geschm\u00fcckt, in der UNESCO-Biosph\u00e4re des Baa-Atolls. Die Nautilus ist Ihr luxuri\u00f6ses Boheme-Refugium auf den Malediven. Das 5-Sterne-Resort bietet Leben ohne Grenzen.<\/p>\n\n\t\t<\/div>\n\t<\/div>\n<\/div><\/div><\/div><\/div><div class=\"vc_row wpb_row vc_row-fluid\"><div class=\"wpb_column vc_column_container vc_col-sm-3\"><div class=\"vc_column-inner\"><div class=\"wpb_wrapper\">\n\t<div  class=\"wpb_single_image wpb_content_element vc_align_left wpb_content_element\">\n\t\t\n\t\t<figure class=\"wpb_wrapper vc_figure\">\n\t\t\t<a href=\"https:\/\/lamp.glopss.com\/aff_c?offer_id=9&#038;aff_id=1834&#038;url=https%3A%2F%2Fwww.anantara.com%2Fen%2Fkihavah-maldives\" target=\"_self\" class=\"vc_single_image-wrapper   vc_box_border_grey\"><img loading=\"lazy\" decoding=\"async\" width=\"150\" height=\"150\" src=\"https:\/\/maldives-paradise.com\/wp-content\/uploads\/2024\/02\/anantara_kihavah_over_water_pool_villa_aerial_400px-150x150.jpg\" class=\"vc_single_image-img attachment-thumbnail\" alt=\"Anantara Kihavah Malediven Overwater Villas\" title=\"anantara_kihavah_over_water_pool_villa_aerial_400px\" \/><\/a>\n\t\t<\/figure>\n\t<\/div>\n<\/div><\/div><\/div><div class=\"wpb_column vc_column_container vc_col-sm-9\"><div class=\"vc_column-inner\"><div class=\"wpb_wrapper\">\n\t<div class=\"wpb_text_column wpb_content_element\" >\n\t\t<div class=\"wpb_wrapper\">\n\t\t\t<h4><a href=\"https:\/\/lamp.glopss.com\/SHUs\" target=\"_blank\" rel=\"nofollow noopener\">Anantara Kihavah Malediven Villen<\/a><\/h4>\n<p>Umgeben von nichts als einer t\u00fcrkisfarbenen Lagune, die ins Saphirblau \u00fcbergeht, ragt die Luxusresortinsel Anantara Kihavah auf den Malediven mit ihren reinwei\u00dfen Sandstr\u00e4nden wie eine Fata Morgana aus dem Meer. Luxuri\u00f6se \u00dcberwasservillen mit privatem Pool. Bietet Platz f\u00fcr bis zu 2 Erwachsene und 2 Kinder oder 3 Erwachsene. Badezimmer im Freien mit eingelassener Whirlpool-Badewanne mit Glasboden, private Fahrr\u00e4der und 24-Stunden-Privatvilla-Gastgeber.<br \/>\n<span style=\"color: #ff0000;\"><strong>Bestpreisgarantie bei Direktbuchung in diesem Hotel.<\/strong><\/span><\/p>\n\n\t\t<\/div>\n\t<\/div>\n<\/div><\/div><\/div><\/div><div class=\"vc_row wpb_row vc_row-fluid\"><div class=\"wpb_column vc_column_container vc_col-sm-3\"><div class=\"vc_column-inner\"><div class=\"wpb_wrapper\">\n\t<div  class=\"wpb_single_image wpb_content_element vc_align_left wpb_content_element\">\n\t\t\n\t\t<figure class=\"wpb_wrapper vc_figure\">\n\t\t\t<a href=\"http:\/\/maldives-paradise.com\/de\/vier-jahreszeiten-malediven-landaa-giraavaru\/\" target=\"_self\" class=\"vc_single_image-wrapper   vc_box_border_grey\"><img loading=\"lazy\" decoding=\"async\" width=\"150\" height=\"150\" src=\"https:\/\/maldives-paradise.com\/wp-content\/uploads\/2024\/01\/Four-Seasons-Maldives-Landaa-Giraavaru2-150x150.jpeg\" class=\"vc_single_image-img attachment-thumbnail\" alt=\"Four Seasons Malediven Landaa Giraavaru\" title=\"Four-Seasons-Maledives-Landaa-Giraavaru2\" \/><\/a>\n\t\t<\/figure>\n\t<\/div>\n<\/div><\/div><\/div><div class=\"wpb_column vc_column_container vc_col-sm-9\"><div class=\"vc_column-inner\"><div class=\"wpb_wrapper\">\n\t<div class=\"wpb_text_column wpb_content_element\" >\n\t\t<div class=\"wpb_wrapper\">\n\t\t\t<h4><a href=\"http:\/\/maldives-paradise.com\/de\/vier-jahreszeiten-malediven-landaa-giraavaru\/\">Four Seasons Resort Malediven Landaa Giraavaru<\/a><\/h4>\n<p>Im Four Seasons Maldives Landaa Giraavaru ist jeder Moment ein Fest von unvergleichlicher Eleganz. Tauchen Sie ein in die nat\u00fcrliche Sch\u00f6nheit der Malediven und erleben Sie erstklassigen Service und Annehmlichkeiten, die die Bedeutung von Genuss neu definieren. Das ist mehr als ein Urlaub; Es ist eine Symphonie aus Luxus, Natur und unvergesslichen Momenten.<\/p>\n\n\t\t<\/div>\n\t<\/div>\n<\/div><\/div><\/div><\/div><div class=\"vc_row wpb_row vc_row-fluid\"><div class=\"wpb_column vc_column_container vc_col-sm-3\"><div class=\"vc_column-inner\"><div class=\"wpb_wrapper\">\n\t<div  class=\"wpb_single_image wpb_content_element vc_align_left wpb_content_element\">\n\t\t\n\t\t<figure class=\"wpb_wrapper vc_figure\">\n\t\t\t<a href=\"http:\/\/maldives-paradise.com\/de\/gili-lankanfushi-malediven\/\" target=\"_self\" class=\"vc_single_image-wrapper   vc_box_border_grey\"><img loading=\"lazy\" decoding=\"async\" width=\"150\" height=\"150\" src=\"https:\/\/maldives-paradise.com\/wp-content\/uploads\/2024\/02\/gili-lankanfushiGLM_Old-Wing-Bathroom-400-150x150.jpg\" class=\"vc_single_image-img attachment-thumbnail\" alt=\"Gili Lankanfushi\" title=\"gili-lankanfushiGLM_Old-Wing-Bathroom-400\" \/><\/a>\n\t\t<\/figure>\n\t<\/div>\n<\/div><\/div><\/div><div class=\"wpb_column vc_column_container vc_col-sm-9\"><div class=\"vc_column-inner\"><div class=\"wpb_wrapper\">\n\t<div class=\"wpb_text_column wpb_content_element\" >\n\t\t<div class=\"wpb_wrapper\">\n\t\t\t<h4><a href=\"http:\/\/maldives-paradise.com\/de\/gili-lankanfushi-malediven\/\">Gili Lankanfushi<\/a><\/h4>\n<p>Gili Lankanfushi Malediven ist nicht nur ein Reiseziel; Es ist ein R\u00fcckzugsort f\u00fcr diejenigen, die eine unvergleichliche Mischung aus Luxus, Nachhaltigkeit und nat\u00fcrlicher Sch\u00f6nheit suchen. Jeder Moment in diesem au\u00dfergew\u00f6hnlichen Resort ist eine Einladung, inmitten von Genuss und Ruhe bleibende Erinnerungen zu schaffen. Geben Sie sich dem Charme des Gili Lankanfushi auf den Malediven hin, wo das Paradies auf Sie wartet.<\/p>\n\n\t\t<\/div>\n\t<\/div>\n<\/div><\/div><\/div><\/div><div class=\"vc_row wpb_row vc_row-fluid\"><div class=\"wpb_column vc_column_container vc_col-sm-3\"><div class=\"vc_column-inner\"><div class=\"wpb_wrapper\">\n\t<div  class=\"wpb_single_image wpb_content_element vc_align_left wpb_content_element\">\n\t\t\n\t\t<figure class=\"wpb_wrapper vc_figure\">\n\t\t\t<a href=\"http:\/\/maldives-paradise.com\/de\/das-st-regis-maldives-vommuli-resort\/\" target=\"_self\" class=\"vc_single_image-wrapper   vc_box_border_grey\"><img loading=\"lazy\" decoding=\"async\" width=\"150\" height=\"150\" src=\"https:\/\/maldives-paradise.com\/wp-content\/uploads\/2024\/01\/st-regis-2-150x150.jpg\" class=\"vc_single_image-img attachment-thumbnail\" alt=\"Das St. Regis Maldives Vommuli Resort\" title=\"st-regis-2\" \/><\/a>\n\t\t<\/figure>\n\t<\/div>\n<\/div><\/div><\/div><div class=\"wpb_column vc_column_container vc_col-sm-9\"><div class=\"vc_column-inner\"><div class=\"wpb_wrapper\">\n\t<div class=\"wpb_text_column wpb_content_element\" >\n\t\t<div class=\"wpb_wrapper\">\n\t\t\t<h4><a href=\"http:\/\/maldives-paradise.com\/de\/das-st-regis-maldives-vommuli-resort\/\">St. Regis Maldives Vommuli Resort<\/a><\/h4>\n<p>Die ger\u00e4umigen Villen und Suiten verf\u00fcgen \u00fcber einen privaten Pool, iPad-Raumsteuerung, elektronische Vorh\u00e4nge, Holzb\u00f6den, Marmorbad, raumhohe Fenster, begehbaren Kleiderschrank, private Terrasse, freistehende Badewannen, Regenwalddusche und Bang &amp; Olufsen BeoVision FERNSEHER. F\u00fcr alle Zimmer steht ein pers\u00f6nlicher St. Regis Butler-Service zur Verf\u00fcgung.<\/p>\n\n\t\t<\/div>\n\t<\/div>\n<\/div><\/div><\/div><\/div><div class=\"vc_row wpb_row vc_row-fluid\"><div class=\"wpb_column vc_column_container vc_col-sm-3\"><div class=\"vc_column-inner\"><div class=\"wpb_wrapper\">\n\t<div  class=\"wpb_single_image wpb_content_element vc_align_left wpb_content_element\">\n\t\t\n\t\t<figure class=\"wpb_wrapper vc_figure\">\n\t\t\t<a href=\"http:\/\/maldives-paradise.com\/de\/soneva-fushi\/\" target=\"_self\" class=\"vc_single_image-wrapper   vc_box_border_grey\"><img loading=\"lazy\" decoding=\"async\" width=\"150\" height=\"150\" src=\"https:\/\/maldives-paradise.com\/wp-content\/uploads\/2024\/01\/soneva-fushi2-150x150.jpg\" class=\"vc_single_image-img attachment-thumbnail\" alt=\"Soneva Fushi\" title=\"soneva-fushi2\" \/><\/a>\n\t\t<\/figure>\n\t<\/div>\n<\/div><\/div><\/div><div class=\"wpb_column vc_column_container vc_col-sm-9\"><div class=\"vc_column-inner\"><div class=\"wpb_wrapper\">\n\t<div class=\"wpb_text_column wpb_content_element\" >\n\t\t<div class=\"wpb_wrapper\">\n\t\t\t<h4><a href=\"http:\/\/maldives-paradise.com\/de\/soneva-fushi\/\">Soneva Fushi<\/a><\/h4>\n<p>Keine Neuigkeiten, keine Schuhe! F\u00fcnf-Sterne-\u00d6ko-Luxus-Inselresort. <strong>Soneva Fushi<\/strong> ist ein Luxusresort auf einer wundersch\u00f6nen Insel der Malediven und bietet wei\u00dfe Sandstr\u00e4nde, kristallklares Wasser und einmalige Erlebnisse. Die Insel Baa Atoll bietet Luxus, umweltfreundliches Design und authentische maledivische Erlebnisse.<\/p>\n\n\t\t<\/div>\n\t<\/div>\n<\/div><\/div><\/div><\/div><div class=\"vc_row wpb_row vc_row-fluid\"><div class=\"wpb_column vc_column_container vc_col-sm-3\"><div class=\"vc_column-inner\"><div class=\"wpb_wrapper\">\n\t<div  class=\"wpb_single_image wpb_content_element vc_align_left wpb_content_element\">\n\t\t\n\t\t<figure class=\"wpb_wrapper vc_figure\">\n\t\t\t<a href=\"https:\/\/lamp.glopss.com\/aff_c?offer_id=1506&#038;aff_id=1834\" target=\"_self\" class=\"vc_single_image-wrapper   vc_box_border_grey\"><img loading=\"lazy\" decoding=\"async\" width=\"150\" height=\"150\" src=\"https:\/\/maldives-paradise.com\/wp-content\/uploads\/2024\/02\/PatinaMaldives5-400-150x150.jpg\" class=\"vc_single_image-img attachment-thumbnail\" alt=\"Patina Malediven\" title=\"Patina+Malediven5-400\" \/><\/a>\n\t\t<\/figure>\n\t<\/div>\n<\/div><\/div><\/div><div class=\"wpb_column vc_column_container vc_col-sm-9\"><div class=\"vc_column-inner\"><div class=\"wpb_wrapper\">\n\t<div class=\"wpb_text_column wpb_content_element\" >\n\t\t<div class=\"wpb_wrapper\">\n\t\t\t<h4><a href=\"https:\/\/lamp.glopss.com\/aff_c?offer_id=1506&amp;aff_id=1834\">Patina Malediven<\/a><\/h4>\n<p>Patina Maldives ist ein preisgekr\u00f6ntes Juwel und bietet anspruchsvollen Reisenden einen luxuri\u00f6sen Zufluchtsort im Paradies. Mit seinen atemberaubenden \u00dcberwasservillen, exquisiten kulinarischen Erlebnissen, erstklassigen Annehmlichkeiten und seinem Engagement f\u00fcr Nachhaltigkeit verspricht das Resort einen unvergesslichen R\u00fcckzugsort an einem der atemberaubendsten Reiseziele der Welt.<\/p>\n\n\t\t<\/div>\n\t<\/div>\n<\/div><\/div><\/div><\/div><div class=\"vc_row wpb_row vc_row-fluid\"><div class=\"wpb_column vc_column_container vc_col-sm-12\"><div class=\"vc_column-inner\"><div class=\"wpb_wrapper\">\n\t<div class=\"wpb_text_column wpb_content_element\" >\n\t\t<div class=\"wpb_wrapper\">\n\t\t\t<h4>Die besten Resorts auf den Malediven nach Kategorie<\/h4>\n<p class=\"has-small-font-size\"><a title=\"Die 12 besten Familienresorts\" href=\"https:\/\/maldives-paradise.com\/de\/?page_id=8933\">Die besten Familienresorts auf den Malediven<\/a><\/p>\n<p class=\"has-small-font-size\"><a title=\"Die besten Resorts nur f\u00fcr Erwachsene\" href=\"https:\/\/maldives-paradise.com\/de\/?page_id=8790\">Die besten Resorts nur f\u00fcr Erwachsene auf den Malediven<\/a><\/p>\n<p class=\"has-small-font-size\"><a title=\"Die besten All-Inclusive-Resorts\" href=\"https:\/\/maldives-paradise.com\/de\/?page_id=8762\">Die besten All-Inclusive-Resorts auf den Malediven<\/a><\/p>\n<p class=\"has-small-font-size\"><a title=\"Die 12 besten All-Inclusive-Resorts nur f\u00fcr Erwachsene\" href=\"https:\/\/maldives-paradise.com\/de\/die-12-besten-all-inclusive-resorts-nur-fur-erwachsene-auf-den-malediven\/\">Die besten All-Inclusive-Resorts nur f\u00fcr Erwachsene<\/a><\/p>\n<p class=\"has-small-font-size\"><a title=\"Die 12 besten \u00dcberwasservillen auf den Malediven\" href=\"https:\/\/maldives-paradise.com\/de\/die-12-besten-uberwasservillen-auf-den-malediven\/\">Die besten Over-Water-Villen auf den Malediven<\/a><\/p>\n<p class=\"has-small-font-size\"><a title=\"Die 12 besten Luxusresorts auf den Malediven\" href=\"https:\/\/maldives-paradise.com\/de\/die-12-besten-luxusresorts-auf-den-malediven\/\">Die besten Luxusresorts auf den Malediven<\/a><\/p>\n<p class=\"has-small-font-size\"><a title=\"Die 12 besten Gourmet-Resorts auf den Malediven\" href=\"https:\/\/maldives-paradise.com\/de\/die-12-besten-gourmet-resorts-auf-den-malediven\/\">Die besten Gourmet-Resorts auf den Malediven<\/a><\/p>\n<p class=\"has-small-font-size\"><a title=\"Die 12 besten Spa-Resorts auf den Malediven\" href=\"https:\/\/maldives-paradise.com\/de\/die-12-besten-spa-resorts-auf-den-malediven\/\">Die besten Spa-Resorts auf den Malediven<\/a><\/p>\n<p class=\"has-small-font-size\"><a title=\"Die 12 Resorts mit dem besten Hausriff auf den Malediven\" href=\"https:\/\/maldives-paradise.com\/de\/die-12-resorts-mit-dem-besten-hausriff-auf-den-malediven\/\">Die Resorts mit dem besten Hausriff auf den Malediven<\/a><\/p>\n<p class=\"has-small-font-size\"><a title=\"Die besten Tauchresorts auf den Malediven\" href=\"https:\/\/maldives-paradise.com\/de\/die-12-resorts-mit-dem-besten-hausriff-auf-den-malediven\/\">Die besten Tauchresorts auf den Malediven<\/a><\/p>\n<p class=\"has-small-font-size\"><a title=\"Die 12 besten Resorts auf mehreren Inseln der Malediven\" href=\"https:\/\/maldives-paradise.com\/de\/die-12-besten-multi-island-resorts-auf-den-malediven\/\">Die besten Multi-Island-Resorts auf den Malediven<\/a><\/p>\n\n\t\t<\/div>\n\t<\/div>\n<\/div><\/div><\/div><\/div>\n<\/div>","protected":false},"excerpt":{"rendered":"<div class=\"mh-excerpt\"><\/div>","protected":false},"author":1,"featured_media":11074,"parent":0,"menu_order":0,"comment_status":"closed","ping_status":"closed","template":"","meta":{"footnotes":""},"class_list":["post-11542","page","type-page","status-publish","has-post-thumbnail"],"aioseo_notices":[],"_links":{"self":[{"href":"http:\/\/maldives-paradise.com\/de\/wp-json\/wp\/v2\/pages\/11542","targetHints":{"allow":["GET"]}}],"collection":[{"href":"http:\/\/maldives-paradise.com\/de\/wp-json\/wp\/v2\/pages"}],"about":[{"href":"http:\/\/maldives-paradise.com\/de\/wp-json\/wp\/v2\/types\/page"}],"author":[{"embeddable":true,"href":"http:\/\/maldives-paradise.com\/de\/wp-json\/wp\/v2\/users\/1"}],"replies":[{"embeddable":true,"href":"http:\/\/maldives-paradise.com\/de\/wp-json\/wp\/v2\/comments?post=11542"}],"version-history":[{"count":6,"href":"http:\/\/maldives-paradise.com\/de\/wp-json\/wp\/v2\/pages\/11542\/revisions"}],"predecessor-version":[{"id":45310,"href":"http:\/\/maldives-paradise.com\/de\/wp-json\/wp\/v2\/pages\/11542\/revisions\/45310"}],"wp:featuredmedia":[{"embeddable":true,"href":"http:\/\/maldives-paradise.com\/de\/wp-json\/wp\/v2\/media\/11074"}],"wp:attachment":[{"href":"http:\/\/maldives-paradise.com\/de\/wp-json\/wp\/v2\/media?parent=11542"}],"curies":[{"name":"wp","href":"https:\/\/api.w.org\/{rel}","templated":true}]}}