{"id":11055,"date":"2024-02-20T16:49:42","date_gmt":"2024-02-20T16:49:42","guid":{"rendered":"http:\/\/maldives-paradise.com\/?page_id=11055"},"modified":"2025-11-26T09:30:18","modified_gmt":"2025-11-26T09:30:18","slug":"die-12-besten-uberwasservillen-auf-den-malediven","status":"publish","type":"page","link":"http:\/\/maldives-paradise.com\/de\/die-12-besten-uberwasservillen-auf-den-malediven\/","title":{"rendered":"Die besten Over-Water-Villen auf den Malediven"},"content":{"rendered":"<div class=\"wpb-content-wrapper\"><div class=\"vc_row wpb_row vc_row-fluid\"><div class=\"wpb_column vc_column_container vc_col-sm-12\"><div class=\"vc_column-inner\"><div class=\"wpb_wrapper\">\n\t<div class=\"wpb_text_column wpb_content_element\" >\n\t\t<div class=\"wpb_wrapper\">\n\t\t\t<p>Auf den Malediven gibt es eine Reihe exquisiter Luxus-Villenresorts \u00fcber dem Wasser, die jeweils unvergleichliche Opulenz und atemberaubende Ausblicke auf den Indischen Ozean bieten. Unter diesen sticht das ikonische Soneva Jani hervor, das f\u00fcr seine ger\u00e4umigen Villen mit privaten Pools und Wasserrutschen bekannt ist. Eine weitere Top-Wahl ist die Kudadoo Maldives Private Island mit eleganten Villen mit direktem Zugang zur t\u00fcrkisfarbenen Lagune. Dar\u00fcber hinaus beeindruckt das Ritz-Carlton Fari Island durch die atemberaubende Gr\u00f6\u00dfe der Villen, perfekt f\u00fcr diejenigen, die Privatsph\u00e4re w\u00fcnschen. Diese Resorts verk\u00f6rpern den Inbegriff von Luxus auf den Malediven und bieten G\u00e4sten unvergessliche Erlebnisse inmitten der Pracht der Natur.<\/p>\n<p>Die Buchung einer \u00dcberwasservilla in einem Inselresort auf den Malediven bietet ein einzigartiges und luxuri\u00f6ses Erlebnis wie kein anderes. Stellen Sie sich vor, Sie wachen mit Panoramablick auf das Meer auf, treten von Ihrem privaten Deck direkt in kristallklares Wasser und genie\u00dfen die Ruhe, die das Meer umgibt. \u00dcberwasservillen bieten unvergleichliche Privatsph\u00e4re und Komfort und verf\u00fcgen oft \u00fcber private Pools, ger\u00e4umige Sonnendecks und direkten Zugang zu lebhaften Korallenriffen. Eine \u00dcberwasservilla ist perfekt f\u00fcr Romantik, Entspannung und Abenteuer und verspricht einen unvergesslichen Aufenthalt in einer der sch\u00f6nsten und ruhigsten Umgebungen der Welt.<\/p>\n\n\t\t<\/div>\n\t<\/div>\n<\/div><\/div><\/div><\/div><div class=\"vc_row wpb_row vc_row-fluid\"><div class=\"wpb_column vc_column_container vc_col-sm-3\"><div class=\"vc_column-inner\"><div class=\"wpb_wrapper\">\n\t<div  class=\"wpb_single_image wpb_content_element vc_align_left wpb_content_element\">\n\t\t\n\t\t<figure class=\"wpb_wrapper vc_figure\">\n\t\t\t<a href=\"https:\/\/lamp.glopss.com\/aff_c?offer_id=9&#038;aff_id=1834&#038;url=https%3A%2F%2Fwww.anantara.com%2Fen%2Fkihavah-maldives\" target=\"_self\" class=\"vc_single_image-wrapper   vc_box_border_grey\"><img loading=\"lazy\" decoding=\"async\" width=\"150\" height=\"150\" src=\"https:\/\/maldives-paradise.com\/wp-content\/uploads\/2024\/02\/anantara_kihavah_over_water_pool_villa_aerial_400px-150x150.jpg\" class=\"vc_single_image-img attachment-thumbnail\" alt=\"Anantara Kihavah Malediven Overwater Villas\" title=\"anantara_kihavah_over_water_pool_villa_aerial_400px\" \/><\/a>\n\t\t<\/figure>\n\t<\/div>\n<\/div><\/div><\/div><div class=\"wpb_column vc_column_container vc_col-sm-9\"><div class=\"vc_column-inner\"><div class=\"wpb_wrapper\">\n\t<div class=\"wpb_text_column wpb_content_element\" >\n\t\t<div class=\"wpb_wrapper\">\n\t\t\t<h4><a href=\"https:\/\/lamp.glopss.com\/SHUs\" target=\"_blank\" rel=\"nofollow noopener\">Anantara Kihavah Malediven Villen<\/a><\/h4>\n<p>Luxuri\u00f6se \u00dcberwasservillen mit privatem Pool. Bietet Platz f\u00fcr bis zu 2 Erwachsene und 2 Kinder oder 3 Erwachsene. Die Villagr\u00f6\u00dfe betr\u00e4gt 267 Quadratmeter. Badezimmer im Freien mit eingelassener Whirlpool-Badewanne mit Glasboden, private Fahrr\u00e4der und 24-Stunden-Privatvilla-Gastgeber.<\/p>\n\n\t\t<\/div>\n\t<\/div>\n<\/div><\/div><\/div><\/div><div class=\"vc_row wpb_row vc_row-fluid\"><div class=\"wpb_column vc_column_container vc_col-sm-3\"><div class=\"vc_column-inner\"><div class=\"wpb_wrapper\">\n\t<div  class=\"wpb_single_image wpb_content_element vc_align_left wpb_content_element\">\n\t\t\n\t\t<figure class=\"wpb_wrapper vc_figure\">\n\t\t\t<a href=\"https:\/\/lamp.glopss.com\/aff_c?offer_id=1062&#038;aff_id=1834&#038;url=https%3A%2F%2Ftheozencollection.com%2Fozenreserve-bolifushi%2F\" target=\"_self\" class=\"vc_single_image-wrapper   vc_box_border_grey\"><img loading=\"lazy\" decoding=\"async\" width=\"150\" height=\"150\" src=\"https:\/\/maldives-paradise.com\/wp-content\/uploads\/2024\/02\/zenReserveBolifushiI-reservewithSlide-400-150x150.jpg\" class=\"vc_single_image-img attachment-thumbnail\" alt=\"OZEN Reserve Bolifushi \u2013 \u00dcberwasservilla mit privatem Pool und Rutsche\" title=\"zenReserveBolifushiI-reservewithSlide-400\" \/><\/a>\n\t\t<\/figure>\n\t<\/div>\n<\/div><\/div><\/div><div class=\"wpb_column vc_column_container vc_col-sm-9\"><div class=\"vc_column-inner\"><div class=\"wpb_wrapper\">\n\t<div class=\"wpb_text_column wpb_content_element\" >\n\t\t<div class=\"wpb_wrapper\">\n\t\t\t<h4><a href=\"https:\/\/hotellook.tpo.lv\/TS7vvbhE\" target=\"_blank\" rel=\"nofollow noopener\">OZEN Reserve Bolifushi<\/a><\/h4>\n<p>Eine exklusive \u00dcberwasserunterkunft mit atemberaubendem Meerblick. Jeder Ocean Pool RESERVE Sunset mit Rutsche verf\u00fcgt \u00fcber einen 35 m\u00b2 gro\u00dfen privaten Infinity-Pool und eine Terrasse, H\u00e4ngematten \u00fcber dem Wasser, eine abgeschiedene Strandterrasse und eine 23 Meter lange Wasserrutsche, die G\u00e4ste direkt in den schimmernden azurblauen Indischen Ozean katapultiert.<\/p>\n\n\t\t<\/div>\n\t<\/div>\n<\/div><\/div><\/div><\/div><div class=\"vc_row wpb_row vc_row-fluid\"><div class=\"wpb_column vc_column_container vc_col-sm-3\"><div class=\"vc_column-inner\"><div class=\"wpb_wrapper\">\n\t<div  class=\"wpb_single_image wpb_content_element vc_align_left wpb_content_element\">\n\t\t\n\t\t<figure class=\"wpb_wrapper vc_figure\">\n\t\t\t<a href=\"https:\/\/lamp.glopss.com\/aff_c?offer_id=264&#038;aff_id=1834&#038;url=https%3A%2F%2Fwww.kudadoo.com%2F\" target=\"_self\" class=\"vc_single_image-wrapper   vc_box_border_grey\"><img loading=\"lazy\" decoding=\"async\" width=\"150\" height=\"150\" src=\"https:\/\/maldives-paradise.com\/wp-content\/uploads\/2024\/02\/Kudadoo-Villa-deck-Models-2_4000-150x150.jpg\" class=\"vc_single_image-img attachment-thumbnail\" alt=\"Kudadoo Malediven Privatinsel\" title=\"Kudadoo-Villa-deck-Models-2_4000\" \/><\/a>\n\t\t<\/figure>\n\t<\/div>\n<\/div><\/div><\/div><div class=\"wpb_column vc_column_container vc_col-sm-9\"><div class=\"vc_column-inner\"><div class=\"wpb_wrapper\">\n\t<div class=\"wpb_text_column wpb_content_element\" >\n\t\t<div class=\"wpb_wrapper\">\n\t\t\t<h4><a href=\"https:\/\/lamp.glopss.com\/aff_c?offer_id=264&amp;aff_id=1834&amp;url=https%3A%2F%2Fwww.kudadoo.com%2F\" target=\"_blank\" rel=\"nofollow noopener\">Kudadoo Malediven Privatinsel<\/a><\/h4>\n<p>Die 310 Quadratmeter gro\u00dfen Ocean Pool Residences verf\u00fcgen \u00fcber weitl\u00e4ufige \u00dcberwasserdecks, einen privaten Infinity-Pool, zahlreiche Liegem\u00f6glichkeiten im Freien und ein H\u00e4ngesofa. Diese exquisit gestalteten privaten Luxusresidenzen in Kudadoo verf\u00fcgen \u00fcber ein ger\u00e4umiges Badezimmer mit Badewanne, Dusche und Schminkbereich. Exotische und klare Linien mit erdigen Farbt\u00f6nen und nat\u00fcrlichen Materialien. <strong>Pers\u00f6nlicher Butler inklusive. Alles, \u00fcberall und jederzeit.<\/strong><\/p>\n\n\t\t<\/div>\n\t<\/div>\n<\/div><\/div><\/div><\/div><div class=\"vc_row wpb_row vc_row-fluid\"><div class=\"wpb_column vc_column_container vc_col-sm-3\"><div class=\"vc_column-inner\"><div class=\"wpb_wrapper\">\n\t<div  class=\"wpb_single_image wpb_content_element vc_align_left wpb_content_element\">\n\t\t\n\t\t<figure class=\"wpb_wrapper vc_figure\">\n\t\t\t<a href=\"http:\/\/maldives-paradise.com\/de\/soneva-jani\/\" target=\"_self\" class=\"vc_single_image-wrapper   vc_box_border_grey\"><img loading=\"lazy\" decoding=\"async\" width=\"150\" height=\"150\" src=\"https:\/\/maldives-paradise.com\/wp-content\/uploads\/2024\/02\/soneva-jani-over-water-villa-slide-400-150x150.jpg\" class=\"vc_single_image-img attachment-thumbnail\" alt=\"Soneva Jani \u00dcberwasservilla mit Pool\" title=\"soneva-jani-over-water-villa-slide-400\" \/><\/a>\n\t\t<\/figure>\n\t<\/div>\n<\/div><\/div><\/div><div class=\"wpb_column vc_column_container vc_col-sm-9\"><div class=\"vc_column-inner\"><div class=\"wpb_wrapper\">\n\t<div class=\"wpb_text_column wpb_content_element\" >\n\t\t<div class=\"wpb_wrapper\">\n\t\t\t<h4><a href=\"http:\/\/maldives-paradise.com\/de\/soneva-jani\/\">Soneva Jani<\/a><\/h4>\n<p>Alle luxuri\u00f6sen \u00dcberwasser- und Inselvillen sind so konzipiert, dass sie maximalen Platz, Privatsph\u00e4re und unvergessliche Ausblicke bieten. Mit ein bis vier Schlafzimmern. 51 Wasservillen verf\u00fcgen alle \u00fcber private Pools, Wasserrutschen in die Lagune und ein ausfahrbares Dach \u00fcber dem Hauptschlafzimmer. Unsere sieben Inselvillen liegen nur wenige Schritte vom Strand entfernt und verf\u00fcgen \u00fcber private Pools und weitl\u00e4ufige Wohnr\u00e4ume im Innen- und Au\u00dfenbereich.<\/p>\n\n\t\t<\/div>\n\t<\/div>\n<\/div><\/div><\/div><\/div><div class=\"vc_row wpb_row vc_row-fluid\"><div class=\"wpb_column vc_column_container vc_col-sm-3\"><div class=\"vc_column-inner\"><div class=\"wpb_wrapper\">\n\t<div  class=\"wpb_single_image wpb_content_element vc_align_left wpb_content_element\">\n\t\t\n\t\t<figure class=\"wpb_wrapper vc_figure\">\n\t\t\t<a href=\"https:\/\/lamp.glopss.com\/aff_c?offer_id=264&#038;aff_id=1834&#038;url=https%3A%2F%2Fwww.niyama.com%2F\" target=\"_self\" class=\"vc_single_image-wrapper   vc_box_border_grey\"><img loading=\"lazy\" decoding=\"async\" width=\"150\" height=\"150\" src=\"https:\/\/maldives-paradise.com\/wp-content\/uploads\/2024\/02\/niyama_maldives_water_pool_villa_guest_bedroom_with_ocean_view_400-150x150.jpg\" class=\"vc_single_image-img attachment-thumbnail\" alt=\"Niyama Privatinsel Malediven\" title=\"niyama_maldives_water_pool_villa_guest_schlafzimmer_with_ocean_view_400\" \/><\/a>\n\t\t<\/figure>\n\t<\/div>\n<\/div><\/div><\/div><div class=\"wpb_column vc_column_container vc_col-sm-9\"><div class=\"vc_column-inner\"><div class=\"wpb_wrapper\">\n\t<div class=\"wpb_text_column wpb_content_element\" >\n\t\t<div class=\"wpb_wrapper\">\n\t\t\t<h4><a href=\"https:\/\/lamp.glopss.com\/SHUv\" target=\"_blank\" rel=\"nofollow noopener\">Niyama Privatinsel Malediven<\/a><\/h4>\n<p>Entspannen Sie sich auf der privaten Terrasse Ihrer 190 m\u00b2 gro\u00dfen Luxusvilla mit Wasserpool auf den Malediven und bestaunen Sie die Wunder des kristallklaren Wassers dahinter. Ein Blick auf die t\u00fcrkisfarbene, azurblaue Leinwand des Himmels und des Meeres vor Ihnen ist Grund genug, die beste Wahl f\u00fcr eine Poolvilla auf den Malediven mit Butler-Service zu rechtfertigen.<\/p>\n\n\t\t<\/div>\n\t<\/div>\n<\/div><\/div><\/div><\/div><div class=\"vc_row wpb_row vc_row-fluid\"><div class=\"wpb_column vc_column_container vc_col-sm-3\"><div class=\"vc_column-inner\"><div class=\"wpb_wrapper\">\n\t<div  class=\"wpb_single_image wpb_content_element vc_align_left wpb_content_element\">\n\t\t\n\t\t<figure class=\"wpb_wrapper vc_figure\">\n\t\t\t<a href=\"https:\/\/lamp.glopss.com\/aff_c?offer_id=1354&#038;aff_id=1834&#038;url=https%3A%2F%2Fwww.comohotels.com%2Fmaldives%2Fcomo-cocoa-island\" target=\"_self\" class=\"vc_single_image-wrapper   vc_box_border_grey\"><img loading=\"lazy\" decoding=\"async\" width=\"150\" height=\"150\" src=\"https:\/\/maldives-paradise.com\/wp-content\/uploads\/2024\/02\/COMO-Cocoa-South-Male-Maldives-10-400-150x150.jpg\" class=\"vc_single_image-img attachment-thumbnail\" alt=\"COMO Kakaoinsel\" title=\"COMO-Cocoa-South-Male-Maledives-10-400\" \/><\/a>\n\t\t<\/figure>\n\t<\/div>\n<\/div><\/div><\/div><div class=\"wpb_column vc_column_container vc_col-sm-9\"><div class=\"vc_column-inner\"><div class=\"wpb_wrapper\">\n\t<div class=\"wpb_text_column wpb_content_element\" >\n\t\t<div class=\"wpb_wrapper\">\n\t\t\t<h4><a href=\"https:\/\/lamp.glopss.com\/SHU8\" target=\"_blank\" rel=\"nofollow noopener\">COMO Kakaoinsel<\/a><\/h4>\n<p>Diese 125 m\u00b2 gro\u00dfen Wasservillen mit einem Schlafzimmer befinden sich am \u00f6stlichen Ende des Resorts und verf\u00fcgen jeweils \u00fcber einen privaten Pool und eine Terrasse, die vom aquamarinfarbenen Ozean umgeben sind. Spezieller Butler-Service, privater Swimmingpool, weitl\u00e4ufiges Sonnendeck mit Liegest\u00fchlen und Esstisch sowie abgeschiedene Lage auf einem privaten Steg.<\/p>\n\n\t\t<\/div>\n\t<\/div>\n<\/div><\/div><\/div><\/div><div class=\"vc_row wpb_row vc_row-fluid\"><div class=\"wpb_column vc_column_container vc_col-sm-3\"><div class=\"vc_column-inner\"><div class=\"wpb_wrapper\">\n\t<div  class=\"wpb_single_image wpb_content_element vc_align_left wpb_content_element\">\n\t\t\n\t\t<figure class=\"wpb_wrapper vc_figure\">\n\t\t\t<a href=\"http:\/\/maldives-paradise.com\/de\/die-nautilus-malediven\/\" target=\"_self\" class=\"vc_single_image-wrapper   vc_box_border_grey\"><img loading=\"lazy\" decoding=\"async\" width=\"150\" height=\"150\" src=\"https:\/\/maldives-paradise.com\/wp-content\/uploads\/2024\/02\/nautilus-over-water-villa-400-150x150.jpg\" class=\"vc_single_image-img attachment-thumbnail\" alt=\"Die Nautilus-Malediven\" title=\"Nautilus-\u00fcber-Wasser-Villa-400\" \/><\/a>\n\t\t<\/figure>\n\t<\/div>\n<\/div><\/div><\/div><div class=\"wpb_column vc_column_container vc_col-sm-9\"><div class=\"vc_column-inner\"><div class=\"wpb_wrapper\">\n\t<div class=\"wpb_text_column wpb_content_element\" >\n\t\t<div class=\"wpb_wrapper\">\n\t\t\t<h4><a href=\"http:\/\/maldives-paradise.com\/de\/die-nautilus-malediven\/\">Die Nautilus-Malediven<\/a><\/h4>\n<p>Luxuri\u00f6se Ozeanvillen von 282 m\u00b2 mit privaten Pools. Erleben Sie das Leben \u00fcber dem Wasser in Ihrer ganz eigenen Meeresvilla auf den Malediven inmitten einer t\u00fcrkisfarbenen Lagune. Ein Sonnendeck reicht bis zum Horizont, mit Stufen, die Sie hinunter zur Lagune f\u00fchren, w\u00e4hrend Ihr eigener privater Infinity-Pool mit dem Blau des Ozeans verschmilzt. Genie\u00dfen Sie die intime Abgeschiedenheit einer Suite mit einem Schlafzimmer f\u00fcr zwei Personen. Privater Butler-Service.<\/p>\n\n\t\t<\/div>\n\t<\/div>\n<\/div><\/div><\/div><\/div><div class=\"vc_row wpb_row vc_row-fluid\"><div class=\"wpb_column vc_column_container vc_col-sm-3\"><div class=\"vc_column-inner\"><div class=\"wpb_wrapper\">\n\t<div  class=\"wpb_single_image wpb_content_element vc_align_left wpb_content_element\">\n\t\t\n\t\t<figure class=\"wpb_wrapper vc_figure\">\n\t\t\t<a href=\"https:\/\/lamp.glopss.com\/aff_c?offer_id=261&#038;aff_id=1834\" target=\"_self\" class=\"vc_single_image-wrapper   vc_box_border_grey\"><img loading=\"lazy\" decoding=\"async\" width=\"150\" height=\"150\" src=\"https:\/\/maldives-paradise.com\/wp-content\/uploads\/2024\/02\/Milaidhoo-Water-Poolvilla-400-150x150.jpg\" class=\"vc_single_image-img attachment-thumbnail\" alt=\"Milaidhoo Island Malediven\" title=\"Milaidhoo-Water-Poolvilla-400\" \/><\/a>\n\t\t<\/figure>\n\t<\/div>\n<\/div><\/div><\/div><div class=\"wpb_column vc_column_container vc_col-sm-9\"><div class=\"vc_column-inner\"><div class=\"wpb_wrapper\">\n\t<div class=\"wpb_text_column wpb_content_element\" >\n\t\t<div class=\"wpb_wrapper\">\n\t\t\t<h4><a href=\"https:\/\/lamp.glopss.com\/SHUd\" target=\"_blank\" rel=\"nofollow noopener\">Milaidhoo Island Resort Malediven<\/a><\/h4>\n<p>Wasservillen mit privatem Pool: Diese ger\u00e4umigen, 245 m\u00b2 gro\u00dfen, strohgedeckten Villen sind ruhig und voller Licht und \u00f6ffnen sich zu einer riesigen Sonnenterrasse, die von der reinen Luft einer frischen Meeresbrise umarmt wird. Das Sonnendeck ist rund um einen privaten, 42 m\u00b2 gro\u00dfen S\u00fc\u00dfwasser-Infinity-Pool angelegt und verf\u00fcgt \u00fcber eine Schaukelcouch im maledivischen Stil, Sonnenliegen, einen gro\u00dfen Sonnenschirm, einen Esstisch mit St\u00fchlen und ein gro\u00dfes, schattiges Tagesbett. Stufen f\u00fchren hinunter in die Lagune und erm\u00f6glichen einen einfachen Zugang zum nahegelegenen Korallenriff.<\/p>\n\n\t\t<\/div>\n\t<\/div>\n<\/div><\/div><\/div><\/div><div class=\"vc_row wpb_row vc_row-fluid\"><div class=\"wpb_column vc_column_container vc_col-sm-3\"><div class=\"vc_column-inner\"><div class=\"wpb_wrapper\">\n\t<div  class=\"wpb_single_image wpb_content_element vc_align_left wpb_content_element\">\n\t\t\n\t\t<figure class=\"wpb_wrapper vc_figure\">\n\t\t\t<a href=\"http:\/\/maldives-paradise.com\/de\/gili-lankanfushi-malediven\/\" target=\"_self\" class=\"vc_single_image-wrapper   vc_box_border_grey\"><img loading=\"lazy\" decoding=\"async\" width=\"150\" height=\"150\" src=\"https:\/\/maldives-paradise.com\/wp-content\/uploads\/2024\/02\/gili-lankanfushiGLM_Old-Wing-Bathroom-400-150x150.jpg\" class=\"vc_single_image-img attachment-thumbnail\" alt=\"Gili Lankanfushi\" title=\"gili-lankanfushiGLM_Old-Wing-Bathroom-400\" \/><\/a>\n\t\t<\/figure>\n\t<\/div>\n<\/div><\/div><\/div><div class=\"wpb_column vc_column_container vc_col-sm-9\"><div class=\"vc_column-inner\"><div class=\"wpb_wrapper\">\n\t<div class=\"wpb_text_column wpb_content_element\" >\n\t\t<div class=\"wpb_wrapper\">\n\t\t\t<h4><a href=\"http:\/\/maldives-paradise.com\/de\/gili-lankanfushi-malediven\/\">Gili Lankanfushi<\/a><\/h4>\n<p>\u00dcberwasservillen von 264 m\u00b2. Ein erweiterter Sonnendeckbereich parallel zur Villa mit einem Infinity-Pool, Sonnenliegen, zwei Tagesbetten und Katamarannetzen mit Blick auf die glitzernde t\u00fcrkisfarbene Lagune. Ger\u00e4umiges Hauptschlafzimmer mit Kingsize-Bett und Tagesbett. Herr Frau. Freitags 24 Stunden Rufbereitschaft.<\/p>\n\n\t\t<\/div>\n\t<\/div>\n<\/div><\/div><\/div><\/div><div class=\"vc_row wpb_row vc_row-fluid\"><div class=\"wpb_column vc_column_container vc_col-sm-3\"><div class=\"vc_column-inner\"><div class=\"wpb_wrapper\">\n\t<div  class=\"wpb_single_image wpb_content_element vc_align_left wpb_content_element\">\n\t\t\n\t\t<figure class=\"wpb_wrapper vc_figure\">\n\t\t\t<a href=\"http:\/\/maldives-paradise.com\/de\/oneonly-reethi-rah-malediven\/\" target=\"_self\" class=\"vc_single_image-wrapper   vc_box_border_grey\"><img loading=\"lazy\" decoding=\"async\" width=\"150\" height=\"150\" src=\"https:\/\/maldives-paradise.com\/wp-content\/uploads\/2024\/02\/oneandonly-over-water-villa-400-150x150.jpg\" class=\"vc_single_image-img attachment-thumbnail\" alt=\"One&amp;Only Reethi Island\" title=\"oneandonly-over-water-villa-400\" \/><\/a>\n\t\t<\/figure>\n\t<\/div>\n<\/div><\/div><\/div><div class=\"wpb_column vc_column_container vc_col-sm-9\"><div class=\"vc_column-inner\"><div class=\"wpb_wrapper\">\n\t<div class=\"wpb_text_column wpb_content_element\" >\n\t\t<div class=\"wpb_wrapper\">\n\t\t\t<h4><a href=\"http:\/\/maldives-paradise.com\/de\/oneonly-reethi-rah-malediven\/\">One&amp;Only Reethi Island<\/a><\/h4>\n<p>Wasser umgibt Sie in unseren sechs legend\u00e4ren 202 m\u00b2 gro\u00dfen \u00dcberwasservillen auf den Malediven. Ihr atemberaubender privater Infinity-Pool schwebt \u00fcber der t\u00fcrkisfarbenen Lagune und verf\u00fcgt \u00fcber eine Terrasse, auf der Sie ein Sonnenbad nehmen k\u00f6nnen. Das Schlafzimmer Ihrer Wasservilla mit Pool ist zum Meer hin offen, w\u00e4hrend Ihr Wohnraum hell, hell und luftig ist und das hohe Badezimmer eine Regenwasserdusche sowie eine Badewanne mit tiefem Boden bietet.<\/p>\n\n\t\t<\/div>\n\t<\/div>\n<\/div><\/div><\/div><\/div><div class=\"vc_row wpb_row vc_row-fluid\"><div class=\"wpb_column vc_column_container vc_col-sm-3\"><div class=\"vc_column-inner\"><div class=\"wpb_wrapper\">\n\t<div  class=\"wpb_single_image wpb_content_element vc_align_left wpb_content_element\">\n\t\t\n\t\t<figure class=\"wpb_wrapper vc_figure\">\n\t\t\t<a href=\"http:\/\/maldives-paradise.com\/de\/das-ritz-carlton-malediven\/\" target=\"_self\" class=\"vc_single_image-wrapper   vc_box_border_grey\"><img loading=\"lazy\" decoding=\"async\" width=\"150\" height=\"150\" src=\"https:\/\/maldives-paradise.com\/wp-content\/uploads\/2024\/02\/The-Ritz-Carlton-Maldives-Fari-Islands-Lagoon-Pool-Villa-400-150x150.jpg\" class=\"vc_single_image-img attachment-thumbnail\" alt=\"Ritz-Carlton Fari Island\" title=\"The-Ritz-Carlton-Maldives-Fari-Islands-Lagoon-Pool-Villa-400\" \/><\/a>\n\t\t<\/figure>\n\t<\/div>\n<\/div><\/div><\/div><div class=\"wpb_column vc_column_container vc_col-sm-9\"><div class=\"vc_column-inner\"><div class=\"wpb_wrapper\">\n\t<div class=\"wpb_text_column wpb_content_element\" >\n\t\t<div class=\"wpb_wrapper\">\n\t\t\t<h4><a href=\"http:\/\/maldives-paradise.com\/de\/das-ritz-carlton-malediven\/\">Ritz-Carlton Fari Island<\/a><\/h4>\n<p>\u00dcber azurblauem Wasser oder an Strandbuchten gelegen, verbinden die 350 m\u00b2 gro\u00dfen Villen mit 2 Schlafzimmern im The Ritz-Carlton Maldives, Fari Islands Inselleben mit modernem Design. Jede Villa verwischt die Grenze zwischen drinnen und drau\u00dfen und bietet Blick auf das Wasser, einen Infinity-Pool, eine Sonnenterrasse und die Aufmerksamkeit eines pers\u00f6nlichen Butlers von Aris Meeha.\u200b<\/p>\n\n\t\t<\/div>\n\t<\/div>\n<\/div><\/div><\/div><\/div><div class=\"vc_row wpb_row vc_row-fluid\"><div class=\"wpb_column vc_column_container vc_col-sm-3\"><div class=\"vc_column-inner\"><div class=\"wpb_wrapper\">\n\t<div  class=\"wpb_single_image wpb_content_element vc_align_left wpb_content_element\">\n\t\t\n\t\t<figure class=\"wpb_wrapper vc_figure\">\n\t\t\t<div class=\"vc_single_image-wrapper   vc_box_border_grey\"><img loading=\"lazy\" decoding=\"async\" width=\"150\" height=\"150\" src=\"https:\/\/maldives-paradise.com\/wp-content\/uploads\/2024\/02\/Patina-Maldives_Sunset-Water-Villa_Low-res_400-150x150.jpg\" class=\"vc_single_image-img attachment-thumbnail\" alt=\"Patina Malediven\" title=\"Patina-Maldives_Sunset-Water-Villa_Low-res_400\" \/><\/div>\n\t\t<\/figure>\n\t<\/div>\n<\/div><\/div><\/div><div class=\"wpb_column vc_column_container vc_col-sm-9\"><div class=\"vc_column-inner\"><div class=\"wpb_wrapper\">\n\t<div class=\"wpb_text_column wpb_content_element\" >\n\t\t<div class=\"wpb_wrapper\">\n\t\t\t<h4><a href=\"https:\/\/lamp.glopss.com\/aff_c?offer_id=1506&amp;aff_id=1834\" target=\"_blank\" rel=\"nofollow noopener\">Patina Malediven<\/a><\/h4>\n<p>Sunset Water Poolvilla mit einem Schlafzimmer, 170 m\u00b2. Nach Westen ausgerichtete Villen mit einem Schlafzimmer \u00fcber dem Wasser, privater, ger\u00e4umiger Au\u00dfenterrasse und privatem 6,2 m langen Pool, von dem aus Sie den majest\u00e4tischen Sonnenuntergang einfangen k\u00f6nnen.<\/p>\n\n\t\t<\/div>\n\t<\/div>\n<\/div><\/div><\/div><\/div><div class=\"vc_row wpb_row vc_row-fluid\"><div class=\"wpb_column vc_column_container vc_col-sm-12\"><div class=\"vc_column-inner\"><div class=\"wpb_wrapper\">\n\t<div class=\"wpb_text_column wpb_content_element\" >\n\t\t<div class=\"wpb_wrapper\">\n\t\t\t<p><a href=\"http:\/\/maldives-paradise.com\/de\/etikett\/uberwasservillen\/\"><strong>Mehr \u00fcber Over Water Villa Hotels und Resorts auf den Malediven<\/strong><\/a><\/p>\n<p><strong><a title=\"Die 12 besten Luxusresorts auf den Malediven\" href=\"https:\/\/maldives-paradise.com\/de\/die-12-besten-luxusresorts-auf-den-malediven\/\">Die besten Luxusresorts auf den Malediven<\/a><\/strong><\/p>\n\n\t\t<\/div>\n\t<\/div>\n<\/div><\/div><\/div><\/div>\n<\/div>","protected":false},"excerpt":{"rendered":"<div class=\"mh-excerpt\"><\/div>","protected":false},"author":1,"featured_media":11056,"parent":0,"menu_order":0,"comment_status":"closed","ping_status":"closed","template":"","meta":{"footnotes":""},"class_list":["post-11055","page","type-page","status-publish","has-post-thumbnail"],"aioseo_notices":[],"_links":{"self":[{"href":"http:\/\/maldives-paradise.com\/de\/wp-json\/wp\/v2\/pages\/11055","targetHints":{"allow":["GET"]}}],"collection":[{"href":"http:\/\/maldives-paradise.com\/de\/wp-json\/wp\/v2\/pages"}],"about":[{"href":"http:\/\/maldives-paradise.com\/de\/wp-json\/wp\/v2\/types\/page"}],"author":[{"embeddable":true,"href":"http:\/\/maldives-paradise.com\/de\/wp-json\/wp\/v2\/users\/1"}],"replies":[{"embeddable":true,"href":"http:\/\/maldives-paradise.com\/de\/wp-json\/wp\/v2\/comments?post=11055"}],"version-history":[{"count":7,"href":"http:\/\/maldives-paradise.com\/de\/wp-json\/wp\/v2\/pages\/11055\/revisions"}],"predecessor-version":[{"id":45312,"href":"http:\/\/maldives-paradise.com\/de\/wp-json\/wp\/v2\/pages\/11055\/revisions\/45312"}],"wp:featuredmedia":[{"embeddable":true,"href":"http:\/\/maldives-paradise.com\/de\/wp-json\/wp\/v2\/media\/11056"}],"wp:attachment":[{"href":"http:\/\/maldives-paradise.com\/de\/wp-json\/wp\/v2\/media?parent=11055"}],"curies":[{"name":"wp","href":"https:\/\/api.w.org\/{rel}","templated":true}]}}