{"id":10597,"date":"2024-02-12T20:37:41","date_gmt":"2024-02-12T20:37:41","guid":{"rendered":"http:\/\/maldives-paradise.com\/?page_id=10597"},"modified":"2025-10-15T13:58:54","modified_gmt":"2025-10-15T13:58:54","slug":"thulhagiri-island-resort","status":"publish","type":"page","link":"http:\/\/maldives-paradise.com\/de\/thulhagiri-island-resort\/","title":{"rendered":"Thulhagiri Island Resort"},"content":{"rendered":"<div class=\"wpb-content-wrapper\"><div class=\"vc_row wpb_row vc_row-fluid\"><div class=\"wpb_column vc_column_container vc_col-sm-12\"><div class=\"vc_column-inner\"><div class=\"wpb_wrapper\">\n\t<div class=\"wpb_text_column wpb_content_element\" >\n\t\t<div class=\"wpb_wrapper\">\n\t\t\t<h3>Entdecken Sie die unvergleichlichen Merkmale des Thulhagiri Island Resorts auf den Malediven<\/h3>\n\n\t\t<\/div>\n\t<\/div>\n<\/div><\/div><\/div><\/div><div class=\"vc_row wpb_row vc_row-fluid\"><div class=\"wpb_column vc_column_container vc_col-sm-12\"><div class=\"vc_column-inner\"><div class=\"wpb_wrapper\">\n\t<div class=\"wpb_video_widget wpb_content_element vc_clearfix   vc_video-aspect-ratio-169 vc_video-el-width-100 vc_video-align-left\" >\n\t\t<div class=\"wpb_wrapper\">\n\t\t\t\n\t\t\t<div class=\"wpb_video_wrapper\"><iframe loading=\"lazy\" title=\"Insel Thulhagiri, Malediven | Drohne 4K\" width=\"500\" height=\"281\" src=\"https:\/\/www.youtube.com\/embed\/ZCEJuggtsFg?feature=oembed\" frameborder=\"0\" allow=\"accelerometer; autoplay; clipboard-write; encrypted-media; gyroscope; picture-in-picture; web-share\" allowfullscreen><\/iframe><\/div>\n\t\t<\/div>\n\t<\/div>\n<\/div><\/div><\/div><\/div><div class=\"vc_row wpb_row vc_row-fluid\"><div class=\"wpb_column vc_column_container vc_col-sm-12\"><div class=\"vc_column-inner\"><div class=\"wpb_wrapper\">\n\t<div class=\"wpb_text_column wpb_content_element\" >\n\t\t<div class=\"wpb_wrapper\">\n\t\t\t<p>Thulhagiri Island Resort, eine Oase des Luxus und der Ruhe auf den Malediven. Dieses exquisite Resort liegt auf seiner privaten Insel im Nord-Mal\u00e9-Atoll und bietet anspruchsvollen Reisenden einen unvergesslichen R\u00fcckzugsort inmitten atemberaubender Natursch\u00f6nheit. Lassen Sie uns in die wichtigsten Merkmale eintauchen, die <a href=\"https:\/\/trip.tpo.lv\/vz6LY45C\" target=\"_blank\" rel=\"noopener sponsored\"><strong>Thulhagiri Island Resort<\/strong><\/a> ein Ziel unvergleichlichen Genusses.<\/p>\n<p><strong>Exquisite Unterk\u00fcnfte:<\/strong><br \/>\nDas Thulhagiri Island Resort bietet eine Reihe luxuri\u00f6ser Unterk\u00fcnfte, von charmanten Strandbungalows bis hin zu eleganten \u00dcberwasservillen, die alle darauf ausgelegt sind, den G\u00e4sten ein H\u00f6chstma\u00df an Komfort und Entspannung zu bieten. Mit ger\u00e4umigen Innenr\u00e4umen, modernen Annehmlichkeiten und atemberaubenden Ausblicken auf das Meer oder die \u00fcppigen tropischen G\u00e4rten ist jedes Zimmer eine Oase der Ruhe und Abgeschiedenheit.<\/p>\n<p><strong>Gourmet-Speiseerlebnisse:<\/strong><br \/>\nKulinarische Gen\u00fcsse erwarten Sie in den vielf\u00e4ltigen Speiselokalen des Thulhagiri Island Resorts, wo talentierte K\u00f6che exquisite Gerichte kreieren, die von Aromen aus aller Welt inspiriert sind. G\u00e4ste k\u00f6nnen frisch gefangene Meeresfr\u00fcchte am Strandgrill genie\u00dfen, im charakteristischen Restaurant des Resorts gehobene K\u00fcche genie\u00dfen oder an der Poolbar leichte Snacks und erfrischende Cocktails genie\u00dfen. Mit einer Vielzahl von Speisem\u00f6glichkeiten zur Auswahl ist jede Mahlzeit ein unvergessliches gastronomisches Erlebnis.<\/p>\n<p><strong>Unber\u00fchrte Privatstr\u00e4nde:<\/strong><br \/>\nDie Privatstr\u00e4nde des Thulhagiri Island Resorts sind ein wahres Paradies mit puderwei\u00dfem Sand und kristallklarem Wasser, das die G\u00e4ste zum Entspannen und Erholen einl\u00e4dt. Ob beim Faulenzen an sonnenverw\u00f6hnten Str\u00e4nden, Schwimmen in der t\u00fcrkisfarbenen Lagune oder Schnorcheln inmitten lebhafter Korallenriffe \u2013 die G\u00e4ste k\u00f6nnen in die nat\u00fcrliche Sch\u00f6nheit der Malediven eintauchen und unvergessliche Erinnerungen schaffen.<\/p>\n<p><strong>Tauch- und Schnorchelabenteuer:<\/strong><br \/>\nMit seiner N\u00e4he zu einigen der spektakul\u00e4rsten Tauchpl\u00e4tze der Welt ist das Thulhagiri Island Resort ein Paradies f\u00fcr Tauch- und Schnorchelbegeisterte. G\u00e4ste k\u00f6nnen lebendige Koralleng\u00e4rten erkunden, faszinierende Meereslebewesen erleben und Unterwasserh\u00f6hlen und Schiffswracks entdecken. Ob Sie an einem gef\u00fchrten Tauchausflug teilnehmen oder am unber\u00fchrten Hausriff des Resorts schnorcheln, jedes Unterwasserabenteuer ist ein atemberaubendes Erlebnis.<\/p>\n<p><strong>Luxuri\u00f6ses Spa- und Wellness-Retreat:<\/strong><br \/>\nDas luxuri\u00f6se Spa des Resorts bietet eine Oase der Entspannung und Regeneration, in der die G\u00e4ste dem Alltagsstress entfliehen und sich verw\u00f6hnende Behandlungen g\u00f6nnen k\u00f6nnen, die von alten Heiltraditionen inspiriert sind. Von wohltuenden Massagen bis hin zu belebenden K\u00f6rperpeelings bieten die erfahrenen Therapeuten des Spas individuelle Therapien, die K\u00f6rper, Geist und Seele n\u00e4hren.<\/p>\n<p><strong>Romantische Sonnenuntergangskreuzfahrten:<\/strong><br \/>\nWenn die Sonne hinter dem Horizont versinkt, k\u00f6nnen die G\u00e4ste eine romantische Sonnenuntergangskreuzfahrt an Bord eines traditionellen maledivischen Dhoni unternehmen, Champagner schl\u00fcrfen und Canap\u00e9s genie\u00dfen, w\u00e4hrend sie die atemberaubende Aussicht bewundern. F\u00fcr diejenigen, die ein wirklich unvergessliches Erlebnis suchen, bietet das Thulhagiri Island Resort auch private Abendessen bei Sonnenuntergang auf abgeschiedenen Sandb\u00e4nken an, wo die G\u00e4ste unter den Sternen und dem Rauschen des Ozeans speisen k\u00f6nnen.<\/p>\n<p><strong>Tadelloser Service und Gastfreundschaft:<\/strong><br \/>\nIm Thulhagiri Island Resort werden die G\u00e4ste mit den h\u00f6chsten Standards an Service und Gastfreundschaft verw\u00f6hnt, sodass von Anfang bis Ende ein reibungsloser und unvergesslicher Aufenthalt gew\u00e4hrleistet ist. Das aufmerksame Personal des Resorts tut alles, um die Erwartungen der G\u00e4ste zu \u00fcbertreffen, bietet pers\u00f6nliche Unterst\u00fctzung bei jeder Anfrage und sorgt daf\u00fcr, dass jedes Detail ihres Aufenthalts ber\u00fccksichtigt wird.<\/p>\n<p>Zusammenfassend l\u00e4sst sich sagen, dass das Thulhagiri Island Resort einen luxuri\u00f6sen R\u00fcckzugsort an einem der atemberaubendsten Reiseziele der Welt bietet, wo die G\u00e4ste in die nat\u00fcrliche Sch\u00f6nheit und Ruhe der Malediven eintauchen k\u00f6nnen. Mit seinen luxuri\u00f6sen Unterk\u00fcnften, Gourmet-Speiseerlebnissen, unber\u00fchrten Str\u00e4nden und unvergleichlichem Service verspricht das Resort anspruchsvollen Reisenden, die das ultimative Malediven-Erlebnis suchen, einen unvergesslichen Ausflug ins Paradies. Ob beim Entspannen am Strand, bei Spa-Behandlungen oder bei aufregenden Wassersportabenteuern \u2013 die G\u00e4ste sind eingeladen, die Magie des Thulhagiri Island Resorts zu entdecken und Erinnerungen f\u00fcrs Leben zu schaffen.<\/p>\n\n\t\t<\/div>\n\t<\/div>\n<\/div><\/div><\/div><\/div><div class=\"vc_row wpb_row vc_row-fluid\"><div class=\"wpb_column vc_column_container vc_col-sm-12\"><div class=\"vc_column-inner\"><div class=\"wpb_wrapper\">\n\t<div class=\"wpb_text_column wpb_content_element\" >\n\t\t<div class=\"wpb_wrapper\">\n\t\t\t<h3><a title=\"Thulhagiri Island Resort\" href=\"https:\/\/trip.tpo.lv\/vz6LY45C\" target=\"blanc2\" rel=\"nofollow\">\u00dcberpr\u00fcfen Sie hier die Verf\u00fcgbarkeit und den besten Preis im Thulhagiri Island Resort &gt;&gt;<\/a><\/h3>\n\n\t\t<\/div>\n\t<\/div>\n<\/div><\/div><\/div><\/div>\n<\/div>","protected":false},"excerpt":{"rendered":"<div class=\"mh-excerpt\"><\/div>","protected":false},"author":1,"featured_media":10598,"parent":0,"menu_order":0,"comment_status":"closed","ping_status":"closed","template":"","meta":{"footnotes":""},"class_list":["post-10597","page","type-page","status-publish","has-post-thumbnail"],"aioseo_notices":[],"_links":{"self":[{"href":"http:\/\/maldives-paradise.com\/de\/wp-json\/wp\/v2\/pages\/10597","targetHints":{"allow":["GET"]}}],"collection":[{"href":"http:\/\/maldives-paradise.com\/de\/wp-json\/wp\/v2\/pages"}],"about":[{"href":"http:\/\/maldives-paradise.com\/de\/wp-json\/wp\/v2\/types\/page"}],"author":[{"embeddable":true,"href":"http:\/\/maldives-paradise.com\/de\/wp-json\/wp\/v2\/users\/1"}],"replies":[{"embeddable":true,"href":"http:\/\/maldives-paradise.com\/de\/wp-json\/wp\/v2\/comments?post=10597"}],"version-history":[{"count":3,"href":"http:\/\/maldives-paradise.com\/de\/wp-json\/wp\/v2\/pages\/10597\/revisions"}],"predecessor-version":[{"id":43712,"href":"http:\/\/maldives-paradise.com\/de\/wp-json\/wp\/v2\/pages\/10597\/revisions\/43712"}],"wp:featuredmedia":[{"embeddable":true,"href":"http:\/\/maldives-paradise.com\/de\/wp-json\/wp\/v2\/media\/10598"}],"wp:attachment":[{"href":"http:\/\/maldives-paradise.com\/de\/wp-json\/wp\/v2\/media?parent=10597"}],"curies":[{"name":"wp","href":"https:\/\/api.w.org\/{rel}","templated":true}]}}