{"id":10441,"date":"2024-02-10T09:59:44","date_gmt":"2024-02-10T09:59:44","guid":{"rendered":"http:\/\/maldives-paradise.com\/?page_id=10441"},"modified":"2024-09-14T08:23:27","modified_gmt":"2024-09-14T08:23:27","slug":"internationale-fluge-auf-die-malediven","status":"publish","type":"page","link":"http:\/\/maldives-paradise.com\/de\/internationale-fluge-auf-die-malediven\/","title":{"rendered":"Internationale Fl\u00fcge auf die Malediven"},"content":{"rendered":"<div class=\"wpb-content-wrapper\"><div class=\"vc_row wpb_row vc_row-fluid\"><div class=\"wpb_column vc_column_container vc_col-sm-12\"><div class=\"vc_column-inner\"><div class=\"wpb_wrapper\">\n\t<div class=\"wpb_text_column wpb_content_element\" >\n\t\t<div class=\"wpb_wrapper\">\n\t\t\t<h3>Internationale Fl\u00fcge, die am internationalen Flughafen Mal\u00e9 auf den Malediven ankommen<\/h3>\n\n\t\t<\/div>\n\t<\/div>\n<\/div><\/div><\/div><\/div><div class=\"vc_row wpb_row vc_row-fluid\"><div class=\"wpb_column vc_column_container vc_col-sm-12\"><div class=\"vc_column-inner\"><div class=\"wpb_wrapper\">\n\t<div  class=\"wpb_single_image wpb_content_element vc_align_left wpb_content_element\">\n\t\t\n\t\t<figure class=\"wpb_wrapper vc_figure\">\n\t\t\t<div class=\"vc_single_image-wrapper   vc_box_border_grey\"><img loading=\"lazy\" decoding=\"async\" width=\"800\" height=\"533\" src=\"https:\/\/maldives-paradise.com\/wp-content\/uploads\/2024\/02\/Emirates-plane-5855534_1280.jpg\" class=\"vc_single_image-img attachment-full\" alt=\"Emirates-Fluggesellschaft\" title=\"Emirates-Flugzeug-5855534_1280\" srcset=\"https:\/\/maldives-paradise.com\/wp-content\/uploads\/2024\/02\/Emirates-plane-5855534_1280.jpg 800w, https:\/\/maldives-paradise.com\/wp-content\/uploads\/2024\/02\/Emirates-plane-5855534_1280-300x200.jpg 300w, https:\/\/maldives-paradise.com\/wp-content\/uploads\/2024\/02\/Emirates-plane-5855534_1280-768x512.jpg 768w, https:\/\/maldives-paradise.com\/wp-content\/uploads\/2024\/02\/Emirates-plane-5855534_1280-18x12.jpg 18w, https:\/\/maldives-paradise.com\/wp-content\/uploads\/2024\/02\/Emirates-plane-5855534_1280-500x333.jpg 500w\" sizes=\"auto, (max-width: 800px) 100vw, 800px\" \/><\/div>\n\t\t<\/figure>\n\t<\/div>\n<\/div><\/div><\/div><\/div><div class=\"vc_row wpb_row vc_row-fluid\"><div class=\"wpb_column vc_column_container vc_col-sm-12\"><div class=\"vc_column-inner\"><div class=\"wpb_wrapper\">\n\t<div class=\"wpb_text_column wpb_content_element\" >\n\t\t<div class=\"wpb_wrapper\">\n\t\t\t<p>Der internationale Flughafen Mal\u00e9, auch bekannt als Velana International Airport, liegt auf der Insel Hulhul\u00e9 neben der Hauptstadt Mal\u00e9 auf den Malediven und dient als wichtigstes Tor zu den Malediven.<\/p>\n<p>Die Malediven hei\u00dfen Besucher aus verschiedenen Teilen der Welt willkommen. Internationale Fl\u00fcge zum internationalen Flughafen Mal\u00e9 starten von wichtigen Drehkreuzen wie Dubai, Doha, Abu Dhabi, Singapur, Istanbul, Moskau und Kuala Lumpur. Fluggesellschaften wie Emirates, Qatar Airways, Etihad, Singapore Airlines, Turkish Airlines, Aeroflot und Malaysia Airlines bieten h\u00e4ufige Fl\u00fcge in dieses tropische Paradies an. Hong Kong Airlines hat k\u00fcrzlich auch einen Direktflug von Hongkong aus er\u00f6ffnet.<\/p>\n<p>Diese internationalen Fl\u00fcge bringen Reisende zum internationalen Flughafen Mal\u00e9. Obwohl der Flughafen relativ klein ist, bietet er moderne Einrichtungen und Dienstleistungen, die auf die Bed\u00fcrfnisse ankommender Passagiere zugeschnitten sind. Von Duty-Free-L\u00e4den, die Souvenirs und Luxusg\u00fcter anbieten, bis hin zu Restaurants, die k\u00f6stliche maledivische K\u00fcche servieren, k\u00f6nnen Reisende in die lokale Kultur eintauchen, noch bevor sie die Inseln betreten.<\/p>\n<p>Bei der Ankunft werden die Passagiere von der herzlichen Gastfreundschaft der Malediven und der atemberaubenden Aussicht auf das kristallklare t\u00fcrkisfarbene Wasser rund um den Flughafen begr\u00fc\u00dft. Der Transfer zu den verschiedenen Inselresorts erfolgt in der Regel per Schnellboot oder Wasserflugzeug, was der Reise noch mehr Spannung verleiht.<\/p>\n<p>Die Beliebtheit der Malediven als Touristenziel hat im Laufe der Jahre zu einem stetigen Anstieg der internationalen Ank\u00fcnfte gef\u00fchrt. Vor der globalen Pandemie verzeichnete der Mal\u00e9 International Airport j\u00e4hrlich \u00fcber 4 Millionen Passagiere, wobei die Mehrheit der Reisenden aus Europa, Asien und dem Nahen Osten stammte. W\u00e4hrend Reisebeschr\u00e4nkungen in den Jahren 2020 und 2021 zu einem vor\u00fcbergehenden R\u00fcckgang der Passagierzahlen f\u00fchrten, haben die Malediven ihre Grenzen schrittweise wieder ge\u00f6ffnet und begr\u00fc\u00dfen internationale Besucher mit verbesserten Sicherheitsma\u00dfnahmen wieder.<\/p>\n<p>Emirates Airline bietet t\u00e4glich mehrere Fl\u00fcge von Dubai nach Mal\u00e9 an. Suchen Sie nach Fl\u00fcgen unter <a href=\"https:\/\/lamp.glopss.com\/aff_c?offer_id=199&amp;aff_id=1834\" target=\"_blank\" rel=\"nofollow noopener\">Emirates hier<\/a>.<\/p>\n\n\t\t<\/div>\n\t<\/div>\n<\/div><\/div><\/div><\/div><div class=\"vc_row wpb_row vc_row-fluid\"><div class=\"wpb_column vc_column_container vc_col-sm-12\"><div class=\"vc_column-inner\"><div class=\"wpb_wrapper\">\n\t<div class=\"wpb_text_column wpb_content_element\" >\n\t\t<div class=\"wpb_wrapper\">\n\t\t\t<h3><a href=\"http:\/\/maldives-paradise.com\/de\/2024\/02\/fluge\/\">Suchen Sie hier &gt;&gt; nach allen Fl\u00fcgen auf die Malediven<\/a><\/h3>\n\n\t\t<\/div>\n\t<\/div>\n<\/div><\/div><\/div><\/div>\n<\/div>","protected":false},"excerpt":{"rendered":"<div class=\"mh-excerpt\"><\/div>","protected":false},"author":1,"featured_media":10442,"parent":0,"menu_order":0,"comment_status":"closed","ping_status":"closed","template":"","meta":{"footnotes":""},"class_list":["post-10441","page","type-page","status-publish","has-post-thumbnail"],"aioseo_notices":[],"_links":{"self":[{"href":"http:\/\/maldives-paradise.com\/de\/wp-json\/wp\/v2\/pages\/10441","targetHints":{"allow":["GET"]}}],"collection":[{"href":"http:\/\/maldives-paradise.com\/de\/wp-json\/wp\/v2\/pages"}],"about":[{"href":"http:\/\/maldives-paradise.com\/de\/wp-json\/wp\/v2\/types\/page"}],"author":[{"embeddable":true,"href":"http:\/\/maldives-paradise.com\/de\/wp-json\/wp\/v2\/users\/1"}],"replies":[{"embeddable":true,"href":"http:\/\/maldives-paradise.com\/de\/wp-json\/wp\/v2\/comments?post=10441"}],"version-history":[{"count":3,"href":"http:\/\/maldives-paradise.com\/de\/wp-json\/wp\/v2\/pages\/10441\/revisions"}],"predecessor-version":[{"id":10968,"href":"http:\/\/maldives-paradise.com\/de\/wp-json\/wp\/v2\/pages\/10441\/revisions\/10968"}],"wp:featuredmedia":[{"embeddable":true,"href":"http:\/\/maldives-paradise.com\/de\/wp-json\/wp\/v2\/media\/10442"}],"wp:attachment":[{"href":"http:\/\/maldives-paradise.com\/de\/wp-json\/wp\/v2\/media?parent=10441"}],"curies":[{"name":"wp","href":"https:\/\/api.w.org\/{rel}","templated":true}]}}