{"id":10419,"date":"2024-02-10T08:24:19","date_gmt":"2024-02-10T08:24:19","guid":{"rendered":"http:\/\/maldives-paradise.com\/?page_id=10419"},"modified":"2025-02-21T07:28:15","modified_gmt":"2025-02-21T07:28:15","slug":"4-sterne-hotelresorts-auf-den-malediven-3","status":"publish","type":"page","link":"http:\/\/maldives-paradise.com\/de\/4-sterne-hotelresorts-auf-den-malediven-3\/","title":{"rendered":"4-Sterne-Hotels und Resorts auf den Malediven 3"},"content":{"rendered":"<div class=\"wpb-content-wrapper\"><div class=\"vc_row wpb_row vc_row-fluid\"><div class=\"wpb_column vc_column_container vc_col-sm-12\"><div class=\"vc_column-inner\"><div class=\"wpb_wrapper\">\n\t<div class=\"wpb_text_column wpb_content_element\" >\n\t\t<div class=\"wpb_wrapper\">\n\t\t\t<h3>Eine Auswahl von 4-Sterne-Hotels und Resorts auf den Malediven<\/h3>\n<p>Die Malediven sind die Heimat zahlreicher <strong data-start=\"82\" data-end=\"111\">4-Sterne-Hotels und Resorts<\/strong>und bietet eine perfekte Balance aus <strong data-start=\"143\" data-end=\"181\">Luxus, Komfort und Erschwinglichkeit<\/strong>Diese Resorts bieten <strong data-start=\"205\" data-end=\"282\">atemberaubende Strandvillen, \u00dcberwasserbungalows und hervorragende Einrichtungen<\/strong>, einschlie\u00dflich <strong data-start=\"294\" data-end=\"338\">Pools, Spas und mehrere gastronomische Einrichtungen<\/strong>.<\/p>\n\n\t\t<\/div>\n\t<\/div>\n<\/div><\/div><\/div><\/div><div class=\"vc_row wpb_row vc_row-fluid\"><div class=\"wpb_column vc_column_container vc_col-sm-3\"><div class=\"vc_column-inner\"><div class=\"wpb_wrapper\">\n\t<div  class=\"wpb_single_image wpb_content_element vc_align_left wpb_content_element\">\n\t\t\n\t\t<figure class=\"wpb_wrapper vc_figure\">\n\t\t\t<a href=\"http:\/\/maldives-paradise.com\/de\/mercure-malediven-kooddoo-resort\/\" target=\"_self\" class=\"vc_single_image-wrapper   vc_box_border_grey\"><img loading=\"lazy\" decoding=\"async\" width=\"150\" height=\"150\" src=\"https:\/\/maldives-paradise.com\/wp-content\/uploads\/2024\/02\/mercure-1-150x150.jpg\" class=\"vc_single_image-img attachment-thumbnail\" alt=\"Mercure Maldives Kooddoo Resort\" title=\"Mercure\" \/><\/a>\n\t\t<\/figure>\n\t<\/div>\n<\/div><\/div><\/div><div class=\"wpb_column vc_column_container vc_col-sm-9\"><div class=\"vc_column-inner\"><div class=\"wpb_wrapper\">\n\t<div class=\"wpb_text_column wpb_content_element\" >\n\t\t<div class=\"wpb_wrapper\">\n\t\t\t<h4><a href=\"http:\/\/maldives-paradise.com\/de\/mercure-malediven-kooddoo-resort\/\">Mercure Maldives Kooddoo Resort<\/a><\/h4>\n<p>Das Mercure Maldives Kooddoo Resort ist ein tropischer Zufluchtsort, der einen au\u00dfergew\u00f6hnlichen Urlaub verspricht. Seine abgelegene Lage, komfortable Unterk\u00fcnfte, abwechslungsreiche K\u00fcche und sein Engagement f\u00fcr Nachhaltigkeit machen es zur idealen Wahl f\u00fcr Reisende, die Entspannung und Abenteuer suchen.<\/p>\n\n\t\t<\/div>\n\t<\/div>\n<\/div><\/div><\/div><\/div><div class=\"vc_row wpb_row vc_row-fluid\"><div class=\"wpb_column vc_column_container vc_col-sm-3\"><div class=\"vc_column-inner\"><div class=\"wpb_wrapper\">\n\t<div  class=\"wpb_single_image wpb_content_element vc_align_left wpb_content_element\">\n\t\t\n\t\t<figure class=\"wpb_wrapper vc_figure\">\n\t\t\t<a href=\"http:\/\/maldives-paradise.com\/de\/nakai-alimatha-resort-malediven\/\" target=\"_self\" class=\"vc_single_image-wrapper   vc_box_border_grey\"><img loading=\"lazy\" decoding=\"async\" width=\"150\" height=\"150\" src=\"https:\/\/maldives-paradise.com\/wp-content\/uploads\/2024\/02\/Nakai-Resort-Maldive-alimatha-Over-Water-1-150x150.jpg\" class=\"vc_single_image-img attachment-thumbnail\" alt=\"Nakai Alimatha Resort\" title=\"Nakai-Resort-Maledive-alimatha-Over-Water\" \/><\/a>\n\t\t<\/figure>\n\t<\/div>\n<\/div><\/div><\/div><div class=\"wpb_column vc_column_container vc_col-sm-9\"><div class=\"vc_column-inner\"><div class=\"wpb_wrapper\">\n\t<div class=\"wpb_text_column wpb_content_element\" >\n\t\t<div class=\"wpb_wrapper\">\n\t\t\t<h4><a href=\"http:\/\/maldives-paradise.com\/de\/nakai-alimatha-resort-malediven\/\">Nakai Alimatha Resort<\/a><\/h4>\n<p>Die Malediven, bekannt f\u00fcr ihre unber\u00fchrten Str\u00e4nde und ihr pulsierendes Meeresleben, sind ein Traumziel f\u00fcr Reisende, die den perfekten tropischen Kurzurlaub suchen. Inmitten dieses atemberaubenden Archipels liegt <strong>Nakai Alimath\u00e0 Resort<\/strong>, ein verstecktes Juwel, das eine unverwechselbare Mischung aus Entspannung, Abenteuer und maledivischem Charme bietet.<\/p>\n\n\t\t<\/div>\n\t<\/div>\n<\/div><\/div><\/div><\/div><div class=\"vc_row wpb_row vc_row-fluid\"><div class=\"wpb_column vc_column_container vc_col-sm-3\"><div class=\"vc_column-inner\"><div class=\"wpb_wrapper\">\n\t<div  class=\"wpb_single_image wpb_content_element vc_align_left wpb_content_element\">\n\t\t\n\t\t<figure class=\"wpb_wrapper vc_figure\">\n\t\t\t<a href=\"http:\/\/maldives-paradise.com\/de\/oblu-natur-helengeli-von-sentido\/\" target=\"_self\" class=\"vc_single_image-wrapper   vc_box_border_grey\"><img loading=\"lazy\" decoding=\"async\" width=\"150\" height=\"150\" src=\"https:\/\/maldives-paradise.com\/wp-content\/uploads\/2024\/02\/OBLU-Helengeli-Maldives-400px-1-150x150.jpg\" class=\"vc_single_image-img attachment-thumbnail\" alt=\"OBLU NATURE Helengeli von SENTIDO\" title=\"OBLU-Helengeli-Malediven-400px\" \/><\/a>\n\t\t<\/figure>\n\t<\/div>\n<\/div><\/div><\/div><div class=\"wpb_column vc_column_container vc_col-sm-9\"><div class=\"vc_column-inner\"><div class=\"wpb_wrapper\">\n\t<div class=\"wpb_text_column wpb_content_element\" >\n\t\t<div class=\"wpb_wrapper\">\n\t\t\t<h4><a href=\"http:\/\/maldives-paradise.com\/de\/oblu-natur-helengeli-von-sentido\/\">OBLU NATURE Helengeli von SENTIDO<\/a><\/h4>\n<p>OBLU NATURE Helengeli by SENTIDO zeichnet sich als au\u00dfergew\u00f6hnlicher Zufluchtsort aus, der eine einzigartige Mischung aus Luxus, nat\u00fcrlicher Sch\u00f6nheit und authentischem maledivischen Charme bietet.<\/p>\n\n\t\t<\/div>\n\t<\/div>\n<\/div><\/div><\/div><\/div><div class=\"vc_row wpb_row vc_row-fluid\"><div class=\"wpb_column vc_column_container vc_col-sm-3\"><div class=\"vc_column-inner\"><div class=\"wpb_wrapper\">\n\t<div  class=\"wpb_single_image wpb_content_element vc_align_left wpb_content_element\">\n\t\t\n\t\t<figure class=\"wpb_wrapper vc_figure\">\n\t\t\t<a href=\"http:\/\/maldives-paradise.com\/de\/oblu-erlebnis-ailafushi-malediven\/\" target=\"_self\" class=\"vc_single_image-wrapper   vc_box_border_grey\"><img loading=\"lazy\" decoding=\"async\" width=\"150\" height=\"150\" src=\"https:\/\/maldives-paradise.com\/wp-content\/uploads\/2024\/02\/oblu-xperience-400px-1-150x150.jpg\" class=\"vc_single_image-img attachment-thumbnail\" alt=\"OBLU XPERIENCE Ailafushi\" title=\"oblu-xperience-400px\" \/><\/a>\n\t\t<\/figure>\n\t<\/div>\n<\/div><\/div><\/div><div class=\"wpb_column vc_column_container vc_col-sm-9\"><div class=\"vc_column-inner\"><div class=\"wpb_wrapper\">\n\t<div class=\"wpb_text_column wpb_content_element\" >\n\t\t<div class=\"wpb_wrapper\">\n\t\t\t<h4><a href=\"http:\/\/maldives-paradise.com\/de\/oblu-erlebnis-ailafushi-malediven\/\">OBLU XPERIENCE Ailafushi<\/a><\/h4>\n<p>OBLU XPERIENCE Ailafushi ist ein tropisches Paradies, das einen au\u00dfergew\u00f6hnlichen Kurzurlaub verspricht. Seine atemberaubende Lage, luxuri\u00f6se Unterk\u00fcnfte, vielf\u00e4ltige K\u00fcche und sein Engagement f\u00fcr Nachhaltigkeit machen es zur idealen Wahl f\u00fcr Reisende, die Entspannung und Abenteuer suchen.<\/p>\n\n\t\t<\/div>\n\t<\/div>\n<\/div><\/div><\/div><\/div><div class=\"vc_row wpb_row vc_row-fluid\"><div class=\"wpb_column vc_column_container vc_col-sm-3\"><div class=\"vc_column-inner\"><div class=\"wpb_wrapper\">\n\t<div  class=\"wpb_single_image wpb_content_element vc_align_left wpb_content_element\">\n\t\t\n\t\t<figure class=\"wpb_wrapper vc_figure\">\n\t\t\t<a href=\"http:\/\/maldives-paradise.com\/de\/palm-beach-island-resort-spa\/\" target=\"_self\" class=\"vc_single_image-wrapper   vc_box_border_grey\"><img loading=\"lazy\" decoding=\"async\" width=\"150\" height=\"150\" src=\"https:\/\/maldives-paradise.com\/wp-content\/uploads\/2024\/02\/palm-beach-island-resort-spa-maldives-400-1-150x150.jpg\" class=\"vc_single_image-img attachment-thumbnail\" alt=\"Palm Beach Island Resort &amp; Spa\" title=\"Palm-Beach-Island-Resort-Spa-Malediven-400\" \/><\/a>\n\t\t<\/figure>\n\t<\/div>\n<\/div><\/div><\/div><div class=\"wpb_column vc_column_container vc_col-sm-9\"><div class=\"vc_column-inner\"><div class=\"wpb_wrapper\">\n\t<div class=\"wpb_text_column wpb_content_element\" >\n\t\t<div class=\"wpb_wrapper\">\n\t\t\t<h4><a href=\"http:\/\/maldives-paradise.com\/de\/palm-beach-island-resort-spa\/\">Palm Beach Island Resort &amp; Spa<\/a><\/h4>\n<p>Egal, ob Sie einen besonderen Anlass feiern oder eine erholsame Auszeit suchen, das Palm Beach Island Resort &amp; Spa bietet ein Erlebnis, das wertvolle Erinnerungen schafft. Buchen Sie noch heute Ihren Aufenthalt und begeben Sie sich auf eine unvergessliche Reise ins Paradies auf den Malediven.<\/p>\n\n\t\t<\/div>\n\t<\/div>\n<\/div><\/div><\/div><\/div><div class=\"vc_row wpb_row vc_row-fluid\"><div class=\"wpb_column vc_column_container vc_col-sm-3\"><div class=\"vc_column-inner\"><div class=\"wpb_wrapper\">\n\t<div  class=\"wpb_single_image wpb_content_element vc_align_left wpb_content_element\">\n\t\t\n\t\t<figure class=\"wpb_wrapper vc_figure\">\n\t\t\t<a href=\"http:\/\/maldives-paradise.com\/de\/perlensand-der-malediven\/\" target=\"_self\" class=\"vc_single_image-wrapper   vc_box_border_grey\"><img loading=\"lazy\" decoding=\"async\" width=\"150\" height=\"150\" src=\"https:\/\/maldives-paradise.com\/wp-content\/uploads\/2024\/02\/pearl-sands-maldives-1-150x150.jpg\" class=\"vc_single_image-img attachment-thumbnail\" alt=\"Perlensand der Malediven\" title=\"Pearl-Sands-Malediven\" \/><\/a>\n\t\t<\/figure>\n\t<\/div>\n<\/div><\/div><\/div><div class=\"wpb_column vc_column_container vc_col-sm-9\"><div class=\"vc_column-inner\"><div class=\"wpb_wrapper\">\n\t<div class=\"wpb_text_column wpb_content_element\" >\n\t\t<div class=\"wpb_wrapper\">\n\t\t\t<h4><a href=\"http:\/\/maldives-paradise.com\/de\/perlensand-der-malediven\/\">Perlensand der Malediven<\/a><\/h4>\n<p>Pearl Sands of Maldives ist ein verstecktes tropisches Juwel, das einen au\u00dfergew\u00f6hnlichen Urlaub verspricht. Seine abgelegene Lage, luxuri\u00f6se Unterk\u00fcnfte und abwechslungsreiche K\u00fcche machen es zur idealen Wahl f\u00fcr Reisende, die Entspannung und Abenteuer suchen.<\/p>\n\n\t\t<\/div>\n\t<\/div>\n<\/div><\/div><\/div><\/div><div class=\"vc_row wpb_row vc_row-fluid\"><div class=\"wpb_column vc_column_container vc_col-sm-3\"><div class=\"vc_column-inner\"><div class=\"wpb_wrapper\">\n\t<div  class=\"wpb_single_image wpb_content_element vc_align_left wpb_content_element\">\n\t\t\n\t\t<figure class=\"wpb_wrapper vc_figure\">\n\t\t\t<a href=\"http:\/\/maldives-paradise.com\/de\/plumeria-malediven\/\" target=\"_self\" class=\"vc_single_image-wrapper   vc_box_border_grey\"><img loading=\"lazy\" decoding=\"async\" width=\"150\" height=\"150\" src=\"https:\/\/maldives-paradise.com\/wp-content\/uploads\/2024\/02\/plumeria-maldives-1-150x150.jpg\" class=\"vc_single_image-img attachment-thumbnail\" alt=\"Plumeria Malediven\" title=\"Plumeria-Malediven\" \/><\/a>\n\t\t<\/figure>\n\t<\/div>\n<\/div><\/div><\/div><div class=\"wpb_column vc_column_container vc_col-sm-9\"><div class=\"vc_column-inner\"><div class=\"wpb_wrapper\">\n\t<div class=\"wpb_text_column wpb_content_element\" >\n\t\t<div class=\"wpb_wrapper\">\n\t\t\t<h4><a href=\"http:\/\/maldives-paradise.com\/de\/plumeria-malediven\/\">Plumeria Malediven<\/a><\/h4>\n<p>Ganz gleich, ob Sie einen besonderen Anlass feiern oder eine erholsame Auszeit suchen, das Plumeria Maldives bietet ein Erlebnis, das wertvolle Erinnerungen schafft. Buchen Sie noch heute Ihren Aufenthalt und begeben Sie sich auf eine unvergessliche Reise ins Paradies auf den Malediven.<\/p>\n\n\t\t<\/div>\n\t<\/div>\n<\/div><\/div><\/div><\/div><div class=\"vc_row wpb_row vc_row-fluid\"><div class=\"wpb_column vc_column_container vc_col-sm-3\"><div class=\"vc_column-inner\"><div class=\"wpb_wrapper\">\n\t<div  class=\"wpb_single_image wpb_content_element vc_align_left wpb_content_element\">\n\t\t\n\t\t<figure class=\"wpb_wrapper vc_figure\">\n\t\t\t<a href=\"http:\/\/maldives-paradise.com\/de\/rahaa-resort-malediven\/\" target=\"_self\" class=\"vc_single_image-wrapper   vc_box_border_grey\"><img loading=\"lazy\" decoding=\"async\" width=\"150\" height=\"150\" src=\"https:\/\/maldives-paradise.com\/wp-content\/uploads\/2024\/02\/rahaa-1-150x150.jpg\" class=\"vc_single_image-img attachment-thumbnail\" alt=\"Rahaa Resort Malediven\" title=\"rahaa\" \/><\/a>\n\t\t<\/figure>\n\t<\/div>\n<\/div><\/div><\/div><div class=\"wpb_column vc_column_container vc_col-sm-9\"><div class=\"vc_column-inner\"><div class=\"wpb_wrapper\">\n\t<div class=\"wpb_text_column wpb_content_element\" >\n\t\t<div class=\"wpb_wrapper\">\n\t\t\t<h4><a href=\"http:\/\/maldives-paradise.com\/de\/rahaa-resort-malediven\/\">Rahaa Resort Malediven<\/a><\/h4>\n<p>Das Rahaa Resort Maldives ist ein exklusives Inselresort, das eine einzigartige Mischung aus Luxus, Entspannung und maledivischem Charme bietet. Es ist eine herausragende Wahl f\u00fcr Ihren Traumurlaub.<\/p>\n\n\t\t<\/div>\n\t<\/div>\n<\/div><\/div><\/div><\/div><div class=\"vc_row wpb_row vc_row-fluid\"><div class=\"wpb_column vc_column_container vc_col-sm-3\"><div class=\"vc_column-inner\"><div class=\"wpb_wrapper\">\n\t<div  class=\"wpb_single_image wpb_content_element vc_align_left wpb_content_element\">\n\t\t\n\t\t<figure class=\"wpb_wrapper vc_figure\">\n\t\t\t<a href=\"http:\/\/maldives-paradise.com\/de\/reethi-strandresort\/\" target=\"_self\" class=\"vc_single_image-wrapper   vc_box_border_grey\"><img loading=\"lazy\" decoding=\"async\" width=\"150\" height=\"150\" src=\"https:\/\/maldives-paradise.com\/wp-content\/uploads\/2024\/02\/reethi-beach-resort-1-150x150.jpg\" class=\"vc_single_image-img attachment-thumbnail\" alt=\"Reethi Beach Resort\" title=\"Reethi-Beach-Resort\" \/><\/a>\n\t\t<\/figure>\n\t<\/div>\n<\/div><\/div><\/div><div class=\"wpb_column vc_column_container vc_col-sm-9\"><div class=\"vc_column-inner\"><div class=\"wpb_wrapper\">\n\t<div class=\"wpb_text_column wpb_content_element\" >\n\t\t<div class=\"wpb_wrapper\">\n\t\t\t<h4><a href=\"http:\/\/maldives-paradise.com\/de\/reethi-strandresort\/\">Reethi Beach Resort<\/a><\/h4>\n<p>Das Reethi Beach Resort ist eine tropische Ferieninsel, die einen au\u00dfergew\u00f6hnlichen Urlaub verspricht. Seine idyllische Lage, luxuri\u00f6se Unterk\u00fcnfte, abwechslungsreiche K\u00fcche und Hingabe machen es zur idealen Wahl f\u00fcr Reisende, die Entspannung und Abenteuer suchen.<\/p>\n\n\t\t<\/div>\n\t<\/div>\n<\/div><\/div><\/div><\/div><div class=\"vc_row wpb_row vc_row-fluid\"><div class=\"wpb_column vc_column_container vc_col-sm-3\"><div class=\"vc_column-inner\"><div class=\"wpb_wrapper\">\n\t<div  class=\"wpb_single_image wpb_content_element vc_align_left wpb_content_element\">\n\t\t\n\t\t<figure class=\"wpb_wrapper vc_figure\">\n\t\t\t<a href=\"http:\/\/maldives-paradise.com\/de\/das-reethi-faru-resort-liegt-in-uttar-pradesh-16-km-vom-strand-uttar-pradesh-entfernt-und\/\" target=\"_self\" class=\"vc_single_image-wrapper   vc_box_border_grey\"><img loading=\"lazy\" decoding=\"async\" width=\"150\" height=\"150\" src=\"https:\/\/maldives-paradise.com\/wp-content\/uploads\/2024\/02\/reethi-faru-1-150x150.jpg\" class=\"vc_single_image-img attachment-thumbnail\" alt=\"Reethi Faru Resort\" title=\"reethi-faru\" \/><\/a>\n\t\t<\/figure>\n\t<\/div>\n<\/div><\/div><\/div><div class=\"wpb_column vc_column_container vc_col-sm-9\"><div class=\"vc_column-inner\"><div class=\"wpb_wrapper\">\n\t<div class=\"wpb_text_column wpb_content_element\" >\n\t\t<div class=\"wpb_wrapper\">\n\t\t\t<h4><a href=\"http:\/\/maldives-paradise.com\/de\/das-reethi-faru-resort-liegt-in-uttar-pradesh-16-km-vom-strand-uttar-pradesh-entfernt-und\/\">Reethi Faru Resort<\/a><\/h4>\n<p>Ob Abenteuerlustiger oder Entspannungssuchender, das Resort bietet Aktivit\u00e4ten f\u00fcr jeden Geschmack. Erkunden Sie die lebendige Unterwasserwelt bei Schnorchel- und Tauchabenteuern.<\/p>\n\n\t\t<\/div>\n\t<\/div>\n<\/div><\/div><\/div><\/div><div class=\"vc_row wpb_row vc_row-fluid\"><div class=\"wpb_column vc_column_container vc_col-sm-3\"><div class=\"vc_column-inner\"><div class=\"wpb_wrapper\">\n\t<div  class=\"wpb_single_image wpb_content_element vc_align_left wpb_content_element\">\n\t\t\n\t\t<figure class=\"wpb_wrapper vc_figure\">\n\t\t\t<a href=\"http:\/\/maldives-paradise.com\/de\/rihiveli-malediven-resort\/\" target=\"_self\" class=\"vc_single_image-wrapper   vc_box_border_grey\"><img loading=\"lazy\" decoding=\"async\" width=\"150\" height=\"150\" src=\"https:\/\/maldives-paradise.com\/wp-content\/uploads\/2024\/02\/Rihiveli-Maldives-Resort-1-150x150.jpeg\" class=\"vc_single_image-img attachment-thumbnail\" alt=\"Rihiveli Malediven Resort\" title=\"Rihiveli-Malediven-Resort\" \/><\/a>\n\t\t<\/figure>\n\t<\/div>\n<\/div><\/div><\/div><div class=\"wpb_column vc_column_container vc_col-sm-9\"><div class=\"vc_column-inner\"><div class=\"wpb_wrapper\">\n\t<div class=\"wpb_text_column wpb_content_element\" >\n\t\t<div class=\"wpb_wrapper\">\n\t\t\t<h4><a href=\"http:\/\/maldives-paradise.com\/de\/rihiveli-malediven-resort\/\">Rihiveli Malediven Resort<\/a><\/h4>\n<p>Das Rihiveli Maldives Resort ist eine zeitlose Oase, die die wahre Essenz des Inselparadieses verk\u00f6rpert. Entdecken Sie die faszinierenden Fakten und einzigartigen Merkmale, die das Rihiveli Maldives Resort zu einer au\u00dfergew\u00f6hnlichen Wahl f\u00fcr Ihren Traumurlaub machen.<\/p>\n\n\t\t<\/div>\n\t<\/div>\n<\/div><\/div><\/div><\/div><div class=\"vc_row wpb_row vc_row-fluid\"><div class=\"wpb_column vc_column_container vc_col-sm-3\"><div class=\"vc_column-inner\"><div class=\"wpb_wrapper\">\n\t<div  class=\"wpb_single_image wpb_content_element vc_align_left wpb_content_element\">\n\t\t\n\t\t<figure class=\"wpb_wrapper vc_figure\">\n\t\t\t<a href=\"http:\/\/maldives-paradise.com\/de\/robinson-malediven-resort\/\" target=\"_self\" class=\"vc_single_image-wrapper   vc_box_border_grey\"><img loading=\"lazy\" decoding=\"async\" width=\"150\" height=\"150\" src=\"https:\/\/maldives-paradise.com\/wp-content\/uploads\/2024\/02\/robinson-maldives-1-150x150.jpg\" class=\"vc_single_image-img attachment-thumbnail\" alt=\"Robinson Malediven\" title=\"Robinson Malediven\" \/><\/a>\n\t\t<\/figure>\n\t<\/div>\n<\/div><\/div><\/div><div class=\"wpb_column vc_column_container vc_col-sm-9\"><div class=\"vc_column-inner\"><div class=\"wpb_wrapper\">\n\t<div class=\"wpb_text_column wpb_content_element\" >\n\t\t<div class=\"wpb_wrapper\">\n\t\t\t<h4><a href=\"http:\/\/maldives-paradise.com\/de\/robinson-malediven-resort\/\">Robinson Malediven<\/a><\/h4>\n<p>Egal, ob Sie einen besonderen Anlass feiern oder eine erholsame Auszeit suchen, das Robinson Maldives Resort nur f\u00fcr Erwachsene bietet ein Erlebnis, das wertvolle Erinnerungen schafft. Buchen Sie noch heute Ihren Aufenthalt und begeben Sie sich auf eine Reise in ein bezauberndes Paradies auf den Malediven.<\/p>\n\n\t\t<\/div>\n\t<\/div>\n<\/div><\/div><\/div><\/div><div class=\"vc_row wpb_row vc_row-fluid\"><div class=\"wpb_column vc_column_container vc_col-sm-12\"><div class=\"vc_column-inner\"><div class=\"wpb_wrapper\">\n\t<div class=\"wpb_text_column wpb_content_element\" >\n\t\t<div class=\"wpb_wrapper\">\n\t\t\t<h3>4-Sterne-Hotels und Resorts auf den Malediven\u00a0<a href=\"http:\/\/maldives-paradise.com\/de\/4-sterne-hotelresorts-auf-den-malediven\/\">Seite 1<\/a>\u00a0 <a href=\"http:\/\/maldives-paradise.com\/de\/4-sterne-hotelresorts-auf-den-malediven-2\/\">Seite 2<\/a>\u00a0 <a href=\"http:\/\/maldives-paradise.com\/de\/4-sterne-hotelresorts-auf-den-malediven-4\/\">Seite 4<\/a><\/h3>\n<h3><\/h3>\n<p>&nbsp;<\/p>\n\n\t\t<\/div>\n\t<\/div>\n<\/div><\/div><\/div><\/div>\n<\/div>","protected":false},"excerpt":{"rendered":"<div class=\"mh-excerpt\"><\/div>","protected":false},"author":1,"featured_media":0,"parent":0,"menu_order":0,"comment_status":"closed","ping_status":"closed","template":"","meta":{"footnotes":""},"class_list":["post-10419","page","type-page","status-publish"],"aioseo_notices":[],"_links":{"self":[{"href":"http:\/\/maldives-paradise.com\/de\/wp-json\/wp\/v2\/pages\/10419","targetHints":{"allow":["GET"]}}],"collection":[{"href":"http:\/\/maldives-paradise.com\/de\/wp-json\/wp\/v2\/pages"}],"about":[{"href":"http:\/\/maldives-paradise.com\/de\/wp-json\/wp\/v2\/types\/page"}],"author":[{"embeddable":true,"href":"http:\/\/maldives-paradise.com\/de\/wp-json\/wp\/v2\/users\/1"}],"replies":[{"embeddable":true,"href":"http:\/\/maldives-paradise.com\/de\/wp-json\/wp\/v2\/comments?post=10419"}],"version-history":[{"count":6,"href":"http:\/\/maldives-paradise.com\/de\/wp-json\/wp\/v2\/pages\/10419\/revisions"}],"predecessor-version":[{"id":34286,"href":"http:\/\/maldives-paradise.com\/de\/wp-json\/wp\/v2\/pages\/10419\/revisions\/34286"}],"wp:attachment":[{"href":"http:\/\/maldives-paradise.com\/de\/wp-json\/wp\/v2\/media?parent=10419"}],"curies":[{"name":"wp","href":"https:\/\/api.w.org\/{rel}","templated":true}]}}