{"id":10378,"date":"2024-02-09T17:00:02","date_gmt":"2024-02-09T17:00:02","guid":{"rendered":"http:\/\/maldives-paradise.com\/?page_id=10378"},"modified":"2024-09-14T08:09:28","modified_gmt":"2024-09-14T08:09:28","slug":"geographie-und-wetter","status":"publish","type":"page","link":"http:\/\/maldives-paradise.com\/de\/geographie-und-wetter\/","title":{"rendered":"Geographie und Wetter"},"content":{"rendered":"<div class=\"wpb-content-wrapper\"><div class=\"vc_row wpb_row vc_row-fluid\"><div class=\"wpb_column vc_column_container vc_col-sm-12\"><div class=\"vc_column-inner\"><div class=\"wpb_wrapper\">\n\t<div class=\"wpb_text_column wpb_content_element\" >\n\t\t<div class=\"wpb_wrapper\">\n\t\t\t<h3>Geographie und Wetter auf den Malediven<\/h3>\n\n\t\t<\/div>\n\t<\/div>\n<\/div><\/div><\/div><\/div><div class=\"vc_row wpb_row vc_row-fluid\"><div class=\"wpb_column vc_column_container vc_col-sm-12\"><div class=\"vc_column-inner\"><div class=\"wpb_wrapper\">\n\t<div  class=\"wpb_single_image wpb_content_element vc_align_left wpb_content_element\">\n\t\t\n\t\t<figure class=\"wpb_wrapper vc_figure\">\n\t\t\t<div class=\"vc_single_image-wrapper   vc_box_border_grey\"><img loading=\"lazy\" decoding=\"async\" width=\"800\" height=\"600\" src=\"https:\/\/maldives-paradise.com\/wp-content\/uploads\/2024\/02\/maldives-1095102_1280.jpg\" class=\"vc_single_image-img attachment-full\" alt=\"Ein Atoll auf den Malediven\" title=\"Malediven-1095102_1280\" srcset=\"https:\/\/maldives-paradise.com\/wp-content\/uploads\/2024\/02\/maldives-1095102_1280.jpg 800w, https:\/\/maldives-paradise.com\/wp-content\/uploads\/2024\/02\/maldives-1095102_1280-300x225.jpg 300w, https:\/\/maldives-paradise.com\/wp-content\/uploads\/2024\/02\/maldives-1095102_1280-768x576.jpg 768w, https:\/\/maldives-paradise.com\/wp-content\/uploads\/2024\/02\/maldives-1095102_1280-16x12.jpg 16w, https:\/\/maldives-paradise.com\/wp-content\/uploads\/2024\/02\/maldives-1095102_1280-678x509.jpg 678w, https:\/\/maldives-paradise.com\/wp-content\/uploads\/2024\/02\/maldives-1095102_1280-326x245.jpg 326w, https:\/\/maldives-paradise.com\/wp-content\/uploads\/2024\/02\/maldives-1095102_1280-80x60.jpg 80w, https:\/\/maldives-paradise.com\/wp-content\/uploads\/2024\/02\/maldives-1095102_1280-500x375.jpg 500w\" sizes=\"auto, (max-width: 800px) 100vw, 800px\" \/><\/div>\n\t\t<\/figure>\n\t<\/div>\n<\/div><\/div><\/div><\/div><div class=\"vc_row wpb_row vc_row-fluid\"><div class=\"wpb_column vc_column_container vc_col-sm-12\"><div class=\"vc_column-inner\"><div class=\"wpb_wrapper\">\n\t<div class=\"wpb_text_column wpb_content_element\" >\n\t\t<div class=\"wpb_wrapper\">\n\t\t\t<p><strong>Erdkunde<\/strong><\/p>\n<p>Die Malediven sind ein Land und Archipel im Indischen Ozean, etwa 2000 km s\u00fcdlich der indischen K\u00fcste und s\u00fcdwestlich von Sri Lanka. Es erstreckte sich \u00fcber 900 Kilometer von Norden nach S\u00fcden. Dieser atemberaubende Archipel besteht aus 26 Atollen und \u00fcber 1.000 Koralleninseln. Diese Atolle bestehen aus Korallenriffen. Es ist weltweit f\u00fcr seine atemberaubende Natursch\u00f6nheit und seinen unvergleichlichen Luxus bekannt. Die Malediven sind ein tropisches Paradies, das Reisende mit seinen unber\u00fchrten Str\u00e4nden, dem azurblauen Wasser und der lebendigen Unterwasserwelt lockt.<\/p>\n<p><strong>Klima<\/strong><\/p>\n<p>Auf den Malediven herrscht tropisches Klima, das durch zwei unterschiedliche Jahreszeiten gekennzeichnet ist \u2013 die Trockenzeit (Nordostmonsun) und die Regenzeit (S\u00fcdwestmonsun).<br \/>\nDie Trockenzeit, die normalerweise von Dezember bis April dauert, zeichnet sich durch klaren Himmel, reichlich Sonnenschein und ruhige See aus und ist somit die perfekte Zeit f\u00fcr einen Besuch f\u00fcr Strandliebhaber und Wasserratten. W\u00e4hrend dieser Zeit liegen die Temperaturen zwischen 25 \u00b0C und 31 \u00b0C (77 \u00b0F bis 88 \u00b0F) und schaffen ideale Bedingungen zum Schnorcheln, Tauchen und anderen Wasseraktivit\u00e4ten.<\/p>\n<p>Im Gegensatz dazu bringt die Regenzeit von Mai bis November gelegentliche Niederschl\u00e4ge und st\u00e4rkere Winde mit sich. Trotz der sporadischen Regenf\u00e4lle bleiben die Temperaturen warm und liegen zwischen 26 \u00b0C und 30 \u00b0C (79 \u00b0F bis 86 \u00b0F). W\u00e4hrend manche vor einem Besuch in dieser Zeit vielleicht zur\u00fcckschrecken, bietet die Regenzeit ihre ganz eigenen Reize, darunter niedrigere Preise, weniger Menschenmassen und die M\u00f6glichkeit, die Malediven in einem ruhigeren Zustand zu erleben.<\/p>\n<p><a href=\"https:\/\/maldives-paradise.com\/de\/jahreszeiten-auf-den-malediven\/\">Jahreszeiten auf den Malediven<\/a><\/p>\n\n\t\t<\/div>\n\t<\/div>\n<\/div><\/div><\/div><\/div>\n<\/div>","protected":false},"excerpt":{"rendered":"<div class=\"mh-excerpt\"><\/div>","protected":false},"author":1,"featured_media":10379,"parent":0,"menu_order":0,"comment_status":"closed","ping_status":"closed","template":"","meta":{"footnotes":""},"class_list":["post-10378","page","type-page","status-publish","has-post-thumbnail"],"aioseo_notices":[],"_links":{"self":[{"href":"http:\/\/maldives-paradise.com\/de\/wp-json\/wp\/v2\/pages\/10378","targetHints":{"allow":["GET"]}}],"collection":[{"href":"http:\/\/maldives-paradise.com\/de\/wp-json\/wp\/v2\/pages"}],"about":[{"href":"http:\/\/maldives-paradise.com\/de\/wp-json\/wp\/v2\/types\/page"}],"author":[{"embeddable":true,"href":"http:\/\/maldives-paradise.com\/de\/wp-json\/wp\/v2\/users\/1"}],"replies":[{"embeddable":true,"href":"http:\/\/maldives-paradise.com\/de\/wp-json\/wp\/v2\/comments?post=10378"}],"version-history":[{"count":2,"href":"http:\/\/maldives-paradise.com\/de\/wp-json\/wp\/v2\/pages\/10378\/revisions"}],"predecessor-version":[{"id":24639,"href":"http:\/\/maldives-paradise.com\/de\/wp-json\/wp\/v2\/pages\/10378\/revisions\/24639"}],"wp:featuredmedia":[{"embeddable":true,"href":"http:\/\/maldives-paradise.com\/de\/wp-json\/wp\/v2\/media\/10379"}],"wp:attachment":[{"href":"http:\/\/maldives-paradise.com\/de\/wp-json\/wp\/v2\/media?parent=10378"}],"curies":[{"name":"wp","href":"https:\/\/api.w.org\/{rel}","templated":true}]}}