{"id":10340,"date":"2024-02-08T19:07:28","date_gmt":"2024-02-08T19:07:28","guid":{"rendered":"http:\/\/maldives-paradise.com\/?page_id=10340"},"modified":"2025-01-06T09:09:08","modified_gmt":"2025-01-06T09:09:08","slug":"beliebte-aktivitaten-auf-den-malediven","status":"publish","type":"page","link":"http:\/\/maldives-paradise.com\/de\/beliebte-aktivitaten-auf-den-malediven\/","title":{"rendered":"Beliebte Aktivit\u00e4ten auf den Malediven"},"content":{"rendered":"<div class=\"wpb-content-wrapper\"><div class=\"vc_row wpb_row vc_row-fluid\"><div class=\"wpb_column vc_column_container vc_col-sm-12\"><div class=\"vc_column-inner\"><div class=\"wpb_wrapper\">\n\t<div  class=\"wpb_single_image wpb_content_element vc_align_left wpb_content_element\">\n\t\t\n\t\t<figure class=\"wpb_wrapper vc_figure\">\n\t\t\t<div class=\"vc_single_image-wrapper   vc_box_border_grey\"><img loading=\"lazy\" decoding=\"async\" width=\"1280\" height=\"850\" src=\"https:\/\/maldives-paradise.com\/wp-content\/uploads\/2024\/02\/atoll-2179281_1280.jpg\" class=\"vc_single_image-img attachment-full\" alt=\"Beliebte Aktivit\u00e4ten\" title=\"atoll-2179281_1280\" srcset=\"https:\/\/maldives-paradise.com\/wp-content\/uploads\/2024\/02\/atoll-2179281_1280.jpg 1280w, https:\/\/maldives-paradise.com\/wp-content\/uploads\/2024\/02\/atoll-2179281_1280-300x199.jpg 300w, https:\/\/maldives-paradise.com\/wp-content\/uploads\/2024\/02\/atoll-2179281_1280-1024x680.jpg 1024w, https:\/\/maldives-paradise.com\/wp-content\/uploads\/2024\/02\/atoll-2179281_1280-768x510.jpg 768w, https:\/\/maldives-paradise.com\/wp-content\/uploads\/2024\/02\/atoll-2179281_1280-18x12.jpg 18w, https:\/\/maldives-paradise.com\/wp-content\/uploads\/2024\/02\/atoll-2179281_1280-500x332.jpg 500w, https:\/\/maldives-paradise.com\/wp-content\/uploads\/2024\/02\/atoll-2179281_1280-800x531.jpg 800w\" sizes=\"auto, (max-width: 1280px) 100vw, 1280px\" \/><\/div>\n\t\t<\/figure>\n\t<\/div>\n<\/div><\/div><\/div><\/div><div class=\"vc_row wpb_row vc_row-fluid\"><div class=\"wpb_column vc_column_container vc_col-sm-12\"><div class=\"vc_column-inner\"><div class=\"wpb_wrapper\">\n\t<div class=\"wpb_text_column wpb_content_element\" >\n\t\t<div class=\"wpb_wrapper\">\n\t\t\t<p>Die Malediven sind mit ihren atemberaubenden Korallenatollen, t\u00fcrkisfarbenem Wasser und palmenges\u00e4umten Str\u00e4nden ein Traumziel f\u00fcr Reisende, die einen unvergleichlichen tropischen Zufluchtsort suchen. Abgesehen von ihrer atemberaubenden Sch\u00f6nheit bieten die Malediven zahlreiche Aktivit\u00e4ten und Erlebnisse, die f\u00fcr jeden Reisenden etwas bieten. Von aufregenden Wassersportarten bis hin zu entspannenden Strandurlauben \u2013 hier sind die beliebtesten Aktivit\u00e4ten auf den Malediven:<\/p>\n<p><strong>Schnorcheln und Tauchen:<\/strong><\/p>\n<p>Die Malediven sind bekannt f\u00fcr ihre lebendigen Korallenriffe und die vielf\u00e4ltige Unterwasserwelt, was sie zu einem Paradies f\u00fcr Schnorchler und Taucher macht. Erkunden Sie Unterwasserg\u00e4rten voller farbenfroher Fische, majest\u00e4tischer Mantarochen und anmutiger Meeresschildkr\u00f6ten. Mit zahlreichen Tauchpl\u00e4tzen im gesamten Archipel, darunter ber\u00fchmte Orte wie Maaya Thila und Fish Head, mangelt es nicht an Unterwasserwundern, die es zu entdecken gilt.<\/p>\n<p><strong>Wassersport:<br \/>\n<\/strong><br \/>\nF\u00fcr Adrenalin-Junkies und Wassersportler bieten die Malediven eine gro\u00dfe Auswahl an Aktivit\u00e4ten, die Ihr Herz h\u00f6her schlagen lassen. Versuchen Sie sich im Windsurfen, Kitesurfen oder Parasailing und erleben Sie den Nervenkitzel, \u00fcber das kristallklare Wasser des Indischen Ozeans zu gleiten. Kajakfahren, Paddleboarding und Jetskifahren sind ebenfalls beliebte Optionen f\u00fcr diejenigen, die die Lagunen und Mangrovenw\u00e4lder der Insel erkunden m\u00f6chten.<\/p>\n<p><strong>Sonnenuntergangskreuzfahrten:<\/strong><\/p>\n<p>Es gibt kaum ein Erlebnis, das damit vergleichbar ist, den Sonnenuntergang \u00fcber dem maledivischen Horizont vom Deck eines traditionellen Dhoni-Bootes aus zu beobachten. Kreuzfahrten bei Sonnenuntergang bieten die perfekte Gelegenheit zum Entspannen und Erholen, w\u00e4hrend Sie die atemberaubende Sch\u00f6nheit der Inseln genie\u00dfen. Nippen Sie an einem erfrischenden Cocktail, sp\u00fcren Sie die sanfte Meeresbrise auf Ihrer Haut und erleben Sie das spektakul\u00e4re Schauspiel der Natur, w\u00e4hrend der Himmel in den Farben Orange, Rosa und Lila erstrahlt.<\/p>\n<p><strong>Inselh\u00fcpfen:<\/strong><\/p>\n<p>Mit \u00fcber 1.000 \u00fcber die Malediven verstreuten Inseln ist Inselh\u00fcpfen ein Muss f\u00fcr Besucher, die die vielf\u00e4ltigen Landschaften und Kulturen des Archipels erkunden m\u00f6chten. Steigen Sie an Bord eines Schnellboots oder Wasserflugzeugs und begeben Sie sich auf eine Reise zu unbewohnten Inseln, lokalen Fischerd\u00f6rfern und Luxusresorts. Jede Insel bietet ihren ganz eigenen Charme, von unber\u00fchrten Str\u00e4nden und \u00fcppiger Vegetation bis hin zu lebhaften Korallenriffen und kristallklaren Lagunen.<\/p>\n<p><strong>Spa-Retreats:<\/strong><\/p>\n<p>G\u00f6nnen Sie sich nach einem Tag voller Erkundungen der Naturwunder der Malediven ein erholsames Spa-Erlebnis in einem der Weltklasse-Resorts der Insel. G\u00f6nnen Sie sich luxuri\u00f6se Behandlungen, die von traditionellen maledivischen Ritualen inspiriert sind, wie zum Beispiel Kokosnuss-Massagen, Meersalz-Peelings und aromatische Blumenb\u00e4der. Auf den Malediven f\u00e4llt die Entspannung leicht, denn das beruhigende Rauschen des Ozeans und die sanfte Meeresbrise schaffen die perfekte Atmosph\u00e4re zum ultimativen Verw\u00f6hnen.<\/p>\n<p><strong>Delfinbeobachtung:<\/strong><\/p>\n<p>Keine Reise auf die Malediven ist vollst\u00e4ndig, ohne die verspielten Possen der dort ans\u00e4ssigen Spinnerdelfine mitzuerleben. Nehmen Sie an einem Ausflug zur Delfinbeobachtung teil und machen Sie sich auf die Suche nach diesen charismatischen Meeress\u00e4ugern, die durch die Wellen herumtollen und springen. Egal, ob Sie bei Sonnenuntergang oder Sonnenaufgang kreuzen, der Anblick der tanzenden Delfine im warmen Wasser des Indischen Ozeans hinterl\u00e4sst mit Sicherheit einen bleibenden Eindruck.<\/p>\n<p><strong>Abschluss:<\/strong><\/p>\n<p>Von Unterwasserabenteuern bis hin zu Kreuzfahrten bei Sonnenuntergang und Spa-Retreats bieten die Malediven eine F\u00fclle von Erlebnissen, die den W\u00fcnschen jedes Reisenden gerecht werden. Egal, ob Sie auf der Suche nach Nervenkitzel, Entspannung oder kulturellem Eintauchen sind, dieses tropische Paradies hat f\u00fcr jeden etwas zu bieten. Packen Sie also Ihre Koffer, begeben Sie sich auf ein Abenteuer und entdecken Sie den Zauber der Malediven selbst.<\/p>\n\n\t\t<\/div>\n\t<\/div>\n<\/div><\/div><\/div><\/div><div class=\"vc_row wpb_row vc_row-fluid\"><div class=\"wpb_column vc_column_container vc_col-sm-12\"><div class=\"vc_column-inner\"><div class=\"wpb_wrapper\">\n\t<div class=\"wpb_text_column wpb_content_element\" >\n\t\t<div class=\"wpb_wrapper\">\n\t\t\t<p><a title=\"Beste Tauchpl\u00e4tze auf den Malediven\" href=\"https:\/\/maldives-paradise.com\/de\/2024\/01\/beste-tauchplatze-auf-den-malediven\/\"><strong>Beste Tauchpl\u00e4tze auf den Malediven<\/strong><\/a><\/p>\n\n\t\t<\/div>\n\t<\/div>\n<\/div><\/div><\/div><\/div>\n<\/div>","protected":false},"excerpt":{"rendered":"<div class=\"mh-excerpt\"><\/div>","protected":false},"author":1,"featured_media":10341,"parent":0,"menu_order":0,"comment_status":"closed","ping_status":"closed","template":"","meta":{"footnotes":""},"class_list":["post-10340","page","type-page","status-publish","has-post-thumbnail"],"aioseo_notices":[],"_links":{"self":[{"href":"http:\/\/maldives-paradise.com\/de\/wp-json\/wp\/v2\/pages\/10340","targetHints":{"allow":["GET"]}}],"collection":[{"href":"http:\/\/maldives-paradise.com\/de\/wp-json\/wp\/v2\/pages"}],"about":[{"href":"http:\/\/maldives-paradise.com\/de\/wp-json\/wp\/v2\/types\/page"}],"author":[{"embeddable":true,"href":"http:\/\/maldives-paradise.com\/de\/wp-json\/wp\/v2\/users\/1"}],"replies":[{"embeddable":true,"href":"http:\/\/maldives-paradise.com\/de\/wp-json\/wp\/v2\/comments?post=10340"}],"version-history":[{"count":6,"href":"http:\/\/maldives-paradise.com\/de\/wp-json\/wp\/v2\/pages\/10340\/revisions"}],"predecessor-version":[{"id":32109,"href":"http:\/\/maldives-paradise.com\/de\/wp-json\/wp\/v2\/pages\/10340\/revisions\/32109"}],"wp:featuredmedia":[{"embeddable":true,"href":"http:\/\/maldives-paradise.com\/de\/wp-json\/wp\/v2\/media\/10341"}],"wp:attachment":[{"href":"http:\/\/maldives-paradise.com\/de\/wp-json\/wp\/v2\/media?parent=10340"}],"curies":[{"name":"wp","href":"https:\/\/api.w.org\/{rel}","templated":true}]}}