{"id":10316,"date":"2024-02-08T06:52:54","date_gmt":"2024-02-08T06:52:54","guid":{"rendered":"http:\/\/maldives-paradise.com\/?page_id=10316"},"modified":"2024-02-08T06:52:54","modified_gmt":"2024-02-08T06:52:54","slug":"reethi-strandresort","status":"publish","type":"page","link":"http:\/\/maldives-paradise.com\/de\/reethi-strandresort\/","title":{"rendered":"Reethi Beach Resort"},"content":{"rendered":"<div class=\"wpb-content-wrapper\"><div class=\"vc_row wpb_row vc_row-fluid\"><div class=\"wpb_column vc_column_container vc_col-sm-12\"><div class=\"vc_column-inner\"><div class=\"wpb_wrapper\">\n\t<div class=\"wpb_text_column wpb_content_element\" >\n\t\t<div class=\"wpb_wrapper\">\n\t\t\t<h3>Reethi Beach Resort: Ihr Tor zum Paradies<\/h3>\n\n\t\t<\/div>\n\t<\/div>\n<\/div><\/div><\/div><\/div><div class=\"vc_row wpb_row vc_row-fluid\"><div class=\"wpb_column vc_column_container vc_col-sm-12\"><div class=\"vc_column-inner\"><div class=\"wpb_wrapper\">\n\t<div class=\"wpb_video_widget wpb_content_element vc_clearfix   vc_video-aspect-ratio-169 vc_video-el-width-100 vc_video-align-left\" >\n\t\t<div class=\"wpb_wrapper\">\n\t\t\t\n\t\t\t<div class=\"wpb_video_wrapper\"><iframe loading=\"lazy\" title=\"WILLKOMMEN AM REETHI BEACH\" width=\"500\" height=\"281\" src=\"https:\/\/www.youtube.com\/embed\/3GYrAkbyxW0?feature=oembed\" frameborder=\"0\" allow=\"accelerometer; autoplay; clipboard-write; encrypted-media; gyroscope; picture-in-picture; web-share\" allowfullscreen><\/iframe><\/div>\n\t\t<\/div>\n\t<\/div>\n<\/div><\/div><\/div><\/div><div class=\"vc_row wpb_row vc_row-fluid\"><div class=\"wpb_column vc_column_container vc_col-sm-12\"><div class=\"vc_column-inner\"><div class=\"wpb_wrapper\">\n\t<div class=\"wpb_text_column wpb_content_element\" >\n\t\t<div class=\"wpb_wrapper\">\n\t\t\t<p>Die Malediven, bekannt f\u00fcr ihre exquisiten Korallenatolle, unber\u00fchrten Str\u00e4nde und t\u00fcrkisfarbenes Wasser, sind ein Traumziel f\u00fcr Reisende, die den perfekten tropischen Urlaub suchen. Inmitten dieses bezaubernden Archipels liegt <strong>Reethi Beach Resort<\/strong>, eine ruhige Oase, die eine au\u00dfergew\u00f6hnliche Mischung aus Luxus, Entspannung und maledivischem Charme bietet.<\/p>\n<p><strong>Lage und Erreichbarkeit<\/strong><\/p>\n<p>Das Reethi Beach Resort liegt ideal auf der Insel Fonimagoodhoo im Baa-Atoll, einem UNESCO-Biosph\u00e4renreservat. Dieses tropische Paradies ist bequem mit dem Wasserflugzeug in 35 Minuten vom internationalen Flughafen Velana aus zu erreichen. Dank dieses nahtlosen und malerischen Flugs k\u00f6nnen die G\u00e4ste ihr maledivisches Abenteuer gleich nach ihrer Ankunft beginnen.<\/p>\n<p><strong>Unterkunft<\/strong><\/p>\n<p>Das Resort bietet eine Reihe luxuri\u00f6ser Unterkunftsm\u00f6glichkeiten, die alle sorgf\u00e4ltig gestaltet sind, um die perfekte Mischung aus Komfort und modernem Luxus zu bieten. Von eleganten Strandvillen bis hin zu exquisiten \u00dcberwasserbungalows k\u00f6nnen die G\u00e4ste ihren idealen R\u00fcckzugsort ausw\u00e4hlen. Die \u00dcberwasserbungalows bieten direkten Zugang zur azurblauen Lagune und lassen Sie in die bezaubernde Sch\u00f6nheit des Indischen Ozeans eintauchen.<\/p>\n<p><strong>Essen<\/strong><\/p>\n<p>Das Reethi Beach Resort verw\u00f6hnt Ihren Gaumen mit einer vielf\u00e4ltigen Auswahl an kulinarischen Erlebnissen. Das Hauptrestaurant des Resorts, Reethi Grill, bietet eine k\u00f6stliche Mischung aus internationaler und maledivischer K\u00fcche. Im Spezialit\u00e4tenrestaurant Saima Garden k\u00f6nnen Sie sich auch asiatisch inspirierte Gerichte g\u00f6nnen. Mit dem Engagement f\u00fcr exquisite K\u00fcche ist jede Mahlzeit im Resort ein kulinarisches Abenteuer.<\/p>\n<p><strong>Aktivit\u00e4ten und Abenteuer<\/strong><\/p>\n<p>Egal, ob Sie Abenteuerlustiger sind oder Entspannung suchen, das Resort bietet Aktivit\u00e4ten f\u00fcr jeden Geschmack. Erkunden Sie die lebendige Unterwasserwelt beim Schnorcheln und Tauchen. Probieren Sie verschiedene Wassersportarten wie Windsurfen, Kajakfahren und Paddeln aus. F\u00fcr diejenigen, die Entspannung suchen, bietet das Spa des Resorts eine Reihe von regenerierenden Behandlungen und Wellnessaktivit\u00e4ten.<\/p>\n<p><strong>Nachhaltigkeit und Naturschutz<\/strong><\/p>\n<p>Das Reethi Beach Resort engagiert sich stark f\u00fcr nachhaltige Praktiken und den Schutz der Meere. Das Resort beteiligt sich aktiv an Initiativen zur Korallenrestaurierung, Meeresreinigungsma\u00dfnahmen und unterst\u00fctzt lokale Umweltinitiativen. Die G\u00e4ste werden ermutigt, sich an diesen Aktivit\u00e4ten zu beteiligen und so einen positiven Beitrag zum Schutz des wertvollen Meeres\u00f6kosystems der Malediven zu leisten.<\/p>\n<p><strong>Einzigartige Erlebnisse<\/strong><\/p>\n<p>Um Ihren Aufenthalt wirklich besonders zu machen, bietet das Resort einzigartige Erlebnisse wie Sonnenuntergangskreuzfahrten, Delfinbeobachtungen und gef\u00fchrte Schnorchelausfl\u00fcge zu nahegelegenen Korallenriffen. Ob Sie in die lokale Kultur eintauchen, atemberaubende Sonnenunterg\u00e4nge erleben oder einfach im Paradies entspannen m\u00f6chten, das Reethi Beach Resort sorgt daf\u00fcr, dass f\u00fcr jeden etwas dabei ist.<\/p>\n<p><strong>Abschluss<\/strong><\/p>\n<p>Zusammenfassend l\u00e4sst sich sagen, dass das Reethi Beach Resort ein tropisches Refugium ist, das einen au\u00dfergew\u00f6hnlichen Urlaub verspricht. Seine idyllische Lage, die luxuri\u00f6sen Unterk\u00fcnfte, die abwechslungsreiche K\u00fcche und das Engagement f\u00fcr Nachhaltigkeit machen es zur idealen Wahl f\u00fcr Reisende, die Entspannung und Abenteuer suchen. Egal, ob Sie einen besonderen Anlass feiern oder einen erholsamen Urlaub verbringen m\u00f6chten, das Reethi Beach Resort bietet ein Erlebnis, das wertvolle Erinnerungen schafft. Buchen Sie Ihren Aufenthalt noch heute und begeben Sie sich auf eine unvergessliche Reise ins Paradies auf den Malediven.<\/p>\n\n\t\t<\/div>\n\t<\/div>\n<\/div><\/div><\/div><\/div><div class=\"vc_row wpb_row vc_row-fluid\"><div class=\"wpb_column vc_column_container vc_col-sm-12\"><div class=\"vc_column-inner\"><div class=\"wpb_wrapper\"><div class=\"vc_btn3-container vc_btn3-inline vc_do_btn\" ><a class=\"vc_general vc_btn3 vc_btn3-size-lg vc_btn3-shape-rounded vc_btn3-style-modern vc_btn3-color-danger\" href=\"https:\/\/lamp.glopss.com\/aff_c?offer_id=366&#038;aff_id=1834&#038;url=https%3A%2F%2Fwww.reethibeach.com%2F%3Futm_source%3Dglopss%26utm_medium%3Dpartners%26utm_content%3Dcountry_code\" title=\"\" target=\"_blank\">Lesen Sie hier mehr und buchen Sie zum besten Preis &gt;&gt;<\/a><\/div><\/div><\/div><\/div><\/div>\n<\/div>","protected":false},"excerpt":{"rendered":"<div class=\"mh-excerpt\"><\/div>","protected":false},"author":1,"featured_media":10317,"parent":0,"menu_order":0,"comment_status":"closed","ping_status":"closed","template":"","meta":{"footnotes":""},"class_list":["post-10316","page","type-page","status-publish","has-post-thumbnail"],"aioseo_notices":[],"_links":{"self":[{"href":"http:\/\/maldives-paradise.com\/de\/wp-json\/wp\/v2\/pages\/10316","targetHints":{"allow":["GET"]}}],"collection":[{"href":"http:\/\/maldives-paradise.com\/de\/wp-json\/wp\/v2\/pages"}],"about":[{"href":"http:\/\/maldives-paradise.com\/de\/wp-json\/wp\/v2\/types\/page"}],"author":[{"embeddable":true,"href":"http:\/\/maldives-paradise.com\/de\/wp-json\/wp\/v2\/users\/1"}],"replies":[{"embeddable":true,"href":"http:\/\/maldives-paradise.com\/de\/wp-json\/wp\/v2\/comments?post=10316"}],"version-history":[{"count":2,"href":"http:\/\/maldives-paradise.com\/de\/wp-json\/wp\/v2\/pages\/10316\/revisions"}],"predecessor-version":[{"id":10319,"href":"http:\/\/maldives-paradise.com\/de\/wp-json\/wp\/v2\/pages\/10316\/revisions\/10319"}],"wp:featuredmedia":[{"embeddable":true,"href":"http:\/\/maldives-paradise.com\/de\/wp-json\/wp\/v2\/media\/10317"}],"wp:attachment":[{"href":"http:\/\/maldives-paradise.com\/de\/wp-json\/wp\/v2\/media?parent=10316"}],"curies":[{"name":"wp","href":"https:\/\/api.w.org\/{rel}","templated":true}]}}