{"id":10248,"date":"2024-02-06T17:56:03","date_gmt":"2024-02-06T17:56:03","guid":{"rendered":"http:\/\/maldives-paradise.com\/?page_id=10248"},"modified":"2025-10-10T14:09:23","modified_gmt":"2025-10-10T14:09:23","slug":"nakai-alimatha-resort-malediven","status":"publish","type":"page","link":"http:\/\/maldives-paradise.com\/de\/nakai-alimatha-resort-malediven\/","title":{"rendered":"Nakai Alimath\u00e0 Resort Malediven"},"content":{"rendered":"<div class=\"wpb-content-wrapper\"><div class=\"vc_row wpb_row vc_row-fluid\"><div class=\"wpb_column vc_column_container vc_col-sm-12\"><div class=\"vc_column-inner\"><div class=\"wpb_wrapper\">\n\t<div class=\"wpb_text_column wpb_content_element\" >\n\t\t<div class=\"wpb_wrapper\">\n\t\t\t<h3>Nakai Alimath\u00e0 Resort Maldives: Ein einzigartiges Paradies im Indischen Ozean<\/h3>\n\n\t\t<\/div>\n\t<\/div>\n<\/div><\/div><\/div><\/div><div class=\"vc_row wpb_row vc_row-fluid\"><div class=\"wpb_column vc_column_container vc_col-sm-12\"><div class=\"vc_column-inner\"><div class=\"wpb_wrapper\">\n\t<div class=\"wpb_video_widget wpb_content_element vc_clearfix   vc_video-aspect-ratio-169 vc_video-el-width-100 vc_video-align-left\" >\n\t\t<div class=\"wpb_wrapper\">\n\t\t\t\n\t\t\t<div class=\"wpb_video_wrapper\"><iframe loading=\"lazy\" title=\"NAKAI Alimath\u00e0 Resort \u2013 Ein kleiner Urlaub in Paradiso\" width=\"500\" height=\"281\" src=\"https:\/\/www.youtube.com\/embed\/LSL8uL2IHEU?feature=oembed\" frameborder=\"0\" allow=\"accelerometer; autoplay; clipboard-write; encrypted-media; gyroscope; picture-in-picture; web-share\" allowfullscreen><\/iframe><\/div>\n\t\t<\/div>\n\t<\/div>\n<\/div><\/div><\/div><\/div><div class=\"vc_row wpb_row vc_row-fluid\"><div class=\"wpb_column vc_column_container vc_col-sm-12\"><div class=\"vc_column-inner\"><div class=\"wpb_wrapper\">\n\t<div class=\"wpb_text_column wpb_content_element\" >\n\t\t<div class=\"wpb_wrapper\">\n\t\t\t<p>Die Malediven, bekannt f\u00fcr ihre unber\u00fchrten Str\u00e4nde und ihr pulsierendes Meeresleben, sind ein Traumziel f\u00fcr Reisende, die den perfekten tropischen Kurzurlaub suchen. Inmitten dieses atemberaubenden Archipels liegt <strong>Nakai Alimath\u00e0 Resort<\/strong>, ein verstecktes Juwel, das eine unverwechselbare Mischung aus Entspannung, Abenteuer und maledivischem Charme bietet.<\/p>\n<p><strong>Lage und Erreichbarkeit<\/strong><\/p>\n<p>Das Nakai Alimatha Resort liegt strategisch g\u00fcnstig auf der Insel Alimath\u00e0 im Vaavu-Atoll. Um dieses abgeschiedene Paradies zu erreichen, k\u00f6nnen G\u00e4ste einen 30-min\u00fctigen Inlandsflug vom internationalen Flughafen Velana zum internationalen Flughafen Gan nehmen und anschlie\u00dfend mit dem Schnellboot in 20 Minuten zum Resort fahren. Schon die Fahrt selbst ist eine Einf\u00fchrung in die nat\u00fcrliche Sch\u00f6nheit der Malediven und gibt den Ton f\u00fcr Ihren tropischen Urlaub an.<\/p>\n<p><strong>Strandbungalows und \u00dcberwasservillen<\/strong><\/p>\n<p>Das Resort bietet eine Reihe komfortabler und gut ausgestatteter Unterkunftsm\u00f6glichkeiten. Von Strandbungalows bis hin zu \u00dcberwasservillen ist jede Einheit so gestaltet, dass sie die perfekte Mischung aus Komfort und modernem Luxus bietet. Insbesondere die \u00dcberwasservillen bieten direkten Zugang zur kristallklaren Lagune, sodass Sie in die Sch\u00f6nheit des Indischen Ozeans eintauchen k\u00f6nnen.<\/p>\n<p><strong>Essen<\/strong><\/p>\n<p>Das Nakai Alimath\u00e0 Resort verw\u00f6hnt Ihren Gaumen mit einer k\u00f6stlichen Auswahl an kulinarischen Erlebnissen. Das Hauptrestaurant des Resorts, Falhu, serviert eine k\u00f6stliche Mischung aus internationaler und maledivischer K\u00fcche. G\u00e4ste k\u00f6nnen auch asiatische Fusion-Gerichte im Dhonakulhi genie\u00dfen, dem Spezialit\u00e4tenrestaurant des Resorts. Egal, ob Sie internationale Aromen oder lokale Spezialit\u00e4ten genie\u00dfen m\u00f6chten, das kulinarische Angebot des Resorts wird Ihren Gaumen mit Sicherheit zufriedenstellen.<\/p>\n<p><strong>Aktivit\u00e4ten und Abenteuer<\/strong><\/p>\n<p>Abenteuerlustige und Entspannungsliebhaber finden im Nakai Alimath\u00e0 Resort eine F\u00fclle von Aktivit\u00e4ten. Erkunden Sie die lebendige Unterwasserwelt beim Schnorcheln und Tauchen. Probieren Sie verschiedene Wassersportarten wie Windsurfen, Kajakfahren und Paddeln aus. F\u00fcr diejenigen, die Entspannung suchen, bietet das Spa des Resorts eine Reihe von regenerierenden Behandlungen und Wellnessaktivit\u00e4ten.<\/p>\n<p><strong>Nachhaltigkeit und Naturschutz<\/strong><\/p>\n<p>Das Resort engagiert sich stark f\u00fcr nachhaltige Praktiken und den Schutz der Meere. Das Nakai Alimath\u00e0 Resort beteiligt sich aktiv an Initiativen zur Korallenrestaurierung, Meeresreinigungsma\u00dfnahmen und unterst\u00fctzt lokale Umweltinitiativen. G\u00e4ste werden ermutigt, an diesen Aktivit\u00e4ten teilzunehmen und so einen positiven Beitrag zum Schutz des wertvollen Meeres\u00f6kosystems der Malediven zu leisten.<\/p>\n<p><strong>Einzigartige Erlebnisse<\/strong><\/p>\n<p>Um Ihren Aufenthalt wirklich besonders zu machen, bietet das Resort einzigartige Erlebnisse wie Angeln bei Sonnenuntergang, Inselhopping und gef\u00fchrte Schnorchelausfl\u00fcge zu nahegelegenen Korallenriffen. Ob Sie in die lokale Kultur eintauchen, atemberaubende Sonnenunterg\u00e4nge erleben oder einfach im Paradies entspannen m\u00f6chten, das Nakai Alimath\u00e0 Resort sorgt daf\u00fcr, dass f\u00fcr jeden etwas dabei ist.<\/p>\n<p><strong>Abschluss<\/strong><\/p>\n<p>Zusammenfassend l\u00e4sst sich sagen, dass das Nakai Alimath\u00e0 Resort ein verstecktes tropisches Juwel ist, das einen au\u00dfergew\u00f6hnlichen Urlaub verspricht. Seine abgelegene Lage, die komfortablen Unterk\u00fcnfte, die abwechslungsreiche K\u00fcche und das Engagement f\u00fcr Nachhaltigkeit machen es zur idealen Wahl f\u00fcr Reisende, die Entspannung und Abenteuer suchen. Egal, ob Sie einen besonderen Anlass feiern oder einen erholsamen Kurzurlaub suchen, das Nakai Alimath\u00e0 Resort bietet ein Erlebnis, das wertvolle Erinnerungen schafft. Buchen Sie Ihren Aufenthalt noch heute und begeben Sie sich auf eine unvergessliche Reise ins Paradies auf den Malediven.<\/p>\n\n\t\t<\/div>\n\t<\/div>\n<\/div><\/div><\/div><\/div><div class=\"vc_row wpb_row vc_row-fluid\"><div class=\"wpb_column vc_column_container vc_col-sm-12\"><div class=\"vc_column-inner\"><div class=\"wpb_wrapper\">\n\t<div class=\"wpb_text_column wpb_content_element\" >\n\t\t<div class=\"wpb_wrapper\">\n\t\t\t<h3><a title=\"Nakai Alimatha Resort\" href=\"https:\/\/trip.tpo.lv\/trGfhPM3\" target=\"blanc2\" rel=\"nofollow\">\u00dcberpr\u00fcfen Sie hier die Verf\u00fcgbarkeit und den besten Preis im Nakai Alimatha Resort &gt;&gt;<\/a><\/h3>\n\n\t\t<\/div>\n\t<\/div>\n<\/div><\/div><\/div><\/div>\n<\/div>","protected":false},"excerpt":{"rendered":"<div class=\"mh-excerpt\"><\/div>","protected":false},"author":1,"featured_media":10249,"parent":0,"menu_order":0,"comment_status":"closed","ping_status":"closed","template":"","meta":{"footnotes":""},"class_list":["post-10248","page","type-page","status-publish","has-post-thumbnail"],"aioseo_notices":[],"_links":{"self":[{"href":"http:\/\/maldives-paradise.com\/de\/wp-json\/wp\/v2\/pages\/10248","targetHints":{"allow":["GET"]}}],"collection":[{"href":"http:\/\/maldives-paradise.com\/de\/wp-json\/wp\/v2\/pages"}],"about":[{"href":"http:\/\/maldives-paradise.com\/de\/wp-json\/wp\/v2\/types\/page"}],"author":[{"embeddable":true,"href":"http:\/\/maldives-paradise.com\/de\/wp-json\/wp\/v2\/users\/1"}],"replies":[{"embeddable":true,"href":"http:\/\/maldives-paradise.com\/de\/wp-json\/wp\/v2\/comments?post=10248"}],"version-history":[{"count":3,"href":"http:\/\/maldives-paradise.com\/de\/wp-json\/wp\/v2\/pages\/10248\/revisions"}],"predecessor-version":[{"id":43471,"href":"http:\/\/maldives-paradise.com\/de\/wp-json\/wp\/v2\/pages\/10248\/revisions\/43471"}],"wp:featuredmedia":[{"embeddable":true,"href":"http:\/\/maldives-paradise.com\/de\/wp-json\/wp\/v2\/media\/10249"}],"wp:attachment":[{"href":"http:\/\/maldives-paradise.com\/de\/wp-json\/wp\/v2\/media?parent=10248"}],"curies":[{"name":"wp","href":"https:\/\/api.w.org\/{rel}","templated":true}]}}